{"id":26777,"date":"2023-02-09T17:05:51","date_gmt":"2023-02-09T16:05:51","guid":{"rendered":"https:\/\/www.exenia.eu\/nachhaltigkeit\/sustainable-company\/"},"modified":"2023-04-19T14:04:40","modified_gmt":"2023-04-19T12:04:40","slug":"sustainable-company","status":"publish","type":"page","link":"https:\/\/restyling.exenia.eu\/de\/nachhaltigkeit\/sustainable-company\/","title":{"rendered":"Sustainable Company"},"content":{"rendered":"\t\t<div data-elementor-type=\"wp-page\" data-elementor-id=\"26777\" class=\"elementor elementor-26777 elementor-25953\" wpc-filter-elementor-widget=\"1\" data-elementor-post-type=\"page\">\n\t\t\t\t\t\t<section class=\"elementor-section elementor-top-section elementor-element elementor-element-18a4bfb elementor-section-full_width elementor-section-height-default elementor-section-height-default\" data-id=\"18a4bfb\" data-element_type=\"section\" data-e-type=\"section\">\n\t\t\t\t\t\t<div class=\"elementor-container elementor-column-gap-default\">\n\t\t\t\t\t<div class=\"elementor-column elementor-col-50 elementor-top-column elementor-element elementor-element-2c3ef64\" data-id=\"2c3ef64\" data-element_type=\"column\" data-e-type=\"column\">\n\t\t\t<div class=\"elementor-widget-wrap elementor-element-populated\">\n\t\t\t\t\t\t<div class=\"elementor-element elementor-element-3d207a8 elementor-widget elementor-widget-image\" data-id=\"3d207a8\" data-element_type=\"widget\" data-e-type=\"widget\" data-widget_type=\"image.default\">\n\t\t\t\t<div class=\"elementor-widget-container\">\n\t\t\t\t\t\t\t\t\t\t\t\t\t\t\t<img fetchpriority=\"high\" decoding=\"async\" width=\"300\" height=\"185\" src=\"https:\/\/restyling.exenia.eu\/wp-content\/uploads\/2023\/02\/banner1-300x185.jpg\" class=\"attachment-medium size-medium wp-image-25961\" alt=\"\" srcset=\"https:\/\/restyling.exenia.eu\/wp-content\/uploads\/2023\/02\/banner1-300x185.jpg 300w, https:\/\/restyling.exenia.eu\/wp-content\/uploads\/2023\/02\/banner1.jpg 582w\" sizes=\"(max-width: 300px) 100vw, 300px\" \/>\t\t\t\t\t\t\t\t\t\t\t\t\t\t\t<\/div>\n\t\t\t\t<\/div>\n\t\t\t\t\t<\/div>\n\t\t<\/div>\n\t\t\t\t<div class=\"elementor-column elementor-col-50 elementor-top-column elementor-element elementor-element-7161f9f\" data-id=\"7161f9f\" data-element_type=\"column\" data-e-type=\"column\">\n\t\t\t<div class=\"elementor-widget-wrap elementor-element-populated\">\n\t\t\t\t\t\t<div class=\"elementor-element elementor-element-250bc44 elementor-widget elementor-widget-image\" data-id=\"250bc44\" data-element_type=\"widget\" data-e-type=\"widget\" data-widget_type=\"image.default\">\n\t\t\t\t<div class=\"elementor-widget-container\">\n\t\t\t\t\t\t\t\t\t\t\t\t\t\t\t<img decoding=\"async\" width=\"300\" height=\"185\" src=\"https:\/\/restyling.exenia.eu\/wp-content\/uploads\/2023\/02\/banner1-hover-300x185.jpg\" class=\"attachment-medium size-medium wp-image-25981\" alt=\"\" srcset=\"https:\/\/restyling.exenia.eu\/wp-content\/uploads\/2023\/02\/banner1-hover-300x185.jpg 300w, https:\/\/restyling.exenia.eu\/wp-content\/uploads\/2023\/02\/banner1-hover.jpg 582w\" sizes=\"(max-width: 300px) 100vw, 300px\" \/>\t\t\t\t\t\t\t\t\t\t\t\t\t\t\t<\/div>\n\t\t\t\t<\/div>\n\t\t\t\t\t<\/div>\n\t\t<\/div>\n\t\t\t\t\t<\/div>\n\t\t<\/section>\n\t\t\t\t<section class=\"elementor-section elementor-top-section elementor-element elementor-element-bfc7747 elementor-section-full_width elementor-section-height-default elementor-section-height-default\" data-id=\"bfc7747\" data-element_type=\"section\" data-e-type=\"section\">\n\t\t\t\t\t\t<div class=\"elementor-container elementor-column-gap-default\">\n\t\t\t\t\t<div class=\"elementor-column elementor-col-50 elementor-top-column elementor-element elementor-element-64d7bd1\" data-id=\"64d7bd1\" data-element_type=\"column\" data-e-type=\"column\">\n\t\t\t<div class=\"elementor-widget-wrap elementor-element-populated\">\n\t\t\t\t\t\t<div class=\"elementor-element elementor-element-fd0a680 elementor-widget elementor-widget-text-editor\" data-id=\"fd0a680\" data-element_type=\"widget\" data-e-type=\"widget\" data-widget_type=\"text-editor.default\">\n\t\t\t\t<div class=\"elementor-widget-container\">\n\t\t\t\t\t\t\t\t\t<div><p><span style=\"font-size: 14.4px;\"><b>Fotovoltaik<\/b><\/span><\/p><p><span style=\"font-size: 14.4px;\">Die Stromerzeugung aus erneuerbaren Energiequellen, wie <b>Fotovoltaik<\/b>, hat extrem positive Auswirkungen auf die Umwelt. Der Einsatz einer solchen Anlage f\u00fchrt durch die Erzeugung von sauberer und emissionsfreier Energie zu <b>\u00f6kologischer Nachhaltigkeit<\/b>.<\/span><\/p><p><span style=\"font-size: 14.4px;\"><b>Exenia <\/b>ist stolz darauf, seine CO2-Emissionen um 286,397.52 t gesenkt zu haben. M\u00f6glich war dies durch den Einsatz eine Fotovoltaikanlage auf dem Dach des Unternehmens, mit dem wir unabh\u00e4ngig sind und die von uns verwendete Energie selbst erzeugen.<\/span><\/p><p><span style=\"font-size: 14.4px;\">Wir m\u00f6chten den Einsatz des Unternehmens f\u00fcr die Entwicklung einer nachhaltigen Solarindustrie durch anerkannte <b>Kreislauftechnologien sicherstellen <\/b>und uns in den Bereichen Qualit\u00e4t und Umweltfreundlichkeit kontinuierlich verbessern.<\/span><\/p><p><span style=\"font-size: 14.4px;\">Wir m\u00fcssen uns immer daran erinnern, dass der Schutz des Planeten ein gemeinsamer Kampf ist, in denen wir alle involviert sind.<\/span><\/p><div>\u00a0<\/div><p><span style=\"text-align: var(--bs-body-text-align); font-size: 14.4px;\"><b>Lades\u00e4ulen<\/b><\/span><\/p><p><span style=\"font-size: 14.4px;\">Um die nachhaltige Mobilit\u00e4t zu f\u00f6rdern, verf\u00fcgt Exenia auf dem Unternehmensgel\u00e4nde \u00fcber Lades\u00e4ulen, die sowohl von den eigenen Besch\u00e4ftigten als auch von den Kunden genutzt werden k\u00f6nnen.<\/span><\/p><p>\u00a0<\/p><p><span style=\"font-size: 14.4px;\">Elektromobilit\u00e4t wird immer aktueller und wir wollten unseren Teil dazu beitragen, diesen Dienst anzubieten.<\/span><\/p><div>\u00a0<\/div><\/div>\t\t\t\t\t\t\t\t<\/div>\n\t\t\t\t<\/div>\n\t\t\t\t\t<\/div>\n\t\t<\/div>\n\t\t\t\t<div class=\"elementor-column elementor-col-50 elementor-top-column elementor-element elementor-element-6ed4d04\" data-id=\"6ed4d04\" data-element_type=\"column\" data-e-type=\"column\">\n\t\t\t<div class=\"elementor-widget-wrap elementor-element-populated\">\n\t\t\t\t\t\t<div class=\"elementor-element elementor-element-a068164 elementor-widget elementor-widget-text-editor\" data-id=\"a068164\" data-element_type=\"widget\" data-e-type=\"widget\" data-widget_type=\"text-editor.default\">\n\t\t\t\t<div class=\"elementor-widget-container\">\n\t\t\t\t\t\t\t\t\t<div>\n<p><span style=\"font-size: 14.4px;\"><b>Entsorgung von Abf\u00e4llen, \u00dcbersch\u00fcssen, Wasser<\/b><\/span><\/p>\n<p><span style=\"font-size: 14.4px;\">Neben den spezifischen bei der Produktion anfallenden Abf\u00e4llen legen wir ein besonderes Augenmerk auf die korrekte Entsorgung einiger Abfallarten, die in jedem B\u00fcro in gro\u00dfen Mengen anfallen, wie beispielsweise Toner oder andere Verbrauchsmaterialien.<\/span><\/p>\n<p><span style=\"font-size: 14.4px;\">Es ist uns bewusst, dass die Kenntnis der M\u00fclltrennung in B\u00fcros und in Arbeits geben nur ein erster Schritt im Prozess des Abfallmanagements ist.<\/span><\/p>\n<p><span style=\"font-size: 14.4px;\">Ein wichtiger Schritt ist der Einsatz von recycelbaren Materialien, um die Menge des nicht wiederverwertbaren Restm\u00fclls zu reduzieren und stattdessen das Recycling nach dem Prinzip der Kreislaufwirtschaft zu f\u00f6rdern.&nbsp;&nbsp;<\/span><\/p>\n<div><br><\/div>\n<p><strong>ISO 9001:2015<\/strong><\/p>\n<p>Die Zertifizierung nach ISO 9001:2015 hilft den Unternehmen, ihre eigenen Leistungen weiterzuentwickeln und zu verbessern und potenziellen Kunden ihre hohe Servicequalit\u00e4t zu beweisen.&nbsp; Sie erm\u00f6glicht in den jeweiligen M\u00e4rkten eine gr\u00f6\u00dfere Sichtbarkeit und Transparenz und wird bei Ausschreibungen h\u00e4ufig als Voraussetzung oder Vorzugskriterium verlangt. Durch sie ist auch eine bessere Kostenkontrolle, eine Verringerung der Verschwendung, eine Steigerung der Produktivit\u00e4t und der Effektivit\u00e4t der internen Prozesse m\u00f6glich, was insgesamt zu einer Verringerung der allgemeinen Ineffizienz f\u00fchrt. Durch eine bessere Kenntnis und Steuerung des Unternehmens erh\u00f6ht sie die F\u00e4higkeit, die Bed\u00fcrfnisse und Erwartungen der eigenen Kunden erf\u00fcllen zu k\u00f6nnen.<\/p>\n<p><strong>ISO 14001:2015<\/strong><\/p>\n<p><span style=\"font-size: 14.4px;\">Die ISO 14001 ist international als der h\u00f6chste Standard f\u00fcr Umweltmanagementsysteme anerkannt. Sie bietet einen Rahmen f\u00fcr die Integration von Umweltmanagementma\u00dfnahmen zum Schutz der Umwelt, zur Vermeidung von Umweltverschmutzung sowie zur Reduzierung des Energie- und Ressourcenverbrauchs. Die Norm ISO 14001 schreibt keine spezifischen Kriterien f\u00fcr die Umweltleistung vor, sondern wird auf Umweltaspekte angewendet, welche das Unternehmen als Aspekte identifiziert, die es steuern und beeinflussen kann.<\/span><\/p>\n<\/div>\t\t\t\t\t\t\t\t<\/div>\n\t\t\t\t<\/div>\n\t\t\t\t\t<\/div>\n\t\t<\/div>\n\t\t\t\t\t<\/div>\n\t\t<\/section>\n\t\t\t\t<\/div>\n\t\t","protected":false},"excerpt":{"rendered":"<p>Fotovoltaik Die Stromerzeugung aus erneuerbaren Energiequellen, wie Fotovoltaik, hat extrem&#8230;<\/p>\n","protected":false},"author":1,"featured_media":25957,"parent":26725,"menu_order":0,"comment_status":"closed","ping_status":"closed","template":"","meta":{"_acf_changed":false,"footnotes":""},"class_list":["post-26777","page","type-page","status-publish","has-post-thumbnail","hentry"],"acf":[],"yoast_head":"<!-- This site is optimized with the Yoast SEO plugin v27.5 - https:\/\/yoast.com\/product\/yoast-seo-wordpress\/ -->\n<title>Sustainable Company | Exenia<\/title>\n<meta name=\"robots\" content=\"noindex, follow, max-snippet:-1, max-image-preview:large, max-video-preview:-1\" \/>\n<meta property=\"og:locale\" content=\"de_DE\" \/>\n<meta property=\"og:type\" content=\"article\" \/>\n<meta property=\"og:title\" content=\"Sustainable Company | Exenia\" \/>\n<meta property=\"og:description\" content=\"Fotovoltaik Die Stromerzeugung aus erneuerbaren Energiequellen, wie Fotovoltaik, hat extrem...\" \/>\n<meta property=\"og:url\" content=\"https:\/\/restyling.exenia.eu\/sostenibilita\/azienda-sostenibile\/\" \/>\n<meta property=\"og:site_name\" content=\"Exenia\" \/>\n<meta property=\"article:publisher\" content=\"https:\/\/www.facebook.com\/exenialighting\" \/>\n<meta property=\"article:modified_time\" content=\"2023-04-19T12:04:40+00:00\" \/>\n<meta property=\"og:image\" content=\"https:\/\/restyling.exenia.eu\/wp-content\/uploads\/2023\/02\/pannelli.jpeg\" \/>\n\t<meta property=\"og:image:width\" content=\"2408\" \/>\n\t<meta property=\"og:image:height\" content=\"1806\" \/>\n\t<meta property=\"og:image:type\" content=\"image\/jpeg\" \/>\n<!-- \/ Yoast SEO plugin. -->","yoast_head_json":{"title":"Sustainable Company | Exenia","robots":{"index":"noindex","follow":"follow","max-snippet":"max-snippet:-1","max-image-preview":"max-image-preview:large","max-video-preview":"max-video-preview:-1"},"og_locale":"de_DE","og_type":"article","og_title":"Sustainable Company | Exenia","og_description":"Fotovoltaik Die Stromerzeugung aus erneuerbaren Energiequellen, wie Fotovoltaik, hat extrem...","og_url":"https:\/\/restyling.exenia.eu\/sostenibilita\/azienda-sostenibile\/","og_site_name":"Exenia","article_publisher":"https:\/\/www.facebook.com\/exenialighting","article_modified_time":"2023-04-19T12:04:40+00:00","og_image":[{"width":2408,"height":1806,"url":"https:\/\/restyling.exenia.eu\/wp-content\/uploads\/2023\/02\/pannelli.jpeg","type":"image\/jpeg"}],"schema":{"@context":"https:\/\/schema.org","@graph":[{"@type":"WebPage","@id":"https:\/\/restyling.exenia.eu\/sostenibilita\/azienda-sostenibile\/","url":"https:\/\/restyling.exenia.eu\/sostenibilita\/azienda-sostenibile\/","name":"Sustainable Company | Exenia","isPartOf":{"@id":"https:\/\/restyling.exenia.eu\/#website"},"primaryImageOfPage":{"@id":"https:\/\/restyling.exenia.eu\/sostenibilita\/azienda-sostenibile\/#primaryimage"},"image":{"@id":"https:\/\/restyling.exenia.eu\/sostenibilita\/azienda-sostenibile\/#primaryimage"},"thumbnailUrl":"https:\/\/restyling.exenia.eu\/wp-content\/uploads\/2023\/02\/pannelli.jpeg","datePublished":"2023-02-09T16:05:51+00:00","dateModified":"2023-04-19T12:04:40+00:00","breadcrumb":{"@id":"https:\/\/restyling.exenia.eu\/sostenibilita\/azienda-sostenibile\/#breadcrumb"},"inLanguage":"de","potentialAction":[{"@type":"ReadAction","target":["https:\/\/restyling.exenia.eu\/sostenibilita\/azienda-sostenibile\/"]}]},{"@type":"ImageObject","inLanguage":"de","@id":"https:\/\/restyling.exenia.eu\/sostenibilita\/azienda-sostenibile\/#primaryimage","url":"https:\/\/restyling.exenia.eu\/wp-content\/uploads\/2023\/02\/pannelli.jpeg","contentUrl":"https:\/\/restyling.exenia.eu\/wp-content\/uploads\/2023\/02\/pannelli.jpeg","width":2408,"height":1806},{"@type":"BreadcrumbList","@id":"https:\/\/restyling.exenia.eu\/sostenibilita\/azienda-sostenibile\/#breadcrumb","itemListElement":[{"@type":"ListItem","position":1,"name":"Home","item":"https:\/\/restyling.exenia.eu\/"},{"@type":"ListItem","position":2,"name":"Nachhaltigkeit","item":"https:\/\/restyling.exenia.eu\/sostenibilita\/"},{"@type":"ListItem","position":3,"name":"Sustainable Company"}]},{"@type":"WebSite","@id":"https:\/\/restyling.exenia.eu\/#website","url":"https:\/\/restyling.exenia.eu\/","name":"Exenia","description":"","publisher":{"@id":"https:\/\/restyling.exenia.eu\/#organization"},"potentialAction":[{"@type":"SearchAction","target":{"@type":"EntryPoint","urlTemplate":"https:\/\/restyling.exenia.eu\/?s={search_term_string}"},"query-input":{"@type":"PropertyValueSpecification","valueRequired":true,"valueName":"search_term_string"}}],"inLanguage":"de"},{"@type":"Organization","@id":"https:\/\/restyling.exenia.eu\/#organization","name":"Exenia","url":"https:\/\/restyling.exenia.eu\/","logo":{"@type":"ImageObject","inLanguage":"de","@id":"https:\/\/restyling.exenia.eu\/#\/schema\/logo\/image\/","url":"https:\/\/restyling.exenia.eu\/wp-content\/uploads\/2022\/09\/logo_exenia-e1678467519405.png","contentUrl":"https:\/\/restyling.exenia.eu\/wp-content\/uploads\/2022\/09\/logo_exenia-e1678467519405.png","width":600,"height":194,"caption":"Exenia"},"image":{"@id":"https:\/\/restyling.exenia.eu\/#\/schema\/logo\/image\/"},"sameAs":["https:\/\/www.facebook.com\/exenialighting","https:\/\/x.com\/ExeniaLighting"]}]}},"_links":{"self":[{"href":"https:\/\/restyling.exenia.eu\/de\/wp-json\/wp\/v2\/pages\/26777","targetHints":{"allow":["GET"]}}],"collection":[{"href":"https:\/\/restyling.exenia.eu\/de\/wp-json\/wp\/v2\/pages"}],"about":[{"href":"https:\/\/restyling.exenia.eu\/de\/wp-json\/wp\/v2\/types\/page"}],"author":[{"embeddable":true,"href":"https:\/\/restyling.exenia.eu\/de\/wp-json\/wp\/v2\/users\/1"}],"replies":[{"embeddable":true,"href":"https:\/\/restyling.exenia.eu\/de\/wp-json\/wp\/v2\/comments?post=26777"}],"version-history":[{"count":0,"href":"https:\/\/restyling.exenia.eu\/de\/wp-json\/wp\/v2\/pages\/26777\/revisions"}],"up":[{"embeddable":true,"href":"https:\/\/restyling.exenia.eu\/de\/wp-json\/wp\/v2\/pages\/26725"}],"wp:featuredmedia":[{"embeddable":true,"href":"https:\/\/restyling.exenia.eu\/de\/wp-json\/wp\/v2\/media\/25957"}],"wp:attachment":[{"href":"https:\/\/restyling.exenia.eu\/de\/wp-json\/wp\/v2\/media?parent=26777"}],"curies":[{"name":"wp","href":"https:\/\/api.w.org\/{rel}","templated":true}]}}