{"id":26831,"date":"2023-02-09T17:46:26","date_gmt":"2023-02-09T16:46:26","guid":{"rendered":"https:\/\/www.exenia.eu\/nachhaltigkeit\/economia-circolare\/"},"modified":"2023-04-19T14:08:49","modified_gmt":"2023-04-19T12:08:49","slug":"circular-economy","status":"publish","type":"page","link":"https:\/\/restyling.exenia.eu\/de\/nachhaltigkeit\/circular-economy\/","title":{"rendered":"Circular Economy"},"content":{"rendered":"\t\t<div data-elementor-type=\"wp-page\" data-elementor-id=\"26831\" class=\"elementor elementor-26831 elementor-26040\" wpc-filter-elementor-widget=\"1\" data-elementor-post-type=\"page\">\n\t\t\t\t\t\t<section class=\"elementor-section elementor-top-section elementor-element elementor-element-3019e9a elementor-section-boxed elementor-section-height-default elementor-section-height-default\" data-id=\"3019e9a\" data-element_type=\"section\" data-e-type=\"section\">\n\t\t\t\t\t\t<div class=\"elementor-container elementor-column-gap-default\">\n\t\t\t\t\t<div class=\"elementor-column elementor-col-100 elementor-top-column elementor-element elementor-element-48c581d\" data-id=\"48c581d\" data-element_type=\"column\" data-e-type=\"column\">\n\t\t\t<div class=\"elementor-widget-wrap elementor-element-populated\">\n\t\t\t\t\t\t<div class=\"elementor-element elementor-element-068f0cb dce_masking-none elementor-widget elementor-widget-image\" data-id=\"068f0cb\" data-element_type=\"widget\" data-e-type=\"widget\" data-widget_type=\"image.default\">\n\t\t\t\t<div class=\"elementor-widget-container\">\n\t\t\t\t\t\t\t\t\t\t\t\t\t\t\t<img fetchpriority=\"high\" decoding=\"async\" width=\"300\" height=\"185\" src=\"https:\/\/restyling.exenia.eu\/wp-content\/uploads\/2023\/02\/banner-circolare-300x185.jpg\" class=\"attachment-medium size-medium wp-image-26042\" alt=\"\" srcset=\"https:\/\/restyling.exenia.eu\/wp-content\/uploads\/2023\/02\/banner-circolare-300x185.jpg 300w, https:\/\/restyling.exenia.eu\/wp-content\/uploads\/2023\/02\/banner-circolare.jpg 582w\" sizes=\"(max-width: 300px) 100vw, 300px\" \/>\t\t\t\t\t\t\t\t\t\t\t\t\t\t\t<\/div>\n\t\t\t\t<\/div>\n\t\t\t\t\t<\/div>\n\t\t<\/div>\n\t\t\t\t\t<\/div>\n\t\t<\/section>\n\t\t\t\t<section class=\"elementor-section elementor-top-section elementor-element elementor-element-96e9887 elementor-section-boxed elementor-section-height-default elementor-section-height-default\" data-id=\"96e9887\" data-element_type=\"section\" data-e-type=\"section\">\n\t\t\t\t\t\t<div class=\"elementor-container elementor-column-gap-default\">\n\t\t\t\t\t<div class=\"elementor-column elementor-col-100 elementor-top-column elementor-element elementor-element-8efaf3c\" data-id=\"8efaf3c\" data-element_type=\"column\" data-e-type=\"column\">\n\t\t\t<div class=\"elementor-widget-wrap elementor-element-populated\">\n\t\t\t\t\t\t<div class=\"elementor-element elementor-element-eb5fbc7 dce_masking-none elementor-widget elementor-widget-image\" data-id=\"eb5fbc7\" data-element_type=\"widget\" data-e-type=\"widget\" data-widget_type=\"image.default\">\n\t\t\t\t<div class=\"elementor-widget-container\">\n\t\t\t\t\t\t\t\t\t\t\t\t\t\t\t\t<a href=\"https:\/\/www.exenia.eu\/exenia-staging\/wp-content\/uploads\/2023\/02\/banner_circolare2.jpg\" data-elementor-open-lightbox=\"yes\" data-elementor-lightbox-title=\"banner_circolare2\" data-e-action-hash=\"#elementor-action%3Aaction%3Dlightbox%26settings%3DeyJpZCI6MjYwNDcsInVybCI6Imh0dHBzOlwvXC9yZXN0eWxpbmcuZXhlbmlhLmV1XC93cC1jb250ZW50XC91cGxvYWRzXC8yMDIzXC8wMlwvYmFubmVyX2NpcmNvbGFyZTIuanBnIn0%3D\">\n\t\t\t\t\t\t\t<img decoding=\"async\" width=\"768\" height=\"768\" src=\"https:\/\/restyling.exenia.eu\/wp-content\/uploads\/2023\/02\/banner_circolare2-768x768.jpg\" class=\"attachment-medium_large size-medium_large wp-image-26047\" alt=\"\" srcset=\"https:\/\/restyling.exenia.eu\/wp-content\/uploads\/2023\/02\/banner_circolare2-768x768.jpg 768w, https:\/\/restyling.exenia.eu\/wp-content\/uploads\/2023\/02\/banner_circolare2-300x300.jpg 300w, https:\/\/restyling.exenia.eu\/wp-content\/uploads\/2023\/02\/banner_circolare2-1024x1024.jpg 1024w, https:\/\/restyling.exenia.eu\/wp-content\/uploads\/2023\/02\/banner_circolare2-150x150.jpg 150w, https:\/\/restyling.exenia.eu\/wp-content\/uploads\/2023\/02\/banner_circolare2-1536x1536.jpg 1536w, https:\/\/restyling.exenia.eu\/wp-content\/uploads\/2023\/02\/banner_circolare2-2048x2048.jpg 2048w\" sizes=\"(max-width: 768px) 100vw, 768px\" \/>\t\t\t\t\t\t\t\t<\/a>\n\t\t\t\t\t\t\t\t\t\t\t\t\t\t\t<\/div>\n\t\t\t\t<\/div>\n\t\t\t\t\t<\/div>\n\t\t<\/div>\n\t\t\t\t\t<\/div>\n\t\t<\/section>\n\t\t\t\t<section class=\"elementor-section elementor-top-section elementor-element elementor-element-48ec7a4 elementor-section-full_width elementor-section-height-default elementor-section-height-default\" data-id=\"48ec7a4\" data-element_type=\"section\" data-e-type=\"section\">\n\t\t\t\t\t\t<div class=\"elementor-container elementor-column-gap-default\">\n\t\t\t\t\t<div class=\"elementor-column elementor-col-50 elementor-top-column elementor-element elementor-element-66abdfc\" data-id=\"66abdfc\" data-element_type=\"column\" data-e-type=\"column\">\n\t\t\t<div class=\"elementor-widget-wrap elementor-element-populated\">\n\t\t\t\t\t\t<div class=\"elementor-element elementor-element-a3fbc7c elementor-widget elementor-widget-text-editor\" data-id=\"a3fbc7c\" data-element_type=\"widget\" data-e-type=\"widget\" data-widget_type=\"text-editor.default\">\n\t\t\t\t<div class=\"elementor-widget-container\">\n\t\t\t\t\t\t\t\t\t<p><span style=\"font-size: 14.4px;\">Die Produktion unserer Leuchten erfolgt nach dem Prinzip der Kreislaufwirtschaft. Von der verantwortungsvollen Beschaffung der Rohstoffe bis hin zur Entsorgung gem\u00e4\u00df EEAG-Richtlinie und der Recyclingsf\u00e4higkeit unserer Leuchten. Durch diesen Ansatz ist es uns m\u00f6glich, unsere Produktion langfristig noch nachhaltiger und noch CO2-neutraler zu gestalten.<\/span><\/p><p><span style=\"font-size: 14.4px;\">Auch hinsichtlich unsere Verpackungen sch\u00fctzen wir die Umwelt, denn mit den verwendeten Kartons reduzieren wir Verarbeitungsabf\u00e4lle und verbessern die Lebensqualit\u00e4t unter Achtung des Menschen und des \u00d6kosystems.<\/span><\/p><p><span style=\"font-size: 14.4px;\">Unser Ziel ist es, den Lebenszyklus unserer Produkte zu verl\u00e4ngern und so dazu beizutragen, Abf\u00e4lle zu reduzieren. Dieser Prozess beginnt in der Abteilung Forschung und Entwicklung, wo neue Produkte so konzipiert und entworfen werden, dass sie langlebiger sind, dass die enthaltenen Komponenten vom Endkunden leicht ersetzt werden k\u00f6nnen und dass es m\u00f6glich ist, die entsprechende Art der Entsorgung durch Hinweise in der Bedienungsanleitung des Produkts anzugeben, sodass die \u00dcberholung und Instandsetzung und die Reparatur gef\u00f6rdert wird.<\/span><\/p>\t\t\t\t\t\t\t\t<\/div>\n\t\t\t\t<\/div>\n\t\t\t\t\t<\/div>\n\t\t<\/div>\n\t\t\t\t<div class=\"elementor-column elementor-col-50 elementor-top-column elementor-element elementor-element-0d5dec1\" data-id=\"0d5dec1\" data-element_type=\"column\" data-e-type=\"column\">\n\t\t\t<div class=\"elementor-widget-wrap elementor-element-populated\">\n\t\t\t\t\t\t<div class=\"elementor-element elementor-element-28eadc9 elementor-widget elementor-widget-text-editor\" data-id=\"28eadc9\" data-element_type=\"widget\" data-e-type=\"widget\" data-widget_type=\"text-editor.default\">\n\t\t\t\t<div class=\"elementor-widget-container\">\n\t\t\t\t\t\t\t\t\t<p><b>85 %<\/b> der Produktkomponenten stammen von inl\u00e4ndischen Lieferanten. Das verringert die Auswirkungen der<b> CO2<\/b>-Emissionen in der Atmosph\u00e4re und steht f\u00fcr eine nachhaltige Lieferkette.<\/p><p>Exenia ist Mitglied des Konsortiums <b>Ecolight<\/b>, das sich um die Entsorgung von Unternehmensabf\u00e4llen und die EEAG-Erkl\u00e4rungen k\u00fcmmert.\u00a0<\/p><p>Au\u00dferdem handelt es nach der branchenspezifischen <b>Ecodesign<\/b>-Richtlinie, was an den durch die Richtlinie geforderten und auf den Produktverpackungen angebrachten Etiketten zu sehen ist.<\/p>\t\t\t\t\t\t\t\t<\/div>\n\t\t\t\t<\/div>\n\t\t\t\t\t<\/div>\n\t\t<\/div>\n\t\t\t\t\t<\/div>\n\t\t<\/section>\n\t\t\t\t<\/div>\n\t\t","protected":false},"excerpt":{"rendered":"<p>Die Produktion unserer Leuchten erfolgt nach dem Prinzip der Kreislaufwirtschaft&#8230;.<\/p>\n","protected":false},"author":1,"featured_media":45012,"parent":26725,"menu_order":0,"comment_status":"closed","ping_status":"closed","template":"","meta":{"_acf_changed":false,"footnotes":""},"class_list":["post-26831","page","type-page","status-publish","has-post-thumbnail","hentry"],"acf":[],"yoast_head":"<!-- This site is optimized with the Yoast SEO plugin v27.4 - https:\/\/yoast.com\/product\/yoast-seo-wordpress\/ -->\n<title>Circular Economy | Exenia<\/title>\n<meta name=\"robots\" content=\"noindex, follow, max-snippet:-1, max-image-preview:large, max-video-preview:-1\" \/>\n<meta property=\"og:locale\" content=\"de_DE\" \/>\n<meta property=\"og:type\" content=\"article\" \/>\n<meta property=\"og:title\" content=\"Circular Economy | Exenia\" \/>\n<meta property=\"og:description\" content=\"Die Produktion unserer Leuchten erfolgt nach dem Prinzip der Kreislaufwirtschaft....\" \/>\n<meta property=\"og:url\" content=\"https:\/\/restyling.exenia.eu\/sostenibilita\/economia-circolare\/\" \/>\n<meta property=\"og:site_name\" content=\"Exenia\" \/>\n<meta property=\"article:publisher\" content=\"https:\/\/www.facebook.com\/exenialighting\" \/>\n<meta property=\"article:modified_time\" content=\"2023-04-19T12:08:49+00:00\" \/>\n<meta property=\"og:image\" content=\"https:\/\/restyling.exenia.eu\/wp-content\/uploads\/2023\/03\/Economia-circolare-4.jpg\" \/>\n\t<meta property=\"og:image:width\" content=\"1920\" \/>\n\t<meta property=\"og:image:height\" content=\"1252\" \/>\n\t<meta property=\"og:image:type\" content=\"image\/jpeg\" \/>\n<!-- \/ Yoast SEO plugin. -->","yoast_head_json":{"title":"Circular Economy | Exenia","robots":{"index":"noindex","follow":"follow","max-snippet":"max-snippet:-1","max-image-preview":"max-image-preview:large","max-video-preview":"max-video-preview:-1"},"og_locale":"de_DE","og_type":"article","og_title":"Circular Economy | Exenia","og_description":"Die Produktion unserer Leuchten erfolgt nach dem Prinzip der Kreislaufwirtschaft....","og_url":"https:\/\/restyling.exenia.eu\/sostenibilita\/economia-circolare\/","og_site_name":"Exenia","article_publisher":"https:\/\/www.facebook.com\/exenialighting","article_modified_time":"2023-04-19T12:08:49+00:00","og_image":[{"width":1920,"height":1252,"url":"https:\/\/restyling.exenia.eu\/wp-content\/uploads\/2023\/03\/Economia-circolare-4.jpg","type":"image\/jpeg"}],"schema":{"@context":"https:\/\/schema.org","@graph":[{"@type":"WebPage","@id":"https:\/\/restyling.exenia.eu\/sostenibilita\/economia-circolare\/","url":"https:\/\/restyling.exenia.eu\/sostenibilita\/economia-circolare\/","name":"Circular Economy | Exenia","isPartOf":{"@id":"https:\/\/restyling.exenia.eu\/#website"},"primaryImageOfPage":{"@id":"https:\/\/restyling.exenia.eu\/sostenibilita\/economia-circolare\/#primaryimage"},"image":{"@id":"https:\/\/restyling.exenia.eu\/sostenibilita\/economia-circolare\/#primaryimage"},"thumbnailUrl":"https:\/\/restyling.exenia.eu\/wp-content\/uploads\/2023\/03\/Economia-circolare-4.jpg","datePublished":"2023-02-09T16:46:26+00:00","dateModified":"2023-04-19T12:08:49+00:00","breadcrumb":{"@id":"https:\/\/restyling.exenia.eu\/sostenibilita\/economia-circolare\/#breadcrumb"},"inLanguage":"de","potentialAction":[{"@type":"ReadAction","target":["https:\/\/restyling.exenia.eu\/sostenibilita\/economia-circolare\/"]}]},{"@type":"ImageObject","inLanguage":"de","@id":"https:\/\/restyling.exenia.eu\/sostenibilita\/economia-circolare\/#primaryimage","url":"https:\/\/restyling.exenia.eu\/wp-content\/uploads\/2023\/03\/Economia-circolare-4.jpg","contentUrl":"https:\/\/restyling.exenia.eu\/wp-content\/uploads\/2023\/03\/Economia-circolare-4.jpg","width":1920,"height":1252},{"@type":"BreadcrumbList","@id":"https:\/\/restyling.exenia.eu\/sostenibilita\/economia-circolare\/#breadcrumb","itemListElement":[{"@type":"ListItem","position":1,"name":"Home","item":"https:\/\/restyling.exenia.eu\/"},{"@type":"ListItem","position":2,"name":"Nachhaltigkeit","item":"https:\/\/restyling.exenia.eu\/sostenibilita\/"},{"@type":"ListItem","position":3,"name":"Circular Economy"}]},{"@type":"WebSite","@id":"https:\/\/restyling.exenia.eu\/#website","url":"https:\/\/restyling.exenia.eu\/","name":"Exenia","description":"","publisher":{"@id":"https:\/\/restyling.exenia.eu\/#organization"},"potentialAction":[{"@type":"SearchAction","target":{"@type":"EntryPoint","urlTemplate":"https:\/\/restyling.exenia.eu\/?s={search_term_string}"},"query-input":{"@type":"PropertyValueSpecification","valueRequired":true,"valueName":"search_term_string"}}],"inLanguage":"de"},{"@type":"Organization","@id":"https:\/\/restyling.exenia.eu\/#organization","name":"Exenia","url":"https:\/\/restyling.exenia.eu\/","logo":{"@type":"ImageObject","inLanguage":"de","@id":"https:\/\/restyling.exenia.eu\/#\/schema\/logo\/image\/","url":"https:\/\/restyling.exenia.eu\/wp-content\/uploads\/2022\/09\/logo_exenia-e1678467519405.png","contentUrl":"https:\/\/restyling.exenia.eu\/wp-content\/uploads\/2022\/09\/logo_exenia-e1678467519405.png","width":600,"height":194,"caption":"Exenia"},"image":{"@id":"https:\/\/restyling.exenia.eu\/#\/schema\/logo\/image\/"},"sameAs":["https:\/\/www.facebook.com\/exenialighting","https:\/\/x.com\/ExeniaLighting"]}]}},"_links":{"self":[{"href":"https:\/\/restyling.exenia.eu\/de\/wp-json\/wp\/v2\/pages\/26831","targetHints":{"allow":["GET"]}}],"collection":[{"href":"https:\/\/restyling.exenia.eu\/de\/wp-json\/wp\/v2\/pages"}],"about":[{"href":"https:\/\/restyling.exenia.eu\/de\/wp-json\/wp\/v2\/types\/page"}],"author":[{"embeddable":true,"href":"https:\/\/restyling.exenia.eu\/de\/wp-json\/wp\/v2\/users\/1"}],"replies":[{"embeddable":true,"href":"https:\/\/restyling.exenia.eu\/de\/wp-json\/wp\/v2\/comments?post=26831"}],"version-history":[{"count":0,"href":"https:\/\/restyling.exenia.eu\/de\/wp-json\/wp\/v2\/pages\/26831\/revisions"}],"up":[{"embeddable":true,"href":"https:\/\/restyling.exenia.eu\/de\/wp-json\/wp\/v2\/pages\/26725"}],"wp:featuredmedia":[{"embeddable":true,"href":"https:\/\/restyling.exenia.eu\/de\/wp-json\/wp\/v2\/media\/45012"}],"wp:attachment":[{"href":"https:\/\/restyling.exenia.eu\/de\/wp-json\/wp\/v2\/media?parent=26831"}],"curies":[{"name":"wp","href":"https:\/\/api.w.org\/{rel}","templated":true}]}}