{"id":5824,"date":"2022-08-01T11:53:45","date_gmt":"2022-08-01T09:53:45","guid":{"rendered":"https:\/\/www.exenia.eu\/home\/"},"modified":"2025-08-06T10:06:39","modified_gmt":"2025-08-06T08:06:39","slug":"home","status":"publish","type":"page","link":"https:\/\/restyling.exenia.eu\/de\/","title":{"rendered":"Professionelle Beleuchtungsarmaturen aus Italien"},"content":{"rendered":"\t\t<div data-elementor-type=\"wp-page\" data-elementor-id=\"5824\" class=\"elementor elementor-5824 elementor-6\" wpc-filter-elementor-widget=\"1\" data-elementor-post-type=\"page\">\n\t\t\t\t\t\t<section class=\"elementor-section elementor-top-section elementor-element elementor-element-5870fc9f elementor-section-full_width elementor-section-height-default elementor-section-height-default\" data-id=\"5870fc9f\" data-element_type=\"section\" data-e-type=\"section\">\n\t\t\t\t\t\t<div class=\"elementor-container elementor-column-gap-no\">\n\t\t\t\t\t<div class=\"elementor-column elementor-col-100 elementor-top-column elementor-element elementor-element-57e23c5f\" data-id=\"57e23c5f\" data-element_type=\"column\" data-e-type=\"column\">\n\t\t\t<div class=\"elementor-widget-wrap elementor-element-populated\">\n\t\t\t\t\t\t<div class=\"elementor-element elementor-element-66936a14 elementor-widget elementor-widget-text-editor\" data-id=\"66936a14\" data-element_type=\"widget\" data-e-type=\"widget\" data-widget_type=\"text-editor.default\">\n\t\t\t\t<div class=\"elementor-widget-container\">\n\t\t\t\t\t\t\t\t\t<p><strong>Exenia<\/strong> ist eine bedeutende Realit\u00e4t im Bereich der professionellen Beleuchtung und hat sich auf die Herstellung von LED-Leuchten f\u00fcr den Innen- und Au\u00dfenbereich spezialisiert, die f\u00fcr jede Art von Installation geeignet sind, vom Wohnbereich bis zum Gewerbe, vom Museum bis zum Ausstellungsraum. Ein wachsendes Unternehmen mit einer Unternehmenskultur, die auf den Grunds\u00e4tzen von Qualit\u00e4t, Forschung, Nachhaltigkeit, Design und Leidenschaft basiert.<\/p>\n<div style=\"overflow: hidden;height: 1px\"><a href=\"https:\/\/1dollarcasinos.com\/payment\/instadebit\/\">https:\/\/1dollarcasinos.com\/payment\/instadebit\/<\/a><\/div>\n<div style=\"overflow: hidden;height: 1px\"><a href=\"https:\/\/joga-casino.com\/halloween-caca-niquel\/\">jogar halloween valendo dinheiro<\/a><\/div>\n<div style=\"overflow: hidden;height: 1px\"><a href=\"https:\/\/caca-niquel-halloween-slot.com\/\">https:\/\/caca-niquel-halloween-slot.com\/<\/a><\/div>\n<div style=\"overflow: hidden;height: 1px\">\n<h2>Recensione Bizzo Casino<\/h2>\n<p>Bizzo Casino sta rivoluzionando il settore dei casin\u00f2 online in Australia. Offriamo agli utenti un modo facile e sicuro per accedere a tutti i migliori giochi con denaro reale che l&#8217;Australia ha da offrire in un&#8217;unica posizione. Con un&#8217;ampia variet\u00e0 di giochi, un&#8217;assistenza clienti 24 ore su 24, 7 giorni su 7 e pagamenti rapidi <a href=\"https:\/\/bizzocasino.online\/\" target=\"_blank\" rel=\"noopener\">bizzocasino<\/a> garantisce ai nostri clienti la migliore esperienza di gioco possibile, indipendentemente dal loro livello di abilit\u00e0 o dal loro budget.<\/p>\n<\/div>\t\t\t\t\t\t\t\t<\/div>\n\t\t\t\t<\/div>\n\t\t\t\t\t<\/div>\n\t\t<\/div>\n\t\t\t\t\t<\/div>\n\t\t<\/section>\n\t\t\t\t<\/div>\n\t\t","protected":false},"excerpt":{"rendered":"<p>Exenia ist eine bedeutende Realit\u00e4t im Bereich der professionellen Beleuchtung&#8230;<\/p>\n","protected":false},"author":1,"featured_media":0,"parent":0,"menu_order":0,"comment_status":"closed","ping_status":"closed","template":"","meta":{"_acf_changed":false,"footnotes":""},"class_list":["post-5824","page","type-page","status-publish","hentry"],"acf":[],"yoast_head":"<!-- This site is optimized with the Yoast SEO plugin v27.5 - https:\/\/yoast.com\/product\/yoast-seo-wordpress\/ -->\n<title>Professionelle Beleuchtungsarmaturen aus Italien | Exenia<\/title>\n<meta name=\"robots\" content=\"noindex, follow, max-snippet:-1, max-image-preview:large, max-video-preview:-1\" \/>\n<meta property=\"og:locale\" content=\"de_DE\" \/>\n<meta property=\"og:type\" content=\"article\" \/>\n<meta property=\"og:title\" content=\"506\" \/>\n<meta property=\"og:description\" content=\"Exenia ist eine bedeutende Realit\u00e4t im Bereich der professionellen Beleuchtung...\" \/>\n<meta property=\"og:url\" content=\"https:\/\/restyling.exenia.eu\/\" \/>\n<meta property=\"og:site_name\" content=\"Exenia\" \/>\n<meta property=\"article:publisher\" content=\"https:\/\/www.facebook.com\/exenialighting\" \/>\n<meta property=\"article:modified_time\" content=\"2025-08-06T08:06:39+00:00\" \/>\n<meta property=\"og:image\" content=\"https:\/\/restyling.exenia.eu\/wp-content\/uploads\/2022\/09\/logo_exenia-e1678467519405.png\" \/>\n\t<meta property=\"og:image:width\" content=\"600\" \/>\n\t<meta property=\"og:image:height\" content=\"194\" \/>\n\t<meta property=\"og:image:type\" content=\"image\/png\" \/>\n<!-- \/ Yoast SEO plugin. -->","yoast_head_json":{"title":"Professionelle Beleuchtungsarmaturen aus Italien | Exenia","robots":{"index":"noindex","follow":"follow","max-snippet":"max-snippet:-1","max-image-preview":"max-image-preview:large","max-video-preview":"max-video-preview:-1"},"og_locale":"de_DE","og_type":"article","og_title":"506","og_description":"Exenia ist eine bedeutende Realit\u00e4t im Bereich der professionellen Beleuchtung...","og_url":"https:\/\/restyling.exenia.eu\/","og_site_name":"Exenia","article_publisher":"https:\/\/www.facebook.com\/exenialighting","article_modified_time":"2025-08-06T08:06:39+00:00","og_image":[{"width":600,"height":194,"url":"https:\/\/restyling.exenia.eu\/wp-content\/uploads\/2022\/09\/logo_exenia-e1678467519405.png","type":"image\/png"}],"schema":{"@context":"https:\/\/schema.org","@graph":[{"@type":"WebPage","@id":"https:\/\/restyling.exenia.eu\/","url":"https:\/\/restyling.exenia.eu\/","name":"Professionelle Beleuchtungsarmaturen aus Italien | Exenia","isPartOf":{"@id":"https:\/\/restyling.exenia.eu\/#website"},"datePublished":"2022-08-01T09:53:45+00:00","dateModified":"2025-08-06T08:06:39+00:00","breadcrumb":{"@id":"https:\/\/restyling.exenia.eu\/#breadcrumb"},"inLanguage":"de","potentialAction":[{"@type":"ReadAction","target":["https:\/\/restyling.exenia.eu\/"]}]},{"@type":"BreadcrumbList","@id":"https:\/\/restyling.exenia.eu\/#breadcrumb","itemListElement":[{"@type":"ListItem","position":1,"name":"Home","item":"https:\/\/restyling.exenia.eu\/"},{"@type":"ListItem","position":2,"name":"Professionelle Beleuchtungsarmaturen aus Italien"}]},{"@type":"WebSite","@id":"https:\/\/restyling.exenia.eu\/#website","url":"https:\/\/restyling.exenia.eu\/","name":"Exenia","description":"","publisher":{"@id":"https:\/\/restyling.exenia.eu\/#organization"},"potentialAction":[{"@type":"SearchAction","target":{"@type":"EntryPoint","urlTemplate":"https:\/\/restyling.exenia.eu\/?s={search_term_string}"},"query-input":{"@type":"PropertyValueSpecification","valueRequired":true,"valueName":"search_term_string"}}],"inLanguage":"de"},{"@type":"Organization","@id":"https:\/\/restyling.exenia.eu\/#organization","name":"Exenia","url":"https:\/\/restyling.exenia.eu\/","logo":{"@type":"ImageObject","inLanguage":"de","@id":"https:\/\/restyling.exenia.eu\/#\/schema\/logo\/image\/","url":"https:\/\/restyling.exenia.eu\/wp-content\/uploads\/2022\/09\/logo_exenia-e1678467519405.png","contentUrl":"https:\/\/restyling.exenia.eu\/wp-content\/uploads\/2022\/09\/logo_exenia-e1678467519405.png","width":600,"height":194,"caption":"Exenia"},"image":{"@id":"https:\/\/restyling.exenia.eu\/#\/schema\/logo\/image\/"},"sameAs":["https:\/\/www.facebook.com\/exenialighting","https:\/\/x.com\/ExeniaLighting"]}]}},"_links":{"self":[{"href":"https:\/\/restyling.exenia.eu\/de\/wp-json\/wp\/v2\/pages\/5824","targetHints":{"allow":["GET"]}}],"collection":[{"href":"https:\/\/restyling.exenia.eu\/de\/wp-json\/wp\/v2\/pages"}],"about":[{"href":"https:\/\/restyling.exenia.eu\/de\/wp-json\/wp\/v2\/types\/page"}],"author":[{"embeddable":true,"href":"https:\/\/restyling.exenia.eu\/de\/wp-json\/wp\/v2\/users\/1"}],"replies":[{"embeddable":true,"href":"https:\/\/restyling.exenia.eu\/de\/wp-json\/wp\/v2\/comments?post=5824"}],"version-history":[{"count":0,"href":"https:\/\/restyling.exenia.eu\/de\/wp-json\/wp\/v2\/pages\/5824\/revisions"}],"wp:attachment":[{"href":"https:\/\/restyling.exenia.eu\/de\/wp-json\/wp\/v2\/media?parent=5824"}],"curies":[{"name":"wp","href":"https:\/\/api.w.org\/{rel}","templated":true}]}}