{"id":5856,"date":"2022-10-06T12:03:29","date_gmt":"2022-10-06T10:03:29","guid":{"rendered":"https:\/\/www.exenia.eu\/company\/"},"modified":"2024-01-25T16:47:34","modified_gmt":"2024-01-25T15:47:34","slug":"unternehmen","status":"publish","type":"page","link":"https:\/\/restyling.exenia.eu\/de\/unternehmen\/","title":{"rendered":"Unternehmen"},"content":{"rendered":"\t\t<div data-elementor-type=\"wp-page\" data-elementor-id=\"5856\" class=\"elementor elementor-5856 elementor-922\" wpc-filter-elementor-widget=\"1\" data-elementor-post-type=\"page\">\n\t\t\t\t\t\t<section class=\"elementor-section elementor-top-section elementor-element elementor-element-1bbe95d6 elementor-section-boxed elementor-section-height-default elementor-section-height-default\" data-id=\"1bbe95d6\" data-element_type=\"section\" data-e-type=\"section\">\n\t\t\t\t\t\t<div class=\"elementor-container elementor-column-gap-default\">\n\t\t\t\t\t<div class=\"elementor-column elementor-col-100 elementor-top-column elementor-element elementor-element-50cc4717\" data-id=\"50cc4717\" data-element_type=\"column\" data-e-type=\"column\">\n\t\t\t<div class=\"elementor-widget-wrap elementor-element-populated\">\n\t\t\t\t\t\t<div class=\"elementor-element elementor-element-1fec7b22 elementor-widget elementor-widget-text-editor\" data-id=\"1fec7b22\" data-element_type=\"widget\" data-e-type=\"widget\" data-widget_type=\"text-editor.default\">\n\t\t\t\t<div class=\"elementor-widget-container\">\n\t\t\t\t\t\t\t\t\t\n<p><strong>\u00dcber uns<\/strong><\/p>\n<p><b>Exenia<br \/><\/b><b><i>Into the Light<br \/><br \/><\/i><\/b><span style=\"font-weight: 400\">Das 2010 gegr\u00fcndete und seit 2015 in die Lumenpulse-Gruppe integrierte Unternehmen Exenia hat sich auf die Herstellung von LED-Leuchten spezialisiert, die die Exzellenz des italienischen Designs mit modernster Beleuchtungsleistung verbinden und den Anforderungen aller Lichtplaner und -profis gerecht werden.\u00a0<\/span><\/p>\n<p><span style=\"font-weight: 400\">Die L\u00f6sungen von Exenia sind f\u00fcr die dekorative und professionelle Beleuchtung in Museen, Gottesh\u00e4usern, im Gastgewerbe und im Einzelhandel sowohl f\u00fcr den Innen- als auch f\u00fcr den Au\u00dfenbereich konzipiert.\u00a0<\/span><\/p>\n<p><span style=\"font-weight: 400\">Durch den hauseigenen Produktionsprozess &#8211; vom Designkonzept \u00fcber die Produktion bis hin zur Auslieferung &#8211; ist Exenia in der Lage, eine vollst\u00e4ndige Qualit\u00e4tskontrolle des gesamten Prozesses zu gew\u00e4hrleisten und ein hohes Ma\u00df an Flexibilit\u00e4t bei der Realisierung nachhaltiger Beleuchtungsl\u00f6sungen zu bieten, die auf der Grundlage spezifischer Kundenanforderungen entwickelt werden.\u00a0<\/span><\/p>\n<p><span style=\"font-weight: 400\">Flexibilit\u00e4t, Kreativit\u00e4t und Fachwissen sind die Unterscheidungsmerkmale, die es Exenia erm\u00f6glichen, einzigartige und effektive L\u00f6sungen f\u00fcr jeden Anwendungskontext zu entwickeln, wobei der Komfort der Menschen und der Respekt f\u00fcr die Umwelt im Mittelpunkt stehen.<br \/><br \/><\/span><strong>QUALIT\u00c4T UND UMWELT<\/strong><strong><br \/><\/strong><\/p>\n\n<p>Die Unternehmenspolitik zielt darauf ab, ein qualitativ hochwertiges Produkt anzubieten, bei dem Design und Kreativit\u00e4t mit der fortschrittlichsten Technologie des Beleuchtungssektors miteinander verschmelzen.<\/p>\n\n<p>Jedes Produkt von <strong>Exenia <\/strong>basiert auf einigen grundlegenden Prinzipien:<\/p>\n\n<p>Die Erwartungen aller Beteiligten werden ber\u00fccksichtigt;<br \/>die Prozesse und Produkte sind umweltfreundlich;<br \/>das Vertrauen zum Kunden wird gefestigt und seine Zufriedenheit gesteigert;<br \/>die Beziehungen zu den Lieferanten werden gest\u00e4rkt;<br \/>alle Besch\u00e4ftigten wirken am Erreichen der Unternehmensziele mit;<br \/>die Synergien mit der Muttergesellschaft werden gest\u00e4rkt.<br \/>Um nach den oben genannten Grunds\u00e4tzen arbeiten zu k\u00f6nnen, hat <strong>Exenia <\/strong>Leitlinien f\u00fcr die Definition und Umsetzung der Qualit\u00e4tsziele erstellt, die f\u00fcr alle Beteiligten G\u00fcltigkeit haben:<\/p>\n\n<p>Definition, Anwendung und Aufrechterhaltung eines Qualit\u00e4tsmanagementsystems nach UNI EN ISO 9001:2015;<br \/>Planung der Betriebsprozesse auf Grundlage von internen und externen Faktoren sowie auf Grundlage der Erwartungen der Beteiligten und der damit verbundenen Qualit\u00e4tsrisiken, stets mit dem Ziel, die Erwartungen der Kunden und der Beteiligten zu erf\u00fcllen;<br \/>Einhaltung der Vorgaben, der gesetzlichen Verpflichtungen (insbesondere der Umweltgesetze) und der vertraglichen Verpflichtungen;<br \/>Sicherstellung einer angemessenen Information und Schulung der Besch\u00e4ftigten in Bezug auf die Qualit\u00e4t- und Umweltaspekte im Zusammenhang mit der durchgef\u00fchrten T\u00e4tigkeit und Mitteilung der Grunds\u00e4tze der Unternehmenspolitik;<br \/>Entwicklung von Produkten und Verf\u00fcgbarkeit von Rohstoffen, welche die qualitativen Anspr\u00fcche und Erwartungen der Kundschaft zufriedenstellen und die auf einer Linie mit den Umweltgrunds\u00e4tzen liegen<br \/>Umsetzung von geeigneten Systemen zur \u00dcberwachung der Produktqualit\u00e4t und der Qualit\u00e4ts- und Umweltleistungen des Unternehmens;<br \/>Information der Besch\u00e4ftigten und der Beteiligten \u00fcber die Qualit\u00e4ts- und Umweltpolitik des Unternehmens und im Allgemeinen die ungebrochene Offenheit f\u00fcr interne und externe Mitteilungen zu Umweltthemen;<br \/>F\u00f6rderung einer kontinuierlichen Verbesserung des integrierten Managementsystems;<br \/>F\u00f6rderung der Beteiligung und Konsultation der Beteiligten, um eine effiziente und wirksame Anwendung des integrierten Managementsystems sicherzustellen;<br \/>F\u00f6rderung der betrieblichen Entwicklung unter gleichzeitigem Schutz der Qualit\u00e4t und der Umweltleistungen des Unternehmens;<br \/>Auswahl der Lieferanten aufgrund der objektiven Bewertung von Qualit\u00e4t, Preis, Lieferkapazit\u00e4t und Serviceniveau sowie aufgrund der Umweltleistungen;<br \/>Verringerung der negativen Umweltauswirkungen, die mit der Unternehmenst\u00e4tigkeit verbunden sind<br \/>Schutz der Umwelt durch die Einsparung nat\u00fcrlicher Ressourcen, die Vermeidung von Verschwendung und durch Analysen, mit denen die M\u00f6glichkeit einer Wiederverwendung oder des Recyclings von Energie und Materialien \u00fcberpr\u00fcft werden kann;<br \/>Verbesserung der Nutzung der Ressourcen;<br \/>Aufrechterhaltung eines hohen Informations- und Kommunikationsniveaus sowohl nach innen als auch nach au\u00dfen mithilfe geeigneter Instrumente;<br \/>Aufrechterhaltung eines Systems f\u00fcr die Risikoanalyse, die Vorbereitung und die Reaktion im Fall von Notf\u00e4llen.<br \/>Die in der Unternehmenspolitik beschriebenen Verpflichtungen schlagen sich in Zielen zur Verbesserung der Qualit\u00e4t und der Umweltbem\u00fchungen nieder, die Exenia Jahr f\u00fcr Jahr neu genehmigt. Das Unternehmen stellt die Ressourcen sicher, die f\u00fcr das Erreichen dieser Ziele erforderlich sind und f\u00fchrt entsprechende \u00dcberwachungsma\u00dfnahmen durch.<\/p>\n\n<p>Das Unternehmen verpflichtet sich, die Verfolgung dieser Ziele kontinuierlich zu \u00fcberwachen, mit regelm\u00e4\u00dfigen Auditzyklen, der erneuten \u00dcberpr\u00fcfung der Ziele, der j\u00e4hrlichen Revision der Unternehmenspolitik und immer dann, wenn besondere Bed\u00fcrfnisse es erfordern.<\/p>\n\n<p>Das Management verpflichtet sich, die Unternehmenspolitik unter allen Beteiligten bekannt zu machen und die Besch\u00e4ftigten zu schulen, zu sensibilisieren und in ihnen das Verantwortungsbewusstsein zu wecken, sicherzustellen, dass die betrieblichen Prozesse auf angemessene Art und Weise umgesetzt werden, um bestm\u00f6gliche Ergebnisse zu erzielen.<\/p>\n\n<figure class=\"wp-block-image size-large eplus-wrapper\"><img fetchpriority=\"high\" decoding=\"async\" width=\"1024\" height=\"555\" class=\"wp-image-934\" src=\"https:\/\/www.exenia.eu\/exenia-staging\/wp-content\/uploads\/2022\/10\/5137_it_91874_30651_exenia-3-1024x555.jpg\" alt=\"\" srcset=\"https:\/\/restyling.exenia.eu\/wp-content\/uploads\/2022\/10\/5137_it_91874_30651_exenia-3-1024x555.jpg 1024w, https:\/\/restyling.exenia.eu\/wp-content\/uploads\/2022\/10\/5137_it_91874_30651_exenia-3-300x163.jpg 300w, https:\/\/restyling.exenia.eu\/wp-content\/uploads\/2022\/10\/5137_it_91874_30651_exenia-3-768x416.jpg 768w, https:\/\/restyling.exenia.eu\/wp-content\/uploads\/2022\/10\/5137_it_91874_30651_exenia-3-1536x832.jpg 1536w, https:\/\/restyling.exenia.eu\/wp-content\/uploads\/2022\/10\/5137_it_91874_30651_exenia-3-2048x1109.jpg 2048w\" sizes=\"(max-width: 1024px) 100vw, 1024px\" \/><\/figure>\n\t\t\t\t\t\t\t\t<\/div>\n\t\t\t\t<\/div>\n\t\t\t\t\t<\/div>\n\t\t<\/div>\n\t\t\t\t\t<\/div>\n\t\t<\/section>\n\t\t\t\t<\/div>\n\t\t","protected":false},"excerpt":{"rendered":"<p>\u00dcber uns ExeniaInto the Light Das 2010 gegr\u00fcndete und seit&#8230;<\/p>\n","protected":false},"author":1,"featured_media":44430,"parent":0,"menu_order":0,"comment_status":"closed","ping_status":"closed","template":"","meta":{"_acf_changed":false,"footnotes":""},"class_list":["post-5856","page","type-page","status-publish","has-post-thumbnail","hentry"],"acf":[],"yoast_head":"<!-- This site is optimized with the Yoast SEO plugin v27.4 - https:\/\/yoast.com\/product\/yoast-seo-wordpress\/ -->\n<title>Unternehmen | Exenia<\/title>\n<meta name=\"robots\" content=\"noindex, follow, max-snippet:-1, max-image-preview:large, max-video-preview:-1\" \/>\n<meta property=\"og:locale\" content=\"de_DE\" \/>\n<meta property=\"og:type\" content=\"article\" \/>\n<meta property=\"og:title\" content=\"Unternehmen | Exenia\" \/>\n<meta property=\"og:description\" content=\"\u00dcber uns ExeniaInto the Light Das 2010 gegr\u00fcndete und seit...\" \/>\n<meta property=\"og:url\" content=\"https:\/\/restyling.exenia.eu\/azienda\/\" \/>\n<meta property=\"og:site_name\" content=\"Exenia\" \/>\n<meta property=\"article:publisher\" content=\"https:\/\/www.facebook.com\/exenialighting\" \/>\n<meta property=\"article:modified_time\" content=\"2024-01-25T15:47:34+00:00\" \/>\n<meta property=\"og:image\" content=\"https:\/\/restyling.exenia.eu\/wp-content\/uploads\/2023\/03\/Exenia.jpeg\" \/>\n\t<meta property=\"og:image:width\" content=\"2560\" \/>\n\t<meta property=\"og:image:height\" content=\"1704\" \/>\n\t<meta property=\"og:image:type\" content=\"image\/jpeg\" \/>\n<!-- \/ Yoast SEO plugin. -->","yoast_head_json":{"title":"Unternehmen | Exenia","robots":{"index":"noindex","follow":"follow","max-snippet":"max-snippet:-1","max-image-preview":"max-image-preview:large","max-video-preview":"max-video-preview:-1"},"og_locale":"de_DE","og_type":"article","og_title":"Unternehmen | Exenia","og_description":"\u00dcber uns ExeniaInto the Light Das 2010 gegr\u00fcndete und seit...","og_url":"https:\/\/restyling.exenia.eu\/azienda\/","og_site_name":"Exenia","article_publisher":"https:\/\/www.facebook.com\/exenialighting","article_modified_time":"2024-01-25T15:47:34+00:00","og_image":[{"width":2560,"height":1704,"url":"https:\/\/restyling.exenia.eu\/wp-content\/uploads\/2023\/03\/Exenia.jpeg","type":"image\/jpeg"}],"schema":{"@context":"https:\/\/schema.org","@graph":[{"@type":"WebPage","@id":"https:\/\/restyling.exenia.eu\/azienda\/","url":"https:\/\/restyling.exenia.eu\/azienda\/","name":"Unternehmen | Exenia","isPartOf":{"@id":"https:\/\/restyling.exenia.eu\/#website"},"primaryImageOfPage":{"@id":"https:\/\/restyling.exenia.eu\/azienda\/#primaryimage"},"image":{"@id":"https:\/\/restyling.exenia.eu\/azienda\/#primaryimage"},"thumbnailUrl":"https:\/\/restyling.exenia.eu\/wp-content\/uploads\/2023\/03\/Exenia.jpeg","datePublished":"2022-10-06T10:03:29+00:00","dateModified":"2024-01-25T15:47:34+00:00","breadcrumb":{"@id":"https:\/\/restyling.exenia.eu\/azienda\/#breadcrumb"},"inLanguage":"de","potentialAction":[{"@type":"ReadAction","target":["https:\/\/restyling.exenia.eu\/azienda\/"]}]},{"@type":"ImageObject","inLanguage":"de","@id":"https:\/\/restyling.exenia.eu\/azienda\/#primaryimage","url":"https:\/\/restyling.exenia.eu\/wp-content\/uploads\/2023\/03\/Exenia.jpeg","contentUrl":"https:\/\/restyling.exenia.eu\/wp-content\/uploads\/2023\/03\/Exenia.jpeg","width":2560,"height":1704},{"@type":"BreadcrumbList","@id":"https:\/\/restyling.exenia.eu\/azienda\/#breadcrumb","itemListElement":[{"@type":"ListItem","position":1,"name":"Home","item":"https:\/\/restyling.exenia.eu\/"},{"@type":"ListItem","position":2,"name":"Unternehmen"}]},{"@type":"WebSite","@id":"https:\/\/restyling.exenia.eu\/#website","url":"https:\/\/restyling.exenia.eu\/","name":"Exenia","description":"","publisher":{"@id":"https:\/\/restyling.exenia.eu\/#organization"},"potentialAction":[{"@type":"SearchAction","target":{"@type":"EntryPoint","urlTemplate":"https:\/\/restyling.exenia.eu\/?s={search_term_string}"},"query-input":{"@type":"PropertyValueSpecification","valueRequired":true,"valueName":"search_term_string"}}],"inLanguage":"de"},{"@type":"Organization","@id":"https:\/\/restyling.exenia.eu\/#organization","name":"Exenia","url":"https:\/\/restyling.exenia.eu\/","logo":{"@type":"ImageObject","inLanguage":"de","@id":"https:\/\/restyling.exenia.eu\/#\/schema\/logo\/image\/","url":"https:\/\/restyling.exenia.eu\/wp-content\/uploads\/2022\/09\/logo_exenia-e1678467519405.png","contentUrl":"https:\/\/restyling.exenia.eu\/wp-content\/uploads\/2022\/09\/logo_exenia-e1678467519405.png","width":600,"height":194,"caption":"Exenia"},"image":{"@id":"https:\/\/restyling.exenia.eu\/#\/schema\/logo\/image\/"},"sameAs":["https:\/\/www.facebook.com\/exenialighting","https:\/\/x.com\/ExeniaLighting"]}]}},"_links":{"self":[{"href":"https:\/\/restyling.exenia.eu\/de\/wp-json\/wp\/v2\/pages\/5856","targetHints":{"allow":["GET"]}}],"collection":[{"href":"https:\/\/restyling.exenia.eu\/de\/wp-json\/wp\/v2\/pages"}],"about":[{"href":"https:\/\/restyling.exenia.eu\/de\/wp-json\/wp\/v2\/types\/page"}],"author":[{"embeddable":true,"href":"https:\/\/restyling.exenia.eu\/de\/wp-json\/wp\/v2\/users\/1"}],"replies":[{"embeddable":true,"href":"https:\/\/restyling.exenia.eu\/de\/wp-json\/wp\/v2\/comments?post=5856"}],"version-history":[{"count":0,"href":"https:\/\/restyling.exenia.eu\/de\/wp-json\/wp\/v2\/pages\/5856\/revisions"}],"wp:featuredmedia":[{"embeddable":true,"href":"https:\/\/restyling.exenia.eu\/de\/wp-json\/wp\/v2\/media\/44430"}],"wp:attachment":[{"href":"https:\/\/restyling.exenia.eu\/de\/wp-json\/wp\/v2\/media?parent=5856"}],"curies":[{"name":"wp","href":"https:\/\/api.w.org\/{rel}","templated":true}]}}