{"id":73593,"date":"2025-03-07T12:35:04","date_gmt":"2025-03-07T11:35:04","guid":{"rendered":"https:\/\/www.exenia.eu\/?page_id=73593"},"modified":"2025-05-28T17:25:13","modified_gmt":"2025-05-28T15:25:13","slug":"multimetrik","status":"publish","type":"page","link":"https:\/\/restyling.exenia.eu\/de\/multimetrik\/","title":{"rendered":"Multimetrik"},"content":{"rendered":"\t\t<div data-elementor-type=\"wp-page\" data-elementor-id=\"73593\" class=\"elementor elementor-73593 elementor-68131\" wpc-filter-elementor-widget=\"1\" data-elementor-post-type=\"page\">\n\t\t\t\t\t\t<section class=\"elementor-section elementor-top-section elementor-element elementor-element-29222bf elementor-section-boxed elementor-section-height-default elementor-section-height-default\" data-id=\"29222bf\" data-element_type=\"section\" data-e-type=\"section\">\n\t\t\t\t\t\t<div class=\"elementor-container elementor-column-gap-default\">\n\t\t\t\t\t<div class=\"elementor-column elementor-col-100 elementor-top-column elementor-element elementor-element-62e458af\" data-id=\"62e458af\" data-element_type=\"column\" data-e-type=\"column\">\n\t\t\t<div class=\"elementor-widget-wrap elementor-element-populated\">\n\t\t\t\t\t\t<div class=\"elementor-element elementor-element-3c1cdab5 elementor-widget elementor-widget-text-editor\" data-id=\"3c1cdab5\" data-element_type=\"widget\" data-e-type=\"widget\" data-widget_type=\"text-editor.default\">\n\t\t\t\t<div class=\"elementor-widget-container\">\n\t\t\t\t\t\t\t\t\t\n<p><\/p>\n\n\n\n<p><\/p>\n\t\t\t\t\t\t\t\t<\/div>\n\t\t\t\t<\/div>\n\t\t\t\t\t<\/div>\n\t\t<\/div>\n\t\t\t\t\t<\/div>\n\t\t<\/section>\n\t\t\t\t<section class=\"elementor-section elementor-top-section elementor-element elementor-element-59c2b69 elementor-section-boxed elementor-section-height-default elementor-section-height-default\" data-id=\"59c2b69\" data-element_type=\"section\" data-e-type=\"section\">\n\t\t\t\t\t\t<div class=\"elementor-container elementor-column-gap-default\">\n\t\t\t\t\t<div class=\"elementor-column elementor-col-100 elementor-top-column elementor-element elementor-element-6c77dc9\" data-id=\"6c77dc9\" data-element_type=\"column\" data-e-type=\"column\">\n\t\t\t<div class=\"elementor-widget-wrap elementor-element-populated\">\n\t\t\t\t\t\t<div class=\"elementor-element elementor-element-0ce859c elementor-widget elementor-widget-heading\" data-id=\"0ce859c\" data-element_type=\"widget\" data-e-type=\"widget\" data-widget_type=\"heading.default\">\n\t\t\t\t<div class=\"elementor-widget-container\">\n\t\t\t\t\t<h2 class=\"elementor-heading-title elementor-size-default\">Maximale Vielseitigkeit ohne Kompromisse.\n<\/h2>\t\t\t\t<\/div>\n\t\t\t\t<\/div>\n\t\t\t\t<div class=\"elementor-element elementor-element-16f91ec elementor-widget elementor-widget-text-editor\" data-id=\"16f91ec\" data-element_type=\"widget\" data-e-type=\"widget\" data-widget_type=\"text-editor.default\">\n\t\t\t\t<div class=\"elementor-widget-container\">\n\t\t\t\t\t\t\t\t\t<p><strong>Multimetrik<\/strong> ist das neue optische System, das das Konzept der anpassbaren Beleuchtung revolutioniert.<br \/>Entwickelt, um maximale Flexibilit\u00e4t zu bieten, ohne auf Qualit\u00e4t und Effizienz zu verzichten, erm\u00f6glicht es eine einfache und intuitive Anpassung der Beleuchtung, ohne das Design des Produkts zu ver\u00e4ndern.<\/p><p><strong>Mit drei einstellbaren Parametern<\/strong> \u2013 Abstrahlwinkel (15\u00b0\u201360\u00b0), Lichtintensit\u00e4t und Wei\u00dflichttemperatur \u2013 passt sich Multimetrik problemlos an jede Planungsanforderung an und ist somit die ideale Wahl f\u00fcr alle, die eine dynamische und leistungsstarke L\u00f6sung suchen.<br \/>Es kombiniert austauschbare Linsen und einstellbare Lichtkegel und bietet dabei die gewohnte Qualit\u00e4t und Effizienz fester Optiken.<br \/>Dank der Mikroverschiebung der Fokuslinse erm\u00f6glicht es eine breite Modulation des Lichtstrahls mit einer Lichtleistung von bis zu 3500 Lumen und einer Effizienz von bis zu 132 lm\/W.<\/p><p>Multimetrik ist benutzerfreundlich: Die manuelle Drehung zur Einstellung des Abstrahlwinkels und der integrierte Dimmer machen komplexe Konfigurationen \u00fcberfl\u00fcssig und bieten maximale Freiheit bei der Lichtsteuerung in jeder Umgebung.<br \/>Erh\u00e4ltlich in drei Gr\u00f6\u00dfen und in Varianten f\u00fcr 230V-Stromschiene (voll einstellbar) und 48V mit dynamischem Wei\u00dflicht, l\u00e4sst sich Multimetrik perfekt in jedes Beleuchtungsprojekt integrieren.<\/p><p>Ideal f\u00fcr <strong>Einzelhandelsfl\u00e4chen<\/strong>, <strong>Museen<\/strong> und <strong>architektonische<\/strong> Umgebungen, beh\u00e4lt Multimetrik die gleiche \u00c4sthetik und Lichtqualit\u00e4t wie feste Optiken bei und gew\u00e4hrleistet eine harmonische Integration in jede Umgebung.<br \/>Dank der von Exenia entwickelten fortschrittlichen LED-Technologie bietet Multimetrik eine hervorragende Farbwiedergabe und optimale Blendkontrolle.<br \/>Das innovative System austauschbarer Linsen erm\u00f6glicht eine schnelle Umr\u00fcstung des Strahlers f\u00fcr unterschiedliche Anforderungen \u2013 ganz ohne Austausch des gesamten Ger\u00e4ts.<\/p><p>\u00a0<\/p>\t\t\t\t\t\t\t\t<\/div>\n\t\t\t\t<\/div>\n\t\t\t\t\t<\/div>\n\t\t<\/div>\n\t\t\t\t\t<\/div>\n\t\t<\/section>\n\t\t\t\t<section class=\"elementor-section elementor-top-section elementor-element elementor-element-a44cd79 elementor-section-boxed elementor-section-height-default elementor-section-height-default\" data-id=\"a44cd79\" data-element_type=\"section\" data-e-type=\"section\">\n\t\t\t\t\t\t<div class=\"elementor-container elementor-column-gap-default\">\n\t\t\t\t\t<div class=\"elementor-column elementor-col-33 elementor-top-column elementor-element elementor-element-694b91b\" data-id=\"694b91b\" data-element_type=\"column\" data-e-type=\"column\">\n\t\t\t<div class=\"elementor-widget-wrap elementor-element-populated\">\n\t\t\t\t\t\t<div class=\"elementor-element elementor-element-9456e1f elementor-widget elementor-widget-image\" data-id=\"9456e1f\" data-element_type=\"widget\" data-e-type=\"widget\" data-widget_type=\"image.default\">\n\t\t\t\t<div class=\"elementor-widget-container\">\n\t\t\t\t\t\t\t\t\t\t\t\t\t\t\t\t<a href=\"https:\/\/drive.google.com\/file\/d\/12karPUFCRe9wn_SQRotc2-9j_ldGYAZu\/view?usp=sharing\" target=\"_blank\">\n\t\t\t\t\t\t\t<img fetchpriority=\"high\" decoding=\"async\" width=\"400\" height=\"450\" src=\"https:\/\/restyling.exenia.eu\/wp-content\/uploads\/2024\/11\/Overwiew-scaled-400x450.jpg\" class=\"attachment-woocommerce_thumbnail size-woocommerce_thumbnail wp-image-59070\" alt=\"\" \/>\t\t\t\t\t\t\t\t<\/a>\n\t\t\t\t\t\t\t\t\t\t\t\t\t\t\t<\/div>\n\t\t\t\t<\/div>\n\t\t\t\t\t<\/div>\n\t\t<\/div>\n\t\t\t\t<div class=\"elementor-column elementor-col-33 elementor-top-column elementor-element elementor-element-c60183a\" data-id=\"c60183a\" data-element_type=\"column\" data-e-type=\"column\">\n\t\t\t<div class=\"elementor-widget-wrap elementor-element-populated\">\n\t\t\t\t\t\t<div class=\"elementor-element elementor-element-d7d2fd1 elementor-widget elementor-widget-image\" data-id=\"d7d2fd1\" data-element_type=\"widget\" data-e-type=\"widget\" data-widget_type=\"image.default\">\n\t\t\t\t<div class=\"elementor-widget-container\">\n\t\t\t\t\t\t\t\t\t\t\t\t\t\t\t\t<a href=\"https:\/\/drive.google.com\/drive\/folders\/17o7NPzFS5PiHBPvYVPSYUkod1KMzkPzN\" target=\"_blank\">\n\t\t\t\t\t\t\t<img decoding=\"async\" width=\"400\" height=\"450\" src=\"https:\/\/restyling.exenia.eu\/wp-content\/uploads\/2024\/11\/IMG-Video-scaled-400x450.jpg\" class=\"attachment-woocommerce_gallery_thumbnail size-woocommerce_gallery_thumbnail wp-image-59071\" alt=\"\" \/>\t\t\t\t\t\t\t\t<\/a>\n\t\t\t\t\t\t\t\t\t\t\t\t\t\t\t<\/div>\n\t\t\t\t<\/div>\n\t\t\t\t\t<\/div>\n\t\t<\/div>\n\t\t\t\t<div class=\"elementor-column elementor-col-33 elementor-top-column elementor-element elementor-element-f1c93b0\" data-id=\"f1c93b0\" data-element_type=\"column\" data-e-type=\"column\">\n\t\t\t<div class=\"elementor-widget-wrap elementor-element-populated\">\n\t\t\t\t\t\t<div class=\"elementor-element elementor-element-b745e7a elementor-widget elementor-widget-image\" data-id=\"b745e7a\" data-element_type=\"widget\" data-e-type=\"widget\" data-widget_type=\"image.default\">\n\t\t\t\t<div class=\"elementor-widget-container\">\n\t\t\t\t\t\t\t\t\t\t\t\t\t\t\t\t<a href=\"http:\/\/Entdecken%20Sie%20die%20Sammlung\" target=\"_blank\">\n\t\t\t\t\t\t\t<img decoding=\"async\" width=\"400\" height=\"450\" src=\"https:\/\/restyling.exenia.eu\/wp-content\/uploads\/2024\/11\/Brochure-scaled-400x450.jpg\" class=\"attachment-woocommerce_gallery_thumbnail size-woocommerce_gallery_thumbnail wp-image-59072\" alt=\"\" \/>\t\t\t\t\t\t\t\t<\/a>\n\t\t\t\t\t\t\t\t\t\t\t\t\t\t\t<\/div>\n\t\t\t\t<\/div>\n\t\t\t\t\t<\/div>\n\t\t<\/div>\n\t\t\t\t\t<\/div>\n\t\t<\/section>\n\t\t\t\t<section class=\"elementor-section elementor-top-section elementor-element elementor-element-1a2d173 elementor-section-boxed elementor-section-height-default elementor-section-height-default\" data-id=\"1a2d173\" data-element_type=\"section\" data-e-type=\"section\">\n\t\t\t\t\t\t<div class=\"elementor-container elementor-column-gap-default\">\n\t\t\t\t\t<div class=\"elementor-column elementor-col-100 elementor-top-column elementor-element elementor-element-c74c712\" data-id=\"c74c712\" data-element_type=\"column\" data-e-type=\"column\">\n\t\t\t<div class=\"elementor-widget-wrap elementor-element-populated\">\n\t\t\t\t\t\t<div data-dce-background-color=\"#FFFFFF\" class=\"elementor-element elementor-element-310be46 elementor-align-center elementor-widget elementor-widget-button\" data-id=\"310be46\" data-element_type=\"widget\" data-e-type=\"widget\" data-widget_type=\"button.default\">\n\t\t\t\t<div class=\"elementor-widget-container\">\n\t\t\t\t\t\t\t\t\t<div class=\"elementor-button-wrapper\">\n\t\t\t\t\t<a class=\"elementor-button elementor-button-link elementor-size-sm\" href=\"https:\/\/www.exenia.eu\/exenia-staging\/de\/?s=Multimetrik\" target=\"_blank\">\n\t\t\t\t\t\t<span class=\"elementor-button-content-wrapper\">\n\t\t\t\t\t\t\t\t\t<span class=\"elementor-button-text\">Entdecken Sie die Sammlung<\/span>\n\t\t\t\t\t<\/span>\n\t\t\t\t\t<\/a>\n\t\t\t\t<\/div>\n\t\t\t\t\t\t\t\t<\/div>\n\t\t\t\t<\/div>\n\t\t\t\t\t<\/div>\n\t\t<\/div>\n\t\t\t\t\t<\/div>\n\t\t<\/section>\n\t\t\t\t<section class=\"elementor-section elementor-top-section elementor-element elementor-element-bc1549a elementor-section-boxed elementor-section-height-default elementor-section-height-default\" data-id=\"bc1549a\" data-element_type=\"section\" data-e-type=\"section\">\n\t\t\t\t\t\t<div class=\"elementor-container elementor-column-gap-default\">\n\t\t\t\t\t<div class=\"elementor-column elementor-col-100 elementor-top-column elementor-element elementor-element-ec3d287\" data-id=\"ec3d287\" data-element_type=\"column\" data-e-type=\"column\">\n\t\t\t<div class=\"elementor-widget-wrap elementor-element-populated\">\n\t\t\t\t\t\t<div class=\"elementor-element elementor-element-31e983d elementor-widget elementor-widget-image\" data-id=\"31e983d\" data-element_type=\"widget\" data-e-type=\"widget\" data-widget_type=\"image.default\">\n\t\t\t\t<div class=\"elementor-widget-container\">\n\t\t\t\t\t\t\t\t\t\t\t\t\t\t\t<img loading=\"lazy\" decoding=\"async\" width=\"11400\" height=\"6022\" src=\"https:\/\/restyling.exenia.eu\/wp-content\/uploads\/2025\/03\/Regolazione.jpg\" class=\"attachment-full size-full wp-image-72110\" alt=\"\" \/>\t\t\t\t\t\t\t\t\t\t\t\t\t\t\t<\/div>\n\t\t\t\t<\/div>\n\t\t\t\t\t<\/div>\n\t\t<\/div>\n\t\t\t\t\t<\/div>\n\t\t<\/section>\n\t\t\t\t<\/div>\n\t\t","protected":false},"excerpt":{"rendered":"<p>Maximale Vielseitigkeit ohne Kompromisse. Multimetrik ist das neue optische System,&#8230;<\/p>\n","protected":false},"author":2,"featured_media":73594,"parent":0,"menu_order":0,"comment_status":"closed","ping_status":"closed","template":"","meta":{"_acf_changed":false,"footnotes":""},"class_list":["post-73593","page","type-page","status-publish","has-post-thumbnail","hentry"],"acf":[],"yoast_head":"<!-- This site is optimized with the Yoast SEO plugin v27.5 - https:\/\/yoast.com\/product\/yoast-seo-wordpress\/ -->\n<title>Multimetrik | Exenia<\/title>\n<meta name=\"robots\" content=\"noindex, follow, max-snippet:-1, max-image-preview:large, max-video-preview:-1\" \/>\n<meta property=\"og:locale\" content=\"de_DE\" \/>\n<meta property=\"og:type\" content=\"article\" \/>\n<meta property=\"og:title\" content=\"Multimetrik | Exenia\" \/>\n<meta property=\"og:description\" content=\"Maximale Vielseitigkeit ohne Kompromisse. Multimetrik ist das neue optische System,...\" \/>\n<meta property=\"og:url\" content=\"https:\/\/restyling.exenia.eu\/multimetrik\/\" \/>\n<meta property=\"og:site_name\" content=\"Exenia\" \/>\n<meta property=\"article:publisher\" content=\"https:\/\/www.facebook.com\/exenialighting\" \/>\n<meta property=\"article:modified_time\" content=\"2025-05-28T15:25:13+00:00\" \/>\n<meta property=\"og:image\" content=\"https:\/\/restyling.exenia.eu\/wp-content\/uploads\/2025\/03\/Multimetrik.jpg\" \/>\n\t<meta property=\"og:image:width\" content=\"2550\" \/>\n\t<meta property=\"og:image:height\" content=\"1592\" \/>\n\t<meta property=\"og:image:type\" content=\"image\/jpeg\" \/>\n<!-- \/ Yoast SEO plugin. -->","yoast_head_json":{"title":"Multimetrik | Exenia","robots":{"index":"noindex","follow":"follow","max-snippet":"max-snippet:-1","max-image-preview":"max-image-preview:large","max-video-preview":"max-video-preview:-1"},"og_locale":"de_DE","og_type":"article","og_title":"Multimetrik | Exenia","og_description":"Maximale Vielseitigkeit ohne Kompromisse. Multimetrik ist das neue optische System,...","og_url":"https:\/\/restyling.exenia.eu\/multimetrik\/","og_site_name":"Exenia","article_publisher":"https:\/\/www.facebook.com\/exenialighting","article_modified_time":"2025-05-28T15:25:13+00:00","og_image":[{"width":2550,"height":1592,"url":"https:\/\/restyling.exenia.eu\/wp-content\/uploads\/2025\/03\/Multimetrik.jpg","type":"image\/jpeg"}],"schema":{"@context":"https:\/\/schema.org","@graph":[{"@type":"WebPage","@id":"https:\/\/restyling.exenia.eu\/multimetrik\/","url":"https:\/\/restyling.exenia.eu\/multimetrik\/","name":"Multimetrik | Exenia","isPartOf":{"@id":"https:\/\/restyling.exenia.eu\/#website"},"primaryImageOfPage":{"@id":"https:\/\/restyling.exenia.eu\/multimetrik\/#primaryimage"},"image":{"@id":"https:\/\/restyling.exenia.eu\/multimetrik\/#primaryimage"},"thumbnailUrl":"https:\/\/restyling.exenia.eu\/wp-content\/uploads\/2025\/03\/Multimetrik.jpg","datePublished":"2025-03-07T11:35:04+00:00","dateModified":"2025-05-28T15:25:13+00:00","breadcrumb":{"@id":"https:\/\/restyling.exenia.eu\/multimetrik\/#breadcrumb"},"inLanguage":"de","potentialAction":[{"@type":"ReadAction","target":["https:\/\/restyling.exenia.eu\/multimetrik\/"]}]},{"@type":"ImageObject","inLanguage":"de","@id":"https:\/\/restyling.exenia.eu\/multimetrik\/#primaryimage","url":"https:\/\/restyling.exenia.eu\/wp-content\/uploads\/2025\/03\/Multimetrik.jpg","contentUrl":"https:\/\/restyling.exenia.eu\/wp-content\/uploads\/2025\/03\/Multimetrik.jpg","width":2550,"height":1592},{"@type":"BreadcrumbList","@id":"https:\/\/restyling.exenia.eu\/multimetrik\/#breadcrumb","itemListElement":[{"@type":"ListItem","position":1,"name":"Home","item":"https:\/\/restyling.exenia.eu\/"},{"@type":"ListItem","position":2,"name":"Multimetrik"}]},{"@type":"WebSite","@id":"https:\/\/restyling.exenia.eu\/#website","url":"https:\/\/restyling.exenia.eu\/","name":"Exenia","description":"","publisher":{"@id":"https:\/\/restyling.exenia.eu\/#organization"},"potentialAction":[{"@type":"SearchAction","target":{"@type":"EntryPoint","urlTemplate":"https:\/\/restyling.exenia.eu\/?s={search_term_string}"},"query-input":{"@type":"PropertyValueSpecification","valueRequired":true,"valueName":"search_term_string"}}],"inLanguage":"de"},{"@type":"Organization","@id":"https:\/\/restyling.exenia.eu\/#organization","name":"Exenia","url":"https:\/\/restyling.exenia.eu\/","logo":{"@type":"ImageObject","inLanguage":"de","@id":"https:\/\/restyling.exenia.eu\/#\/schema\/logo\/image\/","url":"https:\/\/restyling.exenia.eu\/wp-content\/uploads\/2022\/09\/logo_exenia-e1678467519405.png","contentUrl":"https:\/\/restyling.exenia.eu\/wp-content\/uploads\/2022\/09\/logo_exenia-e1678467519405.png","width":600,"height":194,"caption":"Exenia"},"image":{"@id":"https:\/\/restyling.exenia.eu\/#\/schema\/logo\/image\/"},"sameAs":["https:\/\/www.facebook.com\/exenialighting","https:\/\/x.com\/ExeniaLighting"]}]}},"_links":{"self":[{"href":"https:\/\/restyling.exenia.eu\/de\/wp-json\/wp\/v2\/pages\/73593","targetHints":{"allow":["GET"]}}],"collection":[{"href":"https:\/\/restyling.exenia.eu\/de\/wp-json\/wp\/v2\/pages"}],"about":[{"href":"https:\/\/restyling.exenia.eu\/de\/wp-json\/wp\/v2\/types\/page"}],"author":[{"embeddable":true,"href":"https:\/\/restyling.exenia.eu\/de\/wp-json\/wp\/v2\/users\/2"}],"replies":[{"embeddable":true,"href":"https:\/\/restyling.exenia.eu\/de\/wp-json\/wp\/v2\/comments?post=73593"}],"version-history":[{"count":0,"href":"https:\/\/restyling.exenia.eu\/de\/wp-json\/wp\/v2\/pages\/73593\/revisions"}],"wp:featuredmedia":[{"embeddable":true,"href":"https:\/\/restyling.exenia.eu\/de\/wp-json\/wp\/v2\/media\/73594"}],"wp:attachment":[{"href":"https:\/\/restyling.exenia.eu\/de\/wp-json\/wp\/v2\/media?parent=73593"}],"curies":[{"name":"wp","href":"https:\/\/api.w.org\/{rel}","templated":true}]}}