{"id":17892,"date":"2023-01-20T18:36:54","date_gmt":"2023-01-20T17:36:54","guid":{"rendered":"https:\/\/www.exenia.eu\/?post_type=product&#038;p=17892"},"modified":"2023-06-29T08:22:44","modified_gmt":"2023-06-29T06:22:44","slug":"io-einbau","status":"publish","type":"product","link":"https:\/\/restyling.exenia.eu\/de\/produkt\/io-einbau\/","title":{"rendered":"IO Einbau"},"content":{"rendered":"<p>Einbauleuchte mit SMD-LED-Leuchtmittel. Das Leuchtmittel ist zusammen mit Treiber und Klemmleisten auf einer Verdrahtungsplatte montiert. Der \u00e4u\u00dfere Leuchtenk\u00f6rper besteht aus gebogenem Aluminium mit Fl\u00fcssiglackbeschichtung. Diffusor aus lichtstreuendem opalem PMMA (optional mit Mikroprismen). Gleichstromversorgung mit Konstantstrom \u00fcber den in die Leuchte integrierten Treiber<\/p>\n","protected":false},"excerpt":{"rendered":"<p>Einbauleuchte mit SMD-LED-Leuchtmittel. Das Leuchtmittel ist zusammen mit Treiber und&#8230;<\/p>\n","protected":false},"featured_media":22968,"template":"","meta":{"_acf_changed":false},"product_brand":[],"product_cat":[2789],"product_tag":[7922,7926,7950,7954,7958,7960,7967,7970,7974,7977],"categoria-admin-prodotto":[],"class_list":{"0":"post-17892","1":"product","2":"type-product","3":"status-publish","4":"has-post-thumbnail","6":"product_cat-io-deckeneinbauleuchten","7":"product_tag-3258a-de","8":"product_tag-3258b-de","9":"product_tag-32580-de","10":"product_tag-32581-de","11":"product_tag-32582-de","12":"product_tag-32583-de","13":"product_tag-32585-de","14":"product_tag-32586-de","15":"product_tag-32587-de","16":"product_tag-32588-de","17":"pa_cct-2700k-de","18":"pa_cct-3000k-de","19":"pa_cct-4000k-de","20":"pa_certificazione-conformita-ce-de","21":"pa_classe-f-da","22":"pa_cri-85-de","23":"pa_grado-ip-ip40-de","24":"pa_lifetime-l80b10-50-000-h-de","25":"pa_temperatura-di-esercizio-10-30-de","27":"first","28":"instock","29":"virtual","30":"purchasable","31":"product-type-composite"},"composite_virtual":false,"composite_layout":"single","composite_add_to_cart_form_location":"default","composite_editable_in_cart":false,"composite_sold_individually_context":"product","composite_shop_price_calc":"defaults","composite_components":[{"id":"1675360229","title":"Geh\u00e4use der Leuchte","description":"","query_type":"product_ids","query_ids":[24627],"default_option_id":24627,"thumbnail_id":"","thumbnail_src":"","quantity_min":1,"quantity_max":1,"priced_individually":false,"shipped_individually":true,"optional":false,"discount":"","options_style":"radios","pagination_style":"classic","display_prices":"absolute","show_sorting_options":false,"show_filtering_options":false,"attribute_filter_ids":[],"product_title_visible":false,"product_descr_visible":false,"product_price_visible":false,"product_thumb_visible":false,"subtotal_visible_product":false,"subtotal_visible_cart":false,"subtotal_visible_orders":false},{"id":"1675360230","title":"Version","description":"","query_type":"product_ids","query_ids":[24713,24738,24717,24742,24721,24746,24725,24750,24754,24729],"default_option_id":"","thumbnail_id":"","thumbnail_src":"","quantity_min":1,"quantity_max":1,"priced_individually":false,"shipped_individually":true,"optional":true,"discount":"","options_style":"radios","pagination_style":"classic","display_prices":"absolute","show_sorting_options":false,"show_filtering_options":false,"attribute_filter_ids":[],"product_title_visible":false,"product_descr_visible":false,"product_price_visible":false,"product_thumb_visible":false,"subtotal_visible_product":false,"subtotal_visible_cart":false,"subtotal_visible_orders":false},{"id":"1675360231","title":"Kontrolle","description":"","query_type":"product_ids","query_ids":[20511,24654,20515,20517,20518,20520,20521],"default_option_id":"","thumbnail_id":"","thumbnail_src":"","quantity_min":1,"quantity_max":1,"priced_individually":false,"shipped_individually":true,"optional":true,"discount":"","options_style":"radios","pagination_style":"classic","display_prices":"absolute","show_sorting_options":false,"show_filtering_options":false,"attribute_filter_ids":[],"product_title_visible":false,"product_descr_visible":false,"product_price_visible":false,"product_thumb_visible":false,"subtotal_visible_product":false,"subtotal_visible_cart":false,"subtotal_visible_orders":false},{"id":"1675360232","title":"Oberfl\u00e4che","description":"","query_type":"product_ids","query_ids":[20779],"default_option_id":20779,"thumbnail_id":"","thumbnail_src":"","quantity_min":1,"quantity_max":1,"priced_individually":false,"shipped_individually":true,"optional":false,"discount":"","options_style":"radios","pagination_style":"classic","display_prices":"absolute","show_sorting_options":false,"show_filtering_options":false,"attribute_filter_ids":[],"product_title_visible":false,"product_descr_visible":false,"product_price_visible":false,"product_thumb_visible":false,"subtotal_visible_product":false,"subtotal_visible_cart":false,"subtotal_visible_orders":false},{"id":"1675360233","title":"CRI-CCT","description":"","query_type":"product_ids","query_ids":[20711,20719,20712],"default_option_id":"","thumbnail_id":"","thumbnail_src":"","quantity_min":1,"quantity_max":1,"priced_individually":false,"shipped_individually":true,"optional":true,"discount":"","options_style":"radios","pagination_style":"classic","display_prices":"absolute","show_sorting_options":false,"show_filtering_options":false,"attribute_filter_ids":[],"product_title_visible":false,"product_descr_visible":false,"product_price_visible":false,"product_thumb_visible":false,"subtotal_visible_product":false,"subtotal_visible_cart":false,"subtotal_visible_orders":false},{"id":"1675360234","title":"Ausw\u00e4hlen, um den Diffusor zu aktivieren","description":"","query_type":"product_ids","query_ids":[7635],"default_option_id":"","thumbnail_id":"","thumbnail_src":"","quantity_min":1,"quantity_max":1,"priced_individually":false,"shipped_individually":true,"optional":true,"discount":"","options_style":"radios","pagination_style":"classic","display_prices":"absolute","show_sorting_options":false,"show_filtering_options":false,"attribute_filter_ids":[],"product_title_visible":false,"product_descr_visible":false,"product_price_visible":false,"product_thumb_visible":false,"subtotal_visible_product":false,"subtotal_visible_cart":false,"subtotal_visible_orders":false},{"id":"1678983927","title":"Zubeh\u00f6r","description":"","query_type":"product_ids","query_ids":[24658],"default_option_id":24658,"thumbnail_id":"","thumbnail_src":"","quantity_min":1,"quantity_max":1,"priced_individually":false,"shipped_individually":true,"optional":false,"discount":"","options_style":"radios","pagination_style":"classic","display_prices":"absolute","show_sorting_options":false,"show_filtering_options":false,"attribute_filter_ids":[],"product_title_visible":false,"product_descr_visible":true,"product_price_visible":false,"product_thumb_visible":true,"subtotal_visible_product":false,"subtotal_visible_cart":false,"subtotal_visible_orders":false},{"id":"1675361055","title":" ","description":"","query_type":"product_ids","query_ids":[42076],"default_option_id":42076,"thumbnail_id":"","thumbnail_src":"","quantity_min":1,"quantity_max":1,"priced_individually":false,"shipped_individually":true,"optional":false,"discount":"","options_style":"radios","pagination_style":"classic","display_prices":"absolute","show_sorting_options":false,"show_filtering_options":false,"attribute_filter_ids":[],"product_title_visible":false,"product_descr_visible":false,"product_price_visible":false,"product_thumb_visible":false,"subtotal_visible_product":false,"subtotal_visible_cart":false,"subtotal_visible_orders":false}],"composite_scenarios":[{"id":"1675360495","name":"260","description":"","configuration":[{"component_id":"1675360230","options_modifier":"in","component_options":[24713,24738]}],"actions":[{"action_id":"compat_group","is_active":false},{"action_id":"conditional_components","is_active":false,"hidden_components":[]},{"action_id":"conditional_options","is_active":true,"hidden_options":[{"component_id":"1675360231","component_options":[20521],"options_modifier":"in"},{"component_id":"1675360233","component_options":[20711],"options_modifier":"in"},{"component_id":"1678983927","component_options":[-1,46178],"options_modifier":"not-in"}]}],"enabled":true},{"id":"1675360496","name":"450","description":"","configuration":[{"component_id":"1675360230","options_modifier":"in","component_options":[24717,24742]}],"actions":[{"action_id":"compat_group","is_active":false},{"action_id":"conditional_components","is_active":false,"hidden_components":[]},{"action_id":"conditional_options","is_active":true,"hidden_options":[{"component_id":"1675360231","component_options":[20521],"options_modifier":"in"},{"component_id":"1678983927","component_options":[-1,74815],"options_modifier":"not-in"}]}],"enabled":true},{"id":"1675360497","name":"546","description":"","configuration":[{"component_id":"1675360230","options_modifier":"in","component_options":[24721,24746]}],"actions":[{"action_id":"compat_group","is_active":false},{"action_id":"conditional_components","is_active":false,"hidden_components":[]},{"action_id":"conditional_options","is_active":true,"hidden_options":[{"component_id":"1675360231","component_options":[20520],"options_modifier":"in"},{"component_id":"1678983927","component_options":[-1,46231],"options_modifier":"not-in"}]}],"enabled":true},{"id":"1675360498","name":"650","description":"","configuration":[{"component_id":"1675360230","options_modifier":"in","component_options":[24725,24750]}],"actions":[{"action_id":"compat_group","is_active":false},{"action_id":"conditional_components","is_active":false,"hidden_components":[]},{"action_id":"conditional_options","is_active":true,"hidden_options":[{"component_id":"1675360231","component_options":[20520],"options_modifier":"in"},{"component_id":"1678983927","component_options":[-1,46227],"options_modifier":"not-in"}]}],"enabled":true},{"id":"1675360499","name":"950","description":"","configuration":[{"component_id":"1675360230","options_modifier":"in","component_options":[24754,24729]}],"actions":[{"action_id":"compat_group","is_active":false},{"action_id":"conditional_components","is_active":false,"hidden_components":[]},{"action_id":"conditional_options","is_active":true,"hidden_options":[{"component_id":"1675360231","component_options":[20520],"options_modifier":"in"},{"component_id":"1678983927","component_options":[-1,46219],"options_modifier":"not-in"}]}],"enabled":true},{"id":"1675360500","name":"push 68","description":"","configuration":[{"component_id":"1675360231","options_modifier":"in","component_options":[20520]}],"actions":[{"action_id":"compat_group","is_active":false},{"action_id":"conditional_components","is_active":false,"hidden_components":[]},{"action_id":"conditional_options","is_active":true,"hidden_options":[{"component_id":"1675360230","component_options":[24721,24746,24725,24750,24754,24729],"options_modifier":"in"}]}],"enabled":true},{"id":"1675360501","name":"push 69","description":"","configuration":[{"component_id":"1675360231","options_modifier":"in","component_options":[20521]}],"actions":[{"action_id":"compat_group","is_active":false},{"action_id":"conditional_components","is_active":false,"hidden_components":[]},{"action_id":"conditional_options","is_active":true,"hidden_options":[{"component_id":"1675360230","component_options":[24713,24738,24717,24742],"options_modifier":"in"}]}],"enabled":true},{"id":"1675360502","name":"cri85 2700","description":"","configuration":[{"component_id":"1675360233","options_modifier":"in","component_options":[20711]}],"actions":[{"action_id":"compat_group","is_active":false},{"action_id":"conditional_components","is_active":false,"hidden_components":[]},{"action_id":"conditional_options","is_active":true,"hidden_options":[{"component_id":"1675360230","component_options":[24713,24738],"options_modifier":"in"}]}],"enabled":true},{"id":"1675360858","name":"accessorio","description":"","configuration":[{"component_id":"1675360234","options_modifier":"in","component_options":[-1]}],"actions":[{"action_id":"compat_group","is_active":false},{"action_id":"conditional_components","is_active":true,"hidden_components":["1678983927"]},{"action_id":"conditional_options","is_active":true,"hidden_options":[{"component_id":"1678983927","component_options":[-1],"options_modifier":"not-in"}]}],"enabled":true},{"id":"1675361090","name":"pinna","description":"","configuration":[{"component_id":"1675360231","options_modifier":"in","component_options":[20511,24654]}],"actions":[{"action_id":"compat_group","is_active":false},{"action_id":"conditional_components","is_active":true,"hidden_components":["1675361055"]},{"action_id":"conditional_options","is_active":false,"hidden_options":[]}],"enabled":true}],"bundled_by":[],"bundle_stock_status":"instock","bundle_stock_quantity":null,"bundle_virtual":false,"bundle_layout":"","bundle_add_to_cart_form_location":"","bundle_editable_in_cart":false,"bundle_sold_individually_context":"","bundle_item_grouping":"","bundle_min_size":"","bundle_max_size":"","bundled_items":[],"bundle_sell_ids":[],"acf":[],"yoast_head":"<!-- This site is optimized with the Yoast SEO plugin v27.4 - https:\/\/yoast.com\/product\/yoast-seo-wordpress\/ -->\n<title>IO Einbau | Exenia<\/title>\n<meta name=\"robots\" content=\"noindex, follow, max-snippet:-1, max-image-preview:large, max-video-preview:-1\" \/>\n<meta property=\"og:locale\" content=\"de_DE\" \/>\n<meta property=\"og:type\" content=\"article\" \/>\n<meta property=\"og:title\" content=\"IO Einbau | Exenia\" \/>\n<meta property=\"og:description\" content=\"Einbauleuchte mit SMD-LED-Leuchtmittel. Das Leuchtmittel ist zusammen mit Treiber und...\" \/>\n<meta property=\"og:url\" content=\"https:\/\/restyling.exenia.eu\/de\/produkt\/io-einbau\/\" \/>\n<meta property=\"og:site_name\" content=\"Exenia\" \/>\n<meta property=\"article:publisher\" content=\"https:\/\/www.facebook.com\/exenialighting\" \/>\n<meta property=\"article:modified_time\" content=\"2023-06-29T06:22:44+00:00\" \/>\n<meta property=\"og:image\" content=\"https:\/\/restyling.exenia.eu\/wp-content\/uploads\/2023\/01\/Io-incassato-trim-prodotto.jpg\" \/>\n\t<meta property=\"og:image:width\" content=\"2000\" \/>\n\t<meta property=\"og:image:height\" content=\"1919\" \/>\n\t<meta property=\"og:image:type\" content=\"image\/jpeg\" \/>\n<!-- \/ Yoast SEO plugin. -->","yoast_head_json":{"title":"IO Einbau | Exenia","robots":{"index":"noindex","follow":"follow","max-snippet":"max-snippet:-1","max-image-preview":"max-image-preview:large","max-video-preview":"max-video-preview:-1"},"og_locale":"de_DE","og_type":"article","og_title":"IO Einbau | Exenia","og_description":"Einbauleuchte mit SMD-LED-Leuchtmittel. Das Leuchtmittel ist zusammen mit Treiber und...","og_url":"https:\/\/restyling.exenia.eu\/de\/produkt\/io-einbau\/","og_site_name":"Exenia","article_publisher":"https:\/\/www.facebook.com\/exenialighting","article_modified_time":"2023-06-29T06:22:44+00:00","og_image":[{"width":2000,"height":1919,"url":"https:\/\/restyling.exenia.eu\/wp-content\/uploads\/2023\/01\/Io-incassato-trim-prodotto.jpg","type":"image\/jpeg"}],"schema":{"@context":"https:\/\/schema.org","@graph":[{"@type":"WebPage","@id":"https:\/\/restyling.exenia.eu\/de\/produkt\/io-einbau\/","url":"https:\/\/restyling.exenia.eu\/de\/produkt\/io-einbau\/","name":"IO Einbau | Exenia","isPartOf":{"@id":"https:\/\/restyling.exenia.eu\/#website"},"primaryImageOfPage":{"@id":"https:\/\/restyling.exenia.eu\/de\/produkt\/io-einbau\/#primaryimage"},"image":{"@id":"https:\/\/restyling.exenia.eu\/de\/produkt\/io-einbau\/#primaryimage"},"thumbnailUrl":"https:\/\/restyling.exenia.eu\/wp-content\/uploads\/2023\/01\/Io-incassato-trim-prodotto.jpg","datePublished":"2023-01-20T17:36:54+00:00","dateModified":"2023-06-29T06:22:44+00:00","breadcrumb":{"@id":"https:\/\/restyling.exenia.eu\/de\/produkt\/io-einbau\/#breadcrumb"},"inLanguage":"de","potentialAction":[{"@type":"ReadAction","target":["https:\/\/restyling.exenia.eu\/de\/produkt\/io-einbau\/"]}]},{"@type":"ImageObject","inLanguage":"de","@id":"https:\/\/restyling.exenia.eu\/de\/produkt\/io-einbau\/#primaryimage","url":"https:\/\/restyling.exenia.eu\/wp-content\/uploads\/2023\/01\/Io-incassato-trim-prodotto.jpg","contentUrl":"https:\/\/restyling.exenia.eu\/wp-content\/uploads\/2023\/01\/Io-incassato-trim-prodotto.jpg","width":2000,"height":1919},{"@type":"BreadcrumbList","@id":"https:\/\/restyling.exenia.eu\/de\/produkt\/io-einbau\/#breadcrumb","itemListElement":[{"@type":"ListItem","position":1,"name":"Home","item":"https:\/\/restyling.exenia.eu\/"},{"@type":"ListItem","position":2,"name":"Produkte","item":"https:\/\/restyling.exenia.eu\/prodotti\/"},{"@type":"ListItem","position":3,"name":"Indoor","item":"https:\/\/restyling.exenia.eu\/de\/c\/indoor\/"},{"@type":"ListItem","position":4,"name":"Deckeneinbauleuchten","item":"https:\/\/restyling.exenia.eu\/de\/c\/indoor\/deckeneinbauleuchten\/"},{"@type":"ListItem","position":5,"name":"Io","item":"https:\/\/restyling.exenia.eu\/c\/indoor\/apparecchi-ad-incasso\/io-apparecchi-ad-incasso\/"},{"@type":"ListItem","position":6,"name":"IO Einbau"}]},{"@type":"WebSite","@id":"https:\/\/restyling.exenia.eu\/#website","url":"https:\/\/restyling.exenia.eu\/","name":"Exenia","description":"","publisher":{"@id":"https:\/\/restyling.exenia.eu\/#organization"},"potentialAction":[{"@type":"SearchAction","target":{"@type":"EntryPoint","urlTemplate":"https:\/\/restyling.exenia.eu\/?s={search_term_string}"},"query-input":{"@type":"PropertyValueSpecification","valueRequired":true,"valueName":"search_term_string"}}],"inLanguage":"de"},{"@type":"Organization","@id":"https:\/\/restyling.exenia.eu\/#organization","name":"Exenia","url":"https:\/\/restyling.exenia.eu\/","logo":{"@type":"ImageObject","inLanguage":"de","@id":"https:\/\/restyling.exenia.eu\/#\/schema\/logo\/image\/","url":"https:\/\/restyling.exenia.eu\/wp-content\/uploads\/2022\/09\/logo_exenia-e1678467519405.png","contentUrl":"https:\/\/restyling.exenia.eu\/wp-content\/uploads\/2022\/09\/logo_exenia-e1678467519405.png","width":600,"height":194,"caption":"Exenia"},"image":{"@id":"https:\/\/restyling.exenia.eu\/#\/schema\/logo\/image\/"},"sameAs":["https:\/\/www.facebook.com\/exenialighting","https:\/\/x.com\/ExeniaLighting"]}]}},"_links":{"self":[{"href":"https:\/\/restyling.exenia.eu\/de\/wp-json\/wp\/v2\/product\/17892","targetHints":{"allow":["GET"]}}],"collection":[{"href":"https:\/\/restyling.exenia.eu\/de\/wp-json\/wp\/v2\/product"}],"about":[{"href":"https:\/\/restyling.exenia.eu\/de\/wp-json\/wp\/v2\/types\/product"}],"wp:featuredmedia":[{"embeddable":true,"href":"https:\/\/restyling.exenia.eu\/de\/wp-json\/wp\/v2\/media\/22968"}],"wp:attachment":[{"href":"https:\/\/restyling.exenia.eu\/de\/wp-json\/wp\/v2\/media?parent=17892"}],"wp:term":[{"taxonomy":"product_brand","embeddable":true,"href":"https:\/\/restyling.exenia.eu\/de\/wp-json\/wp\/v2\/product_brand?post=17892"},{"taxonomy":"product_cat","embeddable":true,"href":"https:\/\/restyling.exenia.eu\/de\/wp-json\/wp\/v2\/product_cat?post=17892"},{"taxonomy":"product_tag","embeddable":true,"href":"https:\/\/restyling.exenia.eu\/de\/wp-json\/wp\/v2\/product_tag?post=17892"},{"taxonomy":"categoria-admin-prodotto","embeddable":true,"href":"https:\/\/restyling.exenia.eu\/de\/wp-json\/wp\/v2\/categoria-admin-prodotto?post=17892"}],"curies":[{"name":"wp","href":"https:\/\/api.w.org\/{rel}","templated":true}]}}