{"id":17898,"date":"2023-11-21T09:57:15","date_gmt":"2023-11-21T08:57:15","guid":{"rendered":"https:\/\/www.exenia.eu\/?post_type=product&#038;p=17898"},"modified":"2023-11-13T11:24:39","modified_gmt":"2023-11-13T10:24:39","slug":"io-pendel","status":"publish","type":"product","link":"https:\/\/restyling.exenia.eu\/de\/produkt\/io-pendel\/","title":{"rendered":"IO Pendel"},"content":{"rendered":"<p>LED-Deckenleuchte mit Diffusor aus opalem Methacrylat (PMMA). Geh\u00e4use aus lackiertem Metall oder mit Corten-Effekt. Die Leuchte kann mit einem separat zu bestellenden Zubeh\u00f6rsatz in eine H\u00e4ngeleuchte mit direktem oder direktem\/indirektem Licht umgewandelt werden. Integrierte Betriebsger\u00e4te 220 &#8211; 240 V 50 &#8211; 60 Hz.<\/p>\n","protected":false},"excerpt":{"rendered":"<p>LED-Deckenleuchte mit Diffusor aus opalem Methacrylat (PMMA). Geh\u00e4use aus lackiertem&#8230;<\/p>\n","protected":false},"featured_media":23013,"template":"","meta":{"_acf_changed":false},"product_brand":[],"product_cat":[2757],"product_tag":[7930,7935,7939,7942,7945],"categoria-admin-prodotto":[],"class_list":{"0":"post-17898","1":"product","2":"type-product","3":"status-publish","4":"has-post-thumbnail","6":"product_cat-io-led-pendel-deckenleuchte","7":"product_tag-32540-de","8":"product_tag-32541-de","9":"product_tag-32542-de","10":"product_tag-32543-de","11":"product_tag-32545-de","12":"pa_cct-2700k-de","13":"pa_cct-3000k-de","14":"pa_cct-4000k-de","15":"pa_certificazione-conformita-ce-de","16":"pa_classe-f-da","17":"pa_cri-85-de","18":"pa_grado-ip-ip40-de","19":"pa_lifetime-l80b10-50-000-h-de","20":"pa_temperatura-di-esercizio-10-30-de","22":"first","23":"instock","24":"virtual","25":"purchasable","26":"product-type-composite"},"composite_virtual":false,"composite_layout":"single","composite_add_to_cart_form_location":"default","composite_editable_in_cart":false,"composite_sold_individually_context":"product","composite_shop_price_calc":"defaults","composite_components":[{"id":"1675355641","title":"Geh\u00e4use der Leuchte","description":"","query_type":"product_ids","query_ids":[24627],"default_option_id":24627,"thumbnail_id":"","thumbnail_src":"","quantity_min":1,"quantity_max":1,"priced_individually":false,"shipped_individually":true,"optional":false,"discount":"","options_style":"radios","pagination_style":"classic","display_prices":"absolute","show_sorting_options":false,"show_filtering_options":false,"attribute_filter_ids":[],"product_title_visible":false,"product_descr_visible":false,"product_price_visible":false,"product_thumb_visible":false,"subtotal_visible_product":false,"subtotal_visible_cart":false,"subtotal_visible_orders":false},{"id":"1675355642","title":"Version","description":"","query_type":"product_ids","query_ids":[24631,24635,24639,24645,24649],"default_option_id":"","thumbnail_id":"","thumbnail_src":"","quantity_min":1,"quantity_max":1,"priced_individually":false,"shipped_individually":true,"optional":true,"discount":"","options_style":"radios","pagination_style":"classic","display_prices":"absolute","show_sorting_options":false,"show_filtering_options":false,"attribute_filter_ids":[],"product_title_visible":false,"product_descr_visible":false,"product_price_visible":false,"product_thumb_visible":false,"subtotal_visible_product":false,"subtotal_visible_cart":false,"subtotal_visible_orders":false},{"id":"1675355643","title":"Kontrolle","description":"","query_type":"product_ids","query_ids":[20511,24654,20515,20517,20518,51159,20520,20521],"default_option_id":"","thumbnail_id":"","thumbnail_src":"","quantity_min":1,"quantity_max":1,"priced_individually":false,"shipped_individually":true,"optional":true,"discount":"","options_style":"radios","pagination_style":"classic","display_prices":"absolute","show_sorting_options":false,"show_filtering_options":false,"attribute_filter_ids":[],"product_title_visible":false,"product_descr_visible":false,"product_price_visible":false,"product_thumb_visible":false,"subtotal_visible_product":false,"subtotal_visible_cart":false,"subtotal_visible_orders":false},{"id":"1675355644","title":"Oberfl\u00e4che","description":"","query_type":"product_ids","query_ids":[20779,20782,20787,20791],"default_option_id":"","thumbnail_id":"","thumbnail_src":"","quantity_min":1,"quantity_max":1,"priced_individually":false,"shipped_individually":true,"optional":true,"discount":"","options_style":"radios","pagination_style":"classic","display_prices":"absolute","show_sorting_options":false,"show_filtering_options":false,"attribute_filter_ids":[],"product_title_visible":false,"product_descr_visible":false,"product_price_visible":false,"product_thumb_visible":false,"subtotal_visible_product":false,"subtotal_visible_cart":false,"subtotal_visible_orders":false},{"id":"1675355645","title":"CRI-CCT","description":"","query_type":"product_ids","query_ids":[20711,20719,20712],"default_option_id":"","thumbnail_id":"","thumbnail_src":"","quantity_min":1,"quantity_max":1,"priced_individually":false,"shipped_individually":true,"optional":true,"discount":"","options_style":"radios","pagination_style":"classic","display_prices":"absolute","show_sorting_options":false,"show_filtering_options":false,"attribute_filter_ids":[],"product_title_visible":false,"product_descr_visible":false,"product_price_visible":false,"product_thumb_visible":false,"subtotal_visible_product":false,"subtotal_visible_cart":false,"subtotal_visible_orders":false},{"id":"1675355646","title":"Separat bestellen","description":"","query_type":"product_ids","query_ids":[7635],"default_option_id":7635,"thumbnail_id":"","thumbnail_src":"","quantity_min":1,"quantity_max":1,"priced_individually":false,"shipped_individually":true,"optional":false,"discount":"","options_style":"radios","pagination_style":"classic","display_prices":"absolute","show_sorting_options":false,"show_filtering_options":false,"attribute_filter_ids":[],"product_title_visible":false,"product_descr_visible":false,"product_price_visible":false,"product_thumb_visible":false,"subtotal_visible_product":false,"subtotal_visible_cart":false,"subtotal_visible_orders":false},{"id":"1675355214","title":"Bausatz Aufh\u00e4ngung","description":"","query_type":"product_ids","query_ids":[42097],"default_option_id":42097,"thumbnail_id":"","thumbnail_src":"","quantity_min":1,"quantity_max":1,"priced_individually":false,"shipped_individually":true,"optional":false,"discount":"","options_style":"radios","pagination_style":"classic","display_prices":"absolute","show_sorting_options":false,"show_filtering_options":false,"attribute_filter_ids":[],"product_title_visible":false,"product_descr_visible":true,"product_price_visible":false,"product_thumb_visible":true,"subtotal_visible_product":false,"subtotal_visible_cart":false,"subtotal_visible_orders":false},{"id":"1678726917","title":"Ausw\u00e4hlen, um den Diffusor zu aktivieren","description":"","query_type":"product_ids","query_ids":[7635],"default_option_id":"","thumbnail_id":"","thumbnail_src":"","quantity_min":1,"quantity_max":1,"priced_individually":false,"shipped_individually":true,"optional":true,"discount":"","options_style":"radios","pagination_style":"classic","display_prices":"absolute","show_sorting_options":false,"show_filtering_options":false,"attribute_filter_ids":[],"product_title_visible":false,"product_descr_visible":false,"product_price_visible":false,"product_thumb_visible":false,"subtotal_visible_product":false,"subtotal_visible_cart":false,"subtotal_visible_orders":false},{"id":"1678981977","title":"Zubeh\u00f6r","description":"","query_type":"product_ids","query_ids":[24658],"default_option_id":24658,"thumbnail_id":"","thumbnail_src":"","quantity_min":1,"quantity_max":1,"priced_individually":false,"shipped_individually":true,"optional":false,"discount":"","options_style":"radios","pagination_style":"classic","display_prices":"absolute","show_sorting_options":false,"show_filtering_options":false,"attribute_filter_ids":[],"product_title_visible":false,"product_descr_visible":true,"product_price_visible":false,"product_thumb_visible":true,"subtotal_visible_product":false,"subtotal_visible_cart":false,"subtotal_visible_orders":false}],"composite_scenarios":[{"id":"1675356211","name":"260","description":"","configuration":[{"component_id":"1675355642","options_modifier":"in","component_options":[24631]}],"actions":[{"action_id":"compat_group","is_active":false},{"action_id":"conditional_components","is_active":false,"hidden_components":[]},{"action_id":"conditional_options","is_active":true,"hidden_options":[{"component_id":"1675355643","component_options":[20521],"options_modifier":"in"},{"component_id":"1675355645","component_options":[20711],"options_modifier":"in"},{"component_id":"1678981977","component_options":[-1,46178],"options_modifier":"not-in"}]}],"enabled":true},{"id":"1675356212","name":"450","description":"","configuration":[{"component_id":"1675355642","options_modifier":"in","component_options":[24635]}],"actions":[{"action_id":"compat_group","is_active":false},{"action_id":"conditional_components","is_active":false,"hidden_components":[]},{"action_id":"conditional_options","is_active":true,"hidden_options":[{"component_id":"1675355643","component_options":[20521],"options_modifier":"in"},{"component_id":"1678981977","component_options":[-1,74815],"options_modifier":"not-in"}]}],"enabled":true},{"id":"1675356213","name":"550","description":"","configuration":[{"component_id":"1675355642","options_modifier":"in","component_options":[24639]}],"actions":[{"action_id":"compat_group","is_active":false},{"action_id":"conditional_components","is_active":false,"hidden_components":[]},{"action_id":"conditional_options","is_active":true,"hidden_options":[{"component_id":"1675355643","component_options":[20520],"options_modifier":"in"},{"component_id":"1678981977","component_options":[-1,46231],"options_modifier":"not-in"}]}],"enabled":true},{"id":"1675356214","name":"650","description":"","configuration":[{"component_id":"1675355642","options_modifier":"in","component_options":[24645]}],"actions":[{"action_id":"compat_group","is_active":false},{"action_id":"conditional_components","is_active":false,"hidden_components":[]},{"action_id":"conditional_options","is_active":true,"hidden_options":[{"component_id":"1675355643","component_options":[20520],"options_modifier":"in"},{"component_id":"1678981977","component_options":[-1,46227],"options_modifier":"not-in"}]}],"enabled":true},{"id":"1675356215","name":"950","description":"","configuration":[{"component_id":"1675355642","options_modifier":"in","component_options":[24649]}],"actions":[{"action_id":"compat_group","is_active":false},{"action_id":"conditional_components","is_active":false,"hidden_components":[]},{"action_id":"conditional_options","is_active":true,"hidden_options":[{"component_id":"1675355643","component_options":[20520],"options_modifier":"in"},{"component_id":"1678981977","component_options":[-1,46219],"options_modifier":"not-in"}]}],"enabled":true},{"id":"1675356216","name":"push 68","description":"","configuration":[{"component_id":"1675355643","options_modifier":"in","component_options":[20520]}],"actions":[{"action_id":"compat_group","is_active":false},{"action_id":"conditional_components","is_active":false,"hidden_components":[]},{"action_id":"conditional_options","is_active":true,"hidden_options":[{"component_id":"1675355642","component_options":[24639,24645,24649],"options_modifier":"in"}]}],"enabled":true},{"id":"1675356217","name":"push 69","description":"","configuration":[{"component_id":"1675355643","options_modifier":"in","component_options":[20521]}],"actions":[{"action_id":"compat_group","is_active":false},{"action_id":"conditional_components","is_active":false,"hidden_components":[]},{"action_id":"conditional_options","is_active":true,"hidden_options":[{"component_id":"1675355642","component_options":[24631,24635],"options_modifier":"in"}]}],"enabled":true},{"id":"1675356218","name":"cri85 2700","description":"","configuration":[{"component_id":"1675355645","options_modifier":"in","component_options":[20711]}],"actions":[{"action_id":"compat_group","is_active":false},{"action_id":"conditional_components","is_active":false,"hidden_components":[]},{"action_id":"conditional_options","is_active":true,"hidden_options":[{"component_id":"1675355642","component_options":[24631],"options_modifier":"in"}]}],"enabled":true},{"id":"1675356219","name":"acc","description":"","configuration":[{"component_id":"1678726917","options_modifier":"in","component_options":[-1]}],"actions":[{"action_id":"compat_group","is_active":false},{"action_id":"conditional_components","is_active":true,"hidden_components":["1678981977"]},{"action_id":"conditional_options","is_active":true,"hidden_options":[{"component_id":"1678981977","component_options":[-1],"options_modifier":"not-in"}]}],"enabled":true},{"id":"1675356220","name":"kit 260\/450","description":"","configuration":[{"component_id":"1675355642","options_modifier":"in","component_options":[24631,24635]}],"actions":[{"action_id":"compat_group","is_active":false},{"action_id":"conditional_components","is_active":false,"hidden_components":[]},{"action_id":"conditional_options","is_active":true,"hidden_options":[{"component_id":"1675355214","component_options":[-1,42099,42098],"options_modifier":"not-in"}]}],"enabled":true},{"id":"1675356221","name":"kit 550\/650","description":"","configuration":[{"component_id":"1675355642","options_modifier":"in","component_options":[24639,24645]}],"actions":[{"action_id":"compat_group","is_active":false},{"action_id":"conditional_components","is_active":false,"hidden_components":[]},{"action_id":"conditional_options","is_active":true,"hidden_options":[{"component_id":"1675355214","component_options":[-1,42099,42098,42103,42102],"options_modifier":"not-in"}]}],"enabled":true},{"id":"1675356222","name":"kit 950","description":"","configuration":[{"component_id":"1675355642","options_modifier":"in","component_options":[24649]}],"actions":[{"action_id":"compat_group","is_active":false},{"action_id":"conditional_components","is_active":false,"hidden_components":[]},{"action_id":"conditional_options","is_active":true,"hidden_options":[{"component_id":"1675355214","component_options":[-1,42101,42100,42105,42104],"options_modifier":"not-in"}]}],"enabled":true},{"id":"1713805003","name":"taglio fase","description":"","configuration":[{"component_id":"1675355643","options_modifier":"in","component_options":[20517]}],"actions":[{"action_id":"compat_group","is_active":false},{"action_id":"conditional_components","is_active":false,"hidden_components":[]},{"action_id":"conditional_options","is_active":true,"hidden_options":[{"component_id":"1675355214","component_options":[42103,42102,42105,42104],"options_modifier":"in"}]}],"enabled":true}],"bundled_by":[],"bundle_stock_status":"instock","bundle_stock_quantity":null,"bundle_virtual":false,"bundle_layout":"","bundle_add_to_cart_form_location":"","bundle_editable_in_cart":false,"bundle_sold_individually_context":"","bundle_item_grouping":"","bundle_min_size":"","bundle_max_size":"","bundled_items":[],"bundle_sell_ids":[],"acf":[],"yoast_head":"<!-- This site is optimized with the Yoast SEO plugin v27.5 - https:\/\/yoast.com\/product\/yoast-seo-wordpress\/ -->\n<title>IO Pendel | Exenia<\/title>\n<meta name=\"robots\" content=\"noindex, follow, max-snippet:-1, max-image-preview:large, max-video-preview:-1\" \/>\n<meta property=\"og:locale\" content=\"de_DE\" \/>\n<meta property=\"og:type\" content=\"article\" \/>\n<meta property=\"og:title\" content=\"IO Pendel | Exenia\" \/>\n<meta property=\"og:description\" content=\"LED-Deckenleuchte mit Diffusor aus opalem Methacrylat (PMMA). Geh\u00e4use aus lackiertem...\" \/>\n<meta property=\"og:url\" content=\"https:\/\/restyling.exenia.eu\/prodotto\/io-sospensione\/\" \/>\n<meta property=\"og:site_name\" content=\"Exenia\" \/>\n<meta property=\"article:publisher\" content=\"https:\/\/www.facebook.com\/exenialighting\" \/>\n<meta property=\"og:image\" content=\"https:\/\/restyling.exenia.eu\/wp-content\/uploads\/2023\/01\/Io-sospensione-prodotto.jpg\" \/>\n\t<meta property=\"og:image:width\" content=\"2000\" \/>\n\t<meta property=\"og:image:height\" content=\"1919\" \/>\n\t<meta property=\"og:image:type\" content=\"image\/jpeg\" \/>\n<!-- \/ Yoast SEO plugin. -->","yoast_head_json":{"title":"IO Pendel | Exenia","robots":{"index":"noindex","follow":"follow","max-snippet":"max-snippet:-1","max-image-preview":"max-image-preview:large","max-video-preview":"max-video-preview:-1"},"og_locale":"de_DE","og_type":"article","og_title":"IO Pendel | Exenia","og_description":"LED-Deckenleuchte mit Diffusor aus opalem Methacrylat (PMMA). Geh\u00e4use aus lackiertem...","og_url":"https:\/\/restyling.exenia.eu\/prodotto\/io-sospensione\/","og_site_name":"Exenia","article_publisher":"https:\/\/www.facebook.com\/exenialighting","og_image":[{"width":2000,"height":1919,"url":"https:\/\/restyling.exenia.eu\/wp-content\/uploads\/2023\/01\/Io-sospensione-prodotto.jpg","type":"image\/jpeg"}],"schema":{"@context":"https:\/\/schema.org","@graph":[{"@type":"WebPage","@id":"https:\/\/restyling.exenia.eu\/prodotto\/io-sospensione\/","url":"https:\/\/restyling.exenia.eu\/prodotto\/io-sospensione\/","name":"IO Pendel | Exenia","isPartOf":{"@id":"https:\/\/restyling.exenia.eu\/#website"},"primaryImageOfPage":{"@id":"https:\/\/restyling.exenia.eu\/prodotto\/io-sospensione\/#primaryimage"},"image":{"@id":"https:\/\/restyling.exenia.eu\/prodotto\/io-sospensione\/#primaryimage"},"thumbnailUrl":"https:\/\/restyling.exenia.eu\/wp-content\/uploads\/2023\/01\/Io-sospensione-prodotto.jpg","datePublished":"2023-11-21T08:57:15+00:00","breadcrumb":{"@id":"https:\/\/restyling.exenia.eu\/prodotto\/io-sospensione\/#breadcrumb"},"inLanguage":"de","potentialAction":[{"@type":"ReadAction","target":["https:\/\/restyling.exenia.eu\/prodotto\/io-sospensione\/"]}]},{"@type":"ImageObject","inLanguage":"de","@id":"https:\/\/restyling.exenia.eu\/prodotto\/io-sospensione\/#primaryimage","url":"https:\/\/restyling.exenia.eu\/wp-content\/uploads\/2023\/01\/Io-sospensione-prodotto.jpg","contentUrl":"https:\/\/restyling.exenia.eu\/wp-content\/uploads\/2023\/01\/Io-sospensione-prodotto.jpg","width":2000,"height":1919},{"@type":"BreadcrumbList","@id":"https:\/\/restyling.exenia.eu\/prodotto\/io-sospensione\/#breadcrumb","itemListElement":[{"@type":"ListItem","position":1,"name":"Home","item":"https:\/\/restyling.exenia.eu\/"},{"@type":"ListItem","position":2,"name":"Produkte","item":"https:\/\/restyling.exenia.eu\/prodotti\/"},{"@type":"ListItem","position":3,"name":"Indoor","item":"https:\/\/restyling.exenia.eu\/c\/indoor\/"},{"@type":"ListItem","position":4,"name":"Apparecchi a sospensione - Plafoniere","item":"https:\/\/restyling.exenia.eu\/c\/indoor\/apparecchi-a-sospensione-plafoniere\/"},{"@type":"ListItem","position":5,"name":"IO","item":"https:\/\/restyling.exenia.eu\/c\/indoor\/apparecchi-a-sospensione-plafoniere\/io-apparecchi-a-sospensione-plafoniere\/"},{"@type":"ListItem","position":6,"name":"IO Pendel"}]},{"@type":"WebSite","@id":"https:\/\/restyling.exenia.eu\/#website","url":"https:\/\/restyling.exenia.eu\/","name":"Exenia","description":"","publisher":{"@id":"https:\/\/restyling.exenia.eu\/#organization"},"potentialAction":[{"@type":"SearchAction","target":{"@type":"EntryPoint","urlTemplate":"https:\/\/restyling.exenia.eu\/?s={search_term_string}"},"query-input":{"@type":"PropertyValueSpecification","valueRequired":true,"valueName":"search_term_string"}}],"inLanguage":"de"},{"@type":"Organization","@id":"https:\/\/restyling.exenia.eu\/#organization","name":"Exenia","url":"https:\/\/restyling.exenia.eu\/","logo":{"@type":"ImageObject","inLanguage":"de","@id":"https:\/\/restyling.exenia.eu\/#\/schema\/logo\/image\/","url":"https:\/\/restyling.exenia.eu\/wp-content\/uploads\/2022\/09\/logo_exenia-e1678467519405.png","contentUrl":"https:\/\/restyling.exenia.eu\/wp-content\/uploads\/2022\/09\/logo_exenia-e1678467519405.png","width":600,"height":194,"caption":"Exenia"},"image":{"@id":"https:\/\/restyling.exenia.eu\/#\/schema\/logo\/image\/"},"sameAs":["https:\/\/www.facebook.com\/exenialighting","https:\/\/x.com\/ExeniaLighting"]}]}},"_links":{"self":[{"href":"https:\/\/restyling.exenia.eu\/de\/wp-json\/wp\/v2\/product\/17898","targetHints":{"allow":["GET"]}}],"collection":[{"href":"https:\/\/restyling.exenia.eu\/de\/wp-json\/wp\/v2\/product"}],"about":[{"href":"https:\/\/restyling.exenia.eu\/de\/wp-json\/wp\/v2\/types\/product"}],"wp:featuredmedia":[{"embeddable":true,"href":"https:\/\/restyling.exenia.eu\/de\/wp-json\/wp\/v2\/media\/23013"}],"wp:attachment":[{"href":"https:\/\/restyling.exenia.eu\/de\/wp-json\/wp\/v2\/media?parent=17898"}],"wp:term":[{"taxonomy":"product_brand","embeddable":true,"href":"https:\/\/restyling.exenia.eu\/de\/wp-json\/wp\/v2\/product_brand?post=17898"},{"taxonomy":"product_cat","embeddable":true,"href":"https:\/\/restyling.exenia.eu\/de\/wp-json\/wp\/v2\/product_cat?post=17898"},{"taxonomy":"product_tag","embeddable":true,"href":"https:\/\/restyling.exenia.eu\/de\/wp-json\/wp\/v2\/product_tag?post=17898"},{"taxonomy":"categoria-admin-prodotto","embeddable":true,"href":"https:\/\/restyling.exenia.eu\/de\/wp-json\/wp\/v2\/categoria-admin-prodotto?post=17898"}],"curies":[{"name":"wp","href":"https:\/\/api.w.org\/{rel}","templated":true}]}}