{"id":17905,"date":"2023-01-13T17:52:21","date_gmt":"2023-01-13T16:52:21","guid":{"rendered":"https:\/\/www.exenia.eu\/?post_type=product&#038;p=17905"},"modified":"2023-06-12T09:48:02","modified_gmt":"2023-06-12T07:48:02","slug":"play","status":"publish","type":"product","link":"https:\/\/restyling.exenia.eu\/de\/produkt\/play\/","title":{"rendered":"Play"},"content":{"rendered":"<p>Runde oder quadratische Wandleuchte mit einem LED-Leuchtmittel. Lichtverteilung nach oben oder auch nach unten. Leuchtengeh\u00e4use aus Druckguss-Aluminium und versiegeltes Optikgeh\u00e4use aus Glas. Nennleistung 5 W (635 lm) und erh\u00e4ltlich in den Farbtemperaturen 2700 K, 3000 K oder 4000 K bei einem CRI 95 oder 3000 K bei CRI 85. Lichtstromerhalt von 115.000 Stunden (L80\/B10). Zu den Optionen f\u00fcr die nat\u00fcrliche Pulverbeschichtung geh\u00f6ren Carbongrau, Fangobraun, Sand, Mattwei\u00df txt und Rost-Effekt. Zur Auswahl stehen die folgenden Optiken: Spot (15\u00b0), Flood (21\u00b0), Medium (32\u00b0) und Wide (38\u00b0). F\u00fcr PLAY steht ein Sortiment an optischem Zubeh\u00f6r zur Verf\u00fcgung, unter anderem das Bienenwaben-Gitter (werksseitig montiert) und der farbige Ring, der Snoot, die Blende und das Zubeh\u00f6r f\u00fcr das elliptische Lichtb\u00fcndel 18\u00b0 x 40\u00b0 (separat zu bestellen). Die Farbringe bestehen aus UV-Strahlen-resistentem PMMA und sind erh\u00e4ltlich in durchscheinendem Orange, durchscheinendem Blau, durchscheinendem Gr\u00fcn und Neutral. Au\u00dferdem steht als Zubeh\u00f6r ein externes Cover zur Verf\u00fcgung, das separat zu bestellen ist. Dieses Cover deckt die Leuchte vollst\u00e4ndig ab, sodass das LED-Leuchtmittel nicht mehr sichtbar ist. So wird nicht nur die Blendung nochmals reduziert, sondern es entsteht ein scharfes Lichtb\u00fcndel. Dieses Zubeh\u00f6rteil kann in den Farben Kupfer txt, Gold txt und Dunkle Bronze bestellt werden. Schutzart IP67. Leuchte mit Schutzklasse I, inklusive Stromversorgung f\u00fcr den Betriebsmodus ON\/OFF.<\/p>\n","protected":false},"excerpt":{"rendered":"<p>Runde oder quadratische Wandleuchte mit einem LED-Leuchtmittel. Lichtverteilung nach oben&#8230;<\/p>\n","protected":false},"featured_media":12017,"template":"","meta":{"_acf_changed":false},"product_brand":[],"product_cat":[2834],"product_tag":[7590,7663],"categoria-admin-prodotto":[],"class_list":{"0":"post-17905","1":"product","2":"type-product","3":"status-publish","4":"has-post-thumbnail","6":"product_cat-play-wandleuchten-outdoor","7":"product_tag-840060-de","8":"product_tag-840160-de","9":"pa_cct-2700k-de","10":"pa_cct-3000k-de","11":"pa_cct-4000k-de","12":"pa_certificazione-conformita-ce-de","13":"pa_cri-85-de","14":"pa_cri-95-de","15":"pa_grado-ip-ip67-de","16":"pa_grado-ip-ik08-de","17":"pa_lifetime-l80b10-115-000-h-de","18":"pa_temperatura-di-esercizio-10-30-de","20":"first","21":"instock","22":"purchasable","23":"product-type-composite"},"composite_virtual":false,"composite_layout":"single","composite_add_to_cart_form_location":"default","composite_editable_in_cart":false,"composite_sold_individually_context":"product","composite_shop_price_calc":"defaults","composite_components":[{"id":"1674807629","title":"Geh\u00e4use der Leuchte","description":"","query_type":"product_ids","query_ids":[20664,20663],"default_option_id":"","thumbnail_id":"","thumbnail_src":"","quantity_min":1,"quantity_max":1,"priced_individually":false,"shipped_individually":false,"optional":true,"discount":"","options_style":"radios","pagination_style":"classic","display_prices":"absolute","show_sorting_options":false,"show_filtering_options":false,"attribute_filter_ids":[],"product_title_visible":false,"product_descr_visible":false,"product_price_visible":false,"product_thumb_visible":false,"subtotal_visible_product":false,"subtotal_visible_cart":false,"subtotal_visible_orders":false},{"id":"1674807630","title":"Version","description":"","query_type":"product_ids","query_ids":[21163],"default_option_id":21163,"thumbnail_id":"","thumbnail_src":"","quantity_min":1,"quantity_max":1,"priced_individually":false,"shipped_individually":false,"optional":false,"discount":"","options_style":"radios","pagination_style":"classic","display_prices":"absolute","show_sorting_options":false,"show_filtering_options":false,"attribute_filter_ids":[],"product_title_visible":false,"product_descr_visible":false,"product_price_visible":false,"product_thumb_visible":false,"subtotal_visible_product":false,"subtotal_visible_cart":false,"subtotal_visible_orders":false},{"id":"1674807631","title":"Kontrolle","description":"","query_type":"product_ids","query_ids":[20508],"default_option_id":20508,"thumbnail_id":"","thumbnail_src":"","quantity_min":1,"quantity_max":1,"priced_individually":false,"shipped_individually":false,"optional":false,"discount":"","options_style":"radios","pagination_style":"classic","display_prices":"absolute","show_sorting_options":false,"show_filtering_options":false,"attribute_filter_ids":[],"product_title_visible":false,"product_descr_visible":false,"product_price_visible":false,"product_thumb_visible":false,"subtotal_visible_product":false,"subtotal_visible_cart":false,"subtotal_visible_orders":false},{"id":"1674807632","title":"Oberfl\u00e4che","description":"","query_type":"product_ids","query_ids":[20826,20831,20822,20829,20838],"default_option_id":"","thumbnail_id":"","thumbnail_src":"","quantity_min":1,"quantity_max":1,"priced_individually":false,"shipped_individually":false,"optional":true,"discount":"","options_style":"radios","pagination_style":"classic","display_prices":"absolute","show_sorting_options":false,"show_filtering_options":false,"attribute_filter_ids":[],"product_title_visible":false,"product_descr_visible":false,"product_price_visible":false,"product_thumb_visible":false,"subtotal_visible_product":false,"subtotal_visible_cart":false,"subtotal_visible_orders":false},{"id":"1674807633","title":"CRI-CCT","description":"","query_type":"product_ids","query_ids":[20717,20695,20696,20697],"default_option_id":"","thumbnail_id":"","thumbnail_src":"","quantity_min":1,"quantity_max":1,"priced_individually":false,"shipped_individually":false,"optional":true,"discount":"","options_style":"radios","pagination_style":"classic","display_prices":"absolute","show_sorting_options":false,"show_filtering_options":false,"attribute_filter_ids":[],"product_title_visible":false,"product_descr_visible":false,"product_price_visible":false,"product_thumb_visible":false,"subtotal_visible_product":false,"subtotal_visible_cart":false,"subtotal_visible_orders":false},{"id":"1674807634","title":"Optik","description":"","query_type":"product_ids","query_ids":[20975,20919,20949,20993],"default_option_id":"","thumbnail_id":"","thumbnail_src":"","quantity_min":1,"quantity_max":1,"priced_individually":false,"shipped_individually":false,"optional":true,"discount":"","options_style":"radios","pagination_style":"classic","display_prices":"absolute","show_sorting_options":false,"show_filtering_options":false,"attribute_filter_ids":[],"product_title_visible":false,"product_descr_visible":false,"product_price_visible":false,"product_thumb_visible":false,"subtotal_visible_product":false,"subtotal_visible_cart":false,"subtotal_visible_orders":false},{"id":"1674807635","title":"Zubehor","description":"","query_type":"product_ids","query_ids":[20456],"default_option_id":"","thumbnail_id":"","thumbnail_src":"","quantity_min":1,"quantity_max":1,"priced_individually":false,"shipped_individually":false,"optional":true,"discount":"","options_style":"radios","pagination_style":"classic","display_prices":"absolute","show_sorting_options":false,"show_filtering_options":false,"attribute_filter_ids":[],"product_title_visible":false,"product_descr_visible":false,"product_price_visible":false,"product_thumb_visible":false,"subtotal_visible_product":false,"subtotal_visible_cart":false,"subtotal_visible_orders":false},{"id":"1676311518","title":"Sekund\u00e4res optisches Zubeh\u00f6r","description":"","query_type":"product_ids","query_ids":[41019],"default_option_id":41019,"thumbnail_id":"","thumbnail_src":"","quantity_min":1,"quantity_max":1,"priced_individually":false,"shipped_individually":false,"optional":false,"discount":"","options_style":"radios","pagination_style":"classic","display_prices":"absolute","show_sorting_options":false,"show_filtering_options":false,"attribute_filter_ids":[],"product_title_visible":false,"product_descr_visible":false,"product_price_visible":false,"product_thumb_visible":false,"subtotal_visible_product":false,"subtotal_visible_cart":false,"subtotal_visible_orders":false},{"id":"1676311519","title":" ","description":"","query_type":"product_ids","query_ids":[41040],"default_option_id":41040,"thumbnail_id":"","thumbnail_src":"","quantity_min":1,"quantity_max":1,"priced_individually":false,"shipped_individually":false,"optional":false,"discount":"","options_style":"radios","pagination_style":"classic","display_prices":"absolute","show_sorting_options":false,"show_filtering_options":false,"attribute_filter_ids":[],"product_title_visible":false,"product_descr_visible":false,"product_price_visible":false,"product_thumb_visible":false,"subtotal_visible_product":false,"subtotal_visible_cart":false,"subtotal_visible_orders":false},{"id":"1676311520","title":"W\u00e4hlen Sie, um den Ring zu aktivieren","description":"","query_type":"product_ids","query_ids":[7635],"default_option_id":"","thumbnail_id":"","thumbnail_src":"","quantity_min":1,"quantity_max":1,"priced_individually":false,"shipped_individually":false,"optional":true,"discount":"","options_style":"radios","pagination_style":"classic","display_prices":"absolute","show_sorting_options":false,"show_filtering_options":false,"attribute_filter_ids":[],"product_title_visible":false,"product_descr_visible":false,"product_price_visible":false,"product_thumb_visible":false,"subtotal_visible_product":false,"subtotal_visible_cart":false,"subtotal_visible_orders":false},{"id":"1678870664","title":"Dekorativer Ring","description":"","query_type":"product_ids","query_ids":[41713],"default_option_id":41713,"thumbnail_id":"","thumbnail_src":"","quantity_min":1,"quantity_max":1,"priced_individually":false,"shipped_individually":false,"optional":false,"discount":"","options_style":"radios","pagination_style":"classic","display_prices":"absolute","show_sorting_options":false,"show_filtering_options":false,"attribute_filter_ids":[],"product_title_visible":false,"product_descr_visible":true,"product_price_visible":false,"product_thumb_visible":true,"subtotal_visible_product":false,"subtotal_visible_cart":false,"subtotal_visible_orders":false},{"id":"1676311522","title":"Steckverbinder","description":"","query_type":"product_ids","query_ids":[33022],"default_option_id":33022,"thumbnail_id":"","thumbnail_src":"","quantity_min":1,"quantity_max":1,"priced_individually":false,"shipped_individually":false,"optional":false,"discount":"","options_style":"radios","pagination_style":"classic","display_prices":"absolute","show_sorting_options":false,"show_filtering_options":false,"attribute_filter_ids":[],"product_title_visible":false,"product_descr_visible":false,"product_price_visible":false,"product_thumb_visible":false,"subtotal_visible_product":false,"subtotal_visible_cart":false,"subtotal_visible_orders":false},{"id":"1676311523","title":" ","description":"","query_type":"product_ids","query_ids":[7635],"default_option_id":"","thumbnail_id":"","thumbnail_src":"","quantity_min":1,"quantity_max":1,"priced_individually":false,"shipped_individually":false,"optional":true,"discount":"","options_style":"radios","pagination_style":"classic","display_prices":"absolute","show_sorting_options":false,"show_filtering_options":false,"attribute_filter_ids":[],"product_title_visible":false,"product_descr_visible":false,"product_price_visible":false,"product_thumb_visible":false,"subtotal_visible_product":false,"subtotal_visible_cart":false,"subtotal_visible_orders":false},{"id":"1676311524","title":"Dekorative Abdeckung","description":"","query_type":"product_ids","query_ids":[41481,41499],"default_option_id":"","thumbnail_id":"","thumbnail_src":"","quantity_min":1,"quantity_max":1,"priced_individually":false,"shipped_individually":false,"optional":true,"discount":"","options_style":"radios","pagination_style":"classic","display_prices":"absolute","show_sorting_options":false,"show_filtering_options":false,"attribute_filter_ids":[],"product_title_visible":false,"product_descr_visible":false,"product_price_visible":false,"product_thumb_visible":true,"subtotal_visible_product":false,"subtotal_visible_cart":false,"subtotal_visible_orders":false}],"composite_scenarios":[{"id":"1676311708","name":"OTTICA ELLITTICA","description":"","configuration":[{"component_id":"1674807634","options_modifier":"in","component_options":[20919,20949,20993]}],"actions":[{"action_id":"compat_group","is_active":false},{"action_id":"conditional_components","is_active":true,"hidden_components":["1676311519"]},{"action_id":"conditional_options","is_active":true,"hidden_options":[{"component_id":"1676311519","component_options":[-1],"options_modifier":"not-in"}]}],"enabled":true},{"id":"1676311710","name":"NO COVER","description":"","configuration":[{"component_id":"1676311523","options_modifier":"in","component_options":[-1]}],"actions":[{"action_id":"compat_group","is_active":false},{"action_id":"conditional_components","is_active":true,"hidden_components":["1676311524"]},{"action_id":"conditional_options","is_active":false,"hidden_options":[]}],"enabled":true},{"id":"1676311711","name":"COVER ROUND","description":"","configuration":[{"component_id":"1674807629","options_modifier":"in","component_options":[20664]},{"component_id":"1676311523","options_modifier":"in","component_options":[7635]}],"actions":[{"action_id":"compat_group","is_active":false},{"action_id":"conditional_components","is_active":false,"hidden_components":[]},{"action_id":"conditional_options","is_active":true,"hidden_options":[{"component_id":"1676311524","component_options":[41499],"options_modifier":"in"}]}],"enabled":true},{"id":"1676311712","name":"COVER SQUARE","description":"","configuration":[{"component_id":"1674807629","options_modifier":"in","component_options":[20663]},{"component_id":"1676311523","options_modifier":"in","component_options":[7635]}],"actions":[{"action_id":"compat_group","is_active":false},{"action_id":"conditional_components","is_active":false,"hidden_components":[]},{"action_id":"conditional_options","is_active":true,"hidden_options":[{"component_id":"1676311524","component_options":[41481],"options_modifier":"in"}]}],"enabled":true},{"id":"1678870712","name":"NO ANELLO DECORATIVO","description":"","configuration":[{"component_id":"1676311520","options_modifier":"in","component_options":[-1]}],"actions":[{"action_id":"compat_group","is_active":false},{"action_id":"conditional_components","is_active":true,"hidden_components":["1678870664"]},{"action_id":"conditional_options","is_active":true,"hidden_options":[{"component_id":"1678870664","component_options":[-1],"options_modifier":"not-in"}]}],"enabled":true}],"bundled_by":[],"bundle_stock_status":"instock","bundle_stock_quantity":null,"bundle_virtual":false,"bundle_layout":"","bundle_add_to_cart_form_location":"","bundle_editable_in_cart":false,"bundle_sold_individually_context":"","bundle_item_grouping":"","bundle_min_size":"","bundle_max_size":"","bundled_items":[],"bundle_sell_ids":[],"acf":[],"yoast_head":"<!-- This site is optimized with the Yoast SEO plugin v27.5 - https:\/\/yoast.com\/product\/yoast-seo-wordpress\/ -->\n<title>Play | Exenia<\/title>\n<meta name=\"robots\" content=\"noindex, follow, max-snippet:-1, max-image-preview:large, max-video-preview:-1\" \/>\n<meta property=\"og:locale\" content=\"de_DE\" \/>\n<meta property=\"og:type\" content=\"article\" \/>\n<meta property=\"og:title\" content=\"Play | Exenia\" \/>\n<meta property=\"og:description\" content=\"Runde oder quadratische Wandleuchte mit einem LED-Leuchtmittel. Lichtverteilung nach oben...\" \/>\n<meta property=\"og:url\" content=\"https:\/\/restyling.exenia.eu\/de\/produkt\/play\/\" \/>\n<meta property=\"og:site_name\" content=\"Exenia\" \/>\n<meta property=\"article:publisher\" content=\"https:\/\/www.facebook.com\/exenialighting\" \/>\n<meta property=\"article:modified_time\" content=\"2023-06-12T07:48:02+00:00\" \/>\n<meta property=\"og:image\" content=\"https:\/\/restyling.exenia.eu\/wp-content\/uploads\/2023\/01\/Play-prodotto.jpg\" \/>\n\t<meta property=\"og:image:width\" content=\"2000\" \/>\n\t<meta property=\"og:image:height\" content=\"1919\" \/>\n\t<meta property=\"og:image:type\" content=\"image\/jpeg\" \/>\n<!-- \/ Yoast SEO plugin. -->","yoast_head_json":{"title":"Play | Exenia","robots":{"index":"noindex","follow":"follow","max-snippet":"max-snippet:-1","max-image-preview":"max-image-preview:large","max-video-preview":"max-video-preview:-1"},"og_locale":"de_DE","og_type":"article","og_title":"Play | Exenia","og_description":"Runde oder quadratische Wandleuchte mit einem LED-Leuchtmittel. Lichtverteilung nach oben...","og_url":"https:\/\/restyling.exenia.eu\/de\/produkt\/play\/","og_site_name":"Exenia","article_publisher":"https:\/\/www.facebook.com\/exenialighting","article_modified_time":"2023-06-12T07:48:02+00:00","og_image":[{"width":2000,"height":1919,"url":"https:\/\/restyling.exenia.eu\/wp-content\/uploads\/2023\/01\/Play-prodotto.jpg","type":"image\/jpeg"}],"schema":{"@context":"https:\/\/schema.org","@graph":[{"@type":"WebPage","@id":"https:\/\/restyling.exenia.eu\/de\/produkt\/play\/","url":"https:\/\/restyling.exenia.eu\/de\/produkt\/play\/","name":"Play | Exenia","isPartOf":{"@id":"https:\/\/restyling.exenia.eu\/#website"},"primaryImageOfPage":{"@id":"https:\/\/restyling.exenia.eu\/de\/produkt\/play\/#primaryimage"},"image":{"@id":"https:\/\/restyling.exenia.eu\/de\/produkt\/play\/#primaryimage"},"thumbnailUrl":"https:\/\/restyling.exenia.eu\/wp-content\/uploads\/2023\/01\/Play-prodotto.jpg","datePublished":"2023-01-13T16:52:21+00:00","dateModified":"2023-06-12T07:48:02+00:00","breadcrumb":{"@id":"https:\/\/restyling.exenia.eu\/de\/produkt\/play\/#breadcrumb"},"inLanguage":"de","potentialAction":[{"@type":"ReadAction","target":["https:\/\/restyling.exenia.eu\/de\/produkt\/play\/"]}]},{"@type":"ImageObject","inLanguage":"de","@id":"https:\/\/restyling.exenia.eu\/de\/produkt\/play\/#primaryimage","url":"https:\/\/restyling.exenia.eu\/wp-content\/uploads\/2023\/01\/Play-prodotto.jpg","contentUrl":"https:\/\/restyling.exenia.eu\/wp-content\/uploads\/2023\/01\/Play-prodotto.jpg","width":2000,"height":1919},{"@type":"BreadcrumbList","@id":"https:\/\/restyling.exenia.eu\/de\/produkt\/play\/#breadcrumb","itemListElement":[{"@type":"ListItem","position":1,"name":"Home","item":"https:\/\/restyling.exenia.eu\/"},{"@type":"ListItem","position":2,"name":"Produkte","item":"https:\/\/restyling.exenia.eu\/prodotti\/"},{"@type":"ListItem","position":3,"name":"Outdoor","item":"https:\/\/restyling.exenia.eu\/de\/c\/outdoor\/"},{"@type":"ListItem","position":4,"name":"Wandleuchten","item":"https:\/\/restyling.exenia.eu\/de\/c\/outdoor\/wandleuchten\/"},{"@type":"ListItem","position":5,"name":"Play","item":"https:\/\/restyling.exenia.eu\/c\/outdoor\/apparecchi-a-parete-outdoor\/play\/"},{"@type":"ListItem","position":6,"name":"Play"}]},{"@type":"WebSite","@id":"https:\/\/restyling.exenia.eu\/#website","url":"https:\/\/restyling.exenia.eu\/","name":"Exenia","description":"","publisher":{"@id":"https:\/\/restyling.exenia.eu\/#organization"},"potentialAction":[{"@type":"SearchAction","target":{"@type":"EntryPoint","urlTemplate":"https:\/\/restyling.exenia.eu\/?s={search_term_string}"},"query-input":{"@type":"PropertyValueSpecification","valueRequired":true,"valueName":"search_term_string"}}],"inLanguage":"de"},{"@type":"Organization","@id":"https:\/\/restyling.exenia.eu\/#organization","name":"Exenia","url":"https:\/\/restyling.exenia.eu\/","logo":{"@type":"ImageObject","inLanguage":"de","@id":"https:\/\/restyling.exenia.eu\/#\/schema\/logo\/image\/","url":"https:\/\/restyling.exenia.eu\/wp-content\/uploads\/2022\/09\/logo_exenia-e1678467519405.png","contentUrl":"https:\/\/restyling.exenia.eu\/wp-content\/uploads\/2022\/09\/logo_exenia-e1678467519405.png","width":600,"height":194,"caption":"Exenia"},"image":{"@id":"https:\/\/restyling.exenia.eu\/#\/schema\/logo\/image\/"},"sameAs":["https:\/\/www.facebook.com\/exenialighting","https:\/\/x.com\/ExeniaLighting"]}]}},"_links":{"self":[{"href":"https:\/\/restyling.exenia.eu\/de\/wp-json\/wp\/v2\/product\/17905","targetHints":{"allow":["GET"]}}],"collection":[{"href":"https:\/\/restyling.exenia.eu\/de\/wp-json\/wp\/v2\/product"}],"about":[{"href":"https:\/\/restyling.exenia.eu\/de\/wp-json\/wp\/v2\/types\/product"}],"wp:featuredmedia":[{"embeddable":true,"href":"https:\/\/restyling.exenia.eu\/de\/wp-json\/wp\/v2\/media\/12017"}],"wp:attachment":[{"href":"https:\/\/restyling.exenia.eu\/de\/wp-json\/wp\/v2\/media?parent=17905"}],"wp:term":[{"taxonomy":"product_brand","embeddable":true,"href":"https:\/\/restyling.exenia.eu\/de\/wp-json\/wp\/v2\/product_brand?post=17905"},{"taxonomy":"product_cat","embeddable":true,"href":"https:\/\/restyling.exenia.eu\/de\/wp-json\/wp\/v2\/product_cat?post=17905"},{"taxonomy":"product_tag","embeddable":true,"href":"https:\/\/restyling.exenia.eu\/de\/wp-json\/wp\/v2\/product_tag?post=17905"},{"taxonomy":"categoria-admin-prodotto","embeddable":true,"href":"https:\/\/restyling.exenia.eu\/de\/wp-json\/wp\/v2\/categoria-admin-prodotto?post=17905"}],"curies":[{"name":"wp","href":"https:\/\/api.w.org\/{rel}","templated":true}]}}