{"id":17918,"date":"2022-11-24T09:50:58","date_gmt":"2022-11-24T08:50:58","guid":{"rendered":"https:\/\/www.exenia.eu\/prodotto\/nio-small-fisso-downlight\/"},"modified":"2023-06-12T09:47:41","modified_gmt":"2023-06-12T07:47:41","slug":"nio-small-feststehende","status":"publish","type":"product","link":"https:\/\/restyling.exenia.eu\/de\/produkt\/nio-small-feststehende\/","title":{"rendered":"Nio Small Fest"},"content":{"rendered":"<p>Nicht schwenkbare LED-Einbauleuchte von besonders geringer Gr\u00f6\u00dfe. Ein Schutzschild hinter dem Ausziehmechanismus verhindert, dass der Deckenhohlraum sichtbar wird, wenn die Leuchte herausgeschwenkt ist. Somit sieht die Installation bei jeder Ausrichtung stets sauber aus. Die nicht schwenkbare Version der Nio Einbauleuchte ist die neuste Erg\u00e4nzung der Produktfamilie und hat diese nun vervollst\u00e4ndigt. Alle Downlights der Nio Familie verf\u00fcgen \u00fcber einen Farbring, der Teil der optischen Einheit und in vielen Farbausf\u00fchrungen erh\u00e4ltlich ist. Eine Auswahl von drei Abstrahlwinkeln steht f\u00fcr diese Produktfamilie zur Verf\u00fcgung. Stromversorgung \u00fcber externe Treiber f\u00fcr den Betrieb ON\/OFF oder f\u00fcr das Dimmen \u00fcber wahlweise DALI, PUSH, 1-10V und Phasenabschnittsdimmen. Ein separat zu bestellendes Bluetooth-Zubeh\u00f6r, welches mit dem DALI-Betriebsger\u00e4t kombiniert werden kann, erm\u00f6glicht die Steuerung \u00fcber eine App auf dem Smartphone.<\/p>\n","protected":false},"excerpt":{"rendered":"<p>Nicht schwenkbare LED-Einbauleuchte von besonders geringer Gr\u00f6\u00dfe. Ein Schutzschild hinter&#8230;<\/p>\n","protected":false},"featured_media":11847,"template":"","meta":{"_acf_changed":false},"product_brand":[],"product_cat":[3814],"product_tag":[8457],"categoria-admin-prodotto":[],"class_list":{"0":"post-17918","1":"product","2":"type-product","3":"status-publish","4":"has-post-thumbnail","6":"product_cat-nio-de","7":"product_tag-6148056-de","8":"pa_cct-2700k-de","9":"pa_cct-3000k-de","10":"pa_cct-4000k-de","11":"pa_certificazione-conformita-ce-de","12":"pa_classe-f-da","13":"pa_cri-85-de","14":"pa_cri-95-de","15":"pa_grado-ip-ip20-de","16":"pa_lifetime-l80b10-70-000-h-de","17":"pa_temperatura-di-esercizio-10-30-de","19":"first","20":"instock","21":"purchasable","22":"product-type-composite"},"composite_virtual":false,"composite_layout":"single","composite_add_to_cart_form_location":"default","composite_editable_in_cart":false,"composite_sold_individually_context":"product","composite_shop_price_calc":"defaults","composite_components":[{"id":"1670854324","title":"Geh\u00e4use der Leuchte","description":"","query_type":"product_ids","query_ids":[20651],"default_option_id":20651,"thumbnail_id":"","thumbnail_src":"","quantity_min":1,"quantity_max":1,"priced_individually":false,"shipped_individually":false,"optional":false,"discount":"","options_style":"radios","pagination_style":"classic","display_prices":"absolute","show_sorting_options":false,"show_filtering_options":false,"attribute_filter_ids":[],"product_title_visible":false,"product_descr_visible":false,"product_price_visible":false,"product_thumb_visible":false,"subtotal_visible_product":false,"subtotal_visible_cart":false,"subtotal_visible_orders":false},{"id":"1670854643","title":"Version","description":"","query_type":"product_ids","query_ids":[13697],"default_option_id":13697,"thumbnail_id":"","thumbnail_src":"","quantity_min":1,"quantity_max":1,"priced_individually":false,"shipped_individually":false,"optional":false,"discount":"","options_style":"radios","pagination_style":"classic","display_prices":"absolute","show_sorting_options":false,"show_filtering_options":false,"attribute_filter_ids":[],"product_title_visible":false,"product_descr_visible":false,"product_price_visible":false,"product_thumb_visible":false,"subtotal_visible_product":false,"subtotal_visible_cart":false,"subtotal_visible_orders":false},{"id":"1670854950","title":"Leistung","description":"","query_type":"product_ids","query_ids":[13687,13684],"default_option_id":"","thumbnail_id":"","thumbnail_src":"","quantity_min":1,"quantity_max":1,"priced_individually":false,"shipped_individually":false,"optional":true,"discount":"","options_style":"radios","pagination_style":"classic","display_prices":"absolute","show_sorting_options":false,"show_filtering_options":false,"attribute_filter_ids":[],"product_title_visible":false,"product_descr_visible":false,"product_price_visible":false,"product_thumb_visible":false,"subtotal_visible_product":false,"subtotal_visible_cart":false,"subtotal_visible_orders":false},{"id":"1670854951","title":"Oberfl\u00e4che","description":"","query_type":"product_ids","query_ids":[20810,20811],"default_option_id":"","thumbnail_id":"","thumbnail_src":"","quantity_min":1,"quantity_max":1,"priced_individually":false,"shipped_individually":false,"optional":true,"discount":"","options_style":"radios","pagination_style":"classic","display_prices":"absolute","show_sorting_options":false,"show_filtering_options":false,"attribute_filter_ids":[],"product_title_visible":false,"product_descr_visible":false,"product_price_visible":false,"product_thumb_visible":false,"subtotal_visible_product":false,"subtotal_visible_cart":false,"subtotal_visible_orders":false},{"id":"1670854952","title":"CRI-CCT","description":"","query_type":"product_ids","query_ids":[20719,20713,20714,20715],"default_option_id":"","thumbnail_id":"","thumbnail_src":"","quantity_min":1,"quantity_max":1,"priced_individually":false,"shipped_individually":false,"optional":true,"discount":"","options_style":"radios","pagination_style":"classic","display_prices":"absolute","show_sorting_options":false,"show_filtering_options":false,"attribute_filter_ids":[],"product_title_visible":false,"product_descr_visible":false,"product_price_visible":false,"product_thumb_visible":false,"subtotal_visible_product":false,"subtotal_visible_cart":false,"subtotal_visible_orders":false},{"id":"1670854953","title":"Separat bestellen","description":"","query_type":"product_ids","query_ids":[7635],"default_option_id":7635,"thumbnail_id":"","thumbnail_src":"","quantity_min":1,"quantity_max":1,"priced_individually":false,"shipped_individually":false,"optional":false,"discount":"","options_style":"radios","pagination_style":"classic","display_prices":"absolute","show_sorting_options":false,"show_filtering_options":false,"attribute_filter_ids":[],"product_title_visible":false,"product_descr_visible":false,"product_price_visible":false,"product_thumb_visible":false,"subtotal_visible_product":false,"subtotal_visible_cart":false,"subtotal_visible_orders":false},{"id":"1670854954","title":"Prim\u00e4res optisches Zubeh\u00f6r","description":"","query_type":"product_ids","query_ids":[20276],"default_option_id":20276,"thumbnail_id":"","thumbnail_src":"","quantity_min":1,"quantity_max":1,"priced_individually":false,"shipped_individually":false,"optional":false,"discount":"","options_style":"radios","pagination_style":"classic","display_prices":"absolute","show_sorting_options":false,"show_filtering_options":false,"attribute_filter_ids":[],"product_title_visible":false,"product_descr_visible":false,"product_price_visible":false,"product_thumb_visible":false,"subtotal_visible_product":false,"subtotal_visible_cart":false,"subtotal_visible_orders":false},{"id":"1670854955","title":"Ring-Oberflache","description":"","query_type":"product_ids","query_ids":[20772,20773,20774,20776,20779,20782,20791],"default_option_id":"","thumbnail_id":"","thumbnail_src":"","quantity_min":1,"quantity_max":1,"priced_individually":false,"shipped_individually":false,"optional":true,"discount":"","options_style":"radios","pagination_style":"classic","display_prices":"absolute","show_sorting_options":false,"show_filtering_options":false,"attribute_filter_ids":[],"product_title_visible":false,"product_descr_visible":false,"product_price_visible":false,"product_thumb_visible":false,"subtotal_visible_product":false,"subtotal_visible_cart":false,"subtotal_visible_orders":false},{"id":"1670854956","title":"Optik","description":"","query_type":"product_ids","query_ids":[20891,20887,50413],"default_option_id":"","thumbnail_id":"","thumbnail_src":"","quantity_min":1,"quantity_max":1,"priced_individually":false,"shipped_individually":false,"optional":true,"discount":"","options_style":"radios","pagination_style":"classic","display_prices":"absolute","show_sorting_options":false,"show_filtering_options":false,"attribute_filter_ids":[],"product_title_visible":false,"product_descr_visible":false,"product_price_visible":false,"product_thumb_visible":false,"subtotal_visible_product":false,"subtotal_visible_cart":false,"subtotal_visible_orders":false},{"id":"1676025955","title":" ","description":"","query_type":"product_ids","query_ids":[7635],"default_option_id":7635,"thumbnail_id":"","thumbnail_src":"","quantity_min":1,"quantity_max":1,"priced_individually":false,"shipped_individually":false,"optional":false,"discount":"","options_style":"radios","pagination_style":"classic","display_prices":"absolute","show_sorting_options":false,"show_filtering_options":false,"attribute_filter_ids":[],"product_title_visible":false,"product_descr_visible":false,"product_price_visible":false,"product_thumb_visible":false,"subtotal_visible_product":false,"subtotal_visible_cart":false,"subtotal_visible_orders":false},{"id":"1676025956","title":"Stromversorgung","description":"","query_type":"product_ids","query_ids":[40323],"default_option_id":40323,"thumbnail_id":"","thumbnail_src":"","quantity_min":1,"quantity_max":1,"priced_individually":false,"shipped_individually":false,"optional":false,"discount":"","options_style":"radios","pagination_style":"classic","display_prices":"absolute","show_sorting_options":false,"show_filtering_options":false,"attribute_filter_ids":[],"product_title_visible":false,"product_descr_visible":true,"product_price_visible":false,"product_thumb_visible":true,"subtotal_visible_product":false,"subtotal_visible_cart":false,"subtotal_visible_orders":false},{"id":"1676904834","title":"500mA","description":"","query_type":"product_ids","query_ids":[40300],"default_option_id":40300,"thumbnail_id":"","thumbnail_src":"","quantity_min":1,"quantity_max":1,"priced_individually":false,"shipped_individually":false,"optional":false,"discount":"","options_style":"radios","pagination_style":"classic","display_prices":"absolute","show_sorting_options":false,"show_filtering_options":false,"attribute_filter_ids":[],"product_title_visible":false,"product_descr_visible":true,"product_price_visible":false,"product_thumb_visible":true,"subtotal_visible_product":false,"subtotal_visible_cart":false,"subtotal_visible_orders":false},{"id":"1675698765","title":"Sekund\u00e4res Zubeh\u00f6r","description":"","query_type":"product_ids","query_ids":[40983],"default_option_id":40983,"thumbnail_id":"","thumbnail_src":"","quantity_min":1,"quantity_max":1,"priced_individually":false,"shipped_individually":false,"optional":false,"discount":"","options_style":"radios","pagination_style":"classic","display_prices":"absolute","show_sorting_options":false,"show_filtering_options":false,"attribute_filter_ids":[],"product_title_visible":false,"product_descr_visible":true,"product_price_visible":false,"product_thumb_visible":false,"subtotal_visible_product":false,"subtotal_visible_cart":false,"subtotal_visible_orders":false}],"composite_scenarios":[{"id":"1676026126","name":"no driver no selection","description":"","configuration":[{"component_id":"1670854950","options_modifier":"in","component_options":[-1]}],"actions":[{"action_id":"compat_group","is_active":false},{"action_id":"conditional_components","is_active":true,"hidden_components":["1676025956","1676904834"]},{"action_id":"conditional_options","is_active":true,"hidden_options":[{"component_id":"1676025956","component_options":[-1],"options_modifier":"not-in"},{"component_id":"1676904834","component_options":[-1],"options_modifier":"not-in"}]}],"enabled":true},{"id":"1676026127","name":"13w","description":"","configuration":[{"component_id":"1670854950","options_modifier":"in","component_options":[13687]}],"actions":[{"action_id":"compat_group","is_active":false},{"action_id":"conditional_components","is_active":true,"hidden_components":["1676904834"]},{"action_id":"conditional_options","is_active":true,"hidden_options":[{"component_id":"1676025956","component_options":[-1,75306,75307,40330,40332,40333,40335,40339],"options_modifier":"not-in"},{"component_id":"1676904834","component_options":[-1],"options_modifier":"not-in"}]}],"enabled":true},{"id":"1676026128","name":"18w","description":"","configuration":[{"component_id":"1670854950","options_modifier":"in","component_options":[13684]}],"actions":[{"action_id":"compat_group","is_active":false},{"action_id":"conditional_components","is_active":true,"hidden_components":["1676025956"]},{"action_id":"conditional_options","is_active":true,"hidden_options":[{"component_id":"1676025956","component_options":[-1],"options_modifier":"not-in"},{"component_id":"1676904834","component_options":[-1,40305,40308,40310,40311,40312,40314,40316],"options_modifier":"not-in"}]}],"enabled":true}],"bundled_by":[],"bundle_stock_status":"instock","bundle_stock_quantity":null,"bundle_virtual":false,"bundle_layout":"","bundle_add_to_cart_form_location":"","bundle_editable_in_cart":false,"bundle_sold_individually_context":"","bundle_item_grouping":"","bundle_min_size":"","bundle_max_size":"","bundled_items":[],"bundle_sell_ids":[],"acf":[],"yoast_head":"<!-- This site is optimized with the Yoast SEO plugin v27.4 - https:\/\/yoast.com\/product\/yoast-seo-wordpress\/ -->\n<title>Nio Small Fest | Exenia<\/title>\n<meta name=\"robots\" content=\"noindex, follow, max-snippet:-1, max-image-preview:large, max-video-preview:-1\" \/>\n<meta property=\"og:locale\" content=\"de_DE\" \/>\n<meta property=\"og:type\" content=\"article\" \/>\n<meta property=\"og:title\" content=\"Nio Small Fest | Exenia\" \/>\n<meta property=\"og:description\" content=\"Nicht schwenkbare LED-Einbauleuchte von besonders geringer Gr\u00f6\u00dfe. Ein Schutzschild hinter...\" \/>\n<meta property=\"og:url\" content=\"https:\/\/restyling.exenia.eu\/prodotto\/nio-small-fisso-downlight\/\" \/>\n<meta property=\"og:site_name\" content=\"Exenia\" \/>\n<meta property=\"article:publisher\" content=\"https:\/\/www.facebook.com\/exenialighting\" \/>\n<meta property=\"article:modified_time\" content=\"2023-06-12T07:47:41+00:00\" \/>\n<meta property=\"og:image\" content=\"https:\/\/restyling.exenia.eu\/wp-content\/uploads\/2023\/01\/Nio-small-fisso-prodotto.jpg\" \/>\n\t<meta property=\"og:image:width\" content=\"2000\" \/>\n\t<meta property=\"og:image:height\" content=\"1919\" \/>\n\t<meta property=\"og:image:type\" content=\"image\/jpeg\" \/>\n<!-- \/ Yoast SEO plugin. -->","yoast_head_json":{"title":"Nio Small Fest | Exenia","robots":{"index":"noindex","follow":"follow","max-snippet":"max-snippet:-1","max-image-preview":"max-image-preview:large","max-video-preview":"max-video-preview:-1"},"og_locale":"de_DE","og_type":"article","og_title":"Nio Small Fest | Exenia","og_description":"Nicht schwenkbare LED-Einbauleuchte von besonders geringer Gr\u00f6\u00dfe. Ein Schutzschild hinter...","og_url":"https:\/\/restyling.exenia.eu\/prodotto\/nio-small-fisso-downlight\/","og_site_name":"Exenia","article_publisher":"https:\/\/www.facebook.com\/exenialighting","article_modified_time":"2023-06-12T07:47:41+00:00","og_image":[{"width":2000,"height":1919,"url":"https:\/\/restyling.exenia.eu\/wp-content\/uploads\/2023\/01\/Nio-small-fisso-prodotto.jpg","type":"image\/jpeg"}],"schema":{"@context":"https:\/\/schema.org","@graph":[{"@type":"WebPage","@id":"https:\/\/restyling.exenia.eu\/prodotto\/nio-small-fisso-downlight\/","url":"https:\/\/restyling.exenia.eu\/prodotto\/nio-small-fisso-downlight\/","name":"Nio Small Fest | Exenia","isPartOf":{"@id":"https:\/\/restyling.exenia.eu\/#website"},"primaryImageOfPage":{"@id":"https:\/\/restyling.exenia.eu\/prodotto\/nio-small-fisso-downlight\/#primaryimage"},"image":{"@id":"https:\/\/restyling.exenia.eu\/prodotto\/nio-small-fisso-downlight\/#primaryimage"},"thumbnailUrl":"https:\/\/restyling.exenia.eu\/wp-content\/uploads\/2023\/01\/Nio-small-fisso-prodotto.jpg","datePublished":"2022-11-24T08:50:58+00:00","dateModified":"2023-06-12T07:47:41+00:00","breadcrumb":{"@id":"https:\/\/restyling.exenia.eu\/prodotto\/nio-small-fisso-downlight\/#breadcrumb"},"inLanguage":"de","potentialAction":[{"@type":"ReadAction","target":["https:\/\/restyling.exenia.eu\/prodotto\/nio-small-fisso-downlight\/"]}]},{"@type":"ImageObject","inLanguage":"de","@id":"https:\/\/restyling.exenia.eu\/prodotto\/nio-small-fisso-downlight\/#primaryimage","url":"https:\/\/restyling.exenia.eu\/wp-content\/uploads\/2023\/01\/Nio-small-fisso-prodotto.jpg","contentUrl":"https:\/\/restyling.exenia.eu\/wp-content\/uploads\/2023\/01\/Nio-small-fisso-prodotto.jpg","width":2000,"height":1919},{"@type":"BreadcrumbList","@id":"https:\/\/restyling.exenia.eu\/prodotto\/nio-small-fisso-downlight\/#breadcrumb","itemListElement":[{"@type":"ListItem","position":1,"name":"Home","item":"https:\/\/restyling.exenia.eu\/"},{"@type":"ListItem","position":2,"name":"Produkte","item":"https:\/\/restyling.exenia.eu\/prodotti\/"},{"@type":"ListItem","position":3,"name":"Indoor","item":"https:\/\/restyling.exenia.eu\/c\/indoor\/"},{"@type":"ListItem","position":4,"name":"Apparecchi ad incasso","item":"https:\/\/restyling.exenia.eu\/c\/indoor\/apparecchi-ad-incasso\/"},{"@type":"ListItem","position":5,"name":"Nio","item":"https:\/\/restyling.exenia.eu\/c\/indoor\/apparecchi-ad-incasso\/nio\/"},{"@type":"ListItem","position":6,"name":"Nio Small Fest"}]},{"@type":"WebSite","@id":"https:\/\/restyling.exenia.eu\/#website","url":"https:\/\/restyling.exenia.eu\/","name":"Exenia","description":"","publisher":{"@id":"https:\/\/restyling.exenia.eu\/#organization"},"potentialAction":[{"@type":"SearchAction","target":{"@type":"EntryPoint","urlTemplate":"https:\/\/restyling.exenia.eu\/?s={search_term_string}"},"query-input":{"@type":"PropertyValueSpecification","valueRequired":true,"valueName":"search_term_string"}}],"inLanguage":"de"},{"@type":"Organization","@id":"https:\/\/restyling.exenia.eu\/#organization","name":"Exenia","url":"https:\/\/restyling.exenia.eu\/","logo":{"@type":"ImageObject","inLanguage":"de","@id":"https:\/\/restyling.exenia.eu\/#\/schema\/logo\/image\/","url":"https:\/\/restyling.exenia.eu\/wp-content\/uploads\/2022\/09\/logo_exenia-e1678467519405.png","contentUrl":"https:\/\/restyling.exenia.eu\/wp-content\/uploads\/2022\/09\/logo_exenia-e1678467519405.png","width":600,"height":194,"caption":"Exenia"},"image":{"@id":"https:\/\/restyling.exenia.eu\/#\/schema\/logo\/image\/"},"sameAs":["https:\/\/www.facebook.com\/exenialighting","https:\/\/x.com\/ExeniaLighting"]}]}},"_links":{"self":[{"href":"https:\/\/restyling.exenia.eu\/de\/wp-json\/wp\/v2\/product\/17918","targetHints":{"allow":["GET"]}}],"collection":[{"href":"https:\/\/restyling.exenia.eu\/de\/wp-json\/wp\/v2\/product"}],"about":[{"href":"https:\/\/restyling.exenia.eu\/de\/wp-json\/wp\/v2\/types\/product"}],"wp:featuredmedia":[{"embeddable":true,"href":"https:\/\/restyling.exenia.eu\/de\/wp-json\/wp\/v2\/media\/11847"}],"wp:attachment":[{"href":"https:\/\/restyling.exenia.eu\/de\/wp-json\/wp\/v2\/media?parent=17918"}],"wp:term":[{"taxonomy":"product_brand","embeddable":true,"href":"https:\/\/restyling.exenia.eu\/de\/wp-json\/wp\/v2\/product_brand?post=17918"},{"taxonomy":"product_cat","embeddable":true,"href":"https:\/\/restyling.exenia.eu\/de\/wp-json\/wp\/v2\/product_cat?post=17918"},{"taxonomy":"product_tag","embeddable":true,"href":"https:\/\/restyling.exenia.eu\/de\/wp-json\/wp\/v2\/product_tag?post=17918"},{"taxonomy":"categoria-admin-prodotto","embeddable":true,"href":"https:\/\/restyling.exenia.eu\/de\/wp-json\/wp\/v2\/categoria-admin-prodotto?post=17918"}],"curies":[{"name":"wp","href":"https:\/\/api.w.org\/{rel}","templated":true}]}}