{"id":26970,"date":"2022-11-24T09:50:41","date_gmt":"2022-11-24T08:50:41","guid":{"rendered":"https:\/\/www.exenia.eu\/prodotto\/museo-radius-small-base-2\/"},"modified":"2023-07-14T15:52:09","modified_gmt":"2023-07-14T13:52:09","slug":"museo-radius-small-sockel","status":"publish","type":"product","link":"https:\/\/restyling.exenia.eu\/de\/produkt\/museo-radius-small-sockel\/","title":{"rendered":"Museo Radius Small Sockel"},"content":{"rendered":"<p>Der Strahler Museo Radius Small ist ein leistungsstarker LED-Strahler, ausgestattet mit Sockelbox, Arm und zwei Einstellungspunkten, wodurch diese Leuchte besonders gut an Rahmen installiert werden kann. Durch die LED-Platinen der neuesten Generation von Lumenpulse konnten der Lichtstrom und die Lichtintensit\u00e4t f\u00fcr die Optiken Narrow und Wide optimiert werden. \u00a0Museo Radius\u00a0Small kann durch die gro\u00dfe Auswahl an Farbtemperaturen und Optiken wie VN (6\u00b0), NS (13\u00b0), M (25\u00b0) und FL (40\u00b0) und mit einem gro\u00dfen Angebot an Zubeh\u00f6r auf unterschiedlichste Art und Weise konfiguriert werden. Daher ist diese Leuchte ein vielseitiges Werkzeug f\u00fcr die Beleuchtung von historischen und kulturell bedeutenden Geb\u00e4uden.<\/p>\n","protected":false},"excerpt":{"rendered":"<p>Der Strahler Museo Radius Small ist ein leistungsstarker LED-Strahler, ausgestattet&#8230;<\/p>\n","protected":false},"featured_media":24795,"template":"","meta":{"_acf_changed":false},"product_brand":[],"product_cat":[2820],"product_tag":[8356],"categoria-admin-prodotto":[],"class_list":{"0":"post-26970","1":"product","2":"type-product","3":"status-publish","4":"has-post-thumbnail","6":"product_cat-museo-radius-basisprojektoren","7":"product_tag-lisb-de","8":"pa_cct-2200k-de","9":"pa_cct-2700k-de","10":"pa_cct-3000k-de","11":"pa_cct-3500k-de","12":"pa_cct-4000k-de","13":"pa_certificazione-conformita-ce-de","14":"pa_classe-f-da","15":"pa_cri-80-de","16":"pa_cri-90-de","17":"pa_grado-ip-ip20-de","18":"pa_temperatura-di-esercizio-10-30-de","20":"first","21":"instock","22":"purchasable","23":"product-type-composite"},"composite_virtual":false,"composite_layout":"single","composite_add_to_cart_form_location":"default","composite_editable_in_cart":false,"composite_sold_individually_context":"product","composite_shop_price_calc":"defaults","composite_components":[{"id":"1675189068","title":"Geh\u00e4use der Leuchte","description":"","query_type":"product_ids","query_ids":[20687],"default_option_id":20687,"thumbnail_id":"","thumbnail_src":"","quantity_min":1,"quantity_max":1,"priced_individually":false,"shipped_individually":false,"optional":false,"discount":"","options_style":"radios","pagination_style":"classic","display_prices":"absolute","show_sorting_options":false,"show_filtering_options":false,"attribute_filter_ids":[],"product_title_visible":false,"product_descr_visible":false,"product_price_visible":false,"product_thumb_visible":false,"subtotal_visible_product":false,"subtotal_visible_cart":false,"subtotal_visible_orders":false},{"id":"1675189069","title":"CCT","description":"","query_type":"product_ids","query_ids":[20500,20501,20502,20503,20504],"default_option_id":"","thumbnail_id":"","thumbnail_src":"","quantity_min":1,"quantity_max":1,"priced_individually":false,"shipped_individually":false,"optional":true,"discount":"","options_style":"radios","pagination_style":"classic","display_prices":"absolute","show_sorting_options":false,"show_filtering_options":false,"attribute_filter_ids":[],"product_title_visible":false,"product_descr_visible":false,"product_price_visible":false,"product_thumb_visible":false,"subtotal_visible_product":false,"subtotal_visible_cart":false,"subtotal_visible_orders":false},{"id":"1675189070","title":"CRI","description":"","query_type":"product_ids","query_ids":[20689,20690],"default_option_id":"","thumbnail_id":"","thumbnail_src":"","quantity_min":1,"quantity_max":1,"priced_individually":false,"shipped_individually":false,"optional":true,"discount":"","options_style":"radios","pagination_style":"classic","display_prices":"absolute","show_sorting_options":false,"show_filtering_options":false,"attribute_filter_ids":[],"product_title_visible":false,"product_descr_visible":false,"product_price_visible":false,"product_thumb_visible":false,"subtotal_visible_product":false,"subtotal_visible_cart":false,"subtotal_visible_orders":false},{"id":"1675189071","title":"Optik","description":"","query_type":"product_ids","query_ids":[20991,20968,20947,20932],"default_option_id":"","thumbnail_id":"","thumbnail_src":"","quantity_min":1,"quantity_max":1,"priced_individually":false,"shipped_individually":false,"optional":true,"discount":"","options_style":"radios","pagination_style":"classic","display_prices":"absolute","show_sorting_options":false,"show_filtering_options":false,"attribute_filter_ids":[],"product_title_visible":false,"product_descr_visible":false,"product_price_visible":false,"product_thumb_visible":false,"subtotal_visible_product":false,"subtotal_visible_cart":false,"subtotal_visible_orders":false},{"id":"1675189072","title":"Oberfl\u00e4che","description":"","query_type":"product_ids","query_ids":[20815,20840,20828,20820,20830],"default_option_id":"","thumbnail_id":"","thumbnail_src":"","quantity_min":1,"quantity_max":1,"priced_individually":false,"shipped_individually":false,"optional":true,"discount":"","options_style":"radios","pagination_style":"classic","display_prices":"absolute","show_sorting_options":false,"show_filtering_options":false,"attribute_filter_ids":[],"product_title_visible":false,"product_descr_visible":false,"product_price_visible":false,"product_thumb_visible":false,"subtotal_visible_product":false,"subtotal_visible_cart":false,"subtotal_visible_orders":false},{"id":"1675189073","title":"Kontrolle","description":"","query_type":"product_ids","query_ids":[20555,20542,20540,20539,20554],"default_option_id":"","thumbnail_id":"","thumbnail_src":"","quantity_min":1,"quantity_max":1,"priced_individually":false,"shipped_individually":false,"optional":true,"discount":"","options_style":"radios","pagination_style":"classic","display_prices":"absolute","show_sorting_options":false,"show_filtering_options":false,"attribute_filter_ids":[],"product_title_visible":false,"product_descr_visible":false,"product_price_visible":false,"product_thumb_visible":false,"subtotal_visible_product":false,"subtotal_visible_cart":false,"subtotal_visible_orders":false},{"id":"1675189074","title":"Separat bestellen","description":"","query_type":"product_ids","query_ids":[7635],"default_option_id":"","thumbnail_id":"","thumbnail_src":"","quantity_min":1,"quantity_max":1,"priced_individually":false,"shipped_individually":false,"optional":true,"discount":"","options_style":"radios","pagination_style":"classic","display_prices":"absolute","show_sorting_options":false,"show_filtering_options":false,"attribute_filter_ids":[],"product_title_visible":false,"product_descr_visible":false,"product_price_visible":false,"product_thumb_visible":false,"subtotal_visible_product":false,"subtotal_visible_cart":false,"subtotal_visible_orders":false},{"id":"1675189075","title":"Unabh\u00e4ngiges Zubeh\u00f6r","description":"","query_type":"product_ids","query_ids":[41617],"default_option_id":41617,"thumbnail_id":"","thumbnail_src":"","quantity_min":1,"quantity_max":1,"priced_individually":false,"shipped_individually":false,"optional":false,"discount":"","options_style":"radios","pagination_style":"classic","display_prices":"absolute","show_sorting_options":false,"show_filtering_options":false,"attribute_filter_ids":[],"product_title_visible":false,"product_descr_visible":false,"product_price_visible":false,"product_thumb_visible":true,"subtotal_visible_product":false,"subtotal_visible_cart":false,"subtotal_visible_orders":false},{"id":"1689349650","title":"Lebenslang","description":"","query_type":"product_ids","query_ids":[50118,50134],"default_option_id":"","thumbnail_id":"","thumbnail_src":"","quantity_min":1,"quantity_max":1,"priced_individually":false,"shipped_individually":false,"optional":true,"discount":"","options_style":"radios","pagination_style":"classic","display_prices":"absolute","show_sorting_options":false,"show_filtering_options":false,"attribute_filter_ids":[],"product_title_visible":false,"product_descr_visible":false,"product_price_visible":false,"product_thumb_visible":false,"subtotal_visible_product":false,"subtotal_visible_cart":false,"subtotal_visible_orders":false}],"composite_scenarios":[{"id":"1675189373","name":"22k","description":"","configuration":[{"component_id":"1675189069","options_modifier":"in","component_options":[20500]}],"actions":[{"action_id":"compat_group","is_active":false},{"action_id":"conditional_components","is_active":false,"hidden_components":[]},{"action_id":"conditional_options","is_active":true,"hidden_options":[{"component_id":"1675189070","component_options":[20690],"options_modifier":"in"}]}],"enabled":true},{"id":"1675189374","name":"27\/30k","description":"","configuration":[{"component_id":"1675189069","options_modifier":"in","component_options":[20501,20502]}],"actions":[{"action_id":"compat_group","is_active":false},{"action_id":"conditional_components","is_active":false,"hidden_components":[]},{"action_id":"conditional_options","is_active":true,"hidden_options":[{"component_id":"1675189070","component_options":[20689],"options_modifier":"in"}]}],"enabled":true},{"id":"1675189375","name":"35\/40k+cri80","description":"","configuration":[{"component_id":"1675189069","options_modifier":"in","component_options":[20503,20504]},{"component_id":"1675189070","options_modifier":"in","component_options":[20689]}],"actions":[{"action_id":"compat_group","is_active":false},{"action_id":"conditional_components","is_active":false,"hidden_components":[]},{"action_id":"conditional_options","is_active":true,"hidden_options":[{"component_id":"1675189071","component_options":[-1,20991],"options_modifier":"not-in"}]}],"enabled":true},{"id":"1675189376","name":"35\/40k+cri90","description":"","configuration":[{"component_id":"1675189069","options_modifier":"in","component_options":[20503,20504]},{"component_id":"1675189070","options_modifier":"in","component_options":[20690]}],"actions":[{"action_id":"compat_group","is_active":false},{"action_id":"conditional_components","is_active":false,"hidden_components":[]},{"action_id":"conditional_options","is_active":true,"hidden_options":[{"component_id":"1675189071","component_options":[20991],"options_modifier":"in"}]}],"enabled":true},{"id":"1675189377","name":"cri80","description":"","configuration":[{"component_id":"1675189070","options_modifier":"in","component_options":[20689]}],"actions":[{"action_id":"compat_group","is_active":false},{"action_id":"conditional_components","is_active":false,"hidden_components":[]},{"action_id":"conditional_options","is_active":true,"hidden_options":[{"component_id":"1675189069","component_options":[20501,20502],"options_modifier":"in"}]}],"enabled":true},{"id":"1675189378","name":"cri90","description":"","configuration":[{"component_id":"1675189070","options_modifier":"in","component_options":[20690]}],"actions":[{"action_id":"compat_group","is_active":false},{"action_id":"conditional_components","is_active":false,"hidden_components":[]},{"action_id":"conditional_options","is_active":true,"hidden_options":[{"component_id":"1675189069","component_options":[20500],"options_modifier":"in"}]}],"enabled":true},{"id":"1675189379","name":"accessori","description":"","configuration":[{"component_id":"1675189074","options_modifier":"in","component_options":[-1]}],"actions":[{"action_id":"compat_group","is_active":false},{"action_id":"conditional_components","is_active":true,"hidden_components":["1675189075"]},{"action_id":"conditional_options","is_active":true,"hidden_options":[{"component_id":"1675189075","component_options":[41618,41619,41620,41621,41622,41623],"options_modifier":"in"}]}],"enabled":true},{"id":"1689349705","name":"LT 50","description":"","configuration":[{"component_id":"1675189071","options_modifier":"in","component_options":[20991]}],"actions":[{"action_id":"compat_group","is_active":false},{"action_id":"conditional_components","is_active":false,"hidden_components":[]},{"action_id":"conditional_options","is_active":true,"hidden_options":[{"component_id":"1689349650","component_options":[-1,50118],"options_modifier":"not-in"}]}],"enabled":true},{"id":"1689349706","name":"LT 180","description":"","configuration":[{"component_id":"1675189071","options_modifier":"in","component_options":[20968,20947,20932]}],"actions":[{"action_id":"compat_group","is_active":false},{"action_id":"conditional_components","is_active":false,"hidden_components":[]},{"action_id":"conditional_options","is_active":true,"hidden_options":[{"component_id":"1689349650","component_options":[-1,50134],"options_modifier":"not-in"}]}],"enabled":true}],"bundled_by":[],"bundle_stock_status":"instock","bundle_stock_quantity":null,"bundle_virtual":false,"bundle_layout":"","bundle_add_to_cart_form_location":"","bundle_editable_in_cart":false,"bundle_sold_individually_context":"","bundle_item_grouping":"","bundle_min_size":"","bundle_max_size":"","bundled_items":[],"bundle_sell_ids":[],"acf":[],"yoast_head":"<!-- This site is optimized with the Yoast SEO plugin v27.4 - https:\/\/yoast.com\/product\/yoast-seo-wordpress\/ -->\n<title>Museo Radius Small Sockel | Exenia<\/title>\n<meta name=\"robots\" content=\"noindex, follow, max-snippet:-1, max-image-preview:large, max-video-preview:-1\" \/>\n<meta property=\"og:locale\" content=\"de_DE\" \/>\n<meta property=\"og:type\" content=\"article\" \/>\n<meta property=\"og:title\" content=\"Museo Radius Small Sockel | Exenia\" \/>\n<meta property=\"og:description\" content=\"Der Strahler Museo Radius Small ist ein leistungsstarker LED-Strahler, ausgestattet...\" \/>\n<meta property=\"og:url\" content=\"https:\/\/restyling.exenia.eu\/de\/produkt\/museo-radius-small-sockel\/\" \/>\n<meta property=\"og:site_name\" content=\"Exenia\" \/>\n<meta property=\"article:publisher\" content=\"https:\/\/www.facebook.com\/exenialighting\" \/>\n<meta property=\"article:modified_time\" content=\"2023-07-14T13:52:09+00:00\" \/>\n<meta property=\"og:image\" content=\"https:\/\/restyling.exenia.eu\/wp-content\/uploads\/2022\/11\/Museo-radius-base-small-prodotto.jpg\" \/>\n\t<meta property=\"og:image:width\" content=\"2000\" \/>\n\t<meta property=\"og:image:height\" content=\"1919\" \/>\n\t<meta property=\"og:image:type\" content=\"image\/jpeg\" \/>\n<!-- \/ Yoast SEO plugin. -->","yoast_head_json":{"title":"Museo Radius Small Sockel | Exenia","robots":{"index":"noindex","follow":"follow","max-snippet":"max-snippet:-1","max-image-preview":"max-image-preview:large","max-video-preview":"max-video-preview:-1"},"og_locale":"de_DE","og_type":"article","og_title":"Museo Radius Small Sockel | Exenia","og_description":"Der Strahler Museo Radius Small ist ein leistungsstarker LED-Strahler, ausgestattet...","og_url":"https:\/\/restyling.exenia.eu\/de\/produkt\/museo-radius-small-sockel\/","og_site_name":"Exenia","article_publisher":"https:\/\/www.facebook.com\/exenialighting","article_modified_time":"2023-07-14T13:52:09+00:00","og_image":[{"width":2000,"height":1919,"url":"https:\/\/restyling.exenia.eu\/wp-content\/uploads\/2022\/11\/Museo-radius-base-small-prodotto.jpg","type":"image\/jpeg"}],"schema":{"@context":"https:\/\/schema.org","@graph":[{"@type":"WebPage","@id":"https:\/\/restyling.exenia.eu\/de\/produkt\/museo-radius-small-sockel\/","url":"https:\/\/restyling.exenia.eu\/de\/produkt\/museo-radius-small-sockel\/","name":"Museo Radius Small Sockel | Exenia","isPartOf":{"@id":"https:\/\/restyling.exenia.eu\/#website"},"primaryImageOfPage":{"@id":"https:\/\/restyling.exenia.eu\/de\/produkt\/museo-radius-small-sockel\/#primaryimage"},"image":{"@id":"https:\/\/restyling.exenia.eu\/de\/produkt\/museo-radius-small-sockel\/#primaryimage"},"thumbnailUrl":"https:\/\/restyling.exenia.eu\/wp-content\/uploads\/2022\/11\/Museo-radius-base-small-prodotto.jpg","datePublished":"2022-11-24T08:50:41+00:00","dateModified":"2023-07-14T13:52:09+00:00","breadcrumb":{"@id":"https:\/\/restyling.exenia.eu\/de\/produkt\/museo-radius-small-sockel\/#breadcrumb"},"inLanguage":"de","potentialAction":[{"@type":"ReadAction","target":["https:\/\/restyling.exenia.eu\/de\/produkt\/museo-radius-small-sockel\/"]}]},{"@type":"ImageObject","inLanguage":"de","@id":"https:\/\/restyling.exenia.eu\/de\/produkt\/museo-radius-small-sockel\/#primaryimage","url":"https:\/\/restyling.exenia.eu\/wp-content\/uploads\/2022\/11\/Museo-radius-base-small-prodotto.jpg","contentUrl":"https:\/\/restyling.exenia.eu\/wp-content\/uploads\/2022\/11\/Museo-radius-base-small-prodotto.jpg","width":2000,"height":1919},{"@type":"BreadcrumbList","@id":"https:\/\/restyling.exenia.eu\/de\/produkt\/museo-radius-small-sockel\/#breadcrumb","itemListElement":[{"@type":"ListItem","position":1,"name":"Home","item":"https:\/\/restyling.exenia.eu\/"},{"@type":"ListItem","position":2,"name":"Produkte","item":"https:\/\/restyling.exenia.eu\/prodotti\/"},{"@type":"ListItem","position":3,"name":"Indoor","item":"https:\/\/restyling.exenia.eu\/de\/c\/indoor\/"},{"@type":"ListItem","position":4,"name":"Basisprojektoren","item":"https:\/\/restyling.exenia.eu\/de\/c\/indoor\/basisprojektoren\/"},{"@type":"ListItem","position":5,"name":"Museo Radius","item":"https:\/\/restyling.exenia.eu\/de\/c\/indoor\/basisprojektoren\/museo-radius-basisprojektoren\/"},{"@type":"ListItem","position":6,"name":"Museo Radius Small Sockel"}]},{"@type":"WebSite","@id":"https:\/\/restyling.exenia.eu\/#website","url":"https:\/\/restyling.exenia.eu\/","name":"Exenia","description":"","publisher":{"@id":"https:\/\/restyling.exenia.eu\/#organization"},"potentialAction":[{"@type":"SearchAction","target":{"@type":"EntryPoint","urlTemplate":"https:\/\/restyling.exenia.eu\/?s={search_term_string}"},"query-input":{"@type":"PropertyValueSpecification","valueRequired":true,"valueName":"search_term_string"}}],"inLanguage":"de"},{"@type":"Organization","@id":"https:\/\/restyling.exenia.eu\/#organization","name":"Exenia","url":"https:\/\/restyling.exenia.eu\/","logo":{"@type":"ImageObject","inLanguage":"de","@id":"https:\/\/restyling.exenia.eu\/#\/schema\/logo\/image\/","url":"https:\/\/restyling.exenia.eu\/wp-content\/uploads\/2022\/09\/logo_exenia-e1678467519405.png","contentUrl":"https:\/\/restyling.exenia.eu\/wp-content\/uploads\/2022\/09\/logo_exenia-e1678467519405.png","width":600,"height":194,"caption":"Exenia"},"image":{"@id":"https:\/\/restyling.exenia.eu\/#\/schema\/logo\/image\/"},"sameAs":["https:\/\/www.facebook.com\/exenialighting","https:\/\/x.com\/ExeniaLighting"]}]}},"_links":{"self":[{"href":"https:\/\/restyling.exenia.eu\/de\/wp-json\/wp\/v2\/product\/26970","targetHints":{"allow":["GET"]}}],"collection":[{"href":"https:\/\/restyling.exenia.eu\/de\/wp-json\/wp\/v2\/product"}],"about":[{"href":"https:\/\/restyling.exenia.eu\/de\/wp-json\/wp\/v2\/types\/product"}],"wp:featuredmedia":[{"embeddable":true,"href":"https:\/\/restyling.exenia.eu\/de\/wp-json\/wp\/v2\/media\/24795"}],"wp:attachment":[{"href":"https:\/\/restyling.exenia.eu\/de\/wp-json\/wp\/v2\/media?parent=26970"}],"wp:term":[{"taxonomy":"product_brand","embeddable":true,"href":"https:\/\/restyling.exenia.eu\/de\/wp-json\/wp\/v2\/product_brand?post=26970"},{"taxonomy":"product_cat","embeddable":true,"href":"https:\/\/restyling.exenia.eu\/de\/wp-json\/wp\/v2\/product_cat?post=26970"},{"taxonomy":"product_tag","embeddable":true,"href":"https:\/\/restyling.exenia.eu\/de\/wp-json\/wp\/v2\/product_tag?post=26970"},{"taxonomy":"categoria-admin-prodotto","embeddable":true,"href":"https:\/\/restyling.exenia.eu\/de\/wp-json\/wp\/v2\/categoria-admin-prodotto?post=26970"}],"curies":[{"name":"wp","href":"https:\/\/api.w.org\/{rel}","templated":true}]}}