{"id":26976,"date":"2023-02-02T10:17:25","date_gmt":"2023-02-02T09:17:25","guid":{"rendered":"https:\/\/www.exenia.eu\/prodotto\/pluriel-clear-48-48-rt\/"},"modified":"2023-06-12T09:48:06","modified_gmt":"2023-06-12T07:48:06","slug":"pluriel-clear-48-48-rt","status":"publish","type":"product","link":"https:\/\/restyling.exenia.eu\/de\/produkt\/pluriel-clear-48-48-rt\/","title":{"rendered":"Pluriel Clear 48\/48-Rt"},"content":{"rendered":"<p>Dekorative LED-H\u00e4ngeleuchte f\u00fcr das System Track 48 und Track 48-RT. Geh\u00e4use aus lackiertem Aluminium, lackiert in Ziegelrot, Mattwei\u00df, Mattschwarz, Babyblau oder Betongrau. Erh\u00e4ltlich mit Diffusor aus sandgestrahltem und teilweise gefr\u00e4stem Methacrylat  (PMMA) f\u00fcr eine perfekte diffuse Lichtverteilung, oder aber vollkommen aus Aluminium, wof\u00fcr anschlie\u00dfend noch ein Farbring inklusive Optik ben\u00f6tigt wird. Die Versionen ON\/OFF und die dimmbaren Versionen DALI\/PUSH sind um einen Stromschienenadapter zu erg\u00e4nzen. Lichtstromerhalt von 100.000 Stunden nach Standard L80\/B10.<\/p>\n","protected":false},"excerpt":{"rendered":"<p>Dekorative LED-H\u00e4ngeleuchte f\u00fcr das System Track 48 und Track 48-RT&#8230;.<\/p>\n","protected":false},"featured_media":24866,"template":"","meta":{"_acf_changed":false},"product_brand":[],"product_cat":[6615,6620,6625,6630,6635,6640,6643,6644,2808],"product_tag":[8503],"categoria-admin-prodotto":[],"class_list":{"0":"post-26976","1":"product","2":"type-product","3":"status-publish","4":"has-post-thumbnail","6":"product_cat-leuchten-track-48-de","7":"product_cat-leuchten-track-48-evo","8":"product_cat-leuchten-track-48-trimless","9":"product_cat-leuchten-track-48-tube","10":"product_cat-leuchten-track-48-twin","11":"product_cat-leuchten-track-48-rt","12":"product_cat-tutti-gli-apparecchi-48","13":"product_cat-alle-leuchten-fuer-48","14":"product_cat-pluriel-leuchten-fuer-schienen","15":"product_tag-3535150-de","16":"pa_cct-2700k-de","17":"pa_cct-3000k-de","18":"pa_cct-4000k-de","19":"pa_certificazione-conformita-ce-de","20":"pa_classe-f-da","21":"pa_cri-85-de","22":"pa_grado-ip-ip40-de","23":"pa_lifetime-l80b10-100-000-ore-de","24":"pa_temperatura-di-esercizio-10-30-de","26":"first","27":"instock","28":"purchasable","29":"product-type-composite"},"composite_virtual":false,"composite_layout":"single","composite_add_to_cart_form_location":"default","composite_editable_in_cart":false,"composite_sold_individually_context":"product","composite_shop_price_calc":"defaults","composite_components":[{"id":"1675260924","title":"Geh\u00e4use der Leuchte","description":"","query_type":"product_ids","query_ids":[20599],"default_option_id":20599,"thumbnail_id":"","thumbnail_src":"","quantity_min":1,"quantity_max":1,"priced_individually":false,"shipped_individually":false,"optional":false,"discount":"","options_style":"radios","pagination_style":"classic","display_prices":"absolute","show_sorting_options":false,"show_filtering_options":false,"attribute_filter_ids":[],"product_title_visible":false,"product_descr_visible":false,"product_price_visible":false,"product_thumb_visible":false,"subtotal_visible_product":false,"subtotal_visible_cart":false,"subtotal_visible_orders":false},{"id":"1675260925","title":"Version","description":"","query_type":"product_ids","query_ids":[20489],"default_option_id":20489,"thumbnail_id":"","thumbnail_src":"","quantity_min":1,"quantity_max":1,"priced_individually":false,"shipped_individually":false,"optional":false,"discount":"","options_style":"radios","pagination_style":"classic","display_prices":"absolute","show_sorting_options":false,"show_filtering_options":false,"attribute_filter_ids":[],"product_title_visible":false,"product_descr_visible":false,"product_price_visible":false,"product_thumb_visible":false,"subtotal_visible_product":false,"subtotal_visible_cart":false,"subtotal_visible_orders":false},{"id":"1675260926","title":"Leistung","description":"","query_type":"product_ids","query_ids":[21038],"default_option_id":21038,"thumbnail_id":"","thumbnail_src":"","quantity_min":1,"quantity_max":1,"priced_individually":false,"shipped_individually":false,"optional":false,"discount":"","options_style":"radios","pagination_style":"classic","display_prices":"absolute","show_sorting_options":false,"show_filtering_options":false,"attribute_filter_ids":[],"product_title_visible":false,"product_descr_visible":false,"product_price_visible":false,"product_thumb_visible":false,"subtotal_visible_product":false,"subtotal_visible_cart":false,"subtotal_visible_orders":false},{"id":"1675260927","title":"Oberfl\u00e4che","description":"","query_type":"product_ids","query_ids":[20806,20779,20782,20783,20791],"default_option_id":"","thumbnail_id":"","thumbnail_src":"","quantity_min":1,"quantity_max":1,"priced_individually":false,"shipped_individually":false,"optional":true,"discount":"","options_style":"radios","pagination_style":"classic","display_prices":"absolute","show_sorting_options":false,"show_filtering_options":false,"attribute_filter_ids":[],"product_title_visible":false,"product_descr_visible":false,"product_price_visible":false,"product_thumb_visible":false,"subtotal_visible_product":false,"subtotal_visible_cart":false,"subtotal_visible_orders":false},{"id":"1675260928","title":"CRI-CCT","description":"","query_type":"product_ids","query_ids":[20711,20719,20712],"default_option_id":"","thumbnail_id":"","thumbnail_src":"","quantity_min":1,"quantity_max":1,"priced_individually":false,"shipped_individually":false,"optional":true,"discount":"","options_style":"radios","pagination_style":"classic","display_prices":"absolute","show_sorting_options":false,"show_filtering_options":false,"attribute_filter_ids":[],"product_title_visible":false,"product_descr_visible":false,"product_price_visible":false,"product_thumb_visible":false,"subtotal_visible_product":false,"subtotal_visible_cart":false,"subtotal_visible_orders":false},{"id":"1675262920","title":" ","description":"","query_type":"product_ids","query_ids":[7635],"default_option_id":7635,"thumbnail_id":"","thumbnail_src":"","quantity_min":1,"quantity_max":1,"priced_individually":false,"shipped_individually":false,"optional":false,"discount":"","options_style":"radios","pagination_style":"classic","display_prices":"absolute","show_sorting_options":false,"show_filtering_options":false,"attribute_filter_ids":[],"product_title_visible":false,"product_descr_visible":false,"product_price_visible":false,"product_thumb_visible":false,"subtotal_visible_product":false,"subtotal_visible_cart":false,"subtotal_visible_orders":false},{"id":"1675262921","title":"Adapter","description":"","query_type":"product_ids","query_ids":[13509],"default_option_id":13509,"thumbnail_id":"","thumbnail_src":"","quantity_min":1,"quantity_max":1,"priced_individually":false,"shipped_individually":false,"optional":false,"discount":"","options_style":"radios","pagination_style":"classic","display_prices":"absolute","show_sorting_options":false,"show_filtering_options":false,"attribute_filter_ids":[],"product_title_visible":false,"product_descr_visible":false,"product_price_visible":false,"product_thumb_visible":true,"subtotal_visible_product":false,"subtotal_visible_cart":false,"subtotal_visible_orders":false}],"composite_scenarios":[],"bundled_by":[],"bundle_stock_status":"instock","bundle_stock_quantity":null,"bundle_virtual":false,"bundle_layout":"","bundle_add_to_cart_form_location":"","bundle_editable_in_cart":false,"bundle_sold_individually_context":"","bundle_item_grouping":"","bundle_min_size":"","bundle_max_size":"","bundled_items":[],"bundle_sell_ids":[],"acf":[],"yoast_head":"<!-- This site is optimized with the Yoast SEO plugin v27.5 - https:\/\/yoast.com\/product\/yoast-seo-wordpress\/ -->\n<title>Pluriel Clear 48\/48-Rt | Exenia<\/title>\n<meta name=\"robots\" content=\"noindex, follow, max-snippet:-1, max-image-preview:large, max-video-preview:-1\" \/>\n<meta property=\"og:locale\" content=\"de_DE\" \/>\n<meta property=\"og:type\" content=\"article\" \/>\n<meta property=\"og:title\" content=\"Pluriel Clear 48\/48-Rt | Exenia\" \/>\n<meta property=\"og:description\" content=\"Dekorative LED-H\u00e4ngeleuchte f\u00fcr das System Track 48 und Track 48-RT....\" \/>\n<meta property=\"og:url\" content=\"https:\/\/restyling.exenia.eu\/de\/produkt\/pluriel-clear-48-48-rt\/\" \/>\n<meta property=\"og:site_name\" content=\"Exenia\" \/>\n<meta property=\"article:publisher\" content=\"https:\/\/www.facebook.com\/exenialighting\" \/>\n<meta property=\"article:modified_time\" content=\"2023-06-12T07:48:06+00:00\" \/>\n<meta property=\"og:image\" content=\"https:\/\/restyling.exenia.eu\/wp-content\/uploads\/2023\/02\/Pluriel-clear-48-prodotto.jpg\" \/>\n\t<meta property=\"og:image:width\" content=\"2000\" \/>\n\t<meta property=\"og:image:height\" content=\"1919\" \/>\n\t<meta property=\"og:image:type\" content=\"image\/jpeg\" \/>\n<!-- \/ Yoast SEO plugin. -->","yoast_head_json":{"title":"Pluriel Clear 48\/48-Rt | Exenia","robots":{"index":"noindex","follow":"follow","max-snippet":"max-snippet:-1","max-image-preview":"max-image-preview:large","max-video-preview":"max-video-preview:-1"},"og_locale":"de_DE","og_type":"article","og_title":"Pluriel Clear 48\/48-Rt | Exenia","og_description":"Dekorative LED-H\u00e4ngeleuchte f\u00fcr das System Track 48 und Track 48-RT....","og_url":"https:\/\/restyling.exenia.eu\/de\/produkt\/pluriel-clear-48-48-rt\/","og_site_name":"Exenia","article_publisher":"https:\/\/www.facebook.com\/exenialighting","article_modified_time":"2023-06-12T07:48:06+00:00","og_image":[{"width":2000,"height":1919,"url":"https:\/\/restyling.exenia.eu\/wp-content\/uploads\/2023\/02\/Pluriel-clear-48-prodotto.jpg","type":"image\/jpeg"}],"schema":{"@context":"https:\/\/schema.org","@graph":[{"@type":"WebPage","@id":"https:\/\/restyling.exenia.eu\/de\/produkt\/pluriel-clear-48-48-rt\/","url":"https:\/\/restyling.exenia.eu\/de\/produkt\/pluriel-clear-48-48-rt\/","name":"Pluriel Clear 48\/48-Rt | Exenia","isPartOf":{"@id":"https:\/\/restyling.exenia.eu\/#website"},"primaryImageOfPage":{"@id":"https:\/\/restyling.exenia.eu\/de\/produkt\/pluriel-clear-48-48-rt\/#primaryimage"},"image":{"@id":"https:\/\/restyling.exenia.eu\/de\/produkt\/pluriel-clear-48-48-rt\/#primaryimage"},"thumbnailUrl":"https:\/\/restyling.exenia.eu\/wp-content\/uploads\/2023\/02\/Pluriel-clear-48-prodotto.jpg","datePublished":"2023-02-02T09:17:25+00:00","dateModified":"2023-06-12T07:48:06+00:00","breadcrumb":{"@id":"https:\/\/restyling.exenia.eu\/de\/produkt\/pluriel-clear-48-48-rt\/#breadcrumb"},"inLanguage":"de","potentialAction":[{"@type":"ReadAction","target":["https:\/\/restyling.exenia.eu\/de\/produkt\/pluriel-clear-48-48-rt\/"]}]},{"@type":"ImageObject","inLanguage":"de","@id":"https:\/\/restyling.exenia.eu\/de\/produkt\/pluriel-clear-48-48-rt\/#primaryimage","url":"https:\/\/restyling.exenia.eu\/wp-content\/uploads\/2023\/02\/Pluriel-clear-48-prodotto.jpg","contentUrl":"https:\/\/restyling.exenia.eu\/wp-content\/uploads\/2023\/02\/Pluriel-clear-48-prodotto.jpg","width":2000,"height":1919},{"@type":"BreadcrumbList","@id":"https:\/\/restyling.exenia.eu\/de\/produkt\/pluriel-clear-48-48-rt\/#breadcrumb","itemListElement":[{"@type":"ListItem","position":1,"name":"Home","item":"https:\/\/restyling.exenia.eu\/"},{"@type":"ListItem","position":2,"name":"Produkte","item":"https:\/\/restyling.exenia.eu\/prodotti\/"},{"@type":"ListItem","position":3,"name":"Indoor","item":"https:\/\/restyling.exenia.eu\/de\/c\/indoor\/"},{"@type":"ListItem","position":4,"name":"Leuchten f\u00fcr Systeme\/Schienen","item":"https:\/\/restyling.exenia.eu\/de\/c\/indoor\/leuchten-fur-systeme-schienen\/"},{"@type":"ListItem","position":5,"name":"48 V","item":"https:\/\/restyling.exenia.eu\/de\/c\/indoor\/leuchten-fur-systeme-schienen\/48-v-de\/"},{"@type":"ListItem","position":6,"name":"Alle Leuchten f\u00fcr 48","item":"https:\/\/restyling.exenia.eu\/de\/c\/indoor\/leuchten-fur-systeme-schienen\/48-v-de\/alle-leuchten-fuer-48\/"},{"@type":"ListItem","position":7,"name":"Pluriel","item":"https:\/\/restyling.exenia.eu\/de\/c\/indoor\/leuchten-fur-systeme-schienen\/48-v-de\/alle-leuchten-fuer-48\/pluriel-leuchten-fuer-schienen\/"},{"@type":"ListItem","position":8,"name":"Pluriel Clear 48\/48-Rt"}]},{"@type":"WebSite","@id":"https:\/\/restyling.exenia.eu\/#website","url":"https:\/\/restyling.exenia.eu\/","name":"Exenia","description":"","publisher":{"@id":"https:\/\/restyling.exenia.eu\/#organization"},"potentialAction":[{"@type":"SearchAction","target":{"@type":"EntryPoint","urlTemplate":"https:\/\/restyling.exenia.eu\/?s={search_term_string}"},"query-input":{"@type":"PropertyValueSpecification","valueRequired":true,"valueName":"search_term_string"}}],"inLanguage":"de"},{"@type":"Organization","@id":"https:\/\/restyling.exenia.eu\/#organization","name":"Exenia","url":"https:\/\/restyling.exenia.eu\/","logo":{"@type":"ImageObject","inLanguage":"de","@id":"https:\/\/restyling.exenia.eu\/#\/schema\/logo\/image\/","url":"https:\/\/restyling.exenia.eu\/wp-content\/uploads\/2022\/09\/logo_exenia-e1678467519405.png","contentUrl":"https:\/\/restyling.exenia.eu\/wp-content\/uploads\/2022\/09\/logo_exenia-e1678467519405.png","width":600,"height":194,"caption":"Exenia"},"image":{"@id":"https:\/\/restyling.exenia.eu\/#\/schema\/logo\/image\/"},"sameAs":["https:\/\/www.facebook.com\/exenialighting","https:\/\/x.com\/ExeniaLighting"]}]}},"_links":{"self":[{"href":"https:\/\/restyling.exenia.eu\/de\/wp-json\/wp\/v2\/product\/26976","targetHints":{"allow":["GET"]}}],"collection":[{"href":"https:\/\/restyling.exenia.eu\/de\/wp-json\/wp\/v2\/product"}],"about":[{"href":"https:\/\/restyling.exenia.eu\/de\/wp-json\/wp\/v2\/types\/product"}],"wp:featuredmedia":[{"embeddable":true,"href":"https:\/\/restyling.exenia.eu\/de\/wp-json\/wp\/v2\/media\/24866"}],"wp:attachment":[{"href":"https:\/\/restyling.exenia.eu\/de\/wp-json\/wp\/v2\/media?parent=26976"}],"wp:term":[{"taxonomy":"product_brand","embeddable":true,"href":"https:\/\/restyling.exenia.eu\/de\/wp-json\/wp\/v2\/product_brand?post=26976"},{"taxonomy":"product_cat","embeddable":true,"href":"https:\/\/restyling.exenia.eu\/de\/wp-json\/wp\/v2\/product_cat?post=26976"},{"taxonomy":"product_tag","embeddable":true,"href":"https:\/\/restyling.exenia.eu\/de\/wp-json\/wp\/v2\/product_tag?post=26976"},{"taxonomy":"categoria-admin-prodotto","embeddable":true,"href":"https:\/\/restyling.exenia.eu\/de\/wp-json\/wp\/v2\/categoria-admin-prodotto?post=26976"}],"curies":[{"name":"wp","href":"https:\/\/api.w.org\/{rel}","templated":true}]}}