{"id":26993,"date":"2023-01-26T12:07:39","date_gmt":"2023-01-26T11:07:39","guid":{"rendered":"https:\/\/www.exenia.eu\/?post_type=product&#038;p=26993"},"modified":"2025-03-26T10:01:27","modified_gmt":"2025-03-26T09:01:27","slug":"schiene-48-tube","status":"publish","type":"product","link":"https:\/\/restyling.exenia.eu\/de\/produkt\/schiene-48-tube\/","title":{"rendered":"Track 48 Tube"},"content":{"rendered":"<p>Niederspannungsstromschiene mit rundem Querschnitt, 48 V DC, f\u00fcr die Installation an der Wand, an der Decke oder als H\u00e4ngeleuchte.\u00a0Hergestellt aus stranggepresstem Aluminium mit Pulverbeschichtung und erh\u00e4ltlich mit den Segmentl\u00e4ngen 1000 mm, 2000 mm oder 3000 mm in Schwarz oder Wei\u00df. Stromschiene mit vier isolierten Leitern. Die Betriebsmodi ON\/OFF, PUSH und DALI sind dank der PowerLine-Technologie immer und ausschlie\u00dflich durch zwei Leiter sichergestellt. Das zweite Leiterpaar kann f\u00fcr einen eventuellen zus\u00e4tzlichen Einschaltmodus verwendet werden (daf\u00fcr ist Zubeh\u00f6r und ein weiterer Treiber erforderlich). Die elektronischen Betriebsger\u00e4te 48 V DC sind extern oder mit unabh\u00e4ngigen Treiberboxen zu installieren.\u00a0F\u00fcr den Betriebsmodus ON\/OFF oder den dimmbaren Modus mit DALI oder PUSH stehen unterschiedliche Versionen zur Verf\u00fcgung.\u00a0Ein gro\u00dfes Sortiment an Anschl\u00fcssen, Montagesystemen und Zubeh\u00f6r rundet dieses vielseitige 48-V-DC-System ab, das mit allen Leuchten der Produktfamilie Track 48 best\u00fcckt werden kann.<\/p>\n<p>Die Leuchte Speedy kann nicht auf dieser Stromschiene installiert werden.<\/p>\n<p><img fetchpriority=\"high\" decoding=\"async\" class=\"aligncenter wp-image-71960\" src=\"https:\/\/restyling.exenia.eu\/wp-content\/uploads\/2023\/01\/Simulazione-sistema-colori-scaled.jpg\" alt=\"\" width=\"1250\" height=\"810\" srcset=\"https:\/\/restyling.exenia.eu\/wp-content\/uploads\/2023\/01\/Simulazione-sistema-colori-scaled.jpg 2560w, https:\/\/restyling.exenia.eu\/wp-content\/uploads\/2023\/01\/Simulazione-sistema-colori-300x194.jpg 300w, https:\/\/restyling.exenia.eu\/wp-content\/uploads\/2023\/01\/Simulazione-sistema-colori-1024x664.jpg 1024w, https:\/\/restyling.exenia.eu\/wp-content\/uploads\/2023\/01\/Simulazione-sistema-colori-768x498.jpg 768w, https:\/\/restyling.exenia.eu\/wp-content\/uploads\/2023\/01\/Simulazione-sistema-colori-1536x995.jpg 1536w, https:\/\/restyling.exenia.eu\/wp-content\/uploads\/2023\/01\/Simulazione-sistema-colori-2048x1327.jpg 2048w\" sizes=\"(max-width: 1250px) 100vw, 1250px\" \/><\/p>\n","protected":false},"excerpt":{"rendered":"<p>Niederspannungsstromschiene mit rundem Querschnitt, 48 V DC, f\u00fcr die Installation&#8230;<\/p>\n","protected":false},"featured_media":71918,"template":"","meta":{"_acf_changed":false},"product_brand":[],"product_cat":[2825],"product_tag":[8914],"categoria-admin-prodotto":[],"class_list":{"0":"post-26993","1":"product","2":"type-product","3":"status-publish","4":"has-post-thumbnail","6":"product_cat-track-48-systeme","7":"product_tag-71590-de","8":"pa_grado-ip-ip20-de","10":"first","11":"instock","12":"virtual","13":"purchasable","14":"product-type-composite"},"composite_virtual":false,"composite_layout":"single","composite_add_to_cart_form_location":"default","composite_editable_in_cart":false,"composite_sold_individually_context":"product","composite_shop_price_calc":"defaults","composite_components":[{"id":"1741770868","title":"Schiene","description":"","query_type":"product_ids","query_ids":[70676],"default_option_id":70676,"thumbnail_id":"","thumbnail_src":"","quantity_min":1,"quantity_max":1,"priced_individually":false,"shipped_individually":true,"optional":false,"discount":"","options_style":"radios","pagination_style":"classic","display_prices":"absolute","show_sorting_options":false,"show_filtering_options":false,"attribute_filter_ids":[],"product_title_visible":false,"product_descr_visible":false,"product_price_visible":false,"product_thumb_visible":false,"subtotal_visible_product":false,"subtotal_visible_cart":false,"subtotal_visible_orders":false},{"id":"1741770869","title":"Elektrische Gelenke","description":"","query_type":"product_ids","query_ids":[70771],"default_option_id":70771,"thumbnail_id":"","thumbnail_src":"","quantity_min":1,"quantity_max":1,"priced_individually":false,"shipped_individually":true,"optional":false,"discount":"","options_style":"radios","pagination_style":"classic","display_prices":"absolute","show_sorting_options":false,"show_filtering_options":false,"attribute_filter_ids":[],"product_title_visible":false,"product_descr_visible":false,"product_price_visible":false,"product_thumb_visible":false,"subtotal_visible_product":false,"subtotal_visible_cart":false,"subtotal_visible_orders":false},{"id":"1741770870","title":"Mechanische Gelenke","description":"","query_type":"product_ids","query_ids":[70799],"default_option_id":70799,"thumbnail_id":"","thumbnail_src":"","quantity_min":1,"quantity_max":1,"priced_individually":false,"shipped_individually":true,"optional":false,"discount":"","options_style":"radios","pagination_style":"classic","display_prices":"absolute","show_sorting_options":false,"show_filtering_options":false,"attribute_filter_ids":[],"product_title_visible":false,"product_descr_visible":false,"product_price_visible":false,"product_thumb_visible":false,"subtotal_visible_product":false,"subtotal_visible_cart":false,"subtotal_visible_orders":false},{"id":"1741770871","title":"Systeme zur Befestigung","description":"","query_type":"product_ids","query_ids":[70745],"default_option_id":70745,"thumbnail_id":"","thumbnail_src":"","quantity_min":1,"quantity_max":1,"priced_individually":false,"shipped_individually":true,"optional":false,"discount":"","options_style":"radios","pagination_style":"classic","display_prices":"absolute","show_sorting_options":false,"show_filtering_options":false,"attribute_filter_ids":[],"product_title_visible":false,"product_descr_visible":false,"product_price_visible":false,"product_thumb_visible":false,"subtotal_visible_product":false,"subtotal_visible_cart":false,"subtotal_visible_orders":false},{"id":"1741770872","title":"Zubeh\u00f6r","description":"","query_type":"product_ids","query_ids":[70724],"default_option_id":70724,"thumbnail_id":"","thumbnail_src":"","quantity_min":1,"quantity_max":1,"priced_individually":false,"shipped_individually":true,"optional":false,"discount":"","options_style":"radios","pagination_style":"classic","display_prices":"absolute","show_sorting_options":false,"show_filtering_options":false,"attribute_filter_ids":[],"product_title_visible":false,"product_descr_visible":false,"product_price_visible":false,"product_thumb_visible":false,"subtotal_visible_product":false,"subtotal_visible_cart":false,"subtotal_visible_orders":false},{"id":"1741770873","title":"Stromversorgung","description":"","query_type":"product_ids","query_ids":[70700],"default_option_id":70700,"thumbnail_id":"","thumbnail_src":"","quantity_min":1,"quantity_max":1,"priced_individually":false,"shipped_individually":true,"optional":false,"discount":"","options_style":"radios","pagination_style":"classic","display_prices":"absolute","show_sorting_options":false,"show_filtering_options":false,"attribute_filter_ids":[],"product_title_visible":false,"product_descr_visible":false,"product_price_visible":false,"product_thumb_visible":false,"subtotal_visible_product":false,"subtotal_visible_cart":false,"subtotal_visible_orders":false}],"composite_scenarios":[],"bundled_by":[],"bundle_stock_status":"instock","bundle_stock_quantity":null,"bundle_virtual":false,"bundle_layout":"","bundle_add_to_cart_form_location":"","bundle_editable_in_cart":false,"bundle_sold_individually_context":"","bundle_item_grouping":"","bundle_min_size":"","bundle_max_size":"","bundled_items":[],"bundle_sell_ids":[],"acf":[],"yoast_head":"<!-- This site is optimized with the Yoast SEO plugin v27.5 - https:\/\/yoast.com\/product\/yoast-seo-wordpress\/ -->\n<title>Track 48 Tube | Exenia<\/title>\n<meta name=\"robots\" content=\"noindex, follow, max-snippet:-1, max-image-preview:large, max-video-preview:-1\" \/>\n<meta property=\"og:locale\" content=\"de_DE\" \/>\n<meta property=\"og:type\" content=\"article\" \/>\n<meta property=\"og:title\" content=\"Track 48 Tube | Exenia\" \/>\n<meta property=\"og:description\" content=\"Niederspannungsstromschiene mit rundem Querschnitt, 48 V DC, f\u00fcr die Installation...\" \/>\n<meta property=\"og:url\" content=\"https:\/\/restyling.exenia.eu\/prodotto\/track-48-tube\/\" \/>\n<meta property=\"og:site_name\" content=\"Exenia\" \/>\n<meta property=\"article:publisher\" content=\"https:\/\/www.facebook.com\/exenialighting\" \/>\n<meta property=\"article:modified_time\" content=\"2025-03-26T09:01:27+00:00\" \/>\n<meta property=\"og:image\" content=\"https:\/\/restyling.exenia.eu\/wp-content\/uploads\/2023\/01\/Track-48-Tube-prodotto-1.jpg\" \/>\n\t<meta property=\"og:image:width\" content=\"2000\" \/>\n\t<meta property=\"og:image:height\" content=\"1919\" \/>\n\t<meta property=\"og:image:type\" content=\"image\/jpeg\" \/>\n<!-- \/ Yoast SEO plugin. -->","yoast_head_json":{"title":"Track 48 Tube | Exenia","robots":{"index":"noindex","follow":"follow","max-snippet":"max-snippet:-1","max-image-preview":"max-image-preview:large","max-video-preview":"max-video-preview:-1"},"og_locale":"de_DE","og_type":"article","og_title":"Track 48 Tube | Exenia","og_description":"Niederspannungsstromschiene mit rundem Querschnitt, 48 V DC, f\u00fcr die Installation...","og_url":"https:\/\/restyling.exenia.eu\/prodotto\/track-48-tube\/","og_site_name":"Exenia","article_publisher":"https:\/\/www.facebook.com\/exenialighting","article_modified_time":"2025-03-26T09:01:27+00:00","og_image":[{"width":2000,"height":1919,"url":"https:\/\/restyling.exenia.eu\/wp-content\/uploads\/2023\/01\/Track-48-Tube-prodotto-1.jpg","type":"image\/jpeg"}],"schema":{"@context":"https:\/\/schema.org","@graph":[{"@type":"WebPage","@id":"https:\/\/restyling.exenia.eu\/prodotto\/track-48-tube\/","url":"https:\/\/restyling.exenia.eu\/prodotto\/track-48-tube\/","name":"Track 48 Tube | Exenia","isPartOf":{"@id":"https:\/\/restyling.exenia.eu\/#website"},"primaryImageOfPage":{"@id":"https:\/\/restyling.exenia.eu\/prodotto\/track-48-tube\/#primaryimage"},"image":{"@id":"https:\/\/restyling.exenia.eu\/prodotto\/track-48-tube\/#primaryimage"},"thumbnailUrl":"https:\/\/restyling.exenia.eu\/wp-content\/uploads\/2023\/01\/Track-48-Tube-prodotto-1.jpg","datePublished":"2023-01-26T11:07:39+00:00","dateModified":"2025-03-26T09:01:27+00:00","breadcrumb":{"@id":"https:\/\/restyling.exenia.eu\/prodotto\/track-48-tube\/#breadcrumb"},"inLanguage":"de","potentialAction":[{"@type":"ReadAction","target":["https:\/\/restyling.exenia.eu\/prodotto\/track-48-tube\/"]}]},{"@type":"ImageObject","inLanguage":"de","@id":"https:\/\/restyling.exenia.eu\/prodotto\/track-48-tube\/#primaryimage","url":"https:\/\/restyling.exenia.eu\/wp-content\/uploads\/2023\/01\/Track-48-Tube-prodotto-1.jpg","contentUrl":"https:\/\/restyling.exenia.eu\/wp-content\/uploads\/2023\/01\/Track-48-Tube-prodotto-1.jpg","width":2000,"height":1919},{"@type":"BreadcrumbList","@id":"https:\/\/restyling.exenia.eu\/prodotto\/track-48-tube\/#breadcrumb","itemListElement":[{"@type":"ListItem","position":1,"name":"Home","item":"https:\/\/restyling.exenia.eu\/"},{"@type":"ListItem","position":2,"name":"Produkte","item":"https:\/\/restyling.exenia.eu\/prodotti\/"},{"@type":"ListItem","position":3,"name":"Indoor","item":"https:\/\/restyling.exenia.eu\/c\/indoor\/"},{"@type":"ListItem","position":4,"name":"Sistemi\/Binari Elettrificati","item":"https:\/\/restyling.exenia.eu\/c\/indoor\/sistemi-binari-elettrificati\/"},{"@type":"ListItem","position":5,"name":"Track 48","item":"https:\/\/restyling.exenia.eu\/c\/indoor\/sistemi-binari-elettrificati\/track-48\/"},{"@type":"ListItem","position":6,"name":"Track 48 Tube"}]},{"@type":"WebSite","@id":"https:\/\/restyling.exenia.eu\/#website","url":"https:\/\/restyling.exenia.eu\/","name":"Exenia","description":"","publisher":{"@id":"https:\/\/restyling.exenia.eu\/#organization"},"potentialAction":[{"@type":"SearchAction","target":{"@type":"EntryPoint","urlTemplate":"https:\/\/restyling.exenia.eu\/?s={search_term_string}"},"query-input":{"@type":"PropertyValueSpecification","valueRequired":true,"valueName":"search_term_string"}}],"inLanguage":"de"},{"@type":"Organization","@id":"https:\/\/restyling.exenia.eu\/#organization","name":"Exenia","url":"https:\/\/restyling.exenia.eu\/","logo":{"@type":"ImageObject","inLanguage":"de","@id":"https:\/\/restyling.exenia.eu\/#\/schema\/logo\/image\/","url":"https:\/\/restyling.exenia.eu\/wp-content\/uploads\/2022\/09\/logo_exenia-e1678467519405.png","contentUrl":"https:\/\/restyling.exenia.eu\/wp-content\/uploads\/2022\/09\/logo_exenia-e1678467519405.png","width":600,"height":194,"caption":"Exenia"},"image":{"@id":"https:\/\/restyling.exenia.eu\/#\/schema\/logo\/image\/"},"sameAs":["https:\/\/www.facebook.com\/exenialighting","https:\/\/x.com\/ExeniaLighting"]}]}},"_links":{"self":[{"href":"https:\/\/restyling.exenia.eu\/de\/wp-json\/wp\/v2\/product\/26993","targetHints":{"allow":["GET"]}}],"collection":[{"href":"https:\/\/restyling.exenia.eu\/de\/wp-json\/wp\/v2\/product"}],"about":[{"href":"https:\/\/restyling.exenia.eu\/de\/wp-json\/wp\/v2\/types\/product"}],"wp:featuredmedia":[{"embeddable":true,"href":"https:\/\/restyling.exenia.eu\/de\/wp-json\/wp\/v2\/media\/71918"}],"wp:attachment":[{"href":"https:\/\/restyling.exenia.eu\/de\/wp-json\/wp\/v2\/media?parent=26993"}],"wp:term":[{"taxonomy":"product_brand","embeddable":true,"href":"https:\/\/restyling.exenia.eu\/de\/wp-json\/wp\/v2\/product_brand?post=26993"},{"taxonomy":"product_cat","embeddable":true,"href":"https:\/\/restyling.exenia.eu\/de\/wp-json\/wp\/v2\/product_cat?post=26993"},{"taxonomy":"product_tag","embeddable":true,"href":"https:\/\/restyling.exenia.eu\/de\/wp-json\/wp\/v2\/product_tag?post=26993"},{"taxonomy":"categoria-admin-prodotto","embeddable":true,"href":"https:\/\/restyling.exenia.eu\/de\/wp-json\/wp\/v2\/categoria-admin-prodotto?post=26993"}],"curies":[{"name":"wp","href":"https:\/\/api.w.org\/{rel}","templated":true}]}}