{"id":27027,"date":"2022-12-01T15:18:17","date_gmt":"2022-12-01T14:18:17","guid":{"rendered":"https:\/\/www.exenia.eu\/prodotto\/blog-orientabile\/"},"modified":"2023-06-12T09:48:00","modified_gmt":"2023-06-12T07:48:00","slug":"blog-einstellbare","status":"publish","type":"product","link":"https:\/\/restyling.exenia.eu\/de\/produkt\/blog-einstellbare\/","title":{"rendered":"Blog Schwenkbar"},"content":{"rendered":"<p>Downlight-Einbaustrahler mit LED-Leuchtmittel. Schwenkbar um +\/- 25\u00b0. Geh\u00e4use aus Druckguss-Aluminium. 2700 K, 3000 K und 4000 K f\u00fcr CRI 95 und 3000 K f\u00fcr CRI 85. Nennleistung 13 W (1900 lm). Lichtstromerhalt von 100.000 Stunden nach Standard L80\/B10. Das Produkt ist mit einem Reflektor aus Polycarbonat ausgestattet und ist mit drei verschiedenen \u00d6ffnungswinkeln erh\u00e4ltlich. Als Zubeh\u00f6r ist ein Zierring aus durchscheinendem Orange, Ozeanblau, Gr\u00fcn und Wei\u00df erh\u00e4ltlich, w\u00e4hrend die Oberfl\u00e4che schwarz ist. Die durchscheinenden Ringe leuchten ebenfalls, wodurch die Leuchte eine dekorative Note erh\u00e4lt. Die schwarze Version kann eingesetzt werden, um den visuellen Komfort zu erh\u00f6hen, denn sie tr\u00e4gt einen Teil gegen Blendungen und Reflexionen bei. Schutzart IP20. Kann bei Verwendung eines als Zubeh\u00f6r erh\u00e4ltlichen satinierten Diffusors auf Schutzart IP40 erh\u00f6ht werden. Elektrische Isolierung: Schutzklasse III. Stromversorgung \u00fcber einen externen und separat zu bestellenden Treiber. Je nach gew\u00e4hltem Treiber sind bei dieser Leuchte die Einschaltmodi ON\/OFF oder das Dimmen mit DALI, 1-10V, PUSH und dem Phasenabschnittsdimmen verf\u00fcgbar. Ein separat zu bestellendes Bluetooth-Zubeh\u00f6r, welches mit dem DALI-Betriebsger\u00e4t kombiniert werden kann, erm\u00f6glicht die Steuerung \u00fcber eine App auf dem Smartphone. Die Oberfl\u00e4che des Leuchtenk\u00f6rpers ist pulverbeschichtet und entweder in texturiertem Mattwei\u00df oder in Mattschwarz erh\u00e4ltlich.<\/p>\n","protected":false},"excerpt":{"rendered":"<p>Downlight-Einbaustrahler mit LED-Leuchtmittel. Schwenkbar um +\/- 25\u00b0. Geh\u00e4use aus Druckguss-Aluminium&#8230;.<\/p>\n","protected":false},"featured_media":7381,"template":"","meta":{"_acf_changed":false},"product_brand":[],"product_cat":[2785],"product_tag":[7775],"categoria-admin-prodotto":[],"class_list":{"0":"post-27027","1":"product","2":"type-product","3":"status-publish","4":"has-post-thumbnail","6":"product_cat-blog-deckeneinbauleuchten","7":"product_tag-12182-de","8":"pa_cct-2700k-de","9":"pa_cct-3000k-de","10":"pa_cct-4000k-de","11":"pa_certificazione-conformita-ce-de","12":"pa_classe-f-da","13":"pa_cri-85-de","14":"pa_cri-95-de","15":"pa_grado-ip-ip20-de","16":"pa_lifetime-l80b10-100-000-ore-de","17":"pa_temperatura-di-esercizio-10-30-de","19":"first","20":"instock","21":"purchasable","22":"product-type-composite"},"composite_virtual":false,"composite_layout":"single","composite_add_to_cart_form_location":"default","composite_editable_in_cart":false,"composite_sold_individually_context":"product","composite_shop_price_calc":"defaults","composite_components":[{"id":"1669907878","title":"Geh\u00e4use der Leuchte","description":"","query_type":"product_ids","query_ids":[13707],"default_option_id":13707,"thumbnail_id":"","thumbnail_src":"","quantity_min":1,"quantity_max":1,"priced_individually":false,"shipped_individually":false,"optional":false,"discount":"","options_style":"radios","pagination_style":"classic","display_prices":"absolute","show_sorting_options":false,"show_filtering_options":false,"attribute_filter_ids":[],"product_title_visible":false,"product_descr_visible":false,"product_price_visible":false,"product_thumb_visible":false,"subtotal_visible_product":false,"subtotal_visible_cart":false,"subtotal_visible_orders":false},{"id":"1670848621","title":"Version","description":"","query_type":"product_ids","query_ids":[21222],"default_option_id":21222,"thumbnail_id":"","thumbnail_src":"","quantity_min":1,"quantity_max":1,"priced_individually":false,"shipped_individually":false,"optional":false,"discount":"","options_style":"radios","pagination_style":"classic","display_prices":"absolute","show_sorting_options":false,"show_filtering_options":false,"attribute_filter_ids":[],"product_title_visible":false,"product_descr_visible":false,"product_price_visible":false,"product_thumb_visible":false,"subtotal_visible_product":false,"subtotal_visible_cart":false,"subtotal_visible_orders":false},{"id":"1670848622","title":"Leistung","description":"","query_type":"product_ids","query_ids":[13701],"default_option_id":13701,"thumbnail_id":"","thumbnail_src":"","quantity_min":1,"quantity_max":1,"priced_individually":false,"shipped_individually":false,"optional":false,"discount":"","options_style":"radios","pagination_style":"classic","display_prices":"absolute","show_sorting_options":false,"show_filtering_options":false,"attribute_filter_ids":[],"product_title_visible":false,"product_descr_visible":false,"product_price_visible":false,"product_thumb_visible":false,"subtotal_visible_product":false,"subtotal_visible_cart":false,"subtotal_visible_orders":false},{"id":"1670848623","title":"Kontrolle","description":"","query_type":"product_ids","query_ids":[20513],"default_option_id":20513,"thumbnail_id":"","thumbnail_src":"","quantity_min":1,"quantity_max":1,"priced_individually":false,"shipped_individually":false,"optional":false,"discount":"","options_style":"radios","pagination_style":"classic","display_prices":"absolute","show_sorting_options":false,"show_filtering_options":false,"attribute_filter_ids":[],"product_title_visible":false,"product_descr_visible":false,"product_price_visible":false,"product_thumb_visible":false,"subtotal_visible_product":false,"subtotal_visible_cart":false,"subtotal_visible_orders":false},{"id":"1670848624","title":"Oberfl\u00e4che","description":"","query_type":"product_ids","query_ids":[20815,20840],"default_option_id":"","thumbnail_id":"","thumbnail_src":"","quantity_min":1,"quantity_max":1,"priced_individually":false,"shipped_individually":false,"optional":true,"discount":"","options_style":"radios","pagination_style":"classic","display_prices":"absolute","show_sorting_options":false,"show_filtering_options":false,"attribute_filter_ids":[],"product_title_visible":false,"product_descr_visible":false,"product_price_visible":false,"product_thumb_visible":false,"subtotal_visible_product":false,"subtotal_visible_cart":false,"subtotal_visible_orders":false},{"id":"1670848625","title":"CRI-CCT","description":"","query_type":"product_ids","query_ids":[20719,20713,20714,20715],"default_option_id":"","thumbnail_id":"","thumbnail_src":"","quantity_min":1,"quantity_max":1,"priced_individually":false,"shipped_individually":false,"optional":true,"discount":"","options_style":"radios","pagination_style":"classic","display_prices":"absolute","show_sorting_options":false,"show_filtering_options":false,"attribute_filter_ids":[],"product_title_visible":false,"product_descr_visible":false,"product_price_visible":false,"product_thumb_visible":false,"subtotal_visible_product":false,"subtotal_visible_cart":false,"subtotal_visible_orders":false},{"id":"1670848626","title":"Optik","description":"","query_type":"product_ids","query_ids":[20890,20889,20873],"default_option_id":"","thumbnail_id":"","thumbnail_src":"","quantity_min":1,"quantity_max":1,"priced_individually":false,"shipped_individually":false,"optional":true,"discount":"","options_style":"radios","pagination_style":"classic","display_prices":"absolute","show_sorting_options":false,"show_filtering_options":false,"attribute_filter_ids":[],"product_title_visible":false,"product_descr_visible":false,"product_price_visible":false,"product_thumb_visible":false,"subtotal_visible_product":false,"subtotal_visible_cart":false,"subtotal_visible_orders":false},{"id":"1677595552","title":" ","description":"","query_type":"product_ids","query_ids":[7635],"default_option_id":7635,"thumbnail_id":"","thumbnail_src":"","quantity_min":1,"quantity_max":1,"priced_individually":false,"shipped_individually":false,"optional":false,"discount":"","options_style":"radios","pagination_style":"classic","display_prices":"absolute","show_sorting_options":false,"show_filtering_options":false,"attribute_filter_ids":[],"product_title_visible":false,"product_descr_visible":false,"product_price_visible":false,"product_thumb_visible":false,"subtotal_visible_product":false,"subtotal_visible_cart":false,"subtotal_visible_orders":false},{"id":"1677595553","title":"Stromversorgung","description":"","query_type":"product_ids","query_ids":[40323],"default_option_id":40323,"thumbnail_id":"","thumbnail_src":"","quantity_min":1,"quantity_max":1,"priced_individually":false,"shipped_individually":false,"optional":false,"discount":"","options_style":"radios","pagination_style":"classic","display_prices":"absolute","show_sorting_options":false,"show_filtering_options":false,"attribute_filter_ids":[],"product_title_visible":false,"product_descr_visible":true,"product_price_visible":false,"product_thumb_visible":true,"subtotal_visible_product":false,"subtotal_visible_cart":false,"subtotal_visible_orders":false},{"id":"1675695385","title":"Sekund\u00e4res Zubeh\u00f6r","description":"","query_type":"product_ids","query_ids":[40987],"default_option_id":40987,"thumbnail_id":"","thumbnail_src":"","quantity_min":1,"quantity_max":1,"priced_individually":false,"shipped_individually":false,"optional":false,"discount":"","options_style":"radios","pagination_style":"classic","display_prices":"absolute","show_sorting_options":false,"show_filtering_options":false,"attribute_filter_ids":[],"product_title_visible":false,"product_descr_visible":true,"product_price_visible":false,"product_thumb_visible":false,"subtotal_visible_product":false,"subtotal_visible_cart":false,"subtotal_visible_orders":false},{"id":"1675695386","title":"W\u00e4hlen Sie, um den Ring zu aktivieren","description":"","query_type":"product_ids","query_ids":[7635],"default_option_id":"","thumbnail_id":"","thumbnail_src":"","quantity_min":1,"quantity_max":1,"priced_individually":false,"shipped_individually":false,"optional":true,"discount":"","options_style":"radios","pagination_style":"classic","display_prices":"absolute","show_sorting_options":false,"show_filtering_options":false,"attribute_filter_ids":[],"product_title_visible":false,"product_descr_visible":false,"product_price_visible":false,"product_thumb_visible":false,"subtotal_visible_product":false,"subtotal_visible_cart":false,"subtotal_visible_orders":false},{"id":"1678869580","title":"Dekorativer Ring","description":"","query_type":"product_ids","query_ids":[41718],"default_option_id":41718,"thumbnail_id":"","thumbnail_src":"","quantity_min":1,"quantity_max":1,"priced_individually":false,"shipped_individually":false,"optional":false,"discount":"","options_style":"radios","pagination_style":"classic","display_prices":"absolute","show_sorting_options":false,"show_filtering_options":false,"attribute_filter_ids":[],"product_title_visible":false,"product_descr_visible":true,"product_price_visible":false,"product_thumb_visible":true,"subtotal_visible_product":false,"subtotal_visible_cart":false,"subtotal_visible_orders":false}],"composite_scenarios":[{"id":"1675695883","name":"no anello","description":"","configuration":[{"component_id":"1675695386","options_modifier":"in","component_options":[-1]}],"actions":[{"action_id":"compat_group","is_active":false},{"action_id":"conditional_components","is_active":true,"hidden_components":["1678869580"]},{"action_id":"conditional_options","is_active":true,"hidden_options":[{"component_id":"1678869580","component_options":[-1],"options_modifier":"not-in"}]}],"enabled":true},{"id":"1677595612","name":"alimentazione","description":"","configuration":[{"component_id":"1669907878","options_modifier":"in","component_options":[13707]}],"actions":[{"action_id":"compat_group","is_active":false},{"action_id":"conditional_components","is_active":false,"hidden_components":[]},{"action_id":"conditional_options","is_active":true,"hidden_options":[{"component_id":"1677595553","component_options":[-1,75306,75307,40330,40332,40333],"options_modifier":"not-in"}]}],"enabled":true}],"bundled_by":[],"bundle_stock_status":"instock","bundle_stock_quantity":null,"bundle_virtual":false,"bundle_layout":"","bundle_add_to_cart_form_location":"","bundle_editable_in_cart":false,"bundle_sold_individually_context":"","bundle_item_grouping":"","bundle_min_size":"","bundle_max_size":"","bundled_items":[],"bundle_sell_ids":[],"acf":[],"yoast_head":"<!-- This site is optimized with the Yoast SEO plugin v27.4 - https:\/\/yoast.com\/product\/yoast-seo-wordpress\/ -->\n<title>Blog Schwenkbar | Exenia<\/title>\n<meta name=\"robots\" content=\"noindex, follow, max-snippet:-1, max-image-preview:large, max-video-preview:-1\" \/>\n<meta property=\"og:locale\" content=\"de_DE\" \/>\n<meta property=\"og:type\" content=\"article\" \/>\n<meta property=\"og:title\" content=\"Blog Schwenkbar | Exenia\" \/>\n<meta property=\"og:description\" content=\"Downlight-Einbaustrahler mit LED-Leuchtmittel. Schwenkbar um +\/- 25\u00b0. Geh\u00e4use aus Druckguss-Aluminium....\" \/>\n<meta property=\"og:url\" content=\"https:\/\/restyling.exenia.eu\/de\/produkt\/blog-einstellbare\/\" \/>\n<meta property=\"og:site_name\" content=\"Exenia\" \/>\n<meta property=\"article:publisher\" content=\"https:\/\/www.facebook.com\/exenialighting\" \/>\n<meta property=\"article:modified_time\" content=\"2023-06-12T07:48:00+00:00\" \/>\n<meta property=\"og:image\" content=\"https:\/\/restyling.exenia.eu\/wp-content\/uploads\/2022\/12\/Blogorientabile-Prodotto.jpg\" \/>\n\t<meta property=\"og:image:width\" content=\"1920\" \/>\n\t<meta property=\"og:image:height\" content=\"1266\" \/>\n\t<meta property=\"og:image:type\" content=\"image\/jpeg\" \/>\n<!-- \/ Yoast SEO plugin. -->","yoast_head_json":{"title":"Blog Schwenkbar | Exenia","robots":{"index":"noindex","follow":"follow","max-snippet":"max-snippet:-1","max-image-preview":"max-image-preview:large","max-video-preview":"max-video-preview:-1"},"og_locale":"de_DE","og_type":"article","og_title":"Blog Schwenkbar | Exenia","og_description":"Downlight-Einbaustrahler mit LED-Leuchtmittel. Schwenkbar um +\/- 25\u00b0. Geh\u00e4use aus Druckguss-Aluminium....","og_url":"https:\/\/restyling.exenia.eu\/de\/produkt\/blog-einstellbare\/","og_site_name":"Exenia","article_publisher":"https:\/\/www.facebook.com\/exenialighting","article_modified_time":"2023-06-12T07:48:00+00:00","og_image":[{"width":1920,"height":1266,"url":"https:\/\/restyling.exenia.eu\/wp-content\/uploads\/2022\/12\/Blogorientabile-Prodotto.jpg","type":"image\/jpeg"}],"schema":{"@context":"https:\/\/schema.org","@graph":[{"@type":"WebPage","@id":"https:\/\/restyling.exenia.eu\/de\/produkt\/blog-einstellbare\/","url":"https:\/\/restyling.exenia.eu\/de\/produkt\/blog-einstellbare\/","name":"Blog Schwenkbar | Exenia","isPartOf":{"@id":"https:\/\/restyling.exenia.eu\/#website"},"primaryImageOfPage":{"@id":"https:\/\/restyling.exenia.eu\/de\/produkt\/blog-einstellbare\/#primaryimage"},"image":{"@id":"https:\/\/restyling.exenia.eu\/de\/produkt\/blog-einstellbare\/#primaryimage"},"thumbnailUrl":"https:\/\/restyling.exenia.eu\/wp-content\/uploads\/2022\/12\/Blogorientabile-Prodotto.jpg","datePublished":"2022-12-01T14:18:17+00:00","dateModified":"2023-06-12T07:48:00+00:00","breadcrumb":{"@id":"https:\/\/restyling.exenia.eu\/de\/produkt\/blog-einstellbare\/#breadcrumb"},"inLanguage":"de","potentialAction":[{"@type":"ReadAction","target":["https:\/\/restyling.exenia.eu\/de\/produkt\/blog-einstellbare\/"]}]},{"@type":"ImageObject","inLanguage":"de","@id":"https:\/\/restyling.exenia.eu\/de\/produkt\/blog-einstellbare\/#primaryimage","url":"https:\/\/restyling.exenia.eu\/wp-content\/uploads\/2022\/12\/Blogorientabile-Prodotto.jpg","contentUrl":"https:\/\/restyling.exenia.eu\/wp-content\/uploads\/2022\/12\/Blogorientabile-Prodotto.jpg","width":1920,"height":1266},{"@type":"BreadcrumbList","@id":"https:\/\/restyling.exenia.eu\/de\/produkt\/blog-einstellbare\/#breadcrumb","itemListElement":[{"@type":"ListItem","position":1,"name":"Home","item":"https:\/\/restyling.exenia.eu\/"},{"@type":"ListItem","position":2,"name":"Produkte","item":"https:\/\/restyling.exenia.eu\/prodotti\/"},{"@type":"ListItem","position":3,"name":"Indoor","item":"https:\/\/restyling.exenia.eu\/de\/c\/indoor\/"},{"@type":"ListItem","position":4,"name":"Deckeneinbauleuchten","item":"https:\/\/restyling.exenia.eu\/de\/c\/indoor\/deckeneinbauleuchten\/"},{"@type":"ListItem","position":5,"name":"Blog","item":"https:\/\/restyling.exenia.eu\/de\/c\/indoor\/deckeneinbauleuchten\/blog-deckeneinbauleuchten\/"},{"@type":"ListItem","position":6,"name":"Blog Schwenkbar"}]},{"@type":"WebSite","@id":"https:\/\/restyling.exenia.eu\/#website","url":"https:\/\/restyling.exenia.eu\/","name":"Exenia","description":"","publisher":{"@id":"https:\/\/restyling.exenia.eu\/#organization"},"potentialAction":[{"@type":"SearchAction","target":{"@type":"EntryPoint","urlTemplate":"https:\/\/restyling.exenia.eu\/?s={search_term_string}"},"query-input":{"@type":"PropertyValueSpecification","valueRequired":true,"valueName":"search_term_string"}}],"inLanguage":"de"},{"@type":"Organization","@id":"https:\/\/restyling.exenia.eu\/#organization","name":"Exenia","url":"https:\/\/restyling.exenia.eu\/","logo":{"@type":"ImageObject","inLanguage":"de","@id":"https:\/\/restyling.exenia.eu\/#\/schema\/logo\/image\/","url":"https:\/\/restyling.exenia.eu\/wp-content\/uploads\/2022\/09\/logo_exenia-e1678467519405.png","contentUrl":"https:\/\/restyling.exenia.eu\/wp-content\/uploads\/2022\/09\/logo_exenia-e1678467519405.png","width":600,"height":194,"caption":"Exenia"},"image":{"@id":"https:\/\/restyling.exenia.eu\/#\/schema\/logo\/image\/"},"sameAs":["https:\/\/www.facebook.com\/exenialighting","https:\/\/x.com\/ExeniaLighting"]}]}},"_links":{"self":[{"href":"https:\/\/restyling.exenia.eu\/de\/wp-json\/wp\/v2\/product\/27027","targetHints":{"allow":["GET"]}}],"collection":[{"href":"https:\/\/restyling.exenia.eu\/de\/wp-json\/wp\/v2\/product"}],"about":[{"href":"https:\/\/restyling.exenia.eu\/de\/wp-json\/wp\/v2\/types\/product"}],"wp:featuredmedia":[{"embeddable":true,"href":"https:\/\/restyling.exenia.eu\/de\/wp-json\/wp\/v2\/media\/7381"}],"wp:attachment":[{"href":"https:\/\/restyling.exenia.eu\/de\/wp-json\/wp\/v2\/media?parent=27027"}],"wp:term":[{"taxonomy":"product_brand","embeddable":true,"href":"https:\/\/restyling.exenia.eu\/de\/wp-json\/wp\/v2\/product_brand?post=27027"},{"taxonomy":"product_cat","embeddable":true,"href":"https:\/\/restyling.exenia.eu\/de\/wp-json\/wp\/v2\/product_cat?post=27027"},{"taxonomy":"product_tag","embeddable":true,"href":"https:\/\/restyling.exenia.eu\/de\/wp-json\/wp\/v2\/product_tag?post=27027"},{"taxonomy":"categoria-admin-prodotto","embeddable":true,"href":"https:\/\/restyling.exenia.eu\/de\/wp-json\/wp\/v2\/categoria-admin-prodotto?post=27027"}],"curies":[{"name":"wp","href":"https:\/\/api.w.org\/{rel}","templated":true}]}}