{"id":27046,"date":"2022-11-24T09:51:46","date_gmt":"2022-11-24T08:51:46","guid":{"rendered":"https:\/\/www.exenia.eu\/prodotto\/willy-led\/"},"modified":"2023-06-12T09:47:57","modified_gmt":"2023-06-12T07:47:57","slug":"willy-pendel","status":"publish","type":"product","link":"https:\/\/restyling.exenia.eu\/de\/produkt\/willy-pendel\/","title":{"rendered":"Willy Pendel"},"content":{"rendered":"<p>H\u00e4ngeleuchte mit COB-Leuchtmittel (Chip on board). Stromversorgung \u00fcber den in das Leuchtengeh\u00e4use integrierten Konstantstrom-Treiber. Das Leuchtmittel ist auf einer Verdrahtungsplatte im Inneren der Leuchte montiert; diese Platte dient zur Abf\u00fchrung der von der Lichtquelle erzeugten W\u00e4rme. Au\u00dfengeh\u00e4use und Zierring aus gebogenem Aluminium. Elektrischer Anschluss \u00fcber die an der Decke anzubringenden Dose. Ring und Leuchtengeh\u00e4use mit Fl\u00fcssiglackbeschichtung. Zierring und Optik sind separat zu bestellen. Reflektierende Optik aus Polycarbonat mit Metallbeschichtung. Verf\u00fcgbare Abstrahlwinkel: medium, large und extra large.<\/p>\n","protected":false},"excerpt":{"rendered":"<p>H\u00e4ngeleuchte mit COB-Leuchtmittel (Chip on board). Stromversorgung \u00fcber den in&#8230;<\/p>\n","protected":false},"featured_media":13123,"template":"","meta":{"_acf_changed":false},"product_brand":[],"product_cat":[3971],"product_tag":[8785,8790,8793,8796],"categoria-admin-prodotto":[],"class_list":{"0":"post-27046","1":"product","2":"type-product","3":"status-publish","4":"has-post-thumbnail","6":"product_cat-willy-apparecchi-a-sospensione-plafoniere-de","7":"product_tag-31350-de","8":"product_tag-31351-de","9":"product_tag-31352-de","10":"product_tag-31353-de","11":"pa_cct-2700k-de","12":"pa_cct-3000k-de","13":"pa_cct-4000k-de","14":"pa_certificazione-conformita-ce-de","15":"pa_classe-f-da","16":"pa_cri-85-de","17":"pa_cri-95-de","18":"pa_grado-ip-ip20-de","19":"pa_lifetime-l80b10-100-000-ore-de","20":"pa_temperatura-di-esercizio-10-30-de","22":"first","23":"instock","24":"purchasable","25":"product-type-composite"},"composite_virtual":false,"composite_layout":"single","composite_add_to_cart_form_location":"default","composite_editable_in_cart":false,"composite_sold_individually_context":"product","composite_shop_price_calc":"defaults","composite_components":[{"id":"1670266785","title":"Geh\u00e4use der Leuchte","description":"","query_type":"product_ids","query_ids":[20580],"default_option_id":20580,"thumbnail_id":"","thumbnail_src":"","quantity_min":1,"quantity_max":1,"priced_individually":false,"shipped_individually":false,"optional":false,"discount":"","options_style":"radios","pagination_style":"classic","display_prices":"absolute","show_sorting_options":false,"show_filtering_options":false,"attribute_filter_ids":[],"product_title_visible":false,"product_descr_visible":false,"product_price_visible":false,"product_thumb_visible":false,"subtotal_visible_product":false,"subtotal_visible_cart":false,"subtotal_visible_orders":false},{"id":"1670266786","title":"Gr\u00f6\u00dfe","description":"","query_type":"product_ids","query_ids":[21147,21131,21140,21152],"default_option_id":"","thumbnail_id":"","thumbnail_src":"","quantity_min":1,"quantity_max":1,"priced_individually":false,"shipped_individually":false,"optional":true,"discount":"","options_style":"radios","pagination_style":"classic","display_prices":"absolute","show_sorting_options":false,"show_filtering_options":false,"attribute_filter_ids":[],"product_title_visible":false,"product_descr_visible":false,"product_price_visible":false,"product_thumb_visible":false,"subtotal_visible_product":false,"subtotal_visible_cart":false,"subtotal_visible_orders":false},{"id":"1670314731","title":"Kontrolle","description":"","query_type":"product_ids","query_ids":[20511,20515,20518,20520,20521],"default_option_id":"","thumbnail_id":"","thumbnail_src":"","quantity_min":1,"quantity_max":1,"priced_individually":false,"shipped_individually":false,"optional":true,"discount":"","options_style":"radios","pagination_style":"classic","display_prices":"absolute","show_sorting_options":false,"show_filtering_options":false,"attribute_filter_ids":[],"product_title_visible":false,"product_descr_visible":false,"product_price_visible":false,"product_thumb_visible":false,"subtotal_visible_product":false,"subtotal_visible_cart":false,"subtotal_visible_orders":false},{"id":"1670314732","title":"Oberfl\u00e4che","description":"","query_type":"product_ids","query_ids":[20806,20772,20774,20776,20778,20782,20783,20787,20791],"default_option_id":"","thumbnail_id":"","thumbnail_src":"","quantity_min":1,"quantity_max":1,"priced_individually":false,"shipped_individually":false,"optional":true,"discount":"","options_style":"radios","pagination_style":"classic","display_prices":"absolute","show_sorting_options":false,"show_filtering_options":false,"attribute_filter_ids":[],"product_title_visible":false,"product_descr_visible":false,"product_price_visible":false,"product_thumb_visible":false,"subtotal_visible_product":false,"subtotal_visible_cart":false,"subtotal_visible_orders":false},{"id":"1670314733","title":"CRI-CCT","description":"","query_type":"product_ids","query_ids":[20719,20713,20714,20715],"default_option_id":"","thumbnail_id":"","thumbnail_src":"","quantity_min":1,"quantity_max":1,"priced_individually":false,"shipped_individually":false,"optional":true,"discount":"","options_style":"radios","pagination_style":"classic","display_prices":"absolute","show_sorting_options":false,"show_filtering_options":false,"attribute_filter_ids":[],"product_title_visible":false,"product_descr_visible":false,"product_price_visible":false,"product_thumb_visible":false,"subtotal_visible_product":false,"subtotal_visible_cart":false,"subtotal_visible_orders":false},{"id":"1670314734","title":"Separat bestellen","description":"","query_type":"product_ids","query_ids":[7635],"default_option_id":7635,"thumbnail_id":"","thumbnail_src":"","quantity_min":1,"quantity_max":1,"priced_individually":false,"shipped_individually":false,"optional":false,"discount":"","options_style":"radios","pagination_style":"classic","display_prices":"absolute","show_sorting_options":false,"show_filtering_options":false,"attribute_filter_ids":[],"product_title_visible":false,"product_descr_visible":false,"product_price_visible":false,"product_thumb_visible":false,"subtotal_visible_product":false,"subtotal_visible_cart":false,"subtotal_visible_orders":false},{"id":"1670314735","title":"Prim\u00e4res optisches Zubeh\u00f6r","description":"","query_type":"product_ids","query_ids":[20248,20246,20247,20249],"default_option_id":"","thumbnail_id":"","thumbnail_src":"","quantity_min":1,"quantity_max":1,"priced_individually":false,"shipped_individually":false,"optional":true,"discount":"","options_style":"radios","pagination_style":"classic","display_prices":"absolute","show_sorting_options":false,"show_filtering_options":false,"attribute_filter_ids":[],"product_title_visible":false,"product_descr_visible":false,"product_price_visible":false,"product_thumb_visible":false,"subtotal_visible_product":false,"subtotal_visible_cart":false,"subtotal_visible_orders":false},{"id":"1670314736","title":"Ring-Oberflache","description":"","query_type":"product_ids","query_ids":[20806,20772,20774,20776,20778,20782,20783,20791],"default_option_id":"","thumbnail_id":"","thumbnail_src":"","quantity_min":1,"quantity_max":1,"priced_individually":false,"shipped_individually":false,"optional":true,"discount":"","options_style":"radios","pagination_style":"classic","display_prices":"absolute","show_sorting_options":false,"show_filtering_options":false,"attribute_filter_ids":[],"product_title_visible":false,"product_descr_visible":false,"product_price_visible":false,"product_thumb_visible":false,"subtotal_visible_product":false,"subtotal_visible_cart":false,"subtotal_visible_orders":false},{"id":"1670314737","title":"Optik","description":"","query_type":"product_ids","query_ids":[13774,20884,20875,20906,20878,20870,20904,20880,20871,20909],"default_option_id":"","thumbnail_id":"","thumbnail_src":"","quantity_min":1,"quantity_max":1,"priced_individually":false,"shipped_individually":false,"optional":true,"discount":"","options_style":"radios","pagination_style":"classic","display_prices":"absolute","show_sorting_options":false,"show_filtering_options":false,"attribute_filter_ids":[],"product_title_visible":false,"product_descr_visible":false,"product_price_visible":false,"product_thumb_visible":false,"subtotal_visible_product":false,"subtotal_visible_cart":false,"subtotal_visible_orders":false}],"composite_scenarios":[{"id":"1670315142","name":"on-off small medium","description":"","configuration":[{"component_id":"1670266786","options_modifier":"in","component_options":[21147,21131]}],"actions":[{"action_id":"compat_group","is_active":false},{"action_id":"conditional_components","is_active":false,"hidden_components":[]},{"action_id":"conditional_options","is_active":true,"hidden_options":[{"component_id":"1670314731","component_options":[-1,20511],"options_modifier":"not-in"}]}],"enabled":true},{"id":"1670315143","name":"versione small","description":"","configuration":[{"component_id":"1670266786","options_modifier":"in","component_options":[21147]}],"actions":[{"action_id":"compat_group","is_active":false},{"action_id":"conditional_components","is_active":false,"hidden_components":[]},{"action_id":"conditional_options","is_active":true,"hidden_options":[{"component_id":"1670314735","component_options":[-1,20248],"options_modifier":"not-in"},{"component_id":"1670314737","component_options":[-1,13774],"options_modifier":"not-in"}]}],"enabled":true},{"id":"1670315144","name":"versione medium","description":"","configuration":[{"component_id":"1670266786","options_modifier":"in","component_options":[21131]}],"actions":[{"action_id":"compat_group","is_active":false},{"action_id":"conditional_components","is_active":false,"hidden_components":[]},{"action_id":"conditional_options","is_active":true,"hidden_options":[{"component_id":"1670314735","component_options":[-1,20246],"options_modifier":"not-in"},{"component_id":"1670314737","component_options":[-1,20884,20875,20906],"options_modifier":"not-in"}]}],"enabled":true},{"id":"1670315145","name":"versione large","description":"","configuration":[{"component_id":"1670266786","options_modifier":"in","component_options":[21140]}],"actions":[{"action_id":"compat_group","is_active":false},{"action_id":"conditional_components","is_active":false,"hidden_components":[]},{"action_id":"conditional_options","is_active":true,"hidden_options":[{"component_id":"1670314735","component_options":[-1,20247],"options_modifier":"not-in"},{"component_id":"1670314737","component_options":[-1,20878,20870,20904],"options_modifier":"not-in"}]}],"enabled":true},{"id":"1670315146","name":"versione xlarge","description":"","configuration":[{"component_id":"1670266786","options_modifier":"in","component_options":[21152]}],"actions":[{"action_id":"compat_group","is_active":false},{"action_id":"conditional_components","is_active":false,"hidden_components":[]},{"action_id":"conditional_options","is_active":true,"hidden_options":[{"component_id":"1670314735","component_options":[-1,20249],"options_modifier":"not-in"},{"component_id":"1670314737","component_options":[-1,20880,20871,20909],"options_modifier":"not-in"}]}],"enabled":true},{"id":"1670315544","name":"dimmerabili","description":"","configuration":[{"component_id":"1670314731","options_modifier":"in","component_options":[20515,20518,20520,20521]}],"actions":[{"action_id":"compat_group","is_active":false},{"action_id":"conditional_components","is_active":false,"hidden_components":[]},{"action_id":"conditional_options","is_active":true,"hidden_options":[{"component_id":"1670266786","component_options":[21147,21131],"options_modifier":"in"},{"component_id":"1670314735","component_options":[20248,20246],"options_modifier":"in"},{"component_id":"1670314737","component_options":[13774,20884,20875,20906],"options_modifier":"in"}]}],"enabled":true},{"id":"1670315545","name":"\u00d8 280 push","description":"","configuration":[{"component_id":"1670266786","options_modifier":"in","component_options":[21140]}],"actions":[{"action_id":"compat_group","is_active":false},{"action_id":"conditional_components","is_active":false,"hidden_components":[]},{"action_id":"conditional_options","is_active":true,"hidden_options":[{"component_id":"1670314731","component_options":[20521],"options_modifier":"in"}]}],"enabled":true},{"id":"1670315546","name":"\u00d8 400 push","description":"","configuration":[{"component_id":"1670266786","options_modifier":"in","component_options":[21152]}],"actions":[{"action_id":"compat_group","is_active":false},{"action_id":"conditional_components","is_active":false,"hidden_components":[]},{"action_id":"conditional_options","is_active":true,"hidden_options":[{"component_id":"1670314731","component_options":[20520],"options_modifier":"in"}]}],"enabled":true},{"id":"1670315547","name":"push x \u00d8280","description":"","configuration":[{"component_id":"1670314731","options_modifier":"in","component_options":[20520]}],"actions":[{"action_id":"compat_group","is_active":false},{"action_id":"conditional_components","is_active":false,"hidden_components":[]},{"action_id":"conditional_options","is_active":true,"hidden_options":[{"component_id":"1670266786","component_options":[21147,21131,21152],"options_modifier":"in"},{"component_id":"1670314735","component_options":[-1,20247],"options_modifier":"not-in"},{"component_id":"1670314737","component_options":[-1,20878,20870,20904],"options_modifier":"not-in"}]}],"enabled":true},{"id":"1670315548","name":"push x \u00d8400","description":"","configuration":[{"component_id":"1670314731","options_modifier":"in","component_options":[20521]}],"actions":[{"action_id":"compat_group","is_active":false},{"action_id":"conditional_components","is_active":false,"hidden_components":[]},{"action_id":"conditional_options","is_active":true,"hidden_options":[{"component_id":"1670266786","component_options":[21147,21131,21140],"options_modifier":"in"},{"component_id":"1670314735","component_options":[-1,20249],"options_modifier":"not-in"},{"component_id":"1670314737","component_options":[-1,20880,20871,20909],"options_modifier":"not-in"}]}],"enabled":true},{"id":"1670315549","name":"1-10 - dali","description":"","configuration":[{"component_id":"1670314731","options_modifier":"in","component_options":[20515,20518]}],"actions":[{"action_id":"compat_group","is_active":false},{"action_id":"conditional_components","is_active":false,"hidden_components":[]},{"action_id":"conditional_options","is_active":true,"hidden_options":[{"component_id":"1670266786","component_options":[21147,21131],"options_modifier":"in"},{"component_id":"1670314735","component_options":[20248,20246],"options_modifier":"in"},{"component_id":"1670314737","component_options":[13774,20884,20875,20906],"options_modifier":"in"}]}],"enabled":true},{"id":"1670315809","name":"anello small","description":"","configuration":[{"component_id":"1670314735","options_modifier":"in","component_options":[20248]}],"actions":[{"action_id":"compat_group","is_active":false},{"action_id":"conditional_components","is_active":false,"hidden_components":[]},{"action_id":"conditional_options","is_active":true,"hidden_options":[{"component_id":"1670266786","component_options":[-1,21147],"options_modifier":"not-in"},{"component_id":"1670314731","component_options":[-1,20511],"options_modifier":"not-in"},{"component_id":"1670314737","component_options":[-1,13774],"options_modifier":"not-in"}]}],"enabled":true},{"id":"1670315810","name":"anello medium","description":"","configuration":[{"component_id":"1670314735","options_modifier":"in","component_options":[20246]}],"actions":[{"action_id":"compat_group","is_active":false},{"action_id":"conditional_components","is_active":false,"hidden_components":[]},{"action_id":"conditional_options","is_active":true,"hidden_options":[{"component_id":"1670266786","component_options":[-1,21131],"options_modifier":"not-in"},{"component_id":"1670314731","component_options":[-1,20511],"options_modifier":"not-in"},{"component_id":"1670314737","component_options":[-1,20884,20875,20906],"options_modifier":"not-in"}]}],"enabled":true},{"id":"1670315811","name":"anello large","description":"","configuration":[{"component_id":"1670314735","options_modifier":"in","component_options":[20247]}],"actions":[{"action_id":"compat_group","is_active":false},{"action_id":"conditional_components","is_active":false,"hidden_components":[]},{"action_id":"conditional_options","is_active":true,"hidden_options":[{"component_id":"1670266786","component_options":[-1,21140],"options_modifier":"not-in"},{"component_id":"1670314731","component_options":[20521],"options_modifier":"in"},{"component_id":"1670314737","component_options":[-1,20878,20870,20904],"options_modifier":"not-in"}]}],"enabled":true},{"id":"1670315812","name":"anello large","description":"","configuration":[{"component_id":"1670314735","options_modifier":"in","component_options":[20249]}],"actions":[{"action_id":"compat_group","is_active":false},{"action_id":"conditional_components","is_active":false,"hidden_components":[]},{"action_id":"conditional_options","is_active":true,"hidden_options":[{"component_id":"1670266786","component_options":[-1,21152],"options_modifier":"not-in"},{"component_id":"1670314731","component_options":[20520],"options_modifier":"in"},{"component_id":"1670314737","component_options":[-1,20880,20871,20909],"options_modifier":"not-in"}]}],"enabled":true},{"id":"1670316069","name":"ottica small","description":"","configuration":[{"component_id":"1670314737","options_modifier":"in","component_options":[13774]}],"actions":[{"action_id":"compat_group","is_active":false},{"action_id":"conditional_components","is_active":false,"hidden_components":[]},{"action_id":"conditional_options","is_active":true,"hidden_options":[{"component_id":"1670266786","component_options":[-1,21147],"options_modifier":"not-in"},{"component_id":"1670314731","component_options":[-1,20511],"options_modifier":"not-in"},{"component_id":"1670314735","component_options":[-1,20248],"options_modifier":"not-in"}]}],"enabled":true},{"id":"1670316070","name":"ottica medium","description":"","configuration":[{"component_id":"1670314737","options_modifier":"in","component_options":[20884,20875,20906]}],"actions":[{"action_id":"compat_group","is_active":false},{"action_id":"conditional_components","is_active":false,"hidden_components":[]},{"action_id":"conditional_options","is_active":true,"hidden_options":[{"component_id":"1670266786","component_options":[-1,21131],"options_modifier":"not-in"},{"component_id":"1670314731","component_options":[-1,20511],"options_modifier":"not-in"},{"component_id":"1670314735","component_options":[-1,20246],"options_modifier":"not-in"}]}],"enabled":true},{"id":"1670316071","name":"ottica large","description":"","configuration":[{"component_id":"1670314737","options_modifier":"in","component_options":[20878,20870,20904]}],"actions":[{"action_id":"compat_group","is_active":false},{"action_id":"conditional_components","is_active":false,"hidden_components":[]},{"action_id":"conditional_options","is_active":true,"hidden_options":[{"component_id":"1670266786","component_options":[-1,21140],"options_modifier":"not-in"},{"component_id":"1670314731","component_options":[20521],"options_modifier":"in"},{"component_id":"1670314735","component_options":[-1,20247],"options_modifier":"not-in"}]}],"enabled":true},{"id":"1670316072","name":"ottica xlarge","description":"","configuration":[{"component_id":"1670314737","options_modifier":"in","component_options":[20880,20871,20909]}],"actions":[{"action_id":"compat_group","is_active":false},{"action_id":"conditional_components","is_active":false,"hidden_components":[]},{"action_id":"conditional_options","is_active":true,"hidden_options":[{"component_id":"1670266786","component_options":[-1,21152],"options_modifier":"not-in"},{"component_id":"1670314731","component_options":[20520],"options_modifier":"in"},{"component_id":"1670314735","component_options":[-1,20249],"options_modifier":"not-in"}]}],"enabled":true}],"bundled_by":[],"bundle_stock_status":"instock","bundle_stock_quantity":null,"bundle_virtual":false,"bundle_layout":"","bundle_add_to_cart_form_location":"","bundle_editable_in_cart":false,"bundle_sold_individually_context":"","bundle_item_grouping":"","bundle_min_size":"","bundle_max_size":"","bundled_items":[],"bundle_sell_ids":[],"acf":[],"yoast_head":"<!-- This site is optimized with the Yoast SEO plugin v27.5 - https:\/\/yoast.com\/product\/yoast-seo-wordpress\/ -->\n<title>Willy Pendel | Exenia<\/title>\n<meta name=\"robots\" content=\"noindex, follow, max-snippet:-1, max-image-preview:large, max-video-preview:-1\" \/>\n<meta property=\"og:locale\" content=\"de_DE\" \/>\n<meta property=\"og:type\" content=\"article\" \/>\n<meta property=\"og:title\" content=\"Willy Pendel | Exenia\" \/>\n<meta property=\"og:description\" content=\"H\u00e4ngeleuchte mit COB-Leuchtmittel (Chip on board). Stromversorgung \u00fcber den in...\" \/>\n<meta property=\"og:url\" content=\"https:\/\/restyling.exenia.eu\/prodotto\/willy-led\/\" \/>\n<meta property=\"og:site_name\" content=\"Exenia\" \/>\n<meta property=\"article:publisher\" content=\"https:\/\/www.facebook.com\/exenialighting\" \/>\n<meta property=\"article:modified_time\" content=\"2023-06-12T07:47:57+00:00\" \/>\n<meta property=\"og:image\" content=\"https:\/\/restyling.exenia.eu\/wp-content\/uploads\/2023\/01\/Willy-prodotto.jpg\" \/>\n\t<meta property=\"og:image:width\" content=\"1982\" \/>\n\t<meta property=\"og:image:height\" content=\"1902\" \/>\n\t<meta property=\"og:image:type\" content=\"image\/jpeg\" \/>\n<!-- \/ Yoast SEO plugin. -->","yoast_head_json":{"title":"Willy Pendel | Exenia","robots":{"index":"noindex","follow":"follow","max-snippet":"max-snippet:-1","max-image-preview":"max-image-preview:large","max-video-preview":"max-video-preview:-1"},"og_locale":"de_DE","og_type":"article","og_title":"Willy Pendel | Exenia","og_description":"H\u00e4ngeleuchte mit COB-Leuchtmittel (Chip on board). Stromversorgung \u00fcber den in...","og_url":"https:\/\/restyling.exenia.eu\/prodotto\/willy-led\/","og_site_name":"Exenia","article_publisher":"https:\/\/www.facebook.com\/exenialighting","article_modified_time":"2023-06-12T07:47:57+00:00","og_image":[{"width":1982,"height":1902,"url":"https:\/\/restyling.exenia.eu\/wp-content\/uploads\/2023\/01\/Willy-prodotto.jpg","type":"image\/jpeg"}],"schema":{"@context":"https:\/\/schema.org","@graph":[{"@type":"WebPage","@id":"https:\/\/restyling.exenia.eu\/prodotto\/willy-led\/","url":"https:\/\/restyling.exenia.eu\/prodotto\/willy-led\/","name":"Willy Pendel | Exenia","isPartOf":{"@id":"https:\/\/restyling.exenia.eu\/#website"},"primaryImageOfPage":{"@id":"https:\/\/restyling.exenia.eu\/prodotto\/willy-led\/#primaryimage"},"image":{"@id":"https:\/\/restyling.exenia.eu\/prodotto\/willy-led\/#primaryimage"},"thumbnailUrl":"https:\/\/restyling.exenia.eu\/wp-content\/uploads\/2023\/01\/Willy-prodotto.jpg","datePublished":"2022-11-24T08:51:46+00:00","dateModified":"2023-06-12T07:47:57+00:00","breadcrumb":{"@id":"https:\/\/restyling.exenia.eu\/prodotto\/willy-led\/#breadcrumb"},"inLanguage":"de","potentialAction":[{"@type":"ReadAction","target":["https:\/\/restyling.exenia.eu\/prodotto\/willy-led\/"]}]},{"@type":"ImageObject","inLanguage":"de","@id":"https:\/\/restyling.exenia.eu\/prodotto\/willy-led\/#primaryimage","url":"https:\/\/restyling.exenia.eu\/wp-content\/uploads\/2023\/01\/Willy-prodotto.jpg","contentUrl":"https:\/\/restyling.exenia.eu\/wp-content\/uploads\/2023\/01\/Willy-prodotto.jpg","width":1982,"height":1902},{"@type":"BreadcrumbList","@id":"https:\/\/restyling.exenia.eu\/prodotto\/willy-led\/#breadcrumb","itemListElement":[{"@type":"ListItem","position":1,"name":"Home","item":"https:\/\/restyling.exenia.eu\/"},{"@type":"ListItem","position":2,"name":"Produkte","item":"https:\/\/restyling.exenia.eu\/prodotti\/"},{"@type":"ListItem","position":3,"name":"Indoor","item":"https:\/\/restyling.exenia.eu\/c\/indoor\/"},{"@type":"ListItem","position":4,"name":"Apparecchi a sospensione - Plafoniere","item":"https:\/\/restyling.exenia.eu\/c\/indoor\/apparecchi-a-sospensione-plafoniere\/"},{"@type":"ListItem","position":5,"name":"Willy","item":"https:\/\/restyling.exenia.eu\/c\/indoor\/apparecchi-a-sospensione-plafoniere\/willy-apparecchi-a-sospensione-plafoniere\/"},{"@type":"ListItem","position":6,"name":"Willy Pendel"}]},{"@type":"WebSite","@id":"https:\/\/restyling.exenia.eu\/#website","url":"https:\/\/restyling.exenia.eu\/","name":"Exenia","description":"","publisher":{"@id":"https:\/\/restyling.exenia.eu\/#organization"},"potentialAction":[{"@type":"SearchAction","target":{"@type":"EntryPoint","urlTemplate":"https:\/\/restyling.exenia.eu\/?s={search_term_string}"},"query-input":{"@type":"PropertyValueSpecification","valueRequired":true,"valueName":"search_term_string"}}],"inLanguage":"de"},{"@type":"Organization","@id":"https:\/\/restyling.exenia.eu\/#organization","name":"Exenia","url":"https:\/\/restyling.exenia.eu\/","logo":{"@type":"ImageObject","inLanguage":"de","@id":"https:\/\/restyling.exenia.eu\/#\/schema\/logo\/image\/","url":"https:\/\/restyling.exenia.eu\/wp-content\/uploads\/2022\/09\/logo_exenia-e1678467519405.png","contentUrl":"https:\/\/restyling.exenia.eu\/wp-content\/uploads\/2022\/09\/logo_exenia-e1678467519405.png","width":600,"height":194,"caption":"Exenia"},"image":{"@id":"https:\/\/restyling.exenia.eu\/#\/schema\/logo\/image\/"},"sameAs":["https:\/\/www.facebook.com\/exenialighting","https:\/\/x.com\/ExeniaLighting"]}]}},"_links":{"self":[{"href":"https:\/\/restyling.exenia.eu\/de\/wp-json\/wp\/v2\/product\/27046","targetHints":{"allow":["GET"]}}],"collection":[{"href":"https:\/\/restyling.exenia.eu\/de\/wp-json\/wp\/v2\/product"}],"about":[{"href":"https:\/\/restyling.exenia.eu\/de\/wp-json\/wp\/v2\/types\/product"}],"wp:featuredmedia":[{"embeddable":true,"href":"https:\/\/restyling.exenia.eu\/de\/wp-json\/wp\/v2\/media\/13123"}],"wp:attachment":[{"href":"https:\/\/restyling.exenia.eu\/de\/wp-json\/wp\/v2\/media?parent=27046"}],"wp:term":[{"taxonomy":"product_brand","embeddable":true,"href":"https:\/\/restyling.exenia.eu\/de\/wp-json\/wp\/v2\/product_brand?post=27046"},{"taxonomy":"product_cat","embeddable":true,"href":"https:\/\/restyling.exenia.eu\/de\/wp-json\/wp\/v2\/product_cat?post=27046"},{"taxonomy":"product_tag","embeddable":true,"href":"https:\/\/restyling.exenia.eu\/de\/wp-json\/wp\/v2\/product_tag?post=27046"},{"taxonomy":"categoria-admin-prodotto","embeddable":true,"href":"https:\/\/restyling.exenia.eu\/de\/wp-json\/wp\/v2\/categoria-admin-prodotto?post=27046"}],"curies":[{"name":"wp","href":"https:\/\/api.w.org\/{rel}","templated":true}]}}