{"id":27123,"date":"2022-11-24T09:51:31","date_gmt":"2022-11-24T08:51:31","guid":{"rendered":"https:\/\/www.exenia.eu\/prodotto\/tripo-bollard-2\/"},"modified":"2023-06-12T09:47:56","modified_gmt":"2023-06-12T07:47:56","slug":"tripo-poller","status":"publish","type":"product","link":"https:\/\/restyling.exenia.eu\/de\/produkt\/tripo-poller\/","title":{"rendered":"Tripo Bollard"},"content":{"rendered":"<p>Pollerleuchte mit dreieckiger Struktur, H\u00f6he 300\/600\/800 mm f\u00fcr die Installation am Boden oder an der Wand, ausgestattet mit LED-Platine und wasserfestem Diffusor, Abstrahlwinkel 120\u00b0. F\u00fcr eine Lichtverteilung in alle Richtungen auch mit einem kugelf\u00f6rmigen Schirm aus PMMA erh\u00e4ltlich. Robuste Konstruktion aus Aluminium und Stahl mit stark haftender Pulverbeschichtung. Die Struktur wurde so entwickelt, dass sie robust und leicht ist und sich einfach und harmonisch in das Ambiente integriert. Die bereits vorinstallierte Kugel verleiht der Leuchte nachts ihr Profil und verwandelt sie von einer gut getarnten Lichtquelle in ein leuchtendes und pr\u00e4sentes Signallicht. Die CV-Versionen sind mit 4,5 W (450 lm) oder 8 W (750 lm) bei einem CRI 85 erh\u00e4ltlich, w\u00e4hrend die AC-Versionen mit 6 W (550 lm) oder 9 W (1020 lm) bei einem CRI95 verf\u00fcgbar sind. Farbtemperaturen 2700 K, 3000 K oder 4000 K. Lebensdauer 45.000 Stunden bei L80 B10. Die Pulverbeschichtung ist in nat\u00fcrlichen und texturierten Farben, wie Carbongrau, Fangobraun, Mattsand, Warmwei\u00df und Rost-Effekt erh\u00e4ltlich. Schutzart IP66. Alternativ zum Kugelschirm ist ein abschirmender Zubeh\u00f6rartikel verf\u00fcgbar, der die Emission unterteilt und die \u00c4sthetik des Produkts ver\u00e4ndert, wodurch es zu einem sehr dekorativen und atmosph\u00e4rischen Element wird. Es ist m\u00f6glich, bis zu drei Abdeckungen pro Ger\u00e4t zu verwenden. Nach EN 62471:2008 eingestuft als geringes Risiko f\u00fcr die fotobiologische Sicherheit von Beleuchtungsanlagen (RG1). Auf Anfrage ist die Zusatzbehandlung CRC erh\u00e4ltlich, die f\u00fcr Umgebungen mit Extrembedingungen empfohlen wird.<\/p>\n<p>&nbsp;<\/p>\n<p><iframe title=\"TRIPO | IT\" width=\"800\" height=\"450\" src=\"https:\/\/www.youtube.com\/embed\/dohH9j2kotE?start=3&#038;feature=oembed\" frameborder=\"0\" allow=\"accelerometer; autoplay; clipboard-write; encrypted-media; gyroscope; picture-in-picture; web-share\" referrerpolicy=\"strict-origin-when-cross-origin\" allowfullscreen><\/iframe><\/p>\n","protected":false},"excerpt":{"rendered":"<p>Pollerleuchte mit dreieckiger Struktur, H\u00f6he 300\/600\/800 mm f\u00fcr die Installation&#8230;<\/p>\n","protected":false},"featured_media":24163,"template":"","meta":{"_acf_changed":false},"product_brand":[],"product_cat":[2840],"product_tag":[7699,7703,7705],"categoria-admin-prodotto":[],"class_list":{"0":"post-27123","1":"product","2":"type-product","3":"status-publish","4":"has-post-thumbnail","6":"product_cat-tripo-bollard-outdoor-outdoor-4","7":"product_tag-840830-de","8":"product_tag-840832-de","9":"product_tag-840831-de","10":"pa_cct-2700k-de","11":"pa_cct-3000k-de","12":"pa_cct-4000k-de","13":"pa_certificazione-conformita-ce-de","14":"pa_cri-85-de","15":"pa_cri-95-de","16":"pa_grado-ip-ip66-de","17":"pa_grado-ip-ik08-de","18":"pa_lifetime-l80b10-45-000-h-de","19":"pa_temperatura-di-esercizio-10-30-de","21":"first","22":"instock","23":"purchasable","24":"product-type-composite"},"composite_virtual":false,"composite_layout":"single","composite_add_to_cart_form_location":"default","composite_editable_in_cart":false,"composite_sold_individually_context":"product","composite_shop_price_calc":"defaults","composite_components":[{"id":"1674827279","title":"Geh\u00e4use der Leuchte","description":"","query_type":"product_ids","query_ids":[20671],"default_option_id":20671,"thumbnail_id":"","thumbnail_src":"","quantity_min":1,"quantity_max":1,"priced_individually":false,"shipped_individually":false,"optional":false,"discount":"","options_style":"radios","pagination_style":"classic","display_prices":"absolute","show_sorting_options":false,"show_filtering_options":false,"attribute_filter_ids":[],"product_title_visible":false,"product_descr_visible":false,"product_price_visible":false,"product_thumb_visible":false,"subtotal_visible_product":false,"subtotal_visible_cart":false,"subtotal_visible_orders":false},{"id":"1674827280","title":"Gr\u00f6\u00dfe","description":"","query_type":"product_ids","query_ids":[21098,21100,21102],"default_option_id":"","thumbnail_id":"","thumbnail_src":"","quantity_min":1,"quantity_max":1,"priced_individually":false,"shipped_individually":false,"optional":true,"discount":"","options_style":"radios","pagination_style":"classic","display_prices":"absolute","show_sorting_options":false,"show_filtering_options":false,"attribute_filter_ids":[],"product_title_visible":false,"product_descr_visible":false,"product_price_visible":false,"product_thumb_visible":false,"subtotal_visible_product":false,"subtotal_visible_cart":false,"subtotal_visible_orders":false},{"id":"1674827281","title":"Leistung","description":"","query_type":"product_ids","query_ids":[21009,21011,26571,21010,21012,26575],"default_option_id":"","thumbnail_id":"","thumbnail_src":"","quantity_min":1,"quantity_max":1,"priced_individually":false,"shipped_individually":false,"optional":true,"discount":"","options_style":"radios","pagination_style":"classic","display_prices":"absolute","show_sorting_options":false,"show_filtering_options":false,"attribute_filter_ids":[],"product_title_visible":false,"product_descr_visible":false,"product_price_visible":false,"product_thumb_visible":false,"subtotal_visible_product":false,"subtotal_visible_cart":false,"subtotal_visible_orders":false},{"id":"1674827282","title":"Kontrolle","description":"","query_type":"product_ids","query_ids":[20508,20557],"default_option_id":"","thumbnail_id":"","thumbnail_src":"","quantity_min":1,"quantity_max":1,"priced_individually":false,"shipped_individually":false,"optional":true,"discount":"","options_style":"radios","pagination_style":"classic","display_prices":"absolute","show_sorting_options":false,"show_filtering_options":false,"attribute_filter_ids":[],"product_title_visible":false,"product_descr_visible":false,"product_price_visible":false,"product_thumb_visible":false,"subtotal_visible_product":false,"subtotal_visible_cart":false,"subtotal_visible_orders":false},{"id":"1674827283","title":"Oberfl\u00e4che","description":"","query_type":"product_ids","query_ids":[20829,20826,20831,20822,20838],"default_option_id":"","thumbnail_id":"","thumbnail_src":"","quantity_min":1,"quantity_max":1,"priced_individually":false,"shipped_individually":false,"optional":true,"discount":"","options_style":"radios","pagination_style":"classic","display_prices":"absolute","show_sorting_options":false,"show_filtering_options":false,"attribute_filter_ids":[],"product_title_visible":false,"product_descr_visible":false,"product_price_visible":false,"product_thumb_visible":false,"subtotal_visible_product":false,"subtotal_visible_cart":false,"subtotal_visible_orders":false},{"id":"1674827284","title":"CRI-CCT","description":"","query_type":"product_ids","query_ids":[20716,20717,20718,26552,26559,26563],"default_option_id":"","thumbnail_id":"","thumbnail_src":"","quantity_min":1,"quantity_max":1,"priced_individually":false,"shipped_individually":false,"optional":true,"discount":"","options_style":"radios","pagination_style":"classic","display_prices":"absolute","show_sorting_options":false,"show_filtering_options":false,"attribute_filter_ids":[],"product_title_visible":false,"product_descr_visible":false,"product_price_visible":false,"product_thumb_visible":false,"subtotal_visible_product":false,"subtotal_visible_cart":false,"subtotal_visible_orders":false},{"id":"1674827285","title":"Optik","description":"","query_type":"product_ids","query_ids":[20992,20969],"default_option_id":"","thumbnail_id":"","thumbnail_src":"","quantity_min":1,"quantity_max":1,"priced_individually":false,"shipped_individually":false,"optional":true,"discount":"","options_style":"radios","pagination_style":"classic","display_prices":"absolute","show_sorting_options":false,"show_filtering_options":false,"attribute_filter_ids":[],"product_title_visible":false,"product_descr_visible":false,"product_price_visible":false,"product_thumb_visible":false,"subtotal_visible_product":false,"subtotal_visible_cart":false,"subtotal_visible_orders":false},{"id":"1676038557","title":" ","description":"","query_type":"product_ids","query_ids":[7635],"default_option_id":7635,"thumbnail_id":"","thumbnail_src":"","quantity_min":1,"quantity_max":1,"priced_individually":false,"shipped_individually":false,"optional":false,"discount":"","options_style":"radios","pagination_style":"classic","display_prices":"absolute","show_sorting_options":false,"show_filtering_options":false,"attribute_filter_ids":[],"product_title_visible":false,"product_descr_visible":false,"product_price_visible":false,"product_thumb_visible":false,"subtotal_visible_product":false,"subtotal_visible_cart":false,"subtotal_visible_orders":false},{"id":"1676038558","title":"Grad des Fernfahrerschutzes","description":"","query_type":"product_ids","query_ids":[26467,26481],"default_option_id":"","thumbnail_id":"","thumbnail_src":"","quantity_min":1,"quantity_max":1,"priced_individually":false,"shipped_individually":false,"optional":true,"discount":"","options_style":"radios","pagination_style":"classic","display_prices":"absolute","show_sorting_options":false,"show_filtering_options":false,"attribute_filter_ids":[],"product_title_visible":false,"product_descr_visible":false,"product_price_visible":false,"product_thumb_visible":false,"subtotal_visible_product":false,"subtotal_visible_cart":false,"subtotal_visible_orders":false},{"id":"1676038559","title":"Stromversorgung","description":"","query_type":"product_ids","query_ids":[40242,40228],"default_option_id":"","thumbnail_id":"","thumbnail_src":"","quantity_min":1,"quantity_max":1,"priced_individually":false,"shipped_individually":false,"optional":true,"discount":"","options_style":"radios","pagination_style":"classic","display_prices":"absolute","show_sorting_options":false,"show_filtering_options":false,"attribute_filter_ids":[],"product_title_visible":false,"product_descr_visible":false,"product_price_visible":false,"product_thumb_visible":true,"subtotal_visible_product":false,"subtotal_visible_cart":false,"subtotal_visible_orders":false},{"id":"1678715308","title":"W\u00e4hlen Sie, um den Bildschirm zu aktivieren","description":"","query_type":"product_ids","query_ids":[7635],"default_option_id":"","thumbnail_id":"","thumbnail_src":"","quantity_min":1,"quantity_max":1,"priced_individually":false,"shipped_individually":false,"optional":true,"discount":"","options_style":"radios","pagination_style":"classic","display_prices":"absolute","show_sorting_options":false,"show_filtering_options":false,"attribute_filter_ids":[],"product_title_visible":false,"product_descr_visible":false,"product_price_visible":false,"product_thumb_visible":false,"subtotal_visible_product":false,"subtotal_visible_cart":false,"subtotal_visible_orders":false},{"id":"1676042170","title":"Zubehor","description":"","query_type":"product_ids","query_ids":[42301],"default_option_id":42301,"thumbnail_id":"","thumbnail_src":"","quantity_min":1,"quantity_max":1,"priced_individually":false,"shipped_individually":false,"optional":false,"discount":"","options_style":"radios","pagination_style":"classic","display_prices":"absolute","show_sorting_options":false,"show_filtering_options":false,"attribute_filter_ids":[],"product_title_visible":false,"product_descr_visible":true,"product_price_visible":false,"product_thumb_visible":true,"subtotal_visible_product":false,"subtotal_visible_cart":false,"subtotal_visible_orders":false},{"id":"1676042171","title":"Steckverbinder","description":"","query_type":"product_ids","query_ids":[33022],"default_option_id":33022,"thumbnail_id":"","thumbnail_src":"","quantity_min":1,"quantity_max":1,"priced_individually":false,"shipped_individually":false,"optional":false,"discount":"","options_style":"radios","pagination_style":"classic","display_prices":"absolute","show_sorting_options":false,"show_filtering_options":false,"attribute_filter_ids":[],"product_title_visible":false,"product_descr_visible":true,"product_price_visible":false,"product_thumb_visible":false,"subtotal_visible_product":false,"subtotal_visible_cart":false,"subtotal_visible_orders":false}],"composite_scenarios":[{"id":"1676040086","name":"AC","description":"","configuration":[{"component_id":"1674827281","options_modifier":"in","component_options":[26571,26575]}],"actions":[{"action_id":"compat_group","is_active":false},{"action_id":"conditional_components","is_active":true,"hidden_components":["1676038557","1676038558","1676038559"]},{"action_id":"conditional_options","is_active":true,"hidden_options":[{"component_id":"1674827282","component_options":[20557],"options_modifier":"in"},{"component_id":"1674827284","component_options":[-1,26552,26559,26563],"options_modifier":"not-in"}]}],"enabled":true},{"id":"1676040683","name":"CV","description":"","configuration":[{"component_id":"1674827281","options_modifier":"in","component_options":[21009,21011,21010,21012]}],"actions":[{"action_id":"compat_group","is_active":false},{"action_id":"conditional_components","is_active":false,"hidden_components":[]},{"action_id":"conditional_options","is_active":true,"hidden_options":[{"component_id":"1674827282","component_options":[20508],"options_modifier":"in"},{"component_id":"1674827284","component_options":[26552,26559,26563],"options_modifier":"in"}]}],"enabled":true},{"id":"1676040684","name":"CV 48V NO IP67","description":"","configuration":[{"component_id":"1674827281","options_modifier":"in","component_options":[21011,21012]}],"actions":[{"action_id":"compat_group","is_active":false},{"action_id":"conditional_components","is_active":false,"hidden_components":[]},{"action_id":"conditional_options","is_active":true,"hidden_options":[{"component_id":"1676038558","component_options":[26481],"options_modifier":"in"}]}],"enabled":true},{"id":"1676040685","name":"CV 24V IP67","description":"","configuration":[{"component_id":"1674827281","options_modifier":"in","component_options":[21009,21010]},{"component_id":"1676038558","options_modifier":"in","component_options":[26481]}],"actions":[{"action_id":"compat_group","is_active":false},{"action_id":"conditional_components","is_active":false,"hidden_components":[]},{"action_id":"conditional_options","is_active":true,"hidden_options":[{"component_id":"1676038559","component_options":[-1,40252,40253],"options_modifier":"not-in"}]}],"enabled":true},{"id":"1676040686","name":"CV 24V IP20","description":"","configuration":[{"component_id":"1674827281","options_modifier":"in","component_options":[21009,21010]},{"component_id":"1676038558","options_modifier":"in","component_options":[26467]}],"actions":[{"action_id":"compat_group","is_active":false},{"action_id":"conditional_components","is_active":false,"hidden_components":[]},{"action_id":"conditional_options","is_active":true,"hidden_options":[{"component_id":"1676038559","component_options":[-1,40248,40249,40250],"options_modifier":"not-in"}]}],"enabled":true},{"id":"1676040687","name":"CV 48V IP20","description":"","configuration":[{"component_id":"1674827281","options_modifier":"in","component_options":[21011,21012]},{"component_id":"1676038558","options_modifier":"in","component_options":[26467]}],"actions":[{"action_id":"compat_group","is_active":false},{"action_id":"conditional_components","is_active":false,"hidden_components":[]},{"action_id":"conditional_options","is_active":true,"hidden_options":[{"component_id":"1676038559","component_options":[-1,40230,40231,40234,40235],"options_modifier":"not-in"}]}],"enabled":true},{"id":"1676042699","name":"no schermo","description":"","configuration":[{"component_id":"1678715308","options_modifier":"in","component_options":[-1]}],"actions":[{"action_id":"compat_group","is_active":false},{"action_id":"conditional_components","is_active":true,"hidden_components":["1676042170"]},{"action_id":"conditional_options","is_active":true,"hidden_options":[{"component_id":"1676042170","component_options":[-1],"options_modifier":"not-in"}]}],"enabled":true},{"id":"1676042700","name":"small acc.","description":"","configuration":[{"component_id":"1674827280","options_modifier":"in","component_options":[21098]}],"actions":[{"action_id":"compat_group","is_active":false},{"action_id":"conditional_components","is_active":false,"hidden_components":[]},{"action_id":"conditional_options","is_active":true,"hidden_options":[{"component_id":"1676042170","component_options":[-1,42332,42334,42335,42336,42337,42338,42339,42340,42341,42342],"options_modifier":"not-in"}]}],"enabled":true},{"id":"1676042701","name":"medium acc.","description":"","configuration":[{"component_id":"1674827280","options_modifier":"in","component_options":[21100]}],"actions":[{"action_id":"compat_group","is_active":false},{"action_id":"conditional_components","is_active":false,"hidden_components":[]},{"action_id":"conditional_options","is_active":true,"hidden_options":[{"component_id":"1676042170","component_options":[-1,42313,42314,42316,42317,42320,42322,42324,42326,42328,42330],"options_modifier":"not-in"}]}],"enabled":true},{"id":"1676042702","name":"large acc.","description":"","configuration":[{"component_id":"1674827280","options_modifier":"in","component_options":[21102]}],"actions":[{"action_id":"compat_group","is_active":false},{"action_id":"conditional_components","is_active":false,"hidden_components":[]},{"action_id":"conditional_options","is_active":true,"hidden_options":[{"component_id":"1676042170","component_options":[-1,42302,42303,42304,42305,42306,42307,42309,42310,42311,42312],"options_modifier":"not-in"}]}],"enabled":true}],"bundled_by":[],"bundle_stock_status":"instock","bundle_stock_quantity":null,"bundle_virtual":false,"bundle_layout":"","bundle_add_to_cart_form_location":"","bundle_editable_in_cart":false,"bundle_sold_individually_context":"","bundle_item_grouping":"","bundle_min_size":"","bundle_max_size":"","bundled_items":[],"bundle_sell_ids":[],"acf":[],"yoast_head":"<!-- This site is optimized with the Yoast SEO plugin v27.4 - https:\/\/yoast.com\/product\/yoast-seo-wordpress\/ -->\n<title>Tripo Bollard | Exenia<\/title>\n<meta name=\"robots\" content=\"noindex, follow, max-snippet:-1, max-image-preview:large, max-video-preview:-1\" \/>\n<meta property=\"og:locale\" content=\"de_DE\" \/>\n<meta property=\"og:type\" content=\"article\" \/>\n<meta property=\"og:title\" content=\"Tripo Bollard | Exenia\" \/>\n<meta property=\"og:description\" content=\"Pollerleuchte mit dreieckiger Struktur, H\u00f6he 300\/600\/800 mm f\u00fcr die Installation...\" \/>\n<meta property=\"og:url\" content=\"https:\/\/restyling.exenia.eu\/de\/produkt\/tripo-poller\/\" \/>\n<meta property=\"og:site_name\" content=\"Exenia\" \/>\n<meta property=\"article:publisher\" content=\"https:\/\/www.facebook.com\/exenialighting\" \/>\n<meta property=\"article:modified_time\" content=\"2023-06-12T07:47:56+00:00\" \/>\n<meta property=\"og:image\" content=\"https:\/\/restyling.exenia.eu\/wp-content\/uploads\/2023\/01\/Tripo-bollard-prodotto.jpg\" \/>\n\t<meta property=\"og:image:width\" content=\"2000\" \/>\n\t<meta property=\"og:image:height\" content=\"1919\" \/>\n\t<meta property=\"og:image:type\" content=\"image\/jpeg\" \/>\n<!-- \/ Yoast SEO plugin. -->","yoast_head_json":{"title":"Tripo Bollard | Exenia","robots":{"index":"noindex","follow":"follow","max-snippet":"max-snippet:-1","max-image-preview":"max-image-preview:large","max-video-preview":"max-video-preview:-1"},"og_locale":"de_DE","og_type":"article","og_title":"Tripo Bollard | Exenia","og_description":"Pollerleuchte mit dreieckiger Struktur, H\u00f6he 300\/600\/800 mm f\u00fcr die Installation...","og_url":"https:\/\/restyling.exenia.eu\/de\/produkt\/tripo-poller\/","og_site_name":"Exenia","article_publisher":"https:\/\/www.facebook.com\/exenialighting","article_modified_time":"2023-06-12T07:47:56+00:00","og_image":[{"width":2000,"height":1919,"url":"https:\/\/restyling.exenia.eu\/wp-content\/uploads\/2023\/01\/Tripo-bollard-prodotto.jpg","type":"image\/jpeg"}],"schema":{"@context":"https:\/\/schema.org","@graph":[{"@type":"WebPage","@id":"https:\/\/restyling.exenia.eu\/de\/produkt\/tripo-poller\/","url":"https:\/\/restyling.exenia.eu\/de\/produkt\/tripo-poller\/","name":"Tripo Bollard | Exenia","isPartOf":{"@id":"https:\/\/restyling.exenia.eu\/#website"},"primaryImageOfPage":{"@id":"https:\/\/restyling.exenia.eu\/de\/produkt\/tripo-poller\/#primaryimage"},"image":{"@id":"https:\/\/restyling.exenia.eu\/de\/produkt\/tripo-poller\/#primaryimage"},"thumbnailUrl":"https:\/\/restyling.exenia.eu\/wp-content\/uploads\/2023\/01\/Tripo-bollard-prodotto.jpg","datePublished":"2022-11-24T08:51:31+00:00","dateModified":"2023-06-12T07:47:56+00:00","breadcrumb":{"@id":"https:\/\/restyling.exenia.eu\/de\/produkt\/tripo-poller\/#breadcrumb"},"inLanguage":"de","potentialAction":[{"@type":"ReadAction","target":["https:\/\/restyling.exenia.eu\/de\/produkt\/tripo-poller\/"]}]},{"@type":"ImageObject","inLanguage":"de","@id":"https:\/\/restyling.exenia.eu\/de\/produkt\/tripo-poller\/#primaryimage","url":"https:\/\/restyling.exenia.eu\/wp-content\/uploads\/2023\/01\/Tripo-bollard-prodotto.jpg","contentUrl":"https:\/\/restyling.exenia.eu\/wp-content\/uploads\/2023\/01\/Tripo-bollard-prodotto.jpg","width":2000,"height":1919},{"@type":"BreadcrumbList","@id":"https:\/\/restyling.exenia.eu\/de\/produkt\/tripo-poller\/#breadcrumb","itemListElement":[{"@type":"ListItem","position":1,"name":"Home","item":"https:\/\/restyling.exenia.eu\/"},{"@type":"ListItem","position":2,"name":"Produkte","item":"https:\/\/restyling.exenia.eu\/prodotti\/"},{"@type":"ListItem","position":3,"name":"Outdoor","item":"https:\/\/restyling.exenia.eu\/de\/c\/outdoor\/"},{"@type":"ListItem","position":4,"name":"Bollard","item":"https:\/\/restyling.exenia.eu\/de\/c\/outdoor\/bollard\/"},{"@type":"ListItem","position":5,"name":"Tripo","item":"https:\/\/restyling.exenia.eu\/c\/outdoor\/bollard-outdoor\/tripo\/"},{"@type":"ListItem","position":6,"name":"Tripo Bollard"}]},{"@type":"WebSite","@id":"https:\/\/restyling.exenia.eu\/#website","url":"https:\/\/restyling.exenia.eu\/","name":"Exenia","description":"","publisher":{"@id":"https:\/\/restyling.exenia.eu\/#organization"},"potentialAction":[{"@type":"SearchAction","target":{"@type":"EntryPoint","urlTemplate":"https:\/\/restyling.exenia.eu\/?s={search_term_string}"},"query-input":{"@type":"PropertyValueSpecification","valueRequired":true,"valueName":"search_term_string"}}],"inLanguage":"de"},{"@type":"Organization","@id":"https:\/\/restyling.exenia.eu\/#organization","name":"Exenia","url":"https:\/\/restyling.exenia.eu\/","logo":{"@type":"ImageObject","inLanguage":"de","@id":"https:\/\/restyling.exenia.eu\/#\/schema\/logo\/image\/","url":"https:\/\/restyling.exenia.eu\/wp-content\/uploads\/2022\/09\/logo_exenia-e1678467519405.png","contentUrl":"https:\/\/restyling.exenia.eu\/wp-content\/uploads\/2022\/09\/logo_exenia-e1678467519405.png","width":600,"height":194,"caption":"Exenia"},"image":{"@id":"https:\/\/restyling.exenia.eu\/#\/schema\/logo\/image\/"},"sameAs":["https:\/\/www.facebook.com\/exenialighting","https:\/\/x.com\/ExeniaLighting"]}]}},"_links":{"self":[{"href":"https:\/\/restyling.exenia.eu\/de\/wp-json\/wp\/v2\/product\/27123","targetHints":{"allow":["GET"]}}],"collection":[{"href":"https:\/\/restyling.exenia.eu\/de\/wp-json\/wp\/v2\/product"}],"about":[{"href":"https:\/\/restyling.exenia.eu\/de\/wp-json\/wp\/v2\/types\/product"}],"wp:featuredmedia":[{"embeddable":true,"href":"https:\/\/restyling.exenia.eu\/de\/wp-json\/wp\/v2\/media\/24163"}],"wp:attachment":[{"href":"https:\/\/restyling.exenia.eu\/de\/wp-json\/wp\/v2\/media?parent=27123"}],"wp:term":[{"taxonomy":"product_brand","embeddable":true,"href":"https:\/\/restyling.exenia.eu\/de\/wp-json\/wp\/v2\/product_brand?post=27123"},{"taxonomy":"product_cat","embeddable":true,"href":"https:\/\/restyling.exenia.eu\/de\/wp-json\/wp\/v2\/product_cat?post=27123"},{"taxonomy":"product_tag","embeddable":true,"href":"https:\/\/restyling.exenia.eu\/de\/wp-json\/wp\/v2\/product_tag?post=27123"},{"taxonomy":"categoria-admin-prodotto","embeddable":true,"href":"https:\/\/restyling.exenia.eu\/de\/wp-json\/wp\/v2\/categoria-admin-prodotto?post=27123"}],"curies":[{"name":"wp","href":"https:\/\/api.w.org\/{rel}","templated":true}]}}