{"id":27143,"date":"2023-11-21T09:56:56","date_gmt":"2023-11-21T08:56:56","guid":{"rendered":"https:\/\/www.exenia.eu\/prodotto\/r2-48-2\/"},"modified":"2023-11-21T10:03:01","modified_gmt":"2023-11-21T09:03:01","slug":"r2-48","status":"publish","type":"product","link":"https:\/\/restyling.exenia.eu\/de\/produkt\/r2-48\/","title":{"rendered":"R2 48"},"content":{"rendered":"<p>Innovativer LED-Strahler. Das besondere Design mit L\u00fcftungskammer erm\u00f6glicht eine deutliche Reduzierung der Gr\u00f6\u00dfe und eine klare Verbesserung der Betriebstemperatur. Erh\u00e4ltlich mit den Leistungen 12 W, 18 W und 25 W, einem CRI 85 und der Farbtemperatur 3000 K wurde einem Farbwiedergabeindex CRI 95 mit 2700\/3000\/4000 K. Der Lichtstromerhalt ist 100.000 Stunden garantiert (nach Standard L80\/B10). F\u00fcr die Versionen mit 13 W und 18 W stehen Linsen aus PMMA zur Verf\u00fcgung, w\u00e4hrend die f\u00fcr die 25 W-Version Reflektoren aus Aluminium gew\u00e4hlt werden k\u00f6nnen. Mithilfe der Linsen und des Reflektors ist es m\u00f6glich, die Abstrahlwinkel Spot, Medium und Wide zu erzeugen. Schutzart IP20. Elektrische Isolierung: Schutzklasse III. Je nach gew\u00e4hltem Treiber sind bei dieser Leuchte die Einschaltmodi ON\/OFF, dimmbar mit DALI\/ PUSH verf\u00fcgbar oder CASAMBI. Als Zubeh\u00f6r erh\u00e4ltlich sind au\u00dferdem ein Bienenwaben-Gitter, ein sandgestrahlter Diffusor und ein neues optisches Zoom-Zubeh\u00f6r, mit dem der Abstrahlwinkel von 9\u00b0 bis 26\u00b0 variiert werden kann. Es kann auch die asymmetrische Optik Wallwasher verwendet werden. Verf\u00fcgbar sind zwei Leistungsst\u00e4rken (13 W und 26 W), beide \u00fcber den Potenziometer auf dem Adapter oder \u00fcber das Dali-Protokoll oder Casambi dimmbar. Um in einem Abstand von 120 cm untereinander und einem Abstand von der Wand, welcher der H\u00e4lfte der Installationsh\u00f6he entspricht, angebracht werden zu k\u00f6nnen, muss die Leuchte auf der vertikalen Ebene um 40\u00b0 geneigt werden, wie auf dem Rotor mit Gradskala angegeben. Ihre effektive und innovative Linse aus Polycarbonat garantiert 70 % Homogenit\u00e4t, eine Effizienz von \u00fcber 85 lm\/W und eine Leistungserhaltung von \u00fcber 100.000 Stunden nach L80\/B10-Standard.<\/p>\n","protected":false},"excerpt":{"rendered":"<p>Innovativer LED-Strahler. Das besondere Design mit L\u00fcftungskammer erm\u00f6glicht eine deutliche&#8230;<\/p>\n","protected":false},"featured_media":44340,"template":"","meta":{"_acf_changed":false},"product_brand":[],"product_cat":[6615,6620,6625,6630,6635,6643,6644,2809],"product_tag":[8562,8565,8572],"categoria-admin-prodotto":[],"class_list":{"0":"post-27143","1":"product","2":"type-product","3":"status-publish","4":"has-post-thumbnail","6":"product_cat-leuchten-track-48-de","7":"product_cat-leuchten-track-48-evo","8":"product_cat-leuchten-track-48-trimless","9":"product_cat-leuchten-track-48-tube","10":"product_cat-leuchten-track-48-twin","11":"product_cat-tutti-gli-apparecchi-48","12":"product_cat-alle-leuchten-fuer-48","13":"product_cat-r2-leuchten-fuer-schienen","14":"product_tag-615t2-de","15":"product_tag-615t4-de","16":"product_tag-615t5-de","17":"pa_cct-2700k-de","18":"pa_cct-3000k-de","19":"pa_cct-4000k-de","20":"pa_certificazione-conformita-ce-de","21":"pa_classe-f-da","22":"pa_cri-85-de","23":"pa_cri-95-de","24":"pa_grado-ip-ip20-de","25":"pa_lifetime-l80b10-100-000-ore-de","26":"pa_temperatura-di-esercizio-10-30-de","28":"first","29":"instock","30":"purchasable","31":"product-type-composite"},"composite_virtual":false,"composite_layout":"single","composite_add_to_cart_form_location":"default","composite_editable_in_cart":false,"composite_sold_individually_context":"product","composite_shop_price_calc":"defaults","composite_components":[{"id":"1675264271","title":"Geh\u00e4use der Leuchte","description":"","query_type":"product_ids","query_ids":[20653,24464],"default_option_id":"","thumbnail_id":"","thumbnail_src":"","quantity_min":1,"quantity_max":1,"priced_individually":false,"shipped_individually":false,"optional":true,"discount":"","options_style":"radios","pagination_style":"classic","display_prices":"absolute","show_sorting_options":false,"show_filtering_options":false,"attribute_filter_ids":[],"product_title_visible":false,"product_descr_visible":false,"product_price_visible":false,"product_thumb_visible":false,"subtotal_visible_product":false,"subtotal_visible_cart":false,"subtotal_visible_orders":false},{"id":"1675264272","title":"Leistung","description":"","query_type":"product_ids","query_ids":[21089,21090,21091,21092,21093],"default_option_id":"","thumbnail_id":"","thumbnail_src":"","quantity_min":1,"quantity_max":1,"priced_individually":false,"shipped_individually":false,"optional":true,"discount":"","options_style":"radios","pagination_style":"classic","display_prices":"absolute","show_sorting_options":false,"show_filtering_options":false,"attribute_filter_ids":[],"product_title_visible":false,"product_descr_visible":false,"product_price_visible":false,"product_thumb_visible":false,"subtotal_visible_product":false,"subtotal_visible_cart":false,"subtotal_visible_orders":false},{"id":"1675265243","title":"Kontrolle","description":"","query_type":"product_ids","query_ids":[20508,53443,20556,20535],"default_option_id":"","thumbnail_id":"","thumbnail_src":"","quantity_min":1,"quantity_max":1,"priced_individually":false,"shipped_individually":false,"optional":true,"discount":"","options_style":"radios","pagination_style":"classic","display_prices":"absolute","show_sorting_options":false,"show_filtering_options":false,"attribute_filter_ids":[],"product_title_visible":false,"product_descr_visible":true,"product_price_visible":false,"product_thumb_visible":false,"subtotal_visible_product":false,"subtotal_visible_cart":false,"subtotal_visible_orders":false},{"id":"1675265244","title":"Geh\u00e4useoberfl\u00e4che","description":"","query_type":"product_ids","query_ids":[22412,22407,22417],"default_option_id":"","thumbnail_id":"","thumbnail_src":"","quantity_min":1,"quantity_max":1,"priced_individually":false,"shipped_individually":false,"optional":true,"discount":"","options_style":"radios","pagination_style":"classic","display_prices":"absolute","show_sorting_options":false,"show_filtering_options":false,"attribute_filter_ids":[],"product_title_visible":false,"product_descr_visible":false,"product_price_visible":false,"product_thumb_visible":false,"subtotal_visible_product":false,"subtotal_visible_cart":false,"subtotal_visible_orders":false},{"id":"1675265245","title":"Ausf\u00fchrung des Adapters","description":"","query_type":"product_ids","query_ids":[20767,20768],"default_option_id":"","thumbnail_id":"","thumbnail_src":"","quantity_min":1,"quantity_max":1,"priced_individually":false,"shipped_individually":false,"optional":true,"discount":"","options_style":"radios","pagination_style":"classic","display_prices":"absolute","show_sorting_options":false,"show_filtering_options":false,"attribute_filter_ids":[],"product_title_visible":false,"product_descr_visible":false,"product_price_visible":false,"product_thumb_visible":false,"subtotal_visible_product":false,"subtotal_visible_cart":false,"subtotal_visible_orders":false},{"id":"1675265246","title":"CRI-CCT","description":"","query_type":"product_ids","query_ids":[20717,20695,20696,20697],"default_option_id":"","thumbnail_id":"","thumbnail_src":"","quantity_min":1,"quantity_max":1,"priced_individually":false,"shipped_individually":false,"optional":true,"discount":"","options_style":"radios","pagination_style":"classic","display_prices":"absolute","show_sorting_options":false,"show_filtering_options":false,"attribute_filter_ids":[],"product_title_visible":false,"product_descr_visible":false,"product_price_visible":false,"product_thumb_visible":false,"subtotal_visible_product":false,"subtotal_visible_cart":false,"subtotal_visible_orders":false},{"id":"1675265247","title":"Separat bestellen","description":"","query_type":"product_ids","query_ids":[7635],"default_option_id":7635,"thumbnail_id":"","thumbnail_src":"","quantity_min":1,"quantity_max":1,"priced_individually":false,"shipped_individually":false,"optional":false,"discount":"","options_style":"radios","pagination_style":"classic","display_prices":"absolute","show_sorting_options":false,"show_filtering_options":false,"attribute_filter_ids":[],"product_title_visible":false,"product_descr_visible":false,"product_price_visible":false,"product_thumb_visible":false,"subtotal_visible_product":false,"subtotal_visible_cart":false,"subtotal_visible_orders":false},{"id":"1675265248","title":"Prim\u00e4res optisches Zubeh\u00f6r","description":"","query_type":"product_ids","query_ids":[22425,41072,24475],"default_option_id":"","thumbnail_id":"","thumbnail_src":"","quantity_min":1,"quantity_max":1,"priced_individually":false,"shipped_individually":false,"optional":true,"discount":"","options_style":"radios","pagination_style":"classic","display_prices":"absolute","show_sorting_options":false,"show_filtering_options":false,"attribute_filter_ids":[],"product_title_visible":false,"product_descr_visible":false,"product_price_visible":false,"product_thumb_visible":true,"subtotal_visible_product":false,"subtotal_visible_cart":false,"subtotal_visible_orders":false},{"id":"1675265249","title":"Optik","description":"","query_type":"product_ids","query_ids":[22437,50470,50475,50480,20880,20903,24471],"default_option_id":"","thumbnail_id":"","thumbnail_src":"","quantity_min":1,"quantity_max":1,"priced_individually":false,"shipped_individually":false,"optional":true,"discount":"","options_style":"radios","pagination_style":"classic","display_prices":"absolute","show_sorting_options":false,"show_filtering_options":false,"attribute_filter_ids":[],"product_title_visible":false,"product_descr_visible":false,"product_price_visible":false,"product_thumb_visible":false,"subtotal_visible_product":false,"subtotal_visible_cart":false,"subtotal_visible_orders":false},{"id":"1675269697","title":"Sekund\u00e4res optisches Zubeh\u00f6r","description":"","query_type":"product_ids","query_ids":[38261],"default_option_id":38261,"thumbnail_id":"","thumbnail_src":"","quantity_min":1,"quantity_max":1,"priced_individually":false,"shipped_individually":false,"optional":false,"discount":"","options_style":"radios","pagination_style":"classic","display_prices":"absolute","show_sorting_options":false,"show_filtering_options":false,"attribute_filter_ids":[],"product_title_visible":false,"product_descr_visible":false,"product_price_visible":false,"product_thumb_visible":false,"subtotal_visible_product":false,"subtotal_visible_cart":false,"subtotal_visible_orders":false},{"id":"1675338037","title":"Dekorativer Ring","description":"","query_type":"product_ids","query_ids":[57948],"default_option_id":57948,"thumbnail_id":"","thumbnail_src":"","quantity_min":1,"quantity_max":1,"priced_individually":false,"shipped_individually":false,"optional":false,"discount":"","options_style":"radios","pagination_style":"classic","display_prices":"absolute","show_sorting_options":false,"show_filtering_options":false,"attribute_filter_ids":[],"product_title_visible":false,"product_descr_visible":false,"product_price_visible":false,"product_thumb_visible":false,"subtotal_visible_product":false,"subtotal_visible_cart":false,"subtotal_visible_orders":false},{"id":"1721993818","title":"Modul f\u00fcr die PUSH-Verwaltung von DALI-Produkten","description":"","query_type":"product_ids","query_ids":[57769],"default_option_id":57769,"thumbnail_id":"","thumbnail_src":"","quantity_min":1,"quantity_max":1,"priced_individually":false,"shipped_individually":false,"optional":false,"discount":"","options_style":"radios","pagination_style":"classic","display_prices":"absolute","show_sorting_options":false,"show_filtering_options":false,"attribute_filter_ids":[],"product_title_visible":false,"product_descr_visible":false,"product_price_visible":false,"product_thumb_visible":false,"subtotal_visible_product":false,"subtotal_visible_cart":false,"subtotal_visible_orders":false}],"composite_scenarios":[{"id":"1675265291","name":"r2","description":"","configuration":[{"component_id":"1675264271","options_modifier":"in","component_options":[20653]}],"actions":[{"action_id":"compat_group","is_active":false},{"action_id":"conditional_components","is_active":false,"hidden_components":[]},{"action_id":"conditional_options","is_active":true,"hidden_options":[{"component_id":"1675264272","component_options":[21092,21093],"options_modifier":"in"}]}],"enabled":true},{"id":"1675265386","name":"r2 ww","description":"","configuration":[{"component_id":"1675264271","options_modifier":"in","component_options":[24464]}],"actions":[{"action_id":"compat_group","is_active":false},{"action_id":"conditional_components","is_active":true,"hidden_components":{"0":"1675265247","1":"1675265248","2":"1675265249","3":"1675269697","5":"1675338037"}},{"action_id":"conditional_options","is_active":true,"hidden_options":[{"component_id":"1675264272","component_options":[21089,21090,21091],"options_modifier":"in"},{"component_id":"1675265243","component_options":[20508],"options_modifier":"in"},{"component_id":"1675338037","component_options":[-1],"options_modifier":"not-in"}]}],"enabled":true},{"id":"1675265591","name":"potenza r2","description":"","configuration":[{"component_id":"1675264272","options_modifier":"in","component_options":[21089,21090,21091]}],"actions":[{"action_id":"compat_group","is_active":false},{"action_id":"conditional_components","is_active":false,"hidden_components":[]},{"action_id":"conditional_options","is_active":true,"hidden_options":[{"component_id":"1675264271","component_options":[24464],"options_modifier":"in"}]}],"enabled":true},{"id":"1675265592","name":"potenza r2 ww","description":"","configuration":[{"component_id":"1675264272","options_modifier":"in","component_options":[21092,21093]}],"actions":[{"action_id":"compat_group","is_active":false},{"action_id":"conditional_components","is_active":true,"hidden_components":{"0":"1675265247","1":"1675265248","2":"1675265249","3":"1675269697","5":"1675338037"}},{"action_id":"conditional_options","is_active":true,"hidden_options":[{"component_id":"1675264271","component_options":[20653],"options_modifier":"in"},{"component_id":"1675265243","component_options":[20508],"options_modifier":"in"}]}],"enabled":true},{"id":"1675338658","name":"12\/18w","description":"","configuration":[{"component_id":"1675264272","options_modifier":"in","component_options":[21089,21090]}],"actions":[{"action_id":"compat_group","is_active":false},{"action_id":"conditional_components","is_active":false,"hidden_components":[]},{"action_id":"conditional_options","is_active":true,"hidden_options":[{"component_id":"1675265248","component_options":[41072],"options_modifier":"in"},{"component_id":"1675265249","component_options":[50480,20880,20903],"options_modifier":"in"}]}],"enabled":true},{"id":"1675338659","name":"25w","description":"","configuration":[{"component_id":"1675264272","options_modifier":"in","component_options":[21091]}],"actions":[{"action_id":"compat_group","is_active":false},{"action_id":"conditional_components","is_active":false,"hidden_components":[]},{"action_id":"conditional_options","is_active":true,"hidden_options":[{"component_id":"1675265248","component_options":[22425],"options_modifier":"in"},{"component_id":"1675265249","component_options":[22437,50470,50475],"options_modifier":"in"}]}],"enabled":true},{"id":"1675266648","name":"controllo r2","description":"","configuration":[{"component_id":"1675265243","options_modifier":"in","component_options":[20508]}],"actions":[{"action_id":"compat_group","is_active":false},{"action_id":"conditional_components","is_active":false,"hidden_components":[]},{"action_id":"conditional_options","is_active":true,"hidden_options":[{"component_id":"1675264271","component_options":[24464],"options_modifier":"in"},{"component_id":"1675264272","component_options":[21092,21093],"options_modifier":"in"}]}],"enabled":true},{"id":"1675269915","name":"ottica pmma","description":"","configuration":[{"component_id":"1675265248","options_modifier":"in","component_options":[22425]}],"actions":[{"action_id":"compat_group","is_active":false},{"action_id":"conditional_components","is_active":false,"hidden_components":[]},{"action_id":"conditional_options","is_active":true,"hidden_options":[{"component_id":"1675264272","component_options":[21091],"options_modifier":"in"},{"component_id":"1675265249","component_options":[50480,20880,20903,24471],"options_modifier":"in"}]}],"enabled":true},{"id":"1675269916","name":"ottica all.","description":"","configuration":[{"component_id":"1675265248","options_modifier":"in","component_options":[41072]}],"actions":[{"action_id":"compat_group","is_active":false},{"action_id":"conditional_components","is_active":false,"hidden_components":[]},{"action_id":"conditional_options","is_active":true,"hidden_options":[{"component_id":"1675264272","component_options":[21089,21090],"options_modifier":"in"},{"component_id":"1675265249","component_options":[22437,50470,50475,24471],"options_modifier":"in"}]}],"enabled":true},{"id":"1675269917","name":"zoom","description":"","configuration":[{"component_id":"1675265248","options_modifier":"in","component_options":[24475]}],"actions":[{"action_id":"compat_group","is_active":false},{"action_id":"conditional_components","is_active":true,"hidden_components":{"0":"1675269697","2":"1675338037"}},{"action_id":"conditional_options","is_active":true,"hidden_options":[{"component_id":"1675265249","component_options":[-1,24471],"options_modifier":"not-in"},{"component_id":"1675338037","component_options":[-1],"options_modifier":"not-in"}]}],"enabled":true},{"id":"1721994161","name":"no modulo push","description":"","configuration":[{"component_id":"1675265243","options_modifier":"in","component_options":[20508,20556,20535]}],"actions":[{"action_id":"compat_group","is_active":false},{"action_id":"conditional_components","is_active":true,"hidden_components":["1721993818"]},{"action_id":"conditional_options","is_active":false,"hidden_options":[]}],"enabled":true}],"bundled_by":[],"bundle_stock_status":"instock","bundle_stock_quantity":null,"bundle_virtual":false,"bundle_layout":"","bundle_add_to_cart_form_location":"","bundle_editable_in_cart":false,"bundle_sold_individually_context":"","bundle_item_grouping":"","bundle_min_size":"","bundle_max_size":"","bundled_items":[],"bundle_sell_ids":[],"acf":[],"yoast_head":"<!-- This site is optimized with the Yoast SEO plugin v27.4 - https:\/\/yoast.com\/product\/yoast-seo-wordpress\/ -->\n<title>R2 48 | Exenia<\/title>\n<meta name=\"robots\" content=\"noindex, follow, max-snippet:-1, max-image-preview:large, max-video-preview:-1\" \/>\n<meta property=\"og:locale\" content=\"de_DE\" \/>\n<meta property=\"og:type\" content=\"article\" \/>\n<meta property=\"og:title\" content=\"R2 48 | Exenia\" \/>\n<meta property=\"og:description\" content=\"Innovativer LED-Strahler. Das besondere Design mit L\u00fcftungskammer erm\u00f6glicht eine deutliche...\" \/>\n<meta property=\"og:url\" content=\"https:\/\/restyling.exenia.eu\/de\/produkt\/r2-48\/\" \/>\n<meta property=\"og:site_name\" content=\"Exenia\" \/>\n<meta property=\"article:publisher\" content=\"https:\/\/www.facebook.com\/exenialighting\" \/>\n<meta property=\"article:modified_time\" content=\"2023-11-21T09:03:01+00:00\" \/>\n<meta property=\"og:image\" content=\"https:\/\/restyling.exenia.eu\/wp-content\/uploads\/2022\/11\/R2-230-prodotto.jpg\" \/>\n\t<meta property=\"og:image:width\" content=\"2000\" \/>\n\t<meta property=\"og:image:height\" content=\"1919\" \/>\n\t<meta property=\"og:image:type\" content=\"image\/jpeg\" \/>\n<!-- \/ Yoast SEO plugin. -->","yoast_head_json":{"title":"R2 48 | Exenia","robots":{"index":"noindex","follow":"follow","max-snippet":"max-snippet:-1","max-image-preview":"max-image-preview:large","max-video-preview":"max-video-preview:-1"},"og_locale":"de_DE","og_type":"article","og_title":"R2 48 | Exenia","og_description":"Innovativer LED-Strahler. Das besondere Design mit L\u00fcftungskammer erm\u00f6glicht eine deutliche...","og_url":"https:\/\/restyling.exenia.eu\/de\/produkt\/r2-48\/","og_site_name":"Exenia","article_publisher":"https:\/\/www.facebook.com\/exenialighting","article_modified_time":"2023-11-21T09:03:01+00:00","og_image":[{"width":2000,"height":1919,"url":"https:\/\/restyling.exenia.eu\/wp-content\/uploads\/2022\/11\/R2-230-prodotto.jpg","type":"image\/jpeg"}],"schema":{"@context":"https:\/\/schema.org","@graph":[{"@type":"WebPage","@id":"https:\/\/restyling.exenia.eu\/de\/produkt\/r2-48\/","url":"https:\/\/restyling.exenia.eu\/de\/produkt\/r2-48\/","name":"R2 48 | Exenia","isPartOf":{"@id":"https:\/\/restyling.exenia.eu\/#website"},"primaryImageOfPage":{"@id":"https:\/\/restyling.exenia.eu\/de\/produkt\/r2-48\/#primaryimage"},"image":{"@id":"https:\/\/restyling.exenia.eu\/de\/produkt\/r2-48\/#primaryimage"},"thumbnailUrl":"https:\/\/restyling.exenia.eu\/wp-content\/uploads\/2022\/11\/R2-230-prodotto.jpg","datePublished":"2023-11-21T08:56:56+00:00","dateModified":"2023-11-21T09:03:01+00:00","breadcrumb":{"@id":"https:\/\/restyling.exenia.eu\/de\/produkt\/r2-48\/#breadcrumb"},"inLanguage":"de","potentialAction":[{"@type":"ReadAction","target":["https:\/\/restyling.exenia.eu\/de\/produkt\/r2-48\/"]}]},{"@type":"ImageObject","inLanguage":"de","@id":"https:\/\/restyling.exenia.eu\/de\/produkt\/r2-48\/#primaryimage","url":"https:\/\/restyling.exenia.eu\/wp-content\/uploads\/2022\/11\/R2-230-prodotto.jpg","contentUrl":"https:\/\/restyling.exenia.eu\/wp-content\/uploads\/2022\/11\/R2-230-prodotto.jpg","width":2000,"height":1919},{"@type":"BreadcrumbList","@id":"https:\/\/restyling.exenia.eu\/de\/produkt\/r2-48\/#breadcrumb","itemListElement":[{"@type":"ListItem","position":1,"name":"Home","item":"https:\/\/restyling.exenia.eu\/"},{"@type":"ListItem","position":2,"name":"Produkte","item":"https:\/\/restyling.exenia.eu\/prodotti\/"},{"@type":"ListItem","position":3,"name":"Indoor","item":"https:\/\/restyling.exenia.eu\/de\/c\/indoor\/"},{"@type":"ListItem","position":4,"name":"Leuchten f\u00fcr Systeme\/Schienen","item":"https:\/\/restyling.exenia.eu\/de\/c\/indoor\/leuchten-fur-systeme-schienen\/"},{"@type":"ListItem","position":5,"name":"48 V","item":"https:\/\/restyling.exenia.eu\/de\/c\/indoor\/leuchten-fur-systeme-schienen\/48-v-de\/"},{"@type":"ListItem","position":6,"name":"Alle Leuchten f\u00fcr 48","item":"https:\/\/restyling.exenia.eu\/de\/c\/indoor\/leuchten-fur-systeme-schienen\/48-v-de\/alle-leuchten-fuer-48\/"},{"@type":"ListItem","position":7,"name":"R2","item":"https:\/\/restyling.exenia.eu\/de\/c\/indoor\/leuchten-fur-systeme-schienen\/48-v-de\/alle-leuchten-fuer-48\/r2-leuchten-fuer-schienen\/"},{"@type":"ListItem","position":8,"name":"R2 48"}]},{"@type":"WebSite","@id":"https:\/\/restyling.exenia.eu\/#website","url":"https:\/\/restyling.exenia.eu\/","name":"Exenia","description":"","publisher":{"@id":"https:\/\/restyling.exenia.eu\/#organization"},"potentialAction":[{"@type":"SearchAction","target":{"@type":"EntryPoint","urlTemplate":"https:\/\/restyling.exenia.eu\/?s={search_term_string}"},"query-input":{"@type":"PropertyValueSpecification","valueRequired":true,"valueName":"search_term_string"}}],"inLanguage":"de"},{"@type":"Organization","@id":"https:\/\/restyling.exenia.eu\/#organization","name":"Exenia","url":"https:\/\/restyling.exenia.eu\/","logo":{"@type":"ImageObject","inLanguage":"de","@id":"https:\/\/restyling.exenia.eu\/#\/schema\/logo\/image\/","url":"https:\/\/restyling.exenia.eu\/wp-content\/uploads\/2022\/09\/logo_exenia-e1678467519405.png","contentUrl":"https:\/\/restyling.exenia.eu\/wp-content\/uploads\/2022\/09\/logo_exenia-e1678467519405.png","width":600,"height":194,"caption":"Exenia"},"image":{"@id":"https:\/\/restyling.exenia.eu\/#\/schema\/logo\/image\/"},"sameAs":["https:\/\/www.facebook.com\/exenialighting","https:\/\/x.com\/ExeniaLighting"]}]}},"_links":{"self":[{"href":"https:\/\/restyling.exenia.eu\/de\/wp-json\/wp\/v2\/product\/27143","targetHints":{"allow":["GET"]}}],"collection":[{"href":"https:\/\/restyling.exenia.eu\/de\/wp-json\/wp\/v2\/product"}],"about":[{"href":"https:\/\/restyling.exenia.eu\/de\/wp-json\/wp\/v2\/types\/product"}],"wp:featuredmedia":[{"embeddable":true,"href":"https:\/\/restyling.exenia.eu\/de\/wp-json\/wp\/v2\/media\/44340"}],"wp:attachment":[{"href":"https:\/\/restyling.exenia.eu\/de\/wp-json\/wp\/v2\/media?parent=27143"}],"wp:term":[{"taxonomy":"product_brand","embeddable":true,"href":"https:\/\/restyling.exenia.eu\/de\/wp-json\/wp\/v2\/product_brand?post=27143"},{"taxonomy":"product_cat","embeddable":true,"href":"https:\/\/restyling.exenia.eu\/de\/wp-json\/wp\/v2\/product_cat?post=27143"},{"taxonomy":"product_tag","embeddable":true,"href":"https:\/\/restyling.exenia.eu\/de\/wp-json\/wp\/v2\/product_tag?post=27143"},{"taxonomy":"categoria-admin-prodotto","embeddable":true,"href":"https:\/\/restyling.exenia.eu\/de\/wp-json\/wp\/v2\/categoria-admin-prodotto?post=27143"}],"curies":[{"name":"wp","href":"https:\/\/api.w.org\/{rel}","templated":true}]}}