{"id":27166,"date":"2022-11-24T09:51:15","date_gmt":"2022-11-24T08:51:15","guid":{"rendered":"https:\/\/www.exenia.eu\/prodotto\/speedy-2\/"},"modified":"2023-06-12T09:47:47","modified_gmt":"2023-06-12T07:47:47","slug":"speedy","status":"publish","type":"product","link":"https:\/\/restyling.exenia.eu\/de\/produkt\/speedy\/","title":{"rendered":"Speedy"},"content":{"rendered":"<p>Lineare LED-Beleuchtungseinheit f\u00fcr die 48-V-Stromschiene, mit Anschlussklemme an einer Seite. Das andere Ende ist frei und gibt Licht ab. Wird b\u00fcndig in die Schiene eingebaut und bietet direkte oder indirekte Beleuchtung. Weiche Lichtdiffusion mit einem Abstrahlwinkel von ca. 120\u00b0.\u00a0Sie ist in verschiedenen Leistungen und L\u00e4ngen, dimmbar oder als ON\/OFF-Version erh\u00e4ltlich.\u00a0Die typische gleichm\u00e4\u00dfige und kontinuierliche Lichtabgabe kann durch eine zus\u00e4tzliche opale Abdeckung verfeinert werden, um die Streuung zu maximieren, oder durch eine mikroprismatische Abdeckung, um die Leuchtdichte bei direkter Beleuchtung zu steuern.<\/p>\n<p>Nicht kompatibel mit der Schiene 48 Tube.<\/p>\n","protected":false},"excerpt":{"rendered":"<p>Lineare LED-Beleuchtungseinheit f\u00fcr die 48-V-Stromschiene, mit Anschlussklemme an einer Seite&#8230;.<\/p>\n","protected":false},"featured_media":12611,"template":"","meta":{"_acf_changed":false},"product_brand":[],"product_cat":[6615,6620,6625,6635,6640,6644,2811],"product_tag":[8584,8587,8592,8594,8600,8603],"categoria-admin-prodotto":[],"class_list":{"0":"post-27166","1":"product","2":"type-product","3":"status-publish","4":"has-post-thumbnail","6":"product_cat-leuchten-track-48-de","7":"product_cat-leuchten-track-48-evo","8":"product_cat-leuchten-track-48-trimless","9":"product_cat-leuchten-track-48-twin","10":"product_cat-leuchten-track-48-rt","11":"product_cat-alle-leuchten-fuer-48","12":"product_cat-speedy-leuchten-fuer-schienen","13":"product_tag-71675-de","14":"product_tag-71674-de","15":"product_tag-71673-de","16":"product_tag-71672-de","17":"product_tag-71671-de","18":"product_tag-71670-de","19":"pa_cct-2700k-de","20":"pa_cct-3000k-de","21":"pa_cct-4000k-de","22":"pa_certificazione-conformita-ce-de","23":"pa_classe-f-da","24":"pa_cri-85-de","25":"pa_grado-ip-ip40-de","26":"pa_lifetime-l80b10-36-000-h-de","27":"pa_temperatura-di-esercizio-10-30-de","29":"first","30":"instock","31":"purchasable","32":"product-type-composite"},"composite_virtual":false,"composite_layout":"single","composite_add_to_cart_form_location":"default","composite_editable_in_cart":false,"composite_sold_individually_context":"product","composite_shop_price_calc":"defaults","composite_components":[{"id":"1674221752","title":"Geh\u00e4use der Leuchte","description":"","query_type":"product_ids","query_ids":[20659],"default_option_id":20659,"thumbnail_id":"","thumbnail_src":"","quantity_min":1,"quantity_max":1,"priced_individually":false,"shipped_individually":false,"optional":false,"discount":"","options_style":"radios","pagination_style":"classic","display_prices":"absolute","show_sorting_options":false,"show_filtering_options":false,"attribute_filter_ids":[],"product_title_visible":false,"product_descr_visible":false,"product_price_visible":false,"product_thumb_visible":false,"subtotal_visible_product":false,"subtotal_visible_cart":false,"subtotal_visible_orders":false},{"id":"1674221753","title":"Version","description":"","query_type":"product_ids","query_ids":[21182,21198,21186,21191,21194,21197],"default_option_id":"","thumbnail_id":"","thumbnail_src":"","quantity_min":1,"quantity_max":1,"priced_individually":false,"shipped_individually":false,"optional":true,"discount":"","options_style":"radios","pagination_style":"classic","display_prices":"absolute","show_sorting_options":false,"show_filtering_options":false,"attribute_filter_ids":[],"product_title_visible":false,"product_descr_visible":false,"product_price_visible":false,"product_thumb_visible":false,"subtotal_visible_product":false,"subtotal_visible_cart":false,"subtotal_visible_orders":false},{"id":"1674221754","title":"Kontrolle","description":"","query_type":"product_ids","query_ids":[20511,53447],"default_option_id":"","thumbnail_id":"","thumbnail_src":"","quantity_min":1,"quantity_max":1,"priced_individually":false,"shipped_individually":false,"optional":true,"discount":"","options_style":"radios","pagination_style":"classic","display_prices":"absolute","show_sorting_options":false,"show_filtering_options":false,"attribute_filter_ids":[],"product_title_visible":false,"product_descr_visible":true,"product_price_visible":false,"product_thumb_visible":false,"subtotal_visible_product":false,"subtotal_visible_cart":false,"subtotal_visible_orders":false},{"id":"1674221755","title":"Oberfl\u00e4che","description":"","query_type":"product_ids","query_ids":[20777,20781],"default_option_id":"","thumbnail_id":"","thumbnail_src":"","quantity_min":1,"quantity_max":1,"priced_individually":false,"shipped_individually":false,"optional":true,"discount":"","options_style":"radios","pagination_style":"classic","display_prices":"absolute","show_sorting_options":false,"show_filtering_options":false,"attribute_filter_ids":[],"product_title_visible":false,"product_descr_visible":false,"product_price_visible":false,"product_thumb_visible":false,"subtotal_visible_product":false,"subtotal_visible_cart":false,"subtotal_visible_orders":false},{"id":"1674221756","title":"CRI-CCT","description":"","query_type":"product_ids","query_ids":[20711,20719,20712],"default_option_id":"","thumbnail_id":"","thumbnail_src":"","quantity_min":1,"quantity_max":1,"priced_individually":false,"shipped_individually":false,"optional":true,"discount":"","options_style":"radios","pagination_style":"classic","display_prices":"absolute","show_sorting_options":false,"show_filtering_options":false,"attribute_filter_ids":[],"product_title_visible":false,"product_descr_visible":false,"product_price_visible":false,"product_thumb_visible":false,"subtotal_visible_product":false,"subtotal_visible_cart":false,"subtotal_visible_orders":false},{"id":"1674221877","title":"Separat bestellen","description":"","query_type":"product_ids","query_ids":[7635],"default_option_id":"","thumbnail_id":"","thumbnail_src":"","quantity_min":1,"quantity_max":1,"priced_individually":false,"shipped_individually":false,"optional":true,"discount":"","options_style":"radios","pagination_style":"classic","display_prices":"absolute","show_sorting_options":false,"show_filtering_options":false,"attribute_filter_ids":[],"product_title_visible":false,"product_descr_visible":false,"product_price_visible":false,"product_thumb_visible":false,"subtotal_visible_product":false,"subtotal_visible_cart":false,"subtotal_visible_orders":false},{"id":"1677781182","title":"Diffusor","description":"","query_type":"product_ids","query_ids":[43059,43054],"default_option_id":"","thumbnail_id":"","thumbnail_src":"","quantity_min":1,"quantity_max":1,"priced_individually":false,"shipped_individually":false,"optional":true,"discount":"","options_style":"radios","pagination_style":"classic","display_prices":"absolute","show_sorting_options":false,"show_filtering_options":false,"attribute_filter_ids":[],"product_title_visible":false,"product_descr_visible":true,"product_price_visible":false,"product_thumb_visible":true,"subtotal_visible_product":false,"subtotal_visible_cart":false,"subtotal_visible_orders":false},{"id":"1677781619","title":"L\u00e4nge des Diffusors","description":"","query_type":"product_ids","query_ids":[43075,43079,43083,43087,43091,43095],"default_option_id":"","thumbnail_id":"","thumbnail_src":"","quantity_min":1,"quantity_max":1,"priced_individually":false,"shipped_individually":false,"optional":true,"discount":"","options_style":"radios","pagination_style":"classic","display_prices":"absolute","show_sorting_options":false,"show_filtering_options":false,"attribute_filter_ids":[],"product_title_visible":false,"product_descr_visible":false,"product_price_visible":false,"product_thumb_visible":false,"subtotal_visible_product":false,"subtotal_visible_cart":false,"subtotal_visible_orders":false},{"id":"1677781620","title":"W\u00e4hlen Sie, um das Zubeh\u00f6r zu aktivieren","description":"","query_type":"product_ids","query_ids":[7635],"default_option_id":"","thumbnail_id":"","thumbnail_src":"","quantity_min":1,"quantity_max":1,"priced_individually":false,"shipped_individually":false,"optional":true,"discount":"","options_style":"radios","pagination_style":"classic","display_prices":"absolute","show_sorting_options":false,"show_filtering_options":false,"attribute_filter_ids":[],"product_title_visible":false,"product_descr_visible":false,"product_price_visible":false,"product_thumb_visible":false,"subtotal_visible_product":false,"subtotal_visible_cart":false,"subtotal_visible_orders":false},{"id":"1677780534","title":"Zubeh\u00f6r","description":"","query_type":"product_ids","query_ids":[43066],"default_option_id":43066,"thumbnail_id":"","thumbnail_src":"","quantity_min":1,"quantity_max":1,"priced_individually":false,"shipped_individually":false,"optional":false,"discount":"","options_style":"radios","pagination_style":"classic","display_prices":"absolute","show_sorting_options":false,"show_filtering_options":false,"attribute_filter_ids":[],"product_title_visible":false,"product_descr_visible":true,"product_price_visible":false,"product_thumb_visible":true,"subtotal_visible_product":false,"subtotal_visible_cart":false,"subtotal_visible_orders":false},{"id":"1721995231","title":"Modul f\u00fcr die PUSH-Verwaltung von DALI-Produkten","description":"","query_type":"product_ids","query_ids":[57769],"default_option_id":57769,"thumbnail_id":"","thumbnail_src":"","quantity_min":1,"quantity_max":1,"priced_individually":false,"shipped_individually":false,"optional":false,"discount":"","options_style":"radios","pagination_style":"classic","display_prices":"absolute","show_sorting_options":false,"show_filtering_options":false,"attribute_filter_ids":[],"product_title_visible":false,"product_descr_visible":false,"product_price_visible":false,"product_thumb_visible":false,"subtotal_visible_product":false,"subtotal_visible_cart":false,"subtotal_visible_orders":false}],"composite_scenarios":[{"id":"1674584118","name":"VERSIONE ON-OFF","description":"","configuration":[{"component_id":"1674221753","options_modifier":"in","component_options":[21182,21191,21197]}],"actions":[{"action_id":"compat_group","is_active":false},{"action_id":"conditional_components","is_active":false,"hidden_components":[]},{"action_id":"conditional_options","is_active":true,"hidden_options":[{"component_id":"1674221754","component_options":[53447],"options_modifier":"in"}]}],"enabled":true},{"id":"1674584119","name":"VERSIONE DALI","description":"","configuration":[{"component_id":"1674221753","options_modifier":"in","component_options":[21198,21186,21194]}],"actions":[{"action_id":"compat_group","is_active":false},{"action_id":"conditional_components","is_active":false,"hidden_components":[]},{"action_id":"conditional_options","is_active":true,"hidden_options":[{"component_id":"1674221754","component_options":[20511],"options_modifier":"in"}]}],"enabled":true},{"id":"1674584120","name":"ON-OFF CONTROLLO","description":"","configuration":[{"component_id":"1674221754","options_modifier":"in","component_options":[20511]}],"actions":[{"action_id":"compat_group","is_active":false},{"action_id":"conditional_components","is_active":false,"hidden_components":[]},{"action_id":"conditional_options","is_active":true,"hidden_options":[{"component_id":"1674221753","component_options":[21198,21186,21194],"options_modifier":"in"}]}],"enabled":true},{"id":"1674584121","name":"DALI CONTROLLO","description":"","configuration":[{"component_id":"1674221754","options_modifier":"in","component_options":[53447]}],"actions":[{"action_id":"compat_group","is_active":false},{"action_id":"conditional_components","is_active":false,"hidden_components":[]},{"action_id":"conditional_options","is_active":true,"hidden_options":[{"component_id":"1674221753","component_options":[21182,21191,21197],"options_modifier":"in"}]}],"enabled":true},{"id":"1677781707","name":"no cavi passanti","description":"","configuration":[{"component_id":"1677781620","options_modifier":"in","component_options":[-1]}],"actions":[{"action_id":"compat_group","is_active":false},{"action_id":"conditional_components","is_active":true,"hidden_components":["1677780534"]},{"action_id":"conditional_options","is_active":true,"hidden_options":[{"component_id":"1677780534","component_options":[-1],"options_modifier":"not-in"}]}],"enabled":true},{"id":"1677781732","name":"no diff","description":"","configuration":[{"component_id":"1674221877","options_modifier":"in","component_options":[-1]}],"actions":[{"action_id":"compat_group","is_active":false},{"action_id":"conditional_components","is_active":true,"hidden_components":["1677781182","1677781619"]},{"action_id":"conditional_options","is_active":false,"hidden_options":[]}],"enabled":true},{"id":"1677782268","name":"830","description":"","configuration":[{"component_id":"1674221753","options_modifier":"in","component_options":[21182]},{"component_id":"1674221877","options_modifier":"in","component_options":[7635]}],"actions":[{"action_id":"compat_group","is_active":false},{"action_id":"conditional_components","is_active":false,"hidden_components":[]},{"action_id":"conditional_options","is_active":true,"hidden_options":[{"component_id":"1674221754","component_options":[53447],"options_modifier":"in"},{"component_id":"1677781619","component_options":[-1,43075],"options_modifier":"not-in"}]}],"enabled":true},{"id":"1677782269","name":"1500","description":"","configuration":[{"component_id":"1674221753","options_modifier":"in","component_options":[21198]},{"component_id":"1674221877","options_modifier":"in","component_options":[7635]}],"actions":[{"action_id":"compat_group","is_active":false},{"action_id":"conditional_components","is_active":false,"hidden_components":[]},{"action_id":"conditional_options","is_active":true,"hidden_options":[{"component_id":"1674221754","component_options":[20511],"options_modifier":"in"},{"component_id":"1677781619","component_options":[-1,43079],"options_modifier":"not-in"}]}],"enabled":true},{"id":"1677782270","name":"1800","description":"","configuration":[{"component_id":"1674221753","options_modifier":"in","component_options":[21186]},{"component_id":"1674221877","options_modifier":"in","component_options":[7635]}],"actions":[{"action_id":"compat_group","is_active":false},{"action_id":"conditional_components","is_active":false,"hidden_components":[]},{"action_id":"conditional_options","is_active":true,"hidden_options":[{"component_id":"1674221754","component_options":[20511],"options_modifier":"in"},{"component_id":"1677781619","component_options":[-1,43083],"options_modifier":"not-in"}]}],"enabled":true},{"id":"1677782271","name":"1830","description":"","configuration":[{"component_id":"1674221753","options_modifier":"in","component_options":[21191]},{"component_id":"1674221877","options_modifier":"in","component_options":[7635]}],"actions":[{"action_id":"compat_group","is_active":false},{"action_id":"conditional_components","is_active":false,"hidden_components":[]},{"action_id":"conditional_options","is_active":true,"hidden_options":[{"component_id":"1674221754","component_options":[53447],"options_modifier":"in"},{"component_id":"1677781619","component_options":[-1,43087],"options_modifier":"not-in"}]}],"enabled":true},{"id":"1677782272","name":"2700","description":"","configuration":[{"component_id":"1674221753","options_modifier":"in","component_options":[21194]},{"component_id":"1674221877","options_modifier":"in","component_options":[7635]}],"actions":[{"action_id":"compat_group","is_active":false},{"action_id":"conditional_components","is_active":false,"hidden_components":[]},{"action_id":"conditional_options","is_active":true,"hidden_options":[{"component_id":"1674221754","component_options":[20511],"options_modifier":"in"},{"component_id":"1677781619","component_options":[-1,43091],"options_modifier":"not-in"}]}],"enabled":true},{"id":"1677782273","name":"2830","description":"","configuration":[{"component_id":"1674221753","options_modifier":"in","component_options":[21197]},{"component_id":"1674221877","options_modifier":"in","component_options":[7635]}],"actions":[{"action_id":"compat_group","is_active":false},{"action_id":"conditional_components","is_active":false,"hidden_components":[]},{"action_id":"conditional_options","is_active":true,"hidden_options":[{"component_id":"1674221754","component_options":[53447],"options_modifier":"in"},{"component_id":"1677781619","component_options":[-1,43095],"options_modifier":"not-in"}]}],"enabled":true},{"id":"1721995337","name":"no controllo push","description":"","configuration":[{"component_id":"1674221754","options_modifier":"in","component_options":[20511]}],"actions":[{"action_id":"compat_group","is_active":false},{"action_id":"conditional_components","is_active":true,"hidden_components":["1721995231"]},{"action_id":"conditional_options","is_active":false,"hidden_options":[]}],"enabled":true}],"bundled_by":[],"bundle_stock_status":"instock","bundle_stock_quantity":null,"bundle_virtual":false,"bundle_layout":"","bundle_add_to_cart_form_location":"","bundle_editable_in_cart":false,"bundle_sold_individually_context":"","bundle_item_grouping":"","bundle_min_size":"","bundle_max_size":"","bundled_items":[],"bundle_sell_ids":[],"acf":[],"yoast_head":"<!-- This site is optimized with the Yoast SEO plugin v27.5 - https:\/\/yoast.com\/product\/yoast-seo-wordpress\/ -->\n<title>Speedy | Exenia<\/title>\n<meta name=\"robots\" content=\"noindex, follow, max-snippet:-1, max-image-preview:large, max-video-preview:-1\" \/>\n<meta property=\"og:locale\" content=\"de_DE\" \/>\n<meta property=\"og:type\" content=\"article\" \/>\n<meta property=\"og:title\" content=\"Speedy | Exenia\" \/>\n<meta property=\"og:description\" content=\"Lineare LED-Beleuchtungseinheit f\u00fcr die 48-V-Stromschiene, mit Anschlussklemme an einer Seite....\" \/>\n<meta property=\"og:url\" content=\"https:\/\/restyling.exenia.eu\/de\/produkt\/speedy\/\" \/>\n<meta property=\"og:site_name\" content=\"Exenia\" \/>\n<meta property=\"article:publisher\" content=\"https:\/\/www.facebook.com\/exenialighting\" \/>\n<meta property=\"article:modified_time\" content=\"2023-06-12T07:47:47+00:00\" \/>\n<meta property=\"og:image\" content=\"https:\/\/restyling.exenia.eu\/wp-content\/uploads\/2023\/01\/Speedy-prodotto.jpg\" \/>\n\t<meta property=\"og:image:width\" content=\"2000\" \/>\n\t<meta property=\"og:image:height\" content=\"1919\" \/>\n\t<meta property=\"og:image:type\" content=\"image\/jpeg\" \/>\n<!-- \/ Yoast SEO plugin. -->","yoast_head_json":{"title":"Speedy | Exenia","robots":{"index":"noindex","follow":"follow","max-snippet":"max-snippet:-1","max-image-preview":"max-image-preview:large","max-video-preview":"max-video-preview:-1"},"og_locale":"de_DE","og_type":"article","og_title":"Speedy | Exenia","og_description":"Lineare LED-Beleuchtungseinheit f\u00fcr die 48-V-Stromschiene, mit Anschlussklemme an einer Seite....","og_url":"https:\/\/restyling.exenia.eu\/de\/produkt\/speedy\/","og_site_name":"Exenia","article_publisher":"https:\/\/www.facebook.com\/exenialighting","article_modified_time":"2023-06-12T07:47:47+00:00","og_image":[{"width":2000,"height":1919,"url":"https:\/\/restyling.exenia.eu\/wp-content\/uploads\/2023\/01\/Speedy-prodotto.jpg","type":"image\/jpeg"}],"schema":{"@context":"https:\/\/schema.org","@graph":[{"@type":"WebPage","@id":"https:\/\/restyling.exenia.eu\/de\/produkt\/speedy\/","url":"https:\/\/restyling.exenia.eu\/de\/produkt\/speedy\/","name":"Speedy | Exenia","isPartOf":{"@id":"https:\/\/restyling.exenia.eu\/#website"},"primaryImageOfPage":{"@id":"https:\/\/restyling.exenia.eu\/de\/produkt\/speedy\/#primaryimage"},"image":{"@id":"https:\/\/restyling.exenia.eu\/de\/produkt\/speedy\/#primaryimage"},"thumbnailUrl":"https:\/\/restyling.exenia.eu\/wp-content\/uploads\/2023\/01\/Speedy-prodotto.jpg","datePublished":"2022-11-24T08:51:15+00:00","dateModified":"2023-06-12T07:47:47+00:00","breadcrumb":{"@id":"https:\/\/restyling.exenia.eu\/de\/produkt\/speedy\/#breadcrumb"},"inLanguage":"de","potentialAction":[{"@type":"ReadAction","target":["https:\/\/restyling.exenia.eu\/de\/produkt\/speedy\/"]}]},{"@type":"ImageObject","inLanguage":"de","@id":"https:\/\/restyling.exenia.eu\/de\/produkt\/speedy\/#primaryimage","url":"https:\/\/restyling.exenia.eu\/wp-content\/uploads\/2023\/01\/Speedy-prodotto.jpg","contentUrl":"https:\/\/restyling.exenia.eu\/wp-content\/uploads\/2023\/01\/Speedy-prodotto.jpg","width":2000,"height":1919},{"@type":"BreadcrumbList","@id":"https:\/\/restyling.exenia.eu\/de\/produkt\/speedy\/#breadcrumb","itemListElement":[{"@type":"ListItem","position":1,"name":"Home","item":"https:\/\/restyling.exenia.eu\/"},{"@type":"ListItem","position":2,"name":"Produkte","item":"https:\/\/restyling.exenia.eu\/prodotti\/"},{"@type":"ListItem","position":3,"name":"Indoor","item":"https:\/\/restyling.exenia.eu\/de\/c\/indoor\/"},{"@type":"ListItem","position":4,"name":"Leuchten f\u00fcr Systeme\/Schienen","item":"https:\/\/restyling.exenia.eu\/de\/c\/indoor\/leuchten-fur-systeme-schienen\/"},{"@type":"ListItem","position":5,"name":"48 V","item":"https:\/\/restyling.exenia.eu\/de\/c\/indoor\/leuchten-fur-systeme-schienen\/48-v-de\/"},{"@type":"ListItem","position":6,"name":"Alle Leuchten f\u00fcr 48","item":"https:\/\/restyling.exenia.eu\/de\/c\/indoor\/leuchten-fur-systeme-schienen\/48-v-de\/alle-leuchten-fuer-48\/"},{"@type":"ListItem","position":7,"name":"Speedy","item":"https:\/\/restyling.exenia.eu\/de\/c\/indoor\/leuchten-fur-systeme-schienen\/48-v-de\/alle-leuchten-fuer-48\/speedy-leuchten-fuer-schienen\/"},{"@type":"ListItem","position":8,"name":"Speedy"}]},{"@type":"WebSite","@id":"https:\/\/restyling.exenia.eu\/#website","url":"https:\/\/restyling.exenia.eu\/","name":"Exenia","description":"","publisher":{"@id":"https:\/\/restyling.exenia.eu\/#organization"},"potentialAction":[{"@type":"SearchAction","target":{"@type":"EntryPoint","urlTemplate":"https:\/\/restyling.exenia.eu\/?s={search_term_string}"},"query-input":{"@type":"PropertyValueSpecification","valueRequired":true,"valueName":"search_term_string"}}],"inLanguage":"de"},{"@type":"Organization","@id":"https:\/\/restyling.exenia.eu\/#organization","name":"Exenia","url":"https:\/\/restyling.exenia.eu\/","logo":{"@type":"ImageObject","inLanguage":"de","@id":"https:\/\/restyling.exenia.eu\/#\/schema\/logo\/image\/","url":"https:\/\/restyling.exenia.eu\/wp-content\/uploads\/2022\/09\/logo_exenia-e1678467519405.png","contentUrl":"https:\/\/restyling.exenia.eu\/wp-content\/uploads\/2022\/09\/logo_exenia-e1678467519405.png","width":600,"height":194,"caption":"Exenia"},"image":{"@id":"https:\/\/restyling.exenia.eu\/#\/schema\/logo\/image\/"},"sameAs":["https:\/\/www.facebook.com\/exenialighting","https:\/\/x.com\/ExeniaLighting"]}]}},"_links":{"self":[{"href":"https:\/\/restyling.exenia.eu\/de\/wp-json\/wp\/v2\/product\/27166","targetHints":{"allow":["GET"]}}],"collection":[{"href":"https:\/\/restyling.exenia.eu\/de\/wp-json\/wp\/v2\/product"}],"about":[{"href":"https:\/\/restyling.exenia.eu\/de\/wp-json\/wp\/v2\/types\/product"}],"wp:featuredmedia":[{"embeddable":true,"href":"https:\/\/restyling.exenia.eu\/de\/wp-json\/wp\/v2\/media\/12611"}],"wp:attachment":[{"href":"https:\/\/restyling.exenia.eu\/de\/wp-json\/wp\/v2\/media?parent=27166"}],"wp:term":[{"taxonomy":"product_brand","embeddable":true,"href":"https:\/\/restyling.exenia.eu\/de\/wp-json\/wp\/v2\/product_brand?post=27166"},{"taxonomy":"product_cat","embeddable":true,"href":"https:\/\/restyling.exenia.eu\/de\/wp-json\/wp\/v2\/product_cat?post=27166"},{"taxonomy":"product_tag","embeddable":true,"href":"https:\/\/restyling.exenia.eu\/de\/wp-json\/wp\/v2\/product_tag?post=27166"},{"taxonomy":"categoria-admin-prodotto","embeddable":true,"href":"https:\/\/restyling.exenia.eu\/de\/wp-json\/wp\/v2\/categoria-admin-prodotto?post=27166"}],"curies":[{"name":"wp","href":"https:\/\/api.w.org\/{rel}","templated":true}]}}