{"id":27180,"date":"2023-11-21T09:56:53","date_gmt":"2023-11-21T08:56:53","guid":{"rendered":"https:\/\/www.exenia.eu\/prodotto\/spot-230-revo-medium-2\/"},"modified":"2024-07-26T11:23:48","modified_gmt":"2024-07-26T09:23:48","slug":"spot-230-revo-medium","status":"publish","type":"product","link":"https:\/\/restyling.exenia.eu\/de\/produkt\/spot-230-revo-medium\/","title":{"rendered":"Spot 230 Revo Medium"},"content":{"rendered":"<p>Die Spots Revo 230V sind in vier unterschiedlichen Gr\u00f6\u00dfen, pro Modell mit 8 verschiedenen rotosymmetrischen Optiken, f\u00fcr die Modelle Medium, Compact, Max mit 3 zus\u00e4tzlichen asymmetrischen Optiken sowie f\u00fcr die Version Medium mit einem Shaper erh\u00e4ltlich.<br \/>\nDie neuen optischen Systeme Revo Dark wurden f\u00fcr eine fortschrittliche beleuchtungstechnische Planung entwickelt und eignen sich vor allem f\u00fcr Umgebungen, bei denen besondere Anforderungen an den visuellen Komfort gestellt werden. Diese mit den rotosymmetrischen Optiken \u0084Cross\u0093 und leistungsstarken asymmetrischen Optiken ausgestatteten Leuchten eignen sich besonders f\u00fcr den Einsatz in Museen und f\u00fcr Projekte mit komplexen beleuchtungstechnischen Anforderungen.<br \/>\nDie Produktserie Spot Revo zeichnet sich durch ein herausragendes Leistung-Gr\u00f6\u00dfen-Verh\u00e4ltnis, Zahlreiche M\u00f6glichkeiten f\u00fcr die Erg\u00e4nzung und Zubeh\u00f6r und eine gro\u00dfe Farbpalette aus, doch vor allem sticht sie durch eine besonders pr\u00e4zise, saubere und gleichm\u00e4\u00dfige Lichtprojektion hervor.<\/p>\n<p>Die Version <strong>Medium<\/strong> bietet 6 symmetrische Abstrahlwinkel von 6\u00b0 bis 50\u00b0 und drei asymmetrische Wallwasher-Optionen: Grazing, Area, Deep, zwei elliptische Versionen und ein Shaper.<br \/>\nDas umfangreiche Zubeh\u00f6r ist mit einem Befestigungssystem mit sich \u00fcberlagernden Elementen ausgestattet, das eine differenzierte und spezifische optische Konfiguration erm\u00f6glicht. Eine h\u00f6here Farbwiedergabe, ein UGR-Wert von &lt;10 und die Einhaltung der DARK-lighting-Parameter werden durch die hohe Qualit\u00e4t des Leuchtmittels mit einer Farbkonsistenz von 2 SDCM und die besonders sauberen Lichtb\u00fcndel abgerundet.<br \/>\nDurch die Kompatibilit\u00e4t mit den meisten Steuersystemen ist Spot Revo Medium das perfekte Instrument in Beleuchtungskontexten, bei denen der Wert des Leuchtmittels von seiner hohen Leistungsqualit\u00e4t und einer geringen physischen und visuellen Beeintr\u00e4chtigung durch die Montage abh\u00e4ngt.<\/p>\n","protected":false},"excerpt":{"rendered":"<p>Die Spots Revo 230V sind in vier unterschiedlichen Gr\u00f6\u00dfen, pro&#8230;<\/p>\n","protected":false},"featured_media":23788,"template":"","meta":{"_acf_changed":false},"product_brand":[],"product_cat":[2813],"product_tag":[7477],"categoria-admin-prodotto":[],"class_list":{"0":"post-27180","1":"product","2":"type-product","3":"status-publish","4":"has-post-thumbnail","6":"product_cat-spot-revo-leuchten-fuer-schienen","7":"product_tag-386e0-de","8":"pa_cct-2700k-de","9":"pa_cct-3000k-de","10":"pa_cct-3500k-de","11":"pa_cct-4000k-de","12":"pa_certificazione-conformita-ce-de","13":"pa_classe-f-da","14":"pa_cri-92-de","15":"pa_cri-98-de","16":"pa_grado-ip-ip40-de","17":"pa_temperatura-di-esercizio-10-35-de","19":"first","20":"instock","21":"purchasable","22":"product-type-composite"},"composite_virtual":false,"composite_layout":"single","composite_add_to_cart_form_location":"default","composite_editable_in_cart":false,"composite_sold_individually_context":"product","composite_shop_price_calc":"defaults","composite_components":[{"id":"1674739980","title":"Geh\u00e4use der Leuchte","description":"","query_type":"product_ids","query_ids":[20638],"default_option_id":20638,"thumbnail_id":"","thumbnail_src":"","quantity_min":1,"quantity_max":1,"priced_individually":false,"shipped_individually":false,"optional":false,"discount":"","options_style":"radios","pagination_style":"classic","display_prices":"absolute","show_sorting_options":false,"show_filtering_options":false,"attribute_filter_ids":[],"product_title_visible":false,"product_descr_visible":false,"product_price_visible":false,"product_thumb_visible":false,"subtotal_visible_product":false,"subtotal_visible_cart":false,"subtotal_visible_orders":false},{"id":"1674739981","title":"Version","description":"","query_type":"product_ids","query_ids":[21249],"default_option_id":21249,"thumbnail_id":"","thumbnail_src":"","quantity_min":1,"quantity_max":1,"priced_individually":false,"shipped_individually":false,"optional":false,"discount":"","options_style":"radios","pagination_style":"classic","display_prices":"absolute","show_sorting_options":false,"show_filtering_options":false,"attribute_filter_ids":[],"product_title_visible":false,"product_descr_visible":false,"product_price_visible":false,"product_thumb_visible":false,"subtotal_visible_product":false,"subtotal_visible_cart":false,"subtotal_visible_orders":false},{"id":"1674739982","title":"Kontrolle","description":"","query_type":"product_ids","query_ids":[20508,20537,20552,75392,20535],"default_option_id":"","thumbnail_id":"","thumbnail_src":"","quantity_min":1,"quantity_max":1,"priced_individually":false,"shipped_individually":false,"optional":true,"discount":"","options_style":"radios","pagination_style":"classic","display_prices":"absolute","show_sorting_options":false,"show_filtering_options":false,"attribute_filter_ids":[],"product_title_visible":false,"product_descr_visible":true,"product_price_visible":false,"product_thumb_visible":false,"subtotal_visible_product":false,"subtotal_visible_cart":false,"subtotal_visible_orders":false},{"id":"1674740360","title":"Geh\u00e4useoberfl\u00e4che","description":"","query_type":"product_ids","query_ids":[20838,20813,20771,20817,20826,20823],"default_option_id":"","thumbnail_id":"","thumbnail_src":"","quantity_min":1,"quantity_max":1,"priced_individually":false,"shipped_individually":false,"optional":true,"discount":"","options_style":"radios","pagination_style":"classic","display_prices":"absolute","show_sorting_options":false,"show_filtering_options":false,"attribute_filter_ids":[],"product_title_visible":false,"product_descr_visible":false,"product_price_visible":false,"product_thumb_visible":false,"subtotal_visible_product":false,"subtotal_visible_cart":false,"subtotal_visible_orders":false},{"id":"1674740361","title":"Ausf\u00fchrung des Adapters","description":"","query_type":"product_ids","query_ids":[20767,20768],"default_option_id":"","thumbnail_id":"","thumbnail_src":"","quantity_min":1,"quantity_max":1,"priced_individually":false,"shipped_individually":false,"optional":true,"discount":"","options_style":"radios","pagination_style":"classic","display_prices":"absolute","show_sorting_options":false,"show_filtering_options":false,"attribute_filter_ids":[],"product_title_visible":false,"product_descr_visible":false,"product_price_visible":false,"product_thumb_visible":false,"subtotal_visible_product":false,"subtotal_visible_cart":false,"subtotal_visible_orders":false},{"id":"1674740362","title":"CRI-CCT","description":"","query_type":"product_ids","query_ids":[20691,20692,20694,20693,20701,20702,20704,20703],"default_option_id":"","thumbnail_id":"","thumbnail_src":"","quantity_min":1,"quantity_max":1,"priced_individually":false,"shipped_individually":false,"optional":true,"discount":"","options_style":"radios","pagination_style":"classic","display_prices":"absolute","show_sorting_options":false,"show_filtering_options":false,"attribute_filter_ids":[],"product_title_visible":false,"product_descr_visible":false,"product_price_visible":false,"product_thumb_visible":false,"subtotal_visible_product":false,"subtotal_visible_cart":false,"subtotal_visible_orders":false},{"id":"1674740363","title":"Optik","description":"","query_type":"product_ids","query_ids":[20990,20963,20855,20982,20952,20927,20998,20861,20933,20911,20916,21006],"default_option_id":"","thumbnail_id":"","thumbnail_src":"","quantity_min":1,"quantity_max":1,"priced_individually":false,"shipped_individually":false,"optional":true,"discount":"","options_style":"radios","pagination_style":"classic","display_prices":"absolute","show_sorting_options":false,"show_filtering_options":false,"attribute_filter_ids":[],"product_title_visible":false,"product_descr_visible":false,"product_price_visible":false,"product_thumb_visible":false,"subtotal_visible_product":false,"subtotal_visible_cart":false,"subtotal_visible_orders":false},{"id":"1674740364","title":"Zubeh\u00f6r","description":"","query_type":"product_ids","query_ids":[13449],"default_option_id":13449,"thumbnail_id":"","thumbnail_src":"","quantity_min":1,"quantity_max":1,"priced_individually":false,"shipped_individually":false,"optional":false,"discount":"","options_style":"radios","pagination_style":"classic","display_prices":"absolute","show_sorting_options":false,"show_filtering_options":false,"attribute_filter_ids":[],"product_title_visible":false,"product_descr_visible":true,"product_price_visible":false,"product_thumb_visible":true,"subtotal_visible_product":false,"subtotal_visible_cart":false,"subtotal_visible_orders":false},{"id":"1676653776","title":"Unabh\u00e4ngiges Zubeh\u00f6r","description":"","query_type":"product_ids","query_ids":[40658],"default_option_id":40658,"thumbnail_id":"","thumbnail_src":"","quantity_min":1,"quantity_max":1,"priced_individually":false,"shipped_individually":false,"optional":false,"discount":"","options_style":"radios","pagination_style":"classic","display_prices":"absolute","show_sorting_options":false,"show_filtering_options":false,"attribute_filter_ids":[],"product_title_visible":false,"product_descr_visible":true,"product_price_visible":false,"product_thumb_visible":false,"subtotal_visible_product":false,"subtotal_visible_cart":false,"subtotal_visible_orders":false},{"id":"1689330540","title":"Lebenslang","description":"","query_type":"product_ids","query_ids":[50125,50129],"default_option_id":"","thumbnail_id":"","thumbnail_src":"","quantity_min":1,"quantity_max":1,"priced_individually":false,"shipped_individually":false,"optional":true,"discount":"","options_style":"radios","pagination_style":"classic","display_prices":"absolute","show_sorting_options":false,"show_filtering_options":false,"attribute_filter_ids":[],"product_title_visible":false,"product_descr_visible":false,"product_price_visible":false,"product_thumb_visible":false,"subtotal_visible_product":false,"subtotal_visible_cart":false,"subtotal_visible_orders":false}],"composite_scenarios":[{"id":"1674740822","name":"cri98","description":"","configuration":[{"component_id":"1674740362","options_modifier":"in","component_options":[20701,20702,20704,20703]}],"actions":[{"action_id":"compat_group","is_active":false},{"action_id":"conditional_components","is_active":false,"hidden_components":[]},{"action_id":"conditional_options","is_active":true,"hidden_options":[{"component_id":"1674740363","component_options":[20990],"options_modifier":"in"}]}],"enabled":true},{"id":"1674740823","name":"very narrow","description":"","configuration":[{"component_id":"1674740363","options_modifier":"in","component_options":[20990]}],"actions":[{"action_id":"compat_group","is_active":false},{"action_id":"conditional_components","is_active":false,"hidden_components":[]},{"action_id":"conditional_options","is_active":true,"hidden_options":[{"component_id":"1674740362","component_options":[20701,20702,20704,20703],"options_modifier":"in"}]}],"enabled":true},{"id":"1674740824","name":"narrow spot \/ wide flood","description":"","configuration":[{"component_id":"1674740363","options_modifier":"in","component_options":[20963,20998]}],"actions":[{"action_id":"compat_group","is_active":false},{"action_id":"conditional_components","is_active":false,"hidden_components":[]},{"action_id":"conditional_options","is_active":true,"hidden_options":[{"component_id":"1674740364","component_options":[13454,13459,13466,13467,13470,13471],"options_modifier":"in"}]}],"enabled":true},{"id":"1674740825","name":"ellittiche","description":"","configuration":[{"component_id":"1674740363","options_modifier":"in","component_options":[20855,20861]}],"actions":[{"action_id":"compat_group","is_active":false},{"action_id":"conditional_components","is_active":false,"hidden_components":[]},{"action_id":"conditional_options","is_active":true,"hidden_options":[{"component_id":"1674740364","component_options":[-1,13450],"options_modifier":"not-in"}]}],"enabled":true},{"id":"1674740826","name":"ww e sag.","description":"","configuration":[{"component_id":"1674740363","options_modifier":"in","component_options":[20933,20911,20916,21006]}],"actions":[{"action_id":"compat_group","is_active":false},{"action_id":"conditional_components","is_active":true,"hidden_components":["1676653776"]},{"action_id":"conditional_options","is_active":true,"hidden_options":[{"component_id":"1674740364","component_options":[-1,13450],"options_modifier":"not-in"}]}],"enabled":true},{"id":"1674740827","name":"honeycomb \/ diffondente \/ snoot","description":"","configuration":[{"component_id":"1674740364","options_modifier":"in","component_options":[13451,13453,13455,13457,13458,13459,13460,13461,13462,13464,13465,13466,13468,13469,13470,13471,13472,13473]}],"actions":[{"action_id":"compat_group","is_active":false},{"action_id":"conditional_components","is_active":false,"hidden_components":[]},{"action_id":"conditional_options","is_active":true,"hidden_options":[{"component_id":"1674740363","component_options":[20855,20861,20933,20911,20916,21006],"options_modifier":"in"}]}],"enabled":true},{"id":"1674740828","name":"vetro protezione \/ visor","description":"","configuration":[{"component_id":"1674740364","options_modifier":"in","component_options":[13452,13456,13457,13461,13462,13463,13465,13467,13469,13471,13472,13473]}],"actions":[{"action_id":"compat_group","is_active":false},{"action_id":"conditional_components","is_active":false,"hidden_components":[]},{"action_id":"conditional_options","is_active":true,"hidden_options":[{"component_id":"1674740363","component_options":[20933,20911,20916,21006],"options_modifier":"in"}]}],"enabled":true},{"id":"1674740829","name":"lente ellittica","description":"","configuration":[{"component_id":"1674740364","options_modifier":"in","component_options":[13454,13459,13466,13467,13470,13471]}],"actions":[{"action_id":"compat_group","is_active":false},{"action_id":"conditional_components","is_active":false,"hidden_components":[]},{"action_id":"conditional_options","is_active":true,"hidden_options":[{"component_id":"1674740363","component_options":[20963,20855,20998,20861,20933,20911,20916,21006],"options_modifier":"in"}]}],"enabled":true},{"id":"1689330590","name":"LT 80","description":"(N-2)","configuration":[{"component_id":"1674740363","options_modifier":"in","component_options":[20963,20855]}],"actions":[{"action_id":"compat_group","is_active":false},{"action_id":"conditional_components","is_active":false,"hidden_components":[]},{"action_id":"conditional_options","is_active":true,"hidden_options":[{"component_id":"1689330540","component_options":[50125],"options_modifier":"not-in"}]}],"enabled":true},{"id":"1697821055","name":"LT 100","description":"","configuration":[{"component_id":"1674740363","options_modifier":"in","component_options":[20990,20982,20952,20927,20998,20861,20933,20911,20916,21006]}],"actions":[{"action_id":"compat_group","is_active":false},{"action_id":"conditional_components","is_active":false,"hidden_components":[]},{"action_id":"conditional_options","is_active":true,"hidden_options":[{"component_id":"1689330540","component_options":[-1,50129],"options_modifier":"not-in"}]}],"enabled":true},{"id":"1699885861","name":"V-N-2-Z NO T.FASE","description":"","configuration":[{"component_id":"1674740363","options_modifier":"in","component_options":[20990,20963,20855,21006]}],"actions":[{"action_id":"compat_group","is_active":false},{"action_id":"conditional_components","is_active":false,"hidden_components":[]},{"action_id":"conditional_options","is_active":true,"hidden_options":[{"component_id":"1674739982","component_options":[20552],"options_modifier":"in"}]}],"enabled":true},{"id":"1699885862","name":"T.FASE NO V-N-2-Z","description":"","configuration":[{"component_id":"1674739982","options_modifier":"in","component_options":[20552]}],"actions":[{"action_id":"compat_group","is_active":false},{"action_id":"conditional_components","is_active":false,"hidden_components":[]},{"action_id":"conditional_options","is_active":true,"hidden_options":[{"component_id":"1674740363","component_options":[20990,20963,20855,21006],"options_modifier":"in"}]}],"enabled":true}],"bundled_by":[],"bundle_stock_status":"instock","bundle_stock_quantity":null,"bundle_virtual":false,"bundle_layout":"","bundle_add_to_cart_form_location":"","bundle_editable_in_cart":false,"bundle_sold_individually_context":"","bundle_item_grouping":"","bundle_min_size":"","bundle_max_size":"","bundled_items":[],"bundle_sell_ids":[],"acf":[],"yoast_head":"<!-- This site is optimized with the Yoast SEO plugin v27.5 - https:\/\/yoast.com\/product\/yoast-seo-wordpress\/ -->\n<title>Spot 230 Revo Medium | Exenia<\/title>\n<meta name=\"robots\" content=\"noindex, follow, max-snippet:-1, max-image-preview:large, max-video-preview:-1\" \/>\n<meta property=\"og:locale\" content=\"de_DE\" \/>\n<meta property=\"og:type\" content=\"article\" \/>\n<meta property=\"og:title\" content=\"Spot 230 Revo Medium | Exenia\" \/>\n<meta property=\"og:description\" content=\"Die Spots Revo 230V sind in vier unterschiedlichen Gr\u00f6\u00dfen, pro...\" \/>\n<meta property=\"og:url\" content=\"https:\/\/restyling.exenia.eu\/de\/produkt\/spot-230-revo-medium\/\" \/>\n<meta property=\"og:site_name\" content=\"Exenia\" \/>\n<meta property=\"article:publisher\" content=\"https:\/\/www.facebook.com\/exenialighting\" \/>\n<meta property=\"article:modified_time\" content=\"2024-07-26T09:23:48+00:00\" \/>\n<meta property=\"og:image\" content=\"https:\/\/restyling.exenia.eu\/wp-content\/uploads\/2023\/01\/Spot-230-revo-medium-prodotto.jpg\" \/>\n\t<meta property=\"og:image:width\" content=\"2000\" \/>\n\t<meta property=\"og:image:height\" content=\"1919\" \/>\n\t<meta property=\"og:image:type\" content=\"image\/jpeg\" \/>\n<!-- \/ Yoast SEO plugin. -->","yoast_head_json":{"title":"Spot 230 Revo Medium | Exenia","robots":{"index":"noindex","follow":"follow","max-snippet":"max-snippet:-1","max-image-preview":"max-image-preview:large","max-video-preview":"max-video-preview:-1"},"og_locale":"de_DE","og_type":"article","og_title":"Spot 230 Revo Medium | Exenia","og_description":"Die Spots Revo 230V sind in vier unterschiedlichen Gr\u00f6\u00dfen, pro...","og_url":"https:\/\/restyling.exenia.eu\/de\/produkt\/spot-230-revo-medium\/","og_site_name":"Exenia","article_publisher":"https:\/\/www.facebook.com\/exenialighting","article_modified_time":"2024-07-26T09:23:48+00:00","og_image":[{"width":2000,"height":1919,"url":"https:\/\/restyling.exenia.eu\/wp-content\/uploads\/2023\/01\/Spot-230-revo-medium-prodotto.jpg","type":"image\/jpeg"}],"schema":{"@context":"https:\/\/schema.org","@graph":[{"@type":"WebPage","@id":"https:\/\/restyling.exenia.eu\/de\/produkt\/spot-230-revo-medium\/","url":"https:\/\/restyling.exenia.eu\/de\/produkt\/spot-230-revo-medium\/","name":"Spot 230 Revo Medium | Exenia","isPartOf":{"@id":"https:\/\/restyling.exenia.eu\/#website"},"primaryImageOfPage":{"@id":"https:\/\/restyling.exenia.eu\/de\/produkt\/spot-230-revo-medium\/#primaryimage"},"image":{"@id":"https:\/\/restyling.exenia.eu\/de\/produkt\/spot-230-revo-medium\/#primaryimage"},"thumbnailUrl":"https:\/\/restyling.exenia.eu\/wp-content\/uploads\/2023\/01\/Spot-230-revo-medium-prodotto.jpg","datePublished":"2023-11-21T08:56:53+00:00","dateModified":"2024-07-26T09:23:48+00:00","breadcrumb":{"@id":"https:\/\/restyling.exenia.eu\/de\/produkt\/spot-230-revo-medium\/#breadcrumb"},"inLanguage":"de","potentialAction":[{"@type":"ReadAction","target":["https:\/\/restyling.exenia.eu\/de\/produkt\/spot-230-revo-medium\/"]}]},{"@type":"ImageObject","inLanguage":"de","@id":"https:\/\/restyling.exenia.eu\/de\/produkt\/spot-230-revo-medium\/#primaryimage","url":"https:\/\/restyling.exenia.eu\/wp-content\/uploads\/2023\/01\/Spot-230-revo-medium-prodotto.jpg","contentUrl":"https:\/\/restyling.exenia.eu\/wp-content\/uploads\/2023\/01\/Spot-230-revo-medium-prodotto.jpg","width":2000,"height":1919},{"@type":"BreadcrumbList","@id":"https:\/\/restyling.exenia.eu\/de\/produkt\/spot-230-revo-medium\/#breadcrumb","itemListElement":[{"@type":"ListItem","position":1,"name":"Home","item":"https:\/\/restyling.exenia.eu\/"},{"@type":"ListItem","position":2,"name":"Produkte","item":"https:\/\/restyling.exenia.eu\/prodotti\/"},{"@type":"ListItem","position":3,"name":"Indoor","item":"https:\/\/restyling.exenia.eu\/de\/c\/indoor\/"},{"@type":"ListItem","position":4,"name":"Leuchten f\u00fcr Systeme\/Schienen","item":"https:\/\/restyling.exenia.eu\/de\/c\/indoor\/leuchten-fur-systeme-schienen\/"},{"@type":"ListItem","position":5,"name":"230 V","item":"https:\/\/restyling.exenia.eu\/de\/c\/indoor\/leuchten-fur-systeme-schienen\/230-v-de\/"},{"@type":"ListItem","position":6,"name":"Spot Revo","item":"https:\/\/restyling.exenia.eu\/de\/c\/indoor\/leuchten-fur-systeme-schienen\/230-v-de\/spot-revo-leuchten-fuer-schienen\/"},{"@type":"ListItem","position":7,"name":"Spot 230 Revo Medium"}]},{"@type":"WebSite","@id":"https:\/\/restyling.exenia.eu\/#website","url":"https:\/\/restyling.exenia.eu\/","name":"Exenia","description":"","publisher":{"@id":"https:\/\/restyling.exenia.eu\/#organization"},"potentialAction":[{"@type":"SearchAction","target":{"@type":"EntryPoint","urlTemplate":"https:\/\/restyling.exenia.eu\/?s={search_term_string}"},"query-input":{"@type":"PropertyValueSpecification","valueRequired":true,"valueName":"search_term_string"}}],"inLanguage":"de"},{"@type":"Organization","@id":"https:\/\/restyling.exenia.eu\/#organization","name":"Exenia","url":"https:\/\/restyling.exenia.eu\/","logo":{"@type":"ImageObject","inLanguage":"de","@id":"https:\/\/restyling.exenia.eu\/#\/schema\/logo\/image\/","url":"https:\/\/restyling.exenia.eu\/wp-content\/uploads\/2022\/09\/logo_exenia-e1678467519405.png","contentUrl":"https:\/\/restyling.exenia.eu\/wp-content\/uploads\/2022\/09\/logo_exenia-e1678467519405.png","width":600,"height":194,"caption":"Exenia"},"image":{"@id":"https:\/\/restyling.exenia.eu\/#\/schema\/logo\/image\/"},"sameAs":["https:\/\/www.facebook.com\/exenialighting","https:\/\/x.com\/ExeniaLighting"]}]}},"_links":{"self":[{"href":"https:\/\/restyling.exenia.eu\/de\/wp-json\/wp\/v2\/product\/27180","targetHints":{"allow":["GET"]}}],"collection":[{"href":"https:\/\/restyling.exenia.eu\/de\/wp-json\/wp\/v2\/product"}],"about":[{"href":"https:\/\/restyling.exenia.eu\/de\/wp-json\/wp\/v2\/types\/product"}],"wp:featuredmedia":[{"embeddable":true,"href":"https:\/\/restyling.exenia.eu\/de\/wp-json\/wp\/v2\/media\/23788"}],"wp:attachment":[{"href":"https:\/\/restyling.exenia.eu\/de\/wp-json\/wp\/v2\/media?parent=27180"}],"wp:term":[{"taxonomy":"product_brand","embeddable":true,"href":"https:\/\/restyling.exenia.eu\/de\/wp-json\/wp\/v2\/product_brand?post=27180"},{"taxonomy":"product_cat","embeddable":true,"href":"https:\/\/restyling.exenia.eu\/de\/wp-json\/wp\/v2\/product_cat?post=27180"},{"taxonomy":"product_tag","embeddable":true,"href":"https:\/\/restyling.exenia.eu\/de\/wp-json\/wp\/v2\/product_tag?post=27180"},{"taxonomy":"categoria-admin-prodotto","embeddable":true,"href":"https:\/\/restyling.exenia.eu\/de\/wp-json\/wp\/v2\/categoria-admin-prodotto?post=27180"}],"curies":[{"name":"wp","href":"https:\/\/api.w.org\/{rel}","templated":true}]}}