{"id":27200,"date":"2023-11-21T09:57:00","date_gmt":"2023-11-21T08:57:00","guid":{"rendered":"https:\/\/www.exenia.eu\/prodotto\/spot-plus-48-48-rt-2\/"},"modified":"2023-11-21T10:03:06","modified_gmt":"2023-11-21T09:03:06","slug":"spot-plus-48-48-rt","status":"publish","type":"product","link":"https:\/\/restyling.exenia.eu\/de\/produkt\/spot-plus-48-48-rt\/","title":{"rendered":"Spot Plus 48\/48-Rt"},"content":{"rendered":"<p>Strahler mit 1 oder 2 LED-Spots, schwenkbar um 350\u00b0 auf horizontaler und 90\u00b0 auf vertikaler Ebene. F\u00fcr das System Track 48 oder f\u00fcr die Einbauschiene Track 48-RT. Geh\u00e4use aus Aluminium, lackiert in Mattwei\u00df, Mattschwarz oder Betongrau. Jeder Spot muss um einen Zierring inklusive Optik erg\u00e4nzt werden. Erh\u00e4ltlich auch als Version ON\/OFF, DALI\/PUSH oder CASAMBI. Lichtstromerhalt von 100.000 Stunden nach Standard L80\/B10.<\/p>\n","protected":false},"excerpt":{"rendered":"<p>Strahler mit 1 oder 2 LED-Spots, schwenkbar um 350\u00b0 auf&#8230;<\/p>\n","protected":false},"featured_media":23693,"template":"","meta":{"_acf_changed":false},"product_brand":[],"product_cat":[6615,6620,6625,6630,6635,6640,6643,6644,2812],"product_tag":[8754,8757,8761],"categoria-admin-prodotto":[],"class_list":{"0":"post-27200","1":"product","2":"type-product","3":"status-publish","4":"has-post-thumbnail","6":"product_cat-leuchten-track-48-de","7":"product_cat-leuchten-track-48-evo","8":"product_cat-leuchten-track-48-trimless","9":"product_cat-leuchten-track-48-tube","10":"product_cat-leuchten-track-48-twin","11":"product_cat-leuchten-track-48-rt","12":"product_cat-tutti-gli-apparecchi-48","13":"product_cat-alle-leuchten-fuer-48","14":"product_cat-spot-48-leuchten-fuer-schienen","15":"product_tag-364t2-de","16":"product_tag-364t3-de","17":"product_tag-364t4-de","18":"pa_cct-2700k-de","19":"pa_cct-3000k-de","20":"pa_cct-4000k-de","21":"pa_certificazione-conformita-ce-de","22":"pa_classe-f-da","23":"pa_cri-85-de","24":"pa_cri-95-de","25":"pa_grado-ip-ip20-de","26":"pa_lifetime-l80b10-100-000-ore-de","27":"pa_temperatura-di-esercizio-10-30-de","29":"first","30":"instock","31":"purchasable","32":"product-type-composite"},"composite_virtual":false,"composite_layout":"single","composite_add_to_cart_form_location":"default","composite_editable_in_cart":false,"composite_sold_individually_context":"product","composite_shop_price_calc":"defaults","composite_components":[{"id":"1674748188","title":"Geh\u00e4use der Leuchte","description":"","query_type":"product_ids","query_ids":[20613,22301],"default_option_id":"","thumbnail_id":"","thumbnail_src":"","quantity_min":1,"quantity_max":1,"priced_individually":false,"shipped_individually":false,"optional":true,"discount":"","options_style":"radios","pagination_style":"classic","display_prices":"absolute","show_sorting_options":false,"show_filtering_options":false,"attribute_filter_ids":[],"product_title_visible":false,"product_descr_visible":false,"product_price_visible":false,"product_thumb_visible":false,"subtotal_visible_product":false,"subtotal_visible_cart":false,"subtotal_visible_orders":false},{"id":"1674748189","title":"Version","description":"","query_type":"product_ids","query_ids":[21252,21257,21259,21262],"default_option_id":"","thumbnail_id":"","thumbnail_src":"","quantity_min":1,"quantity_max":1,"priced_individually":false,"shipped_individually":false,"optional":true,"discount":"","options_style":"radios","pagination_style":"classic","display_prices":"absolute","show_sorting_options":false,"show_filtering_options":false,"attribute_filter_ids":[],"product_title_visible":false,"product_descr_visible":false,"product_price_visible":false,"product_thumb_visible":false,"subtotal_visible_product":false,"subtotal_visible_cart":false,"subtotal_visible_orders":false},{"id":"1674748190","title":"Kontrolle","description":"","query_type":"product_ids","query_ids":[20511,53447,20536],"default_option_id":"","thumbnail_id":"","thumbnail_src":"","quantity_min":1,"quantity_max":1,"priced_individually":false,"shipped_individually":false,"optional":true,"discount":"","options_style":"radios","pagination_style":"classic","display_prices":"absolute","show_sorting_options":false,"show_filtering_options":false,"attribute_filter_ids":[],"product_title_visible":false,"product_descr_visible":true,"product_price_visible":false,"product_thumb_visible":false,"subtotal_visible_product":false,"subtotal_visible_cart":false,"subtotal_visible_orders":false},{"id":"1674748191","title":"Oberfl\u00e4che","description":"","query_type":"product_ids","query_ids":[20779,20782,20791],"default_option_id":"","thumbnail_id":"","thumbnail_src":"","quantity_min":1,"quantity_max":1,"priced_individually":false,"shipped_individually":false,"optional":true,"discount":"","options_style":"radios","pagination_style":"classic","display_prices":"absolute","show_sorting_options":false,"show_filtering_options":false,"attribute_filter_ids":[],"product_title_visible":false,"product_descr_visible":false,"product_price_visible":false,"product_thumb_visible":false,"subtotal_visible_product":false,"subtotal_visible_cart":false,"subtotal_visible_orders":false},{"id":"1674748192","title":"CRI-CCT","description":"","query_type":"product_ids","query_ids":[20719,20713,20714,20715],"default_option_id":"","thumbnail_id":"","thumbnail_src":"","quantity_min":1,"quantity_max":1,"priced_individually":false,"shipped_individually":false,"optional":true,"discount":"","options_style":"radios","pagination_style":"classic","display_prices":"absolute","show_sorting_options":false,"show_filtering_options":false,"attribute_filter_ids":[],"product_title_visible":false,"product_descr_visible":false,"product_price_visible":false,"product_thumb_visible":false,"subtotal_visible_product":false,"subtotal_visible_cart":false,"subtotal_visible_orders":false},{"id":"1674748193","title":"Separat bestellen","description":"","query_type":"product_ids","query_ids":[7635],"default_option_id":7635,"thumbnail_id":"","thumbnail_src":"","quantity_min":1,"quantity_max":1,"priced_individually":false,"shipped_individually":false,"optional":false,"discount":"","options_style":"radios","pagination_style":"classic","display_prices":"absolute","show_sorting_options":false,"show_filtering_options":false,"attribute_filter_ids":[],"product_title_visible":false,"product_descr_visible":false,"product_price_visible":false,"product_thumb_visible":false,"subtotal_visible_product":false,"subtotal_visible_cart":false,"subtotal_visible_orders":false},{"id":"1674748194","title":"Prim\u00e4res optisches Zubeh\u00f6r","description":"","query_type":"product_ids","query_ids":[20276],"default_option_id":20276,"thumbnail_id":"","thumbnail_src":"","quantity_min":1,"quantity_max":1,"priced_individually":false,"shipped_individually":false,"optional":false,"discount":"","options_style":"radios","pagination_style":"classic","display_prices":"absolute","show_sorting_options":false,"show_filtering_options":false,"attribute_filter_ids":[],"product_title_visible":false,"product_descr_visible":false,"product_price_visible":false,"product_thumb_visible":false,"subtotal_visible_product":false,"subtotal_visible_cart":false,"subtotal_visible_orders":false},{"id":"1674748195","title":"Ring-Oberflache","description":"","query_type":"product_ids","query_ids":[20772,20773,20774,20776,20779,20782,20791],"default_option_id":"","thumbnail_id":"","thumbnail_src":"","quantity_min":1,"quantity_max":1,"priced_individually":false,"shipped_individually":false,"optional":true,"discount":"","options_style":"radios","pagination_style":"classic","display_prices":"absolute","show_sorting_options":false,"show_filtering_options":false,"attribute_filter_ids":[],"product_title_visible":false,"product_descr_visible":false,"product_price_visible":false,"product_thumb_visible":false,"subtotal_visible_product":false,"subtotal_visible_cart":false,"subtotal_visible_orders":false},{"id":"1674748196","title":"Optik","description":"","query_type":"product_ids","query_ids":[20897,20889,20872],"default_option_id":"","thumbnail_id":"","thumbnail_src":"","quantity_min":1,"quantity_max":1,"priced_individually":false,"shipped_individually":false,"optional":true,"discount":"","options_style":"radios","pagination_style":"classic","display_prices":"absolute","show_sorting_options":false,"show_filtering_options":false,"attribute_filter_ids":[],"product_title_visible":false,"product_descr_visible":false,"product_price_visible":false,"product_thumb_visible":false,"subtotal_visible_product":false,"subtotal_visible_cart":false,"subtotal_visible_orders":false},{"id":"1674748197","title":"Sekund\u00e4res optisches Zubeh\u00f6r","description":"","query_type":"product_ids","query_ids":[17888],"default_option_id":17888,"thumbnail_id":"","thumbnail_src":"","quantity_min":1,"quantity_max":1,"priced_individually":false,"shipped_individually":false,"optional":false,"discount":"","options_style":"radios","pagination_style":"classic","display_prices":"absolute","show_sorting_options":false,"show_filtering_options":false,"attribute_filter_ids":[],"product_title_visible":false,"product_descr_visible":false,"product_price_visible":false,"product_thumb_visible":false,"subtotal_visible_product":false,"subtotal_visible_cart":false,"subtotal_visible_orders":false},{"id":"1721995630","title":"Modul f\u00fcr die PUSH-Verwaltung von DALI-Produkten","description":"","query_type":"product_ids","query_ids":[57769],"default_option_id":57769,"thumbnail_id":"","thumbnail_src":"","quantity_min":1,"quantity_max":1,"priced_individually":false,"shipped_individually":false,"optional":false,"discount":"","options_style":"radios","pagination_style":"classic","display_prices":"absolute","show_sorting_options":false,"show_filtering_options":false,"attribute_filter_ids":[],"product_title_visible":false,"product_descr_visible":false,"product_price_visible":false,"product_thumb_visible":false,"subtotal_visible_product":false,"subtotal_visible_cart":false,"subtotal_visible_orders":false}],"composite_scenarios":[{"id":"1674748262","name":"48","description":"","configuration":[{"component_id":"1674748188","options_modifier":"in","component_options":[20613]}],"actions":[{"action_id":"compat_group","is_active":false},{"action_id":"conditional_components","is_active":false,"hidden_components":[]},{"action_id":"conditional_options","is_active":true,"hidden_options":[{"component_id":"1674748189","component_options":[21259,21262],"options_modifier":"in"}]}],"enabled":true},{"id":"1674748263","name":"48-rt","description":"","configuration":[{"component_id":"1674748188","options_modifier":"in","component_options":[22301]}],"actions":[{"action_id":"compat_group","is_active":false},{"action_id":"conditional_components","is_active":false,"hidden_components":[]},{"action_id":"conditional_options","is_active":true,"hidden_options":[{"component_id":"1674748189","component_options":[21252,21257],"options_modifier":"in"}]}],"enabled":true},{"id":"1674748264","name":"vers. 48","description":"","configuration":[{"component_id":"1674748189","options_modifier":"in","component_options":[21252,21257]}],"actions":[{"action_id":"compat_group","is_active":false},{"action_id":"conditional_components","is_active":false,"hidden_components":[]},{"action_id":"conditional_options","is_active":true,"hidden_options":[{"component_id":"1674748188","component_options":[22301],"options_modifier":"in"}]}],"enabled":true},{"id":"1674748265","name":"vers. 48-rt","description":"","configuration":[{"component_id":"1674748189","options_modifier":"in","component_options":[21259,21262]}],"actions":[{"action_id":"compat_group","is_active":false},{"action_id":"conditional_components","is_active":false,"hidden_components":[]},{"action_id":"conditional_options","is_active":true,"hidden_options":[{"component_id":"1674748188","component_options":[20613],"options_modifier":"in"}]}],"enabled":true},{"id":"1721995656","name":"no controllo push","description":"","configuration":[{"component_id":"1674748190","options_modifier":"in","component_options":[20511,20536]}],"actions":[{"action_id":"compat_group","is_active":false},{"action_id":"conditional_components","is_active":true,"hidden_components":["1721995630"]},{"action_id":"conditional_options","is_active":false,"hidden_options":[]}],"enabled":true}],"bundled_by":[],"bundle_stock_status":"instock","bundle_stock_quantity":null,"bundle_virtual":false,"bundle_layout":"","bundle_add_to_cart_form_location":"","bundle_editable_in_cart":false,"bundle_sold_individually_context":"","bundle_item_grouping":"","bundle_min_size":"","bundle_max_size":"","bundled_items":[],"bundle_sell_ids":[],"acf":[],"yoast_head":"<!-- This site is optimized with the Yoast SEO plugin v27.4 - https:\/\/yoast.com\/product\/yoast-seo-wordpress\/ -->\n<title>Spot Plus 48\/48-Rt | Exenia<\/title>\n<meta name=\"robots\" content=\"noindex, follow, max-snippet:-1, max-image-preview:large, max-video-preview:-1\" \/>\n<meta property=\"og:locale\" content=\"de_DE\" \/>\n<meta property=\"og:type\" content=\"article\" \/>\n<meta property=\"og:title\" content=\"Spot Plus 48\/48-Rt | Exenia\" \/>\n<meta property=\"og:description\" content=\"Strahler mit 1 oder 2 LED-Spots, schwenkbar um 350\u00b0 auf...\" \/>\n<meta property=\"og:url\" content=\"https:\/\/restyling.exenia.eu\/de\/produkt\/spot-plus-48-48-rt\/\" \/>\n<meta property=\"og:site_name\" content=\"Exenia\" \/>\n<meta property=\"article:publisher\" content=\"https:\/\/www.facebook.com\/exenialighting\" \/>\n<meta property=\"article:modified_time\" content=\"2023-11-21T09:03:06+00:00\" \/>\n<meta property=\"og:image\" content=\"https:\/\/restyling.exenia.eu\/wp-content\/uploads\/2023\/01\/Spot-plus-48-prodotto.jpg\" \/>\n\t<meta property=\"og:image:width\" content=\"2000\" \/>\n\t<meta property=\"og:image:height\" content=\"1919\" \/>\n\t<meta property=\"og:image:type\" content=\"image\/jpeg\" \/>\n<!-- \/ Yoast SEO plugin. -->","yoast_head_json":{"title":"Spot Plus 48\/48-Rt | Exenia","robots":{"index":"noindex","follow":"follow","max-snippet":"max-snippet:-1","max-image-preview":"max-image-preview:large","max-video-preview":"max-video-preview:-1"},"og_locale":"de_DE","og_type":"article","og_title":"Spot Plus 48\/48-Rt | Exenia","og_description":"Strahler mit 1 oder 2 LED-Spots, schwenkbar um 350\u00b0 auf...","og_url":"https:\/\/restyling.exenia.eu\/de\/produkt\/spot-plus-48-48-rt\/","og_site_name":"Exenia","article_publisher":"https:\/\/www.facebook.com\/exenialighting","article_modified_time":"2023-11-21T09:03:06+00:00","og_image":[{"width":2000,"height":1919,"url":"https:\/\/restyling.exenia.eu\/wp-content\/uploads\/2023\/01\/Spot-plus-48-prodotto.jpg","type":"image\/jpeg"}],"schema":{"@context":"https:\/\/schema.org","@graph":[{"@type":"WebPage","@id":"https:\/\/restyling.exenia.eu\/de\/produkt\/spot-plus-48-48-rt\/","url":"https:\/\/restyling.exenia.eu\/de\/produkt\/spot-plus-48-48-rt\/","name":"Spot Plus 48\/48-Rt | Exenia","isPartOf":{"@id":"https:\/\/restyling.exenia.eu\/#website"},"primaryImageOfPage":{"@id":"https:\/\/restyling.exenia.eu\/de\/produkt\/spot-plus-48-48-rt\/#primaryimage"},"image":{"@id":"https:\/\/restyling.exenia.eu\/de\/produkt\/spot-plus-48-48-rt\/#primaryimage"},"thumbnailUrl":"https:\/\/restyling.exenia.eu\/wp-content\/uploads\/2023\/01\/Spot-plus-48-prodotto.jpg","datePublished":"2023-11-21T08:57:00+00:00","dateModified":"2023-11-21T09:03:06+00:00","breadcrumb":{"@id":"https:\/\/restyling.exenia.eu\/de\/produkt\/spot-plus-48-48-rt\/#breadcrumb"},"inLanguage":"de","potentialAction":[{"@type":"ReadAction","target":["https:\/\/restyling.exenia.eu\/de\/produkt\/spot-plus-48-48-rt\/"]}]},{"@type":"ImageObject","inLanguage":"de","@id":"https:\/\/restyling.exenia.eu\/de\/produkt\/spot-plus-48-48-rt\/#primaryimage","url":"https:\/\/restyling.exenia.eu\/wp-content\/uploads\/2023\/01\/Spot-plus-48-prodotto.jpg","contentUrl":"https:\/\/restyling.exenia.eu\/wp-content\/uploads\/2023\/01\/Spot-plus-48-prodotto.jpg","width":2000,"height":1919},{"@type":"BreadcrumbList","@id":"https:\/\/restyling.exenia.eu\/de\/produkt\/spot-plus-48-48-rt\/#breadcrumb","itemListElement":[{"@type":"ListItem","position":1,"name":"Home","item":"https:\/\/restyling.exenia.eu\/"},{"@type":"ListItem","position":2,"name":"Produkte","item":"https:\/\/restyling.exenia.eu\/prodotti\/"},{"@type":"ListItem","position":3,"name":"Indoor","item":"https:\/\/restyling.exenia.eu\/de\/c\/indoor\/"},{"@type":"ListItem","position":4,"name":"Leuchten f\u00fcr Systeme\/Schienen","item":"https:\/\/restyling.exenia.eu\/de\/c\/indoor\/leuchten-fur-systeme-schienen\/"},{"@type":"ListItem","position":5,"name":"48 V","item":"https:\/\/restyling.exenia.eu\/de\/c\/indoor\/leuchten-fur-systeme-schienen\/48-v-de\/"},{"@type":"ListItem","position":6,"name":"Alle Leuchten f\u00fcr 48","item":"https:\/\/restyling.exenia.eu\/de\/c\/indoor\/leuchten-fur-systeme-schienen\/48-v-de\/alle-leuchten-fuer-48\/"},{"@type":"ListItem","position":7,"name":"Spot 48","item":"https:\/\/restyling.exenia.eu\/c\/indoor\/apparecchi-per-sistemi-binari-elettrificati\/48-v\/tutti-gli-apparecchi-48\/spot-48\/"},{"@type":"ListItem","position":8,"name":"Spot Plus 48\/48-Rt"}]},{"@type":"WebSite","@id":"https:\/\/restyling.exenia.eu\/#website","url":"https:\/\/restyling.exenia.eu\/","name":"Exenia","description":"","publisher":{"@id":"https:\/\/restyling.exenia.eu\/#organization"},"potentialAction":[{"@type":"SearchAction","target":{"@type":"EntryPoint","urlTemplate":"https:\/\/restyling.exenia.eu\/?s={search_term_string}"},"query-input":{"@type":"PropertyValueSpecification","valueRequired":true,"valueName":"search_term_string"}}],"inLanguage":"de"},{"@type":"Organization","@id":"https:\/\/restyling.exenia.eu\/#organization","name":"Exenia","url":"https:\/\/restyling.exenia.eu\/","logo":{"@type":"ImageObject","inLanguage":"de","@id":"https:\/\/restyling.exenia.eu\/#\/schema\/logo\/image\/","url":"https:\/\/restyling.exenia.eu\/wp-content\/uploads\/2022\/09\/logo_exenia-e1678467519405.png","contentUrl":"https:\/\/restyling.exenia.eu\/wp-content\/uploads\/2022\/09\/logo_exenia-e1678467519405.png","width":600,"height":194,"caption":"Exenia"},"image":{"@id":"https:\/\/restyling.exenia.eu\/#\/schema\/logo\/image\/"},"sameAs":["https:\/\/www.facebook.com\/exenialighting","https:\/\/x.com\/ExeniaLighting"]}]}},"_links":{"self":[{"href":"https:\/\/restyling.exenia.eu\/de\/wp-json\/wp\/v2\/product\/27200","targetHints":{"allow":["GET"]}}],"collection":[{"href":"https:\/\/restyling.exenia.eu\/de\/wp-json\/wp\/v2\/product"}],"about":[{"href":"https:\/\/restyling.exenia.eu\/de\/wp-json\/wp\/v2\/types\/product"}],"wp:featuredmedia":[{"embeddable":true,"href":"https:\/\/restyling.exenia.eu\/de\/wp-json\/wp\/v2\/media\/23693"}],"wp:attachment":[{"href":"https:\/\/restyling.exenia.eu\/de\/wp-json\/wp\/v2\/media?parent=27200"}],"wp:term":[{"taxonomy":"product_brand","embeddable":true,"href":"https:\/\/restyling.exenia.eu\/de\/wp-json\/wp\/v2\/product_brand?post=27200"},{"taxonomy":"product_cat","embeddable":true,"href":"https:\/\/restyling.exenia.eu\/de\/wp-json\/wp\/v2\/product_cat?post=27200"},{"taxonomy":"product_tag","embeddable":true,"href":"https:\/\/restyling.exenia.eu\/de\/wp-json\/wp\/v2\/product_tag?post=27200"},{"taxonomy":"categoria-admin-prodotto","embeddable":true,"href":"https:\/\/restyling.exenia.eu\/de\/wp-json\/wp\/v2\/categoria-admin-prodotto?post=27200"}],"curies":[{"name":"wp","href":"https:\/\/api.w.org\/{rel}","templated":true}]}}