{"id":27230,"date":"2022-11-24T09:50:58","date_gmt":"2022-11-24T08:50:58","guid":{"rendered":"https:\/\/www.exenia.eu\/prodotto\/pin-revo-small-2\/"},"modified":"2023-07-14T09:04:25","modified_gmt":"2023-07-14T07:04:25","slug":"pin-revo-small","status":"publish","type":"product","link":"https:\/\/restyling.exenia.eu\/de\/produkt\/pin-revo-small\/","title":{"rendered":"Pin Revo Small"},"content":{"rendered":"<p>Pin Revo mit Optikgeh\u00e4use mit der Schutzart IP54 ist so konzipiert, dass bei minimaler Gr\u00f6\u00dfe maximale Leistung m\u00f6glich ist. Erh\u00e4ltlich als nicht schwenkbare Einzel- oder Mehrfachleuchte von runder oder quadratischer Form.<br \/>\nDie neuen optischen Systeme Revo wurden f\u00fcr eine fortschrittliche beleuchtungstechnische Planung entwickelt und eignen sich vor allem f\u00fcr Umgebungen, bei denen besondere Anforderungen an den visuellen Komfort gestellt werden.<br \/>\nErh\u00e4ltlich mit drei unterschiedlich gro\u00dfen Optiken, vier rotationssymmetrischen Varianten pro Modell und alle mit UGR-Werten &lt;13.<br \/>\nPin Revo zeichnet sich in allen Versionen durch einen \u0084High Comfort\u0093 aus, wenn bei der Konfiguration auf eine schwarze Reflektorinnenseite geachtet wird. Die mit rotationssymmetrischen Optiken \u0084Cross\u0093 ausgestatteten Leuchten eigentlich besonders f\u00fcr den Einsatz in Projekten, bei denen geringe Leuchtdichten und fotometrische Leistungen von entscheidender Bedeutung sind. Die Produktserie Pin Revo zeichnet sich durch ein herausragendes Leistung-Gr\u00f6\u00dfen-Verh\u00e4ltnis, ein minimales Design und eine gro\u00dfe Farbkombinationspalette aus, doch vor allem sticht sie durch eine besonders pr\u00e4zise, saubere und gleichm\u00e4\u00dfige Lichtprojektion hervor.\u00a0 F\u00fcr das Geh\u00e4use aus pulverbeschichtetem Aluminium stehen unterschiedliche Farben zur Verf\u00fcgung. Die quadratischen und runden Versionen sind als Einzel- und Mehrfachleuchten in den Modellen Mini und Small erh\u00e4ltlich.<\/p>\n<p>Die Version Pin Revo <strong> Small<\/strong> hat einen Durchmesser von 70 mm und bietet die m\u00f6glichen Abstrahlwinkel 18\u00b0, 25\u00b0, 34\u00b0, 50\u00b0 mit Blendwerten UGR&lt;13, eine hohe Farbwiedergabe und eine Farbkonsistenz des Leuchtmittels von 2 SDCM.<br \/>\nDurch die saubere Lichtprojektion und die herausragenden fotometrischen Leistungen ist diese Produktfamilie das perfekte Werkzeug f\u00fcr eine professionelle Performance in Kombination mit essenzieller und minimalistischer Optik.<br \/>\nDurch die Kompatibilit\u00e4t mit den meisten Steuersystemen ist Pin Revo Small besonders in solchen Kontexten perfekt geeignet, in denen die Steuerung und Szenografie des Lichts mit einer essenziellen Formgebung verbunden werden m\u00fcssen.<br \/>\nDie die Konfiguration der quadratischen Versionen erfolgt mit einem wei\u00dfen oder schwarzen Au\u00dfenrahmen.<br \/>\nDie Versionen mit schwarzer Reflektorinnenseite zeichnen sich durch \u0084High Comfort\u0093 aus, da sie allen Parametern des Dark lightings entsprechen und UGR-Werte &lt;10 erm\u00f6glichen.<br \/>\nDie Konfiguration der abgerundeten Mehrfachleuchten erfolgt mit einem wei\u00dfen oder schwarzen Au\u00dfenrahmen.<br \/>\nBei den Mehrfachleuchten ist es m\u00f6glich, bei einer Leuchte gleichzeitig unterschiedliche Abstrahlwinkel zu verwenden.<\/p>\n","protected":false},"excerpt":{"rendered":"<p>Pin Revo mit Optikgeh\u00e4use mit der Schutzart IP54 ist so&#8230;<\/p>\n","protected":false},"featured_media":23598,"template":"","meta":{"_acf_changed":false},"product_brand":[],"product_cat":[2795],"product_tag":[7370,7374,7378,7397,7404,7406,7411],"categoria-admin-prodotto":[],"class_list":{"0":"post-27230","1":"product","2":"type-product","3":"status-publish","4":"has-post-thumbnail","6":"product_cat-pin-revo-deckeneinbauleuchten","7":"product_tag-1238b-de","8":"product_tag-1238f-de","9":"product_tag-1238g-de","10":"product_tag-12386-de","11":"product_tag-12385-de","12":"product_tag-12381-de","13":"product_tag-12380-de-2","14":"pa_cct-2700k-de","15":"pa_cct-3000k-de","16":"pa_cct-3500k-de","17":"pa_cct-4000k-de","18":"pa_certificazione-conformita-ce-de","19":"pa_classe-f-da","20":"pa_cri-92-de","21":"pa_cri-98-de","22":"pa_grado-ip-ip20-innenraum","23":"pa_grado-ip-optisches-fach-ip54","24":"pa_temperatura-di-esercizio-10-35-de","26":"first","27":"instock","28":"purchasable","29":"product-type-composite"},"composite_virtual":false,"composite_layout":"single","composite_add_to_cart_form_location":"default","composite_editable_in_cart":false,"composite_sold_individually_context":"product","composite_shop_price_calc":"defaults","composite_components":[{"id":"1674759778","title":"Geh\u00e4use der Leuchte","description":"","query_type":"product_ids","query_ids":[20566],"default_option_id":20566,"thumbnail_id":"","thumbnail_src":"","quantity_min":1,"quantity_max":1,"priced_individually":false,"shipped_individually":false,"optional":false,"discount":"","options_style":"radios","pagination_style":"classic","display_prices":"absolute","show_sorting_options":false,"show_filtering_options":false,"attribute_filter_ids":[],"product_title_visible":false,"product_descr_visible":false,"product_price_visible":false,"product_thumb_visible":false,"subtotal_visible_product":false,"subtotal_visible_cart":false,"subtotal_visible_orders":false},{"id":"1674759779","title":"Version","description":"","query_type":"product_ids","query_ids":[21200,21227,21243,21212,21238,21229,21245],"default_option_id":"","thumbnail_id":"","thumbnail_src":"","quantity_min":1,"quantity_max":1,"priced_individually":false,"shipped_individually":false,"optional":true,"discount":"","options_style":"radios","pagination_style":"classic","display_prices":"absolute","show_sorting_options":false,"show_filtering_options":false,"attribute_filter_ids":[],"product_title_visible":false,"product_descr_visible":false,"product_price_visible":false,"product_thumb_visible":false,"subtotal_visible_product":false,"subtotal_visible_cart":false,"subtotal_visible_orders":false},{"id":"1674759780","title":"Kontrolle","description":"","query_type":"product_ids","query_ids":[20557],"default_option_id":20557,"thumbnail_id":"","thumbnail_src":"","quantity_min":1,"quantity_max":1,"priced_individually":false,"shipped_individually":false,"optional":false,"discount":"","options_style":"radios","pagination_style":"classic","display_prices":"absolute","show_sorting_options":false,"show_filtering_options":false,"attribute_filter_ids":[],"product_title_visible":false,"product_descr_visible":false,"product_price_visible":false,"product_thumb_visible":false,"subtotal_visible_product":false,"subtotal_visible_cart":false,"subtotal_visible_orders":false},{"id":"1674759781","title":"Oberfl\u00e4che","description":"","query_type":"product_ids","query_ids":[20767,74823,20771,20817,20823],"default_option_id":"","thumbnail_id":"","thumbnail_src":"","quantity_min":1,"quantity_max":1,"priced_individually":false,"shipped_individually":false,"optional":true,"discount":"","options_style":"radios","pagination_style":"classic","display_prices":"absolute","show_sorting_options":false,"show_filtering_options":false,"attribute_filter_ids":[],"product_title_visible":false,"product_descr_visible":false,"product_price_visible":false,"product_thumb_visible":false,"subtotal_visible_product":false,"subtotal_visible_cart":false,"subtotal_visible_orders":false},{"id":"1674759782","title":"CRI-CCT","description":"","query_type":"product_ids","query_ids":[20691,20692,20694,20693,20701,20702,20704,20703],"default_option_id":"","thumbnail_id":"","thumbnail_src":"","quantity_min":1,"quantity_max":1,"priced_individually":false,"shipped_individually":false,"optional":true,"discount":"","options_style":"radios","pagination_style":"classic","display_prices":"absolute","show_sorting_options":false,"show_filtering_options":false,"attribute_filter_ids":[],"product_title_visible":false,"product_descr_visible":false,"product_price_visible":false,"product_thumb_visible":false,"subtotal_visible_product":false,"subtotal_visible_cart":false,"subtotal_visible_orders":false},{"id":"1674759783","title":"Optik","description":"","query_type":"product_ids","query_ids":[20978,20956,20926,21003],"default_option_id":"","thumbnail_id":"","thumbnail_src":"","quantity_min":1,"quantity_max":1,"priced_individually":false,"shipped_individually":false,"optional":true,"discount":"","options_style":"radios","pagination_style":"classic","display_prices":"absolute","show_sorting_options":false,"show_filtering_options":false,"attribute_filter_ids":[],"product_title_visible":false,"product_descr_visible":false,"product_price_visible":false,"product_thumb_visible":false,"subtotal_visible_product":false,"subtotal_visible_cart":false,"subtotal_visible_orders":false},{"id":"1675943585","title":" ","description":"","query_type":"product_ids","query_ids":[7635],"default_option_id":7635,"thumbnail_id":"","thumbnail_src":"","quantity_min":1,"quantity_max":1,"priced_individually":false,"shipped_individually":false,"optional":false,"discount":"","options_style":"radios","pagination_style":"classic","display_prices":"absolute","show_sorting_options":false,"show_filtering_options":false,"attribute_filter_ids":[],"product_title_visible":false,"product_descr_visible":false,"product_price_visible":false,"product_thumb_visible":false,"subtotal_visible_product":false,"subtotal_visible_cart":false,"subtotal_visible_orders":false},{"id":"1675943586","title":"Stromversorgung (F\u00fcr die Option Notfall kontaktieren Sie uns)","description":"","query_type":"product_ids","query_ids":[40300],"default_option_id":40300,"thumbnail_id":"","thumbnail_src":"","quantity_min":1,"quantity_max":1,"priced_individually":false,"shipped_individually":false,"optional":false,"discount":"","options_style":"radios","pagination_style":"classic","display_prices":"absolute","show_sorting_options":false,"show_filtering_options":false,"attribute_filter_ids":[],"product_title_visible":false,"product_descr_visible":false,"product_price_visible":false,"product_thumb_visible":true,"subtotal_visible_product":false,"subtotal_visible_cart":false,"subtotal_visible_orders":false},{"id":"1689325371","title":"Lebenslang","description":"","query_type":"product_ids","query_ids":[50125,50129],"default_option_id":"","thumbnail_id":"","thumbnail_src":"","quantity_min":1,"quantity_max":1,"priced_individually":false,"shipped_individually":false,"optional":true,"discount":"","options_style":"radios","pagination_style":"classic","display_prices":"absolute","show_sorting_options":false,"show_filtering_options":false,"attribute_filter_ids":[],"product_title_visible":false,"product_descr_visible":false,"product_price_visible":false,"product_thumb_visible":false,"subtotal_visible_product":false,"subtotal_visible_cart":false,"subtotal_visible_orders":false}],"composite_scenarios":[{"id":"1675943676","name":"NO DRIVER NO SELECTION ","description":"","configuration":[{"component_id":"1674759779","options_modifier":"in","component_options":[-1]}],"actions":[{"action_id":"compat_group","is_active":false},{"action_id":"conditional_components","is_active":false,"hidden_components":[]},{"action_id":"conditional_options","is_active":true,"hidden_options":[{"component_id":"1675943586","component_options":[-1],"options_modifier":"not-in"}]}],"enabled":true},{"id":"1675943677","name":"1x","description":"","configuration":[{"component_id":"1674759779","options_modifier":"in","component_options":[21200,21227,21243]}],"actions":[{"action_id":"compat_group","is_active":false},{"action_id":"conditional_components","is_active":false,"hidden_components":[]},{"action_id":"conditional_options","is_active":true,"hidden_options":[{"component_id":"1675943586","component_options":[-1,75318,75319,74977,40302,40311],"options_modifier":"not-in"}]}],"enabled":true},{"id":"1675943678","name":"2X S-M-F","description":"","configuration":[{"component_id":"1674759779","options_modifier":"in","component_options":[21212,21238,21229,21245]},{"component_id":"1674759783","options_modifier":"in","component_options":[20978,20956,20926]}],"actions":[{"action_id":"compat_group","is_active":false},{"action_id":"conditional_components","is_active":false,"hidden_components":[]},{"action_id":"conditional_options","is_active":true,"hidden_options":[{"component_id":"1675943586","component_options":[-1,74977,40305,40308,40310,40311],"options_modifier":"not-in"}]}],"enabled":true},{"id":"1768929233","name":"2X W","description":"","configuration":[{"component_id":"1674759779","options_modifier":"in","component_options":[21212,21238,21229,21245]},{"component_id":"1674759783","options_modifier":"in","component_options":[21003]}],"actions":[{"action_id":"compat_group","is_active":false},{"action_id":"conditional_components","is_active":false,"hidden_components":[]},{"action_id":"conditional_options","is_active":true,"hidden_options":[{"component_id":"1675943586","component_options":[-1,75318,75319,40305,40311,40315],"options_modifier":"not-in"}]}],"enabled":true},{"id":"1689325652","name":"LT 80","description":"","configuration":[{"component_id":"1674759783","options_modifier":"in","component_options":[20978,20956,20926]}],"actions":[{"action_id":"compat_group","is_active":false},{"action_id":"conditional_components","is_active":false,"hidden_components":[]},{"action_id":"conditional_options","is_active":true,"hidden_options":[{"component_id":"1689325371","component_options":[-1,50125],"options_modifier":"not-in"}]}],"enabled":true},{"id":"1689325653","name":"LT 100","description":"","configuration":[{"component_id":"1674759783","options_modifier":"in","component_options":[21003]}],"actions":[{"action_id":"compat_group","is_active":false},{"action_id":"conditional_components","is_active":false,"hidden_components":[]},{"action_id":"conditional_options","is_active":true,"hidden_options":[{"component_id":"1689325371","component_options":[-1,50129],"options_modifier":"not-in"}]}],"enabled":true}],"bundled_by":[],"bundle_stock_status":"instock","bundle_stock_quantity":null,"bundle_virtual":false,"bundle_layout":"","bundle_add_to_cart_form_location":"","bundle_editable_in_cart":false,"bundle_sold_individually_context":"","bundle_item_grouping":"","bundle_min_size":"","bundle_max_size":"","bundled_items":[],"bundle_sell_ids":[],"acf":[],"yoast_head":"<!-- This site is optimized with the Yoast SEO plugin v27.4 - https:\/\/yoast.com\/product\/yoast-seo-wordpress\/ -->\n<title>Pin Revo Small | Exenia<\/title>\n<meta name=\"robots\" content=\"noindex, follow, max-snippet:-1, max-image-preview:large, max-video-preview:-1\" \/>\n<meta property=\"og:locale\" content=\"de_DE\" \/>\n<meta property=\"og:type\" content=\"article\" \/>\n<meta property=\"og:title\" content=\"Pin Revo Small | Exenia\" \/>\n<meta property=\"og:description\" content=\"Pin Revo mit Optikgeh\u00e4use mit der Schutzart IP54 ist so...\" \/>\n<meta property=\"og:url\" content=\"https:\/\/restyling.exenia.eu\/de\/produkt\/pin-revo-small\/\" \/>\n<meta property=\"og:site_name\" content=\"Exenia\" \/>\n<meta property=\"article:publisher\" content=\"https:\/\/www.facebook.com\/exenialighting\" \/>\n<meta property=\"article:modified_time\" content=\"2023-07-14T07:04:25+00:00\" \/>\n<meta property=\"og:image\" content=\"https:\/\/restyling.exenia.eu\/wp-content\/uploads\/2023\/01\/Pin-revo-small-prodotto.jpg\" \/>\n\t<meta property=\"og:image:width\" content=\"2000\" \/>\n\t<meta property=\"og:image:height\" content=\"1919\" \/>\n\t<meta property=\"og:image:type\" content=\"image\/jpeg\" \/>\n<!-- \/ Yoast SEO plugin. -->","yoast_head_json":{"title":"Pin Revo Small | Exenia","robots":{"index":"noindex","follow":"follow","max-snippet":"max-snippet:-1","max-image-preview":"max-image-preview:large","max-video-preview":"max-video-preview:-1"},"og_locale":"de_DE","og_type":"article","og_title":"Pin Revo Small | Exenia","og_description":"Pin Revo mit Optikgeh\u00e4use mit der Schutzart IP54 ist so...","og_url":"https:\/\/restyling.exenia.eu\/de\/produkt\/pin-revo-small\/","og_site_name":"Exenia","article_publisher":"https:\/\/www.facebook.com\/exenialighting","article_modified_time":"2023-07-14T07:04:25+00:00","og_image":[{"width":2000,"height":1919,"url":"https:\/\/restyling.exenia.eu\/wp-content\/uploads\/2023\/01\/Pin-revo-small-prodotto.jpg","type":"image\/jpeg"}],"schema":{"@context":"https:\/\/schema.org","@graph":[{"@type":"WebPage","@id":"https:\/\/restyling.exenia.eu\/de\/produkt\/pin-revo-small\/","url":"https:\/\/restyling.exenia.eu\/de\/produkt\/pin-revo-small\/","name":"Pin Revo Small | Exenia","isPartOf":{"@id":"https:\/\/restyling.exenia.eu\/#website"},"primaryImageOfPage":{"@id":"https:\/\/restyling.exenia.eu\/de\/produkt\/pin-revo-small\/#primaryimage"},"image":{"@id":"https:\/\/restyling.exenia.eu\/de\/produkt\/pin-revo-small\/#primaryimage"},"thumbnailUrl":"https:\/\/restyling.exenia.eu\/wp-content\/uploads\/2023\/01\/Pin-revo-small-prodotto.jpg","datePublished":"2022-11-24T08:50:58+00:00","dateModified":"2023-07-14T07:04:25+00:00","breadcrumb":{"@id":"https:\/\/restyling.exenia.eu\/de\/produkt\/pin-revo-small\/#breadcrumb"},"inLanguage":"de","potentialAction":[{"@type":"ReadAction","target":["https:\/\/restyling.exenia.eu\/de\/produkt\/pin-revo-small\/"]}]},{"@type":"ImageObject","inLanguage":"de","@id":"https:\/\/restyling.exenia.eu\/de\/produkt\/pin-revo-small\/#primaryimage","url":"https:\/\/restyling.exenia.eu\/wp-content\/uploads\/2023\/01\/Pin-revo-small-prodotto.jpg","contentUrl":"https:\/\/restyling.exenia.eu\/wp-content\/uploads\/2023\/01\/Pin-revo-small-prodotto.jpg","width":2000,"height":1919},{"@type":"BreadcrumbList","@id":"https:\/\/restyling.exenia.eu\/de\/produkt\/pin-revo-small\/#breadcrumb","itemListElement":[{"@type":"ListItem","position":1,"name":"Home","item":"https:\/\/restyling.exenia.eu\/"},{"@type":"ListItem","position":2,"name":"Produkte","item":"https:\/\/restyling.exenia.eu\/prodotti\/"},{"@type":"ListItem","position":3,"name":"Indoor","item":"https:\/\/restyling.exenia.eu\/de\/c\/indoor\/"},{"@type":"ListItem","position":4,"name":"Deckeneinbauleuchten","item":"https:\/\/restyling.exenia.eu\/de\/c\/indoor\/deckeneinbauleuchten\/"},{"@type":"ListItem","position":5,"name":"Pin Revo","item":"https:\/\/restyling.exenia.eu\/de\/c\/indoor\/deckeneinbauleuchten\/pin-revo-deckeneinbauleuchten\/"},{"@type":"ListItem","position":6,"name":"Pin Revo Small"}]},{"@type":"WebSite","@id":"https:\/\/restyling.exenia.eu\/#website","url":"https:\/\/restyling.exenia.eu\/","name":"Exenia","description":"","publisher":{"@id":"https:\/\/restyling.exenia.eu\/#organization"},"potentialAction":[{"@type":"SearchAction","target":{"@type":"EntryPoint","urlTemplate":"https:\/\/restyling.exenia.eu\/?s={search_term_string}"},"query-input":{"@type":"PropertyValueSpecification","valueRequired":true,"valueName":"search_term_string"}}],"inLanguage":"de"},{"@type":"Organization","@id":"https:\/\/restyling.exenia.eu\/#organization","name":"Exenia","url":"https:\/\/restyling.exenia.eu\/","logo":{"@type":"ImageObject","inLanguage":"de","@id":"https:\/\/restyling.exenia.eu\/#\/schema\/logo\/image\/","url":"https:\/\/restyling.exenia.eu\/wp-content\/uploads\/2022\/09\/logo_exenia-e1678467519405.png","contentUrl":"https:\/\/restyling.exenia.eu\/wp-content\/uploads\/2022\/09\/logo_exenia-e1678467519405.png","width":600,"height":194,"caption":"Exenia"},"image":{"@id":"https:\/\/restyling.exenia.eu\/#\/schema\/logo\/image\/"},"sameAs":["https:\/\/www.facebook.com\/exenialighting","https:\/\/x.com\/ExeniaLighting"]}]}},"_links":{"self":[{"href":"https:\/\/restyling.exenia.eu\/de\/wp-json\/wp\/v2\/product\/27230","targetHints":{"allow":["GET"]}}],"collection":[{"href":"https:\/\/restyling.exenia.eu\/de\/wp-json\/wp\/v2\/product"}],"about":[{"href":"https:\/\/restyling.exenia.eu\/de\/wp-json\/wp\/v2\/types\/product"}],"wp:featuredmedia":[{"embeddable":true,"href":"https:\/\/restyling.exenia.eu\/de\/wp-json\/wp\/v2\/media\/23598"}],"wp:attachment":[{"href":"https:\/\/restyling.exenia.eu\/de\/wp-json\/wp\/v2\/media?parent=27230"}],"wp:term":[{"taxonomy":"product_brand","embeddable":true,"href":"https:\/\/restyling.exenia.eu\/de\/wp-json\/wp\/v2\/product_brand?post=27230"},{"taxonomy":"product_cat","embeddable":true,"href":"https:\/\/restyling.exenia.eu\/de\/wp-json\/wp\/v2\/product_cat?post=27230"},{"taxonomy":"product_tag","embeddable":true,"href":"https:\/\/restyling.exenia.eu\/de\/wp-json\/wp\/v2\/product_tag?post=27230"},{"taxonomy":"categoria-admin-prodotto","embeddable":true,"href":"https:\/\/restyling.exenia.eu\/de\/wp-json\/wp\/v2\/categoria-admin-prodotto?post=27230"}],"curies":[{"name":"wp","href":"https:\/\/api.w.org\/{rel}","templated":true}]}}