{"id":27274,"date":"2022-11-24T09:50:41","date_gmt":"2022-11-24T08:50:41","guid":{"rendered":"https:\/\/www.exenia.eu\/prodotto\/museo-radius-track-medium-2\/"},"modified":"2023-07-14T16:04:06","modified_gmt":"2023-07-14T14:04:06","slug":"museo-radius-medium-schiene","status":"publish","type":"product","link":"https:\/\/restyling.exenia.eu\/de\/produkt\/museo-radius-medium-schiene\/","title":{"rendered":"Museo Radius Track Medium"},"content":{"rendered":"<p>Der Strahler Museo Radius Medium ist ein leistungsstarker LED-Strahler f\u00fcr die Installation auf der Stromschiene. Er ist perfekt f\u00fcr den Einsatz in Museen und Kunstgalerien geeignet. Durch die LED-Platinen der neuesten Generation von Lumenpulse konnten der Lichtstrom und die Lichtintensit\u00e4t f\u00fcr die Optiken Narrow und Wide optimiert werden. \u00a0Museo Radius\u00a0Medium kann durch die gro\u00dfe Auswahl an Farbtemperaturen und Optiken wie VN (6\u00b0), NS (13\u00b0), M (25\u00b0) und FL (40\u00b0) und mit einem gro\u00dfen Angebot an Zubeh\u00f6r auf unterschiedlichste Art und Weise konfiguriert werden. Daher ist diese Leuchte ein vielseitiges Werkzeug f\u00fcr die Beleuchtung von historischen und kulturell bedeutenden Geb\u00e4uden.<\/p>\n","protected":false},"excerpt":{"rendered":"<p>Der Strahler Museo Radius Medium ist ein leistungsstarker LED-Strahler f\u00fcr&#8230;<\/p>\n","protected":false},"featured_media":24800,"template":"","meta":{"_acf_changed":false},"product_brand":[],"product_cat":[2805],"product_tag":[8344],"categoria-admin-prodotto":[],"class_list":{"0":"post-27274","1":"product","2":"type-product","3":"status-publish","4":"has-post-thumbnail","6":"product_cat-museo-radius-leuchten-fuer-schienen","7":"product_tag-limt-de","8":"pa_cct-2200k-de","9":"pa_cct-2700k-de","10":"pa_cct-3000k-de","11":"pa_cct-3500k-de","12":"pa_cct-4000k-de","13":"pa_cct-dwh-2700k-6500k-de","14":"pa_cct-dww-2200k-3000k-de","15":"pa_cct-rgbw-de","16":"pa_certificazione-conformita-ce-de","17":"pa_classe-f-da","18":"pa_cri-80-de","19":"pa_cri-90-de","20":"pa_grado-ip-ip20-de","21":"pa_temperatura-di-esercizio-10-30-de","23":"first","24":"instock","25":"purchasable","26":"product-type-composite"},"composite_virtual":false,"composite_layout":"single","composite_add_to_cart_form_location":"default","composite_editable_in_cart":false,"composite_sold_individually_context":"product","composite_shop_price_calc":"defaults","composite_components":[{"id":"1675186922","title":"Geh\u00e4use der Leuchte","description":"","query_type":"product_ids","query_ids":[20684],"default_option_id":20684,"thumbnail_id":"","thumbnail_src":"","quantity_min":1,"quantity_max":1,"priced_individually":false,"shipped_individually":false,"optional":false,"discount":"","options_style":"radios","pagination_style":"classic","display_prices":"absolute","show_sorting_options":false,"show_filtering_options":false,"attribute_filter_ids":[],"product_title_visible":false,"product_descr_visible":false,"product_price_visible":false,"product_thumb_visible":false,"subtotal_visible_product":false,"subtotal_visible_cart":false,"subtotal_visible_orders":false},{"id":"1675186923","title":"CCT","description":"","query_type":"product_ids","query_ids":[20500,20501,20502,20503,20504,20505,20506,20507],"default_option_id":"","thumbnail_id":"","thumbnail_src":"","quantity_min":1,"quantity_max":1,"priced_individually":false,"shipped_individually":false,"optional":true,"discount":"","options_style":"radios","pagination_style":"classic","display_prices":"absolute","show_sorting_options":false,"show_filtering_options":false,"attribute_filter_ids":[],"product_title_visible":false,"product_descr_visible":false,"product_price_visible":false,"product_thumb_visible":false,"subtotal_visible_product":false,"subtotal_visible_cart":false,"subtotal_visible_orders":false},{"id":"1675186924","title":"CRI","description":"","query_type":"product_ids","query_ids":[20689,20690],"default_option_id":"","thumbnail_id":"","thumbnail_src":"","quantity_min":1,"quantity_max":1,"priced_individually":false,"shipped_individually":false,"optional":true,"discount":"","options_style":"radios","pagination_style":"classic","display_prices":"absolute","show_sorting_options":false,"show_filtering_options":false,"attribute_filter_ids":[],"product_title_visible":false,"product_descr_visible":false,"product_price_visible":false,"product_thumb_visible":false,"subtotal_visible_product":false,"subtotal_visible_cart":false,"subtotal_visible_orders":false},{"id":"1675186925","title":"Optik","description":"","query_type":"product_ids","query_ids":[20991,20968,20947,20932],"default_option_id":"","thumbnail_id":"","thumbnail_src":"","quantity_min":1,"quantity_max":1,"priced_individually":false,"shipped_individually":false,"optional":true,"discount":"","options_style":"radios","pagination_style":"classic","display_prices":"absolute","show_sorting_options":false,"show_filtering_options":false,"attribute_filter_ids":[],"product_title_visible":false,"product_descr_visible":false,"product_price_visible":false,"product_thumb_visible":false,"subtotal_visible_product":false,"subtotal_visible_cart":false,"subtotal_visible_orders":false},{"id":"1675186926","title":"Oberfl\u00e4che","description":"","query_type":"product_ids","query_ids":[20815,20840,20828,20820,20830],"default_option_id":"","thumbnail_id":"","thumbnail_src":"","quantity_min":1,"quantity_max":1,"priced_individually":false,"shipped_individually":false,"optional":true,"discount":"","options_style":"radios","pagination_style":"classic","display_prices":"absolute","show_sorting_options":false,"show_filtering_options":false,"attribute_filter_ids":[],"product_title_visible":false,"product_descr_visible":false,"product_price_visible":false,"product_thumb_visible":false,"subtotal_visible_product":false,"subtotal_visible_cart":false,"subtotal_visible_orders":false},{"id":"1675186927","title":"Kontrolle","description":"","query_type":"product_ids","query_ids":[20555,20542,20540,20539,20541,20543,20554],"default_option_id":"","thumbnail_id":"","thumbnail_src":"","quantity_min":1,"quantity_max":1,"priced_individually":false,"shipped_individually":false,"optional":true,"discount":"","options_style":"radios","pagination_style":"classic","display_prices":"absolute","show_sorting_options":false,"show_filtering_options":false,"attribute_filter_ids":[],"product_title_visible":false,"product_descr_visible":false,"product_price_visible":false,"product_thumb_visible":false,"subtotal_visible_product":false,"subtotal_visible_cart":false,"subtotal_visible_orders":false},{"id":"1675186928","title":"Separat bestellen","description":"","query_type":"product_ids","query_ids":[7635],"default_option_id":"","thumbnail_id":"","thumbnail_src":"","quantity_min":1,"quantity_max":1,"priced_individually":false,"shipped_individually":false,"optional":true,"discount":"","options_style":"radios","pagination_style":"classic","display_prices":"absolute","show_sorting_options":false,"show_filtering_options":false,"attribute_filter_ids":[],"product_title_visible":false,"product_descr_visible":false,"product_price_visible":false,"product_thumb_visible":false,"subtotal_visible_product":false,"subtotal_visible_cart":false,"subtotal_visible_orders":false},{"id":"1675186929","title":"Unabh\u00e4ngiges Zubeh\u00f6r","description":"","query_type":"product_ids","query_ids":[41578],"default_option_id":41578,"thumbnail_id":"","thumbnail_src":"","quantity_min":1,"quantity_max":1,"priced_individually":false,"shipped_individually":false,"optional":false,"discount":"","options_style":"radios","pagination_style":"classic","display_prices":"absolute","show_sorting_options":false,"show_filtering_options":false,"attribute_filter_ids":[],"product_title_visible":false,"product_descr_visible":false,"product_price_visible":false,"product_thumb_visible":true,"subtotal_visible_product":false,"subtotal_visible_cart":false,"subtotal_visible_orders":false},{"id":"1689350432","title":"Lebenslang","description":"","query_type":"product_ids","query_ids":[50118,50134],"default_option_id":"","thumbnail_id":"","thumbnail_src":"","quantity_min":1,"quantity_max":1,"priced_individually":false,"shipped_individually":false,"optional":true,"discount":"","options_style":"radios","pagination_style":"classic","display_prices":"absolute","show_sorting_options":false,"show_filtering_options":false,"attribute_filter_ids":[],"product_title_visible":false,"product_descr_visible":false,"product_price_visible":false,"product_thumb_visible":false,"subtotal_visible_product":false,"subtotal_visible_cart":false,"subtotal_visible_orders":false}],"composite_scenarios":[{"id":"1675186967","name":"22k","description":"","configuration":[{"component_id":"1675186923","options_modifier":"in","component_options":[20500]}],"actions":[{"action_id":"compat_group","is_active":false},{"action_id":"conditional_components","is_active":false,"hidden_components":[]},{"action_id":"conditional_options","is_active":true,"hidden_options":[{"component_id":"1675186924","component_options":[20690],"options_modifier":"in"},{"component_id":"1675186927","component_options":[20541,20543,20554],"options_modifier":"in"}]}],"enabled":true},{"id":"1675187384","name":"dinamics","description":"","configuration":[{"component_id":"1675186923","options_modifier":"in","component_options":[20505,20506,20507]}],"actions":[{"action_id":"compat_group","is_active":false},{"action_id":"conditional_components","is_active":true,"hidden_components":["1675186924"]},{"action_id":"conditional_options","is_active":true,"hidden_options":[{"component_id":"1675186927","component_options":[20555,20542,20540,20539],"options_modifier":"in"},{"component_id":"1675186929","component_options":[41579,41580],"options_modifier":"in"}]}],"enabled":true},{"id":"1675187385","name":"27\/30k","description":"","configuration":[{"component_id":"1675186923","options_modifier":"in","component_options":[20501,20502]}],"actions":[{"action_id":"compat_group","is_active":false},{"action_id":"conditional_components","is_active":false,"hidden_components":[]},{"action_id":"conditional_options","is_active":true,"hidden_options":[{"component_id":"1675186924","component_options":[20689],"options_modifier":"in"},{"component_id":"1675186927","component_options":[20541,20543,20554],"options_modifier":"in"}]}],"enabled":true},{"id":"1675187386","name":"35\/40k+cri80","description":"","configuration":[{"component_id":"1675186923","options_modifier":"in","component_options":[20503,20504]},{"component_id":"1675186924","options_modifier":"in","component_options":[20689]}],"actions":[{"action_id":"compat_group","is_active":false},{"action_id":"conditional_components","is_active":false,"hidden_components":[]},{"action_id":"conditional_options","is_active":true,"hidden_options":[{"component_id":"1675186925","component_options":[-1,20991],"options_modifier":"not-in"},{"component_id":"1675186927","component_options":[20541,20543,20554],"options_modifier":"in"}]}],"enabled":true},{"id":"1675187387","name":"35\/40k+cri90","description":"","configuration":[{"component_id":"1675186923","options_modifier":"in","component_options":[20503,20504]},{"component_id":"1675186924","options_modifier":"in","component_options":[20690]}],"actions":[{"action_id":"compat_group","is_active":false},{"action_id":"conditional_components","is_active":false,"hidden_components":[]},{"action_id":"conditional_options","is_active":true,"hidden_options":[{"component_id":"1675186925","component_options":[20991],"options_modifier":"in"},{"component_id":"1675186927","component_options":[20541,20543,20554],"options_modifier":"in"}]}],"enabled":true},{"id":"1675187388","name":"cri80","description":"","configuration":[{"component_id":"1675186924","options_modifier":"in","component_options":[20689]}],"actions":[{"action_id":"compat_group","is_active":false},{"action_id":"conditional_components","is_active":false,"hidden_components":[]},{"action_id":"conditional_options","is_active":true,"hidden_options":[{"component_id":"1675186923","component_options":[20501,20502,20505,20506,20507],"options_modifier":"in"}]}],"enabled":true},{"id":"1675187389","name":"cri90","description":"","configuration":[{"component_id":"1675186924","options_modifier":"in","component_options":[20690]}],"actions":[{"action_id":"compat_group","is_active":false},{"action_id":"conditional_components","is_active":false,"hidden_components":[]},{"action_id":"conditional_options","is_active":true,"hidden_options":[{"component_id":"1675186923","component_options":[20500,20505,20506,20507],"options_modifier":"in"}]}],"enabled":true},{"id":"1675187390","name":"controlli no din.","description":"","configuration":[{"component_id":"1675186927","options_modifier":"in","component_options":[20555,20542,20540,20539]}],"actions":[{"action_id":"compat_group","is_active":false},{"action_id":"conditional_components","is_active":false,"hidden_components":[]},{"action_id":"conditional_options","is_active":true,"hidden_options":[{"component_id":"1675186923","component_options":[20505,20506,20507],"options_modifier":"in"}]}],"enabled":true},{"id":"1675187391","name":"controlli si din.","description":"","configuration":[{"component_id":"1675186927","options_modifier":"in","component_options":[20541,20543]}],"actions":[{"action_id":"compat_group","is_active":false},{"action_id":"conditional_components","is_active":false,"hidden_components":[]},{"action_id":"conditional_options","is_active":true,"hidden_options":[{"component_id":"1675186923","component_options":[20500,20501,20502,20503,20504],"options_modifier":"in"}]}],"enabled":true},{"id":"1675187392","name":"accessori","description":"","configuration":[{"component_id":"1675186928","options_modifier":"in","component_options":[-1]}],"actions":[{"action_id":"compat_group","is_active":false},{"action_id":"conditional_components","is_active":true,"hidden_components":["1675186929"]},{"action_id":"conditional_options","is_active":true,"hidden_options":[{"component_id":"1675186929","component_options":[41579,41580,41581,41582,41583,41584],"options_modifier":"in"}]}],"enabled":true},{"id":"1689350553","name":"LT 50 vn","description":"","configuration":[{"component_id":"1675186925","options_modifier":"in","component_options":[20991]}],"actions":[{"action_id":"compat_group","is_active":false},{"action_id":"conditional_components","is_active":false,"hidden_components":[]},{"action_id":"conditional_options","is_active":true,"hidden_options":[{"component_id":"1689350432","component_options":[-1,50118],"options_modifier":"not-in"}]}],"enabled":true},{"id":"1689350554","name":"LT 50 dinamic white","description":"","configuration":[{"component_id":"1675186923","options_modifier":"in","component_options":[20505,20506,20507]},{"component_id":"1675186925","options_modifier":"in","component_options":[20968,20947,20932]}],"actions":[{"action_id":"compat_group","is_active":false},{"action_id":"conditional_components","is_active":false,"hidden_components":[]},{"action_id":"conditional_options","is_active":true,"hidden_options":[{"component_id":"1689350432","component_options":[-1,50118],"options_modifier":"not-in"}]}],"enabled":true},{"id":"1689350555","name":"LT 180","description":"","configuration":[{"component_id":"1675186923","options_modifier":"in","component_options":[20500,20501,20502,20503,20504]},{"component_id":"1675186925","options_modifier":"in","component_options":[20968,20947,20932]}],"actions":[{"action_id":"compat_group","is_active":false},{"action_id":"conditional_components","is_active":false,"hidden_components":[]},{"action_id":"conditional_options","is_active":true,"hidden_options":[{"component_id":"1689350432","component_options":[-1,50134],"options_modifier":"not-in"}]}],"enabled":true}],"bundled_by":[],"bundle_stock_status":"instock","bundle_stock_quantity":null,"bundle_virtual":false,"bundle_layout":"","bundle_add_to_cart_form_location":"","bundle_editable_in_cart":false,"bundle_sold_individually_context":"","bundle_item_grouping":"","bundle_min_size":"","bundle_max_size":"","bundled_items":[],"bundle_sell_ids":[],"acf":[],"yoast_head":"<!-- This site is optimized with the Yoast SEO plugin v27.4 - https:\/\/yoast.com\/product\/yoast-seo-wordpress\/ -->\n<title>Museo Radius Track Medium | Exenia<\/title>\n<meta name=\"robots\" content=\"noindex, follow, max-snippet:-1, max-image-preview:large, max-video-preview:-1\" \/>\n<meta property=\"og:locale\" content=\"de_DE\" \/>\n<meta property=\"og:type\" content=\"article\" \/>\n<meta property=\"og:title\" content=\"Museo Radius Track Medium | Exenia\" \/>\n<meta property=\"og:description\" content=\"Der Strahler Museo Radius Medium ist ein leistungsstarker LED-Strahler f\u00fcr...\" \/>\n<meta property=\"og:url\" content=\"https:\/\/restyling.exenia.eu\/de\/produkt\/museo-radius-medium-schiene\/\" \/>\n<meta property=\"og:site_name\" content=\"Exenia\" \/>\n<meta property=\"article:publisher\" content=\"https:\/\/www.facebook.com\/exenialighting\" \/>\n<meta property=\"article:modified_time\" content=\"2023-07-14T14:04:06+00:00\" \/>\n<meta property=\"og:image\" content=\"https:\/\/restyling.exenia.eu\/wp-content\/uploads\/2022\/11\/Museo-radius-track-medium-prodotto.jpg\" \/>\n\t<meta property=\"og:image:width\" content=\"2000\" \/>\n\t<meta property=\"og:image:height\" content=\"1919\" \/>\n\t<meta property=\"og:image:type\" content=\"image\/jpeg\" \/>\n<!-- \/ Yoast SEO plugin. -->","yoast_head_json":{"title":"Museo Radius Track Medium | Exenia","robots":{"index":"noindex","follow":"follow","max-snippet":"max-snippet:-1","max-image-preview":"max-image-preview:large","max-video-preview":"max-video-preview:-1"},"og_locale":"de_DE","og_type":"article","og_title":"Museo Radius Track Medium | Exenia","og_description":"Der Strahler Museo Radius Medium ist ein leistungsstarker LED-Strahler f\u00fcr...","og_url":"https:\/\/restyling.exenia.eu\/de\/produkt\/museo-radius-medium-schiene\/","og_site_name":"Exenia","article_publisher":"https:\/\/www.facebook.com\/exenialighting","article_modified_time":"2023-07-14T14:04:06+00:00","og_image":[{"width":2000,"height":1919,"url":"https:\/\/restyling.exenia.eu\/wp-content\/uploads\/2022\/11\/Museo-radius-track-medium-prodotto.jpg","type":"image\/jpeg"}],"schema":{"@context":"https:\/\/schema.org","@graph":[{"@type":"WebPage","@id":"https:\/\/restyling.exenia.eu\/de\/produkt\/museo-radius-medium-schiene\/","url":"https:\/\/restyling.exenia.eu\/de\/produkt\/museo-radius-medium-schiene\/","name":"Museo Radius Track Medium | Exenia","isPartOf":{"@id":"https:\/\/restyling.exenia.eu\/#website"},"primaryImageOfPage":{"@id":"https:\/\/restyling.exenia.eu\/de\/produkt\/museo-radius-medium-schiene\/#primaryimage"},"image":{"@id":"https:\/\/restyling.exenia.eu\/de\/produkt\/museo-radius-medium-schiene\/#primaryimage"},"thumbnailUrl":"https:\/\/restyling.exenia.eu\/wp-content\/uploads\/2022\/11\/Museo-radius-track-medium-prodotto.jpg","datePublished":"2022-11-24T08:50:41+00:00","dateModified":"2023-07-14T14:04:06+00:00","breadcrumb":{"@id":"https:\/\/restyling.exenia.eu\/de\/produkt\/museo-radius-medium-schiene\/#breadcrumb"},"inLanguage":"de","potentialAction":[{"@type":"ReadAction","target":["https:\/\/restyling.exenia.eu\/de\/produkt\/museo-radius-medium-schiene\/"]}]},{"@type":"ImageObject","inLanguage":"de","@id":"https:\/\/restyling.exenia.eu\/de\/produkt\/museo-radius-medium-schiene\/#primaryimage","url":"https:\/\/restyling.exenia.eu\/wp-content\/uploads\/2022\/11\/Museo-radius-track-medium-prodotto.jpg","contentUrl":"https:\/\/restyling.exenia.eu\/wp-content\/uploads\/2022\/11\/Museo-radius-track-medium-prodotto.jpg","width":2000,"height":1919},{"@type":"BreadcrumbList","@id":"https:\/\/restyling.exenia.eu\/de\/produkt\/museo-radius-medium-schiene\/#breadcrumb","itemListElement":[{"@type":"ListItem","position":1,"name":"Home","item":"https:\/\/restyling.exenia.eu\/"},{"@type":"ListItem","position":2,"name":"Produkte","item":"https:\/\/restyling.exenia.eu\/prodotti\/"},{"@type":"ListItem","position":3,"name":"Indoor","item":"https:\/\/restyling.exenia.eu\/de\/c\/indoor\/"},{"@type":"ListItem","position":4,"name":"Leuchten f\u00fcr Systeme\/Schienen","item":"https:\/\/restyling.exenia.eu\/de\/c\/indoor\/leuchten-fur-systeme-schienen\/"},{"@type":"ListItem","position":5,"name":"230 V","item":"https:\/\/restyling.exenia.eu\/de\/c\/indoor\/leuchten-fur-systeme-schienen\/230-v-de\/"},{"@type":"ListItem","position":6,"name":"Museo Radius","item":"https:\/\/restyling.exenia.eu\/c\/indoor\/apparecchi-per-sistemi-binari-elettrificati\/230-v\/museo-radius\/"},{"@type":"ListItem","position":7,"name":"Museo Radius Track Medium"}]},{"@type":"WebSite","@id":"https:\/\/restyling.exenia.eu\/#website","url":"https:\/\/restyling.exenia.eu\/","name":"Exenia","description":"","publisher":{"@id":"https:\/\/restyling.exenia.eu\/#organization"},"potentialAction":[{"@type":"SearchAction","target":{"@type":"EntryPoint","urlTemplate":"https:\/\/restyling.exenia.eu\/?s={search_term_string}"},"query-input":{"@type":"PropertyValueSpecification","valueRequired":true,"valueName":"search_term_string"}}],"inLanguage":"de"},{"@type":"Organization","@id":"https:\/\/restyling.exenia.eu\/#organization","name":"Exenia","url":"https:\/\/restyling.exenia.eu\/","logo":{"@type":"ImageObject","inLanguage":"de","@id":"https:\/\/restyling.exenia.eu\/#\/schema\/logo\/image\/","url":"https:\/\/restyling.exenia.eu\/wp-content\/uploads\/2022\/09\/logo_exenia-e1678467519405.png","contentUrl":"https:\/\/restyling.exenia.eu\/wp-content\/uploads\/2022\/09\/logo_exenia-e1678467519405.png","width":600,"height":194,"caption":"Exenia"},"image":{"@id":"https:\/\/restyling.exenia.eu\/#\/schema\/logo\/image\/"},"sameAs":["https:\/\/www.facebook.com\/exenialighting","https:\/\/x.com\/ExeniaLighting"]}]}},"_links":{"self":[{"href":"https:\/\/restyling.exenia.eu\/de\/wp-json\/wp\/v2\/product\/27274","targetHints":{"allow":["GET"]}}],"collection":[{"href":"https:\/\/restyling.exenia.eu\/de\/wp-json\/wp\/v2\/product"}],"about":[{"href":"https:\/\/restyling.exenia.eu\/de\/wp-json\/wp\/v2\/types\/product"}],"wp:featuredmedia":[{"embeddable":true,"href":"https:\/\/restyling.exenia.eu\/de\/wp-json\/wp\/v2\/media\/24800"}],"wp:attachment":[{"href":"https:\/\/restyling.exenia.eu\/de\/wp-json\/wp\/v2\/media?parent=27274"}],"wp:term":[{"taxonomy":"product_brand","embeddable":true,"href":"https:\/\/restyling.exenia.eu\/de\/wp-json\/wp\/v2\/product_brand?post=27274"},{"taxonomy":"product_cat","embeddable":true,"href":"https:\/\/restyling.exenia.eu\/de\/wp-json\/wp\/v2\/product_cat?post=27274"},{"taxonomy":"product_tag","embeddable":true,"href":"https:\/\/restyling.exenia.eu\/de\/wp-json\/wp\/v2\/product_tag?post=27274"},{"taxonomy":"categoria-admin-prodotto","embeddable":true,"href":"https:\/\/restyling.exenia.eu\/de\/wp-json\/wp\/v2\/categoria-admin-prodotto?post=27274"}],"curies":[{"name":"wp","href":"https:\/\/api.w.org\/{rel}","templated":true}]}}