{"id":27287,"date":"2022-11-24T09:50:41","date_gmt":"2022-11-24T08:50:41","guid":{"rendered":"https:\/\/www.exenia.eu\/prodotto\/museo-revo-medium-2\/"},"modified":"2023-07-14T13:52:23","modified_gmt":"2023-07-14T11:52:23","slug":"museo-revo-medium","status":"publish","type":"product","link":"https:\/\/restyling.exenia.eu\/de\/produkt\/museo-revo-medium\/","title":{"rendered":"Museo Revo Medium"},"content":{"rendered":"<p>Strahler f\u00fcr die Aufbauinstallation mit Treiber, der in den als Halterung und Befestigung dienenden Sockel integriert ist.<br \/>\nGeeignet sowohl f\u00fcr die direkte als auch die indirekte Beleuchtung mit h\u00f6chstem visuellen Komfort. Die neuen optischen Systeme Revo Dark wurden f\u00fcr eine fortschrittliche beleuchtungstechnische Planung entwickelt und eignen sich vor allem f\u00fcr Umgebungen, bei denen besondere Anforderungen an den visuellen Komfort gestellt werden. Ausgestattet mit zwei Gelenken und sechs Bewegungsgraden, sodass in jede Richtung eine pr\u00e4zise und punktgenaue Ausrichtung m\u00f6glich ist. Die auf ein Minimum reduzierten Abmessungen und die Oberfl\u00e4chen, die vor allem darauf abzielen, die Leuchte mit der Umgebung verschmelzen zu lassen, passen perfekt zu den neuen Leistungsparametern von REVO. Dieses Produkt zeichnet sich nun durch einen unvergleichliches Verh\u00e4ltnis zwischen Gr\u00f6\u00dfe und Leistung aus.<\/p>\n<p>Die Version <strong>Medium<\/strong> bietet Abstrahlwinkel von 8\u00b0 bis 50\u00b0, zwei elliptische Lichtb\u00fcndel, die beliebten asymmetrischen und h\u00f6chst homogenen Wallwasher-Beleuchtungseffekte Deep und Grazing sowie einen Shaper.<br \/>\nDas umfangreiche Zubeh\u00f6r ist mit einem Befestigungssystem mit sich \u00fcberlagernden Elementen ausgestattet, das eine differenzierte und spezifische optische Konfiguration erm\u00f6glicht. Eine h\u00f6here Farbwiedergabe, ein UGR-Wert von &lt;10 und die Einhaltung der DARK-lighting-Parameter werden durch die hohe Qualit\u00e4t des Leuchtmittels mit einer Farbkonsistenz von 2 SDCM und die besonders sauberen Lichtb\u00fcndel abgerundet. Das Leuchtengeh\u00e4use aus Aluminium ist mit neuen Messing-Armen mit Reibschlussverbindung versehen, die wiederum mit einem mikrometrischen Verstellsystem ausgestattet sind, wodurch die Ausrichtung besonders einfach ist.<br \/>\nDurch die Kompatibilit\u00e4t mit den meisten Steuersystemen ist Museo Revo Medium das perfekte Instrument in Beleuchtungskontexten, bei denen der Wert des Leuchtmittels von seiner hohen Leistungsqualit\u00e4t und einer geringen physischen und visuellen Beeintr\u00e4chtigung durch die Montage abh\u00e4ngt.<\/p>\n<p>Dieses Modell kann auch als Profilscheinwerfer mit mobilen Linsen konfiguriert werden, um mit einer leichten und kleinen Leuchte eine gezielte viereckige Lichtprojektion zu erhalten.<\/p>\n","protected":false},"excerpt":{"rendered":"<p>Strahler f\u00fcr die Aufbauinstallation mit Treiber, der in den als&#8230;<\/p>\n","protected":false},"featured_media":23433,"template":"","meta":{"_acf_changed":false},"product_brand":[],"product_cat":[2821],"product_tag":[7504],"categoria-admin-prodotto":[],"class_list":{"0":"post-27287","1":"product","2":"type-product","3":"status-publish","4":"has-post-thumbnail","6":"product_cat-museo-revo-basisprojektoren","7":"product_tag-38640-de","8":"pa_cct-2700k-de","9":"pa_cct-3000k-de","10":"pa_cct-3500k-de","11":"pa_cct-4000k-de","12":"pa_certificazione-conformita-ce-de","13":"pa_classe-f-da","14":"pa_cri-92-de","15":"pa_cri-98-de","16":"pa_grado-ip-ip40-de","17":"pa_temperatura-di-esercizio-10-35-de","19":"first","20":"instock","21":"purchasable","22":"product-type-composite"},"composite_virtual":false,"composite_layout":"single","composite_add_to_cart_form_location":"default","composite_editable_in_cart":false,"composite_sold_individually_context":"product","composite_shop_price_calc":"defaults","composite_components":[{"id":"1674660327","title":"Geh\u00e4use der Leuchte","description":"","query_type":"product_ids","query_ids":[20637],"default_option_id":20637,"thumbnail_id":"","thumbnail_src":"","quantity_min":1,"quantity_max":1,"priced_individually":false,"shipped_individually":false,"optional":false,"discount":"","options_style":"radios","pagination_style":"classic","display_prices":"absolute","show_sorting_options":false,"show_filtering_options":false,"attribute_filter_ids":[],"product_title_visible":false,"product_descr_visible":false,"product_price_visible":false,"product_thumb_visible":false,"subtotal_visible_product":false,"subtotal_visible_cart":false,"subtotal_visible_orders":false},{"id":"1674660328","title":"Version","description":"","query_type":"product_ids","query_ids":[21104],"default_option_id":21104,"thumbnail_id":"","thumbnail_src":"","quantity_min":1,"quantity_max":1,"priced_individually":false,"shipped_individually":false,"optional":false,"discount":"","options_style":"radios","pagination_style":"classic","display_prices":"absolute","show_sorting_options":false,"show_filtering_options":false,"attribute_filter_ids":[],"product_title_visible":false,"product_descr_visible":false,"product_price_visible":false,"product_thumb_visible":false,"subtotal_visible_product":false,"subtotal_visible_cart":false,"subtotal_visible_orders":false},{"id":"1674660329","title":"Kontrolle","description":"","query_type":"product_ids","query_ids":[20508,20509,20537,20535,20553],"default_option_id":"","thumbnail_id":"","thumbnail_src":"","quantity_min":1,"quantity_max":1,"priced_individually":false,"shipped_individually":false,"optional":true,"discount":"","options_style":"radios","pagination_style":"classic","display_prices":"absolute","show_sorting_options":false,"show_filtering_options":false,"attribute_filter_ids":[],"product_title_visible":false,"product_descr_visible":false,"product_price_visible":false,"product_thumb_visible":false,"subtotal_visible_product":false,"subtotal_visible_cart":false,"subtotal_visible_orders":false},{"id":"1674660330","title":"Oberfl\u00e4che","description":"","query_type":"product_ids","query_ids":[20838,20813,20771,20831,20829,20826,20817],"default_option_id":"","thumbnail_id":"","thumbnail_src":"","quantity_min":1,"quantity_max":1,"priced_individually":false,"shipped_individually":false,"optional":true,"discount":"","options_style":"radios","pagination_style":"classic","display_prices":"absolute","show_sorting_options":false,"show_filtering_options":false,"attribute_filter_ids":[],"product_title_visible":false,"product_descr_visible":false,"product_price_visible":false,"product_thumb_visible":false,"subtotal_visible_product":false,"subtotal_visible_cart":false,"subtotal_visible_orders":false},{"id":"1674660331","title":"CRI-CCT","description":"","query_type":"product_ids","query_ids":[20691,20692,20694,20693,20701,20702,20704,20703],"default_option_id":"","thumbnail_id":"","thumbnail_src":"","quantity_min":1,"quantity_max":1,"priced_individually":false,"shipped_individually":false,"optional":true,"discount":"","options_style":"radios","pagination_style":"classic","display_prices":"absolute","show_sorting_options":false,"show_filtering_options":false,"attribute_filter_ids":[],"product_title_visible":false,"product_descr_visible":false,"product_price_visible":false,"product_thumb_visible":false,"subtotal_visible_product":false,"subtotal_visible_cart":false,"subtotal_visible_orders":false},{"id":"1674660332","title":"Optik","description":"","query_type":"product_ids","query_ids":[20990,20963,20855,20979,20952,20927,20998,20861,20916,20933,21006],"default_option_id":"","thumbnail_id":"","thumbnail_src":"","quantity_min":1,"quantity_max":1,"priced_individually":false,"shipped_individually":false,"optional":true,"discount":"","options_style":"radios","pagination_style":"classic","display_prices":"absolute","show_sorting_options":false,"show_filtering_options":false,"attribute_filter_ids":[],"product_title_visible":false,"product_descr_visible":false,"product_price_visible":false,"product_thumb_visible":false,"subtotal_visible_product":false,"subtotal_visible_cart":false,"subtotal_visible_orders":false},{"id":"1674660333","title":"Zubeh\u00f6r","description":"","query_type":"product_ids","query_ids":[13449],"default_option_id":13449,"thumbnail_id":"","thumbnail_src":"","quantity_min":1,"quantity_max":1,"priced_individually":false,"shipped_individually":false,"optional":false,"discount":"","options_style":"radios","pagination_style":"classic","display_prices":"absolute","show_sorting_options":false,"show_filtering_options":false,"attribute_filter_ids":[],"product_title_visible":false,"product_descr_visible":true,"product_price_visible":false,"product_thumb_visible":true,"subtotal_visible_product":false,"subtotal_visible_cart":false,"subtotal_visible_orders":false},{"id":"1676647682","title":"Unabh\u00e4ngiges Zubeh\u00f6r","description":"","query_type":"product_ids","query_ids":[40658],"default_option_id":40658,"thumbnail_id":"","thumbnail_src":"","quantity_min":1,"quantity_max":1,"priced_individually":false,"shipped_individually":false,"optional":false,"discount":"","options_style":"radios","pagination_style":"classic","display_prices":"absolute","show_sorting_options":false,"show_filtering_options":false,"attribute_filter_ids":[],"product_title_visible":false,"product_descr_visible":true,"product_price_visible":false,"product_thumb_visible":false,"subtotal_visible_product":false,"subtotal_visible_cart":false,"subtotal_visible_orders":false},{"id":"1689342622","title":"Lebenslang","description":"","query_type":"product_ids","query_ids":[50125,50129],"default_option_id":"","thumbnail_id":"","thumbnail_src":"","quantity_min":1,"quantity_max":1,"priced_individually":false,"shipped_individually":false,"optional":true,"discount":"","options_style":"radios","pagination_style":"classic","display_prices":"absolute","show_sorting_options":false,"show_filtering_options":false,"attribute_filter_ids":[],"product_title_visible":false,"product_descr_visible":false,"product_price_visible":false,"product_thumb_visible":false,"subtotal_visible_product":false,"subtotal_visible_cart":false,"subtotal_visible_orders":false}],"composite_scenarios":[{"id":"1674660604","name":"lumentalk","description":"","configuration":[{"component_id":"1674660329","options_modifier":"in","component_options":[20553]}],"actions":[{"action_id":"compat_group","is_active":false},{"action_id":"conditional_components","is_active":false,"hidden_components":[]},{"action_id":"conditional_options","is_active":true,"hidden_options":[{"component_id":"1674660332","component_options":[20990],"options_modifier":"in"}]}],"enabled":true},{"id":"1674660605","name":"cri98","description":"","configuration":[{"component_id":"1674660331","options_modifier":"in","component_options":[20701,20702,20704,20703]}],"actions":[{"action_id":"compat_group","is_active":false},{"action_id":"conditional_components","is_active":false,"hidden_components":[]},{"action_id":"conditional_options","is_active":true,"hidden_options":[{"component_id":"1674660332","component_options":[20990],"options_modifier":"in"}]}],"enabled":true},{"id":"1674660606","name":"very narrow","description":"","configuration":[{"component_id":"1674660332","options_modifier":"in","component_options":[20990]}],"actions":[{"action_id":"compat_group","is_active":false},{"action_id":"conditional_components","is_active":false,"hidden_components":[]},{"action_id":"conditional_options","is_active":true,"hidden_options":[{"component_id":"1674660329","component_options":[20553],"options_modifier":"in"},{"component_id":"1674660331","component_options":[20701,20702,20704,20703],"options_modifier":"in"}]}],"enabled":true},{"id":"1674660607","name":"narrow spot \/ wide flood","description":"","configuration":[{"component_id":"1674660332","options_modifier":"in","component_options":[20963,20998]}],"actions":[{"action_id":"compat_group","is_active":false},{"action_id":"conditional_components","is_active":false,"hidden_components":[]},{"action_id":"conditional_options","is_active":true,"hidden_options":[{"component_id":"1674660333","component_options":[13454,13459,13466,13467,13470,13471],"options_modifier":"in"}]}],"enabled":true},{"id":"1674660608","name":"ell. narrow spot \/ ell. wide flood","description":"","configuration":[{"component_id":"1674660332","options_modifier":"in","component_options":[20855,20861]}],"actions":[{"action_id":"compat_group","is_active":false},{"action_id":"conditional_components","is_active":false,"hidden_components":[]},{"action_id":"conditional_options","is_active":true,"hidden_options":[{"component_id":"1674660333","component_options":[-1,13450],"options_modifier":"not-in"}]}],"enabled":true},{"id":"1674660609","name":"deep \/ graz. \/ sagom.","description":"","configuration":[{"component_id":"1674660332","options_modifier":"in","component_options":[20916,20933,21006]}],"actions":[{"action_id":"compat_group","is_active":false},{"action_id":"conditional_components","is_active":true,"hidden_components":["1676647682"]},{"action_id":"conditional_options","is_active":true,"hidden_options":[{"component_id":"1674660333","component_options":[-1,13450],"options_modifier":"not-in"}]}],"enabled":true},{"id":"1689342676","name":"LT 80","description":"","configuration":[{"component_id":"1674660332","options_modifier":"in","component_options":[20963,20855]}],"actions":[{"action_id":"compat_group","is_active":false},{"action_id":"conditional_components","is_active":false,"hidden_components":[]},{"action_id":"conditional_options","is_active":true,"hidden_options":[{"component_id":"1689342622","component_options":[-1,50125],"options_modifier":"not-in"}]}],"enabled":true},{"id":"1689342677","name":"LT 100","description":"","configuration":[{"component_id":"1674660332","options_modifier":"in","component_options":[20990,20979,20952,20927,20998,20861,20916,20933,21006]}],"actions":[{"action_id":"compat_group","is_active":false},{"action_id":"conditional_components","is_active":false,"hidden_components":[]},{"action_id":"conditional_options","is_active":true,"hidden_options":[{"component_id":"1689342622","component_options":[-1,50129],"options_modifier":"not-in"}]}],"enabled":true}],"bundled_by":[],"bundle_stock_status":"instock","bundle_stock_quantity":null,"bundle_virtual":false,"bundle_layout":"","bundle_add_to_cart_form_location":"","bundle_editable_in_cart":false,"bundle_sold_individually_context":"","bundle_item_grouping":"","bundle_min_size":"","bundle_max_size":"","bundled_items":[],"bundle_sell_ids":[],"acf":[],"yoast_head":"<!-- This site is optimized with the Yoast SEO plugin v27.4 - https:\/\/yoast.com\/product\/yoast-seo-wordpress\/ -->\n<title>Museo Revo Medium | Exenia<\/title>\n<meta name=\"robots\" content=\"noindex, follow, max-snippet:-1, max-image-preview:large, max-video-preview:-1\" \/>\n<meta property=\"og:locale\" content=\"de_DE\" \/>\n<meta property=\"og:type\" content=\"article\" \/>\n<meta property=\"og:title\" content=\"Museo Revo Medium | Exenia\" \/>\n<meta property=\"og:description\" content=\"Strahler f\u00fcr die Aufbauinstallation mit Treiber, der in den als...\" \/>\n<meta property=\"og:url\" content=\"https:\/\/restyling.exenia.eu\/de\/produkt\/museo-revo-medium\/\" \/>\n<meta property=\"og:site_name\" content=\"Exenia\" \/>\n<meta property=\"article:publisher\" content=\"https:\/\/www.facebook.com\/exenialighting\" \/>\n<meta property=\"article:modified_time\" content=\"2023-07-14T11:52:23+00:00\" \/>\n<meta property=\"og:image\" content=\"https:\/\/restyling.exenia.eu\/wp-content\/uploads\/2023\/01\/Museo-revo-medium-prodotto.jpg\" \/>\n\t<meta property=\"og:image:width\" content=\"2000\" \/>\n\t<meta property=\"og:image:height\" content=\"1919\" \/>\n\t<meta property=\"og:image:type\" content=\"image\/jpeg\" \/>\n<!-- \/ Yoast SEO plugin. -->","yoast_head_json":{"title":"Museo Revo Medium | Exenia","robots":{"index":"noindex","follow":"follow","max-snippet":"max-snippet:-1","max-image-preview":"max-image-preview:large","max-video-preview":"max-video-preview:-1"},"og_locale":"de_DE","og_type":"article","og_title":"Museo Revo Medium | Exenia","og_description":"Strahler f\u00fcr die Aufbauinstallation mit Treiber, der in den als...","og_url":"https:\/\/restyling.exenia.eu\/de\/produkt\/museo-revo-medium\/","og_site_name":"Exenia","article_publisher":"https:\/\/www.facebook.com\/exenialighting","article_modified_time":"2023-07-14T11:52:23+00:00","og_image":[{"width":2000,"height":1919,"url":"https:\/\/restyling.exenia.eu\/wp-content\/uploads\/2023\/01\/Museo-revo-medium-prodotto.jpg","type":"image\/jpeg"}],"schema":{"@context":"https:\/\/schema.org","@graph":[{"@type":"WebPage","@id":"https:\/\/restyling.exenia.eu\/de\/produkt\/museo-revo-medium\/","url":"https:\/\/restyling.exenia.eu\/de\/produkt\/museo-revo-medium\/","name":"Museo Revo Medium | Exenia","isPartOf":{"@id":"https:\/\/restyling.exenia.eu\/#website"},"primaryImageOfPage":{"@id":"https:\/\/restyling.exenia.eu\/de\/produkt\/museo-revo-medium\/#primaryimage"},"image":{"@id":"https:\/\/restyling.exenia.eu\/de\/produkt\/museo-revo-medium\/#primaryimage"},"thumbnailUrl":"https:\/\/restyling.exenia.eu\/wp-content\/uploads\/2023\/01\/Museo-revo-medium-prodotto.jpg","datePublished":"2022-11-24T08:50:41+00:00","dateModified":"2023-07-14T11:52:23+00:00","breadcrumb":{"@id":"https:\/\/restyling.exenia.eu\/de\/produkt\/museo-revo-medium\/#breadcrumb"},"inLanguage":"de","potentialAction":[{"@type":"ReadAction","target":["https:\/\/restyling.exenia.eu\/de\/produkt\/museo-revo-medium\/"]}]},{"@type":"ImageObject","inLanguage":"de","@id":"https:\/\/restyling.exenia.eu\/de\/produkt\/museo-revo-medium\/#primaryimage","url":"https:\/\/restyling.exenia.eu\/wp-content\/uploads\/2023\/01\/Museo-revo-medium-prodotto.jpg","contentUrl":"https:\/\/restyling.exenia.eu\/wp-content\/uploads\/2023\/01\/Museo-revo-medium-prodotto.jpg","width":2000,"height":1919},{"@type":"BreadcrumbList","@id":"https:\/\/restyling.exenia.eu\/de\/produkt\/museo-revo-medium\/#breadcrumb","itemListElement":[{"@type":"ListItem","position":1,"name":"Home","item":"https:\/\/restyling.exenia.eu\/"},{"@type":"ListItem","position":2,"name":"Produkte","item":"https:\/\/restyling.exenia.eu\/prodotti\/"},{"@type":"ListItem","position":3,"name":"Indoor","item":"https:\/\/restyling.exenia.eu\/de\/c\/indoor\/"},{"@type":"ListItem","position":4,"name":"Basisprojektoren","item":"https:\/\/restyling.exenia.eu\/de\/c\/indoor\/basisprojektoren\/"},{"@type":"ListItem","position":5,"name":"Museo Revo","item":"https:\/\/restyling.exenia.eu\/de\/c\/indoor\/basisprojektoren\/museo-revo-basisprojektoren\/"},{"@type":"ListItem","position":6,"name":"Museo Revo Medium"}]},{"@type":"WebSite","@id":"https:\/\/restyling.exenia.eu\/#website","url":"https:\/\/restyling.exenia.eu\/","name":"Exenia","description":"","publisher":{"@id":"https:\/\/restyling.exenia.eu\/#organization"},"potentialAction":[{"@type":"SearchAction","target":{"@type":"EntryPoint","urlTemplate":"https:\/\/restyling.exenia.eu\/?s={search_term_string}"},"query-input":{"@type":"PropertyValueSpecification","valueRequired":true,"valueName":"search_term_string"}}],"inLanguage":"de"},{"@type":"Organization","@id":"https:\/\/restyling.exenia.eu\/#organization","name":"Exenia","url":"https:\/\/restyling.exenia.eu\/","logo":{"@type":"ImageObject","inLanguage":"de","@id":"https:\/\/restyling.exenia.eu\/#\/schema\/logo\/image\/","url":"https:\/\/restyling.exenia.eu\/wp-content\/uploads\/2022\/09\/logo_exenia-e1678467519405.png","contentUrl":"https:\/\/restyling.exenia.eu\/wp-content\/uploads\/2022\/09\/logo_exenia-e1678467519405.png","width":600,"height":194,"caption":"Exenia"},"image":{"@id":"https:\/\/restyling.exenia.eu\/#\/schema\/logo\/image\/"},"sameAs":["https:\/\/www.facebook.com\/exenialighting","https:\/\/x.com\/ExeniaLighting"]}]}},"_links":{"self":[{"href":"https:\/\/restyling.exenia.eu\/de\/wp-json\/wp\/v2\/product\/27287","targetHints":{"allow":["GET"]}}],"collection":[{"href":"https:\/\/restyling.exenia.eu\/de\/wp-json\/wp\/v2\/product"}],"about":[{"href":"https:\/\/restyling.exenia.eu\/de\/wp-json\/wp\/v2\/types\/product"}],"wp:featuredmedia":[{"embeddable":true,"href":"https:\/\/restyling.exenia.eu\/de\/wp-json\/wp\/v2\/media\/23433"}],"wp:attachment":[{"href":"https:\/\/restyling.exenia.eu\/de\/wp-json\/wp\/v2\/media?parent=27287"}],"wp:term":[{"taxonomy":"product_brand","embeddable":true,"href":"https:\/\/restyling.exenia.eu\/de\/wp-json\/wp\/v2\/product_brand?post=27287"},{"taxonomy":"product_cat","embeddable":true,"href":"https:\/\/restyling.exenia.eu\/de\/wp-json\/wp\/v2\/product_cat?post=27287"},{"taxonomy":"product_tag","embeddable":true,"href":"https:\/\/restyling.exenia.eu\/de\/wp-json\/wp\/v2\/product_tag?post=27287"},{"taxonomy":"categoria-admin-prodotto","embeddable":true,"href":"https:\/\/restyling.exenia.eu\/de\/wp-json\/wp\/v2\/categoria-admin-prodotto?post=27287"}],"curies":[{"name":"wp","href":"https:\/\/api.w.org\/{rel}","templated":true}]}}