{"id":27297,"date":"2022-11-24T09:50:41","date_gmt":"2022-11-24T08:50:41","guid":{"rendered":"https:\/\/www.exenia.eu\/prodotto\/museo-revo-small-2\/"},"modified":"2023-07-14T13:45:00","modified_gmt":"2023-07-14T11:45:00","slug":"museo-revo-small","status":"publish","type":"product","link":"https:\/\/restyling.exenia.eu\/de\/produkt\/museo-revo-small\/","title":{"rendered":"Museo Revo Small"},"content":{"rendered":"<p>Strahler f\u00fcr die Aufbauinstallation mit Treiber, der in den als Halterung und Befestigung dienenden Sockel integriert ist.<br \/>\nGeeignet sowohl f\u00fcr die direkte als auch die indirekte Beleuchtung mit h\u00f6chstem visuellen Komfort. Die neuen optischen Systeme Revo Dark wurden f\u00fcr eine fortschrittliche beleuchtungstechnische Planung entwickelt und eignen sich vor allem f\u00fcr Umgebungen, bei denen besondere Anforderungen an den visuellen Komfort gestellt werden. Ausgestattet mit zwei Gelenken und sechs Bewegungsgraden, sodass in jede Richtung eine pr\u00e4zise und punktgenaue Ausrichtung m\u00f6glich ist. Die auf ein Minimum reduzierten Abmessungen und die Oberfl\u00e4chen, die vor allem darauf abzielen, die Leuchte mit der Umgebung verschmelzen zu lassen, passen perfekt zu den neuen Leistungsparametern von REVO. Dieses Produkt zeichnet sich nun durch einen unvergleichliches Verh\u00e4ltnis zwischen Gr\u00f6\u00dfe und Leistung aus.<\/p>\n<p>Die Version <strong> Small<\/strong> bietet Abstrahlwinkel von 6\u00b0 bis 50\u00b0, zwei elliptische Lichtb\u00fcndel, Shaper und umfangreiches Zubeh\u00f6r. Eine h\u00f6here Farbwiedergabe, ein UGR-Wert von &lt;10 und die Einhaltung der DARK-lighting-Parameter werden durch die hohe Qualit\u00e4t des Leuchtmittels mit einer Farbkonsistenz von 2 SDCM und die besonders sauberen Lichtb\u00fcndel abgerundet.<br \/>\nDurch die Kompatibilit\u00e4t mit den meisten Steuersystemen ist Museo Revo Small das perfekte Instrument in Beleuchtungskontexten, bei denen der Wert des Leuchtmittels von seiner hohen Leistungsqualit\u00e4t und einer geringen physischen und visuellen Beeintr\u00e4chtigung durch die Montage abh\u00e4ngt.<br \/>\nBei den Mehrfachleuchten ist es m\u00f6glich, bei einer Leuchte unterschiedliche Abstrahlwinkel mit variablen \u00d6ffnungen zu verwenden.<br \/>\nDie mit vereinheitlichten Abstrahlwinkeln konfigurierten Mehrfachleuchten sind mit allen \u00d6ffnungsvarianten erh\u00e4ltlich.<\/p>\n","protected":false},"excerpt":{"rendered":"<p>Strahler f\u00fcr die Aufbauinstallation mit Treiber, der in den als&#8230;<\/p>\n","protected":false},"featured_media":23513,"template":"","meta":{"_acf_changed":false},"product_brand":[],"product_cat":[2821],"product_tag":[7500,7509],"categoria-admin-prodotto":[],"class_list":{"0":"post-27297","1":"product","2":"type-product","3":"status-publish","4":"has-post-thumbnail","6":"product_cat-museo-revo-basisprojektoren","7":"product_tag-38540-de","8":"product_tag-38541-de-2","9":"pa_cct-2700k-de","10":"pa_cct-3000k-de","11":"pa_cct-3500k-de","12":"pa_cct-4000k-de","13":"pa_certificazione-conformita-ce-de","14":"pa_classe-f-da","15":"pa_cri-92-de","16":"pa_cri-98-de","17":"pa_grado-ip-ip20-de","18":"pa_temperatura-di-esercizio-10-35-de","20":"first","21":"instock","22":"purchasable","23":"product-type-composite"},"composite_virtual":false,"composite_layout":"single","composite_add_to_cart_form_location":"default","composite_editable_in_cart":false,"composite_sold_individually_context":"product","composite_shop_price_calc":"defaults","composite_components":[{"id":"1674663088","title":"Geh\u00e4use der Leuchte","description":"","query_type":"product_ids","query_ids":[20634],"default_option_id":20634,"thumbnail_id":"","thumbnail_src":"","quantity_min":1,"quantity_max":1,"priced_individually":false,"shipped_individually":false,"optional":false,"discount":"","options_style":"radios","pagination_style":"classic","display_prices":"absolute","show_sorting_options":false,"show_filtering_options":false,"attribute_filter_ids":[],"product_title_visible":false,"product_descr_visible":false,"product_price_visible":false,"product_thumb_visible":false,"subtotal_visible_product":false,"subtotal_visible_cart":false,"subtotal_visible_orders":false},{"id":"1674663089","title":"Version","description":"","query_type":"product_ids","query_ids":[21104,21113],"default_option_id":"","thumbnail_id":"","thumbnail_src":"","quantity_min":1,"quantity_max":1,"priced_individually":false,"shipped_individually":false,"optional":true,"discount":"","options_style":"radios","pagination_style":"classic","display_prices":"absolute","show_sorting_options":false,"show_filtering_options":false,"attribute_filter_ids":[],"product_title_visible":false,"product_descr_visible":false,"product_price_visible":false,"product_thumb_visible":false,"subtotal_visible_product":false,"subtotal_visible_cart":false,"subtotal_visible_orders":false},{"id":"1674663090","title":"Kontrolle","description":"","query_type":"product_ids","query_ids":[20508,20509,20537,20535,20553],"default_option_id":"","thumbnail_id":"","thumbnail_src":"","quantity_min":1,"quantity_max":1,"priced_individually":false,"shipped_individually":false,"optional":true,"discount":"","options_style":"radios","pagination_style":"classic","display_prices":"absolute","show_sorting_options":false,"show_filtering_options":false,"attribute_filter_ids":[],"product_title_visible":false,"product_descr_visible":false,"product_price_visible":false,"product_thumb_visible":false,"subtotal_visible_product":false,"subtotal_visible_cart":false,"subtotal_visible_orders":false},{"id":"1674663091","title":"Oberfl\u00e4che","description":"","query_type":"product_ids","query_ids":[20838,20813,20771,20831,20829,20826,20817],"default_option_id":"","thumbnail_id":"","thumbnail_src":"","quantity_min":1,"quantity_max":1,"priced_individually":false,"shipped_individually":false,"optional":true,"discount":"","options_style":"radios","pagination_style":"classic","display_prices":"absolute","show_sorting_options":false,"show_filtering_options":false,"attribute_filter_ids":[],"product_title_visible":false,"product_descr_visible":false,"product_price_visible":false,"product_thumb_visible":false,"subtotal_visible_product":false,"subtotal_visible_cart":false,"subtotal_visible_orders":false},{"id":"1674663092","title":"CRI-CCT","description":"","query_type":"product_ids","query_ids":[20691,20692,20694,20693,20701,20703,20702,20704],"default_option_id":"","thumbnail_id":"","thumbnail_src":"","quantity_min":1,"quantity_max":1,"priced_individually":false,"shipped_individually":false,"optional":true,"discount":"","options_style":"radios","pagination_style":"classic","display_prices":"absolute","show_sorting_options":false,"show_filtering_options":false,"attribute_filter_ids":[],"product_title_visible":false,"product_descr_visible":false,"product_price_visible":false,"product_thumb_visible":false,"subtotal_visible_product":false,"subtotal_visible_cart":false,"subtotal_visible_orders":false},{"id":"1674663093","title":"Optik","description":"","query_type":"product_ids","query_ids":[20988,20962,20858,20978,20956,20926,20995,20865],"default_option_id":"","thumbnail_id":"","thumbnail_src":"","quantity_min":1,"quantity_max":1,"priced_individually":false,"shipped_individually":false,"optional":true,"discount":"","options_style":"radios","pagination_style":"classic","display_prices":"absolute","show_sorting_options":false,"show_filtering_options":false,"attribute_filter_ids":[],"product_title_visible":false,"product_descr_visible":false,"product_price_visible":false,"product_thumb_visible":false,"subtotal_visible_product":false,"subtotal_visible_cart":false,"subtotal_visible_orders":false},{"id":"1674663094","title":"Zubeh\u00f6r","description":"","query_type":"product_ids","query_ids":[20477,20456,20481,20483,20452],"default_option_id":"","thumbnail_id":"","thumbnail_src":"","quantity_min":1,"quantity_max":1,"priced_individually":false,"shipped_individually":false,"optional":true,"discount":"","options_style":"radios","pagination_style":"classic","display_prices":"absolute","show_sorting_options":false,"show_filtering_options":false,"attribute_filter_ids":[],"product_title_visible":false,"product_descr_visible":false,"product_price_visible":false,"product_thumb_visible":false,"subtotal_visible_product":false,"subtotal_visible_cart":false,"subtotal_visible_orders":false},{"id":"1676887044","title":"Unabh\u00e4ngiges Zubeh\u00f6r","description":"","query_type":"product_ids","query_ids":[40641],"default_option_id":40641,"thumbnail_id":"","thumbnail_src":"","quantity_min":1,"quantity_max":1,"priced_individually":false,"shipped_individually":false,"optional":false,"discount":"","options_style":"radios","pagination_style":"classic","display_prices":"absolute","show_sorting_options":false,"show_filtering_options":false,"attribute_filter_ids":[],"product_title_visible":false,"product_descr_visible":true,"product_price_visible":false,"product_thumb_visible":false,"subtotal_visible_product":false,"subtotal_visible_cart":false,"subtotal_visible_orders":false},{"id":"1689331882","title":"Lebenslang","description":"","query_type":"product_ids","query_ids":[50125,50129],"default_option_id":"","thumbnail_id":"","thumbnail_src":"","quantity_min":1,"quantity_max":1,"priced_individually":false,"shipped_individually":false,"optional":true,"discount":"","options_style":"radios","pagination_style":"classic","display_prices":"absolute","show_sorting_options":false,"show_filtering_options":false,"attribute_filter_ids":[],"product_title_visible":false,"product_descr_visible":false,"product_price_visible":false,"product_thumb_visible":false,"subtotal_visible_product":false,"subtotal_visible_cart":false,"subtotal_visible_orders":false}],"composite_scenarios":[{"id":"1674663661","name":"1x + LT","description":"","configuration":[{"component_id":"1674663089","options_modifier":"in","component_options":[21104]},{"component_id":"1674663090","options_modifier":"in","component_options":[20553]}],"actions":[{"action_id":"compat_group","is_active":false},{"action_id":"conditional_components","is_active":false,"hidden_components":[]},{"action_id":"conditional_options","is_active":true,"hidden_options":[{"component_id":"1674663093","component_options":[20988,20962,20858],"options_modifier":"in"}]}],"enabled":true},{"id":"1674663662","name":"2x + LT","description":"","configuration":[{"component_id":"1674663089","options_modifier":"in","component_options":[21113]},{"component_id":"1674663090","options_modifier":"in","component_options":[20553]}],"actions":[{"action_id":"compat_group","is_active":false},{"action_id":"conditional_components","is_active":false,"hidden_components":[]},{"action_id":"conditional_options","is_active":true,"hidden_options":[{"component_id":"1674663093","component_options":[20988],"options_modifier":"in"}]}],"enabled":true},{"id":"1674663663","name":"cri98","description":"","configuration":[{"component_id":"1674663092","options_modifier":"in","component_options":[20701,20703,20702,20704]}],"actions":[{"action_id":"compat_group","is_active":false},{"action_id":"conditional_components","is_active":false,"hidden_components":[]},{"action_id":"conditional_options","is_active":true,"hidden_options":[{"component_id":"1674663093","component_options":[20988,20962,20858],"options_modifier":"in"}]}],"enabled":true},{"id":"1674663664","name":"very narrow spot","description":"","configuration":[{"component_id":"1674663093","options_modifier":"in","component_options":[20988]}],"actions":[{"action_id":"compat_group","is_active":false},{"action_id":"conditional_components","is_active":false,"hidden_components":[]},{"action_id":"conditional_options","is_active":true,"hidden_options":[{"component_id":"1674663090","component_options":[20553],"options_modifier":"in"},{"component_id":"1674663092","component_options":[20701,20703,20702,20704],"options_modifier":"in"}]}],"enabled":true},{"id":"1674663665","name":"narrow spot","description":"","configuration":[{"component_id":"1674663093","options_modifier":"in","component_options":[20962]}],"actions":[{"action_id":"compat_group","is_active":false},{"action_id":"conditional_components","is_active":false,"hidden_components":[]},{"action_id":"conditional_options","is_active":true,"hidden_options":[{"component_id":"1674663092","component_options":[20701,20703,20702,20704],"options_modifier":"in"},{"component_id":"1674663094","component_options":[20452],"options_modifier":"in"}]}],"enabled":true},{"id":"1674663666","name":"narrow spot \/ ell.narrow spot + 1x","description":"","configuration":[{"component_id":"1674663089","options_modifier":"in","component_options":[21104]},{"component_id":"1674663093","options_modifier":"in","component_options":[20962,20858]}],"actions":[{"action_id":"compat_group","is_active":false},{"action_id":"conditional_components","is_active":false,"hidden_components":[]},{"action_id":"conditional_options","is_active":true,"hidden_options":[{"component_id":"1674663090","component_options":[20553],"options_modifier":"in"}]}],"enabled":true},{"id":"1674663667","name":"ell. narrow spot","description":"","configuration":[{"component_id":"1674663093","options_modifier":"in","component_options":[20858]}],"actions":[{"action_id":"compat_group","is_active":false},{"action_id":"conditional_components","is_active":false,"hidden_components":[]},{"action_id":"conditional_options","is_active":true,"hidden_options":[{"component_id":"1674663092","component_options":[20701,20703,20702,20704],"options_modifier":"in"},{"component_id":"1674663094","component_options":[-1,20477],"options_modifier":"not-in"}]}],"enabled":true},{"id":"1674663668","name":"wide flood","description":"","configuration":[{"component_id":"1674663093","options_modifier":"in","component_options":[20995]}],"actions":[{"action_id":"compat_group","is_active":false},{"action_id":"conditional_components","is_active":false,"hidden_components":[]},{"action_id":"conditional_options","is_active":true,"hidden_options":[{"component_id":"1674663094","component_options":[20452],"options_modifier":"in"}]}],"enabled":true},{"id":"1674663669","name":"ell. wide flood","description":"","configuration":[{"component_id":"1674663093","options_modifier":"in","component_options":[20865]}],"actions":[{"action_id":"compat_group","is_active":false},{"action_id":"conditional_components","is_active":false,"hidden_components":[]},{"action_id":"conditional_options","is_active":true,"hidden_options":[{"component_id":"1674663094","component_options":[-1,20477],"options_modifier":"not-in"}]}],"enabled":true},{"id":"1674663853","name":"acc. honeycomb \/ snoot \/ visor","description":"","configuration":[{"component_id":"1674663094","options_modifier":"in","component_options":[20456,20481,20483]}],"actions":[{"action_id":"compat_group","is_active":false},{"action_id":"conditional_components","is_active":false,"hidden_components":[]},{"action_id":"conditional_options","is_active":true,"hidden_options":[{"component_id":"1674663093","component_options":[20858,20865],"options_modifier":"in"}]}],"enabled":true},{"id":"1674663854","name":"acc. lente ell.","description":"","configuration":[{"component_id":"1674663094","options_modifier":"in","component_options":[20452]}],"actions":[{"action_id":"compat_group","is_active":false},{"action_id":"conditional_components","is_active":false,"hidden_components":[]},{"action_id":"conditional_options","is_active":true,"hidden_options":[{"component_id":"1674663093","component_options":[20962,20858,20995,20865],"options_modifier":"in"}]}],"enabled":true},{"id":"1689331958","name":"LT 80","description":"","configuration":[{"component_id":"1674663093","options_modifier":"in","component_options":[20978,20956,20926,20995,20865]}],"actions":[{"action_id":"compat_group","is_active":false},{"action_id":"conditional_components","is_active":false,"hidden_components":[]},{"action_id":"conditional_options","is_active":true,"hidden_options":[{"component_id":"1689331882","component_options":[-1,50125],"options_modifier":"not-in"}]}],"enabled":true},{"id":"1689331959","name":"LT 100","description":"","configuration":[{"component_id":"1674663093","options_modifier":"in","component_options":[20988,20962,20858]}],"actions":[{"action_id":"compat_group","is_active":false},{"action_id":"conditional_components","is_active":false,"hidden_components":[]},{"action_id":"conditional_options","is_active":true,"hidden_options":[{"component_id":"1689331882","component_options":[-1,50129],"options_modifier":"not-in"}]}],"enabled":true}],"bundled_by":[],"bundle_stock_status":"instock","bundle_stock_quantity":null,"bundle_virtual":false,"bundle_layout":"","bundle_add_to_cart_form_location":"","bundle_editable_in_cart":false,"bundle_sold_individually_context":"","bundle_item_grouping":"","bundle_min_size":"","bundle_max_size":"","bundled_items":[],"bundle_sell_ids":[],"acf":[],"yoast_head":"<!-- This site is optimized with the Yoast SEO plugin v27.4 - https:\/\/yoast.com\/product\/yoast-seo-wordpress\/ -->\n<title>Museo Revo Small | Exenia<\/title>\n<meta name=\"robots\" content=\"noindex, follow, max-snippet:-1, max-image-preview:large, max-video-preview:-1\" \/>\n<meta property=\"og:locale\" content=\"de_DE\" \/>\n<meta property=\"og:type\" content=\"article\" \/>\n<meta property=\"og:title\" content=\"Museo Revo Small | Exenia\" \/>\n<meta property=\"og:description\" content=\"Strahler f\u00fcr die Aufbauinstallation mit Treiber, der in den als...\" \/>\n<meta property=\"og:url\" content=\"https:\/\/restyling.exenia.eu\/de\/produkt\/museo-revo-small\/\" \/>\n<meta property=\"og:site_name\" content=\"Exenia\" \/>\n<meta property=\"article:publisher\" content=\"https:\/\/www.facebook.com\/exenialighting\" \/>\n<meta property=\"article:modified_time\" content=\"2023-07-14T11:45:00+00:00\" \/>\n<meta property=\"og:image\" content=\"https:\/\/restyling.exenia.eu\/wp-content\/uploads\/2023\/01\/Museo-revo-small-prodotto.jpg\" \/>\n\t<meta property=\"og:image:width\" content=\"2000\" \/>\n\t<meta property=\"og:image:height\" content=\"1919\" \/>\n\t<meta property=\"og:image:type\" content=\"image\/jpeg\" \/>\n<!-- \/ Yoast SEO plugin. -->","yoast_head_json":{"title":"Museo Revo Small | Exenia","robots":{"index":"noindex","follow":"follow","max-snippet":"max-snippet:-1","max-image-preview":"max-image-preview:large","max-video-preview":"max-video-preview:-1"},"og_locale":"de_DE","og_type":"article","og_title":"Museo Revo Small | Exenia","og_description":"Strahler f\u00fcr die Aufbauinstallation mit Treiber, der in den als...","og_url":"https:\/\/restyling.exenia.eu\/de\/produkt\/museo-revo-small\/","og_site_name":"Exenia","article_publisher":"https:\/\/www.facebook.com\/exenialighting","article_modified_time":"2023-07-14T11:45:00+00:00","og_image":[{"width":2000,"height":1919,"url":"https:\/\/restyling.exenia.eu\/wp-content\/uploads\/2023\/01\/Museo-revo-small-prodotto.jpg","type":"image\/jpeg"}],"schema":{"@context":"https:\/\/schema.org","@graph":[{"@type":"WebPage","@id":"https:\/\/restyling.exenia.eu\/de\/produkt\/museo-revo-small\/","url":"https:\/\/restyling.exenia.eu\/de\/produkt\/museo-revo-small\/","name":"Museo Revo Small | Exenia","isPartOf":{"@id":"https:\/\/restyling.exenia.eu\/#website"},"primaryImageOfPage":{"@id":"https:\/\/restyling.exenia.eu\/de\/produkt\/museo-revo-small\/#primaryimage"},"image":{"@id":"https:\/\/restyling.exenia.eu\/de\/produkt\/museo-revo-small\/#primaryimage"},"thumbnailUrl":"https:\/\/restyling.exenia.eu\/wp-content\/uploads\/2023\/01\/Museo-revo-small-prodotto.jpg","datePublished":"2022-11-24T08:50:41+00:00","dateModified":"2023-07-14T11:45:00+00:00","breadcrumb":{"@id":"https:\/\/restyling.exenia.eu\/de\/produkt\/museo-revo-small\/#breadcrumb"},"inLanguage":"de","potentialAction":[{"@type":"ReadAction","target":["https:\/\/restyling.exenia.eu\/de\/produkt\/museo-revo-small\/"]}]},{"@type":"ImageObject","inLanguage":"de","@id":"https:\/\/restyling.exenia.eu\/de\/produkt\/museo-revo-small\/#primaryimage","url":"https:\/\/restyling.exenia.eu\/wp-content\/uploads\/2023\/01\/Museo-revo-small-prodotto.jpg","contentUrl":"https:\/\/restyling.exenia.eu\/wp-content\/uploads\/2023\/01\/Museo-revo-small-prodotto.jpg","width":2000,"height":1919},{"@type":"BreadcrumbList","@id":"https:\/\/restyling.exenia.eu\/de\/produkt\/museo-revo-small\/#breadcrumb","itemListElement":[{"@type":"ListItem","position":1,"name":"Home","item":"https:\/\/restyling.exenia.eu\/"},{"@type":"ListItem","position":2,"name":"Produkte","item":"https:\/\/restyling.exenia.eu\/prodotti\/"},{"@type":"ListItem","position":3,"name":"Indoor","item":"https:\/\/restyling.exenia.eu\/de\/c\/indoor\/"},{"@type":"ListItem","position":4,"name":"Basisprojektoren","item":"https:\/\/restyling.exenia.eu\/de\/c\/indoor\/basisprojektoren\/"},{"@type":"ListItem","position":5,"name":"Museo Revo","item":"https:\/\/restyling.exenia.eu\/de\/c\/indoor\/basisprojektoren\/museo-revo-basisprojektoren\/"},{"@type":"ListItem","position":6,"name":"Museo Revo Small"}]},{"@type":"WebSite","@id":"https:\/\/restyling.exenia.eu\/#website","url":"https:\/\/restyling.exenia.eu\/","name":"Exenia","description":"","publisher":{"@id":"https:\/\/restyling.exenia.eu\/#organization"},"potentialAction":[{"@type":"SearchAction","target":{"@type":"EntryPoint","urlTemplate":"https:\/\/restyling.exenia.eu\/?s={search_term_string}"},"query-input":{"@type":"PropertyValueSpecification","valueRequired":true,"valueName":"search_term_string"}}],"inLanguage":"de"},{"@type":"Organization","@id":"https:\/\/restyling.exenia.eu\/#organization","name":"Exenia","url":"https:\/\/restyling.exenia.eu\/","logo":{"@type":"ImageObject","inLanguage":"de","@id":"https:\/\/restyling.exenia.eu\/#\/schema\/logo\/image\/","url":"https:\/\/restyling.exenia.eu\/wp-content\/uploads\/2022\/09\/logo_exenia-e1678467519405.png","contentUrl":"https:\/\/restyling.exenia.eu\/wp-content\/uploads\/2022\/09\/logo_exenia-e1678467519405.png","width":600,"height":194,"caption":"Exenia"},"image":{"@id":"https:\/\/restyling.exenia.eu\/#\/schema\/logo\/image\/"},"sameAs":["https:\/\/www.facebook.com\/exenialighting","https:\/\/x.com\/ExeniaLighting"]}]}},"_links":{"self":[{"href":"https:\/\/restyling.exenia.eu\/de\/wp-json\/wp\/v2\/product\/27297","targetHints":{"allow":["GET"]}}],"collection":[{"href":"https:\/\/restyling.exenia.eu\/de\/wp-json\/wp\/v2\/product"}],"about":[{"href":"https:\/\/restyling.exenia.eu\/de\/wp-json\/wp\/v2\/types\/product"}],"wp:featuredmedia":[{"embeddable":true,"href":"https:\/\/restyling.exenia.eu\/de\/wp-json\/wp\/v2\/media\/23513"}],"wp:attachment":[{"href":"https:\/\/restyling.exenia.eu\/de\/wp-json\/wp\/v2\/media?parent=27297"}],"wp:term":[{"taxonomy":"product_brand","embeddable":true,"href":"https:\/\/restyling.exenia.eu\/de\/wp-json\/wp\/v2\/product_brand?post=27297"},{"taxonomy":"product_cat","embeddable":true,"href":"https:\/\/restyling.exenia.eu\/de\/wp-json\/wp\/v2\/product_cat?post=27297"},{"taxonomy":"product_tag","embeddable":true,"href":"https:\/\/restyling.exenia.eu\/de\/wp-json\/wp\/v2\/product_tag?post=27297"},{"taxonomy":"categoria-admin-prodotto","embeddable":true,"href":"https:\/\/restyling.exenia.eu\/de\/wp-json\/wp\/v2\/categoria-admin-prodotto?post=27297"}],"curies":[{"name":"wp","href":"https:\/\/api.w.org\/{rel}","templated":true}]}}