{"id":27321,"date":"2022-11-24T09:50:41","date_gmt":"2022-11-24T08:50:41","guid":{"rendered":"https:\/\/www.exenia.eu\/prodotto\/naboo-vertical-2\/"},"modified":"2023-06-12T09:47:40","modified_gmt":"2023-06-12T07:47:40","slug":"naboo-vertical","status":"publish","type":"product","link":"https:\/\/restyling.exenia.eu\/de\/produkt\/naboo-vertical\/","title":{"rendered":"Naboo Vertical"},"content":{"rendered":"<p>H\u00e4ngeleuchte diffusem Licht mit linearem SMD-Leuchtmittel. Gleichstromversorgung mit Konstantspannung \u00fcber einen in die Deckendose (separat zu bestellen) integrierten Treiber. Der Treiber f\u00fcr die Stromversorgung kann extern installiert werden, ohne daf\u00fcr unbedingt die Deckendose erwerben zu m\u00fcssen. LED-Rundleuchten f\u00fcr eine vertikale Aufh\u00e4ngung. Durchmesser 1100 mm, 1500 mm oder 2000 mm. Ausgestattet mit linearem SMD- LED-Leuchtmittel und Diffusor aus opalem Polycarbonat f\u00fcr eine Lichtemission in alle Richtungen. Erh\u00e4ltlich bei CRI 85 mit 3000 K und bei einem CRI 95 mit 2700\/3000\/4000 K. Hergestellt aus einem Profil aus stranggepresster und gebogener Aluminiumlegierung und bestehend aus mehreren Modulen, die mit Elementen aus Druckguss-Aluminium miteinander verbunden werden. Die beiden im Lieferumfang enthaltenen Aufh\u00e4ngekabel aus Stahl erm\u00f6glichen auch die H\u00f6henregulierung der Leuchte. Elektrische Isolierung: Schutzklasse III. Die Betriebsger\u00e4te sind in die Deckendose (separat zu bestellen) integriert und bieten die Betriebsmodi ON\/OFF oder dimmbar mit 1-10V, DALI oder PUSH. Bei einer externen Installation der Betriebsger\u00e4te kann die Verwendung einer Deckendose vermieden werden. Schutzart IP40. Verf\u00fcgbare Farben: Ziegelrot, Mattwei\u00df txt, Mattschwarz txt, Corten-Effekt und Betongrau.<\/p>\n","protected":false},"excerpt":{"rendered":"<p>H\u00e4ngeleuchte diffusem Licht mit linearem SMD-Leuchtmittel. Gleichstromversorgung mit Konstantspannung \u00fcber&#8230;<\/p>\n","protected":false},"featured_media":11742,"template":"","meta":{"_acf_changed":false},"product_brand":[],"product_cat":[2770],"product_tag":[8433,8436,8441],"categoria-admin-prodotto":[],"class_list":{"0":"post-27321","1":"product","2":"type-product","3":"status-publish","4":"has-post-thumbnail","6":"product_cat-naboo-pendel-deckenleuchte","7":"product_tag-37750-de","8":"product_tag-37751-de","9":"product_tag-37752-de","10":"pa_cct-2700k-de","11":"pa_cct-3000k-de","12":"pa_cct-4000k-de","13":"pa_certificazione-conformita-ce-de","14":"pa_classe-f-da","15":"pa_cri-85-de","16":"pa_cri-95-de","17":"pa_grado-ip-ip40-de","18":"pa_lifetime-l80b10-50-000-h-de","19":"pa_temperatura-di-esercizio-10-30-de","21":"first","22":"instock","23":"purchasable","24":"product-type-composite"},"composite_virtual":false,"composite_layout":"single","composite_add_to_cart_form_location":"default","composite_editable_in_cart":false,"composite_sold_individually_context":"product","composite_shop_price_calc":"defaults","composite_components":[{"id":"1669644398","title":"Geh\u00e4use der Leuchte","description":"","query_type":"product_ids","query_ids":[20627],"default_option_id":20627,"thumbnail_id":"","thumbnail_src":"","quantity_min":1,"quantity_max":1,"priced_individually":false,"shipped_individually":false,"optional":false,"discount":"","options_style":"radios","pagination_style":"classic","display_prices":"absolute","show_sorting_options":false,"show_filtering_options":false,"attribute_filter_ids":[],"product_title_visible":false,"product_descr_visible":false,"product_price_visible":false,"product_thumb_visible":false,"subtotal_visible_product":false,"subtotal_visible_cart":false,"subtotal_visible_orders":false},{"id":"1669644399","title":"Version","description":"","query_type":"product_ids","query_ids":[21036,21046,21053],"default_option_id":"","thumbnail_id":"","thumbnail_src":"","quantity_min":1,"quantity_max":1,"priced_individually":false,"shipped_individually":false,"optional":true,"discount":"","options_style":"radios","pagination_style":"classic","display_prices":"absolute","show_sorting_options":false,"show_filtering_options":false,"attribute_filter_ids":[],"product_title_visible":false,"product_descr_visible":false,"product_price_visible":false,"product_thumb_visible":false,"subtotal_visible_product":false,"subtotal_visible_cart":false,"subtotal_visible_orders":false},{"id":"1669644400","title":"Quelle","description":"","query_type":"product_ids","query_ids":[21096],"default_option_id":21096,"thumbnail_id":"","thumbnail_src":"","quantity_min":1,"quantity_max":1,"priced_individually":false,"shipped_individually":false,"optional":false,"discount":"","options_style":"radios","pagination_style":"classic","display_prices":"absolute","show_sorting_options":false,"show_filtering_options":false,"attribute_filter_ids":[],"product_title_visible":false,"product_descr_visible":false,"product_price_visible":false,"product_thumb_visible":false,"subtotal_visible_product":false,"subtotal_visible_cart":false,"subtotal_visible_orders":false},{"id":"1669644401","title":"Oberfl\u00e4che","description":"","query_type":"product_ids","query_ids":[20806,20810,20811,20788,20791],"default_option_id":"","thumbnail_id":"","thumbnail_src":"","quantity_min":1,"quantity_max":1,"priced_individually":false,"shipped_individually":false,"optional":true,"discount":"","options_style":"radios","pagination_style":"classic","display_prices":"absolute","show_sorting_options":false,"show_filtering_options":false,"attribute_filter_ids":[],"product_title_visible":false,"product_descr_visible":false,"product_price_visible":false,"product_thumb_visible":false,"subtotal_visible_product":false,"subtotal_visible_cart":false,"subtotal_visible_orders":false},{"id":"1669644402","title":"CRI-CCT","description":"","query_type":"product_ids","query_ids":[20719,20713,20714,20715],"default_option_id":"","thumbnail_id":"","thumbnail_src":"","quantity_min":1,"quantity_max":1,"priced_individually":false,"shipped_individually":false,"optional":true,"discount":"","options_style":"radios","pagination_style":"classic","display_prices":"absolute","show_sorting_options":false,"show_filtering_options":false,"attribute_filter_ids":[],"product_title_visible":false,"product_descr_visible":false,"product_price_visible":false,"product_thumb_visible":false,"subtotal_visible_product":false,"subtotal_visible_cart":false,"subtotal_visible_orders":false},{"id":"1675417144","title":"Separat bestellen","description":"","query_type":"product_ids","query_ids":[7635],"default_option_id":7635,"thumbnail_id":"","thumbnail_src":"","quantity_min":1,"quantity_max":1,"priced_individually":false,"shipped_individually":false,"optional":false,"discount":"","options_style":"radios","pagination_style":"classic","display_prices":"absolute","show_sorting_options":false,"show_filtering_options":false,"attribute_filter_ids":[],"product_title_visible":false,"product_descr_visible":false,"product_price_visible":false,"product_thumb_visible":false,"subtotal_visible_product":false,"subtotal_visible_cart":false,"subtotal_visible_orders":false},{"id":"1675417145","title":"Stromversorgung","description":"","query_type":"product_ids","query_ids":[41919,40373],"default_option_id":"","thumbnail_id":"","thumbnail_src":"","quantity_min":1,"quantity_max":1,"priced_individually":false,"shipped_individually":false,"optional":true,"discount":"","options_style":"radios","pagination_style":"classic","display_prices":"absolute","show_sorting_options":false,"show_filtering_options":false,"attribute_filter_ids":[],"product_title_visible":false,"product_descr_visible":false,"product_price_visible":false,"product_thumb_visible":true,"subtotal_visible_product":false,"subtotal_visible_cart":false,"subtotal_visible_orders":false}],"composite_scenarios":[],"bundled_by":[],"bundle_stock_status":"instock","bundle_stock_quantity":null,"bundle_virtual":false,"bundle_layout":"","bundle_add_to_cart_form_location":"","bundle_editable_in_cart":false,"bundle_sold_individually_context":"","bundle_item_grouping":"","bundle_min_size":"","bundle_max_size":"","bundled_items":[],"bundle_sell_ids":[],"acf":[],"yoast_head":"<!-- This site is optimized with the Yoast SEO plugin v27.5 - https:\/\/yoast.com\/product\/yoast-seo-wordpress\/ -->\n<title>Naboo Vertical | Exenia<\/title>\n<meta name=\"robots\" content=\"noindex, follow, max-snippet:-1, max-image-preview:large, max-video-preview:-1\" \/>\n<meta property=\"og:locale\" content=\"de_DE\" \/>\n<meta property=\"og:type\" content=\"article\" \/>\n<meta property=\"og:title\" content=\"Naboo Vertical | Exenia\" \/>\n<meta property=\"og:description\" content=\"H\u00e4ngeleuchte diffusem Licht mit linearem SMD-Leuchtmittel. Gleichstromversorgung mit Konstantspannung \u00fcber...\" \/>\n<meta property=\"og:url\" content=\"https:\/\/restyling.exenia.eu\/de\/produkt\/naboo-vertical\/\" \/>\n<meta property=\"og:site_name\" content=\"Exenia\" \/>\n<meta property=\"article:publisher\" content=\"https:\/\/www.facebook.com\/exenialighting\" \/>\n<meta property=\"article:modified_time\" content=\"2023-06-12T07:47:40+00:00\" \/>\n<meta property=\"og:image\" content=\"https:\/\/restyling.exenia.eu\/wp-content\/uploads\/2023\/01\/Naboo-vertical.jpg\" \/>\n\t<meta property=\"og:image:width\" content=\"2000\" \/>\n\t<meta property=\"og:image:height\" content=\"1919\" \/>\n\t<meta property=\"og:image:type\" content=\"image\/jpeg\" \/>\n<!-- \/ Yoast SEO plugin. -->","yoast_head_json":{"title":"Naboo Vertical | Exenia","robots":{"index":"noindex","follow":"follow","max-snippet":"max-snippet:-1","max-image-preview":"max-image-preview:large","max-video-preview":"max-video-preview:-1"},"og_locale":"de_DE","og_type":"article","og_title":"Naboo Vertical | Exenia","og_description":"H\u00e4ngeleuchte diffusem Licht mit linearem SMD-Leuchtmittel. Gleichstromversorgung mit Konstantspannung \u00fcber...","og_url":"https:\/\/restyling.exenia.eu\/de\/produkt\/naboo-vertical\/","og_site_name":"Exenia","article_publisher":"https:\/\/www.facebook.com\/exenialighting","article_modified_time":"2023-06-12T07:47:40+00:00","og_image":[{"width":2000,"height":1919,"url":"https:\/\/restyling.exenia.eu\/wp-content\/uploads\/2023\/01\/Naboo-vertical.jpg","type":"image\/jpeg"}],"schema":{"@context":"https:\/\/schema.org","@graph":[{"@type":"WebPage","@id":"https:\/\/restyling.exenia.eu\/de\/produkt\/naboo-vertical\/","url":"https:\/\/restyling.exenia.eu\/de\/produkt\/naboo-vertical\/","name":"Naboo Vertical | Exenia","isPartOf":{"@id":"https:\/\/restyling.exenia.eu\/#website"},"primaryImageOfPage":{"@id":"https:\/\/restyling.exenia.eu\/de\/produkt\/naboo-vertical\/#primaryimage"},"image":{"@id":"https:\/\/restyling.exenia.eu\/de\/produkt\/naboo-vertical\/#primaryimage"},"thumbnailUrl":"https:\/\/restyling.exenia.eu\/wp-content\/uploads\/2023\/01\/Naboo-vertical.jpg","datePublished":"2022-11-24T08:50:41+00:00","dateModified":"2023-06-12T07:47:40+00:00","breadcrumb":{"@id":"https:\/\/restyling.exenia.eu\/de\/produkt\/naboo-vertical\/#breadcrumb"},"inLanguage":"de","potentialAction":[{"@type":"ReadAction","target":["https:\/\/restyling.exenia.eu\/de\/produkt\/naboo-vertical\/"]}]},{"@type":"ImageObject","inLanguage":"de","@id":"https:\/\/restyling.exenia.eu\/de\/produkt\/naboo-vertical\/#primaryimage","url":"https:\/\/restyling.exenia.eu\/wp-content\/uploads\/2023\/01\/Naboo-vertical.jpg","contentUrl":"https:\/\/restyling.exenia.eu\/wp-content\/uploads\/2023\/01\/Naboo-vertical.jpg","width":2000,"height":1919},{"@type":"BreadcrumbList","@id":"https:\/\/restyling.exenia.eu\/de\/produkt\/naboo-vertical\/#breadcrumb","itemListElement":[{"@type":"ListItem","position":1,"name":"Home","item":"https:\/\/restyling.exenia.eu\/"},{"@type":"ListItem","position":2,"name":"Produkte","item":"https:\/\/restyling.exenia.eu\/prodotti\/"},{"@type":"ListItem","position":3,"name":"Indoor","item":"https:\/\/restyling.exenia.eu\/de\/c\/indoor\/"},{"@type":"ListItem","position":4,"name":"Pendel-\/Deckenleuchte","item":"https:\/\/restyling.exenia.eu\/de\/c\/indoor\/pendel-deckenleuchte\/"},{"@type":"ListItem","position":5,"name":"Naboo","item":"https:\/\/restyling.exenia.eu\/de\/c\/indoor\/pendel-deckenleuchte\/naboo-pendel-deckenleuchte\/"},{"@type":"ListItem","position":6,"name":"Naboo Vertical"}]},{"@type":"WebSite","@id":"https:\/\/restyling.exenia.eu\/#website","url":"https:\/\/restyling.exenia.eu\/","name":"Exenia","description":"","publisher":{"@id":"https:\/\/restyling.exenia.eu\/#organization"},"potentialAction":[{"@type":"SearchAction","target":{"@type":"EntryPoint","urlTemplate":"https:\/\/restyling.exenia.eu\/?s={search_term_string}"},"query-input":{"@type":"PropertyValueSpecification","valueRequired":true,"valueName":"search_term_string"}}],"inLanguage":"de"},{"@type":"Organization","@id":"https:\/\/restyling.exenia.eu\/#organization","name":"Exenia","url":"https:\/\/restyling.exenia.eu\/","logo":{"@type":"ImageObject","inLanguage":"de","@id":"https:\/\/restyling.exenia.eu\/#\/schema\/logo\/image\/","url":"https:\/\/restyling.exenia.eu\/wp-content\/uploads\/2022\/09\/logo_exenia-e1678467519405.png","contentUrl":"https:\/\/restyling.exenia.eu\/wp-content\/uploads\/2022\/09\/logo_exenia-e1678467519405.png","width":600,"height":194,"caption":"Exenia"},"image":{"@id":"https:\/\/restyling.exenia.eu\/#\/schema\/logo\/image\/"},"sameAs":["https:\/\/www.facebook.com\/exenialighting","https:\/\/x.com\/ExeniaLighting"]}]}},"_links":{"self":[{"href":"https:\/\/restyling.exenia.eu\/de\/wp-json\/wp\/v2\/product\/27321","targetHints":{"allow":["GET"]}}],"collection":[{"href":"https:\/\/restyling.exenia.eu\/de\/wp-json\/wp\/v2\/product"}],"about":[{"href":"https:\/\/restyling.exenia.eu\/de\/wp-json\/wp\/v2\/types\/product"}],"wp:featuredmedia":[{"embeddable":true,"href":"https:\/\/restyling.exenia.eu\/de\/wp-json\/wp\/v2\/media\/11742"}],"wp:attachment":[{"href":"https:\/\/restyling.exenia.eu\/de\/wp-json\/wp\/v2\/media?parent=27321"}],"wp:term":[{"taxonomy":"product_brand","embeddable":true,"href":"https:\/\/restyling.exenia.eu\/de\/wp-json\/wp\/v2\/product_brand?post=27321"},{"taxonomy":"product_cat","embeddable":true,"href":"https:\/\/restyling.exenia.eu\/de\/wp-json\/wp\/v2\/product_cat?post=27321"},{"taxonomy":"product_tag","embeddable":true,"href":"https:\/\/restyling.exenia.eu\/de\/wp-json\/wp\/v2\/product_tag?post=27321"},{"taxonomy":"categoria-admin-prodotto","embeddable":true,"href":"https:\/\/restyling.exenia.eu\/de\/wp-json\/wp\/v2\/categoria-admin-prodotto?post=27321"}],"curies":[{"name":"wp","href":"https:\/\/api.w.org\/{rel}","templated":true}]}}