{"id":27344,"date":"2022-11-24T09:50:23","date_gmt":"2022-11-24T08:50:23","guid":{"rendered":"https:\/\/www.exenia.eu\/prodotto\/led-runner-proiettore-2\/"},"modified":"2023-06-12T09:47:29","modified_gmt":"2023-06-12T07:47:29","slug":"led-runner-projektor","status":"publish","type":"product","link":"https:\/\/restyling.exenia.eu\/de\/produkt\/led-runner-projektor\/","title":{"rendered":"Led Runner Strahler"},"content":{"rendered":"<p>Strahler f\u00fcr die Stromschiene Unitrack mit linearem COB-LED-Leuchtmittel (Chip on board). Konstantstrom-Versorgung \u00fcber elektronisches Betriebsger\u00e4t. Die Leuchte wird mithilfe des Unitrack-Adapters an die Stromschiene angeschlossen und ist mit einer Rotationssperre mit Schnellbefestigung ausgestattet.  Ausrichtungsm\u00f6glichkeit um 350\u00b0 auf horizontaler Ebene. Das Leuchtmittel befindet sich in einer schwenkbaren optischen Einheit, die mithilfe eines Gelenks mit dem Adapter der Stromschiene verbunden ist (nur f\u00fcr die 14-W-Version). Das Leuchtmittel wird auf eine in der Leuchte befindlichen Verdrahtungsplatte gesteckt. Optikgeh\u00e4use aus stranggepresster Aluminiumlegierung 6060 mit W\u00e4rmeabf\u00fchrungsfunktion. Schutzart IP40. Leuchtengeh\u00e4use mit Pulverbeschichtung. Schnellbefestigung \u00fcber Drehstrom-Stromschienen-Adapter. Polycarbonat-Diffusor mit Mikroprismen.<\/p>\n","protected":false},"excerpt":{"rendered":"<p>Strahler f\u00fcr die Stromschiene Unitrack mit linearem COB-LED-Leuchtmittel (Chip on&#8230;<\/p>\n","protected":false},"featured_media":11183,"template":"","meta":{"_acf_changed":false},"product_brand":[],"product_cat":[2804],"product_tag":[8014,8018,8020],"categoria-admin-prodotto":[],"class_list":{"0":"post-27344","1":"product","2":"type-product","3":"status-publish","4":"has-post-thumbnail","6":"product_cat-led-runner-leuchten-fuer-schienen","7":"product_tag-708ee-de","8":"product_tag-708ep-de","9":"product_tag-708eq-de","10":"pa_cct-2700k-de","11":"pa_cct-3000k-de","12":"pa_cct-4000k-de","13":"pa_certificazione-conformita-ce-de","14":"pa_classe-f-da","15":"pa_cri-85-de","16":"pa_grado-ip-ip40-de","17":"pa_lifetime-l80b10-60-000-h-de","18":"pa_temperatura-di-esercizio-10-30-de","20":"first","21":"instock","22":"purchasable","23":"product-type-composite"},"composite_virtual":false,"composite_layout":"single","composite_add_to_cart_form_location":"default","composite_editable_in_cart":false,"composite_sold_individually_context":"product","composite_shop_price_calc":"defaults","composite_components":[{"id":"1670431112","title":"Geh\u00e4use der Leuchte","description":"","query_type":"product_ids","query_ids":[20655],"default_option_id":20655,"thumbnail_id":"","thumbnail_src":"","quantity_min":1,"quantity_max":1,"priced_individually":false,"shipped_individually":false,"optional":false,"discount":"","options_style":"radios","pagination_style":"classic","display_prices":"absolute","show_sorting_options":false,"show_filtering_options":false,"attribute_filter_ids":[],"product_title_visible":false,"product_descr_visible":false,"product_price_visible":false,"product_thumb_visible":false,"subtotal_visible_product":false,"subtotal_visible_cart":false,"subtotal_visible_orders":false},{"id":"1670431358","title":"Gr\u00f6\u00dfe","description":"","query_type":"product_ids","query_ids":[13721,13717],"default_option_id":"","thumbnail_id":"","thumbnail_src":"","quantity_min":1,"quantity_max":1,"priced_individually":false,"shipped_individually":false,"optional":true,"discount":"","options_style":"radios","pagination_style":"classic","display_prices":"absolute","show_sorting_options":false,"show_filtering_options":false,"attribute_filter_ids":[],"product_title_visible":false,"product_descr_visible":false,"product_price_visible":false,"product_thumb_visible":false,"subtotal_visible_product":false,"subtotal_visible_cart":false,"subtotal_visible_orders":false},{"id":"1670431359","title":"Kontrolle","description":"","query_type":"product_ids","query_ids":[20545,20547,20548,20546,20550,20551],"default_option_id":"","thumbnail_id":"","thumbnail_src":"","quantity_min":1,"quantity_max":1,"priced_individually":false,"shipped_individually":false,"optional":true,"discount":"","options_style":"radios","pagination_style":"classic","display_prices":"absolute","show_sorting_options":false,"show_filtering_options":false,"attribute_filter_ids":[],"product_title_visible":false,"product_descr_visible":false,"product_price_visible":false,"product_thumb_visible":false,"subtotal_visible_product":false,"subtotal_visible_cart":false,"subtotal_visible_orders":false},{"id":"1670431360","title":"Leistung","description":"","query_type":"product_ids","query_ids":[21032,21034],"default_option_id":"","thumbnail_id":"","thumbnail_src":"","quantity_min":1,"quantity_max":1,"priced_individually":false,"shipped_individually":false,"optional":true,"discount":"","options_style":"radios","pagination_style":"classic","display_prices":"absolute","show_sorting_options":false,"show_filtering_options":false,"attribute_filter_ids":[],"product_title_visible":false,"product_descr_visible":false,"product_price_visible":false,"product_thumb_visible":false,"subtotal_visible_product":false,"subtotal_visible_cart":false,"subtotal_visible_orders":false},{"id":"1670431361","title":"Oberfl\u00e4che","description":"","query_type":"product_ids","query_ids":[20779,20782,20786],"default_option_id":"","thumbnail_id":"","thumbnail_src":"","quantity_min":1,"quantity_max":1,"priced_individually":false,"shipped_individually":false,"optional":true,"discount":"","options_style":"radios","pagination_style":"classic","display_prices":"absolute","show_sorting_options":false,"show_filtering_options":false,"attribute_filter_ids":[],"product_title_visible":false,"product_descr_visible":false,"product_price_visible":false,"product_thumb_visible":false,"subtotal_visible_product":false,"subtotal_visible_cart":false,"subtotal_visible_orders":false},{"id":"1670431362","title":"CRI-CCT","description":"","query_type":"product_ids","query_ids":[20711,20719,20712],"default_option_id":"","thumbnail_id":"","thumbnail_src":"","quantity_min":1,"quantity_max":1,"priced_individually":false,"shipped_individually":false,"optional":true,"discount":"","options_style":"radios","pagination_style":"classic","display_prices":"absolute","show_sorting_options":false,"show_filtering_options":false,"attribute_filter_ids":[],"product_title_visible":false,"product_descr_visible":false,"product_price_visible":false,"product_thumb_visible":false,"subtotal_visible_product":false,"subtotal_visible_cart":false,"subtotal_visible_orders":false}],"composite_scenarios":[{"id":"1670431512","name":"290mm","description":"","configuration":[{"component_id":"1670431358","options_modifier":"in","component_options":[13721]}],"actions":[{"action_id":"compat_group","is_active":false},{"action_id":"conditional_components","is_active":false,"hidden_components":[]},{"action_id":"conditional_options","is_active":true,"hidden_options":[{"component_id":"1670431359","component_options":[20546,20550,20551],"options_modifier":"in"},{"component_id":"1670431360","component_options":[21034],"options_modifier":"in"}]}],"enabled":true},{"id":"1670431513","name":"570mm","description":"","configuration":[{"component_id":"1670431358","options_modifier":"in","component_options":[13717]}],"actions":[{"action_id":"compat_group","is_active":false},{"action_id":"conditional_components","is_active":false,"hidden_components":[]},{"action_id":"conditional_options","is_active":true,"hidden_options":[{"component_id":"1670431359","component_options":[20545,20547,20548],"options_modifier":"in"},{"component_id":"1670431360","component_options":[21032],"options_modifier":"in"}]}],"enabled":true},{"id":"1670431514","name":"controllo 290mm","description":"","configuration":[{"component_id":"1670431359","options_modifier":"in","component_options":[20545,20547,20548]}],"actions":[{"action_id":"compat_group","is_active":false},{"action_id":"conditional_components","is_active":false,"hidden_components":[]},{"action_id":"conditional_options","is_active":true,"hidden_options":[{"component_id":"1670431358","component_options":[13717],"options_modifier":"in"},{"component_id":"1670431360","component_options":[21034],"options_modifier":"in"}]}],"enabled":true},{"id":"1670431515","name":"controllo 570mm","description":"","configuration":[{"component_id":"1670431359","options_modifier":"in","component_options":[20546,20550,20551]}],"actions":[{"action_id":"compat_group","is_active":false},{"action_id":"conditional_components","is_active":false,"hidden_components":[]},{"action_id":"conditional_options","is_active":true,"hidden_options":[{"component_id":"1670431358","component_options":[13721],"options_modifier":"in"},{"component_id":"1670431360","component_options":[21032],"options_modifier":"in"}]}],"enabled":true},{"id":"1670431516","name":"potenza 14w","description":"","configuration":[{"component_id":"1670431360","options_modifier":"in","component_options":[21032]}],"actions":[{"action_id":"compat_group","is_active":false},{"action_id":"conditional_components","is_active":false,"hidden_components":[]},{"action_id":"conditional_options","is_active":true,"hidden_options":[{"component_id":"1670431358","component_options":[13717],"options_modifier":"in"},{"component_id":"1670431359","component_options":[20546,20550,20551],"options_modifier":"in"}]}],"enabled":true},{"id":"1670431517","name":"potenza 28w","description":"","configuration":[{"component_id":"1670431360","options_modifier":"in","component_options":[21034]}],"actions":[{"action_id":"compat_group","is_active":false},{"action_id":"conditional_components","is_active":false,"hidden_components":[]},{"action_id":"conditional_options","is_active":true,"hidden_options":[{"component_id":"1670431358","component_options":[13721],"options_modifier":"in"},{"component_id":"1670431359","component_options":[20545,20547,20548],"options_modifier":"in"}]}],"enabled":true}],"bundled_by":[],"bundle_stock_status":"instock","bundle_stock_quantity":null,"bundle_virtual":false,"bundle_layout":"","bundle_add_to_cart_form_location":"","bundle_editable_in_cart":false,"bundle_sold_individually_context":"","bundle_item_grouping":"","bundle_min_size":"","bundle_max_size":"","bundled_items":[],"bundle_sell_ids":[],"acf":[],"yoast_head":"<!-- This site is optimized with the Yoast SEO plugin v27.5 - https:\/\/yoast.com\/product\/yoast-seo-wordpress\/ -->\n<title>Led Runner Strahler | Exenia<\/title>\n<meta name=\"robots\" content=\"noindex, follow, max-snippet:-1, max-image-preview:large, max-video-preview:-1\" \/>\n<meta property=\"og:locale\" content=\"de_DE\" \/>\n<meta property=\"og:type\" content=\"article\" \/>\n<meta property=\"og:title\" content=\"Led Runner Strahler | Exenia\" \/>\n<meta property=\"og:description\" content=\"Strahler f\u00fcr die Stromschiene Unitrack mit linearem COB-LED-Leuchtmittel (Chip on...\" \/>\n<meta property=\"og:url\" content=\"https:\/\/restyling.exenia.eu\/de\/produkt\/led-runner-projektor\/\" \/>\n<meta property=\"og:site_name\" content=\"Exenia\" \/>\n<meta property=\"article:publisher\" content=\"https:\/\/www.facebook.com\/exenialighting\" \/>\n<meta property=\"article:modified_time\" content=\"2023-06-12T07:47:29+00:00\" \/>\n<meta property=\"og:image\" content=\"https:\/\/restyling.exenia.eu\/wp-content\/uploads\/2023\/01\/Led-runner-proiettore-prodotto.jpg\" \/>\n\t<meta property=\"og:image:width\" content=\"2000\" \/>\n\t<meta property=\"og:image:height\" content=\"1919\" \/>\n\t<meta property=\"og:image:type\" content=\"image\/jpeg\" \/>\n<!-- \/ Yoast SEO plugin. -->","yoast_head_json":{"title":"Led Runner Strahler | Exenia","robots":{"index":"noindex","follow":"follow","max-snippet":"max-snippet:-1","max-image-preview":"max-image-preview:large","max-video-preview":"max-video-preview:-1"},"og_locale":"de_DE","og_type":"article","og_title":"Led Runner Strahler | Exenia","og_description":"Strahler f\u00fcr die Stromschiene Unitrack mit linearem COB-LED-Leuchtmittel (Chip on...","og_url":"https:\/\/restyling.exenia.eu\/de\/produkt\/led-runner-projektor\/","og_site_name":"Exenia","article_publisher":"https:\/\/www.facebook.com\/exenialighting","article_modified_time":"2023-06-12T07:47:29+00:00","og_image":[{"width":2000,"height":1919,"url":"https:\/\/restyling.exenia.eu\/wp-content\/uploads\/2023\/01\/Led-runner-proiettore-prodotto.jpg","type":"image\/jpeg"}],"schema":{"@context":"https:\/\/schema.org","@graph":[{"@type":"WebPage","@id":"https:\/\/restyling.exenia.eu\/de\/produkt\/led-runner-projektor\/","url":"https:\/\/restyling.exenia.eu\/de\/produkt\/led-runner-projektor\/","name":"Led Runner Strahler | Exenia","isPartOf":{"@id":"https:\/\/restyling.exenia.eu\/#website"},"primaryImageOfPage":{"@id":"https:\/\/restyling.exenia.eu\/de\/produkt\/led-runner-projektor\/#primaryimage"},"image":{"@id":"https:\/\/restyling.exenia.eu\/de\/produkt\/led-runner-projektor\/#primaryimage"},"thumbnailUrl":"https:\/\/restyling.exenia.eu\/wp-content\/uploads\/2023\/01\/Led-runner-proiettore-prodotto.jpg","datePublished":"2022-11-24T08:50:23+00:00","dateModified":"2023-06-12T07:47:29+00:00","breadcrumb":{"@id":"https:\/\/restyling.exenia.eu\/de\/produkt\/led-runner-projektor\/#breadcrumb"},"inLanguage":"de","potentialAction":[{"@type":"ReadAction","target":["https:\/\/restyling.exenia.eu\/de\/produkt\/led-runner-projektor\/"]}]},{"@type":"ImageObject","inLanguage":"de","@id":"https:\/\/restyling.exenia.eu\/de\/produkt\/led-runner-projektor\/#primaryimage","url":"https:\/\/restyling.exenia.eu\/wp-content\/uploads\/2023\/01\/Led-runner-proiettore-prodotto.jpg","contentUrl":"https:\/\/restyling.exenia.eu\/wp-content\/uploads\/2023\/01\/Led-runner-proiettore-prodotto.jpg","width":2000,"height":1919,"caption":"LED RUNNER"},{"@type":"BreadcrumbList","@id":"https:\/\/restyling.exenia.eu\/de\/produkt\/led-runner-projektor\/#breadcrumb","itemListElement":[{"@type":"ListItem","position":1,"name":"Home","item":"https:\/\/restyling.exenia.eu\/"},{"@type":"ListItem","position":2,"name":"Produkte","item":"https:\/\/restyling.exenia.eu\/prodotti\/"},{"@type":"ListItem","position":3,"name":"Indoor","item":"https:\/\/restyling.exenia.eu\/de\/c\/indoor\/"},{"@type":"ListItem","position":4,"name":"Leuchten f\u00fcr Systeme\/Schienen","item":"https:\/\/restyling.exenia.eu\/de\/c\/indoor\/leuchten-fur-systeme-schienen\/"},{"@type":"ListItem","position":5,"name":"230 V","item":"https:\/\/restyling.exenia.eu\/de\/c\/indoor\/leuchten-fur-systeme-schienen\/230-v-de\/"},{"@type":"ListItem","position":6,"name":"Led Runner","item":"https:\/\/restyling.exenia.eu\/de\/c\/indoor\/leuchten-fur-systeme-schienen\/230-v-de\/led-runner-leuchten-fuer-schienen\/"},{"@type":"ListItem","position":7,"name":"Led Runner Strahler"}]},{"@type":"WebSite","@id":"https:\/\/restyling.exenia.eu\/#website","url":"https:\/\/restyling.exenia.eu\/","name":"Exenia","description":"","publisher":{"@id":"https:\/\/restyling.exenia.eu\/#organization"},"potentialAction":[{"@type":"SearchAction","target":{"@type":"EntryPoint","urlTemplate":"https:\/\/restyling.exenia.eu\/?s={search_term_string}"},"query-input":{"@type":"PropertyValueSpecification","valueRequired":true,"valueName":"search_term_string"}}],"inLanguage":"de"},{"@type":"Organization","@id":"https:\/\/restyling.exenia.eu\/#organization","name":"Exenia","url":"https:\/\/restyling.exenia.eu\/","logo":{"@type":"ImageObject","inLanguage":"de","@id":"https:\/\/restyling.exenia.eu\/#\/schema\/logo\/image\/","url":"https:\/\/restyling.exenia.eu\/wp-content\/uploads\/2022\/09\/logo_exenia-e1678467519405.png","contentUrl":"https:\/\/restyling.exenia.eu\/wp-content\/uploads\/2022\/09\/logo_exenia-e1678467519405.png","width":600,"height":194,"caption":"Exenia"},"image":{"@id":"https:\/\/restyling.exenia.eu\/#\/schema\/logo\/image\/"},"sameAs":["https:\/\/www.facebook.com\/exenialighting","https:\/\/x.com\/ExeniaLighting"]}]}},"_links":{"self":[{"href":"https:\/\/restyling.exenia.eu\/de\/wp-json\/wp\/v2\/product\/27344","targetHints":{"allow":["GET"]}}],"collection":[{"href":"https:\/\/restyling.exenia.eu\/de\/wp-json\/wp\/v2\/product"}],"about":[{"href":"https:\/\/restyling.exenia.eu\/de\/wp-json\/wp\/v2\/types\/product"}],"wp:featuredmedia":[{"embeddable":true,"href":"https:\/\/restyling.exenia.eu\/de\/wp-json\/wp\/v2\/media\/11183"}],"wp:attachment":[{"href":"https:\/\/restyling.exenia.eu\/de\/wp-json\/wp\/v2\/media?parent=27344"}],"wp:term":[{"taxonomy":"product_brand","embeddable":true,"href":"https:\/\/restyling.exenia.eu\/de\/wp-json\/wp\/v2\/product_brand?post=27344"},{"taxonomy":"product_cat","embeddable":true,"href":"https:\/\/restyling.exenia.eu\/de\/wp-json\/wp\/v2\/product_cat?post=27344"},{"taxonomy":"product_tag","embeddable":true,"href":"https:\/\/restyling.exenia.eu\/de\/wp-json\/wp\/v2\/product_tag?post=27344"},{"taxonomy":"categoria-admin-prodotto","embeddable":true,"href":"https:\/\/restyling.exenia.eu\/de\/wp-json\/wp\/v2\/categoria-admin-prodotto?post=27344"}],"curies":[{"name":"wp","href":"https:\/\/api.w.org\/{rel}","templated":true}]}}