{"id":27414,"date":"2022-11-24T09:50:06","date_gmt":"2022-11-24T08:50:06","guid":{"rendered":"https:\/\/www.exenia.eu\/prodotto\/fleur-corpo-2\/"},"modified":"2023-06-12T09:47:26","modified_gmt":"2023-06-12T07:47:26","slug":"fleur","status":"publish","type":"product","link":"https:\/\/restyling.exenia.eu\/de\/produkt\/fleur\/","title":{"rendered":"Fleur"},"content":{"rendered":"<p>Vielseitiges und verborgenes Beleuchtungssystem, das sich perfekt f\u00fcr eine diffuse und eine Akzentbeleuchtung eignet. FLEUR besteht aus biegbaren und pulverbeschichteten Armen, deren Endst\u00fccke mit Messing und Stahl verst\u00e4rkt sind. Die LED-Beleuchtungselemente k\u00f6nnen als Strahler in den Abstrahlwinkeln Spot (12\u00b0), Medium (24\u00b0) oder Wide (41\u00b0) oder als kugelf\u00f6rmiger oder konischer Diffusor eine Beleuchtung in alle Richtungen konfiguriert werden. Jeder Arm hat eine LED mit einer Nennleistung von 1,2 W (120 lm) bei 2700 K, 3000 K oder 4000 K und einem CRI 85 und einer Lebensdauer von 100.000 Stunden (L80\/B10). FLEUR kann \u00fcber einen Pfosten, im Baum oder freiliegend auf Fl\u00e4chen sowie als Einbauausf\u00fchrung montiert werden. FLEUR als Einbau- oder Aufbauleuchte ist mit zwei oder drei Armen erh\u00e4ltlich, die individuell konfiguriert werden k\u00f6nnen, w\u00e4hrend die Pfosten- und Baumversion nur einen Arm haben. Der Montagesockel aus Messing und Stahl und die Optikgruppen sind mit unterschiedlichen Pulverbeschichtungen erh\u00e4ltlich, unter anderem Carbongrau, Fangobraun, Sand und Rost-Effekt. Die Arme von FLEUR sind mit robustem Textilgewebe in der Farbe Haselnussbraun bezogen. Schutzart IP65. Leuchte der Klasse III mit mehreren m\u00f6glichen externen Treibern.<\/p>\n<p>&nbsp;<\/p>\n<p><iframe title=\"FLEUR | IT\" width=\"800\" height=\"450\" src=\"https:\/\/www.youtube.com\/embed\/3VtvNEhzcVo?start=1&#038;feature=oembed\" frameborder=\"0\" allow=\"accelerometer; autoplay; clipboard-write; encrypted-media; gyroscope; picture-in-picture; web-share\" referrerpolicy=\"strict-origin-when-cross-origin\" allowfullscreen><\/iframe><\/p>\n","protected":false},"excerpt":{"rendered":"<p>Vielseitiges und verborgenes Beleuchtungssystem, das sich perfekt f\u00fcr eine diffuse&#8230;<\/p>\n","protected":false},"featured_media":24775,"template":"","meta":{"_acf_changed":false},"product_brand":[],"product_cat":[2839],"product_tag":[7626,7628,7634,7638,7642,7647,7648],"categoria-admin-prodotto":[],"class_list":{"0":"post-27414","1":"product","2":"type-product","3":"status-publish","4":"has-post-thumbnail","6":"product_cat-fleur-bollard-outdoor-outdoor-4","7":"product_tag-840973-de","8":"product_tag-840972-de","9":"product_tag-840971-de","10":"product_tag-840970-de","11":"product_tag-840933-de","12":"product_tag-840932-de","13":"product_tag-840931-de","14":"pa_cct-2700k-de","15":"pa_cct-3000k-de","16":"pa_cct-4000k-de","17":"pa_certificazione-conformita-ce-de","18":"pa_cri-85-de","19":"pa_grado-ip-ip65-de","20":"pa_lifetime-l80b10-100-000-ore-de","21":"pa_temperatura-di-esercizio-10-30-de","23":"first","24":"instock","25":"purchasable","26":"product-type-composite"},"composite_virtual":false,"composite_layout":"single","composite_add_to_cart_form_location":"default","composite_editable_in_cart":false,"composite_sold_individually_context":"product","composite_shop_price_calc":"defaults","composite_components":[{"id":"1675336944","title":"Geh\u00e4use der Leuchte","description":"","query_type":"product_ids","query_ids":[24540,24545,24549,24555,42117,24560],"default_option_id":"","thumbnail_id":"","thumbnail_src":"","quantity_min":1,"quantity_max":1,"priced_individually":false,"shipped_individually":false,"optional":true,"discount":"","options_style":"radios","pagination_style":"classic","display_prices":"absolute","show_sorting_options":false,"show_filtering_options":false,"attribute_filter_ids":[],"product_title_visible":false,"product_descr_visible":false,"product_price_visible":false,"product_thumb_visible":true,"subtotal_visible_product":false,"subtotal_visible_cart":false,"subtotal_visible_orders":false},{"id":"1675336945","title":"Kontrolle","description":"","query_type":"product_ids","query_ids":[20508,20557],"default_option_id":"","thumbnail_id":"","thumbnail_src":"","quantity_min":1,"quantity_max":1,"priced_individually":false,"shipped_individually":false,"optional":true,"discount":"","options_style":"radios","pagination_style":"classic","display_prices":"absolute","show_sorting_options":false,"show_filtering_options":false,"attribute_filter_ids":[],"product_title_visible":false,"product_descr_visible":false,"product_price_visible":false,"product_thumb_visible":false,"subtotal_visible_product":false,"subtotal_visible_cart":false,"subtotal_visible_orders":false},{"id":"1675336946","title":"Geh\u00e4useoberfl\u00e4che","description":"","query_type":"product_ids","query_ids":[20822,20826,20829,20831],"default_option_id":"","thumbnail_id":"","thumbnail_src":"","quantity_min":1,"quantity_max":1,"priced_individually":false,"shipped_individually":false,"optional":true,"discount":"","options_style":"radios","pagination_style":"classic","display_prices":"absolute","show_sorting_options":false,"show_filtering_options":false,"attribute_filter_ids":[],"product_title_visible":false,"product_descr_visible":false,"product_price_visible":false,"product_thumb_visible":false,"subtotal_visible_product":false,"subtotal_visible_cart":false,"subtotal_visible_orders":false},{"id":"1675336947","title":"Separat bestellen","description":"","query_type":"product_ids","query_ids":[7635],"default_option_id":7635,"thumbnail_id":"","thumbnail_src":"","quantity_min":1,"quantity_max":1,"priced_individually":false,"shipped_individually":false,"optional":false,"discount":"","options_style":"radios","pagination_style":"classic","display_prices":"absolute","show_sorting_options":false,"show_filtering_options":false,"attribute_filter_ids":[],"product_title_visible":false,"product_descr_visible":false,"product_price_visible":false,"product_thumb_visible":false,"subtotal_visible_product":false,"subtotal_visible_cart":false,"subtotal_visible_orders":false},{"id":"1675336948","title":"Vorbau","description":"","query_type":"product_ids","query_ids":[20674],"default_option_id":20674,"thumbnail_id":"","thumbnail_src":"","quantity_min":1,"quantity_max":1,"priced_individually":false,"shipped_individually":false,"optional":false,"discount":"","options_style":"radios","pagination_style":"classic","display_prices":"absolute","show_sorting_options":false,"show_filtering_options":false,"attribute_filter_ids":[],"product_title_visible":false,"product_descr_visible":false,"product_price_visible":false,"product_thumb_visible":false,"subtotal_visible_product":false,"subtotal_visible_cart":false,"subtotal_visible_orders":false},{"id":"1675336949","title":"Gr\u00f6\u00dfe","description":"","query_type":"product_ids","query_ids":[20848,20849,20850,20851],"default_option_id":"","thumbnail_id":"","thumbnail_src":"","quantity_min":1,"quantity_max":1,"priced_individually":false,"shipped_individually":false,"optional":true,"discount":"","options_style":"radios","pagination_style":"classic","display_prices":"absolute","show_sorting_options":false,"show_filtering_options":false,"attribute_filter_ids":[],"product_title_visible":false,"product_descr_visible":false,"product_price_visible":false,"product_thumb_visible":false,"subtotal_visible_product":false,"subtotal_visible_cart":false,"subtotal_visible_orders":false},{"id":"1675336950","title":"CRI-CCT","description":"","query_type":"product_ids","query_ids":[20716,20717,20718],"default_option_id":"","thumbnail_id":"","thumbnail_src":"","quantity_min":1,"quantity_max":1,"priced_individually":false,"shipped_individually":false,"optional":true,"discount":"","options_style":"radios","pagination_style":"classic","display_prices":"absolute","show_sorting_options":false,"show_filtering_options":false,"attribute_filter_ids":[],"product_title_visible":false,"product_descr_visible":false,"product_price_visible":false,"product_thumb_visible":false,"subtotal_visible_product":false,"subtotal_visible_cart":false,"subtotal_visible_orders":false},{"id":"1675336951","title":"Oberfl\u00e4che des Vorbau","description":"","query_type":"product_ids","query_ids":[20822,20826,20831,20829],"default_option_id":"","thumbnail_id":"","thumbnail_src":"","quantity_min":1,"quantity_max":1,"priced_individually":false,"shipped_individually":false,"optional":true,"discount":"","options_style":"radios","pagination_style":"classic","display_prices":"absolute","show_sorting_options":false,"show_filtering_options":false,"attribute_filter_ids":[],"product_title_visible":false,"product_descr_visible":false,"product_price_visible":false,"product_thumb_visible":false,"subtotal_visible_product":false,"subtotal_visible_cart":false,"subtotal_visible_orders":false},{"id":"1675336952","title":"Optik","description":"","query_type":"product_ids","query_ids":[20970,20984,20966,20958,20930],"default_option_id":"","thumbnail_id":"","thumbnail_src":"","quantity_min":1,"quantity_max":1,"priced_individually":false,"shipped_individually":false,"optional":true,"discount":"","options_style":"radios","pagination_style":"classic","display_prices":"absolute","show_sorting_options":false,"show_filtering_options":false,"attribute_filter_ids":[],"product_title_visible":false,"product_descr_visible":false,"product_price_visible":false,"product_thumb_visible":false,"subtotal_visible_product":false,"subtotal_visible_cart":false,"subtotal_visible_orders":false},{"id":"1676048412","title":" ","description":"","query_type":"product_ids","query_ids":[7635],"default_option_id":7635,"thumbnail_id":"","thumbnail_src":"","quantity_min":1,"quantity_max":1,"priced_individually":false,"shipped_individually":false,"optional":false,"discount":"","options_style":"radios","pagination_style":"classic","display_prices":"absolute","show_sorting_options":false,"show_filtering_options":false,"attribute_filter_ids":[],"product_title_visible":false,"product_descr_visible":false,"product_price_visible":false,"product_thumb_visible":false,"subtotal_visible_product":false,"subtotal_visible_cart":false,"subtotal_visible_orders":false},{"id":"1676048413","title":"Schutzgrad des Fahrers","description":"","query_type":"product_ids","query_ids":[26467,26481],"default_option_id":"","thumbnail_id":"","thumbnail_src":"","quantity_min":1,"quantity_max":1,"priced_individually":false,"shipped_individually":false,"optional":true,"discount":"","options_style":"radios","pagination_style":"classic","display_prices":"absolute","show_sorting_options":false,"show_filtering_options":false,"attribute_filter_ids":[],"product_title_visible":false,"product_descr_visible":false,"product_price_visible":false,"product_thumb_visible":false,"subtotal_visible_product":false,"subtotal_visible_cart":false,"subtotal_visible_orders":false},{"id":"1676048414","title":"Stromversorgung","description":"","query_type":"product_ids","query_ids":[40323],"default_option_id":40323,"thumbnail_id":"","thumbnail_src":"","quantity_min":1,"quantity_max":1,"priced_individually":false,"shipped_individually":false,"optional":false,"discount":"","options_style":"radios","pagination_style":"classic","display_prices":"absolute","show_sorting_options":false,"show_filtering_options":false,"attribute_filter_ids":[],"product_title_visible":false,"product_descr_visible":false,"product_price_visible":false,"product_thumb_visible":true,"subtotal_visible_product":false,"subtotal_visible_cart":false,"subtotal_visible_orders":false},{"id":"1675336953","title":"Schalung","description":"","query_type":"product_ids","query_ids":[40899],"default_option_id":40899,"thumbnail_id":"","thumbnail_src":"","quantity_min":1,"quantity_max":1,"priced_individually":false,"shipped_individually":false,"optional":false,"discount":"","options_style":"radios","pagination_style":"classic","display_prices":"absolute","show_sorting_options":false,"show_filtering_options":false,"attribute_filter_ids":[],"product_title_visible":false,"product_descr_visible":false,"product_price_visible":false,"product_thumb_visible":false,"subtotal_visible_product":false,"subtotal_visible_cart":false,"subtotal_visible_orders":false},{"id":"1675336954","title":"Steckverbinder","description":"","query_type":"product_ids","query_ids":[33022],"default_option_id":33022,"thumbnail_id":"","thumbnail_src":"","quantity_min":1,"quantity_max":1,"priced_individually":false,"shipped_individually":false,"optional":false,"discount":"","options_style":"radios","pagination_style":"classic","display_prices":"absolute","show_sorting_options":false,"show_filtering_options":false,"attribute_filter_ids":[],"product_title_visible":false,"product_descr_visible":false,"product_price_visible":false,"product_thumb_visible":false,"subtotal_visible_product":false,"subtotal_visible_cart":false,"subtotal_visible_orders":false}],"composite_scenarios":[{"id":"1675337195","name":"inground","description":"","configuration":[{"component_id":"1675336944","options_modifier":"in","component_options":[24549,24555]}],"actions":[{"action_id":"compat_group","is_active":false},{"action_id":"conditional_components","is_active":false,"hidden_components":[]},{"action_id":"conditional_options","is_active":true,"hidden_options":[{"component_id":"1675336945","component_options":[20557],"options_modifier":"in"},{"component_id":"1675336949","component_options":[20851],"options_modifier":"in"}]}],"enabled":true},{"id":"1675337196","name":"spike\/surface","description":"","configuration":[{"component_id":"1675336944","options_modifier":"in","component_options":[24540,24545,42117]}],"actions":[{"action_id":"compat_group","is_active":false},{"action_id":"conditional_components","is_active":false,"hidden_components":[]},{"action_id":"conditional_options","is_active":true,"hidden_options":[{"component_id":"1675336945","component_options":[20508],"options_modifier":"in"},{"component_id":"1675336949","component_options":[20851],"options_modifier":"in"}]}],"enabled":true},{"id":"1675337197","name":"spike \/ tree no cassaforma","description":"","configuration":[{"component_id":"1675336944","options_modifier":"in","component_options":[42117,24560]}],"actions":[{"action_id":"compat_group","is_active":false},{"action_id":"conditional_components","is_active":true,"hidden_components":["1675336953"]},{"action_id":"conditional_options","is_active":false,"hidden_options":[]}],"enabled":true},{"id":"1675337198","name":"tree","description":"","configuration":[{"component_id":"1675336944","options_modifier":"in","component_options":[24560]}],"actions":[{"action_id":"compat_group","is_active":false},{"action_id":"conditional_components","is_active":true,"hidden_components":["1675336947"]},{"action_id":"conditional_options","is_active":true,"hidden_options":[{"component_id":"1675336945","component_options":[-1],"options_modifier":"not-in"},{"component_id":"1675336946","component_options":[-1],"options_modifier":"not-in"},{"component_id":"1675336949","component_options":[20848,20849,20850],"options_modifier":"in"}]}],"enabled":true},{"id":"1675337407","name":"on-off","description":"","configuration":[{"component_id":"1675336945","options_modifier":"in","component_options":[20508]}],"actions":[{"action_id":"compat_group","is_active":false},{"action_id":"conditional_components","is_active":false,"hidden_components":[]},{"action_id":"conditional_options","is_active":true,"hidden_options":[{"component_id":"1675336944","component_options":[24540,24545,42117,24560],"options_modifier":"in"},{"component_id":"1675336949","component_options":[20851],"options_modifier":"in"}]}],"enabled":true},{"id":"1675337408","name":"dr.rem","description":"","configuration":[{"component_id":"1675336945","options_modifier":"in","component_options":[20557]}],"actions":[{"action_id":"compat_group","is_active":false},{"action_id":"conditional_components","is_active":false,"hidden_components":[]},{"action_id":"conditional_options","is_active":true,"hidden_options":[{"component_id":"1675336944","component_options":[24549,24555,24560],"options_modifier":"in"},{"component_id":"1675336949","component_options":[20851],"options_modifier":"in"}]}],"enabled":true},{"id":"1675337409","name":"stelo no 120","description":"","configuration":[{"component_id":"1675336949","options_modifier":"in","component_options":[20848,20849,20850]}],"actions":[{"action_id":"compat_group","is_active":false},{"action_id":"conditional_components","is_active":false,"hidden_components":[]},{"action_id":"conditional_options","is_active":true,"hidden_options":[{"component_id":"1675336944","component_options":[24560],"options_modifier":"in"}]}],"enabled":true},{"id":"1675337410","name":"stelo si 120","description":"","configuration":[{"component_id":"1675336949","options_modifier":"in","component_options":[20851]}],"actions":[{"action_id":"compat_group","is_active":false},{"action_id":"conditional_components","is_active":false,"hidden_components":[]},{"action_id":"conditional_options","is_active":true,"hidden_options":[{"component_id":"1675336944","component_options":[-1,24560],"options_modifier":"not-in"}]}],"enabled":true},{"id":"1676048666","name":"inground no driver","description":"","configuration":[{"component_id":"1675336944","options_modifier":"in","component_options":[24549,24555]}],"actions":[{"action_id":"compat_group","is_active":false},{"action_id":"conditional_components","is_active":true,"hidden_components":["1676048412","1676048414"]},{"action_id":"conditional_options","is_active":true,"hidden_options":[{"component_id":"1676048413","component_options":[-1],"options_modifier":"not-in"},{"component_id":"1676048414","component_options":[-1],"options_modifier":"not-in"}]}],"enabled":true},{"id":"1676048667","name":"SURFACE IP20","description":"","configuration":[{"component_id":"1675336944","options_modifier":"in","component_options":[24540,24545]},{"component_id":"1676048413","options_modifier":"in","component_options":[26467]}],"actions":[{"action_id":"compat_group","is_active":false},{"action_id":"conditional_components","is_active":false,"hidden_components":[]},{"action_id":"conditional_options","is_active":true,"hidden_options":[{"component_id":"1676048414","component_options":[-1,40325],"options_modifier":"not-in"}]}],"enabled":true},{"id":"1676048668","name":"SURFACE IP67","description":"","configuration":[{"component_id":"1675336944","options_modifier":"in","component_options":[24540,24545]},{"component_id":"1676048413","options_modifier":"in","component_options":[26481]}],"actions":[{"action_id":"compat_group","is_active":false},{"action_id":"conditional_components","is_active":false,"hidden_components":[]},{"action_id":"conditional_options","is_active":true,"hidden_options":[{"component_id":"1676048414","component_options":[-1,40347],"options_modifier":"not-in"}]}],"enabled":true},{"id":"1676048669","name":"SPIKE\/TREE IP20","description":"","configuration":[{"component_id":"1675336944","options_modifier":"in","component_options":[42117,24560]},{"component_id":"1676048413","options_modifier":"in","component_options":[26467]}],"actions":[{"action_id":"compat_group","is_active":false},{"action_id":"conditional_components","is_active":false,"hidden_components":[]},{"action_id":"conditional_options","is_active":true,"hidden_options":[{"component_id":"1676048414","component_options":[-1,40325,40330],"options_modifier":"not-in"}]}],"enabled":true},{"id":"1676048670","name":"SPIKE\/TREE IP67","description":"","configuration":[{"component_id":"1675336944","options_modifier":"in","component_options":[42117,24560]},{"component_id":"1676048413","options_modifier":"in","component_options":[26481]}],"actions":[{"action_id":"compat_group","is_active":false},{"action_id":"conditional_components","is_active":false,"hidden_components":[]},{"action_id":"conditional_options","is_active":true,"hidden_options":[{"component_id":"1676048414","component_options":[-1,40347],"options_modifier":"not-in"}]}],"enabled":true},{"id":"1676048671","name":"NO DRIVER NO SELECTION","description":"","configuration":[{"component_id":"1676048413","options_modifier":"in","component_options":[-1]}],"actions":[{"action_id":"compat_group","is_active":false},{"action_id":"conditional_components","is_active":false,"hidden_components":[]},{"action_id":"conditional_options","is_active":true,"hidden_options":[{"component_id":"1676048414","component_options":[-1],"options_modifier":"not-in"}]}],"enabled":true}],"bundled_by":[],"bundle_stock_status":"instock","bundle_stock_quantity":null,"bundle_virtual":false,"bundle_layout":"","bundle_add_to_cart_form_location":"","bundle_editable_in_cart":false,"bundle_sold_individually_context":"","bundle_item_grouping":"","bundle_min_size":"","bundle_max_size":"","bundled_items":[],"bundle_sell_ids":[],"acf":[],"yoast_head":"<!-- This site is optimized with the Yoast SEO plugin v27.4 - https:\/\/yoast.com\/product\/yoast-seo-wordpress\/ -->\n<title>Fleur | Exenia<\/title>\n<meta name=\"robots\" content=\"noindex, follow, max-snippet:-1, max-image-preview:large, max-video-preview:-1\" \/>\n<meta property=\"og:locale\" content=\"de_DE\" \/>\n<meta property=\"og:type\" content=\"article\" \/>\n<meta property=\"og:title\" content=\"Fleur | Exenia\" \/>\n<meta property=\"og:description\" content=\"Vielseitiges und verborgenes Beleuchtungssystem, das sich perfekt f\u00fcr eine diffuse...\" \/>\n<meta property=\"og:url\" content=\"https:\/\/restyling.exenia.eu\/de\/produkt\/fleur\/\" \/>\n<meta property=\"og:site_name\" content=\"Exenia\" \/>\n<meta property=\"article:publisher\" content=\"https:\/\/www.facebook.com\/exenialighting\" \/>\n<meta property=\"article:modified_time\" content=\"2023-06-12T07:47:26+00:00\" \/>\n<meta property=\"og:image\" content=\"https:\/\/restyling.exenia.eu\/wp-content\/uploads\/2022\/11\/Fleur-prodotto.jpg\" \/>\n\t<meta property=\"og:image:width\" content=\"2000\" \/>\n\t<meta property=\"og:image:height\" content=\"1919\" \/>\n\t<meta property=\"og:image:type\" content=\"image\/jpeg\" \/>\n<!-- \/ Yoast SEO plugin. -->","yoast_head_json":{"title":"Fleur | Exenia","robots":{"index":"noindex","follow":"follow","max-snippet":"max-snippet:-1","max-image-preview":"max-image-preview:large","max-video-preview":"max-video-preview:-1"},"og_locale":"de_DE","og_type":"article","og_title":"Fleur | Exenia","og_description":"Vielseitiges und verborgenes Beleuchtungssystem, das sich perfekt f\u00fcr eine diffuse...","og_url":"https:\/\/restyling.exenia.eu\/de\/produkt\/fleur\/","og_site_name":"Exenia","article_publisher":"https:\/\/www.facebook.com\/exenialighting","article_modified_time":"2023-06-12T07:47:26+00:00","og_image":[{"width":2000,"height":1919,"url":"https:\/\/restyling.exenia.eu\/wp-content\/uploads\/2022\/11\/Fleur-prodotto.jpg","type":"image\/jpeg"}],"schema":{"@context":"https:\/\/schema.org","@graph":[{"@type":"WebPage","@id":"https:\/\/restyling.exenia.eu\/de\/produkt\/fleur\/","url":"https:\/\/restyling.exenia.eu\/de\/produkt\/fleur\/","name":"Fleur | Exenia","isPartOf":{"@id":"https:\/\/restyling.exenia.eu\/#website"},"primaryImageOfPage":{"@id":"https:\/\/restyling.exenia.eu\/de\/produkt\/fleur\/#primaryimage"},"image":{"@id":"https:\/\/restyling.exenia.eu\/de\/produkt\/fleur\/#primaryimage"},"thumbnailUrl":"https:\/\/restyling.exenia.eu\/wp-content\/uploads\/2022\/11\/Fleur-prodotto.jpg","datePublished":"2022-11-24T08:50:06+00:00","dateModified":"2023-06-12T07:47:26+00:00","breadcrumb":{"@id":"https:\/\/restyling.exenia.eu\/de\/produkt\/fleur\/#breadcrumb"},"inLanguage":"de","potentialAction":[{"@type":"ReadAction","target":["https:\/\/restyling.exenia.eu\/de\/produkt\/fleur\/"]}]},{"@type":"ImageObject","inLanguage":"de","@id":"https:\/\/restyling.exenia.eu\/de\/produkt\/fleur\/#primaryimage","url":"https:\/\/restyling.exenia.eu\/wp-content\/uploads\/2022\/11\/Fleur-prodotto.jpg","contentUrl":"https:\/\/restyling.exenia.eu\/wp-content\/uploads\/2022\/11\/Fleur-prodotto.jpg","width":2000,"height":1919},{"@type":"BreadcrumbList","@id":"https:\/\/restyling.exenia.eu\/de\/produkt\/fleur\/#breadcrumb","itemListElement":[{"@type":"ListItem","position":1,"name":"Home","item":"https:\/\/restyling.exenia.eu\/"},{"@type":"ListItem","position":2,"name":"Produkte","item":"https:\/\/restyling.exenia.eu\/prodotti\/"},{"@type":"ListItem","position":3,"name":"Outdoor","item":"https:\/\/restyling.exenia.eu\/de\/c\/outdoor\/"},{"@type":"ListItem","position":4,"name":"Bollard","item":"https:\/\/restyling.exenia.eu\/de\/c\/outdoor\/bollard\/"},{"@type":"ListItem","position":5,"name":"Fleur","item":"https:\/\/restyling.exenia.eu\/c\/outdoor\/bollard-outdoor\/fleur\/"},{"@type":"ListItem","position":6,"name":"Fleur"}]},{"@type":"WebSite","@id":"https:\/\/restyling.exenia.eu\/#website","url":"https:\/\/restyling.exenia.eu\/","name":"Exenia","description":"","publisher":{"@id":"https:\/\/restyling.exenia.eu\/#organization"},"potentialAction":[{"@type":"SearchAction","target":{"@type":"EntryPoint","urlTemplate":"https:\/\/restyling.exenia.eu\/?s={search_term_string}"},"query-input":{"@type":"PropertyValueSpecification","valueRequired":true,"valueName":"search_term_string"}}],"inLanguage":"de"},{"@type":"Organization","@id":"https:\/\/restyling.exenia.eu\/#organization","name":"Exenia","url":"https:\/\/restyling.exenia.eu\/","logo":{"@type":"ImageObject","inLanguage":"de","@id":"https:\/\/restyling.exenia.eu\/#\/schema\/logo\/image\/","url":"https:\/\/restyling.exenia.eu\/wp-content\/uploads\/2022\/09\/logo_exenia-e1678467519405.png","contentUrl":"https:\/\/restyling.exenia.eu\/wp-content\/uploads\/2022\/09\/logo_exenia-e1678467519405.png","width":600,"height":194,"caption":"Exenia"},"image":{"@id":"https:\/\/restyling.exenia.eu\/#\/schema\/logo\/image\/"},"sameAs":["https:\/\/www.facebook.com\/exenialighting","https:\/\/x.com\/ExeniaLighting"]}]}},"_links":{"self":[{"href":"https:\/\/restyling.exenia.eu\/de\/wp-json\/wp\/v2\/product\/27414","targetHints":{"allow":["GET"]}}],"collection":[{"href":"https:\/\/restyling.exenia.eu\/de\/wp-json\/wp\/v2\/product"}],"about":[{"href":"https:\/\/restyling.exenia.eu\/de\/wp-json\/wp\/v2\/types\/product"}],"wp:featuredmedia":[{"embeddable":true,"href":"https:\/\/restyling.exenia.eu\/de\/wp-json\/wp\/v2\/media\/24775"}],"wp:attachment":[{"href":"https:\/\/restyling.exenia.eu\/de\/wp-json\/wp\/v2\/media?parent=27414"}],"wp:term":[{"taxonomy":"product_brand","embeddable":true,"href":"https:\/\/restyling.exenia.eu\/de\/wp-json\/wp\/v2\/product_brand?post=27414"},{"taxonomy":"product_cat","embeddable":true,"href":"https:\/\/restyling.exenia.eu\/de\/wp-json\/wp\/v2\/product_cat?post=27414"},{"taxonomy":"product_tag","embeddable":true,"href":"https:\/\/restyling.exenia.eu\/de\/wp-json\/wp\/v2\/product_tag?post=27414"},{"taxonomy":"categoria-admin-prodotto","embeddable":true,"href":"https:\/\/restyling.exenia.eu\/de\/wp-json\/wp\/v2\/categoria-admin-prodotto?post=27414"}],"curies":[{"name":"wp","href":"https:\/\/api.w.org\/{rel}","templated":true}]}}