{"id":27417,"date":"2022-11-24T09:50:06","date_gmt":"2022-11-24T08:50:06","guid":{"rendered":"https:\/\/www.exenia.eu\/prodotto\/giotto-sospensione\/"},"modified":"2023-06-12T09:47:26","modified_gmt":"2023-06-12T07:47:26","slug":"giotto-pendel","status":"publish","type":"product","link":"https:\/\/restyling.exenia.eu\/de\/produkt\/giotto-pendel\/","title":{"rendered":"Giotto Pendel"},"content":{"rendered":"<p>H\u00e4ngeleuchte mit LED-Leuchtmittel, erh\u00e4ltlich mit 2700 K, 3000 K oder 4000 K und einem CRI 95 oder mit 3000 K bei einem CRI 85. Nennleistung und Nenn-Lichtstrom 6 W und 870 lm. Lichtstromerhalt von 100.000 Stunden nach Standard L80\/B10. F\u00fcr eine Beleuchtung in alle Richtungen mit dem Kugelelement Giotto aus Glas mit einem Durchmesser von 150 mm ausgestattet. Schutzart IP40. Elektrische Isolierung: Schutzklasse III. Funktionsweise ON\/OFF mit in die Deckendose integriertem Treiber, die in sechs m\u00f6glichen Oberfl\u00e4chen erh\u00e4ltlich und separat zu bestellen ist: Ziegelrot, Mattwei\u00df, Mattschwarz, Babyblau, Betongrau und Corten-Effekt. Zur Verf\u00fcgung stehen au\u00dferdem unterschiedliche Versionen, um entweder eine einzelne, drei oder sogar f\u00fcnf H\u00e4ngeleuchten zu installieren. Au\u00dferdem ist ein Zubeh\u00f6r f\u00fcr die Installation an der Zwischendecke erh\u00e4ltlich, das in der lackierbaren Oberfl\u00e4che Kalkwei\u00df geliefert wird. Dar\u00fcber hinaus kann die H\u00e4ngeleuchte mit einem Zierelement abgerundet werden, das separat zu bestellen und in Ziegelrot, Mattwei\u00df, Mattschwarz, Babyblau, Betongrau und Corten-Effekt erh\u00e4ltlich ist.<\/p>\n","protected":false},"excerpt":{"rendered":"<p>H\u00e4ngeleuchte mit LED-Leuchtmittel, erh\u00e4ltlich mit 2700 K, 3000 K oder&#8230;<\/p>\n","protected":false},"featured_media":10913,"template":"","meta":{"_acf_changed":false},"product_brand":[],"product_cat":[2752],"product_tag":[7806,7809,7834],"categoria-admin-prodotto":[],"class_list":{"0":"post-27417","1":"product","2":"type-product","3":"status-publish","4":"has-post-thumbnail","6":"product_cat-giotto-pendel-deckenleuchte","7":"product_tag-9v001s-de","8":"product_tag-9v002s-de","9":"product_tag-3765054-de","10":"pa_cct-2700k-de","11":"pa_cct-3000k-de","12":"pa_cct-4000k-de","13":"pa_certificazione-conformita-ce-de","14":"pa_classe-f-da","15":"pa_grado-ip-ip40-de","16":"pa_lifetime-l80b10-100-000-ore-de","17":"pa_temperatura-di-esercizio-10-30-de","19":"first","20":"instock","21":"purchasable","22":"product-type-composite"},"composite_virtual":false,"composite_layout":"single","composite_add_to_cart_form_location":"default","composite_editable_in_cart":false,"composite_sold_individually_context":"product","composite_shop_price_calc":"defaults","composite_components":[{"id":"1675252738","title":"Geh\u00e4use der Leuchte","description":"","query_type":"product_ids","query_ids":[20680,20681],"default_option_id":"","thumbnail_id":"","thumbnail_src":"","quantity_min":1,"quantity_max":1,"priced_individually":false,"shipped_individually":false,"optional":true,"discount":"","options_style":"radios","pagination_style":"classic","display_prices":"absolute","show_sorting_options":false,"show_filtering_options":false,"attribute_filter_ids":[],"product_title_visible":false,"product_descr_visible":false,"product_price_visible":false,"product_thumb_visible":false,"subtotal_visible_product":false,"subtotal_visible_cart":false,"subtotal_visible_orders":false},{"id":"1675252739","title":"Separat bestellen","description":"","query_type":"product_ids","query_ids":[7635],"default_option_id":7635,"thumbnail_id":"","thumbnail_src":"","quantity_min":1,"quantity_max":1,"priced_individually":false,"shipped_individually":false,"optional":false,"discount":"","options_style":"radios","pagination_style":"classic","display_prices":"absolute","show_sorting_options":false,"show_filtering_options":false,"attribute_filter_ids":[],"product_title_visible":false,"product_descr_visible":false,"product_price_visible":false,"product_thumb_visible":false,"subtotal_visible_product":false,"subtotal_visible_cart":false,"subtotal_visible_orders":false},{"id":"1675252740","title":"Elektrischer Teil","description":"","query_type":"product_ids","query_ids":[20333],"default_option_id":20333,"thumbnail_id":"","thumbnail_src":"","quantity_min":1,"quantity_max":1,"priced_individually":false,"shipped_individually":false,"optional":false,"discount":"","options_style":"radios","pagination_style":"classic","display_prices":"absolute","show_sorting_options":false,"show_filtering_options":false,"attribute_filter_ids":[],"product_title_visible":false,"product_descr_visible":false,"product_price_visible":false,"product_thumb_visible":false,"subtotal_visible_product":false,"subtotal_visible_cart":false,"subtotal_visible_orders":false},{"id":"1675252741","title":"CRI-CCT","description":"","query_type":"product_ids","query_ids":[20719,20713,20714,20715],"default_option_id":"","thumbnail_id":"","thumbnail_src":"","quantity_min":1,"quantity_max":1,"priced_individually":false,"shipped_individually":false,"optional":true,"discount":"","options_style":"radios","pagination_style":"classic","display_prices":"absolute","show_sorting_options":false,"show_filtering_options":false,"attribute_filter_ids":[],"product_title_visible":false,"product_descr_visible":false,"product_price_visible":false,"product_thumb_visible":false,"subtotal_visible_product":false,"subtotal_visible_cart":false,"subtotal_visible_orders":false},{"id":"1675252742","title":" ","description":"","query_type":"product_ids","query_ids":[7635],"default_option_id":7635,"thumbnail_id":"","thumbnail_src":"","quantity_min":1,"quantity_max":1,"priced_individually":false,"shipped_individually":false,"optional":false,"discount":"","options_style":"radios","pagination_style":"classic","display_prices":"absolute","show_sorting_options":false,"show_filtering_options":false,"attribute_filter_ids":[],"product_title_visible":false,"product_descr_visible":false,"product_price_visible":false,"product_thumb_visible":false,"subtotal_visible_product":false,"subtotal_visible_cart":false,"subtotal_visible_orders":false},{"id":"1675252743","title":"Befestigungssystem","description":"","query_type":"product_ids","query_ids":[42033],"default_option_id":42033,"thumbnail_id":"","thumbnail_src":"","quantity_min":1,"quantity_max":1,"priced_individually":false,"shipped_individually":false,"optional":false,"discount":"","options_style":"radios","pagination_style":"classic","display_prices":"absolute","show_sorting_options":false,"show_filtering_options":false,"attribute_filter_ids":[],"product_title_visible":false,"product_descr_visible":false,"product_price_visible":false,"product_thumb_visible":true,"subtotal_visible_product":false,"subtotal_visible_cart":false,"subtotal_visible_orders":false},{"id":"1676036730","title":" ","description":"","query_type":"product_ids","query_ids":[7635],"default_option_id":7635,"thumbnail_id":"","thumbnail_src":"","quantity_min":1,"quantity_max":1,"priced_individually":false,"shipped_individually":false,"optional":false,"discount":"","options_style":"radios","pagination_style":"classic","display_prices":"absolute","show_sorting_options":false,"show_filtering_options":false,"attribute_filter_ids":[],"product_title_visible":false,"product_descr_visible":false,"product_price_visible":false,"product_thumb_visible":false,"subtotal_visible_product":false,"subtotal_visible_cart":false,"subtotal_visible_orders":false},{"id":"1676036731","title":"Fernspeisung","description":"","query_type":"product_ids","query_ids":[40323],"default_option_id":40323,"thumbnail_id":"","thumbnail_src":"","quantity_min":1,"quantity_max":1,"priced_individually":false,"shipped_individually":false,"optional":false,"discount":"","options_style":"radios","pagination_style":"classic","display_prices":"absolute","show_sorting_options":false,"show_filtering_options":false,"attribute_filter_ids":[],"product_title_visible":false,"product_descr_visible":false,"product_price_visible":false,"product_thumb_visible":true,"subtotal_visible_product":false,"subtotal_visible_cart":false,"subtotal_visible_orders":false},{"id":"1678975937","title":"W\u00e4hlen Sie zum Aktivieren der Abdeckung","description":"","query_type":"product_ids","query_ids":[7635],"default_option_id":"","thumbnail_id":"","thumbnail_src":"","quantity_min":1,"quantity_max":1,"priced_individually":false,"shipped_individually":false,"optional":true,"discount":"","options_style":"radios","pagination_style":"classic","display_prices":"absolute","show_sorting_options":false,"show_filtering_options":false,"attribute_filter_ids":[],"product_title_visible":false,"product_descr_visible":false,"product_price_visible":false,"product_thumb_visible":false,"subtotal_visible_product":false,"subtotal_visible_cart":false,"subtotal_visible_orders":false},{"id":"1675252745","title":"Dekorative Abdeckung","description":"","query_type":"product_ids","query_ids":[41380],"default_option_id":41380,"thumbnail_id":"","thumbnail_src":"","quantity_min":1,"quantity_max":1,"priced_individually":false,"shipped_individually":false,"optional":false,"discount":"","options_style":"radios","pagination_style":"classic","display_prices":"absolute","show_sorting_options":false,"show_filtering_options":false,"attribute_filter_ids":[],"product_title_visible":false,"product_descr_visible":false,"product_price_visible":false,"product_thumb_visible":true,"subtotal_visible_product":false,"subtotal_visible_cart":false,"subtotal_visible_orders":false},{"id":"1677160575","title":"Leistung","description":"","query_type":"product_ids","query_ids":[13704],"default_option_id":13704,"thumbnail_id":"","thumbnail_src":"","quantity_min":1,"quantity_max":1,"priced_individually":false,"shipped_individually":false,"optional":false,"discount":"","options_style":"radios","pagination_style":"classic","display_prices":"absolute","show_sorting_options":false,"show_filtering_options":false,"attribute_filter_ids":[],"product_title_visible":false,"product_descr_visible":false,"product_price_visible":false,"product_thumb_visible":false,"subtotal_visible_product":false,"subtotal_visible_cart":false,"subtotal_visible_orders":false}],"composite_scenarios":[{"id":"1675252838","name":"NASCONDI COVER","description":"","configuration":[{"component_id":"1678975937","options_modifier":"in","component_options":[-1]}],"actions":[{"action_id":"compat_group","is_active":false},{"action_id":"conditional_components","is_active":true,"hidden_components":["1675252745"]},{"action_id":"conditional_options","is_active":true,"hidden_options":[{"component_id":"1675252745","component_options":[-1],"options_modifier":"not-in"}]}],"enabled":true},{"id":"1675252839","name":"small","description":"","configuration":[{"component_id":"1675252738","options_modifier":"in","component_options":[20680]}],"actions":[{"action_id":"compat_group","is_active":false},{"action_id":"conditional_components","is_active":false,"hidden_components":[]},{"action_id":"conditional_options","is_active":true,"hidden_options":[{"component_id":"1675252745","component_options":[41387,41388,41389,41390,41391,41392],"options_modifier":"in"}]}],"enabled":true},{"id":"1675252840","name":"medium","description":"","configuration":[{"component_id":"1675252738","options_modifier":"in","component_options":[20681]}],"actions":[{"action_id":"compat_group","is_active":false},{"action_id":"conditional_components","is_active":false,"hidden_components":[]},{"action_id":"conditional_options","is_active":true,"hidden_options":[{"component_id":"1675252745","component_options":[41381,41382,41383,41384,41385,41386],"options_modifier":"in"}]}],"enabled":true},{"id":"1676036799","name":"no alim. remota","description":"","configuration":[{"component_id":"1675252743","options_modifier":"in","component_options":[-1]}],"actions":[{"action_id":"compat_group","is_active":false},{"action_id":"conditional_components","is_active":true,"hidden_components":["1676036730","1676036731"]},{"action_id":"conditional_options","is_active":true,"hidden_options":[{"component_id":"1676036731","component_options":[-1],"options_modifier":"not-in"}]}],"enabled":true},{"id":"1676036800","name":"si alim. remota","description":"","configuration":[{"component_id":"1675252743","options_modifier":"any"}],"actions":[{"action_id":"compat_group","is_active":false},{"action_id":"conditional_components","is_active":false,"hidden_components":[]},{"action_id":"conditional_options","is_active":true,"hidden_options":[{"component_id":"1676036731","component_options":[-1,40327,40331,40333,40334,40337],"options_modifier":"not-in"}]}],"enabled":true}],"bundled_by":[],"bundle_stock_status":"instock","bundle_stock_quantity":null,"bundle_virtual":false,"bundle_layout":"","bundle_add_to_cart_form_location":"","bundle_editable_in_cart":false,"bundle_sold_individually_context":"","bundle_item_grouping":"","bundle_min_size":"","bundle_max_size":"","bundled_items":[],"bundle_sell_ids":[],"acf":[],"yoast_head":"<!-- This site is optimized with the Yoast SEO plugin v27.5 - https:\/\/yoast.com\/product\/yoast-seo-wordpress\/ -->\n<title>Giotto Pendel | Exenia<\/title>\n<meta name=\"robots\" content=\"noindex, follow, max-snippet:-1, max-image-preview:large, max-video-preview:-1\" \/>\n<meta property=\"og:locale\" content=\"de_DE\" \/>\n<meta property=\"og:type\" content=\"article\" \/>\n<meta property=\"og:title\" content=\"Giotto Pendel | Exenia\" \/>\n<meta property=\"og:description\" content=\"H\u00e4ngeleuchte mit LED-Leuchtmittel, erh\u00e4ltlich mit 2700 K, 3000 K oder...\" \/>\n<meta property=\"og:url\" content=\"https:\/\/restyling.exenia.eu\/prodotto\/giotto-sospensione\/\" \/>\n<meta property=\"og:site_name\" content=\"Exenia\" \/>\n<meta property=\"article:publisher\" content=\"https:\/\/www.facebook.com\/exenialighting\" \/>\n<meta property=\"article:modified_time\" content=\"2023-06-12T07:47:26+00:00\" \/>\n<meta property=\"og:image\" content=\"https:\/\/restyling.exenia.eu\/wp-content\/uploads\/2023\/01\/Giotto-sospensione-prodotto.jpg\" \/>\n\t<meta property=\"og:image:width\" content=\"2000\" \/>\n\t<meta property=\"og:image:height\" content=\"1919\" \/>\n\t<meta property=\"og:image:type\" content=\"image\/jpeg\" \/>\n<!-- \/ Yoast SEO plugin. -->","yoast_head_json":{"title":"Giotto Pendel | Exenia","robots":{"index":"noindex","follow":"follow","max-snippet":"max-snippet:-1","max-image-preview":"max-image-preview:large","max-video-preview":"max-video-preview:-1"},"og_locale":"de_DE","og_type":"article","og_title":"Giotto Pendel | Exenia","og_description":"H\u00e4ngeleuchte mit LED-Leuchtmittel, erh\u00e4ltlich mit 2700 K, 3000 K oder...","og_url":"https:\/\/restyling.exenia.eu\/prodotto\/giotto-sospensione\/","og_site_name":"Exenia","article_publisher":"https:\/\/www.facebook.com\/exenialighting","article_modified_time":"2023-06-12T07:47:26+00:00","og_image":[{"width":2000,"height":1919,"url":"https:\/\/restyling.exenia.eu\/wp-content\/uploads\/2023\/01\/Giotto-sospensione-prodotto.jpg","type":"image\/jpeg"}],"schema":{"@context":"https:\/\/schema.org","@graph":[{"@type":"WebPage","@id":"https:\/\/restyling.exenia.eu\/prodotto\/giotto-sospensione\/","url":"https:\/\/restyling.exenia.eu\/prodotto\/giotto-sospensione\/","name":"Giotto Pendel | Exenia","isPartOf":{"@id":"https:\/\/restyling.exenia.eu\/#website"},"primaryImageOfPage":{"@id":"https:\/\/restyling.exenia.eu\/prodotto\/giotto-sospensione\/#primaryimage"},"image":{"@id":"https:\/\/restyling.exenia.eu\/prodotto\/giotto-sospensione\/#primaryimage"},"thumbnailUrl":"https:\/\/restyling.exenia.eu\/wp-content\/uploads\/2023\/01\/Giotto-sospensione-prodotto.jpg","datePublished":"2022-11-24T08:50:06+00:00","dateModified":"2023-06-12T07:47:26+00:00","breadcrumb":{"@id":"https:\/\/restyling.exenia.eu\/prodotto\/giotto-sospensione\/#breadcrumb"},"inLanguage":"de","potentialAction":[{"@type":"ReadAction","target":["https:\/\/restyling.exenia.eu\/prodotto\/giotto-sospensione\/"]}]},{"@type":"ImageObject","inLanguage":"de","@id":"https:\/\/restyling.exenia.eu\/prodotto\/giotto-sospensione\/#primaryimage","url":"https:\/\/restyling.exenia.eu\/wp-content\/uploads\/2023\/01\/Giotto-sospensione-prodotto.jpg","contentUrl":"https:\/\/restyling.exenia.eu\/wp-content\/uploads\/2023\/01\/Giotto-sospensione-prodotto.jpg","width":2000,"height":1919},{"@type":"BreadcrumbList","@id":"https:\/\/restyling.exenia.eu\/prodotto\/giotto-sospensione\/#breadcrumb","itemListElement":[{"@type":"ListItem","position":1,"name":"Home","item":"https:\/\/restyling.exenia.eu\/"},{"@type":"ListItem","position":2,"name":"Produkte","item":"https:\/\/restyling.exenia.eu\/prodotti\/"},{"@type":"ListItem","position":3,"name":"Indoor","item":"https:\/\/restyling.exenia.eu\/c\/indoor\/"},{"@type":"ListItem","position":4,"name":"Apparecchi a sospensione - Plafoniere","item":"https:\/\/restyling.exenia.eu\/c\/indoor\/apparecchi-a-sospensione-plafoniere\/"},{"@type":"ListItem","position":5,"name":"Giotto","item":"https:\/\/restyling.exenia.eu\/c\/indoor\/apparecchi-a-sospensione-plafoniere\/giotto\/"},{"@type":"ListItem","position":6,"name":"Giotto Pendel"}]},{"@type":"WebSite","@id":"https:\/\/restyling.exenia.eu\/#website","url":"https:\/\/restyling.exenia.eu\/","name":"Exenia","description":"","publisher":{"@id":"https:\/\/restyling.exenia.eu\/#organization"},"potentialAction":[{"@type":"SearchAction","target":{"@type":"EntryPoint","urlTemplate":"https:\/\/restyling.exenia.eu\/?s={search_term_string}"},"query-input":{"@type":"PropertyValueSpecification","valueRequired":true,"valueName":"search_term_string"}}],"inLanguage":"de"},{"@type":"Organization","@id":"https:\/\/restyling.exenia.eu\/#organization","name":"Exenia","url":"https:\/\/restyling.exenia.eu\/","logo":{"@type":"ImageObject","inLanguage":"de","@id":"https:\/\/restyling.exenia.eu\/#\/schema\/logo\/image\/","url":"https:\/\/restyling.exenia.eu\/wp-content\/uploads\/2022\/09\/logo_exenia-e1678467519405.png","contentUrl":"https:\/\/restyling.exenia.eu\/wp-content\/uploads\/2022\/09\/logo_exenia-e1678467519405.png","width":600,"height":194,"caption":"Exenia"},"image":{"@id":"https:\/\/restyling.exenia.eu\/#\/schema\/logo\/image\/"},"sameAs":["https:\/\/www.facebook.com\/exenialighting","https:\/\/x.com\/ExeniaLighting"]}]}},"_links":{"self":[{"href":"https:\/\/restyling.exenia.eu\/de\/wp-json\/wp\/v2\/product\/27417","targetHints":{"allow":["GET"]}}],"collection":[{"href":"https:\/\/restyling.exenia.eu\/de\/wp-json\/wp\/v2\/product"}],"about":[{"href":"https:\/\/restyling.exenia.eu\/de\/wp-json\/wp\/v2\/types\/product"}],"wp:featuredmedia":[{"embeddable":true,"href":"https:\/\/restyling.exenia.eu\/de\/wp-json\/wp\/v2\/media\/10913"}],"wp:attachment":[{"href":"https:\/\/restyling.exenia.eu\/de\/wp-json\/wp\/v2\/media?parent=27417"}],"wp:term":[{"taxonomy":"product_brand","embeddable":true,"href":"https:\/\/restyling.exenia.eu\/de\/wp-json\/wp\/v2\/product_brand?post=27417"},{"taxonomy":"product_cat","embeddable":true,"href":"https:\/\/restyling.exenia.eu\/de\/wp-json\/wp\/v2\/product_cat?post=27417"},{"taxonomy":"product_tag","embeddable":true,"href":"https:\/\/restyling.exenia.eu\/de\/wp-json\/wp\/v2\/product_tag?post=27417"},{"taxonomy":"categoria-admin-prodotto","embeddable":true,"href":"https:\/\/restyling.exenia.eu\/de\/wp-json\/wp\/v2\/categoria-admin-prodotto?post=27417"}],"curies":[{"name":"wp","href":"https:\/\/api.w.org\/{rel}","templated":true}]}}