{"id":27437,"date":"2023-11-21T09:57:12","date_gmt":"2023-11-21T08:57:12","guid":{"rendered":"https:\/\/www.exenia.eu\/prodotto\/hola-2\/"},"modified":"2023-11-21T10:03:19","modified_gmt":"2023-11-21T09:03:19","slug":"hola","status":"publish","type":"product","link":"https:\/\/restyling.exenia.eu\/de\/produkt\/hola\/","title":{"rendered":"Hola"},"content":{"rendered":"<p>H\u00e4ngeleuchte mit linearem SMD-Leuchtmittel. Versorgung mit Gleichstrom mit Konstantspannung \u00fcber einen in das Leuchtengeh\u00e4use integrierten Treiber. Die Leuchtmittel werden auf einer in der Leuchte befindlichen wei\u00dfen Verdrahtungsplatte montiert, die auch dazu dient, die beiden Profile, aus denen sich die Leuchte zusammensetzt, das externe kalandrierte und stranggepresste Profil und das interne Profil, zu verbinden. Die Leuchte besteht aus einzelnen Sektoren, die mithilfe von Elementen aus Druckguss-Aluminium miteinander verbunden sind und die auch als Befestigungspunkte f\u00fcr den Aufh\u00e4ngedraht aus Stahl dienen. Die Stromversorgung erfolgt \u00fcber Klemmleisten auf der gegen\u00fcberliegenden Seite auf der Fl\u00e4che der Verdrahtungsplatte. Der Zugriff auf die Klemmleisten erfolgt \u00fcber eine kleine Klappe. Die Leuchte ist mit einem opalen Diffusor aus PMMA ausgestattet und der Leuchtenk\u00f6rper ist mit einer stranggepresster Aluminiumlegierung 6060 beschichtet. Mikrometrisches H\u00f6henverstellsystem. Pulverbeschichtung in Mattschwarz oder Mattwei\u00df. Das Produkt kann auch in der Schr\u00e4ge installiert werden.<\/p>\n","protected":false},"excerpt":{"rendered":"<p>H\u00e4ngeleuchte mit linearem SMD-Leuchtmittel. Versorgung mit Gleichstrom mit Konstantspannung \u00fcber&#8230;<\/p>\n","protected":false},"featured_media":11028,"template":"","meta":{"_acf_changed":false},"product_brand":[],"product_cat":[2754],"product_tag":[7853,7858,7861,7867,7872,7876,7879,7883],"categoria-admin-prodotto":[],"class_list":{"0":"post-27437","1":"product","2":"type-product","3":"status-publish","4":"has-post-thumbnail","6":"product_cat-hola-pendel-deckenleuchte","7":"product_tag-35850-de","8":"product_tag-35851-de","9":"product_tag-35852-de","10":"product_tag-35853-de","11":"product_tag-35854-de","12":"product_tag-35855-de","13":"product_tag-35856-de","14":"product_tag-35857-de","15":"pa_cct-3000k-de","16":"pa_cct-4000k-de","17":"pa_classe-f-da","18":"pa_cri-85-de","19":"pa_grado-ip-ip40-de","20":"pa_lifetime-l80b10-50-000-h-de","22":"first","23":"instock","24":"purchasable","25":"product-type-composite"},"composite_virtual":false,"composite_layout":"single","composite_add_to_cart_form_location":"default","composite_editable_in_cart":false,"composite_sold_individually_context":"product","composite_shop_price_calc":"defaults","composite_components":[{"id":"1670264616","title":"Geh\u00e4use der Leuchte","description":"","query_type":"product_ids","query_ids":[20606],"default_option_id":20606,"thumbnail_id":"","thumbnail_src":"","quantity_min":1,"quantity_max":1,"priced_individually":false,"shipped_individually":false,"optional":false,"discount":"","options_style":"radios","pagination_style":"classic","display_prices":"absolute","show_sorting_options":false,"show_filtering_options":false,"attribute_filter_ids":[],"product_title_visible":false,"product_descr_visible":false,"product_price_visible":false,"product_thumb_visible":false,"subtotal_visible_product":false,"subtotal_visible_cart":false,"subtotal_visible_orders":false},{"id":"1670264617","title":"Gr\u00f6\u00dfe","description":"","query_type":"product_ids","query_ids":[13794,13787,13784,13781],"default_option_id":"","thumbnail_id":"","thumbnail_src":"","quantity_min":1,"quantity_max":1,"priced_individually":false,"shipped_individually":false,"optional":true,"discount":"","options_style":"radios","pagination_style":"classic","display_prices":"absolute","show_sorting_options":false,"show_filtering_options":false,"attribute_filter_ids":[],"product_title_visible":false,"product_descr_visible":false,"product_price_visible":false,"product_thumb_visible":false,"subtotal_visible_product":false,"subtotal_visible_cart":false,"subtotal_visible_orders":false},{"id":"1670264618","title":"Version","description":"","query_type":"product_ids","query_ids":[21061,21064,21066,21069,21039,21055,21048,21059],"default_option_id":"","thumbnail_id":"","thumbnail_src":"","quantity_min":1,"quantity_max":1,"priced_individually":false,"shipped_individually":false,"optional":true,"discount":"","options_style":"radios","pagination_style":"classic","display_prices":"absolute","show_sorting_options":false,"show_filtering_options":false,"attribute_filter_ids":[],"product_title_visible":false,"product_descr_visible":false,"product_price_visible":false,"product_thumb_visible":false,"subtotal_visible_product":false,"subtotal_visible_cart":false,"subtotal_visible_orders":false},{"id":"1670264619","title":"Kontrolle","description":"","query_type":"product_ids","query_ids":[20511,20515,20518,20521,20536],"default_option_id":"","thumbnail_id":"","thumbnail_src":"","quantity_min":1,"quantity_max":1,"priced_individually":false,"shipped_individually":false,"optional":true,"discount":"","options_style":"radios","pagination_style":"classic","display_prices":"absolute","show_sorting_options":false,"show_filtering_options":false,"attribute_filter_ids":[],"product_title_visible":false,"product_descr_visible":false,"product_price_visible":false,"product_thumb_visible":false,"subtotal_visible_product":false,"subtotal_visible_cart":false,"subtotal_visible_orders":false},{"id":"1670264620","title":"Oberfl\u00e4che","description":"","query_type":"product_ids","query_ids":[20779,20782],"default_option_id":"","thumbnail_id":"","thumbnail_src":"","quantity_min":1,"quantity_max":1,"priced_individually":false,"shipped_individually":false,"optional":true,"discount":"","options_style":"radios","pagination_style":"classic","display_prices":"absolute","show_sorting_options":false,"show_filtering_options":false,"attribute_filter_ids":[],"product_title_visible":false,"product_descr_visible":false,"product_price_visible":false,"product_thumb_visible":false,"subtotal_visible_product":false,"subtotal_visible_cart":false,"subtotal_visible_orders":false},{"id":"1670264621","title":"CRI-CCT","description":"","query_type":"product_ids","query_ids":[20719,20712],"default_option_id":"","thumbnail_id":"","thumbnail_src":"","quantity_min":1,"quantity_max":1,"priced_individually":false,"shipped_individually":false,"optional":true,"discount":"","options_style":"radios","pagination_style":"classic","display_prices":"absolute","show_sorting_options":false,"show_filtering_options":false,"attribute_filter_ids":[],"product_title_visible":false,"product_descr_visible":false,"product_price_visible":false,"product_thumb_visible":false,"subtotal_visible_product":false,"subtotal_visible_cart":false,"subtotal_visible_orders":false},{"id":"1675423687","title":"Zubeh\u00f6r f\u00fcr Kompositionen","description":"","query_type":"product_ids","query_ids":[41015],"default_option_id":41015,"thumbnail_id":"","thumbnail_src":"","quantity_min":1,"quantity_max":1,"priced_individually":false,"shipped_individually":false,"optional":false,"discount":"","options_style":"radios","pagination_style":"classic","display_prices":"absolute","show_sorting_options":false,"show_filtering_options":false,"attribute_filter_ids":[],"product_title_visible":false,"product_descr_visible":true,"product_price_visible":false,"product_thumb_visible":false,"subtotal_visible_product":false,"subtotal_visible_cart":false,"subtotal_visible_orders":false}],"composite_scenarios":[{"id":"1670264834","name":"1200","description":"","configuration":[{"component_id":"1670264617","options_modifier":"in","component_options":[13794]}],"actions":[{"action_id":"compat_group","is_active":false},{"action_id":"conditional_components","is_active":false,"hidden_components":[]},{"action_id":"conditional_options","is_active":true,"hidden_options":[{"component_id":"1670264618","component_options":[-1,21061,21064],"options_modifier":"not-in"}]}],"enabled":true},{"id":"1670264835","name":"1500","description":"","configuration":[{"component_id":"1670264617","options_modifier":"in","component_options":[13787]}],"actions":[{"action_id":"compat_group","is_active":false},{"action_id":"conditional_components","is_active":false,"hidden_components":[]},{"action_id":"conditional_options","is_active":true,"hidden_options":[{"component_id":"1670264618","component_options":[-1,21066,21069],"options_modifier":"not-in"}]}],"enabled":true},{"id":"1670264836","name":"2000","description":"","configuration":[{"component_id":"1670264617","options_modifier":"in","component_options":[13784]}],"actions":[{"action_id":"compat_group","is_active":false},{"action_id":"conditional_components","is_active":false,"hidden_components":[]},{"action_id":"conditional_options","is_active":true,"hidden_options":[{"component_id":"1670264618","component_options":[-1,21039,21055],"options_modifier":"not-in"}]}],"enabled":true},{"id":"1670264837","name":"3000","description":"","configuration":[{"component_id":"1670264617","options_modifier":"in","component_options":[13781]}],"actions":[{"action_id":"compat_group","is_active":false},{"action_id":"conditional_components","is_active":false,"hidden_components":[]},{"action_id":"conditional_options","is_active":true,"hidden_options":[{"component_id":"1670264618","component_options":[-1,21048,21059],"options_modifier":"not-in"}]}],"enabled":true},{"id":"1670264838","name":"1200 INV","description":"","configuration":[{"component_id":"1670264618","options_modifier":"in","component_options":[21061,21064]}],"actions":[{"action_id":"compat_group","is_active":false},{"action_id":"conditional_components","is_active":false,"hidden_components":[]},{"action_id":"conditional_options","is_active":true,"hidden_options":[{"component_id":"1670264617","component_options":[13787,13784,13781],"options_modifier":"in"}]}],"enabled":true},{"id":"1670264839","name":"1500 INV","description":"","configuration":[{"component_id":"1670264618","options_modifier":"in","component_options":[21066,21069]}],"actions":[{"action_id":"compat_group","is_active":false},{"action_id":"conditional_components","is_active":false,"hidden_components":[]},{"action_id":"conditional_options","is_active":true,"hidden_options":[{"component_id":"1670264617","component_options":[13794,13784,13781],"options_modifier":"in"}]}],"enabled":true},{"id":"1670264840","name":"2000 INV","description":"","configuration":[{"component_id":"1670264618","options_modifier":"in","component_options":[21039,21055]}],"actions":[{"action_id":"compat_group","is_active":false},{"action_id":"conditional_components","is_active":false,"hidden_components":[]},{"action_id":"conditional_options","is_active":true,"hidden_options":[{"component_id":"1670264617","component_options":[13794,13787,13781],"options_modifier":"in"}]}],"enabled":true},{"id":"1670264841","name":"3000 INV","description":"","configuration":[{"component_id":"1670264618","options_modifier":"in","component_options":[21048,21059]}],"actions":[{"action_id":"compat_group","is_active":false},{"action_id":"conditional_components","is_active":false,"hidden_components":[]},{"action_id":"conditional_options","is_active":true,"hidden_options":[{"component_id":"1670264617","component_options":[13794,13787,13784],"options_modifier":"in"}]}],"enabled":true}],"bundled_by":[],"bundle_stock_status":"instock","bundle_stock_quantity":null,"bundle_virtual":false,"bundle_layout":"","bundle_add_to_cart_form_location":"","bundle_editable_in_cart":false,"bundle_sold_individually_context":"","bundle_item_grouping":"","bundle_min_size":"","bundle_max_size":"","bundled_items":[],"bundle_sell_ids":[],"acf":[],"yoast_head":"<!-- This site is optimized with the Yoast SEO plugin v27.5 - https:\/\/yoast.com\/product\/yoast-seo-wordpress\/ -->\n<title>Hola | Exenia<\/title>\n<meta name=\"robots\" content=\"noindex, follow, max-snippet:-1, max-image-preview:large, max-video-preview:-1\" \/>\n<meta property=\"og:locale\" content=\"de_DE\" \/>\n<meta property=\"og:type\" content=\"article\" \/>\n<meta property=\"og:title\" content=\"Hola | Exenia\" \/>\n<meta property=\"og:description\" content=\"H\u00e4ngeleuchte mit linearem SMD-Leuchtmittel. Versorgung mit Gleichstrom mit Konstantspannung \u00fcber...\" \/>\n<meta property=\"og:url\" content=\"https:\/\/restyling.exenia.eu\/de\/produkt\/hola\/\" \/>\n<meta property=\"og:site_name\" content=\"Exenia\" \/>\n<meta property=\"article:publisher\" content=\"https:\/\/www.facebook.com\/exenialighting\" \/>\n<meta property=\"article:modified_time\" content=\"2023-11-21T09:03:19+00:00\" \/>\n<meta property=\"og:image\" content=\"https:\/\/restyling.exenia.eu\/wp-content\/uploads\/2023\/01\/Hola-prodotto.jpg\" \/>\n\t<meta property=\"og:image:width\" content=\"2000\" \/>\n\t<meta property=\"og:image:height\" content=\"1919\" \/>\n\t<meta property=\"og:image:type\" content=\"image\/jpeg\" \/>\n<!-- \/ Yoast SEO plugin. -->","yoast_head_json":{"title":"Hola | Exenia","robots":{"index":"noindex","follow":"follow","max-snippet":"max-snippet:-1","max-image-preview":"max-image-preview:large","max-video-preview":"max-video-preview:-1"},"og_locale":"de_DE","og_type":"article","og_title":"Hola | Exenia","og_description":"H\u00e4ngeleuchte mit linearem SMD-Leuchtmittel. Versorgung mit Gleichstrom mit Konstantspannung \u00fcber...","og_url":"https:\/\/restyling.exenia.eu\/de\/produkt\/hola\/","og_site_name":"Exenia","article_publisher":"https:\/\/www.facebook.com\/exenialighting","article_modified_time":"2023-11-21T09:03:19+00:00","og_image":[{"width":2000,"height":1919,"url":"https:\/\/restyling.exenia.eu\/wp-content\/uploads\/2023\/01\/Hola-prodotto.jpg","type":"image\/jpeg"}],"schema":{"@context":"https:\/\/schema.org","@graph":[{"@type":"WebPage","@id":"https:\/\/restyling.exenia.eu\/de\/produkt\/hola\/","url":"https:\/\/restyling.exenia.eu\/de\/produkt\/hola\/","name":"Hola | Exenia","isPartOf":{"@id":"https:\/\/restyling.exenia.eu\/#website"},"primaryImageOfPage":{"@id":"https:\/\/restyling.exenia.eu\/de\/produkt\/hola\/#primaryimage"},"image":{"@id":"https:\/\/restyling.exenia.eu\/de\/produkt\/hola\/#primaryimage"},"thumbnailUrl":"https:\/\/restyling.exenia.eu\/wp-content\/uploads\/2023\/01\/Hola-prodotto.jpg","datePublished":"2023-11-21T08:57:12+00:00","dateModified":"2023-11-21T09:03:19+00:00","breadcrumb":{"@id":"https:\/\/restyling.exenia.eu\/de\/produkt\/hola\/#breadcrumb"},"inLanguage":"de","potentialAction":[{"@type":"ReadAction","target":["https:\/\/restyling.exenia.eu\/de\/produkt\/hola\/"]}]},{"@type":"ImageObject","inLanguage":"de","@id":"https:\/\/restyling.exenia.eu\/de\/produkt\/hola\/#primaryimage","url":"https:\/\/restyling.exenia.eu\/wp-content\/uploads\/2023\/01\/Hola-prodotto.jpg","contentUrl":"https:\/\/restyling.exenia.eu\/wp-content\/uploads\/2023\/01\/Hola-prodotto.jpg","width":2000,"height":1919},{"@type":"BreadcrumbList","@id":"https:\/\/restyling.exenia.eu\/de\/produkt\/hola\/#breadcrumb","itemListElement":[{"@type":"ListItem","position":1,"name":"Home","item":"https:\/\/restyling.exenia.eu\/"},{"@type":"ListItem","position":2,"name":"Produkte","item":"https:\/\/restyling.exenia.eu\/prodotti\/"},{"@type":"ListItem","position":3,"name":"Indoor","item":"https:\/\/restyling.exenia.eu\/de\/c\/indoor\/"},{"@type":"ListItem","position":4,"name":"Pendel-\/Deckenleuchte","item":"https:\/\/restyling.exenia.eu\/de\/c\/indoor\/pendel-deckenleuchte\/"},{"@type":"ListItem","position":5,"name":"Hola","item":"https:\/\/restyling.exenia.eu\/de\/c\/indoor\/pendel-deckenleuchte\/hola-pendel-deckenleuchte\/"},{"@type":"ListItem","position":6,"name":"Hola"}]},{"@type":"WebSite","@id":"https:\/\/restyling.exenia.eu\/#website","url":"https:\/\/restyling.exenia.eu\/","name":"Exenia","description":"","publisher":{"@id":"https:\/\/restyling.exenia.eu\/#organization"},"potentialAction":[{"@type":"SearchAction","target":{"@type":"EntryPoint","urlTemplate":"https:\/\/restyling.exenia.eu\/?s={search_term_string}"},"query-input":{"@type":"PropertyValueSpecification","valueRequired":true,"valueName":"search_term_string"}}],"inLanguage":"de"},{"@type":"Organization","@id":"https:\/\/restyling.exenia.eu\/#organization","name":"Exenia","url":"https:\/\/restyling.exenia.eu\/","logo":{"@type":"ImageObject","inLanguage":"de","@id":"https:\/\/restyling.exenia.eu\/#\/schema\/logo\/image\/","url":"https:\/\/restyling.exenia.eu\/wp-content\/uploads\/2022\/09\/logo_exenia-e1678467519405.png","contentUrl":"https:\/\/restyling.exenia.eu\/wp-content\/uploads\/2022\/09\/logo_exenia-e1678467519405.png","width":600,"height":194,"caption":"Exenia"},"image":{"@id":"https:\/\/restyling.exenia.eu\/#\/schema\/logo\/image\/"},"sameAs":["https:\/\/www.facebook.com\/exenialighting","https:\/\/x.com\/ExeniaLighting"]}]}},"_links":{"self":[{"href":"https:\/\/restyling.exenia.eu\/de\/wp-json\/wp\/v2\/product\/27437","targetHints":{"allow":["GET"]}}],"collection":[{"href":"https:\/\/restyling.exenia.eu\/de\/wp-json\/wp\/v2\/product"}],"about":[{"href":"https:\/\/restyling.exenia.eu\/de\/wp-json\/wp\/v2\/types\/product"}],"wp:featuredmedia":[{"embeddable":true,"href":"https:\/\/restyling.exenia.eu\/de\/wp-json\/wp\/v2\/media\/11028"}],"wp:attachment":[{"href":"https:\/\/restyling.exenia.eu\/de\/wp-json\/wp\/v2\/media?parent=27437"}],"wp:term":[{"taxonomy":"product_brand","embeddable":true,"href":"https:\/\/restyling.exenia.eu\/de\/wp-json\/wp\/v2\/product_brand?post=27437"},{"taxonomy":"product_cat","embeddable":true,"href":"https:\/\/restyling.exenia.eu\/de\/wp-json\/wp\/v2\/product_cat?post=27437"},{"taxonomy":"product_tag","embeddable":true,"href":"https:\/\/restyling.exenia.eu\/de\/wp-json\/wp\/v2\/product_tag?post=27437"},{"taxonomy":"categoria-admin-prodotto","embeddable":true,"href":"https:\/\/restyling.exenia.eu\/de\/wp-json\/wp\/v2\/categoria-admin-prodotto?post=27437"}],"curies":[{"name":"wp","href":"https:\/\/api.w.org\/{rel}","templated":true}]}}