{"id":52665,"date":"2024-06-25T09:48:17","date_gmt":"2024-06-25T07:48:17","guid":{"rendered":"https:\/\/www.exenia.eu\/?post_type=product&#038;p=52665"},"modified":"2024-07-29T16:10:07","modified_gmt":"2024-07-29T14:10:07","slug":"metrix","status":"publish","type":"product","link":"https:\/\/restyling.exenia.eu\/de\/produkt\/metrix\/","title":{"rendered":"Metrix"},"content":{"rendered":"<p>Stromgespeiste Linearprojektoren aus Aluminium-Strangpressprofil mit Fernsteuerung, erh\u00e4ltlich in vier L\u00e4ngen und drei Wattst\u00e4rken.<\/p>\n<p>Die neuen Microflat-Optiken garantieren eine hohe Effizienz, eine sehr hohe Strahlpr\u00e4zision in geschlossenen Formen und sehr geringe Blendfaktoren.<\/p>\n<p>Sie sind in zwei symmetrischen Ausstrahlungswinkeln, einer asymmetrischen Streuscheibe und einem speziellen breiten Querstrahl in drei Leistungsbereichen mit einer Leistung von 1300Lm\/m, 2600Lm\/m und 3800Lm\/m erh\u00e4ltlich und eignen sich f\u00fcr die professionelle Gestaltung.<\/p>\n<p>Das komplette Zubeh\u00f6rsortiment erm\u00f6glicht Decken-, Gesims-, Regal- und verstellbare Installationen.<\/p>\n","protected":false},"excerpt":{"rendered":"<p>Stromgespeiste Linearprojektoren aus Aluminium-Strangpressprofil mit Fernsteuerung, erh\u00e4ltlich in vier L\u00e4ngen&#8230;<\/p>\n","protected":false},"featured_media":55987,"template":"","meta":{"_acf_changed":false},"product_brand":[],"product_cat":[6497],"product_tag":[6664,6666,6672,6674],"categoria-admin-prodotto":[],"class_list":{"0":"post-52665","1":"product","2":"type-product","3":"status-publish","4":"has-post-thumbnail","6":"product_cat-metrix-de","7":"product_tag-72440-de","8":"product_tag-72441-de","9":"product_tag-72442-de","10":"product_tag-72443-de","11":"pa_alimentazione-cc-de","12":"pa_cct-2700k-de","13":"pa_cct-3000k-de","14":"pa_cct-3500k-de","15":"pa_cct-4000k-de","16":"pa_certificazione-conformita-ce-de","17":"pa_classe-f-da","18":"pa_cri-92-de","19":"pa_cri-98-de","20":"pa_grado-ip-ip40-de","21":"pa_lifetime-l80b10-150-000-h-de","22":"pa_temperatura-di-esercizio-10-35-de","24":"first","25":"instock","26":"virtual","27":"purchasable","28":"product-type-composite"},"composite_virtual":false,"composite_layout":"single","composite_add_to_cart_form_location":"default","composite_editable_in_cart":false,"composite_sold_individually_context":"product","composite_shop_price_calc":"defaults","composite_components":[{"id":"1717691996","title":"Geh\u00e4use der Leuchte","description":"","query_type":"product_ids","query_ids":[52648],"default_option_id":52648,"thumbnail_id":"","thumbnail_src":"","quantity_min":1,"quantity_max":1,"priced_individually":false,"shipped_individually":true,"optional":false,"discount":"","options_style":"radios","pagination_style":"classic","display_prices":"absolute","show_sorting_options":false,"show_filtering_options":false,"attribute_filter_ids":[],"product_title_visible":false,"product_descr_visible":false,"product_price_visible":false,"product_thumb_visible":false,"subtotal_visible_product":false,"subtotal_visible_cart":false,"subtotal_visible_orders":false},{"id":"1717691997","title":"Gr\u00f6\u00dfe","description":"","query_type":"product_ids","query_ids":[52655,52660,53271,53275],"default_option_id":"","thumbnail_id":"","thumbnail_src":"","quantity_min":1,"quantity_max":1,"priced_individually":false,"shipped_individually":true,"optional":true,"discount":"","options_style":"radios","pagination_style":"classic","display_prices":"absolute","show_sorting_options":false,"show_filtering_options":false,"attribute_filter_ids":[],"product_title_visible":false,"product_descr_visible":false,"product_price_visible":false,"product_thumb_visible":false,"subtotal_visible_product":false,"subtotal_visible_cart":false,"subtotal_visible_orders":false},{"id":"1719850285","title":"Leistung","description":"","query_type":"product_ids","query_ids":[54008,54012,54016],"default_option_id":"","thumbnail_id":"","thumbnail_src":"","quantity_min":1,"quantity_max":1,"priced_individually":false,"shipped_individually":true,"optional":true,"discount":"","options_style":"radios","pagination_style":"classic","display_prices":"absolute","show_sorting_options":false,"show_filtering_options":false,"attribute_filter_ids":[],"product_title_visible":false,"product_descr_visible":false,"product_price_visible":false,"product_thumb_visible":false,"subtotal_visible_product":false,"subtotal_visible_cart":false,"subtotal_visible_orders":false},{"id":"1717691998","title":"Kontrolle","description":"","query_type":"product_ids","query_ids":[20557],"default_option_id":20557,"thumbnail_id":"","thumbnail_src":"","quantity_min":1,"quantity_max":1,"priced_individually":false,"shipped_individually":true,"optional":false,"discount":"","options_style":"radios","pagination_style":"classic","display_prices":"absolute","show_sorting_options":false,"show_filtering_options":false,"attribute_filter_ids":[],"product_title_visible":false,"product_descr_visible":false,"product_price_visible":false,"product_thumb_visible":false,"subtotal_visible_product":false,"subtotal_visible_cart":false,"subtotal_visible_orders":false},{"id":"1717691999","title":"Oberfl\u00e4che","description":"","query_type":"product_ids","query_ids":[20838,53400,20813],"default_option_id":"","thumbnail_id":"","thumbnail_src":"","quantity_min":1,"quantity_max":1,"priced_individually":false,"shipped_individually":true,"optional":true,"discount":"","options_style":"radios","pagination_style":"classic","display_prices":"absolute","show_sorting_options":false,"show_filtering_options":false,"attribute_filter_ids":[],"product_title_visible":false,"product_descr_visible":false,"product_price_visible":false,"product_thumb_visible":false,"subtotal_visible_product":false,"subtotal_visible_cart":false,"subtotal_visible_orders":false},{"id":"1717692000","title":"CRI-CCT","description":"","query_type":"product_ids","query_ids":[20691,20692,20694,20693,20701,20702,20704,20703],"default_option_id":"","thumbnail_id":"","thumbnail_src":"","quantity_min":1,"quantity_max":1,"priced_individually":false,"shipped_individually":true,"optional":true,"discount":"","options_style":"radios","pagination_style":"classic","display_prices":"absolute","show_sorting_options":false,"show_filtering_options":false,"attribute_filter_ids":[],"product_title_visible":false,"product_descr_visible":false,"product_price_visible":false,"product_thumb_visible":false,"subtotal_visible_product":false,"subtotal_visible_cart":false,"subtotal_visible_orders":false},{"id":"1717692001","title":"Optik","description":"","query_type":"product_ids","query_ids":[54066,54070,55454,53297],"default_option_id":"","thumbnail_id":"","thumbnail_src":"","quantity_min":1,"quantity_max":1,"priced_individually":false,"shipped_individually":true,"optional":true,"discount":"","options_style":"radios","pagination_style":"classic","display_prices":"absolute","show_sorting_options":false,"show_filtering_options":false,"attribute_filter_ids":[],"product_title_visible":false,"product_descr_visible":false,"product_price_visible":false,"product_thumb_visible":false,"subtotal_visible_product":false,"subtotal_visible_cart":false,"subtotal_visible_orders":false},{"id":"1720100744","title":" ","description":"","query_type":"product_ids","query_ids":[7635],"default_option_id":7635,"thumbnail_id":"","thumbnail_src":"","quantity_min":1,"quantity_max":1,"priced_individually":false,"shipped_individually":true,"optional":false,"discount":"","options_style":"radios","pagination_style":"classic","display_prices":"absolute","show_sorting_options":false,"show_filtering_options":false,"attribute_filter_ids":[],"product_title_visible":false,"product_descr_visible":false,"product_price_visible":false,"product_thumb_visible":false,"subtotal_visible_product":false,"subtotal_visible_cart":false,"subtotal_visible_orders":false},{"id":"1720100745","title":"Anwendungs-Kit","description":"","query_type":"product_ids","query_ids":[54395,54396,54397],"default_option_id":"","thumbnail_id":"","thumbnail_src":"","quantity_min":1,"quantity_max":1,"priced_individually":false,"shipped_individually":true,"optional":true,"discount":"","options_style":"radios","pagination_style":"classic","display_prices":"absolute","show_sorting_options":false,"show_filtering_options":false,"attribute_filter_ids":[],"product_title_visible":false,"product_descr_visible":true,"product_price_visible":false,"product_thumb_visible":true,"subtotal_visible_product":false,"subtotal_visible_cart":false,"subtotal_visible_orders":false},{"id":"1720110432","title":" ","description":"","query_type":"product_ids","query_ids":[7635],"default_option_id":7635,"thumbnail_id":"","thumbnail_src":"","quantity_min":1,"quantity_max":1,"priced_individually":false,"shipped_individually":true,"optional":false,"discount":"","options_style":"radios","pagination_style":"classic","display_prices":"absolute","show_sorting_options":false,"show_filtering_options":false,"attribute_filter_ids":[],"product_title_visible":false,"product_descr_visible":false,"product_price_visible":false,"product_thumb_visible":false,"subtotal_visible_product":false,"subtotal_visible_cart":false,"subtotal_visible_orders":false},{"id":"1720108503","title":"Fernfahrer","description":"","query_type":"product_ids","query_ids":[54606],"default_option_id":54606,"thumbnail_id":"","thumbnail_src":"","quantity_min":1,"quantity_max":1,"priced_individually":false,"shipped_individually":true,"optional":false,"discount":"","options_style":"radios","pagination_style":"classic","display_prices":"absolute","show_sorting_options":false,"show_filtering_options":false,"attribute_filter_ids":[],"product_title_visible":false,"product_descr_visible":false,"product_price_visible":false,"product_thumb_visible":true,"subtotal_visible_product":false,"subtotal_visible_cart":false,"subtotal_visible_orders":false},{"id":"1721310327","title":"Leistung","description":"","query_type":"product_ids","query_ids":[56803,56795,56799,56807,13701,56811,56815,56819,55393,56823,56827,56831],"default_option_id":"","thumbnail_id":"","thumbnail_src":"","quantity_min":1,"quantity_max":1,"priced_individually":false,"shipped_individually":true,"optional":true,"discount":"","options_style":"radios","pagination_style":"classic","display_prices":"absolute","show_sorting_options":false,"show_filtering_options":false,"attribute_filter_ids":[],"product_title_visible":false,"product_descr_visible":false,"product_price_visible":false,"product_thumb_visible":false,"subtotal_visible_product":false,"subtotal_visible_cart":false,"subtotal_visible_orders":false}],"composite_scenarios":[{"id":"1721062456","name":"360 - 1300lm\/mt","description":"","configuration":[{"component_id":"1717691997","options_modifier":"in","component_options":[52655]},{"component_id":"1719850285","options_modifier":"in","component_options":[54008]}],"actions":[{"action_id":"compat_group","is_active":false},{"action_id":"conditional_components","is_active":false,"hidden_components":[]},{"action_id":"conditional_options","is_active":true,"hidden_options":[{"component_id":"1720108503","component_options":[-1,54683,54667,54639,54620],"options_modifier":"not-in"},{"component_id":"1721310327","component_options":[-1,56803],"options_modifier":"not-in"}]}],"enabled":true},{"id":"1721062553","name":"360 - 2600lm\/mt","description":"","configuration":[{"component_id":"1717691997","options_modifier":"in","component_options":[52655]},{"component_id":"1719850285","options_modifier":"in","component_options":[54012]}],"actions":[{"action_id":"compat_group","is_active":false},{"action_id":"conditional_components","is_active":false,"hidden_components":[]},{"action_id":"conditional_options","is_active":true,"hidden_options":[{"component_id":"1720108503","component_options":[-1,54685,54669,54653,54640,54632,54623],"options_modifier":"not-in"},{"component_id":"1721310327","component_options":[-1,56795],"options_modifier":"not-in"}]}],"enabled":true},{"id":"1721062802","name":"360 - 3800lm\/mt","description":"","configuration":[{"component_id":"1717691997","options_modifier":"in","component_options":[52655]},{"component_id":"1719850285","options_modifier":"in","component_options":[54016]}],"actions":[{"action_id":"compat_group","is_active":false},{"action_id":"conditional_components","is_active":false,"hidden_components":[]},{"action_id":"conditional_options","is_active":true,"hidden_options":[{"component_id":"1720108503","component_options":[-1,54687,54671,54656,54641,54633,54625],"options_modifier":"not-in"},{"component_id":"1721310327","component_options":[-1,56799],"options_modifier":"not-in"}]}],"enabled":true},{"id":"1721062803","name":"720 - 1300lm\/mt","description":"","configuration":[{"component_id":"1717691997","options_modifier":"in","component_options":[52660]},{"component_id":"1719850285","options_modifier":"in","component_options":[54008]}],"actions":[{"action_id":"compat_group","is_active":false},{"action_id":"conditional_components","is_active":false,"hidden_components":[]},{"action_id":"conditional_options","is_active":true,"hidden_options":[{"component_id":"1720108503","component_options":[-1,54685,54669,54653,54640,54632,54623],"options_modifier":"not-in"},{"component_id":"1721310327","component_options":[-1,56807],"options_modifier":"not-in"}]}],"enabled":true},{"id":"1721063750","name":"720 - 2600lm\/mt","description":"","configuration":[{"component_id":"1717691997","options_modifier":"in","component_options":[52660]},{"component_id":"1719850285","options_modifier":"in","component_options":[54012]}],"actions":[{"action_id":"compat_group","is_active":false},{"action_id":"conditional_components","is_active":false,"hidden_components":[]},{"action_id":"conditional_options","is_active":true,"hidden_options":[{"component_id":"1720108503","component_options":[-1,54689,54673,54658,54642,54634,54626],"options_modifier":"not-in"},{"component_id":"1721310327","component_options":[-1,13701],"options_modifier":"not-in"}]}],"enabled":true},{"id":"1721063751","name":"720 - 3800lm\/mt","description":"","configuration":[{"component_id":"1717691997","options_modifier":"in","component_options":[52660]},{"component_id":"1719850285","options_modifier":"in","component_options":[54016]}],"actions":[{"action_id":"compat_group","is_active":false},{"action_id":"conditional_components","is_active":false,"hidden_components":[]},{"action_id":"conditional_options","is_active":true,"hidden_options":[{"component_id":"1720108503","component_options":[-1,54692,54675,54660,54644,54635,54627],"options_modifier":"not-in"},{"component_id":"1721310327","component_options":[-1,56811],"options_modifier":"not-in"}]}],"enabled":true},{"id":"1721063752","name":"1080 - 1300lm\/mt","description":"","configuration":[{"component_id":"1717691997","options_modifier":"in","component_options":[53271]},{"component_id":"1719850285","options_modifier":"in","component_options":[54008]}],"actions":[{"action_id":"compat_group","is_active":false},{"action_id":"conditional_components","is_active":false,"hidden_components":[]},{"action_id":"conditional_options","is_active":true,"hidden_options":[{"component_id":"1720108503","component_options":[-1,54687,54671,54656,54641,54633,54625],"options_modifier":"not-in"},{"component_id":"1721310327","component_options":[-1,56815],"options_modifier":"not-in"}]}],"enabled":true},{"id":"1721063753","name":"1080 - 2600lm\/mt","description":"","configuration":[{"component_id":"1717691997","options_modifier":"in","component_options":[53271]},{"component_id":"1719850285","options_modifier":"in","component_options":[54012]}],"actions":[{"action_id":"compat_group","is_active":false},{"action_id":"conditional_components","is_active":false,"hidden_components":[]},{"action_id":"conditional_options","is_active":true,"hidden_options":[{"component_id":"1720108503","component_options":[-1,54692,54675,54660,54644,54635,54627],"options_modifier":"not-in"},{"component_id":"1721310327","component_options":[-1,56819],"options_modifier":"not-in"}]}],"enabled":true},{"id":"1721063754","name":"1080 - 3800lm\/mt","description":"","configuration":[{"component_id":"1717691997","options_modifier":"in","component_options":[53271]},{"component_id":"1719850285","options_modifier":"in","component_options":[54016]}],"actions":[{"action_id":"compat_group","is_active":false},{"action_id":"conditional_components","is_active":false,"hidden_components":[]},{"action_id":"conditional_options","is_active":true,"hidden_options":[{"component_id":"1720108503","component_options":[-1,54694,54676,54661,54646,54636,54628],"options_modifier":"not-in"},{"component_id":"1721310327","component_options":[-1,55393],"options_modifier":"not-in"}]}],"enabled":true},{"id":"1721063755","name":"1440 - 1300lm\/mt","description":"","configuration":[{"component_id":"1717691997","options_modifier":"in","component_options":[53275]},{"component_id":"1719850285","options_modifier":"in","component_options":[54008]}],"actions":[{"action_id":"compat_group","is_active":false},{"action_id":"conditional_components","is_active":false,"hidden_components":[]},{"action_id":"conditional_options","is_active":true,"hidden_options":[{"component_id":"1720108503","component_options":[-1,54689,54673,54658,54642,54634,54626],"options_modifier":"not-in"},{"component_id":"1721310327","component_options":[-1,56823],"options_modifier":"not-in"}]}],"enabled":true},{"id":"1721063756","name":"1440 - 2600lm\/mt","description":"","configuration":[{"component_id":"1717691997","options_modifier":"in","component_options":[53275]},{"component_id":"1719850285","options_modifier":"in","component_options":[54012]}],"actions":[{"action_id":"compat_group","is_active":false},{"action_id":"conditional_components","is_active":false,"hidden_components":[]},{"action_id":"conditional_options","is_active":true,"hidden_options":[{"component_id":"1720108503","component_options":[-1,54696,54678,54663,54647,54638,54630],"options_modifier":"not-in"},{"component_id":"1721310327","component_options":[-1,56827],"options_modifier":"not-in"}]}],"enabled":true},{"id":"1721063757","name":"1440 - 3800lm\/mt","description":"","configuration":[{"component_id":"1717691997","options_modifier":"in","component_options":[53275]},{"component_id":"1719850285","options_modifier":"in","component_options":[54016]}],"actions":[{"action_id":"compat_group","is_active":false},{"action_id":"conditional_components","is_active":false,"hidden_components":[]},{"action_id":"conditional_options","is_active":true,"hidden_options":[{"component_id":"1720108503","component_options":[-1,54698,54681,54665,54649,54631],"options_modifier":"not-in"},{"component_id":"1721310327","component_options":[-1,56831],"options_modifier":"not-in"}]}],"enabled":true},{"id":"1721295377","name":"no output ","description":"","configuration":[{"component_id":"1719850285","options_modifier":"in","component_options":[-1]}],"actions":[{"action_id":"compat_group","is_active":false},{"action_id":"conditional_components","is_active":false,"hidden_components":[]},{"action_id":"conditional_options","is_active":true,"hidden_options":[{"component_id":"1720108503","component_options":[-1],"options_modifier":"not-in"},{"component_id":"1721310327","component_options":[-1],"options_modifier":"not-in"}]}],"enabled":true},{"id":"1721309600","name":"no lungh.","description":"","configuration":[{"component_id":"1717691997","options_modifier":"in","component_options":[-1]}],"actions":[{"action_id":"compat_group","is_active":false},{"action_id":"conditional_components","is_active":false,"hidden_components":[]},{"action_id":"conditional_options","is_active":true,"hidden_options":[{"component_id":"1720108503","component_options":[-1],"options_modifier":"not-in"},{"component_id":"1721310327","component_options":[-1],"options_modifier":"not-in"}]}],"enabled":true}],"bundled_by":[],"bundle_stock_status":"instock","bundle_stock_quantity":null,"bundle_virtual":false,"bundle_layout":"","bundle_add_to_cart_form_location":"","bundle_editable_in_cart":false,"bundle_sold_individually_context":"","bundle_item_grouping":"","bundle_min_size":"","bundle_max_size":"","bundled_items":[],"bundle_sell_ids":[],"acf":[],"yoast_head":"<!-- This site is optimized with the Yoast SEO plugin v27.4 - https:\/\/yoast.com\/product\/yoast-seo-wordpress\/ -->\n<title>Metrix | Exenia<\/title>\n<meta name=\"robots\" content=\"noindex, follow, max-snippet:-1, max-image-preview:large, max-video-preview:-1\" \/>\n<meta property=\"og:locale\" content=\"de_DE\" \/>\n<meta property=\"og:type\" content=\"article\" \/>\n<meta property=\"og:title\" content=\"Metrix | Exenia\" \/>\n<meta property=\"og:description\" content=\"Stromgespeiste Linearprojektoren aus Aluminium-Strangpressprofil mit Fernsteuerung, erh\u00e4ltlich in vier L\u00e4ngen...\" \/>\n<meta property=\"og:url\" content=\"https:\/\/restyling.exenia.eu\/de\/produkt\/metrix\/\" \/>\n<meta property=\"og:site_name\" content=\"Exenia\" \/>\n<meta property=\"article:publisher\" content=\"https:\/\/www.facebook.com\/exenialighting\" \/>\n<meta property=\"article:modified_time\" content=\"2024-07-29T14:10:07+00:00\" \/>\n<meta property=\"og:image\" content=\"https:\/\/restyling.exenia.eu\/wp-content\/uploads\/2024\/07\/Metrix-prodotto.jpg\" \/>\n\t<meta property=\"og:image:width\" content=\"2000\" \/>\n\t<meta property=\"og:image:height\" content=\"1919\" \/>\n\t<meta property=\"og:image:type\" content=\"image\/jpeg\" \/>\n<!-- \/ Yoast SEO plugin. -->","yoast_head_json":{"title":"Metrix | Exenia","robots":{"index":"noindex","follow":"follow","max-snippet":"max-snippet:-1","max-image-preview":"max-image-preview:large","max-video-preview":"max-video-preview:-1"},"og_locale":"de_DE","og_type":"article","og_title":"Metrix | Exenia","og_description":"Stromgespeiste Linearprojektoren aus Aluminium-Strangpressprofil mit Fernsteuerung, erh\u00e4ltlich in vier L\u00e4ngen...","og_url":"https:\/\/restyling.exenia.eu\/de\/produkt\/metrix\/","og_site_name":"Exenia","article_publisher":"https:\/\/www.facebook.com\/exenialighting","article_modified_time":"2024-07-29T14:10:07+00:00","og_image":[{"width":2000,"height":1919,"url":"https:\/\/restyling.exenia.eu\/wp-content\/uploads\/2024\/07\/Metrix-prodotto.jpg","type":"image\/jpeg"}],"schema":{"@context":"https:\/\/schema.org","@graph":[{"@type":"WebPage","@id":"https:\/\/restyling.exenia.eu\/de\/produkt\/metrix\/","url":"https:\/\/restyling.exenia.eu\/de\/produkt\/metrix\/","name":"Metrix | Exenia","isPartOf":{"@id":"https:\/\/restyling.exenia.eu\/#website"},"primaryImageOfPage":{"@id":"https:\/\/restyling.exenia.eu\/de\/produkt\/metrix\/#primaryimage"},"image":{"@id":"https:\/\/restyling.exenia.eu\/de\/produkt\/metrix\/#primaryimage"},"thumbnailUrl":"https:\/\/restyling.exenia.eu\/wp-content\/uploads\/2024\/07\/Metrix-prodotto.jpg","datePublished":"2024-06-25T07:48:17+00:00","dateModified":"2024-07-29T14:10:07+00:00","breadcrumb":{"@id":"https:\/\/restyling.exenia.eu\/de\/produkt\/metrix\/#breadcrumb"},"inLanguage":"de","potentialAction":[{"@type":"ReadAction","target":["https:\/\/restyling.exenia.eu\/de\/produkt\/metrix\/"]}]},{"@type":"ImageObject","inLanguage":"de","@id":"https:\/\/restyling.exenia.eu\/de\/produkt\/metrix\/#primaryimage","url":"https:\/\/restyling.exenia.eu\/wp-content\/uploads\/2024\/07\/Metrix-prodotto.jpg","contentUrl":"https:\/\/restyling.exenia.eu\/wp-content\/uploads\/2024\/07\/Metrix-prodotto.jpg","width":2000,"height":1919},{"@type":"BreadcrumbList","@id":"https:\/\/restyling.exenia.eu\/de\/produkt\/metrix\/#breadcrumb","itemListElement":[{"@type":"ListItem","position":1,"name":"Home","item":"https:\/\/restyling.exenia.eu\/"},{"@type":"ListItem","position":2,"name":"Produkte","item":"https:\/\/restyling.exenia.eu\/prodotti\/"},{"@type":"ListItem","position":3,"name":"Indoor","item":"https:\/\/restyling.exenia.eu\/de\/c\/indoor\/"},{"@type":"ListItem","position":4,"name":"Pendel-\/Deckenleuchte","item":"https:\/\/restyling.exenia.eu\/de\/c\/indoor\/pendel-deckenleuchte\/"},{"@type":"ListItem","position":5,"name":"Metrix","item":"https:\/\/restyling.exenia.eu\/c\/indoor\/apparecchi-a-sospensione-plafoniere\/metrix\/"},{"@type":"ListItem","position":6,"name":"Metrix"}]},{"@type":"WebSite","@id":"https:\/\/restyling.exenia.eu\/#website","url":"https:\/\/restyling.exenia.eu\/","name":"Exenia","description":"","publisher":{"@id":"https:\/\/restyling.exenia.eu\/#organization"},"potentialAction":[{"@type":"SearchAction","target":{"@type":"EntryPoint","urlTemplate":"https:\/\/restyling.exenia.eu\/?s={search_term_string}"},"query-input":{"@type":"PropertyValueSpecification","valueRequired":true,"valueName":"search_term_string"}}],"inLanguage":"de"},{"@type":"Organization","@id":"https:\/\/restyling.exenia.eu\/#organization","name":"Exenia","url":"https:\/\/restyling.exenia.eu\/","logo":{"@type":"ImageObject","inLanguage":"de","@id":"https:\/\/restyling.exenia.eu\/#\/schema\/logo\/image\/","url":"https:\/\/restyling.exenia.eu\/wp-content\/uploads\/2022\/09\/logo_exenia-e1678467519405.png","contentUrl":"https:\/\/restyling.exenia.eu\/wp-content\/uploads\/2022\/09\/logo_exenia-e1678467519405.png","width":600,"height":194,"caption":"Exenia"},"image":{"@id":"https:\/\/restyling.exenia.eu\/#\/schema\/logo\/image\/"},"sameAs":["https:\/\/www.facebook.com\/exenialighting","https:\/\/x.com\/ExeniaLighting"]}]}},"_links":{"self":[{"href":"https:\/\/restyling.exenia.eu\/de\/wp-json\/wp\/v2\/product\/52665","targetHints":{"allow":["GET"]}}],"collection":[{"href":"https:\/\/restyling.exenia.eu\/de\/wp-json\/wp\/v2\/product"}],"about":[{"href":"https:\/\/restyling.exenia.eu\/de\/wp-json\/wp\/v2\/types\/product"}],"wp:featuredmedia":[{"embeddable":true,"href":"https:\/\/restyling.exenia.eu\/de\/wp-json\/wp\/v2\/media\/55987"}],"wp:attachment":[{"href":"https:\/\/restyling.exenia.eu\/de\/wp-json\/wp\/v2\/media?parent=52665"}],"wp:term":[{"taxonomy":"product_brand","embeddable":true,"href":"https:\/\/restyling.exenia.eu\/de\/wp-json\/wp\/v2\/product_brand?post=52665"},{"taxonomy":"product_cat","embeddable":true,"href":"https:\/\/restyling.exenia.eu\/de\/wp-json\/wp\/v2\/product_cat?post=52665"},{"taxonomy":"product_tag","embeddable":true,"href":"https:\/\/restyling.exenia.eu\/de\/wp-json\/wp\/v2\/product_tag?post=52665"},{"taxonomy":"categoria-admin-prodotto","embeddable":true,"href":"https:\/\/restyling.exenia.eu\/de\/wp-json\/wp\/v2\/categoria-admin-prodotto?post=52665"}],"curies":[{"name":"wp","href":"https:\/\/api.w.org\/{rel}","templated":true}]}}