{"id":52683,"date":"2024-06-10T14:16:30","date_gmt":"2024-06-10T12:16:30","guid":{"rendered":"https:\/\/www.exenia.eu\/?post_type=product&#038;p=52683"},"modified":"2024-08-01T11:59:21","modified_gmt":"2024-08-01T09:59:21","slug":"spot-48-revo-compact","status":"publish","type":"product","link":"https:\/\/restyling.exenia.eu\/de\/produkt\/spot-48-revo-compact\/","title":{"rendered":"Spot 48 Revo Compact"},"content":{"rendered":"<p>Revo 48V Scheinwerfer sind in vier Gr\u00f6\u00dfen erh\u00e4ltlich, 8 rotosymmetrische optische Varianten pro Modell, 3 zus\u00e4tzliche asymmetrische f\u00fcr die Modelle Medium und Compact, plus ein Shaper f\u00fcr Medium.<br \/>\nDie neuen Revo-Dark-Optiken, die f\u00fcr fortschrittliches Lichtdesign stehen, eignen sich besonders f\u00fcr Umgebungen mit hohem Sehkomfort. Ausgestattet mit hocheffizienten rotosymmetrischen &#8220;cross&#8220; und asymmetrischen Optiken, eignen sie sich besonders f\u00fcr Museumsanwendungen und Projekte mit komplexen Beleuchtungsanforderungen.<br \/>\nDie Spot Revo-Serie zeichnet sich durch ein hervorragendes Verh\u00e4ltnis zwischen Leistung und Gr\u00f6\u00dfe, eine Vielzahl von Zubeh\u00f6rteilen und eine breite Palette von Oberfl\u00e4chen aus, vor allem aber durch ihre Pr\u00e4zision, Sauberkeit und Gleichm\u00e4\u00dfigkeit der Projektion.<\/p>\n<p>Die <strong>Compact<\/strong>-Version bietet 6 Aperturen von 6\u00b0 bis 50\u00b0, drei asymmetrische Wandfluter: Streiflicht, Area, Deep, zwei elliptische Versionen.<br \/>\nDie zahlreichen Zubeh\u00f6rteile sind mit einem Befestigungssystem f\u00fcr \u00fcbereinanderliegende Elemente ausgestattet, das eine differenzierte und spezifische optische Konfiguration erm\u00f6glicht. Die hohe Farbwiedergabe, der UGR-Koeffizient&lt;10 und die Einhaltung der Beleuchtungsparameter DARK werden durch die Qualit\u00e4t der 2 SDCM der Quelle und die besondere Sauberkeit der Strahlprojektion erg\u00e4nzt.<br \/>\nDie vollst\u00e4ndige Kompatibilit\u00e4t mit den am weitesten verbreiteten Steuerungssystemen macht den Spot Revo Compact zu einem idealen Werkzeug in Kontexten, in denen der Wert der Quelle durch sehr hohe Leistungsqualit\u00e4t und minimale physische und visuelle Aufdringlichkeit bestimmt wird.<br \/>\nDieses Modell kann auch in einer Shaper-Version mit beweglichen Linsen konfiguriert werden, um fokussierte viereckige Projektionen mit einem leichten und kleinen Ger\u00e4t zu erhalten.<\/p>\n","protected":false},"excerpt":{"rendered":"<p>Revo 48V Scheinwerfer sind in vier Gr\u00f6\u00dfen erh\u00e4ltlich, 8 rotosymmetrische&#8230;<\/p>\n","protected":false},"featured_media":55241,"template":"","meta":{"_acf_changed":false},"product_brand":[],"product_cat":[6615,6620,6625,6630,6635,6644,5373],"product_tag":[6805],"categoria-admin-prodotto":[],"class_list":{"0":"post-52683","1":"product","2":"type-product","3":"status-publish","4":"has-post-thumbnail","6":"product_cat-leuchten-track-48-de","7":"product_cat-leuchten-track-48-evo","8":"product_cat-leuchten-track-48-trimless","9":"product_cat-leuchten-track-48-tube","10":"product_cat-leuchten-track-48-twin","11":"product_cat-alle-leuchten-fuer-48","12":"product_cat-spot-revo-48-v-de","13":"product_tag-387t1-de","14":"pa_alimentazione-48v","15":"pa_cct-2700k-de","16":"pa_cct-3000k-de","17":"pa_cct-3500k-de","18":"pa_cct-4000k-de","19":"pa_certificazione-conformita-ce-de","20":"pa_classe-f-da","21":"pa_cri-92-de","22":"pa_cri-98-de","23":"pa_grado-ip-ip40-de","24":"pa_temperatura-di-esercizio-10-35-de","26":"first","27":"instock","28":"purchasable","29":"product-type-composite"},"composite_virtual":false,"composite_layout":"single","composite_add_to_cart_form_location":"default","composite_editable_in_cart":false,"composite_sold_individually_context":"product","composite_shop_price_calc":"defaults","composite_components":[{"id":"1674741490","title":"Geh\u00e4use der Leuchte","description":"","query_type":"product_ids","query_ids":[53343],"default_option_id":53343,"thumbnail_id":"","thumbnail_src":"","quantity_min":1,"quantity_max":1,"priced_individually":false,"shipped_individually":false,"optional":false,"discount":"","options_style":"radios","pagination_style":"classic","display_prices":"absolute","show_sorting_options":false,"show_filtering_options":false,"attribute_filter_ids":[],"product_title_visible":false,"product_descr_visible":false,"product_price_visible":false,"product_thumb_visible":false,"subtotal_visible_product":false,"subtotal_visible_cart":false,"subtotal_visible_orders":false},{"id":"1674741491","title":"Version","description":"","query_type":"product_ids","query_ids":[52691],"default_option_id":52691,"thumbnail_id":"","thumbnail_src":"","quantity_min":1,"quantity_max":1,"priced_individually":false,"shipped_individually":false,"optional":false,"discount":"","options_style":"radios","pagination_style":"classic","display_prices":"absolute","show_sorting_options":false,"show_filtering_options":false,"attribute_filter_ids":[],"product_title_visible":false,"product_descr_visible":false,"product_price_visible":false,"product_thumb_visible":false,"subtotal_visible_product":false,"subtotal_visible_cart":false,"subtotal_visible_orders":false},{"id":"1674741492","title":"Kontrolle","description":"","query_type":"product_ids","query_ids":[20508,53443,20556,20535],"default_option_id":"","thumbnail_id":"","thumbnail_src":"","quantity_min":1,"quantity_max":1,"priced_individually":false,"shipped_individually":false,"optional":true,"discount":"","options_style":"radios","pagination_style":"classic","display_prices":"absolute","show_sorting_options":false,"show_filtering_options":false,"attribute_filter_ids":[],"product_title_visible":false,"product_descr_visible":true,"product_price_visible":false,"product_thumb_visible":false,"subtotal_visible_product":false,"subtotal_visible_cart":false,"subtotal_visible_orders":false},{"id":"1674741493","title":"Geh\u00e4useoberfl\u00e4che","description":"","query_type":"product_ids","query_ids":[20838,20813,20771,20817,20826,20825],"default_option_id":"","thumbnail_id":"","thumbnail_src":"","quantity_min":1,"quantity_max":1,"priced_individually":false,"shipped_individually":false,"optional":true,"discount":"","options_style":"radios","pagination_style":"classic","display_prices":"absolute","show_sorting_options":false,"show_filtering_options":false,"attribute_filter_ids":[],"product_title_visible":false,"product_descr_visible":false,"product_price_visible":false,"product_thumb_visible":false,"subtotal_visible_product":false,"subtotal_visible_cart":false,"subtotal_visible_orders":false},{"id":"1674741494","title":"Ausf\u00fchrung des Adapters","description":"","query_type":"product_ids","query_ids":[20767,20768],"default_option_id":"","thumbnail_id":"","thumbnail_src":"","quantity_min":1,"quantity_max":1,"priced_individually":false,"shipped_individually":false,"optional":true,"discount":"","options_style":"radios","pagination_style":"classic","display_prices":"absolute","show_sorting_options":false,"show_filtering_options":false,"attribute_filter_ids":[],"product_title_visible":false,"product_descr_visible":false,"product_price_visible":false,"product_thumb_visible":false,"subtotal_visible_product":false,"subtotal_visible_cart":false,"subtotal_visible_orders":false},{"id":"1674741495","title":"CRI-CCT","description":"","query_type":"product_ids","query_ids":[20691,20692,20694,20693,20701,20702,20704,20703],"default_option_id":"","thumbnail_id":"","thumbnail_src":"","quantity_min":1,"quantity_max":1,"priced_individually":false,"shipped_individually":false,"optional":true,"discount":"","options_style":"radios","pagination_style":"classic","display_prices":"absolute","show_sorting_options":false,"show_filtering_options":false,"attribute_filter_ids":[],"product_title_visible":false,"product_descr_visible":false,"product_price_visible":false,"product_thumb_visible":false,"subtotal_visible_product":false,"subtotal_visible_cart":false,"subtotal_visible_orders":false},{"id":"1674741496","title":"Optik","description":"","query_type":"product_ids","query_ids":[20986,20965,20855,20973,20953,20922,20999,20862,20935,20913,20917],"default_option_id":"","thumbnail_id":"","thumbnail_src":"","quantity_min":1,"quantity_max":1,"priced_individually":false,"shipped_individually":false,"optional":true,"discount":"","options_style":"radios","pagination_style":"classic","display_prices":"absolute","show_sorting_options":false,"show_filtering_options":false,"attribute_filter_ids":[],"product_title_visible":false,"product_descr_visible":false,"product_price_visible":false,"product_thumb_visible":false,"subtotal_visible_product":false,"subtotal_visible_cart":false,"subtotal_visible_orders":false},{"id":"1674741497","title":"Zubeh\u00f6r","description":"","query_type":"product_ids","query_ids":[29196],"default_option_id":29196,"thumbnail_id":"","thumbnail_src":"","quantity_min":1,"quantity_max":1,"priced_individually":false,"shipped_individually":false,"optional":false,"discount":"","options_style":"radios","pagination_style":"classic","display_prices":"absolute","show_sorting_options":false,"show_filtering_options":false,"attribute_filter_ids":[],"product_title_visible":false,"product_descr_visible":true,"product_price_visible":false,"product_thumb_visible":true,"subtotal_visible_product":false,"subtotal_visible_cart":false,"subtotal_visible_orders":false},{"id":"1676654331","title":"Unabh\u00e4ngiges Zubeh\u00f6r","description":"","query_type":"product_ids","query_ids":[40653],"default_option_id":40653,"thumbnail_id":"","thumbnail_src":"","quantity_min":1,"quantity_max":1,"priced_individually":false,"shipped_individually":false,"optional":false,"discount":"","options_style":"radios","pagination_style":"classic","display_prices":"absolute","show_sorting_options":false,"show_filtering_options":false,"attribute_filter_ids":[],"product_title_visible":false,"product_descr_visible":true,"product_price_visible":false,"product_thumb_visible":false,"subtotal_visible_product":false,"subtotal_visible_cart":false,"subtotal_visible_orders":false},{"id":"1689330898","title":"Lebenslang","description":"","query_type":"product_ids","query_ids":[50125,50129],"default_option_id":"","thumbnail_id":"","thumbnail_src":"","quantity_min":1,"quantity_max":1,"priced_individually":false,"shipped_individually":false,"optional":true,"discount":"","options_style":"radios","pagination_style":"classic","display_prices":"absolute","show_sorting_options":false,"show_filtering_options":false,"attribute_filter_ids":[],"product_title_visible":false,"product_descr_visible":false,"product_price_visible":false,"product_thumb_visible":false,"subtotal_visible_product":false,"subtotal_visible_cart":false,"subtotal_visible_orders":false},{"id":"1721989531","title":"Modul f\u00fcr die PUSH-Verwaltung von DALI-Produkten","description":"","query_type":"product_ids","query_ids":[57769],"default_option_id":57769,"thumbnail_id":"","thumbnail_src":"","quantity_min":1,"quantity_max":1,"priced_individually":false,"shipped_individually":false,"optional":false,"discount":"","options_style":"radios","pagination_style":"classic","display_prices":"absolute","show_sorting_options":false,"show_filtering_options":false,"attribute_filter_ids":[],"product_title_visible":false,"product_descr_visible":false,"product_price_visible":false,"product_thumb_visible":false,"subtotal_visible_product":false,"subtotal_visible_cart":false,"subtotal_visible_orders":false}],"composite_scenarios":[{"id":"1674741895","name":"cri98","description":"","configuration":[{"component_id":"1674741495","options_modifier":"in","component_options":[20701,20702,20704,20703]}],"actions":[{"action_id":"compat_group","is_active":false},{"action_id":"conditional_components","is_active":false,"hidden_components":[]},{"action_id":"conditional_options","is_active":true,"hidden_options":[{"component_id":"1674741496","component_options":[20986],"options_modifier":"in"}]}],"enabled":true},{"id":"1674741896","name":"very narrow","description":"","configuration":[{"component_id":"1674741496","options_modifier":"in","component_options":[20986]}],"actions":[{"action_id":"compat_group","is_active":false},{"action_id":"conditional_components","is_active":false,"hidden_components":[]},{"action_id":"conditional_options","is_active":true,"hidden_options":[{"component_id":"1674741495","component_options":[20701,20702,20704,20703],"options_modifier":"in"}]}],"enabled":true},{"id":"1674741897","name":"narrow spot \/ wide flood","description":"","configuration":[{"component_id":"1674741496","options_modifier":"in","component_options":[20965,20999]}],"actions":[{"action_id":"compat_group","is_active":false},{"action_id":"conditional_components","is_active":false,"hidden_components":[]},{"action_id":"conditional_options","is_active":true,"hidden_options":[{"component_id":"1674741497","component_options":[29420,29425,29432,29433,29436,29437],"options_modifier":"in"}]}],"enabled":true},{"id":"1674741898","name":"ellittiche","description":"","configuration":[{"component_id":"1674741496","options_modifier":"in","component_options":[20855,20862]}],"actions":[{"action_id":"compat_group","is_active":false},{"action_id":"conditional_components","is_active":false,"hidden_components":[]},{"action_id":"conditional_options","is_active":true,"hidden_options":[{"component_id":"1674741497","component_options":[-1,29416],"options_modifier":"not-in"}]}],"enabled":true},{"id":"1674741899","name":"ww","description":"","configuration":[{"component_id":"1674741496","options_modifier":"in","component_options":[20935,20913,20917]}],"actions":[{"action_id":"compat_group","is_active":false},{"action_id":"conditional_components","is_active":true,"hidden_components":["1676654331"]},{"action_id":"conditional_options","is_active":true,"hidden_options":[{"component_id":"1674741497","component_options":[-1,29416],"options_modifier":"not-in"}]}],"enabled":true},{"id":"1674741900","name":"honeycomb \/ diffondente \/ snoot","description":"","configuration":[{"component_id":"1674741497","options_modifier":"in","component_options":[29417,29419,29421,29423,29424,29425,29426,29427,29428,29430,29431,29432,29434,29435,29436,29437,29438,29439]}],"actions":[{"action_id":"compat_group","is_active":false},{"action_id":"conditional_components","is_active":false,"hidden_components":[]},{"action_id":"conditional_options","is_active":true,"hidden_options":[{"component_id":"1674741496","component_options":[20855,20862,20935,20913,20917],"options_modifier":"in"}]}],"enabled":true},{"id":"1674741901","name":"vetro protezione \/ visor","description":"","configuration":[{"component_id":"1674741497","options_modifier":"in","component_options":[29418,29422,29423,29427,29428,29429,29431,29433,29435,29437,29438,29439]}],"actions":[{"action_id":"compat_group","is_active":false},{"action_id":"conditional_components","is_active":false,"hidden_components":[]},{"action_id":"conditional_options","is_active":true,"hidden_options":[{"component_id":"1674741496","component_options":[20935,20913,20917],"options_modifier":"in"}]}],"enabled":true},{"id":"1674741902","name":"lente ellittica","description":"","configuration":[{"component_id":"1674741497","options_modifier":"in","component_options":[29420,29425,29432,29433,29436,29437]}],"actions":[{"action_id":"compat_group","is_active":false},{"action_id":"conditional_components","is_active":false,"hidden_components":[]},{"action_id":"conditional_options","is_active":true,"hidden_options":[{"component_id":"1674741496","component_options":[20965,20855,20999,20862,20935,20913,20917],"options_modifier":"in"}]}],"enabled":true},{"id":"1689330961","name":"LT 80","description":"","configuration":[{"component_id":"1674741496","options_modifier":"in","component_options":[20965,20855]}],"actions":[{"action_id":"compat_group","is_active":false},{"action_id":"conditional_components","is_active":false,"hidden_components":[]},{"action_id":"conditional_options","is_active":true,"hidden_options":[{"component_id":"1689330898","component_options":[-1,50125],"options_modifier":"not-in"}]}],"enabled":true},{"id":"1689330962","name":"LT 100","description":"","configuration":[{"component_id":"1674741496","options_modifier":"in","component_options":[20986,20973,20953,20922,20999,20862,20935,20913,20917]}],"actions":[{"action_id":"compat_group","is_active":false},{"action_id":"conditional_components","is_active":false,"hidden_components":[]},{"action_id":"conditional_options","is_active":true,"hidden_options":[{"component_id":"1689330898","component_options":[-1,50129],"options_modifier":"not-in"}]}],"enabled":true},{"id":"1721989748","name":"no modulo push","description":"","configuration":[{"component_id":"1674741492","options_modifier":"in","component_options":[20508,20556,20535]}],"actions":[{"action_id":"compat_group","is_active":false},{"action_id":"conditional_components","is_active":true,"hidden_components":["1721989531"]},{"action_id":"conditional_options","is_active":false,"hidden_options":[]}],"enabled":true}],"bundled_by":[],"bundle_stock_status":"instock","bundle_stock_quantity":null,"bundle_virtual":false,"bundle_layout":"","bundle_add_to_cart_form_location":"","bundle_editable_in_cart":false,"bundle_sold_individually_context":"","bundle_item_grouping":"","bundle_min_size":"","bundle_max_size":"","bundled_items":[],"bundle_sell_ids":[],"acf":[],"yoast_head":"<!-- This site is optimized with the Yoast SEO plugin v27.4 - https:\/\/yoast.com\/product\/yoast-seo-wordpress\/ -->\n<title>Spot 48 Revo Compact | Exenia<\/title>\n<meta name=\"robots\" content=\"noindex, follow, max-snippet:-1, max-image-preview:large, max-video-preview:-1\" \/>\n<meta property=\"og:locale\" content=\"de_DE\" \/>\n<meta property=\"og:type\" content=\"article\" \/>\n<meta property=\"og:title\" content=\"Spot 48 Revo Compact | Exenia\" \/>\n<meta property=\"og:description\" content=\"Revo 48V Scheinwerfer sind in vier Gr\u00f6\u00dfen erh\u00e4ltlich, 8 rotosymmetrische...\" \/>\n<meta property=\"og:url\" content=\"https:\/\/restyling.exenia.eu\/de\/produkt\/spot-48-revo-compact\/\" \/>\n<meta property=\"og:site_name\" content=\"Exenia\" \/>\n<meta property=\"article:publisher\" content=\"https:\/\/www.facebook.com\/exenialighting\" \/>\n<meta property=\"article:modified_time\" content=\"2024-08-01T09:59:21+00:00\" \/>\n<meta property=\"og:image\" content=\"https:\/\/restyling.exenia.eu\/wp-content\/uploads\/2024\/06\/Spot-48-compact-prodotto.jpg\" \/>\n\t<meta property=\"og:image:width\" content=\"2000\" \/>\n\t<meta property=\"og:image:height\" content=\"1919\" \/>\n\t<meta property=\"og:image:type\" content=\"image\/jpeg\" \/>\n<!-- \/ Yoast SEO plugin. -->","yoast_head_json":{"title":"Spot 48 Revo Compact | Exenia","robots":{"index":"noindex","follow":"follow","max-snippet":"max-snippet:-1","max-image-preview":"max-image-preview:large","max-video-preview":"max-video-preview:-1"},"og_locale":"de_DE","og_type":"article","og_title":"Spot 48 Revo Compact | Exenia","og_description":"Revo 48V Scheinwerfer sind in vier Gr\u00f6\u00dfen erh\u00e4ltlich, 8 rotosymmetrische...","og_url":"https:\/\/restyling.exenia.eu\/de\/produkt\/spot-48-revo-compact\/","og_site_name":"Exenia","article_publisher":"https:\/\/www.facebook.com\/exenialighting","article_modified_time":"2024-08-01T09:59:21+00:00","og_image":[{"width":2000,"height":1919,"url":"https:\/\/restyling.exenia.eu\/wp-content\/uploads\/2024\/06\/Spot-48-compact-prodotto.jpg","type":"image\/jpeg"}],"schema":{"@context":"https:\/\/schema.org","@graph":[{"@type":"WebPage","@id":"https:\/\/restyling.exenia.eu\/de\/produkt\/spot-48-revo-compact\/","url":"https:\/\/restyling.exenia.eu\/de\/produkt\/spot-48-revo-compact\/","name":"Spot 48 Revo Compact | Exenia","isPartOf":{"@id":"https:\/\/restyling.exenia.eu\/#website"},"primaryImageOfPage":{"@id":"https:\/\/restyling.exenia.eu\/de\/produkt\/spot-48-revo-compact\/#primaryimage"},"image":{"@id":"https:\/\/restyling.exenia.eu\/de\/produkt\/spot-48-revo-compact\/#primaryimage"},"thumbnailUrl":"https:\/\/restyling.exenia.eu\/wp-content\/uploads\/2024\/06\/Spot-48-compact-prodotto.jpg","datePublished":"2024-06-10T12:16:30+00:00","dateModified":"2024-08-01T09:59:21+00:00","breadcrumb":{"@id":"https:\/\/restyling.exenia.eu\/de\/produkt\/spot-48-revo-compact\/#breadcrumb"},"inLanguage":"de","potentialAction":[{"@type":"ReadAction","target":["https:\/\/restyling.exenia.eu\/de\/produkt\/spot-48-revo-compact\/"]}]},{"@type":"ImageObject","inLanguage":"de","@id":"https:\/\/restyling.exenia.eu\/de\/produkt\/spot-48-revo-compact\/#primaryimage","url":"https:\/\/restyling.exenia.eu\/wp-content\/uploads\/2024\/06\/Spot-48-compact-prodotto.jpg","contentUrl":"https:\/\/restyling.exenia.eu\/wp-content\/uploads\/2024\/06\/Spot-48-compact-prodotto.jpg","width":2000,"height":1919},{"@type":"BreadcrumbList","@id":"https:\/\/restyling.exenia.eu\/de\/produkt\/spot-48-revo-compact\/#breadcrumb","itemListElement":[{"@type":"ListItem","position":1,"name":"Home","item":"https:\/\/restyling.exenia.eu\/"},{"@type":"ListItem","position":2,"name":"Produkte","item":"https:\/\/restyling.exenia.eu\/prodotti\/"},{"@type":"ListItem","position":3,"name":"Indoor","item":"https:\/\/restyling.exenia.eu\/de\/c\/indoor\/"},{"@type":"ListItem","position":4,"name":"Leuchten f\u00fcr Systeme\/Schienen","item":"https:\/\/restyling.exenia.eu\/de\/c\/indoor\/leuchten-fur-systeme-schienen\/"},{"@type":"ListItem","position":5,"name":"48 V","item":"https:\/\/restyling.exenia.eu\/de\/c\/indoor\/leuchten-fur-systeme-schienen\/48-v-de\/"},{"@type":"ListItem","position":6,"name":"Alle Leuchten f\u00fcr 48","item":"https:\/\/restyling.exenia.eu\/de\/c\/indoor\/leuchten-fur-systeme-schienen\/48-v-de\/alle-leuchten-fuer-48\/"},{"@type":"ListItem","position":7,"name":"Spot Revo","item":"https:\/\/restyling.exenia.eu\/c\/indoor\/apparecchi-per-sistemi-binari-elettrificati\/48-v\/tutti-gli-apparecchi-48\/spot-revo-48v\/"},{"@type":"ListItem","position":8,"name":"Spot 48 Revo Compact"}]},{"@type":"WebSite","@id":"https:\/\/restyling.exenia.eu\/#website","url":"https:\/\/restyling.exenia.eu\/","name":"Exenia","description":"","publisher":{"@id":"https:\/\/restyling.exenia.eu\/#organization"},"potentialAction":[{"@type":"SearchAction","target":{"@type":"EntryPoint","urlTemplate":"https:\/\/restyling.exenia.eu\/?s={search_term_string}"},"query-input":{"@type":"PropertyValueSpecification","valueRequired":true,"valueName":"search_term_string"}}],"inLanguage":"de"},{"@type":"Organization","@id":"https:\/\/restyling.exenia.eu\/#organization","name":"Exenia","url":"https:\/\/restyling.exenia.eu\/","logo":{"@type":"ImageObject","inLanguage":"de","@id":"https:\/\/restyling.exenia.eu\/#\/schema\/logo\/image\/","url":"https:\/\/restyling.exenia.eu\/wp-content\/uploads\/2022\/09\/logo_exenia-e1678467519405.png","contentUrl":"https:\/\/restyling.exenia.eu\/wp-content\/uploads\/2022\/09\/logo_exenia-e1678467519405.png","width":600,"height":194,"caption":"Exenia"},"image":{"@id":"https:\/\/restyling.exenia.eu\/#\/schema\/logo\/image\/"},"sameAs":["https:\/\/www.facebook.com\/exenialighting","https:\/\/x.com\/ExeniaLighting"]}]}},"_links":{"self":[{"href":"https:\/\/restyling.exenia.eu\/de\/wp-json\/wp\/v2\/product\/52683","targetHints":{"allow":["GET"]}}],"collection":[{"href":"https:\/\/restyling.exenia.eu\/de\/wp-json\/wp\/v2\/product"}],"about":[{"href":"https:\/\/restyling.exenia.eu\/de\/wp-json\/wp\/v2\/types\/product"}],"wp:featuredmedia":[{"embeddable":true,"href":"https:\/\/restyling.exenia.eu\/de\/wp-json\/wp\/v2\/media\/55241"}],"wp:attachment":[{"href":"https:\/\/restyling.exenia.eu\/de\/wp-json\/wp\/v2\/media?parent=52683"}],"wp:term":[{"taxonomy":"product_brand","embeddable":true,"href":"https:\/\/restyling.exenia.eu\/de\/wp-json\/wp\/v2\/product_brand?post=52683"},{"taxonomy":"product_cat","embeddable":true,"href":"https:\/\/restyling.exenia.eu\/de\/wp-json\/wp\/v2\/product_cat?post=52683"},{"taxonomy":"product_tag","embeddable":true,"href":"https:\/\/restyling.exenia.eu\/de\/wp-json\/wp\/v2\/product_tag?post=52683"},{"taxonomy":"categoria-admin-prodotto","embeddable":true,"href":"https:\/\/restyling.exenia.eu\/de\/wp-json\/wp\/v2\/categoria-admin-prodotto?post=52683"}],"curies":[{"name":"wp","href":"https:\/\/api.w.org\/{rel}","templated":true}]}}