{"id":52797,"date":"2024-06-12T12:01:34","date_gmt":"2024-06-12T10:01:34","guid":{"rendered":"https:\/\/www.exenia.eu\/?post_type=product&#038;p=52797"},"modified":"2024-07-25T09:24:50","modified_gmt":"2024-07-25T07:24:50","slug":"museo-revo-compact-ip67-base","status":"publish","type":"product","link":"https:\/\/restyling.exenia.eu\/de\/produkt\/museo-revo-compact-ip67-base\/","title":{"rendered":"Museo Revo Compact IP67 Base"},"content":{"rendered":"<p>Die Compact-Version bietet Aperturen von 6\u00b0 bis 50\u00b0, zwei elliptische Strahlen und die asymmetrische Deep Washer mit hoher Homogenit\u00e4t.<\/p>\n<p>Zahlreiche Zubeh\u00f6rteile vervollst\u00e4ndigen die Flexibilit\u00e4t der Compact-Reihe. Die hohe Farbwiedergabe, der UGR-Koeffizient&lt;10 und die Einhaltung der DARK-Lichtparameter werden durch die Qualit\u00e4t der 2 SDCM der Quelle und die besondere Sauberkeit der Strahlprojektion erg\u00e4nzt. Als Zubeh\u00f6r ist die hochgesch\u00fctzte Bodenabdeckung f\u00fcr sto\u00dfgef\u00e4hrdete Bereiche und \u00f6ffentliche Pl\u00e4tze erh\u00e4ltlich.<\/p>\n<p>Das Aluminiumgeh\u00e4use ist mit robusten, kraftschl\u00fcssigen Messingarmen mit mikrometrischer Verriegelung ausgestattet, die ein einfaches und sicheres Ausrichten erm\u00f6glichen.<\/p>\n<p>Die volle Kompatibilit\u00e4t mit den g\u00e4ngigsten Steuerungssystemen macht Museo Revo Compact zum perfekten Werkzeug in Umgebungen, in denen der Wert der Quelle durch eine sehr hohe Qualit\u00e4t der Leistung und minimale physische und visuelle Eingriffe bestimmt wird.<\/p>\n<p>Erh\u00e4ltlich in den Versionen mit integriertem Netzspannungstreiber, mit kleinem runden Sockel f\u00fcr Niederspannung oder Stromzufuhr, mit Spike und in der Poller-Version in Kombination mit dem Cactus-System. Als Zubeh\u00f6r ist die hochgesch\u00fctzte Bodenabdeckung f\u00fcr sto\u00dfgef\u00e4hrdete Bereiche und \u00f6ffentliche Pl\u00e4tze erh\u00e4ltlich.<\/p>\n","protected":false},"excerpt":{"rendered":"<p>Die Compact-Version bietet Aperturen von 6\u00b0 bis 50\u00b0, zwei elliptische&#8230;<\/p>\n","protected":false},"featured_media":57296,"template":"","meta":{"_acf_changed":false},"product_brand":[],"product_cat":[6513],"product_tag":[6901],"categoria-admin-prodotto":[],"class_list":{"0":"post-52797","1":"product","2":"type-product","3":"status-publish","4":"has-post-thumbnail","6":"product_cat-museo-revo-ip67-de","7":"product_tag-841340-de","8":"pa_alimentazione-ac-de","9":"pa_cct-2700k-de","10":"pa_cct-3000k-de","11":"pa_cct-3500k-de","12":"pa_cct-4000k-de","13":"pa_certificazione-conformita-ce-de","14":"pa_classe-f-da","15":"pa_cri-92-de","16":"pa_cri-98-de","17":"pa_grado-ip-ip67-de","18":"pa_grado-ip-ik08-de","19":"pa_temperatura-di-esercizio-20-50-de","21":"first","22":"instock","23":"purchasable","24":"product-type-composite"},"composite_virtual":false,"composite_layout":"single","composite_add_to_cart_form_location":"default","composite_editable_in_cart":false,"composite_sold_individually_context":"product","composite_shop_price_calc":"defaults","composite_components":[{"id":"1674658710","title":"Geh\u00e4use der Leuchte","description":"","query_type":"product_ids","query_ids":[53209],"default_option_id":53209,"thumbnail_id":"","thumbnail_src":"","quantity_min":1,"quantity_max":1,"priced_individually":false,"shipped_individually":false,"optional":false,"discount":"","options_style":"radios","pagination_style":"classic","display_prices":"absolute","show_sorting_options":false,"show_filtering_options":false,"attribute_filter_ids":[],"product_title_visible":false,"product_descr_visible":false,"product_price_visible":false,"product_thumb_visible":false,"subtotal_visible_product":false,"subtotal_visible_cart":false,"subtotal_visible_orders":false},{"id":"1674658711","title":"Version","description":"","query_type":"product_ids","query_ids":[21104],"default_option_id":21104,"thumbnail_id":"","thumbnail_src":"","quantity_min":1,"quantity_max":1,"priced_individually":false,"shipped_individually":false,"optional":false,"discount":"","options_style":"radios","pagination_style":"classic","display_prices":"absolute","show_sorting_options":false,"show_filtering_options":false,"attribute_filter_ids":[],"product_title_visible":false,"product_descr_visible":false,"product_price_visible":false,"product_thumb_visible":false,"subtotal_visible_product":false,"subtotal_visible_cart":false,"subtotal_visible_orders":false},{"id":"1674658712","title":"Kontrolle","description":"","query_type":"product_ids","query_ids":[20508,20537],"default_option_id":"","thumbnail_id":"","thumbnail_src":"","quantity_min":1,"quantity_max":1,"priced_individually":false,"shipped_individually":false,"optional":true,"discount":"","options_style":"radios","pagination_style":"classic","display_prices":"absolute","show_sorting_options":false,"show_filtering_options":false,"attribute_filter_ids":[],"product_title_visible":false,"product_descr_visible":false,"product_price_visible":false,"product_thumb_visible":false,"subtotal_visible_product":false,"subtotal_visible_cart":false,"subtotal_visible_orders":false},{"id":"1674658713","title":"Oberfl\u00e4che","description":"","query_type":"product_ids","query_ids":[20838,20831,20829,20826,20822,53261],"default_option_id":"","thumbnail_id":"","thumbnail_src":"","quantity_min":1,"quantity_max":1,"priced_individually":false,"shipped_individually":false,"optional":true,"discount":"","options_style":"radios","pagination_style":"classic","display_prices":"absolute","show_sorting_options":false,"show_filtering_options":false,"attribute_filter_ids":[],"product_title_visible":false,"product_descr_visible":false,"product_price_visible":false,"product_thumb_visible":false,"subtotal_visible_product":false,"subtotal_visible_cart":false,"subtotal_visible_orders":false},{"id":"1674658714","title":"CRI-CCT","description":"","query_type":"product_ids","query_ids":[20691,20692,20694,20693,20701,20702,20704,20703],"default_option_id":"","thumbnail_id":"","thumbnail_src":"","quantity_min":1,"quantity_max":1,"priced_individually":false,"shipped_individually":false,"optional":true,"discount":"","options_style":"radios","pagination_style":"classic","display_prices":"absolute","show_sorting_options":false,"show_filtering_options":false,"attribute_filter_ids":[],"product_title_visible":false,"product_descr_visible":false,"product_price_visible":false,"product_thumb_visible":false,"subtotal_visible_product":false,"subtotal_visible_cart":false,"subtotal_visible_orders":false},{"id":"1674658715","title":"Optik","description":"","query_type":"product_ids","query_ids":[58554,58559,58563,58570,58574,58578,58585,58589,58593],"default_option_id":"","thumbnail_id":"","thumbnail_src":"","quantity_min":1,"quantity_max":1,"priced_individually":false,"shipped_individually":false,"optional":true,"discount":"","options_style":"radios","pagination_style":"classic","display_prices":"absolute","show_sorting_options":false,"show_filtering_options":false,"attribute_filter_ids":[],"product_title_visible":false,"product_descr_visible":false,"product_price_visible":false,"product_thumb_visible":false,"subtotal_visible_product":false,"subtotal_visible_cart":false,"subtotal_visible_orders":false},{"id":"1674658716","title":"Zubeh\u00f6r","description":"","query_type":"product_ids","query_ids":[20477,20457,20444,20452],"default_option_id":"","thumbnail_id":"","thumbnail_src":"","quantity_min":1,"quantity_max":1,"priced_individually":false,"shipped_individually":false,"optional":true,"discount":"","options_style":"radios","pagination_style":"classic","display_prices":"absolute","show_sorting_options":false,"show_filtering_options":false,"attribute_filter_ids":[],"product_title_visible":false,"product_descr_visible":false,"product_price_visible":false,"product_thumb_visible":false,"subtotal_visible_product":false,"subtotal_visible_cart":false,"subtotal_visible_orders":false},{"id":"1676654075","title":"Unabh\u00e4ngiges Zubeh\u00f6r","description":"","query_type":"product_ids","query_ids":[53516],"default_option_id":53516,"thumbnail_id":"","thumbnail_src":"","quantity_min":1,"quantity_max":1,"priced_individually":false,"shipped_individually":false,"optional":false,"discount":"","options_style":"radios","pagination_style":"classic","display_prices":"absolute","show_sorting_options":false,"show_filtering_options":false,"attribute_filter_ids":[],"product_title_visible":false,"product_descr_visible":true,"product_price_visible":false,"product_thumb_visible":false,"subtotal_visible_product":false,"subtotal_visible_cart":false,"subtotal_visible_orders":false},{"id":"1721379037","title":"Schutzgeh\u00e4use","description":"","query_type":"product_ids","query_ids":[57058],"default_option_id":57058,"thumbnail_id":"","thumbnail_src":"","quantity_min":1,"quantity_max":1,"priced_individually":false,"shipped_individually":false,"optional":false,"discount":"","options_style":"radios","pagination_style":"classic","display_prices":"absolute","show_sorting_options":false,"show_filtering_options":false,"attribute_filter_ids":[],"product_title_visible":false,"product_descr_visible":false,"product_price_visible":false,"product_thumb_visible":false,"subtotal_visible_product":false,"subtotal_visible_cart":false,"subtotal_visible_orders":false},{"id":"1721379038","title":"Steckverbinder","description":"","query_type":"product_ids","query_ids":[33022],"default_option_id":33022,"thumbnail_id":"","thumbnail_src":"","quantity_min":1,"quantity_max":1,"priced_individually":false,"shipped_individually":false,"optional":false,"discount":"","options_style":"radios","pagination_style":"classic","display_prices":"absolute","show_sorting_options":false,"show_filtering_options":false,"attribute_filter_ids":[],"product_title_visible":false,"product_descr_visible":false,"product_price_visible":false,"product_thumb_visible":false,"subtotal_visible_product":false,"subtotal_visible_cart":false,"subtotal_visible_orders":false},{"id":"1689342851","title":"Lebenslang","description":"","query_type":"product_ids","query_ids":[50125,50129],"default_option_id":"","thumbnail_id":"","thumbnail_src":"","quantity_min":1,"quantity_max":1,"priced_individually":false,"shipped_individually":false,"optional":true,"discount":"","options_style":"radios","pagination_style":"classic","display_prices":"absolute","show_sorting_options":false,"show_filtering_options":false,"attribute_filter_ids":[],"product_title_visible":false,"product_descr_visible":false,"product_price_visible":false,"product_thumb_visible":false,"subtotal_visible_product":false,"subtotal_visible_cart":false,"subtotal_visible_orders":false}],"composite_scenarios":[{"id":"1674659032","name":"narrow spot \/ wide flood","description":"","configuration":[{"component_id":"1674658715","options_modifier":"in","component_options":[58559,58585]}],"actions":[{"action_id":"compat_group","is_active":false},{"action_id":"conditional_components","is_active":false,"hidden_components":[]},{"action_id":"conditional_options","is_active":true,"hidden_options":[{"component_id":"1674658716","component_options":[20452],"options_modifier":"in"}]}],"enabled":true},{"id":"1674659033","name":"ell. narrow spot \/ ell. wide flood","description":"","configuration":[{"component_id":"1674658715","options_modifier":"in","component_options":[58563,58589]}],"actions":[{"action_id":"compat_group","is_active":false},{"action_id":"conditional_components","is_active":false,"hidden_components":[]},{"action_id":"conditional_options","is_active":true,"hidden_options":[{"component_id":"1674658716","component_options":[-1,20477],"options_modifier":"not-in"}]}],"enabled":true},{"id":"1674659034","name":"deep washer","description":"","configuration":[{"component_id":"1674658715","options_modifier":"in","component_options":[58593]}],"actions":[{"action_id":"compat_group","is_active":false},{"action_id":"conditional_components","is_active":true,"hidden_components":["1676654075"]},{"action_id":"conditional_options","is_active":true,"hidden_options":[{"component_id":"1674658716","component_options":[-1,20477],"options_modifier":"not-in"}]}],"enabled":true},{"id":"1674659654","name":"cri98 toglie very narrow","description":"","configuration":[{"component_id":"1674658714","options_modifier":"in","component_options":[20701,20702,20704,20703]}],"actions":[{"action_id":"compat_group","is_active":false},{"action_id":"conditional_components","is_active":false,"hidden_components":[]},{"action_id":"conditional_options","is_active":true,"hidden_options":[{"component_id":"1674658715","component_options":[58554],"options_modifier":"in"}]}],"enabled":true},{"id":"1674659655","name":"very narrow toglie cri98","description":"","configuration":[{"component_id":"1674658715","options_modifier":"in","component_options":[58554]}],"actions":[{"action_id":"compat_group","is_active":false},{"action_id":"conditional_components","is_active":false,"hidden_components":[]},{"action_id":"conditional_options","is_active":true,"hidden_options":[{"component_id":"1674658714","component_options":[20701,20702,20704,20703],"options_modifier":"in"}]}],"enabled":true},{"id":"1689342965","name":"LT 80","description":"","configuration":[{"component_id":"1674658715","options_modifier":"in","component_options":[58559,58563]}],"actions":[{"action_id":"compat_group","is_active":false},{"action_id":"conditional_components","is_active":false,"hidden_components":[]},{"action_id":"conditional_options","is_active":true,"hidden_options":[{"component_id":"1689342851","component_options":[-1,50125],"options_modifier":"not-in"}]}],"enabled":true},{"id":"1689342966","name":"LT 100","description":"","configuration":[{"component_id":"1674658715","options_modifier":"in","component_options":[58554,58570,58574,58578,58585,58589,58593]}],"actions":[{"action_id":"compat_group","is_active":false},{"action_id":"conditional_components","is_active":false,"hidden_components":[]},{"action_id":"conditional_options","is_active":true,"hidden_options":[{"component_id":"1689342851","component_options":[-1,50129],"options_modifier":"not-in"}]}],"enabled":true}],"bundled_by":[],"bundle_stock_status":"instock","bundle_stock_quantity":null,"bundle_virtual":false,"bundle_layout":"","bundle_add_to_cart_form_location":"","bundle_editable_in_cart":false,"bundle_sold_individually_context":"","bundle_item_grouping":"","bundle_min_size":"","bundle_max_size":"","bundled_items":[],"bundle_sell_ids":[],"acf":[],"yoast_head":"<!-- This site is optimized with the Yoast SEO plugin v27.4 - https:\/\/yoast.com\/product\/yoast-seo-wordpress\/ -->\n<title>Museo Revo Compact IP67 Base | Exenia<\/title>\n<meta name=\"robots\" content=\"noindex, follow, max-snippet:-1, max-image-preview:large, max-video-preview:-1\" \/>\n<meta property=\"og:locale\" content=\"de_DE\" \/>\n<meta property=\"og:type\" content=\"article\" \/>\n<meta property=\"og:title\" content=\"Museo Revo Compact IP67 Base | Exenia\" \/>\n<meta property=\"og:description\" content=\"Die Compact-Version bietet Aperturen von 6\u00b0 bis 50\u00b0, zwei elliptische...\" \/>\n<meta property=\"og:url\" content=\"https:\/\/restyling.exenia.eu\/de\/produkt\/museo-revo-compact-ip67-base\/\" \/>\n<meta property=\"og:site_name\" content=\"Exenia\" \/>\n<meta property=\"article:publisher\" content=\"https:\/\/www.facebook.com\/exenialighting\" \/>\n<meta property=\"article:modified_time\" content=\"2024-07-25T07:24:50+00:00\" \/>\n<meta property=\"og:image\" content=\"https:\/\/restyling.exenia.eu\/wp-content\/uploads\/2024\/07\/Museo-Compact-IP67-prodotto-new.jpg\" \/>\n\t<meta property=\"og:image:width\" content=\"2000\" \/>\n\t<meta property=\"og:image:height\" content=\"1919\" \/>\n\t<meta property=\"og:image:type\" content=\"image\/jpeg\" \/>\n<!-- \/ Yoast SEO plugin. -->","yoast_head_json":{"title":"Museo Revo Compact IP67 Base | Exenia","robots":{"index":"noindex","follow":"follow","max-snippet":"max-snippet:-1","max-image-preview":"max-image-preview:large","max-video-preview":"max-video-preview:-1"},"og_locale":"de_DE","og_type":"article","og_title":"Museo Revo Compact IP67 Base | Exenia","og_description":"Die Compact-Version bietet Aperturen von 6\u00b0 bis 50\u00b0, zwei elliptische...","og_url":"https:\/\/restyling.exenia.eu\/de\/produkt\/museo-revo-compact-ip67-base\/","og_site_name":"Exenia","article_publisher":"https:\/\/www.facebook.com\/exenialighting","article_modified_time":"2024-07-25T07:24:50+00:00","og_image":[{"width":2000,"height":1919,"url":"https:\/\/restyling.exenia.eu\/wp-content\/uploads\/2024\/07\/Museo-Compact-IP67-prodotto-new.jpg","type":"image\/jpeg"}],"schema":{"@context":"https:\/\/schema.org","@graph":[{"@type":"WebPage","@id":"https:\/\/restyling.exenia.eu\/de\/produkt\/museo-revo-compact-ip67-base\/","url":"https:\/\/restyling.exenia.eu\/de\/produkt\/museo-revo-compact-ip67-base\/","name":"Museo Revo Compact IP67 Base | Exenia","isPartOf":{"@id":"https:\/\/restyling.exenia.eu\/#website"},"primaryImageOfPage":{"@id":"https:\/\/restyling.exenia.eu\/de\/produkt\/museo-revo-compact-ip67-base\/#primaryimage"},"image":{"@id":"https:\/\/restyling.exenia.eu\/de\/produkt\/museo-revo-compact-ip67-base\/#primaryimage"},"thumbnailUrl":"https:\/\/restyling.exenia.eu\/wp-content\/uploads\/2024\/07\/Museo-Compact-IP67-prodotto-new.jpg","datePublished":"2024-06-12T10:01:34+00:00","dateModified":"2024-07-25T07:24:50+00:00","breadcrumb":{"@id":"https:\/\/restyling.exenia.eu\/de\/produkt\/museo-revo-compact-ip67-base\/#breadcrumb"},"inLanguage":"de","potentialAction":[{"@type":"ReadAction","target":["https:\/\/restyling.exenia.eu\/de\/produkt\/museo-revo-compact-ip67-base\/"]}]},{"@type":"ImageObject","inLanguage":"de","@id":"https:\/\/restyling.exenia.eu\/de\/produkt\/museo-revo-compact-ip67-base\/#primaryimage","url":"https:\/\/restyling.exenia.eu\/wp-content\/uploads\/2024\/07\/Museo-Compact-IP67-prodotto-new.jpg","contentUrl":"https:\/\/restyling.exenia.eu\/wp-content\/uploads\/2024\/07\/Museo-Compact-IP67-prodotto-new.jpg","width":2000,"height":1919},{"@type":"BreadcrumbList","@id":"https:\/\/restyling.exenia.eu\/de\/produkt\/museo-revo-compact-ip67-base\/#breadcrumb","itemListElement":[{"@type":"ListItem","position":1,"name":"Home","item":"https:\/\/restyling.exenia.eu\/"},{"@type":"ListItem","position":2,"name":"Produkte","item":"https:\/\/restyling.exenia.eu\/prodotti\/"},{"@type":"ListItem","position":3,"name":"Outdoor","item":"https:\/\/restyling.exenia.eu\/de\/c\/outdoor\/"},{"@type":"ListItem","position":4,"name":"Projektoren","item":"https:\/\/restyling.exenia.eu\/de\/c\/outdoor\/projektoren\/"},{"@type":"ListItem","position":5,"name":"Museo Revo IP67","item":"https:\/\/restyling.exenia.eu\/c\/outdoor\/proiettori-a-base-outdoor\/museo-revo-ip67\/"},{"@type":"ListItem","position":6,"name":"Museo Revo Compact IP67 Base"}]},{"@type":"WebSite","@id":"https:\/\/restyling.exenia.eu\/#website","url":"https:\/\/restyling.exenia.eu\/","name":"Exenia","description":"","publisher":{"@id":"https:\/\/restyling.exenia.eu\/#organization"},"potentialAction":[{"@type":"SearchAction","target":{"@type":"EntryPoint","urlTemplate":"https:\/\/restyling.exenia.eu\/?s={search_term_string}"},"query-input":{"@type":"PropertyValueSpecification","valueRequired":true,"valueName":"search_term_string"}}],"inLanguage":"de"},{"@type":"Organization","@id":"https:\/\/restyling.exenia.eu\/#organization","name":"Exenia","url":"https:\/\/restyling.exenia.eu\/","logo":{"@type":"ImageObject","inLanguage":"de","@id":"https:\/\/restyling.exenia.eu\/#\/schema\/logo\/image\/","url":"https:\/\/restyling.exenia.eu\/wp-content\/uploads\/2022\/09\/logo_exenia-e1678467519405.png","contentUrl":"https:\/\/restyling.exenia.eu\/wp-content\/uploads\/2022\/09\/logo_exenia-e1678467519405.png","width":600,"height":194,"caption":"Exenia"},"image":{"@id":"https:\/\/restyling.exenia.eu\/#\/schema\/logo\/image\/"},"sameAs":["https:\/\/www.facebook.com\/exenialighting","https:\/\/x.com\/ExeniaLighting"]}]}},"_links":{"self":[{"href":"https:\/\/restyling.exenia.eu\/de\/wp-json\/wp\/v2\/product\/52797","targetHints":{"allow":["GET"]}}],"collection":[{"href":"https:\/\/restyling.exenia.eu\/de\/wp-json\/wp\/v2\/product"}],"about":[{"href":"https:\/\/restyling.exenia.eu\/de\/wp-json\/wp\/v2\/types\/product"}],"wp:featuredmedia":[{"embeddable":true,"href":"https:\/\/restyling.exenia.eu\/de\/wp-json\/wp\/v2\/media\/57296"}],"wp:attachment":[{"href":"https:\/\/restyling.exenia.eu\/de\/wp-json\/wp\/v2\/media?parent=52797"}],"wp:term":[{"taxonomy":"product_brand","embeddable":true,"href":"https:\/\/restyling.exenia.eu\/de\/wp-json\/wp\/v2\/product_brand?post=52797"},{"taxonomy":"product_cat","embeddable":true,"href":"https:\/\/restyling.exenia.eu\/de\/wp-json\/wp\/v2\/product_cat?post=52797"},{"taxonomy":"product_tag","embeddable":true,"href":"https:\/\/restyling.exenia.eu\/de\/wp-json\/wp\/v2\/product_tag?post=52797"},{"taxonomy":"categoria-admin-prodotto","embeddable":true,"href":"https:\/\/restyling.exenia.eu\/de\/wp-json\/wp\/v2\/categoria-admin-prodotto?post=52797"}],"curies":[{"name":"wp","href":"https:\/\/api.w.org\/{rel}","templated":true}]}}