{"id":52992,"date":"2024-06-13T11:56:28","date_gmt":"2024-06-13T09:56:28","guid":{"rendered":"https:\/\/www.exenia.eu\/?post_type=product&#038;p=52992"},"modified":"2024-08-30T14:14:46","modified_gmt":"2024-08-30T12:14:46","slug":"spot-m48-revo-small","status":"publish","type":"product","link":"https:\/\/restyling.exenia.eu\/de\/produkt\/spot-m48-revo-small\/","title":{"rendered":"Spot Micro48 Revo Small"},"content":{"rendered":"<p>Revo 48V-Strahler f\u00fcr Micro48-Schienen sind in zwei Gr\u00f6\u00dfen und zahlreichen rotosymmetrischen Optikvarianten erh\u00e4ltlich.<br \/>\nDie neuen optischen Systeme Revo Dark wurden f\u00fcr eine fortschrittliche beleuchtungstechnische Planung entwickelt und eignen sich vor allem f\u00fcr Umgebungen, bei denen besondere Anforderungen an den visuellen Komfort gestellt werden. Diese mit den rotosymmetrischen Optiken \u201cCross\u201d und leistungsstarken asymmetrischen Optiken ausgestatteten Leuchten eignen sich besonders f\u00fcr den Einsatz in Museen und f\u00fcr Projekte mit komplexen beleuchtungstechnischen Anforderungen.<br \/>\nDie Produktserie Spot Revo zeichnet sich durch ein herausragendes Leistung-Gr\u00f6\u00dfen-Verh\u00e4ltnis, Zahlreiche M\u00f6glichkeiten f\u00fcr die Erg\u00e4nzung und Zubeh\u00f6r und eine gro\u00dfe Farbpalette aus, doch vor allem sticht sie durch eine besonders pr\u00e4zise, saubere und gleichm\u00e4\u00dfige Lichtprojektion hervor.<\/p>\n<p>Die Version <b>Small <\/b>bietet 6 symmetrische Abstrahlwinkel von 7\u00b0 bis 50\u00b0, 2 elliptische Versionen und ein umfangreiches Angebot an Zubeh\u00f6r.<br \/>\nEine h\u00f6here Farbwiedergabe, ein UGR-Wert von &lt;10 und die Einhaltung der DARK-lighting-Parameter werden durch die hohe Qualit\u00e4t des Leuchtmittels mit einer Farbkonsistenz von 2 SDCM und die besonders sauberen Lichtb\u00fcndel abgerundet.<br \/>\nDurch die Kompatibilit\u00e4t mit den meisten Steuersystemen ist Spot Revo Small das perfekte Instrument in Beleuchtungskontexten, bei denen der Wert des Leuchtmittels von seiner hohen Leistungsqualit\u00e4t und einer geringen physischen und visuellen Beeintr\u00e4chtigung durch die Montage abh\u00e4ngt.<\/p>\n","protected":false},"excerpt":{"rendered":"<p>Revo 48V-Strahler f\u00fcr Micro48-Schienen sind in zwei Gr\u00f6\u00dfen und zahlreichen&#8230;<\/p>\n","protected":false},"featured_media":57141,"template":"","meta":{"_acf_changed":false},"product_brand":[],"product_cat":[6610,5373],"product_tag":[6789],"categoria-admin-prodotto":[],"class_list":{"0":"post-52992","1":"product","2":"type-product","3":"status-publish","4":"has-post-thumbnail","6":"product_cat-leuchten-track-micro-48","7":"product_cat-spot-revo-48-v-de","8":"product_tag-385m1-de","9":"pa_alimentazione-48v","10":"pa_cct-2700k-de","11":"pa_cct-3000k-de","12":"pa_cct-3500k-de","13":"pa_cct-4000k-de","14":"pa_certificazione-conformita-ce-de","15":"pa_classe-f-da","16":"pa_cri-92-de","17":"pa_cri-98-de","18":"pa_grado-ip-ip20-innenraum","19":"pa_grado-ip-optisches-fach-ip40","20":"pa_temperatura-di-esercizio-10-35-de","22":"first","23":"instock","24":"purchasable","25":"product-type-composite"},"composite_virtual":false,"composite_layout":"single","composite_add_to_cart_form_location":"default","composite_editable_in_cart":false,"composite_sold_individually_context":"product","composite_shop_price_calc":"defaults","composite_components":[{"id":"1674732720","title":"Geh\u00e4use der Leuchte","description":"","query_type":"product_ids","query_ids":[53350],"default_option_id":53350,"thumbnail_id":"","thumbnail_src":"","quantity_min":1,"quantity_max":1,"priced_individually":false,"shipped_individually":false,"optional":false,"discount":"","options_style":"radios","pagination_style":"classic","display_prices":"absolute","show_sorting_options":false,"show_filtering_options":false,"attribute_filter_ids":[],"product_title_visible":false,"product_descr_visible":false,"product_price_visible":false,"product_thumb_visible":false,"subtotal_visible_product":false,"subtotal_visible_cart":false,"subtotal_visible_orders":false},{"id":"1674732721","title":"Version","description":"","query_type":"product_ids","query_ids":[53360],"default_option_id":53360,"thumbnail_id":"","thumbnail_src":"","quantity_min":1,"quantity_max":1,"priced_individually":false,"shipped_individually":false,"optional":false,"discount":"","options_style":"radios","pagination_style":"classic","display_prices":"absolute","show_sorting_options":false,"show_filtering_options":false,"attribute_filter_ids":[],"product_title_visible":false,"product_descr_visible":false,"product_price_visible":false,"product_thumb_visible":false,"subtotal_visible_product":false,"subtotal_visible_cart":false,"subtotal_visible_orders":false},{"id":"1674732722","title":"Kontrolle","description":"","query_type":"product_ids","query_ids":[53443,20535],"default_option_id":"","thumbnail_id":"","thumbnail_src":"","quantity_min":1,"quantity_max":1,"priced_individually":false,"shipped_individually":false,"optional":true,"discount":"","options_style":"radios","pagination_style":"classic","display_prices":"absolute","show_sorting_options":false,"show_filtering_options":false,"attribute_filter_ids":[],"product_title_visible":false,"product_descr_visible":false,"product_price_visible":false,"product_thumb_visible":false,"subtotal_visible_product":false,"subtotal_visible_cart":false,"subtotal_visible_orders":false},{"id":"1674732723","title":"Geh\u00e4useoberfl\u00e4che","description":"","query_type":"product_ids","query_ids":[20838,20813,20771,20817,20826,20825],"default_option_id":"","thumbnail_id":"","thumbnail_src":"","quantity_min":1,"quantity_max":1,"priced_individually":false,"shipped_individually":false,"optional":true,"discount":"","options_style":"radios","pagination_style":"classic","display_prices":"absolute","show_sorting_options":false,"show_filtering_options":false,"attribute_filter_ids":[],"product_title_visible":false,"product_descr_visible":false,"product_price_visible":false,"product_thumb_visible":false,"subtotal_visible_product":false,"subtotal_visible_cart":false,"subtotal_visible_orders":false},{"id":"1674732724","title":"Ausf\u00fchrung des Adapters","description":"","query_type":"product_ids","query_ids":[20767,20768],"default_option_id":"","thumbnail_id":"","thumbnail_src":"","quantity_min":1,"quantity_max":1,"priced_individually":false,"shipped_individually":false,"optional":true,"discount":"","options_style":"radios","pagination_style":"classic","display_prices":"absolute","show_sorting_options":false,"show_filtering_options":false,"attribute_filter_ids":[],"product_title_visible":false,"product_descr_visible":false,"product_price_visible":false,"product_thumb_visible":false,"subtotal_visible_product":false,"subtotal_visible_cart":false,"subtotal_visible_orders":false},{"id":"1674732725","title":"CRI-CCT","description":"","query_type":"product_ids","query_ids":[20691,20692,20694,20693,20701,20702,20704,20703],"default_option_id":"","thumbnail_id":"","thumbnail_src":"","quantity_min":1,"quantity_max":1,"priced_individually":false,"shipped_individually":false,"optional":true,"discount":"","options_style":"radios","pagination_style":"classic","display_prices":"absolute","show_sorting_options":false,"show_filtering_options":false,"attribute_filter_ids":[],"product_title_visible":false,"product_descr_visible":false,"product_price_visible":false,"product_thumb_visible":false,"subtotal_visible_product":false,"subtotal_visible_cart":false,"subtotal_visible_orders":false},{"id":"1674732726","title":"Optik","description":"","query_type":"product_ids","query_ids":[58750,20962,20858,20978,20956,20926,20995,20865],"default_option_id":"","thumbnail_id":"","thumbnail_src":"","quantity_min":1,"quantity_max":1,"priced_individually":false,"shipped_individually":false,"optional":true,"discount":"","options_style":"radios","pagination_style":"classic","display_prices":"absolute","show_sorting_options":false,"show_filtering_options":false,"attribute_filter_ids":[],"product_title_visible":false,"product_descr_visible":false,"product_price_visible":false,"product_thumb_visible":false,"subtotal_visible_product":false,"subtotal_visible_cart":false,"subtotal_visible_orders":false},{"id":"1674732727","title":"Zubeh\u00f6r","description":"","query_type":"product_ids","query_ids":[20477,20457,20481,20483,20452],"default_option_id":"","thumbnail_id":"","thumbnail_src":"","quantity_min":1,"quantity_max":1,"priced_individually":false,"shipped_individually":false,"optional":true,"discount":"","options_style":"radios","pagination_style":"classic","display_prices":"absolute","show_sorting_options":false,"show_filtering_options":false,"attribute_filter_ids":[],"product_title_visible":false,"product_descr_visible":false,"product_price_visible":false,"product_thumb_visible":false,"subtotal_visible_product":false,"subtotal_visible_cart":false,"subtotal_visible_orders":false},{"id":"1676887108","title":"Unabh\u00e4ngiges Zubeh\u00f6r","description":"","query_type":"product_ids","query_ids":[40641],"default_option_id":40641,"thumbnail_id":"","thumbnail_src":"","quantity_min":1,"quantity_max":1,"priced_individually":false,"shipped_individually":false,"optional":false,"discount":"","options_style":"radios","pagination_style":"classic","display_prices":"absolute","show_sorting_options":false,"show_filtering_options":false,"attribute_filter_ids":[],"product_title_visible":false,"product_descr_visible":true,"product_price_visible":false,"product_thumb_visible":false,"subtotal_visible_product":false,"subtotal_visible_cart":false,"subtotal_visible_orders":false},{"id":"1689328472","title":"Lebenslang","description":"","query_type":"product_ids","query_ids":[50125,50129],"default_option_id":"","thumbnail_id":"","thumbnail_src":"","quantity_min":1,"quantity_max":1,"priced_individually":false,"shipped_individually":false,"optional":true,"discount":"","options_style":"radios","pagination_style":"classic","display_prices":"absolute","show_sorting_options":false,"show_filtering_options":false,"attribute_filter_ids":[],"product_title_visible":false,"product_descr_visible":false,"product_price_visible":false,"product_thumb_visible":false,"subtotal_visible_product":false,"subtotal_visible_cart":false,"subtotal_visible_orders":false}],"composite_scenarios":[{"id":"1674732957","name":"cri98","description":"","configuration":[{"component_id":"1674732725","options_modifier":"in","component_options":[20701,20702,20704,20703]}],"actions":[{"action_id":"compat_group","is_active":false},{"action_id":"conditional_components","is_active":false,"hidden_components":[]},{"action_id":"conditional_options","is_active":true,"hidden_options":[{"component_id":"1674732726","component_options":[58750,20962,20858],"options_modifier":"in"}]}],"enabled":true},{"id":"1674732958","name":"narrow spot \/ wide flood","description":"","configuration":[{"component_id":"1674732726","options_modifier":"in","component_options":[20962,20995]}],"actions":[{"action_id":"compat_group","is_active":false},{"action_id":"conditional_components","is_active":false,"hidden_components":[]},{"action_id":"conditional_options","is_active":true,"hidden_options":[{"component_id":"1674732727","component_options":[20452],"options_modifier":"in"}]}],"enabled":true},{"id":"1674732959","name":"ellittiche","description":"","configuration":[{"component_id":"1674732726","options_modifier":"in","component_options":[20858,20865]}],"actions":[{"action_id":"compat_group","is_active":false},{"action_id":"conditional_components","is_active":false,"hidden_components":[]},{"action_id":"conditional_options","is_active":true,"hidden_options":[{"component_id":"1674732727","component_options":[-1,20477],"options_modifier":"not-in"}]}],"enabled":true},{"id":"1674732960","name":"very narrow\/narrow spot \/ell.nar spot cri98","description":"","configuration":[{"component_id":"1674732726","options_modifier":"in","component_options":[58750,20962,20858]}],"actions":[{"action_id":"compat_group","is_active":false},{"action_id":"conditional_components","is_active":false,"hidden_components":[]},{"action_id":"conditional_options","is_active":true,"hidden_options":[{"component_id":"1674732725","component_options":[20701,20702,20704,20703],"options_modifier":"in"}]}],"enabled":true},{"id":"1674732961","name":"honeycomb \/ snoot \/ visor","description":"","configuration":[{"component_id":"1674732727","options_modifier":"in","component_options":[20457,20481,20483]}],"actions":[{"action_id":"compat_group","is_active":false},{"action_id":"conditional_components","is_active":false,"hidden_components":[]},{"action_id":"conditional_options","is_active":true,"hidden_options":[{"component_id":"1674732726","component_options":[20858,20865],"options_modifier":"in"}]}],"enabled":true},{"id":"1674732962","name":"lente ellittica","description":"","configuration":[{"component_id":"1674732727","options_modifier":"in","component_options":[20452]}],"actions":[{"action_id":"compat_group","is_active":false},{"action_id":"conditional_components","is_active":false,"hidden_components":[]},{"action_id":"conditional_options","is_active":true,"hidden_options":[{"component_id":"1674732726","component_options":[20962,20858,20995,20865],"options_modifier":"in"}]}],"enabled":true},{"id":"1689328749","name":"LT 80","description":"","configuration":[{"component_id":"1674732726","options_modifier":"in","component_options":[20978,20956,20926,20995,20865]}],"actions":[{"action_id":"compat_group","is_active":false},{"action_id":"conditional_components","is_active":false,"hidden_components":[]},{"action_id":"conditional_options","is_active":true,"hidden_options":[{"component_id":"1689328472","component_options":[-1,50125],"options_modifier":"not-in"}]}],"enabled":true},{"id":"1689328750","name":"LT 100","description":"","configuration":[{"component_id":"1674732726","options_modifier":"in","component_options":[58750,20962,20858]}],"actions":[{"action_id":"compat_group","is_active":false},{"action_id":"conditional_components","is_active":false,"hidden_components":[]},{"action_id":"conditional_options","is_active":true,"hidden_options":[{"component_id":"1689328472","component_options":[-1,50129],"options_modifier":"not-in"}]}],"enabled":true}],"bundled_by":[],"bundle_stock_status":"instock","bundle_stock_quantity":null,"bundle_virtual":false,"bundle_layout":"","bundle_add_to_cart_form_location":"","bundle_editable_in_cart":false,"bundle_sold_individually_context":"","bundle_item_grouping":"","bundle_min_size":"","bundle_max_size":"","bundled_items":[],"bundle_sell_ids":[],"acf":[],"yoast_head":"<!-- This site is optimized with the Yoast SEO plugin v27.5 - https:\/\/yoast.com\/product\/yoast-seo-wordpress\/ -->\n<title>Spot Micro48 Revo Small | Exenia<\/title>\n<meta name=\"robots\" content=\"noindex, follow, max-snippet:-1, max-image-preview:large, max-video-preview:-1\" \/>\n<meta property=\"og:locale\" content=\"de_DE\" \/>\n<meta property=\"og:type\" content=\"article\" \/>\n<meta property=\"og:title\" content=\"Spot Micro48 Revo Small | Exenia\" \/>\n<meta property=\"og:description\" content=\"Revo 48V-Strahler f\u00fcr Micro48-Schienen sind in zwei Gr\u00f6\u00dfen und zahlreichen...\" \/>\n<meta property=\"og:url\" content=\"https:\/\/restyling.exenia.eu\/de\/produkt\/spot-m48-revo-small\/\" \/>\n<meta property=\"og:site_name\" content=\"Exenia\" \/>\n<meta property=\"article:publisher\" content=\"https:\/\/www.facebook.com\/exenialighting\" \/>\n<meta property=\"article:modified_time\" content=\"2024-08-30T12:14:46+00:00\" \/>\n<meta property=\"og:image\" content=\"https:\/\/restyling.exenia.eu\/wp-content\/uploads\/2024\/07\/Spot-M48-revo-small-prodotto.jpg\" \/>\n\t<meta property=\"og:image:width\" content=\"2000\" \/>\n\t<meta property=\"og:image:height\" content=\"1919\" \/>\n\t<meta property=\"og:image:type\" content=\"image\/jpeg\" \/>\n<!-- \/ Yoast SEO plugin. -->","yoast_head_json":{"title":"Spot Micro48 Revo Small | Exenia","robots":{"index":"noindex","follow":"follow","max-snippet":"max-snippet:-1","max-image-preview":"max-image-preview:large","max-video-preview":"max-video-preview:-1"},"og_locale":"de_DE","og_type":"article","og_title":"Spot Micro48 Revo Small | Exenia","og_description":"Revo 48V-Strahler f\u00fcr Micro48-Schienen sind in zwei Gr\u00f6\u00dfen und zahlreichen...","og_url":"https:\/\/restyling.exenia.eu\/de\/produkt\/spot-m48-revo-small\/","og_site_name":"Exenia","article_publisher":"https:\/\/www.facebook.com\/exenialighting","article_modified_time":"2024-08-30T12:14:46+00:00","og_image":[{"width":2000,"height":1919,"url":"https:\/\/restyling.exenia.eu\/wp-content\/uploads\/2024\/07\/Spot-M48-revo-small-prodotto.jpg","type":"image\/jpeg"}],"schema":{"@context":"https:\/\/schema.org","@graph":[{"@type":"WebPage","@id":"https:\/\/restyling.exenia.eu\/de\/produkt\/spot-m48-revo-small\/","url":"https:\/\/restyling.exenia.eu\/de\/produkt\/spot-m48-revo-small\/","name":"Spot Micro48 Revo Small | Exenia","isPartOf":{"@id":"https:\/\/restyling.exenia.eu\/#website"},"primaryImageOfPage":{"@id":"https:\/\/restyling.exenia.eu\/de\/produkt\/spot-m48-revo-small\/#primaryimage"},"image":{"@id":"https:\/\/restyling.exenia.eu\/de\/produkt\/spot-m48-revo-small\/#primaryimage"},"thumbnailUrl":"https:\/\/restyling.exenia.eu\/wp-content\/uploads\/2024\/07\/Spot-M48-revo-small-prodotto.jpg","datePublished":"2024-06-13T09:56:28+00:00","dateModified":"2024-08-30T12:14:46+00:00","breadcrumb":{"@id":"https:\/\/restyling.exenia.eu\/de\/produkt\/spot-m48-revo-small\/#breadcrumb"},"inLanguage":"de","potentialAction":[{"@type":"ReadAction","target":["https:\/\/restyling.exenia.eu\/de\/produkt\/spot-m48-revo-small\/"]}]},{"@type":"ImageObject","inLanguage":"de","@id":"https:\/\/restyling.exenia.eu\/de\/produkt\/spot-m48-revo-small\/#primaryimage","url":"https:\/\/restyling.exenia.eu\/wp-content\/uploads\/2024\/07\/Spot-M48-revo-small-prodotto.jpg","contentUrl":"https:\/\/restyling.exenia.eu\/wp-content\/uploads\/2024\/07\/Spot-M48-revo-small-prodotto.jpg","width":2000,"height":1919,"caption":"Spot M48 Revo Small"},{"@type":"BreadcrumbList","@id":"https:\/\/restyling.exenia.eu\/de\/produkt\/spot-m48-revo-small\/#breadcrumb","itemListElement":[{"@type":"ListItem","position":1,"name":"Home","item":"https:\/\/restyling.exenia.eu\/"},{"@type":"ListItem","position":2,"name":"Produkte","item":"https:\/\/restyling.exenia.eu\/prodotti\/"},{"@type":"ListItem","position":3,"name":"Indoor","item":"https:\/\/restyling.exenia.eu\/de\/c\/indoor\/"},{"@type":"ListItem","position":4,"name":"Leuchten f\u00fcr Systeme\/Schienen","item":"https:\/\/restyling.exenia.eu\/de\/c\/indoor\/leuchten-fur-systeme-schienen\/"},{"@type":"ListItem","position":5,"name":"48 V","item":"https:\/\/restyling.exenia.eu\/de\/c\/indoor\/leuchten-fur-systeme-schienen\/48-v-de\/"},{"@type":"ListItem","position":6,"name":"Alle Leuchten f\u00fcr 48","item":"https:\/\/restyling.exenia.eu\/de\/c\/indoor\/leuchten-fur-systeme-schienen\/48-v-de\/alle-leuchten-fuer-48\/"},{"@type":"ListItem","position":7,"name":"Spot Revo","item":"https:\/\/restyling.exenia.eu\/c\/indoor\/apparecchi-per-sistemi-binari-elettrificati\/48-v\/tutti-gli-apparecchi-48\/spot-revo-48v\/"},{"@type":"ListItem","position":8,"name":"Spot Micro48 Revo Small"}]},{"@type":"WebSite","@id":"https:\/\/restyling.exenia.eu\/#website","url":"https:\/\/restyling.exenia.eu\/","name":"Exenia","description":"","publisher":{"@id":"https:\/\/restyling.exenia.eu\/#organization"},"potentialAction":[{"@type":"SearchAction","target":{"@type":"EntryPoint","urlTemplate":"https:\/\/restyling.exenia.eu\/?s={search_term_string}"},"query-input":{"@type":"PropertyValueSpecification","valueRequired":true,"valueName":"search_term_string"}}],"inLanguage":"de"},{"@type":"Organization","@id":"https:\/\/restyling.exenia.eu\/#organization","name":"Exenia","url":"https:\/\/restyling.exenia.eu\/","logo":{"@type":"ImageObject","inLanguage":"de","@id":"https:\/\/restyling.exenia.eu\/#\/schema\/logo\/image\/","url":"https:\/\/restyling.exenia.eu\/wp-content\/uploads\/2022\/09\/logo_exenia-e1678467519405.png","contentUrl":"https:\/\/restyling.exenia.eu\/wp-content\/uploads\/2022\/09\/logo_exenia-e1678467519405.png","width":600,"height":194,"caption":"Exenia"},"image":{"@id":"https:\/\/restyling.exenia.eu\/#\/schema\/logo\/image\/"},"sameAs":["https:\/\/www.facebook.com\/exenialighting","https:\/\/x.com\/ExeniaLighting"]}]}},"_links":{"self":[{"href":"https:\/\/restyling.exenia.eu\/de\/wp-json\/wp\/v2\/product\/52992","targetHints":{"allow":["GET"]}}],"collection":[{"href":"https:\/\/restyling.exenia.eu\/de\/wp-json\/wp\/v2\/product"}],"about":[{"href":"https:\/\/restyling.exenia.eu\/de\/wp-json\/wp\/v2\/types\/product"}],"wp:featuredmedia":[{"embeddable":true,"href":"https:\/\/restyling.exenia.eu\/de\/wp-json\/wp\/v2\/media\/57141"}],"wp:attachment":[{"href":"https:\/\/restyling.exenia.eu\/de\/wp-json\/wp\/v2\/media?parent=52992"}],"wp:term":[{"taxonomy":"product_brand","embeddable":true,"href":"https:\/\/restyling.exenia.eu\/de\/wp-json\/wp\/v2\/product_brand?post=52992"},{"taxonomy":"product_cat","embeddable":true,"href":"https:\/\/restyling.exenia.eu\/de\/wp-json\/wp\/v2\/product_cat?post=52992"},{"taxonomy":"product_tag","embeddable":true,"href":"https:\/\/restyling.exenia.eu\/de\/wp-json\/wp\/v2\/product_tag?post=52992"},{"taxonomy":"categoria-admin-prodotto","embeddable":true,"href":"https:\/\/restyling.exenia.eu\/de\/wp-json\/wp\/v2\/categoria-admin-prodotto?post=52992"}],"curies":[{"name":"wp","href":"https:\/\/api.w.org\/{rel}","templated":true}]}}