{"id":54127,"date":"2024-07-02T09:23:51","date_gmt":"2024-07-02T07:23:51","guid":{"rendered":"https:\/\/www.exenia.eu\/?post_type=product&#038;p=54127"},"modified":"2024-09-25T11:55:09","modified_gmt":"2024-09-25T09:55:09","slug":"superlinea-system-pendel","status":"publish","type":"product","link":"https:\/\/restyling.exenia.eu\/de\/produkt\/superlinea-system-pendel\/","title":{"rendered":"Superlinea System Pendel"},"content":{"rendered":"<p>Als neue Erg\u00e4nzung der Exenia-Kollektion definiert die Superlinea-Federungssystem die Standards der B\u00fcrobeleuchtung mit raffiniertem Design und au\u00dfergew\u00f6hnlicher Leistung neu. Neue polysph\u00e4rische und Fly-Eye-Mikrooptiken schaffen subtile, elegante und einzigartige Beleuchtungsl\u00f6sungen.<\/p>\n<p>Maximaler Sehkomfort, sowohl in L\u00e4ngs- als auch in Querrichtung, wird durch einen UGR-Wert von weniger als 19 zu jeder Zeit garantiert, ohne dabei auf eine hohe Leistung von bis zu 140 Lumen\/W zu verzichten. Mit den Optionen f\u00fcr direkte und indirekte Lichtverteilung bietet Superlinea eine un\u00fcbertroffene Vielseitigkeit.<\/p>\n<p>Superlinea ist ideal f\u00fcr alle, die eine \u00e4u\u00dferst energieeffiziente B\u00fcrobeleuchtung suchen. Sie vereint Kompaktheit und Leistung und setzt neue Ma\u00dfst\u00e4be in Sachen minimalistischer \u00c4sthetik.<\/p>\n<p>Superlinea ist die perfekte Wahl f\u00fcr eine moderne B\u00fcrobeleuchtung, die \u00c4sthetik und Nachhaltigkeit vereint.<\/p>\n<p><a href=\"https:\/\/restyling.exenia.eu\/wp-content\/uploads\/2023\/04\/SUPERLINEA-EN-min.pdf\"><img fetchpriority=\"high\" decoding=\"async\" class=\"alignnone size-medium wp-image-58043\" src=\"https:\/\/restyling.exenia.eu\/wp-content\/uploads\/2024\/07\/SUPERLINEA-COVER-4-212x300.jpg\" alt=\"\" width=\"212\" height=\"300\" srcset=\"https:\/\/restyling.exenia.eu\/wp-content\/uploads\/2024\/07\/SUPERLINEA-COVER-4-212x300.jpg 212w, https:\/\/restyling.exenia.eu\/wp-content\/uploads\/2024\/07\/SUPERLINEA-COVER-4-725x1024.jpg 725w, https:\/\/restyling.exenia.eu\/wp-content\/uploads\/2024\/07\/SUPERLINEA-COVER-4-768x1085.jpg 768w, https:\/\/restyling.exenia.eu\/wp-content\/uploads\/2024\/07\/SUPERLINEA-COVER-4.jpg 903w\" sizes=\"(max-width: 212px) 100vw, 212px\" \/><\/a><\/p>\n","protected":false},"excerpt":{"rendered":"<p>Als neue Erg\u00e4nzung der Exenia-Kollektion definiert die Superlinea-Federungssystem die Standards&#8230;<\/p>\n","protected":false},"featured_media":56343,"template":"","meta":{"_acf_changed":false},"product_brand":[],"product_cat":[6507],"product_tag":[6753,6756,6760,6762],"categoria-admin-prodotto":[],"class_list":{"0":"post-54127","1":"product","2":"type-product","3":"status-publish","4":"has-post-thumbnail","6":"product_cat-superlinea-system-de","7":"product_tag-72370-de","8":"product_tag-72371-de-2","9":"product_tag-72373-de-2","10":"product_tag-72372-de-2","11":"pa_alimentazione-ac-de","12":"pa_cct-2700k-de","13":"pa_cct-3000k-de","14":"pa_cct-3500k-de","15":"pa_cct-4000k-de","16":"pa_certificazione-conformita-ce-de","17":"pa_classe-f-da","18":"pa_cri-92-de","19":"pa_cri-98-de","20":"pa_grado-ip-ip40-de","21":"pa_lifetime-l90b10-100-000-h-de","22":"pa_temperatura-di-esercizio-10-35-de","24":"first","25":"instock","26":"virtual","27":"purchasable","28":"product-type-composite"},"composite_virtual":false,"composite_layout":"single","composite_add_to_cart_form_location":"default","composite_editable_in_cart":false,"composite_sold_individually_context":"product","composite_shop_price_calc":"defaults","composite_components":[{"id":"1717691996","title":"Geh\u00e4use der Leuchte","description":"","query_type":"product_ids","query_ids":[53392],"default_option_id":53392,"thumbnail_id":"","thumbnail_src":"","quantity_min":1,"quantity_max":1,"priced_individually":false,"shipped_individually":true,"optional":false,"discount":"","options_style":"radios","pagination_style":"classic","display_prices":"absolute","show_sorting_options":false,"show_filtering_options":false,"attribute_filter_ids":[],"product_title_visible":false,"product_descr_visible":false,"product_price_visible":false,"product_thumb_visible":false,"subtotal_visible_product":false,"subtotal_visible_cart":false,"subtotal_visible_orders":false},{"id":"1717691997","title":"Gr\u00f6\u00dfe","description":"","query_type":"product_ids","query_ids":[54112,54116,54120,54124],"default_option_id":"","thumbnail_id":"","thumbnail_src":"","quantity_min":1,"quantity_max":1,"priced_individually":false,"shipped_individually":true,"optional":true,"discount":"","options_style":"radios","pagination_style":"classic","display_prices":"absolute","show_sorting_options":false,"show_filtering_options":false,"attribute_filter_ids":[],"product_title_visible":false,"product_descr_visible":false,"product_price_visible":false,"product_thumb_visible":false,"subtotal_visible_product":false,"subtotal_visible_cart":false,"subtotal_visible_orders":false},{"id":"1719911268","title":"Ausgabe","description":"","query_type":"product_ids","query_ids":[54995,54084,72342,72346,54999],"default_option_id":"","thumbnail_id":"","thumbnail_src":"","quantity_min":1,"quantity_max":1,"priced_individually":false,"shipped_individually":true,"optional":true,"discount":"","options_style":"radios","pagination_style":"classic","display_prices":"absolute","show_sorting_options":false,"show_filtering_options":false,"attribute_filter_ids":[],"product_title_visible":false,"product_descr_visible":true,"product_price_visible":false,"product_thumb_visible":false,"subtotal_visible_product":false,"subtotal_visible_cart":false,"subtotal_visible_orders":false},{"id":"1719911269","title":"Leistung","description":"","query_type":"product_ids","query_ids":[57518,55025,54012],"default_option_id":"","thumbnail_id":"","thumbnail_src":"","quantity_min":1,"quantity_max":1,"priced_individually":false,"shipped_individually":true,"optional":true,"discount":"","options_style":"radios","pagination_style":"classic","display_prices":"absolute","show_sorting_options":false,"show_filtering_options":false,"attribute_filter_ids":[],"product_title_visible":false,"product_descr_visible":false,"product_price_visible":false,"product_thumb_visible":false,"subtotal_visible_product":false,"subtotal_visible_cart":false,"subtotal_visible_orders":false},{"id":"1717691998","title":"Kontrolle","description":"","query_type":"product_ids","query_ids":[20508,20537,20558,20535],"default_option_id":"","thumbnail_id":"","thumbnail_src":"","quantity_min":1,"quantity_max":1,"priced_individually":false,"shipped_individually":true,"optional":true,"discount":"","options_style":"radios","pagination_style":"classic","display_prices":"absolute","show_sorting_options":false,"show_filtering_options":false,"attribute_filter_ids":[],"product_title_visible":false,"product_descr_visible":false,"product_price_visible":false,"product_thumb_visible":false,"subtotal_visible_product":false,"subtotal_visible_cart":false,"subtotal_visible_orders":false},{"id":"1717691999","title":"Oberfl\u00e4che","description":"","query_type":"product_ids","query_ids":[20838,20813,56896],"default_option_id":"","thumbnail_id":"","thumbnail_src":"","quantity_min":1,"quantity_max":1,"priced_individually":false,"shipped_individually":true,"optional":true,"discount":"","options_style":"radios","pagination_style":"classic","display_prices":"absolute","show_sorting_options":false,"show_filtering_options":false,"attribute_filter_ids":[],"product_title_visible":false,"product_descr_visible":false,"product_price_visible":false,"product_thumb_visible":false,"subtotal_visible_product":false,"subtotal_visible_cart":false,"subtotal_visible_orders":false},{"id":"1717692000","title":"CRI-CCT","description":"","query_type":"product_ids","query_ids":[20691,20692,20694,20693,20701,20702,20704,20703],"default_option_id":"","thumbnail_id":"","thumbnail_src":"","quantity_min":1,"quantity_max":1,"priced_individually":false,"shipped_individually":true,"optional":true,"discount":"","options_style":"radios","pagination_style":"classic","display_prices":"absolute","show_sorting_options":false,"show_filtering_options":false,"attribute_filter_ids":[],"product_title_visible":false,"product_descr_visible":false,"product_price_visible":false,"product_thumb_visible":false,"subtotal_visible_product":false,"subtotal_visible_cart":false,"subtotal_visible_orders":false},{"id":"1719911270","title":"DOWN-Optik","description":"","query_type":"product_ids","query_ids":[54201,55306,54209,55310],"default_option_id":"","thumbnail_id":"","thumbnail_src":"","quantity_min":1,"quantity_max":1,"priced_individually":false,"shipped_individually":true,"optional":true,"discount":"","options_style":"radios","pagination_style":"classic","display_prices":"absolute","show_sorting_options":false,"show_filtering_options":false,"attribute_filter_ids":[],"product_title_visible":false,"product_descr_visible":false,"product_price_visible":false,"product_thumb_visible":false,"subtotal_visible_product":false,"subtotal_visible_cart":false,"subtotal_visible_orders":false},{"id":"1719911271","title":"UP-Optik","description":"","query_type":"product_ids","query_ids":[55315,54108],"default_option_id":"","thumbnail_id":"","thumbnail_src":"","quantity_min":1,"quantity_max":1,"priced_individually":false,"shipped_individually":true,"optional":true,"discount":"","options_style":"radios","pagination_style":"classic","display_prices":"absolute","show_sorting_options":false,"show_filtering_options":false,"attribute_filter_ids":[],"product_title_visible":false,"product_descr_visible":false,"product_price_visible":false,"product_thumb_visible":false,"subtotal_visible_product":false,"subtotal_visible_cart":false,"subtotal_visible_orders":false},{"id":"1728645651","title":"Bausatz Aufh\u00e4ngesystem","description":"","query_type":"product_ids","query_ids":[57348],"default_option_id":57348,"thumbnail_id":"","thumbnail_src":"","quantity_min":1,"quantity_max":1,"priced_individually":false,"shipped_individually":true,"optional":false,"discount":"","options_style":"radios","pagination_style":"classic","display_prices":"absolute","show_sorting_options":false,"show_filtering_options":false,"attribute_filter_ids":[],"product_title_visible":false,"product_descr_visible":false,"product_price_visible":false,"product_thumb_visible":false,"subtotal_visible_product":false,"subtotal_visible_cart":false,"subtotal_visible_orders":false}],"composite_scenarios":[{"id":"1719909140","name":"768 no up\/down DA","description":"","configuration":[{"component_id":"1717691997","options_modifier":"in","component_options":[54112]}],"actions":[{"action_id":"compat_group","is_active":false},{"action_id":"conditional_components","is_active":false,"hidden_components":[]},{"action_id":"conditional_options","is_active":true,"hidden_options":[{"component_id":"1719911268","component_options":[72346],"options_modifier":"in"}]}],"enabled":true},{"id":"1720448862","name":"solo up","description":"","configuration":[{"component_id":"1719911268","options_modifier":"in","component_options":[54084]}],"actions":[{"action_id":"compat_group","is_active":false},{"action_id":"conditional_components","is_active":true,"hidden_components":["1719911270"]},{"action_id":"conditional_options","is_active":false,"hidden_options":[]}],"enabled":true},{"id":"1720448863","name":"solo down","description":"","configuration":[{"component_id":"1719911268","options_modifier":"in","component_options":[54995]}],"actions":[{"action_id":"compat_group","is_active":false},{"action_id":"conditional_components","is_active":true,"hidden_components":["1719911271"]},{"action_id":"conditional_options","is_active":false,"hidden_options":[]}],"enabled":true},{"id":"1720448865","name":"up&amp;down DA no 768","description":"","configuration":[{"component_id":"1719911268","options_modifier":"in","component_options":[72346]}],"actions":[{"action_id":"compat_group","is_active":false},{"action_id":"conditional_components","is_active":false,"hidden_components":[]},{"action_id":"conditional_options","is_active":true,"hidden_options":[{"component_id":"1717691997","component_options":[54112],"options_modifier":"in"}]}],"enabled":true},{"id":"1720448866","name":"modulo vuoto","description":"","configuration":[{"component_id":"1719911268","options_modifier":"in","component_options":[54999]}],"actions":[{"action_id":"compat_group","is_active":false},{"action_id":"conditional_components","is_active":true,"hidden_components":["1719911269","1717691998","1717692000","1719911270","1719911271"]},{"action_id":"conditional_options","is_active":false,"hidden_options":[]}],"enabled":true},{"id":"1742906174","name":"3076 UP&amp;DOWN Mono solo ON-OFF","description":"","configuration":[{"component_id":"1717691997","options_modifier":"in","component_options":[54124]},{"component_id":"1719911268","options_modifier":"in","component_options":[72342]}],"actions":[{"action_id":"compat_group","is_active":false},{"action_id":"conditional_components","is_active":false,"hidden_components":[]},{"action_id":"conditional_options","is_active":true,"hidden_options":[{"component_id":"1717691998","component_options":[20537,20558,20535],"options_modifier":"in"}]}],"enabled":true}],"bundled_by":[],"bundle_stock_status":"instock","bundle_stock_quantity":null,"bundle_virtual":false,"bundle_layout":"","bundle_add_to_cart_form_location":"","bundle_editable_in_cart":false,"bundle_sold_individually_context":"","bundle_item_grouping":"","bundle_min_size":"","bundle_max_size":"","bundled_items":[],"bundle_sell_ids":[],"acf":[],"yoast_head":"<!-- This site is optimized with the Yoast SEO plugin v27.5 - https:\/\/yoast.com\/product\/yoast-seo-wordpress\/ -->\n<title>Superlinea System Pendel | Exenia<\/title>\n<meta name=\"robots\" content=\"noindex, follow, max-snippet:-1, max-image-preview:large, max-video-preview:-1\" \/>\n<meta property=\"og:locale\" content=\"de_DE\" \/>\n<meta property=\"og:type\" content=\"article\" \/>\n<meta property=\"og:title\" content=\"Superlinea System Pendel | Exenia\" \/>\n<meta property=\"og:description\" content=\"Als neue Erg\u00e4nzung der Exenia-Kollektion definiert die Superlinea-Federungssystem die Standards...\" \/>\n<meta property=\"og:url\" content=\"https:\/\/restyling.exenia.eu\/de\/produkt\/superlinea-system-pendel\/\" \/>\n<meta property=\"og:site_name\" content=\"Exenia\" \/>\n<meta property=\"article:publisher\" content=\"https:\/\/www.facebook.com\/exenialighting\" \/>\n<meta property=\"article:modified_time\" content=\"2024-09-25T09:55:09+00:00\" \/>\n<meta property=\"og:image\" content=\"https:\/\/restyling.exenia.eu\/wp-content\/uploads\/2024\/07\/Superlinea-sistema-sospensione-prodotto.jpg\" \/>\n\t<meta property=\"og:image:width\" content=\"2000\" \/>\n\t<meta property=\"og:image:height\" content=\"1919\" \/>\n\t<meta property=\"og:image:type\" content=\"image\/jpeg\" \/>\n<!-- \/ Yoast SEO plugin. -->","yoast_head_json":{"title":"Superlinea System Pendel | Exenia","robots":{"index":"noindex","follow":"follow","max-snippet":"max-snippet:-1","max-image-preview":"max-image-preview:large","max-video-preview":"max-video-preview:-1"},"og_locale":"de_DE","og_type":"article","og_title":"Superlinea System Pendel | Exenia","og_description":"Als neue Erg\u00e4nzung der Exenia-Kollektion definiert die Superlinea-Federungssystem die Standards...","og_url":"https:\/\/restyling.exenia.eu\/de\/produkt\/superlinea-system-pendel\/","og_site_name":"Exenia","article_publisher":"https:\/\/www.facebook.com\/exenialighting","article_modified_time":"2024-09-25T09:55:09+00:00","og_image":[{"width":2000,"height":1919,"url":"https:\/\/restyling.exenia.eu\/wp-content\/uploads\/2024\/07\/Superlinea-sistema-sospensione-prodotto.jpg","type":"image\/jpeg"}],"schema":{"@context":"https:\/\/schema.org","@graph":[{"@type":"WebPage","@id":"https:\/\/restyling.exenia.eu\/de\/produkt\/superlinea-system-pendel\/","url":"https:\/\/restyling.exenia.eu\/de\/produkt\/superlinea-system-pendel\/","name":"Superlinea System Pendel | Exenia","isPartOf":{"@id":"https:\/\/restyling.exenia.eu\/#website"},"primaryImageOfPage":{"@id":"https:\/\/restyling.exenia.eu\/de\/produkt\/superlinea-system-pendel\/#primaryimage"},"image":{"@id":"https:\/\/restyling.exenia.eu\/de\/produkt\/superlinea-system-pendel\/#primaryimage"},"thumbnailUrl":"https:\/\/restyling.exenia.eu\/wp-content\/uploads\/2024\/07\/Superlinea-sistema-sospensione-prodotto.jpg","datePublished":"2024-07-02T07:23:51+00:00","dateModified":"2024-09-25T09:55:09+00:00","breadcrumb":{"@id":"https:\/\/restyling.exenia.eu\/de\/produkt\/superlinea-system-pendel\/#breadcrumb"},"inLanguage":"de","potentialAction":[{"@type":"ReadAction","target":["https:\/\/restyling.exenia.eu\/de\/produkt\/superlinea-system-pendel\/"]}]},{"@type":"ImageObject","inLanguage":"de","@id":"https:\/\/restyling.exenia.eu\/de\/produkt\/superlinea-system-pendel\/#primaryimage","url":"https:\/\/restyling.exenia.eu\/wp-content\/uploads\/2024\/07\/Superlinea-sistema-sospensione-prodotto.jpg","contentUrl":"https:\/\/restyling.exenia.eu\/wp-content\/uploads\/2024\/07\/Superlinea-sistema-sospensione-prodotto.jpg","width":2000,"height":1919},{"@type":"BreadcrumbList","@id":"https:\/\/restyling.exenia.eu\/de\/produkt\/superlinea-system-pendel\/#breadcrumb","itemListElement":[{"@type":"ListItem","position":1,"name":"Home","item":"https:\/\/restyling.exenia.eu\/"},{"@type":"ListItem","position":2,"name":"Produkte","item":"https:\/\/restyling.exenia.eu\/prodotti\/"},{"@type":"ListItem","position":3,"name":"Indoor","item":"https:\/\/restyling.exenia.eu\/de\/c\/indoor\/"},{"@type":"ListItem","position":4,"name":"Systeme \/ Schienen","item":"https:\/\/restyling.exenia.eu\/de\/c\/indoor\/systeme-schienen\/"},{"@type":"ListItem","position":5,"name":"Superlinea","item":"https:\/\/restyling.exenia.eu\/c\/indoor\/sistemi-binari-elettrificati\/superlinea-sistema\/"},{"@type":"ListItem","position":6,"name":"Superlinea System Pendel"}]},{"@type":"WebSite","@id":"https:\/\/restyling.exenia.eu\/#website","url":"https:\/\/restyling.exenia.eu\/","name":"Exenia","description":"","publisher":{"@id":"https:\/\/restyling.exenia.eu\/#organization"},"potentialAction":[{"@type":"SearchAction","target":{"@type":"EntryPoint","urlTemplate":"https:\/\/restyling.exenia.eu\/?s={search_term_string}"},"query-input":{"@type":"PropertyValueSpecification","valueRequired":true,"valueName":"search_term_string"}}],"inLanguage":"de"},{"@type":"Organization","@id":"https:\/\/restyling.exenia.eu\/#organization","name":"Exenia","url":"https:\/\/restyling.exenia.eu\/","logo":{"@type":"ImageObject","inLanguage":"de","@id":"https:\/\/restyling.exenia.eu\/#\/schema\/logo\/image\/","url":"https:\/\/restyling.exenia.eu\/wp-content\/uploads\/2022\/09\/logo_exenia-e1678467519405.png","contentUrl":"https:\/\/restyling.exenia.eu\/wp-content\/uploads\/2022\/09\/logo_exenia-e1678467519405.png","width":600,"height":194,"caption":"Exenia"},"image":{"@id":"https:\/\/restyling.exenia.eu\/#\/schema\/logo\/image\/"},"sameAs":["https:\/\/www.facebook.com\/exenialighting","https:\/\/x.com\/ExeniaLighting"]}]}},"_links":{"self":[{"href":"https:\/\/restyling.exenia.eu\/de\/wp-json\/wp\/v2\/product\/54127","targetHints":{"allow":["GET"]}}],"collection":[{"href":"https:\/\/restyling.exenia.eu\/de\/wp-json\/wp\/v2\/product"}],"about":[{"href":"https:\/\/restyling.exenia.eu\/de\/wp-json\/wp\/v2\/types\/product"}],"wp:featuredmedia":[{"embeddable":true,"href":"https:\/\/restyling.exenia.eu\/de\/wp-json\/wp\/v2\/media\/56343"}],"wp:attachment":[{"href":"https:\/\/restyling.exenia.eu\/de\/wp-json\/wp\/v2\/media?parent=54127"}],"wp:term":[{"taxonomy":"product_brand","embeddable":true,"href":"https:\/\/restyling.exenia.eu\/de\/wp-json\/wp\/v2\/product_brand?post=54127"},{"taxonomy":"product_cat","embeddable":true,"href":"https:\/\/restyling.exenia.eu\/de\/wp-json\/wp\/v2\/product_cat?post=54127"},{"taxonomy":"product_tag","embeddable":true,"href":"https:\/\/restyling.exenia.eu\/de\/wp-json\/wp\/v2\/product_tag?post=54127"},{"taxonomy":"categoria-admin-prodotto","embeddable":true,"href":"https:\/\/restyling.exenia.eu\/de\/wp-json\/wp\/v2\/categoria-admin-prodotto?post=54127"}],"curies":[{"name":"wp","href":"https:\/\/api.w.org\/{rel}","templated":true}]}}