{"id":73508,"date":"2025-04-01T17:10:50","date_gmt":"2025-04-01T15:10:50","guid":{"rendered":"https:\/\/www.exenia.eu\/?post_type=product&#038;p=73508"},"modified":"2025-04-02T17:24:18","modified_gmt":"2025-04-02T15:24:18","slug":"spot-230-revo-max-multimetrik","status":"publish","type":"product","link":"https:\/\/restyling.exenia.eu\/de\/produkt\/spot-230-revo-max-multimetrik\/","title":{"rendered":"Spot 230 Revo Max Multimetrik"},"content":{"rendered":"<p>Multimetrik integriert die REVO-Optiktechnologie und bietet ein Einstellsystem, das die Lichtemission an die jeweiligen Anwendungsanforderungen anpasst. Der Lichtstrahl ist durch die Mikro-Translation der Brennweite von 15\u00b0 bis 60\u00b0 einstellbar und gew\u00e4hrleistet dabei Pr\u00e4zision und Gleichm\u00e4\u00dfigkeit.<\/p>\n<p>Die Lichtintensit\u00e4t kann \u00fcber einen integrierten Dimmer reguliert werden, w\u00e4hrend in der Version EASYMETRIK die Farbtemperatur zwischen 2700K, 3200K und 4000K w\u00e4hlbar ist. Die Lichtausbeute erreicht bis zu 132 lm\/W bei Lichtstr\u00f6men von bis zu 3500 lm, wobei ein hoher Qualit\u00e4tsstandard beibehalten wird.<\/p>\n<p>Das kompakte Design erm\u00f6glicht die Integration in Exenia-Produkte, ohne deren \u00c4sthetik zu ver\u00e4ndern, und sorgt f\u00fcr eine visuelle Kontinuit\u00e4t mit den Varianten mit festem Abstrahlwinkel. Austauschbare Linsen gew\u00e4hrleisten pr\u00e4zise und homogene Lichtkegel und machen Multimetrik zu einer vielseitigen L\u00f6sung f\u00fcr unterschiedlichste Anwendungen.<\/p>\n<p>Erh\u00e4ltlich in den Varianten Medium, Compact und Max, mit dynamischem Wei\u00df (2700K-4000K) oder festen Farbtemperaturen (2700K, 3000K, 3500K, 4000K) bei einem CRI von bis zu 98 und einer Farbkonsistenz von bis zu 2 MacAdam Step.<\/p>\n<p><a href=\"https:\/\/restyling.exenia.eu\/wp-content\/uploads\/2025\/04\/MULTIMETRIK-EN.pdf\"><img fetchpriority=\"high\" decoding=\"async\" class=\"alignnone wp-image-73862 size-medium\" src=\"https:\/\/restyling.exenia.eu\/wp-content\/uploads\/2025\/04\/Multimetrik-copertina-212x300.jpg\" alt=\"\" width=\"212\" height=\"300\" srcset=\"https:\/\/restyling.exenia.eu\/wp-content\/uploads\/2025\/04\/Multimetrik-copertina-212x300.jpg 212w, https:\/\/restyling.exenia.eu\/wp-content\/uploads\/2025\/04\/Multimetrik-copertina-725x1024.jpg 725w, https:\/\/restyling.exenia.eu\/wp-content\/uploads\/2025\/04\/Multimetrik-copertina-768x1085.jpg 768w, https:\/\/restyling.exenia.eu\/wp-content\/uploads\/2025\/04\/Multimetrik-copertina-1087x1536.jpg 1087w, https:\/\/restyling.exenia.eu\/wp-content\/uploads\/2025\/04\/Multimetrik-copertina.jpg 1360w\" sizes=\"(max-width: 212px) 100vw, 212px\" \/><\/a><\/p>\n","protected":false},"excerpt":{"rendered":"<p>Multimetrik integriert die REVO-Optiktechnologie und bietet ein Einstellsystem, das die&#8230;<\/p>\n","protected":false},"featured_media":73999,"template":"","meta":{"_acf_changed":false},"product_brand":[],"product_cat":[6540,9079],"product_tag":[7483,9038],"categoria-admin-prodotto":[],"class_list":{"0":"post-73508","1":"product","2":"type-product","3":"status-publish","4":"has-post-thumbnail","6":"product_cat-news-de","7":"product_cat-spot-revo-multimetrik-230v-de-230-v-de","8":"product_tag-388e0-de","9":"product_tag-multimetrik-de","10":"pa_cct-2700k-de","11":"pa_cct-3000k-de","12":"pa_cct-3500k-de","13":"pa_cct-4000k-de","14":"pa_cct-dw-2700k-4000k-de","15":"pa_certificazione-conformita-ce-de","16":"pa_classe-f-da","17":"pa_cri-92-de","18":"pa_cri-98-de","19":"pa_grado-ip-ip40-de","20":"pa_temperatura-di-esercizio-10-35-de","22":"first","23":"instock","24":"purchasable","25":"product-type-composite"},"composite_virtual":false,"composite_layout":"single","composite_add_to_cart_form_location":"default","composite_editable_in_cart":false,"composite_sold_individually_context":"product","composite_shop_price_calc":"defaults","composite_components":[{"id":"1674743041","title":"Geh\u00e4use der Leuchte","description":"","query_type":"product_ids","query_ids":[20644],"default_option_id":20644,"thumbnail_id":"","thumbnail_src":"","quantity_min":1,"quantity_max":1,"priced_individually":false,"shipped_individually":false,"optional":false,"discount":"","options_style":"radios","pagination_style":"classic","display_prices":"absolute","show_sorting_options":false,"show_filtering_options":false,"attribute_filter_ids":[],"product_title_visible":false,"product_descr_visible":false,"product_price_visible":false,"product_thumb_visible":false,"subtotal_visible_product":false,"subtotal_visible_cart":false,"subtotal_visible_orders":false},{"id":"1674743042","title":"Version","description":"","query_type":"product_ids","query_ids":[21249],"default_option_id":21249,"thumbnail_id":"","thumbnail_src":"","quantity_min":1,"quantity_max":1,"priced_individually":false,"shipped_individually":false,"optional":false,"discount":"","options_style":"radios","pagination_style":"classic","display_prices":"absolute","show_sorting_options":false,"show_filtering_options":false,"attribute_filter_ids":[],"product_title_visible":false,"product_descr_visible":false,"product_price_visible":false,"product_thumb_visible":false,"subtotal_visible_product":false,"subtotal_visible_cart":false,"subtotal_visible_orders":false},{"id":"1674743043","title":"Kontrolle","description":"","query_type":"product_ids","query_ids":[20508,20537,20552,75392,20535,73422],"default_option_id":"","thumbnail_id":"","thumbnail_src":"","quantity_min":1,"quantity_max":1,"priced_individually":false,"shipped_individually":false,"optional":true,"discount":"","options_style":"radios","pagination_style":"classic","display_prices":"absolute","show_sorting_options":false,"show_filtering_options":false,"attribute_filter_ids":[],"product_title_visible":false,"product_descr_visible":true,"product_price_visible":false,"product_thumb_visible":false,"subtotal_visible_product":false,"subtotal_visible_cart":false,"subtotal_visible_orders":false},{"id":"1674743044","title":"Geh\u00e4useoberfl\u00e4che","description":"","query_type":"product_ids","query_ids":[20838,20813,20771,20817,20826,20823],"default_option_id":"","thumbnail_id":"","thumbnail_src":"","quantity_min":1,"quantity_max":1,"priced_individually":false,"shipped_individually":false,"optional":true,"discount":"","options_style":"radios","pagination_style":"classic","display_prices":"absolute","show_sorting_options":false,"show_filtering_options":false,"attribute_filter_ids":[],"product_title_visible":false,"product_descr_visible":false,"product_price_visible":false,"product_thumb_visible":false,"subtotal_visible_product":false,"subtotal_visible_cart":false,"subtotal_visible_orders":false},{"id":"1674743045","title":"Ausf\u00fchrung des Adapters","description":"","query_type":"product_ids","query_ids":[20767,20768],"default_option_id":"","thumbnail_id":"","thumbnail_src":"","quantity_min":1,"quantity_max":1,"priced_individually":false,"shipped_individually":false,"optional":true,"discount":"","options_style":"radios","pagination_style":"classic","display_prices":"absolute","show_sorting_options":false,"show_filtering_options":false,"attribute_filter_ids":[],"product_title_visible":false,"product_descr_visible":false,"product_price_visible":false,"product_thumb_visible":false,"subtotal_visible_product":false,"subtotal_visible_cart":false,"subtotal_visible_orders":false},{"id":"1674743046","title":"CRI-CCT","description":"","query_type":"product_ids","query_ids":[20691,20692,20694,20693,20701,20702,20704,20703,73426,73430],"default_option_id":"","thumbnail_id":"","thumbnail_src":"","quantity_min":1,"quantity_max":1,"priced_individually":false,"shipped_individually":false,"optional":true,"discount":"","options_style":"radios","pagination_style":"classic","display_prices":"absolute","show_sorting_options":false,"show_filtering_options":false,"attribute_filter_ids":[],"product_title_visible":false,"product_descr_visible":false,"product_price_visible":false,"product_thumb_visible":false,"subtotal_visible_product":false,"subtotal_visible_cart":false,"subtotal_visible_orders":false},{"id":"1674743047","title":"Optik","description":"","query_type":"product_ids","query_ids":[73414,73418,73434],"default_option_id":"","thumbnail_id":"","thumbnail_src":"","quantity_min":1,"quantity_max":1,"priced_individually":false,"shipped_individually":false,"optional":true,"discount":"","options_style":"radios","pagination_style":"classic","display_prices":"absolute","show_sorting_options":false,"show_filtering_options":false,"attribute_filter_ids":[],"product_title_visible":false,"product_descr_visible":true,"product_price_visible":false,"product_thumb_visible":false,"subtotal_visible_product":false,"subtotal_visible_cart":false,"subtotal_visible_orders":false},{"id":"1674743048","title":"Zubeh\u00f6r","description":"","query_type":"product_ids","query_ids":[29537],"default_option_id":29537,"thumbnail_id":"","thumbnail_src":"","quantity_min":1,"quantity_max":1,"priced_individually":false,"shipped_individually":false,"optional":false,"discount":"","options_style":"radios","pagination_style":"classic","display_prices":"absolute","show_sorting_options":false,"show_filtering_options":false,"attribute_filter_ids":[],"product_title_visible":false,"product_descr_visible":true,"product_price_visible":false,"product_thumb_visible":true,"subtotal_visible_product":false,"subtotal_visible_cart":false,"subtotal_visible_orders":false},{"id":"1676655320","title":"Unabh\u00e4ngiges Zubeh\u00f6r","description":"","query_type":"product_ids","query_ids":[73490],"default_option_id":73490,"thumbnail_id":"","thumbnail_src":"","quantity_min":1,"quantity_max":1,"priced_individually":false,"shipped_individually":false,"optional":false,"discount":"","options_style":"radios","pagination_style":"classic","display_prices":"absolute","show_sorting_options":false,"show_filtering_options":false,"attribute_filter_ids":[],"product_title_visible":false,"product_descr_visible":true,"product_price_visible":false,"product_thumb_visible":false,"subtotal_visible_product":false,"subtotal_visible_cart":false,"subtotal_visible_orders":false}],"composite_scenarios":[{"id":"1743583274","name":"no accessori","description":"","configuration":[{"component_id":"1674743041","options_modifier":"any"}],"actions":[{"action_id":"compat_group","is_active":false},{"action_id":"conditional_components","is_active":false,"hidden_components":[]},{"action_id":"conditional_options","is_active":true,"hidden_options":[{"component_id":"1674743048","component_options":[-1,29752],"options_modifier":"not-in"}]}],"enabled":true},{"id":"1743583275","name":"bianco statico controlli","description":"","configuration":[{"component_id":"1674743043","options_modifier":"in","component_options":[20508,20537,20552,75392,20535]}],"actions":[{"action_id":"compat_group","is_active":false},{"action_id":"conditional_components","is_active":false,"hidden_components":[]},{"action_id":"conditional_options","is_active":true,"hidden_options":[{"component_id":"1674743046","component_options":[-1,20691,20692,20694,20693,20701,20702,20704,20703],"options_modifier":"not-in"}]}],"enabled":true},{"id":"1743583363","name":"TW controlli","description":"","configuration":[{"component_id":"1674743043","options_modifier":"in","component_options":[73422]}],"actions":[{"action_id":"compat_group","is_active":false},{"action_id":"conditional_components","is_active":false,"hidden_components":[]},{"action_id":"conditional_options","is_active":true,"hidden_options":[{"component_id":"1674743046","component_options":[-1,73426,73430],"options_modifier":"not-in"}]}],"enabled":true},{"id":"1743583364","name":"tw toglie controlli","description":"","configuration":[{"component_id":"1674743046","options_modifier":"in","component_options":[73426,73430]}],"actions":[{"action_id":"compat_group","is_active":false},{"action_id":"conditional_components","is_active":false,"hidden_components":[]},{"action_id":"conditional_options","is_active":true,"hidden_options":[{"component_id":"1674743043","component_options":[-1,73422],"options_modifier":"not-in"}]}],"enabled":true},{"id":"1743583365","name":"bianco statico toglie controlli","description":"","configuration":[{"component_id":"1674743046","options_modifier":"in","component_options":[20691,20692,20694,20693,20701,20702,20704,20703]}],"actions":[{"action_id":"compat_group","is_active":false},{"action_id":"conditional_components","is_active":false,"hidden_components":[]},{"action_id":"conditional_options","is_active":true,"hidden_options":[{"component_id":"1674743043","component_options":[-1,20508,20537,20552,75392,20535],"options_modifier":"not-in"}]}],"enabled":true}],"bundled_by":[],"bundle_stock_status":"instock","bundle_stock_quantity":null,"bundle_virtual":false,"bundle_layout":"","bundle_add_to_cart_form_location":"","bundle_editable_in_cart":false,"bundle_sold_individually_context":"","bundle_item_grouping":"","bundle_min_size":"","bundle_max_size":"","bundled_items":[],"bundle_sell_ids":[],"acf":[],"yoast_head":"<!-- This site is optimized with the Yoast SEO plugin v27.4 - https:\/\/yoast.com\/product\/yoast-seo-wordpress\/ -->\n<title>Spot 230 Revo Max Multimetrik | Exenia<\/title>\n<meta name=\"robots\" content=\"noindex, follow, max-snippet:-1, max-image-preview:large, max-video-preview:-1\" \/>\n<meta property=\"og:locale\" content=\"de_DE\" \/>\n<meta property=\"og:type\" content=\"article\" \/>\n<meta property=\"og:title\" content=\"Spot 230 Revo Max Multimetrik | Exenia\" \/>\n<meta property=\"og:description\" content=\"Multimetrik integriert die REVO-Optiktechnologie und bietet ein Einstellsystem, das die...\" \/>\n<meta property=\"og:url\" content=\"https:\/\/restyling.exenia.eu\/de\/produkt\/spot-230-revo-max-multimetrik\/\" \/>\n<meta property=\"og:site_name\" content=\"Exenia\" \/>\n<meta property=\"article:publisher\" content=\"https:\/\/www.facebook.com\/exenialighting\" \/>\n<meta property=\"article:modified_time\" content=\"2025-04-02T15:24:18+00:00\" \/>\n<meta property=\"og:image\" content=\"https:\/\/restyling.exenia.eu\/wp-content\/uploads\/2025\/04\/Spot-230-Multimetrik-1.jpg\" \/>\n\t<meta property=\"og:image:width\" content=\"1439\" \/>\n\t<meta property=\"og:image:height\" content=\"1598\" \/>\n\t<meta property=\"og:image:type\" content=\"image\/jpeg\" \/>\n<!-- \/ Yoast SEO plugin. -->","yoast_head_json":{"title":"Spot 230 Revo Max Multimetrik | Exenia","robots":{"index":"noindex","follow":"follow","max-snippet":"max-snippet:-1","max-image-preview":"max-image-preview:large","max-video-preview":"max-video-preview:-1"},"og_locale":"de_DE","og_type":"article","og_title":"Spot 230 Revo Max Multimetrik | Exenia","og_description":"Multimetrik integriert die REVO-Optiktechnologie und bietet ein Einstellsystem, das die...","og_url":"https:\/\/restyling.exenia.eu\/de\/produkt\/spot-230-revo-max-multimetrik\/","og_site_name":"Exenia","article_publisher":"https:\/\/www.facebook.com\/exenialighting","article_modified_time":"2025-04-02T15:24:18+00:00","og_image":[{"width":1439,"height":1598,"url":"https:\/\/restyling.exenia.eu\/wp-content\/uploads\/2025\/04\/Spot-230-Multimetrik-1.jpg","type":"image\/jpeg"}],"schema":{"@context":"https:\/\/schema.org","@graph":[{"@type":"WebPage","@id":"https:\/\/restyling.exenia.eu\/de\/produkt\/spot-230-revo-max-multimetrik\/","url":"https:\/\/restyling.exenia.eu\/de\/produkt\/spot-230-revo-max-multimetrik\/","name":"Spot 230 Revo Max Multimetrik | Exenia","isPartOf":{"@id":"https:\/\/restyling.exenia.eu\/#website"},"primaryImageOfPage":{"@id":"https:\/\/restyling.exenia.eu\/de\/produkt\/spot-230-revo-max-multimetrik\/#primaryimage"},"image":{"@id":"https:\/\/restyling.exenia.eu\/de\/produkt\/spot-230-revo-max-multimetrik\/#primaryimage"},"thumbnailUrl":"https:\/\/restyling.exenia.eu\/wp-content\/uploads\/2025\/04\/Spot-230-Multimetrik-1.jpg","datePublished":"2025-04-01T15:10:50+00:00","dateModified":"2025-04-02T15:24:18+00:00","breadcrumb":{"@id":"https:\/\/restyling.exenia.eu\/de\/produkt\/spot-230-revo-max-multimetrik\/#breadcrumb"},"inLanguage":"de","potentialAction":[{"@type":"ReadAction","target":["https:\/\/restyling.exenia.eu\/de\/produkt\/spot-230-revo-max-multimetrik\/"]}]},{"@type":"ImageObject","inLanguage":"de","@id":"https:\/\/restyling.exenia.eu\/de\/produkt\/spot-230-revo-max-multimetrik\/#primaryimage","url":"https:\/\/restyling.exenia.eu\/wp-content\/uploads\/2025\/04\/Spot-230-Multimetrik-1.jpg","contentUrl":"https:\/\/restyling.exenia.eu\/wp-content\/uploads\/2025\/04\/Spot-230-Multimetrik-1.jpg","width":1439,"height":1598},{"@type":"BreadcrumbList","@id":"https:\/\/restyling.exenia.eu\/de\/produkt\/spot-230-revo-max-multimetrik\/#breadcrumb","itemListElement":[{"@type":"ListItem","position":1,"name":"Home","item":"https:\/\/restyling.exenia.eu\/"},{"@type":"ListItem","position":2,"name":"Produkte","item":"https:\/\/restyling.exenia.eu\/prodotti\/"},{"@type":"ListItem","position":3,"name":"Indoor","item":"https:\/\/restyling.exenia.eu\/de\/c\/indoor\/"},{"@type":"ListItem","position":4,"name":"Leuchten f\u00fcr Systeme\/Schienen","item":"https:\/\/restyling.exenia.eu\/de\/c\/indoor\/leuchten-fur-systeme-schienen\/"},{"@type":"ListItem","position":5,"name":"230 V","item":"https:\/\/restyling.exenia.eu\/de\/c\/indoor\/leuchten-fur-systeme-schienen\/230-v-de\/"},{"@type":"ListItem","position":6,"name":"Spot 230 Revo Multimetrik","item":"https:\/\/restyling.exenia.eu\/c\/indoor\/apparecchi-per-sistemi-binari-elettrificati\/230-v\/spot-230v-revo-multimetrik\/"},{"@type":"ListItem","position":7,"name":"Spot 230 Revo Max Multimetrik"}]},{"@type":"WebSite","@id":"https:\/\/restyling.exenia.eu\/#website","url":"https:\/\/restyling.exenia.eu\/","name":"Exenia","description":"","publisher":{"@id":"https:\/\/restyling.exenia.eu\/#organization"},"potentialAction":[{"@type":"SearchAction","target":{"@type":"EntryPoint","urlTemplate":"https:\/\/restyling.exenia.eu\/?s={search_term_string}"},"query-input":{"@type":"PropertyValueSpecification","valueRequired":true,"valueName":"search_term_string"}}],"inLanguage":"de"},{"@type":"Organization","@id":"https:\/\/restyling.exenia.eu\/#organization","name":"Exenia","url":"https:\/\/restyling.exenia.eu\/","logo":{"@type":"ImageObject","inLanguage":"de","@id":"https:\/\/restyling.exenia.eu\/#\/schema\/logo\/image\/","url":"https:\/\/restyling.exenia.eu\/wp-content\/uploads\/2022\/09\/logo_exenia-e1678467519405.png","contentUrl":"https:\/\/restyling.exenia.eu\/wp-content\/uploads\/2022\/09\/logo_exenia-e1678467519405.png","width":600,"height":194,"caption":"Exenia"},"image":{"@id":"https:\/\/restyling.exenia.eu\/#\/schema\/logo\/image\/"},"sameAs":["https:\/\/www.facebook.com\/exenialighting","https:\/\/x.com\/ExeniaLighting"]}]}},"_links":{"self":[{"href":"https:\/\/restyling.exenia.eu\/de\/wp-json\/wp\/v2\/product\/73508","targetHints":{"allow":["GET"]}}],"collection":[{"href":"https:\/\/restyling.exenia.eu\/de\/wp-json\/wp\/v2\/product"}],"about":[{"href":"https:\/\/restyling.exenia.eu\/de\/wp-json\/wp\/v2\/types\/product"}],"wp:featuredmedia":[{"embeddable":true,"href":"https:\/\/restyling.exenia.eu\/de\/wp-json\/wp\/v2\/media\/73999"}],"wp:attachment":[{"href":"https:\/\/restyling.exenia.eu\/de\/wp-json\/wp\/v2\/media?parent=73508"}],"wp:term":[{"taxonomy":"product_brand","embeddable":true,"href":"https:\/\/restyling.exenia.eu\/de\/wp-json\/wp\/v2\/product_brand?post=73508"},{"taxonomy":"product_cat","embeddable":true,"href":"https:\/\/restyling.exenia.eu\/de\/wp-json\/wp\/v2\/product_cat?post=73508"},{"taxonomy":"product_tag","embeddable":true,"href":"https:\/\/restyling.exenia.eu\/de\/wp-json\/wp\/v2\/product_tag?post=73508"},{"taxonomy":"categoria-admin-prodotto","embeddable":true,"href":"https:\/\/restyling.exenia.eu\/de\/wp-json\/wp\/v2\/categoria-admin-prodotto?post=73508"}],"curies":[{"name":"wp","href":"https:\/\/api.w.org\/{rel}","templated":true}]}}