{"id":5754,"date":"2022-09-16T12:23:28","date_gmt":"2022-09-16T10:23:28","guid":{"rendered":"https:\/\/www.exenia.eu\/sostenibilita\/"},"modified":"2024-09-13T16:21:00","modified_gmt":"2024-09-13T14:21:00","slug":"sustainability","status":"publish","type":"page","link":"https:\/\/restyling.exenia.eu\/en\/sustainability\/","title":{"rendered":"Sustainability"},"content":{"rendered":"\t\t<div data-elementor-type=\"wp-page\" data-elementor-id=\"5754\" class=\"elementor elementor-5754 elementor-511\" wpc-filter-elementor-widget=\"1\" data-elementor-post-type=\"page\">\n\t\t\t\t\t\t<section class=\"elementor-section elementor-top-section elementor-element elementor-element-9415229 elementor-section-full_width elementor-section-height-default elementor-section-height-default\" data-id=\"9415229\" data-element_type=\"section\" data-e-type=\"section\">\n\t\t\t\t\t\t<div class=\"elementor-container elementor-column-gap-default\">\n\t\t\t\t\t<div class=\"elementor-column elementor-col-100 elementor-top-column elementor-element elementor-element-4eed8f0\" data-id=\"4eed8f0\" data-element_type=\"column\" data-e-type=\"column\">\n\t\t\t<div class=\"elementor-widget-wrap elementor-element-populated\">\n\t\t\t\t\t\t<div class=\"elementor-element elementor-element-0dc2f1e elementor-widget elementor-widget-text-editor\" data-id=\"0dc2f1e\" data-element_type=\"widget\" data-e-type=\"widget\" data-widget_type=\"text-editor.default\">\n\t\t\t\t<div class=\"elementor-widget-container\">\n\t\t\t\t\t\t\t\t\t<p>At a time when the issue of climate change is becoming more and more pressing, <strong>Exenia<\/strong> bases its philosophy on <strong>sustainable development<\/strong> in which plants, equipment, workplaces and operating methods are implemented in a way that safeguards the health of workers and the community in which the company operates. The company&#8217;s plant is set in an 800-square-metre green park where nature is a source of inspiration and an integral part of the design philosophy.<br \/>Working environments are designed to create shared, welcoming and relaxed spaces.<\/p>\t\t\t\t\t\t\t\t<\/div>\n\t\t\t\t<\/div>\n\t\t\t\t\t<\/div>\n\t\t<\/div>\n\t\t\t\t\t<\/div>\n\t\t<\/section>\n\t\t\t\t<section class=\"elementor-section elementor-top-section elementor-element elementor-element-8e95ce1 elementor-section-full_width elementor-section-height-default elementor-section-height-default\" data-id=\"8e95ce1\" data-element_type=\"section\" data-e-type=\"section\">\n\t\t\t\t\t\t<div class=\"elementor-container elementor-column-gap-default\">\n\t\t\t\t\t<div class=\"elementor-column elementor-col-25 elementor-top-column elementor-element elementor-element-8f93ae8\" data-id=\"8f93ae8\" data-element_type=\"column\" data-e-type=\"column\">\n\t\t\t<div class=\"elementor-widget-wrap elementor-element-populated\">\n\t\t\t\t\t\t<div class=\"elementor-element elementor-element-0eed5c1 elementor-widget elementor-widget-image\" data-id=\"0eed5c1\" data-element_type=\"widget\" data-e-type=\"widget\" data-widget_type=\"image.default\">\n\t\t\t\t<div class=\"elementor-widget-container\">\n\t\t\t\t\t\t\t\t\t\t\t\t\t\t\t\t<a href=\"https:\/\/www.exenia.eu\/exenia-staging\/en\/sustainability\/sustainable-company\/\">\n\t\t\t\t\t\t\t<img fetchpriority=\"high\" decoding=\"async\" width=\"582\" height=\"826\" src=\"https:\/\/restyling.exenia.eu\/wp-content\/uploads\/2022\/11\/488_en_4a3e0_82221_azienda-sostenibile-1.jpg\" class=\"attachment-large size-large wp-image-5756\" alt=\"\" srcset=\"https:\/\/restyling.exenia.eu\/wp-content\/uploads\/2022\/11\/488_en_4a3e0_82221_azienda-sostenibile-1.jpg 582w, https:\/\/restyling.exenia.eu\/wp-content\/uploads\/2022\/11\/488_en_4a3e0_82221_azienda-sostenibile-1-211x300.jpg 211w\" sizes=\"(max-width: 582px) 100vw, 582px\" \/>\t\t\t\t\t\t\t\t<\/a>\n\t\t\t\t\t\t\t\t\t\t\t\t\t\t\t<\/div>\n\t\t\t\t<\/div>\n\t\t\t\t\t<\/div>\n\t\t<\/div>\n\t\t\t\t<div class=\"elementor-column elementor-col-25 elementor-top-column elementor-element elementor-element-fac7853\" data-id=\"fac7853\" data-element_type=\"column\" data-e-type=\"column\">\n\t\t\t<div class=\"elementor-widget-wrap elementor-element-populated\">\n\t\t\t\t\t\t<div class=\"elementor-element elementor-element-7530e0d elementor-widget elementor-widget-image\" data-id=\"7530e0d\" data-element_type=\"widget\" data-e-type=\"widget\" data-widget_type=\"image.default\">\n\t\t\t\t<div class=\"elementor-widget-container\">\n\t\t\t\t\t\t\t\t\t\t\t\t\t\t\t\t<a href=\"https:\/\/www.exenia.eu\/exenia-staging\/en\/sustainability\/exenia-people\/\">\n\t\t\t\t\t\t\t<img decoding=\"async\" width=\"582\" height=\"826\" src=\"https:\/\/restyling.exenia.eu\/wp-content\/uploads\/2022\/09\/489_it_331b5_82177_exenia-people-copia.jpg\" class=\"attachment-large size-large wp-image-518\" alt=\"\" \/>\t\t\t\t\t\t\t\t<\/a>\n\t\t\t\t\t\t\t\t\t\t\t\t\t\t\t<\/div>\n\t\t\t\t<\/div>\n\t\t\t\t\t<\/div>\n\t\t<\/div>\n\t\t\t\t<div class=\"elementor-column elementor-col-25 elementor-top-column elementor-element elementor-element-2cf5905\" data-id=\"2cf5905\" data-element_type=\"column\" data-e-type=\"column\">\n\t\t\t<div class=\"elementor-widget-wrap elementor-element-populated\">\n\t\t\t\t\t\t<div class=\"elementor-element elementor-element-1701a15 elementor-widget elementor-widget-image\" data-id=\"1701a15\" data-element_type=\"widget\" data-e-type=\"widget\" data-widget_type=\"image.default\">\n\t\t\t\t<div class=\"elementor-widget-container\">\n\t\t\t\t\t\t\t\t\t\t\t\t\t\t\t\t<a href=\"https:\/\/www.exenia.eu\/exenia-staging\/en\/sustainability\/circular-economy\/\">\n\t\t\t\t\t\t\t<img decoding=\"async\" width=\"582\" height=\"826\" src=\"https:\/\/restyling.exenia.eu\/wp-content\/uploads\/2022\/11\/490_en_1121f_82220_en-economia-circolare.jpg\" class=\"attachment-large size-large wp-image-5766\" alt=\"\" srcset=\"https:\/\/restyling.exenia.eu\/wp-content\/uploads\/2022\/11\/490_en_1121f_82220_en-economia-circolare.jpg 582w, https:\/\/restyling.exenia.eu\/wp-content\/uploads\/2022\/11\/490_en_1121f_82220_en-economia-circolare-211x300.jpg 211w\" sizes=\"(max-width: 582px) 100vw, 582px\" \/>\t\t\t\t\t\t\t\t<\/a>\n\t\t\t\t\t\t\t\t\t\t\t\t\t\t\t<\/div>\n\t\t\t\t<\/div>\n\t\t\t\t\t<\/div>\n\t\t<\/div>\n\t\t\t\t<div class=\"elementor-column elementor-col-25 elementor-top-column elementor-element elementor-element-52c4a10\" data-id=\"52c4a10\" data-element_type=\"column\" data-e-type=\"column\">\n\t\t\t<div class=\"elementor-widget-wrap elementor-element-populated\">\n\t\t\t\t\t\t<div class=\"elementor-element elementor-element-7f7b29d elementor-widget elementor-widget-image\" data-id=\"7f7b29d\" data-element_type=\"widget\" data-e-type=\"widget\" data-widget_type=\"image.default\">\n\t\t\t\t<div class=\"elementor-widget-container\">\n\t\t\t\t\t\t\t\t\t\t\t\t\t\t\t\t<a href=\"https:\/\/www.exenia.eu\/exenia-staging\/en\/sustainability\/lighting-wellness\/\">\n\t\t\t\t\t\t\t<img loading=\"lazy\" decoding=\"async\" width=\"582\" height=\"826\" src=\"https:\/\/restyling.exenia.eu\/wp-content\/uploads\/2024\/09\/Lighting-Wellness-1.jpg\" class=\"attachment-large size-large wp-image-58365\" alt=\"\" srcset=\"https:\/\/restyling.exenia.eu\/wp-content\/uploads\/2024\/09\/Lighting-Wellness-1.jpg 582w, https:\/\/restyling.exenia.eu\/wp-content\/uploads\/2024\/09\/Lighting-Wellness-1-211x300.jpg 211w\" sizes=\"(max-width: 582px) 100vw, 582px\" \/>\t\t\t\t\t\t\t\t<\/a>\n\t\t\t\t\t\t\t\t\t\t\t\t\t\t\t<\/div>\n\t\t\t\t<\/div>\n\t\t\t\t\t<\/div>\n\t\t<\/div>\n\t\t\t\t\t<\/div>\n\t\t<\/section>\n\t\t\t\t<section class=\"elementor-section elementor-top-section elementor-element elementor-element-a58193d elementor-section-full_width elementor-section-height-default elementor-section-height-default\" data-id=\"a58193d\" data-element_type=\"section\" data-e-type=\"section\">\n\t\t\t\t\t\t<div class=\"elementor-container elementor-column-gap-default\">\n\t\t\t\t\t<div class=\"elementor-column elementor-col-100 elementor-top-column elementor-element elementor-element-a6ba9cb\" data-id=\"a6ba9cb\" data-element_type=\"column\" data-e-type=\"column\">\n\t\t\t<div class=\"elementor-widget-wrap elementor-element-populated\">\n\t\t\t\t\t\t<div class=\"elementor-element elementor-element-dce87f7 elementor-widget elementor-widget-text-editor\" data-id=\"dce87f7\" data-element_type=\"widget\" data-e-type=\"widget\" data-widget_type=\"text-editor.default\">\n\t\t\t\t<div class=\"elementor-widget-container\">\n\t\t\t\t\t\t\t\t\t<h2>United Nations Sustainable Development Goals<\/h2>\t\t\t\t\t\t\t\t<\/div>\n\t\t\t\t<\/div>\n\t\t\t\t\t<\/div>\n\t\t<\/div>\n\t\t\t\t\t<\/div>\n\t\t<\/section>\n\t\t\t\t<section class=\"elementor-section elementor-top-section elementor-element elementor-element-08ebaef elementor-section-full_width elementor-section-height-default elementor-section-height-default\" data-id=\"08ebaef\" data-element_type=\"section\" data-e-type=\"section\">\n\t\t\t\t\t\t<div class=\"elementor-container elementor-column-gap-default\">\n\t\t\t\t\t<div class=\"elementor-column elementor-col-50 elementor-top-column elementor-element elementor-element-393da83\" data-id=\"393da83\" data-element_type=\"column\" data-e-type=\"column\">\n\t\t\t<div class=\"elementor-widget-wrap elementor-element-populated\">\n\t\t\t\t\t\t<div class=\"elementor-element elementor-element-8bf1de9 elementor-widget elementor-widget-text-editor\" data-id=\"8bf1de9\" data-element_type=\"widget\" data-e-type=\"widget\" data-widget_type=\"text-editor.default\">\n\t\t\t\t<div class=\"elementor-widget-container\">\n\t\t\t\t\t\t\t\t\tThe 2030 Agenda for Sustainable Development is an action agenda for people, planet and prosperity. Exenia pledges to abide by and follow the path toward achieving the Sustainable Development Goals. Signed in September 2015 by the governments of the 193 member countries of the UN. It incorporates 17 Sustainable Development Goals &#8211; Sustainable Development Goals, SDGs &#8211; into a grand program of action with a total of 169 &#8216;targets&#8217; or goals. The official launch of the Sustainable Development Goals coincided with the beginning of 2016, guiding the world on the road ahead over the next 15 years, with countries pledging to achieve them by 2030.\t\t\t\t\t\t\t\t<\/div>\n\t\t\t\t<\/div>\n\t\t\t\t\t<\/div>\n\t\t<\/div>\n\t\t\t\t<div class=\"elementor-column elementor-col-50 elementor-top-column elementor-element elementor-element-d16d0b1\" data-id=\"d16d0b1\" data-element_type=\"column\" data-e-type=\"column\">\n\t\t\t<div class=\"elementor-widget-wrap elementor-element-populated\">\n\t\t\t\t\t\t<div class=\"elementor-element elementor-element-c45da18 elementor-widget elementor-widget-text-editor\" data-id=\"c45da18\" data-element_type=\"widget\" data-e-type=\"widget\" data-widget_type=\"text-editor.default\">\n\t\t\t\t<div class=\"elementor-widget-container\">\n\t\t\t\t\t\t\t\t\t<p>The Development Goals follow up on the achievements of the Millennium Development Goals (MDGs) that preceded them, and represent common goals on a range of important development issues: fighting poverty, eradicating hunger, and combating climate change, to name but a few. &#8216;Common goals&#8217; means that they affect all countries and all individuals: no one is excluded from them, nor should they be left behind along the path needed to put the world on the road to sustainability.<\/p>\t\t\t\t\t\t\t\t<\/div>\n\t\t\t\t<\/div>\n\t\t\t\t\t<\/div>\n\t\t<\/div>\n\t\t\t\t\t<\/div>\n\t\t<\/section>\n\t\t\t\t<section class=\"elementor-section elementor-top-section elementor-element elementor-element-6c6b0ef elementor-section-full_width elementor-section-height-default elementor-section-height-default\" data-id=\"6c6b0ef\" data-element_type=\"section\" data-e-type=\"section\">\n\t\t\t\t\t\t<div class=\"elementor-container elementor-column-gap-default\">\n\t\t\t\t\t<div class=\"elementor-column elementor-col-100 elementor-top-column elementor-element elementor-element-d08839b\" data-id=\"d08839b\" data-element_type=\"column\" data-e-type=\"column\">\n\t\t\t<div class=\"elementor-widget-wrap elementor-element-populated\">\n\t\t\t\t\t\t<div class=\"elementor-element elementor-element-fb23a2c elementor-widget elementor-widget-image\" data-id=\"fb23a2c\" data-element_type=\"widget\" data-e-type=\"widget\" data-widget_type=\"image.default\">\n\t\t\t\t<div class=\"elementor-widget-container\">\n\t\t\t\t\t\t\t\t\t\t\t\t\t\t\t\t<a href=\"https:\/\/www.exenia.eu\/exenia-staging\/wp-content\/uploads\/2022\/09\/495_it_af272_82186_eur-aktion-aktion-6-7374-67535-10-mediacockpit-2743662-67535.jpg\" data-elementor-open-lightbox=\"yes\" data-elementor-lightbox-title=\"495_it_af272_82186_eur-aktion-aktion-6-7374-67535-10-mediacockpit-2743662-67535\" data-e-action-hash=\"#elementor-action%3Aaction%3Dlightbox%26settings%3DeyJpZCI6IjU0MiIsInVybCI6Imh0dHBzOlwvXC9yZXN0eWxpbmcuZXhlbmlhLmV1XC93cC1jb250ZW50XC91cGxvYWRzXC8yMDIyXC8wOVwvNDk1X2l0X2FmMjcyXzgyMTg2X2V1ci1ha3Rpb24tYWt0aW9uLTYtNzM3NC02NzUzNS0xMC1tZWRpYWNvY2twaXQtMjc0MzY2Mi02NzUzNS5qcGcifQ%3D%3D\">\n\t\t\t\t\t\t\t<img loading=\"lazy\" decoding=\"async\" width=\"768\" height=\"512\" src=\"https:\/\/restyling.exenia.eu\/wp-content\/uploads\/2022\/09\/495_it_af272_82186_eur-aktion-aktion-6-7374-67535-10-mediacockpit-2743662-67535-768x512.jpg\" class=\"attachment-medium_large size-medium_large wp-image-542\" alt=\"\" srcset=\"https:\/\/restyling.exenia.eu\/wp-content\/uploads\/2022\/09\/495_it_af272_82186_eur-aktion-aktion-6-7374-67535-10-mediacockpit-2743662-67535-768x512.jpg 768w, https:\/\/restyling.exenia.eu\/wp-content\/uploads\/2022\/09\/495_it_af272_82186_eur-aktion-aktion-6-7374-67535-10-mediacockpit-2743662-67535-300x200.jpg 300w, https:\/\/restyling.exenia.eu\/wp-content\/uploads\/2022\/09\/495_it_af272_82186_eur-aktion-aktion-6-7374-67535-10-mediacockpit-2743662-67535-1024x683.jpg 1024w, https:\/\/restyling.exenia.eu\/wp-content\/uploads\/2022\/09\/495_it_af272_82186_eur-aktion-aktion-6-7374-67535-10-mediacockpit-2743662-67535.jpg 1204w\" sizes=\"(max-width: 768px) 100vw, 768px\" \/>\t\t\t\t\t\t\t\t<\/a>\n\t\t\t\t\t\t\t\t\t\t\t\t\t\t\t<\/div>\n\t\t\t\t<\/div>\n\t\t\t\t\t<\/div>\n\t\t<\/div>\n\t\t\t\t\t<\/div>\n\t\t<\/section>\n\t\t\t\t<\/div>\n\t\t","protected":false},"excerpt":{"rendered":"<p>At a time when the issue of climate change is&#8230;<\/p>\n","protected":false},"author":1,"featured_media":507,"parent":0,"menu_order":0,"comment_status":"closed","ping_status":"closed","template":"","meta":{"_acf_changed":false,"footnotes":""},"class_list":["post-5754","page","type-page","status-publish","has-post-thumbnail","hentry"],"acf":[],"yoast_head":"<!-- This site is optimized with the Yoast SEO plugin v27.5 - https:\/\/yoast.com\/product\/yoast-seo-wordpress\/ -->\n<title>Sustainability | Exenia<\/title>\n<meta name=\"robots\" content=\"noindex, follow, max-snippet:-1, max-image-preview:large, max-video-preview:-1\" \/>\n<meta property=\"og:locale\" content=\"en_US\" \/>\n<meta property=\"og:type\" content=\"article\" \/>\n<meta property=\"og:title\" content=\"Sustainability | Exenia\" \/>\n<meta property=\"og:description\" content=\"At a time when the issue of climate change is...\" \/>\n<meta property=\"og:url\" content=\"https:\/\/restyling.exenia.eu\/sostenibilita\/\" \/>\n<meta property=\"og:site_name\" content=\"Exenia\" \/>\n<meta property=\"article:publisher\" content=\"https:\/\/www.facebook.com\/exenialighting\" \/>\n<meta property=\"article:modified_time\" content=\"2024-09-13T14:21:00+00:00\" \/>\n<meta property=\"og:image\" content=\"https:\/\/restyling.exenia.eu\/wp-content\/uploads\/2023\/04\/Sustainability.jpg\" \/>\n\t<meta property=\"og:image:width\" content=\"800\" \/>\n\t<meta property=\"og:image:height\" content=\"533\" \/>\n\t<meta property=\"og:image:type\" content=\"image\/jpeg\" \/>\n<!-- \/ Yoast SEO plugin. -->","yoast_head_json":{"title":"Sustainability | Exenia","robots":{"index":"noindex","follow":"follow","max-snippet":"max-snippet:-1","max-image-preview":"max-image-preview:large","max-video-preview":"max-video-preview:-1"},"og_locale":"en_US","og_type":"article","og_title":"Sustainability | Exenia","og_description":"At a time when the issue of climate change is...","og_url":"https:\/\/restyling.exenia.eu\/sostenibilita\/","og_site_name":"Exenia","article_publisher":"https:\/\/www.facebook.com\/exenialighting","article_modified_time":"2024-09-13T14:21:00+00:00","og_image":[{"url":"https:\/\/restyling.exenia.eu\/wp-content\/uploads\/2023\/04\/Sustainability.jpg","width":800,"height":533,"type":"image\/jpeg"}],"schema":{"@context":"https:\/\/schema.org","@graph":[{"@type":"WebPage","@id":"https:\/\/restyling.exenia.eu\/sostenibilita\/","url":"https:\/\/restyling.exenia.eu\/sostenibilita\/","name":"Sustainability | Exenia","isPartOf":{"@id":"https:\/\/restyling.exenia.eu\/#website"},"primaryImageOfPage":{"@id":"https:\/\/restyling.exenia.eu\/sostenibilita\/#primaryimage"},"image":{"@id":"https:\/\/restyling.exenia.eu\/sostenibilita\/#primaryimage"},"thumbnailUrl":"https:\/\/restyling.exenia.eu\/wp-content\/uploads\/2023\/04\/Sustainability.jpg","datePublished":"2022-09-16T10:23:28+00:00","dateModified":"2024-09-13T14:21:00+00:00","breadcrumb":{"@id":"https:\/\/restyling.exenia.eu\/sostenibilita\/#breadcrumb"},"inLanguage":"en-US","potentialAction":[{"@type":"ReadAction","target":["https:\/\/restyling.exenia.eu\/sostenibilita\/"]}]},{"@type":"ImageObject","inLanguage":"en-US","@id":"https:\/\/restyling.exenia.eu\/sostenibilita\/#primaryimage","url":"https:\/\/restyling.exenia.eu\/wp-content\/uploads\/2023\/04\/Sustainability.jpg","contentUrl":"https:\/\/restyling.exenia.eu\/wp-content\/uploads\/2023\/04\/Sustainability.jpg","width":2560,"height":1707,"caption":"In un'epoca in cui il tema dei cambiamenti climatici diventa sempre pi\u00f9 pressante, Exenia fonda la sua filosofia sullo sviluppo sostenibile in cui impianti, attrezzature, luoghi di lavoro e metodi operativi sono realizzati in modo da salvaguardare la salute dei lavoratori e la comunit\u00e0 in cui l'azienda opera. Lo stabilimento aziendale \u00e8 immerso in un parco verde di 800 mq in cui la natura \u00e8 fonte di ispirazione e parte integrante della filosofia progettuale. Gli ambienti di lavoro sono studiati per creare spazi condivisi, accoglienti e rilassati."},{"@type":"BreadcrumbList","@id":"https:\/\/restyling.exenia.eu\/sostenibilita\/#breadcrumb","itemListElement":[{"@type":"ListItem","position":1,"name":"Home","item":"https:\/\/restyling.exenia.eu\/en\/"},{"@type":"ListItem","position":2,"name":"Sustainability"}]},{"@type":"WebSite","@id":"https:\/\/restyling.exenia.eu\/#website","url":"https:\/\/restyling.exenia.eu\/","name":"Exenia","description":"","publisher":{"@id":"https:\/\/restyling.exenia.eu\/#organization"},"potentialAction":[{"@type":"SearchAction","target":{"@type":"EntryPoint","urlTemplate":"https:\/\/restyling.exenia.eu\/?s={search_term_string}"},"query-input":{"@type":"PropertyValueSpecification","valueRequired":true,"valueName":"search_term_string"}}],"inLanguage":"en-US"},{"@type":"Organization","@id":"https:\/\/restyling.exenia.eu\/#organization","name":"Exenia","url":"https:\/\/restyling.exenia.eu\/","logo":{"@type":"ImageObject","inLanguage":"en-US","@id":"https:\/\/restyling.exenia.eu\/#\/schema\/logo\/image\/","url":"https:\/\/restyling.exenia.eu\/wp-content\/uploads\/2022\/09\/logo_exenia-e1678467519405.png","contentUrl":"https:\/\/restyling.exenia.eu\/wp-content\/uploads\/2022\/09\/logo_exenia-e1678467519405.png","width":600,"height":194,"caption":"Exenia"},"image":{"@id":"https:\/\/restyling.exenia.eu\/#\/schema\/logo\/image\/"},"sameAs":["https:\/\/www.facebook.com\/exenialighting","https:\/\/x.com\/ExeniaLighting"]}]}},"_links":{"self":[{"href":"https:\/\/restyling.exenia.eu\/en\/wp-json\/wp\/v2\/pages\/5754","targetHints":{"allow":["GET"]}}],"collection":[{"href":"https:\/\/restyling.exenia.eu\/en\/wp-json\/wp\/v2\/pages"}],"about":[{"href":"https:\/\/restyling.exenia.eu\/en\/wp-json\/wp\/v2\/types\/page"}],"author":[{"embeddable":true,"href":"https:\/\/restyling.exenia.eu\/en\/wp-json\/wp\/v2\/users\/1"}],"replies":[{"embeddable":true,"href":"https:\/\/restyling.exenia.eu\/en\/wp-json\/wp\/v2\/comments?post=5754"}],"version-history":[{"count":0,"href":"https:\/\/restyling.exenia.eu\/en\/wp-json\/wp\/v2\/pages\/5754\/revisions"}],"wp:featuredmedia":[{"embeddable":true,"href":"https:\/\/restyling.exenia.eu\/en\/wp-json\/wp\/v2\/media\/507"}],"wp:attachment":[{"href":"https:\/\/restyling.exenia.eu\/en\/wp-json\/wp\/v2\/media?parent=5754"}],"curies":[{"name":"wp","href":"https:\/\/api.w.org\/{rel}","templated":true}]}}