{"id":26778,"date":"2023-02-09T17:05:51","date_gmt":"2023-02-09T16:05:51","guid":{"rendered":"https:\/\/www.exenia.eu\/sostenibilidad\/sustainable-company\/"},"modified":"2023-02-10T16:55:17","modified_gmt":"2023-02-10T15:55:17","slug":"empresa-sostenible","status":"publish","type":"page","link":"https:\/\/restyling.exenia.eu\/es\/sostenibilidad\/empresa-sostenible\/","title":{"rendered":"Empresa Sostenible"},"content":{"rendered":"\t\t<div data-elementor-type=\"wp-page\" data-elementor-id=\"26778\" class=\"elementor elementor-26778 elementor-25953\" wpc-filter-elementor-widget=\"1\" data-elementor-post-type=\"page\">\n\t\t\t\t\t\t<section class=\"elementor-section elementor-top-section elementor-element elementor-element-18a4bfb elementor-section-full_width elementor-section-height-default elementor-section-height-default\" data-id=\"18a4bfb\" data-element_type=\"section\" data-e-type=\"section\">\n\t\t\t\t\t\t<div class=\"elementor-container elementor-column-gap-default\">\n\t\t\t\t\t<div class=\"elementor-column elementor-col-50 elementor-top-column elementor-element elementor-element-2c3ef64\" data-id=\"2c3ef64\" data-element_type=\"column\" data-e-type=\"column\">\n\t\t\t<div class=\"elementor-widget-wrap elementor-element-populated\">\n\t\t\t\t\t\t<div class=\"elementor-element elementor-element-3d207a8 dce_masking-none elementor-widget elementor-widget-image\" data-id=\"3d207a8\" data-element_type=\"widget\" data-e-type=\"widget\" data-widget_type=\"image.default\">\n\t\t\t\t<div class=\"elementor-widget-container\">\n\t\t\t\t\t\t\t\t\t\t\t\t\t\t\t<img fetchpriority=\"high\" decoding=\"async\" width=\"300\" height=\"185\" src=\"https:\/\/restyling.exenia.eu\/wp-content\/uploads\/2023\/02\/banner1-300x185.jpg\" class=\"attachment-medium size-medium wp-image-25961\" alt=\"\" srcset=\"https:\/\/restyling.exenia.eu\/wp-content\/uploads\/2023\/02\/banner1-300x185.jpg 300w, https:\/\/restyling.exenia.eu\/wp-content\/uploads\/2023\/02\/banner1.jpg 582w\" sizes=\"(max-width: 300px) 100vw, 300px\" \/>\t\t\t\t\t\t\t\t\t\t\t\t\t\t\t<\/div>\n\t\t\t\t<\/div>\n\t\t\t\t\t<\/div>\n\t\t<\/div>\n\t\t\t\t<div class=\"elementor-column elementor-col-50 elementor-top-column elementor-element elementor-element-7161f9f\" data-id=\"7161f9f\" data-element_type=\"column\" data-e-type=\"column\">\n\t\t\t<div class=\"elementor-widget-wrap elementor-element-populated\">\n\t\t\t\t\t\t<div class=\"elementor-element elementor-element-250bc44 dce_masking-none elementor-widget elementor-widget-image\" data-id=\"250bc44\" data-element_type=\"widget\" data-e-type=\"widget\" data-widget_type=\"image.default\">\n\t\t\t\t<div class=\"elementor-widget-container\">\n\t\t\t\t\t\t\t\t\t\t\t\t\t\t\t<img decoding=\"async\" width=\"300\" height=\"185\" src=\"https:\/\/restyling.exenia.eu\/wp-content\/uploads\/2023\/02\/banner1-hover-300x185.jpg\" class=\"attachment-medium size-medium wp-image-25981\" alt=\"\" srcset=\"https:\/\/restyling.exenia.eu\/wp-content\/uploads\/2023\/02\/banner1-hover-300x185.jpg 300w, https:\/\/restyling.exenia.eu\/wp-content\/uploads\/2023\/02\/banner1-hover.jpg 582w\" sizes=\"(max-width: 300px) 100vw, 300px\" \/>\t\t\t\t\t\t\t\t\t\t\t\t\t\t\t<\/div>\n\t\t\t\t<\/div>\n\t\t\t\t\t<\/div>\n\t\t<\/div>\n\t\t\t\t\t<\/div>\n\t\t<\/section>\n\t\t\t\t<section class=\"elementor-section elementor-top-section elementor-element elementor-element-bfc7747 elementor-section-full_width elementor-section-height-default elementor-section-height-default\" data-id=\"bfc7747\" data-element_type=\"section\" data-e-type=\"section\">\n\t\t\t\t\t\t<div class=\"elementor-container elementor-column-gap-default\">\n\t\t\t\t\t<div class=\"elementor-column elementor-col-50 elementor-top-column elementor-element elementor-element-64d7bd1\" data-id=\"64d7bd1\" data-element_type=\"column\" data-e-type=\"column\">\n\t\t\t<div class=\"elementor-widget-wrap elementor-element-populated\">\n\t\t\t\t\t\t<div class=\"elementor-element elementor-element-fd0a680 elementor-widget elementor-widget-text-editor\" data-id=\"fd0a680\" data-element_type=\"widget\" data-e-type=\"widget\" data-widget_type=\"text-editor.default\">\n\t\t\t\t<div class=\"elementor-widget-container\">\n\t\t\t\t\t\t\t\t\t<div><div class=\"block__rich-text\"><p><strong>Paneles fotovoltaicos<\/strong><\/p><p>La producci\u00f3n de electricidad a partir de fuentes renovables, como los <strong>paneles fotovoltaicos<\/strong>, tiene un impacto extremadamente positivo en el medio ambiente, el uso de un sistema de este tipo conduce a la sostenibilidad del medio ambiente mediante la producci\u00f3n de energ\u00eda de una manera limpia con <strong>cero emisiones<\/strong>.<br \/><strong>Exenia<\/strong> se enorgullece de haber reducido sus emisiones de co2 en 286.397,52 t gracias al uso de paneles fotovoltaicos que cubren el tejado de la empresa, lo que nos permite ser independientes produciendo nuestra propia energ\u00eda.<br \/>Queremos asegurar el compromiso de la empresa con el desarrollo de una industria solar sostenible a trav\u00e9s de <strong>tecnolog\u00edas circulares<\/strong> s\u00f3lidas, hacia la mejora continua de la calidad y el respeto al medio ambiente.<br \/>Debemos recordar siempre que la protecci\u00f3n del planeta es una batalla colectiva, en la que todos estamos implicados.<\/p><p><strong>Columnas de electricidad<\/strong><br \/>Para una movilidad sostenible, Exenia dispone de estaciones de recarga en sus instalaciones, accesibles a cualquier empleado o cliente que lo necesite.<br \/>La movilidad el\u00e9ctrica est\u00e1 cada vez m\u00e1s de actualidad y quer\u00edamos contribuir a ofrecer este tipo de servicio.<\/p><\/div><\/div>\t\t\t\t\t\t\t\t<\/div>\n\t\t\t\t<\/div>\n\t\t\t\t\t<\/div>\n\t\t<\/div>\n\t\t\t\t<div class=\"elementor-column elementor-col-50 elementor-top-column elementor-element elementor-element-6ed4d04\" data-id=\"6ed4d04\" data-element_type=\"column\" data-e-type=\"column\">\n\t\t\t<div class=\"elementor-widget-wrap elementor-element-populated\">\n\t\t\t\t\t\t<div class=\"elementor-element elementor-element-a068164 elementor-widget elementor-widget-text-editor\" data-id=\"a068164\" data-element_type=\"widget\" data-e-type=\"widget\" data-widget_type=\"text-editor.default\">\n\t\t\t\t<div class=\"elementor-widget-container\">\n\t\t\t\t\t\t\t\t\t<div class=\"block__rich-text\"><div class=\"block__rich-text\"><p><strong>Eliminaci\u00f3n de residuos, desechos, agua<br \/><\/strong><br \/>Adem\u00e1s de los residuos especiales estrictamente relacionados con las actividades de producci\u00f3n, prestamos especial atenci\u00f3n a la forma correcta de eliminar ciertos tipos de residuos que se producen en cantidad en cualquier oficina, como el t\u00f3ner u otros consumibles gastados.<br \/>Exenia es consciente de que saber c\u00f3mo clasificar los residuos en la oficina y el lugar de trabajo es s\u00f3lo el primer paso en el proceso de gesti\u00f3n de residuos. Un paso importante es la elecci\u00f3n de los <strong>suministros de materiales reciclables<\/strong>, para reducir la cantidad de residuos indiferenciados y no recuperables aumentando el reciclaje seg\u00fan los principios de la econom\u00eda circular.<\/p><p><strong>ISO 9001:2015<br \/><\/strong><br \/>La certificaci\u00f3n ISO 9001:2015 ayuda a las organizaciones a desarrollar y mejorar su rendimiento, as\u00ed como a demostrar un alto nivel de calidad de servicio a los clientes potenciales. \u00a0Ofrece mayor visibilidad y transparencia a los mercados de destino, y a menudo se exige como requisito previo o preferente en las licitaciones. Permite un mayor control de los costes, la reducci\u00f3n de los residuos, el aumento de la productividad y la eficacia de los procesos internos, lo que se traduce en una reducci\u00f3n de las ineficiencias. Aumenta la capacidad de satisfacer las necesidades y expectativas de sus clientes gracias a un mejor conocimiento y control de la empresa.<\/p><p><strong>ISO 14001:2015<\/strong><\/p><p>ISO 14001 est\u00e1 reconocida internacionalmente como la norma de referencia para los sistemas de gesti\u00f3n medioambiental. Proporciona un marco de gesti\u00f3n para la integraci\u00f3n de las pr\u00e1cticas de gesti\u00f3n medioambiental, persiguiendo la protecci\u00f3n del medio ambiente, la prevenci\u00f3n de la contaminaci\u00f3n y la reducci\u00f3n del consumo de energ\u00eda y recursos. La norma ISO 14001 no prescribe ning\u00fan criterio espec\u00edfico de comportamiento medioambiental per se, sino que se aplica a los aspectos medioambientales que la organizaci\u00f3n identifica como aquellos que puede controlar y aquellos sobre los que puede ejercer influencia.<\/p><\/div><\/div>\t\t\t\t\t\t\t\t<\/div>\n\t\t\t\t<\/div>\n\t\t\t\t\t<\/div>\n\t\t<\/div>\n\t\t\t\t\t<\/div>\n\t\t<\/section>\n\t\t\t\t<\/div>\n\t\t","protected":false},"excerpt":{"rendered":"<p>Paneles fotovoltaicos La producci\u00f3n de electricidad a partir de fuentes&#8230;<\/p>\n","protected":false},"author":1,"featured_media":25958,"parent":26726,"menu_order":0,"comment_status":"closed","ping_status":"closed","template":"","meta":{"_acf_changed":false,"footnotes":""},"class_list":["post-26778","page","type-page","status-publish","has-post-thumbnail","hentry"],"acf":[],"yoast_head":"<!-- This site is optimized with the Yoast SEO plugin v27.4 - https:\/\/yoast.com\/product\/yoast-seo-wordpress\/ -->\n<title>Empresa Sostenible | Exenia<\/title>\n<meta name=\"robots\" content=\"noindex, follow, max-snippet:-1, max-image-preview:large, max-video-preview:-1\" \/>\n<meta property=\"og:locale\" content=\"es_ES\" \/>\n<meta property=\"og:type\" content=\"article\" \/>\n<meta property=\"og:title\" content=\"Empresa Sostenible | Exenia\" \/>\n<meta property=\"og:description\" content=\"Paneles fotovoltaicos La producci\u00f3n de electricidad a partir de fuentes...\" \/>\n<meta property=\"og:url\" content=\"https:\/\/restyling.exenia.eu\/sostenibilita\/azienda-sostenibile\/\" \/>\n<meta property=\"og:site_name\" content=\"Exenia\" \/>\n<meta property=\"article:publisher\" content=\"https:\/\/www.facebook.com\/exenialighting\" \/>\n<meta property=\"article:modified_time\" content=\"2023-02-10T15:55:17+00:00\" \/>\n<meta property=\"og:image\" content=\"https:\/\/restyling.exenia.eu\/wp-content\/uploads\/2023\/02\/pannelli.jpeg\" \/>\n\t<meta property=\"og:image:width\" content=\"2408\" \/>\n\t<meta property=\"og:image:height\" content=\"1806\" \/>\n\t<meta property=\"og:image:type\" content=\"image\/jpeg\" \/>\n<!-- \/ Yoast SEO plugin. -->","yoast_head_json":{"title":"Empresa Sostenible | Exenia","robots":{"index":"noindex","follow":"follow","max-snippet":"max-snippet:-1","max-image-preview":"max-image-preview:large","max-video-preview":"max-video-preview:-1"},"og_locale":"es_ES","og_type":"article","og_title":"Empresa Sostenible | Exenia","og_description":"Paneles fotovoltaicos La producci\u00f3n de electricidad a partir de fuentes...","og_url":"https:\/\/restyling.exenia.eu\/sostenibilita\/azienda-sostenibile\/","og_site_name":"Exenia","article_publisher":"https:\/\/www.facebook.com\/exenialighting","article_modified_time":"2023-02-10T15:55:17+00:00","og_image":[{"width":2408,"height":1806,"url":"https:\/\/restyling.exenia.eu\/wp-content\/uploads\/2023\/02\/pannelli.jpeg","type":"image\/jpeg"}],"schema":{"@context":"https:\/\/schema.org","@graph":[{"@type":"WebPage","@id":"https:\/\/restyling.exenia.eu\/sostenibilita\/azienda-sostenibile\/","url":"https:\/\/restyling.exenia.eu\/sostenibilita\/azienda-sostenibile\/","name":"Empresa Sostenible | Exenia","isPartOf":{"@id":"https:\/\/restyling.exenia.eu\/#website"},"primaryImageOfPage":{"@id":"https:\/\/restyling.exenia.eu\/sostenibilita\/azienda-sostenibile\/#primaryimage"},"image":{"@id":"https:\/\/restyling.exenia.eu\/sostenibilita\/azienda-sostenibile\/#primaryimage"},"thumbnailUrl":"https:\/\/restyling.exenia.eu\/wp-content\/uploads\/2023\/02\/pannelli.jpeg","datePublished":"2023-02-09T16:05:51+00:00","dateModified":"2023-02-10T15:55:17+00:00","breadcrumb":{"@id":"https:\/\/restyling.exenia.eu\/sostenibilita\/azienda-sostenibile\/#breadcrumb"},"inLanguage":"es","potentialAction":[{"@type":"ReadAction","target":["https:\/\/restyling.exenia.eu\/sostenibilita\/azienda-sostenibile\/"]}]},{"@type":"ImageObject","inLanguage":"es","@id":"https:\/\/restyling.exenia.eu\/sostenibilita\/azienda-sostenibile\/#primaryimage","url":"https:\/\/restyling.exenia.eu\/wp-content\/uploads\/2023\/02\/pannelli.jpeg","contentUrl":"https:\/\/restyling.exenia.eu\/wp-content\/uploads\/2023\/02\/pannelli.jpeg","width":2408,"height":1806},{"@type":"BreadcrumbList","@id":"https:\/\/restyling.exenia.eu\/sostenibilita\/azienda-sostenibile\/#breadcrumb","itemListElement":[{"@type":"ListItem","position":1,"name":"Home","item":"https:\/\/restyling.exenia.eu\/"},{"@type":"ListItem","position":2,"name":"Sostenibilidad","item":"https:\/\/restyling.exenia.eu\/sostenibilita\/"},{"@type":"ListItem","position":3,"name":"Empresa Sostenible"}]},{"@type":"WebSite","@id":"https:\/\/restyling.exenia.eu\/#website","url":"https:\/\/restyling.exenia.eu\/","name":"Exenia","description":"","publisher":{"@id":"https:\/\/restyling.exenia.eu\/#organization"},"potentialAction":[{"@type":"SearchAction","target":{"@type":"EntryPoint","urlTemplate":"https:\/\/restyling.exenia.eu\/?s={search_term_string}"},"query-input":{"@type":"PropertyValueSpecification","valueRequired":true,"valueName":"search_term_string"}}],"inLanguage":"es"},{"@type":"Organization","@id":"https:\/\/restyling.exenia.eu\/#organization","name":"Exenia","url":"https:\/\/restyling.exenia.eu\/","logo":{"@type":"ImageObject","inLanguage":"es","@id":"https:\/\/restyling.exenia.eu\/#\/schema\/logo\/image\/","url":"https:\/\/restyling.exenia.eu\/wp-content\/uploads\/2022\/09\/logo_exenia-e1678467519405.png","contentUrl":"https:\/\/restyling.exenia.eu\/wp-content\/uploads\/2022\/09\/logo_exenia-e1678467519405.png","width":600,"height":194,"caption":"Exenia"},"image":{"@id":"https:\/\/restyling.exenia.eu\/#\/schema\/logo\/image\/"},"sameAs":["https:\/\/www.facebook.com\/exenialighting","https:\/\/x.com\/ExeniaLighting"]}]}},"_links":{"self":[{"href":"https:\/\/restyling.exenia.eu\/es\/wp-json\/wp\/v2\/pages\/26778","targetHints":{"allow":["GET"]}}],"collection":[{"href":"https:\/\/restyling.exenia.eu\/es\/wp-json\/wp\/v2\/pages"}],"about":[{"href":"https:\/\/restyling.exenia.eu\/es\/wp-json\/wp\/v2\/types\/page"}],"author":[{"embeddable":true,"href":"https:\/\/restyling.exenia.eu\/es\/wp-json\/wp\/v2\/users\/1"}],"replies":[{"embeddable":true,"href":"https:\/\/restyling.exenia.eu\/es\/wp-json\/wp\/v2\/comments?post=26778"}],"version-history":[{"count":0,"href":"https:\/\/restyling.exenia.eu\/es\/wp-json\/wp\/v2\/pages\/26778\/revisions"}],"up":[{"embeddable":true,"href":"https:\/\/restyling.exenia.eu\/es\/wp-json\/wp\/v2\/pages\/26726"}],"wp:featuredmedia":[{"embeddable":true,"href":"https:\/\/restyling.exenia.eu\/es\/wp-json\/wp\/v2\/media\/25958"}],"wp:attachment":[{"href":"https:\/\/restyling.exenia.eu\/es\/wp-json\/wp\/v2\/media?parent=26778"}],"curies":[{"name":"wp","href":"https:\/\/api.w.org\/{rel}","templated":true}]}}