{"id":26832,"date":"2023-02-09T17:46:26","date_gmt":"2023-02-09T16:46:26","guid":{"rendered":"https:\/\/www.exenia.eu\/sostenibilidad\/economia-circolare\/"},"modified":"2023-03-10T11:00:27","modified_gmt":"2023-03-10T10:00:27","slug":"economia-circular","status":"publish","type":"page","link":"https:\/\/restyling.exenia.eu\/es\/sostenibilidad\/economia-circular\/","title":{"rendered":"Econom\u00eda circular"},"content":{"rendered":"\t\t<div data-elementor-type=\"wp-page\" data-elementor-id=\"26832\" class=\"elementor elementor-26832 elementor-26040\" wpc-filter-elementor-widget=\"1\" data-elementor-post-type=\"page\">\n\t\t\t\t\t\t<section class=\"elementor-section elementor-top-section elementor-element elementor-element-3019e9a elementor-section-boxed elementor-section-height-default elementor-section-height-default\" data-id=\"3019e9a\" data-element_type=\"section\" data-e-type=\"section\">\n\t\t\t\t\t\t<div class=\"elementor-container elementor-column-gap-default\">\n\t\t\t\t\t<div class=\"elementor-column elementor-col-100 elementor-top-column elementor-element elementor-element-48c581d\" data-id=\"48c581d\" data-element_type=\"column\" data-e-type=\"column\">\n\t\t\t<div class=\"elementor-widget-wrap elementor-element-populated\">\n\t\t\t\t\t\t<div class=\"elementor-element elementor-element-068f0cb elementor-widget elementor-widget-image\" data-id=\"068f0cb\" data-element_type=\"widget\" data-e-type=\"widget\" data-widget_type=\"image.default\">\n\t\t\t\t<div class=\"elementor-widget-container\">\n\t\t\t\t\t\t\t\t\t\t\t\t\t\t\t<img fetchpriority=\"high\" decoding=\"async\" width=\"300\" height=\"185\" src=\"https:\/\/restyling.exenia.eu\/wp-content\/uploads\/2023\/02\/banner-circolare-300x185.jpg\" class=\"attachment-medium size-medium wp-image-26042\" alt=\"\" srcset=\"https:\/\/restyling.exenia.eu\/wp-content\/uploads\/2023\/02\/banner-circolare-300x185.jpg 300w, https:\/\/restyling.exenia.eu\/wp-content\/uploads\/2023\/02\/banner-circolare.jpg 582w\" sizes=\"(max-width: 300px) 100vw, 300px\" \/>\t\t\t\t\t\t\t\t\t\t\t\t\t\t\t<\/div>\n\t\t\t\t<\/div>\n\t\t\t\t\t<\/div>\n\t\t<\/div>\n\t\t\t\t\t<\/div>\n\t\t<\/section>\n\t\t\t\t<section class=\"elementor-section elementor-top-section elementor-element elementor-element-96e9887 elementor-section-boxed elementor-section-height-default elementor-section-height-default\" data-id=\"96e9887\" data-element_type=\"section\" data-e-type=\"section\">\n\t\t\t\t\t\t<div class=\"elementor-container elementor-column-gap-default\">\n\t\t\t\t\t<div class=\"elementor-column elementor-col-100 elementor-top-column elementor-element elementor-element-8efaf3c\" data-id=\"8efaf3c\" data-element_type=\"column\" data-e-type=\"column\">\n\t\t\t<div class=\"elementor-widget-wrap elementor-element-populated\">\n\t\t\t\t\t\t<div class=\"elementor-element elementor-element-eb5fbc7 elementor-widget elementor-widget-image\" data-id=\"eb5fbc7\" data-element_type=\"widget\" data-e-type=\"widget\" data-widget_type=\"image.default\">\n\t\t\t\t<div class=\"elementor-widget-container\">\n\t\t\t\t\t\t\t\t\t\t\t\t\t\t\t\t<a href=\"https:\/\/www.exenia.eu\/exenia-staging\/wp-content\/uploads\/2023\/02\/banner_circolare2.jpg\" data-elementor-open-lightbox=\"yes\" data-elementor-lightbox-title=\"banner_circolare2\" data-e-action-hash=\"#elementor-action%3Aaction%3Dlightbox%26settings%3DeyJpZCI6MjYwNDcsInVybCI6Imh0dHBzOlwvXC9yZXN0eWxpbmcuZXhlbmlhLmV1XC93cC1jb250ZW50XC91cGxvYWRzXC8yMDIzXC8wMlwvYmFubmVyX2NpcmNvbGFyZTIuanBnIn0%3D\">\n\t\t\t\t\t\t\t<img decoding=\"async\" width=\"768\" height=\"768\" src=\"https:\/\/restyling.exenia.eu\/wp-content\/uploads\/2023\/02\/banner_circolare2-768x768.jpg\" class=\"attachment-medium_large size-medium_large wp-image-26047\" alt=\"\" srcset=\"https:\/\/restyling.exenia.eu\/wp-content\/uploads\/2023\/02\/banner_circolare2-768x768.jpg 768w, https:\/\/restyling.exenia.eu\/wp-content\/uploads\/2023\/02\/banner_circolare2-300x300.jpg 300w, https:\/\/restyling.exenia.eu\/wp-content\/uploads\/2023\/02\/banner_circolare2-1024x1024.jpg 1024w, https:\/\/restyling.exenia.eu\/wp-content\/uploads\/2023\/02\/banner_circolare2-150x150.jpg 150w, https:\/\/restyling.exenia.eu\/wp-content\/uploads\/2023\/02\/banner_circolare2-1536x1536.jpg 1536w, https:\/\/restyling.exenia.eu\/wp-content\/uploads\/2023\/02\/banner_circolare2-2048x2048.jpg 2048w\" sizes=\"(max-width: 768px) 100vw, 768px\" \/>\t\t\t\t\t\t\t\t<\/a>\n\t\t\t\t\t\t\t\t\t\t\t\t\t\t\t<\/div>\n\t\t\t\t<\/div>\n\t\t\t\t\t<\/div>\n\t\t<\/div>\n\t\t\t\t\t<\/div>\n\t\t<\/section>\n\t\t\t\t<section class=\"elementor-section elementor-top-section elementor-element elementor-element-48ec7a4 elementor-section-full_width elementor-section-height-default elementor-section-height-default\" data-id=\"48ec7a4\" data-element_type=\"section\" data-e-type=\"section\">\n\t\t\t\t\t\t<div class=\"elementor-container elementor-column-gap-default\">\n\t\t\t\t\t<div class=\"elementor-column elementor-col-50 elementor-top-column elementor-element elementor-element-66abdfc\" data-id=\"66abdfc\" data-element_type=\"column\" data-e-type=\"column\">\n\t\t\t<div class=\"elementor-widget-wrap elementor-element-populated\">\n\t\t\t\t\t\t<div class=\"elementor-element elementor-element-a3fbc7c elementor-widget elementor-widget-text-editor\" data-id=\"a3fbc7c\" data-element_type=\"widget\" data-e-type=\"widget\" data-widget_type=\"text-editor.default\">\n\t\t\t\t<div class=\"elementor-widget-container\">\n\t\t\t\t\t\t\t\t\t<p>La producci\u00f3n de nuestras luminarias se rige por el principio de la econom\u00eda circular. Desde la adquisici\u00f3n responsable de las materias primas hasta la eliminaci\u00f3n seg\u00fan la directiva RAEE y la reciclabilidad de nuestras luminarias. Este enfoque nos permite hacer que nuestra producci\u00f3n sea a\u00fan m\u00e1s sostenible y neutra en <strong>CO2<\/strong> a largo plazo.<br \/>Tambi\u00e9n en lo que respecta a nuestros envases, mediante el uso del cart\u00f3n protegemos el medio ambiente reduciendo los residuos de la transformaci\u00f3n y mejorando la calidad de vida respetando al hombre y al ecosistema.<br \/>Nuestro objetivo es prolongar el ciclo de vida de nuestros productos contribuyendo a minimizar los residuos. Este proceso partir\u00e1 de la investigaci\u00f3n y el desarrollo, que concebir\u00e1 y dise\u00f1ar\u00e1 nuevos productos para que sean m\u00e1s duraderos, los componentes que forman parte de ellos sean f\u00e1cilmente sustituibles por el cliente final y puedan eliminarse seg\u00fan las instrucciones del propio producto, favoreciendo as\u00ed el reacondicionamiento y la reparaci\u00f3n.<\/p>\t\t\t\t\t\t\t\t<\/div>\n\t\t\t\t<\/div>\n\t\t\t\t\t<\/div>\n\t\t<\/div>\n\t\t\t\t<div class=\"elementor-column elementor-col-50 elementor-top-column elementor-element elementor-element-0d5dec1\" data-id=\"0d5dec1\" data-element_type=\"column\" data-e-type=\"column\">\n\t\t\t<div class=\"elementor-widget-wrap elementor-element-populated\">\n\t\t\t\t\t\t<div class=\"elementor-element elementor-element-28eadc9 elementor-widget elementor-widget-text-editor\" data-id=\"28eadc9\" data-element_type=\"widget\" data-e-type=\"widget\" data-widget_type=\"text-editor.default\">\n\t\t\t\t<div class=\"elementor-widget-container\">\n\t\t\t\t\t\t\t\t\t<p>Con el fin de contar con una cadena de suministro sostenible, el <strong>85%<\/strong> de los componentes que integran los productos proceden de proveedores nacionales, lo que reduce el impacto de las emisiones de CO2 a la atm\u00f3sfera.<br \/>Exenia se adhiere al consorcio de la categor\u00eda <strong>Ecolight<\/strong> para la gesti\u00f3n de los residuos de la empresa y para las declaraciones de RAEE, y a la directiva de <strong>Ecodesign<\/strong> del sector, mostrando los s\u00edmbolos exigidos por la normativa en las etiquetas de los envases de los productos.\u00a0<\/p>\t\t\t\t\t\t\t\t<\/div>\n\t\t\t\t<\/div>\n\t\t\t\t\t<\/div>\n\t\t<\/div>\n\t\t\t\t\t<\/div>\n\t\t<\/section>\n\t\t\t\t<\/div>\n\t\t","protected":false},"excerpt":{"rendered":"<p>La producci\u00f3n de nuestras luminarias se rige por el principio&#8230;<\/p>\n","protected":false},"author":1,"featured_media":45009,"parent":26726,"menu_order":0,"comment_status":"closed","ping_status":"closed","template":"","meta":{"_acf_changed":false,"footnotes":""},"class_list":["post-26832","page","type-page","status-publish","has-post-thumbnail","hentry"],"acf":[],"yoast_head":"<!-- This site is optimized with the Yoast SEO plugin v27.5 - https:\/\/yoast.com\/product\/yoast-seo-wordpress\/ -->\n<title>Econom\u00eda circular | Exenia<\/title>\n<meta name=\"robots\" content=\"noindex, follow, max-snippet:-1, max-image-preview:large, max-video-preview:-1\" \/>\n<meta property=\"og:locale\" content=\"es_ES\" \/>\n<meta property=\"og:type\" content=\"article\" \/>\n<meta property=\"og:title\" content=\"Econom\u00eda circular | Exenia\" \/>\n<meta property=\"og:description\" content=\"La producci\u00f3n de nuestras luminarias se rige por el principio...\" \/>\n<meta property=\"og:url\" content=\"https:\/\/restyling.exenia.eu\/sostenibilita\/economia-circolare\/\" \/>\n<meta property=\"og:site_name\" content=\"Exenia\" \/>\n<meta property=\"article:publisher\" content=\"https:\/\/www.facebook.com\/exenialighting\" \/>\n<meta property=\"article:modified_time\" content=\"2023-03-10T10:00:27+00:00\" \/>\n<meta property=\"og:image\" content=\"https:\/\/restyling.exenia.eu\/wp-content\/uploads\/2023\/03\/Economia-circolare-3.jpg\" \/>\n\t<meta property=\"og:image:width\" content=\"1920\" \/>\n\t<meta property=\"og:image:height\" content=\"1252\" \/>\n\t<meta property=\"og:image:type\" content=\"image\/jpeg\" \/>\n<!-- \/ Yoast SEO plugin. -->","yoast_head_json":{"title":"Econom\u00eda circular | Exenia","robots":{"index":"noindex","follow":"follow","max-snippet":"max-snippet:-1","max-image-preview":"max-image-preview:large","max-video-preview":"max-video-preview:-1"},"og_locale":"es_ES","og_type":"article","og_title":"Econom\u00eda circular | Exenia","og_description":"La producci\u00f3n de nuestras luminarias se rige por el principio...","og_url":"https:\/\/restyling.exenia.eu\/sostenibilita\/economia-circolare\/","og_site_name":"Exenia","article_publisher":"https:\/\/www.facebook.com\/exenialighting","article_modified_time":"2023-03-10T10:00:27+00:00","og_image":[{"width":1920,"height":1252,"url":"https:\/\/restyling.exenia.eu\/wp-content\/uploads\/2023\/03\/Economia-circolare-3.jpg","type":"image\/jpeg"}],"schema":{"@context":"https:\/\/schema.org","@graph":[{"@type":"WebPage","@id":"https:\/\/restyling.exenia.eu\/sostenibilita\/economia-circolare\/","url":"https:\/\/restyling.exenia.eu\/sostenibilita\/economia-circolare\/","name":"Econom\u00eda circular | Exenia","isPartOf":{"@id":"https:\/\/restyling.exenia.eu\/#website"},"primaryImageOfPage":{"@id":"https:\/\/restyling.exenia.eu\/sostenibilita\/economia-circolare\/#primaryimage"},"image":{"@id":"https:\/\/restyling.exenia.eu\/sostenibilita\/economia-circolare\/#primaryimage"},"thumbnailUrl":"https:\/\/restyling.exenia.eu\/wp-content\/uploads\/2023\/03\/Economia-circolare-3.jpg","datePublished":"2023-02-09T16:46:26+00:00","dateModified":"2023-03-10T10:00:27+00:00","breadcrumb":{"@id":"https:\/\/restyling.exenia.eu\/sostenibilita\/economia-circolare\/#breadcrumb"},"inLanguage":"es","potentialAction":[{"@type":"ReadAction","target":["https:\/\/restyling.exenia.eu\/sostenibilita\/economia-circolare\/"]}]},{"@type":"ImageObject","inLanguage":"es","@id":"https:\/\/restyling.exenia.eu\/sostenibilita\/economia-circolare\/#primaryimage","url":"https:\/\/restyling.exenia.eu\/wp-content\/uploads\/2023\/03\/Economia-circolare-3.jpg","contentUrl":"https:\/\/restyling.exenia.eu\/wp-content\/uploads\/2023\/03\/Economia-circolare-3.jpg","width":1920,"height":1252},{"@type":"BreadcrumbList","@id":"https:\/\/restyling.exenia.eu\/sostenibilita\/economia-circolare\/#breadcrumb","itemListElement":[{"@type":"ListItem","position":1,"name":"Home","item":"https:\/\/restyling.exenia.eu\/"},{"@type":"ListItem","position":2,"name":"Sostenibilidad","item":"https:\/\/restyling.exenia.eu\/sostenibilita\/"},{"@type":"ListItem","position":3,"name":"Econom\u00eda circular"}]},{"@type":"WebSite","@id":"https:\/\/restyling.exenia.eu\/#website","url":"https:\/\/restyling.exenia.eu\/","name":"Exenia","description":"","publisher":{"@id":"https:\/\/restyling.exenia.eu\/#organization"},"potentialAction":[{"@type":"SearchAction","target":{"@type":"EntryPoint","urlTemplate":"https:\/\/restyling.exenia.eu\/?s={search_term_string}"},"query-input":{"@type":"PropertyValueSpecification","valueRequired":true,"valueName":"search_term_string"}}],"inLanguage":"es"},{"@type":"Organization","@id":"https:\/\/restyling.exenia.eu\/#organization","name":"Exenia","url":"https:\/\/restyling.exenia.eu\/","logo":{"@type":"ImageObject","inLanguage":"es","@id":"https:\/\/restyling.exenia.eu\/#\/schema\/logo\/image\/","url":"https:\/\/restyling.exenia.eu\/wp-content\/uploads\/2022\/09\/logo_exenia-e1678467519405.png","contentUrl":"https:\/\/restyling.exenia.eu\/wp-content\/uploads\/2022\/09\/logo_exenia-e1678467519405.png","width":600,"height":194,"caption":"Exenia"},"image":{"@id":"https:\/\/restyling.exenia.eu\/#\/schema\/logo\/image\/"},"sameAs":["https:\/\/www.facebook.com\/exenialighting","https:\/\/x.com\/ExeniaLighting"]}]}},"_links":{"self":[{"href":"https:\/\/restyling.exenia.eu\/es\/wp-json\/wp\/v2\/pages\/26832","targetHints":{"allow":["GET"]}}],"collection":[{"href":"https:\/\/restyling.exenia.eu\/es\/wp-json\/wp\/v2\/pages"}],"about":[{"href":"https:\/\/restyling.exenia.eu\/es\/wp-json\/wp\/v2\/types\/page"}],"author":[{"embeddable":true,"href":"https:\/\/restyling.exenia.eu\/es\/wp-json\/wp\/v2\/users\/1"}],"replies":[{"embeddable":true,"href":"https:\/\/restyling.exenia.eu\/es\/wp-json\/wp\/v2\/comments?post=26832"}],"version-history":[{"count":0,"href":"https:\/\/restyling.exenia.eu\/es\/wp-json\/wp\/v2\/pages\/26832\/revisions"}],"up":[{"embeddable":true,"href":"https:\/\/restyling.exenia.eu\/es\/wp-json\/wp\/v2\/pages\/26726"}],"wp:featuredmedia":[{"embeddable":true,"href":"https:\/\/restyling.exenia.eu\/es\/wp-json\/wp\/v2\/media\/45009"}],"wp:attachment":[{"href":"https:\/\/restyling.exenia.eu\/es\/wp-json\/wp\/v2\/media?parent=26832"}],"curies":[{"name":"wp","href":"https:\/\/api.w.org\/{rel}","templated":true}]}}