{"id":26852,"date":"2023-02-09T17:52:41","date_gmt":"2023-02-09T16:52:41","guid":{"rendered":"https:\/\/www.exenia.eu\/sostenibilidad\/lighting-wellness\/"},"modified":"2024-08-08T12:13:48","modified_gmt":"2024-08-08T10:13:48","slug":"lighting-wellness","status":"publish","type":"page","link":"https:\/\/restyling.exenia.eu\/es\/sostenibilidad\/lighting-wellness\/","title":{"rendered":"Lighting Wellness"},"content":{"rendered":"\t\t<div data-elementor-type=\"wp-page\" data-elementor-id=\"26852\" class=\"elementor elementor-26852 elementor-26059\" wpc-filter-elementor-widget=\"1\" data-elementor-post-type=\"page\">\n\t\t\t\t\t\t<section class=\"elementor-section elementor-top-section elementor-element elementor-element-063314e elementor-section-full_width elementor-section-height-default elementor-section-height-default\" data-id=\"063314e\" data-element_type=\"section\" data-e-type=\"section\">\n\t\t\t\t\t\t<div class=\"elementor-container elementor-column-gap-default\">\n\t\t\t\t\t<div class=\"elementor-column elementor-col-100 elementor-top-column elementor-element elementor-element-4cdd968\" data-id=\"4cdd968\" data-element_type=\"column\" data-e-type=\"column\">\n\t\t\t<div class=\"elementor-widget-wrap elementor-element-populated\">\n\t\t\t\t\t\t<div class=\"elementor-element elementor-element-498320d dce_masking-none elementor-widget elementor-widget-image\" data-id=\"498320d\" data-element_type=\"widget\" data-e-type=\"widget\" data-widget_type=\"image.default\">\n\t\t\t\t<div class=\"elementor-widget-container\">\n\t\t\t\t\t\t\t\t\t\t\t\t\t\t\t<img fetchpriority=\"high\" decoding=\"async\" width=\"300\" height=\"185\" src=\"https:\/\/restyling.exenia.eu\/wp-content\/uploads\/2023\/02\/banner-lighting2-300x185.jpg\" class=\"attachment-medium size-medium wp-image-26066\" alt=\"\" srcset=\"https:\/\/restyling.exenia.eu\/wp-content\/uploads\/2023\/02\/banner-lighting2-300x185.jpg 300w, https:\/\/restyling.exenia.eu\/wp-content\/uploads\/2023\/02\/banner-lighting2.jpg 582w\" sizes=\"(max-width: 300px) 100vw, 300px\" \/>\t\t\t\t\t\t\t\t\t\t\t\t\t\t\t<\/div>\n\t\t\t\t<\/div>\n\t\t\t\t\t<\/div>\n\t\t<\/div>\n\t\t\t\t\t<\/div>\n\t\t<\/section>\n\t\t\t\t<section class=\"elementor-section elementor-top-section elementor-element elementor-element-3602f4e elementor-section-full_width elementor-section-height-default elementor-section-height-default\" data-id=\"3602f4e\" data-element_type=\"section\" data-e-type=\"section\">\n\t\t\t\t\t\t<div class=\"elementor-container elementor-column-gap-default\">\n\t\t\t\t\t<div class=\"elementor-column elementor-col-50 elementor-top-column elementor-element elementor-element-d7ebd16\" data-id=\"d7ebd16\" data-element_type=\"column\" data-e-type=\"column\">\n\t\t\t<div class=\"elementor-widget-wrap elementor-element-populated\">\n\t\t\t\t\t\t<div class=\"elementor-element elementor-element-449b24e elementor-widget elementor-widget-text-editor\" data-id=\"449b24e\" data-element_type=\"widget\" data-e-type=\"widget\" data-widget_type=\"text-editor.default\">\n\t\t\t\t<div class=\"elementor-widget-container\">\n\t\t\t\t\t\t\t\t\t<p>Durante a\u00f1os se crey\u00f3 que la iluminaci\u00f3n de un entorno deb\u00eda responder \u00fanica y exclusivamente a nuestras necesidades de visi\u00f3n, seguridad y orientaci\u00f3n. En resumen, que ten\u00eda funciones precisas para ayudarnos a realizar nuestras actividades cotidianas.<br \/><br \/>Por el contrario, la ciencia ha demostrado que los efectos de la luz sobre el ser humano no se limitan a una cuesti\u00f3n puramente visual, sino que afectan fuertemente a las funciones f\u00edsicas, emocionales y cognitivas de cada individuo y, sobre todo, a su ritmo biol\u00f3gico (ritmo circadiano).<br \/><br \/>Human Centric Lighting (HCL) o iluminaci\u00f3n basada en el bienestar humano es una metodolog\u00eda de iluminaci\u00f3n que revoluciona la forma de concebir y utilizar la luz artificial en los espacios en los que vivimos y trabajamos.<br \/><br \/>As\u00ed, mediante el uso de la tecnolog\u00eda, es posible recrear en un entorno un tipo de iluminaci\u00f3n similar al dinamismo de la luz natural y su cambio a lo largo de las 24 horas.<\/p>\t\t\t\t\t\t\t\t<\/div>\n\t\t\t\t<\/div>\n\t\t\t\t\t<\/div>\n\t\t<\/div>\n\t\t\t\t<div class=\"elementor-column elementor-col-50 elementor-top-column elementor-element elementor-element-76dd446\" data-id=\"76dd446\" data-element_type=\"column\" data-e-type=\"column\">\n\t\t\t<div class=\"elementor-widget-wrap elementor-element-populated\">\n\t\t\t\t\t\t<div class=\"elementor-element elementor-element-ed6b7f6 elementor-widget elementor-widget-text-editor\" data-id=\"ed6b7f6\" data-element_type=\"widget\" data-e-type=\"widget\" data-widget_type=\"text-editor.default\">\n\t\t\t\t<div class=\"elementor-widget-container\">\n\t\t\t\t\t\t\t\t\t<div class=\"block --offset top-left block1 block--no-img \"><div class=\"block__content --transparent black-text block__content--rich-text\"><div class=\"block__rich-text\"><p><strong>\u00bfC\u00f3mo aborda Exenia la iluminaci\u00f3n centrada en el ser humano?<br \/><\/strong><br \/>&#8211; Permitiendo la personalizaci\u00f3n de las escenas de iluminaci\u00f3n seg\u00fan las preferencias personales y la atm\u00f3sfera deseada.<br \/><br \/>&#8211; Con una iluminaci\u00f3n general y de acento altamente controlada, que permite crear escenas ambientales espec\u00edficas para las circunstancias pertinentes.<br \/><br \/>&#8211; Con soluciones de iluminaci\u00f3n eficientes como la luz LED, combinada con lentes de alta calidad y sistemas \u00f3pticos de precisi\u00f3n, es posible dirigir la luz exactamente sobre las superficies deseadas; esto garantiza una percepci\u00f3n \u00f3ptima del entorno, mejorando el confort visual y la calidad de la iluminaci\u00f3n.<br \/><br \/>&#8211; Utilizar diferentes tipos de LED en funci\u00f3n de criterios como la reproducci\u00f3n y la constancia crom\u00e1ticas, el flujo luminoso y la estabilidad t\u00e9rmica, garantizando los m\u00e1s altos est\u00e1ndares de calidad.<br \/><br \/>&#8211; Ofrecer luminarias compatibles con tecnolog\u00edas de control como Casambi, Bluetooth, DALI y regulaci\u00f3n cl\u00e1sica. El uso de sensores y escenas luminosas minimiza el consumo de energ\u00eda y adapta la iluminaci\u00f3n a la intensidad de la luz natural.<\/p><\/div><\/div><\/div>\t\t\t\t\t\t\t\t<\/div>\n\t\t\t\t<\/div>\n\t\t\t\t\t<\/div>\n\t\t<\/div>\n\t\t\t\t\t<\/div>\n\t\t<\/section>\n\t\t\t\t<\/div>\n\t\t","protected":false},"excerpt":{"rendered":"<p>Durante a\u00f1os se crey\u00f3 que la iluminaci\u00f3n de un entorno&#8230;<\/p>\n","protected":false},"author":1,"featured_media":0,"parent":26726,"menu_order":0,"comment_status":"closed","ping_status":"closed","template":"","meta":{"_acf_changed":false,"footnotes":""},"class_list":["post-26852","page","type-page","status-publish","hentry"],"acf":[],"yoast_head":"<!-- This site is optimized with the Yoast SEO plugin v27.4 - https:\/\/yoast.com\/product\/yoast-seo-wordpress\/ -->\n<title>Lighting Wellness | Exenia<\/title>\n<meta name=\"robots\" content=\"noindex, follow, max-snippet:-1, max-image-preview:large, max-video-preview:-1\" \/>\n<meta property=\"og:locale\" content=\"es_ES\" \/>\n<meta property=\"og:type\" content=\"article\" \/>\n<meta property=\"og:title\" content=\"Lighting Wellness | Exenia\" \/>\n<meta property=\"og:description\" content=\"Durante a\u00f1os se crey\u00f3 que la iluminaci\u00f3n de un entorno...\" \/>\n<meta property=\"og:url\" content=\"https:\/\/restyling.exenia.eu\/sostenibilita\/lighting-wellness\/\" \/>\n<meta property=\"og:site_name\" content=\"Exenia\" \/>\n<meta property=\"article:publisher\" content=\"https:\/\/www.facebook.com\/exenialighting\" \/>\n<meta property=\"article:modified_time\" content=\"2024-08-08T10:13:48+00:00\" \/>\n<meta property=\"og:image\" content=\"https:\/\/restyling.exenia.eu\/wp-content\/uploads\/2023\/02\/banner-lighting2-300x185.jpg\" \/>\n<!-- \/ Yoast SEO plugin. -->","yoast_head_json":{"title":"Lighting Wellness | Exenia","robots":{"index":"noindex","follow":"follow","max-snippet":"max-snippet:-1","max-image-preview":"max-image-preview:large","max-video-preview":"max-video-preview:-1"},"og_locale":"es_ES","og_type":"article","og_title":"Lighting Wellness | Exenia","og_description":"Durante a\u00f1os se crey\u00f3 que la iluminaci\u00f3n de un entorno...","og_url":"https:\/\/restyling.exenia.eu\/sostenibilita\/lighting-wellness\/","og_site_name":"Exenia","article_publisher":"https:\/\/www.facebook.com\/exenialighting","article_modified_time":"2024-08-08T10:13:48+00:00","og_image":[{"url":"https:\/\/restyling.exenia.eu\/wp-content\/uploads\/2023\/02\/banner-lighting2-300x185.jpg","type":"","width":"","height":""}],"schema":{"@context":"https:\/\/schema.org","@graph":[{"@type":"WebPage","@id":"https:\/\/restyling.exenia.eu\/sostenibilita\/lighting-wellness\/","url":"https:\/\/restyling.exenia.eu\/sostenibilita\/lighting-wellness\/","name":"Lighting Wellness | Exenia","isPartOf":{"@id":"https:\/\/restyling.exenia.eu\/#website"},"primaryImageOfPage":{"@id":"https:\/\/restyling.exenia.eu\/sostenibilita\/lighting-wellness\/#primaryimage"},"image":{"@id":"https:\/\/restyling.exenia.eu\/sostenibilita\/lighting-wellness\/#primaryimage"},"thumbnailUrl":"https:\/\/restyling.exenia.eu\/wp-content\/uploads\/2023\/02\/banner-lighting2-300x185.jpg","datePublished":"2023-02-09T16:52:41+00:00","dateModified":"2024-08-08T10:13:48+00:00","breadcrumb":{"@id":"https:\/\/restyling.exenia.eu\/sostenibilita\/lighting-wellness\/#breadcrumb"},"inLanguage":"es","potentialAction":[{"@type":"ReadAction","target":["https:\/\/restyling.exenia.eu\/sostenibilita\/lighting-wellness\/"]}]},{"@type":"ImageObject","inLanguage":"es","@id":"https:\/\/restyling.exenia.eu\/sostenibilita\/lighting-wellness\/#primaryimage","url":"https:\/\/restyling.exenia.eu\/wp-content\/uploads\/2023\/02\/banner-lighting2-300x185.jpg","contentUrl":"https:\/\/restyling.exenia.eu\/wp-content\/uploads\/2023\/02\/banner-lighting2-300x185.jpg"},{"@type":"BreadcrumbList","@id":"https:\/\/restyling.exenia.eu\/sostenibilita\/lighting-wellness\/#breadcrumb","itemListElement":[{"@type":"ListItem","position":1,"name":"Home","item":"https:\/\/restyling.exenia.eu\/"},{"@type":"ListItem","position":2,"name":"Sostenibilidad","item":"https:\/\/restyling.exenia.eu\/sostenibilita\/"},{"@type":"ListItem","position":3,"name":"Lighting Wellness"}]},{"@type":"WebSite","@id":"https:\/\/restyling.exenia.eu\/#website","url":"https:\/\/restyling.exenia.eu\/","name":"Exenia","description":"","publisher":{"@id":"https:\/\/restyling.exenia.eu\/#organization"},"potentialAction":[{"@type":"SearchAction","target":{"@type":"EntryPoint","urlTemplate":"https:\/\/restyling.exenia.eu\/?s={search_term_string}"},"query-input":{"@type":"PropertyValueSpecification","valueRequired":true,"valueName":"search_term_string"}}],"inLanguage":"es"},{"@type":"Organization","@id":"https:\/\/restyling.exenia.eu\/#organization","name":"Exenia","url":"https:\/\/restyling.exenia.eu\/","logo":{"@type":"ImageObject","inLanguage":"es","@id":"https:\/\/restyling.exenia.eu\/#\/schema\/logo\/image\/","url":"https:\/\/restyling.exenia.eu\/wp-content\/uploads\/2022\/09\/logo_exenia-e1678467519405.png","contentUrl":"https:\/\/restyling.exenia.eu\/wp-content\/uploads\/2022\/09\/logo_exenia-e1678467519405.png","width":600,"height":194,"caption":"Exenia"},"image":{"@id":"https:\/\/restyling.exenia.eu\/#\/schema\/logo\/image\/"},"sameAs":["https:\/\/www.facebook.com\/exenialighting","https:\/\/x.com\/ExeniaLighting"]}]}},"_links":{"self":[{"href":"https:\/\/restyling.exenia.eu\/es\/wp-json\/wp\/v2\/pages\/26852","targetHints":{"allow":["GET"]}}],"collection":[{"href":"https:\/\/restyling.exenia.eu\/es\/wp-json\/wp\/v2\/pages"}],"about":[{"href":"https:\/\/restyling.exenia.eu\/es\/wp-json\/wp\/v2\/types\/page"}],"author":[{"embeddable":true,"href":"https:\/\/restyling.exenia.eu\/es\/wp-json\/wp\/v2\/users\/1"}],"replies":[{"embeddable":true,"href":"https:\/\/restyling.exenia.eu\/es\/wp-json\/wp\/v2\/comments?post=26852"}],"version-history":[{"count":0,"href":"https:\/\/restyling.exenia.eu\/es\/wp-json\/wp\/v2\/pages\/26852\/revisions"}],"up":[{"embeddable":true,"href":"https:\/\/restyling.exenia.eu\/es\/wp-json\/wp\/v2\/pages\/26726"}],"wp:attachment":[{"href":"https:\/\/restyling.exenia.eu\/es\/wp-json\/wp\/v2\/media?parent=26852"}],"curies":[{"name":"wp","href":"https:\/\/api.w.org\/{rel}","templated":true}]}}