{"id":5857,"date":"2022-10-06T12:03:29","date_gmt":"2022-10-06T10:03:29","guid":{"rendered":"https:\/\/www.exenia.eu\/company\/"},"modified":"2024-01-25T16:54:23","modified_gmt":"2024-01-25T15:54:23","slug":"empresa","status":"publish","type":"page","link":"https:\/\/restyling.exenia.eu\/es\/empresa\/","title":{"rendered":"Empresa"},"content":{"rendered":"\t\t<div data-elementor-type=\"wp-page\" data-elementor-id=\"5857\" class=\"elementor elementor-5857 elementor-922\" wpc-filter-elementor-widget=\"1\" data-elementor-post-type=\"page\">\n\t\t\t\t\t\t<section class=\"elementor-section elementor-top-section elementor-element elementor-element-21a4cde5 elementor-section-boxed elementor-section-height-default elementor-section-height-default\" data-id=\"21a4cde5\" data-element_type=\"section\" data-e-type=\"section\">\n\t\t\t\t\t\t<div class=\"elementor-container elementor-column-gap-default\">\n\t\t\t\t\t<div class=\"elementor-column elementor-col-100 elementor-top-column elementor-element elementor-element-5863a28f\" data-id=\"5863a28f\" data-element_type=\"column\" data-e-type=\"column\">\n\t\t\t<div class=\"elementor-widget-wrap elementor-element-populated\">\n\t\t\t\t\t\t<div class=\"elementor-element elementor-element-1c1535fb elementor-widget elementor-widget-text-editor\" data-id=\"1c1535fb\" data-element_type=\"widget\" data-e-type=\"widget\" data-widget_type=\"text-editor.default\">\n\t\t\t\t<div class=\"elementor-widget-container\">\n\t\t\t\t\t\t\t\t\t\n<h2 class=\"eplus-wrapper\">Qui\u00e9nes somos<\/h2>\n\n<p><strong>Exenia<\/strong><br \/><em><strong>Into the light<\/strong><\/em><br \/><br \/>Fundada en 2010 e integrada en el Grupo Lumenpulse desde 2015, Exenia es una empresa especializada en la producci\u00f3n de luminarias de iluminaci\u00f3n LED que combinan la excelencia del dise\u00f1o italiano con prestaciones lum\u00ednicas de vanguardia, capaces de satisfacer las necesidades de cualquier dise\u00f1ador o profesional de la iluminaci\u00f3n.<\/p>\n<p>Las soluciones de Exenia est\u00e1n dise\u00f1adas para la iluminaci\u00f3n decorativa y profesional de museos, lugares de culto, hosteler\u00eda y comercios, tanto en interiores como en exteriores.<br \/>Gracias a su proceso de producci\u00f3n interno -desde el concepto de dise\u00f1o, pasando por la producci\u00f3n, hasta la entrega-, Exenia puede garantizar un control total de la calidad de todo el proceso y ofrecer un alto grado de flexibilidad en el desarrollo de soluciones de iluminaci\u00f3n sostenibles dise\u00f1adas seg\u00fan los requisitos espec\u00edficos del cliente.<br \/>Flexibilidad, creatividad y experiencia son los elementos diferenciadores que permiten a Exenia producir soluciones \u00fanicas y eficaces para cada aplicaci\u00f3n, manteniendo en primer plano el confort de las personas y el respeto por el medio ambiente.<\/p>\n\n<p><strong>POL\u00cdTICA DE CALIDAD Y MEDIO AMBIENTE<\/strong><\/p>\n\n<p>La pol\u00edtica de la empresa es ofrecer un producto de alta calidad en el que el dise\u00f1o y la creatividad se combinen con la tecnolog\u00eda m\u00e1s avanzada del sector de la iluminaci\u00f3n.<\/p>\n\n<p>Al ofrecer su producto, Exenia se mantiene firme en ciertos principios fundamentales<\/p>\n\n<p>el respeto de las expectativas de todas las partes interesadas<br \/>la sostenibilidad medioambiental de procesos y productos;<br \/>La consolidaci\u00f3n de la confianza con el cliente y el aumento de su satisfacci\u00f3n;<br \/>El fortalecimiento de las relaciones con todos los proveedores<br \/>La puesta en com\u00fan de los objetivos corporativos con todos los empleados<br \/>El fortalecimiento de las sinergias con la empresa matriz<br \/>Con el fin de aplicar los principios anteriores, Exenia elabora directrices para la definici\u00f3n y aplicaci\u00f3n de objetivos de calidad compartidos con todas las partes interesadas, cuyos elementos se exponen a continuaci\u00f3n:<\/p>\n\n<p>Definici\u00f3n, aplicaci\u00f3n y mantenimiento de un Sistema de Gesti\u00f3n de la Calidad conforme a los requisitos de la norma UNI EN ISO 9001:2015;<br \/>Planificaci\u00f3n de los procesos empresariales sobre la base de factores contextuales internos y externos, expectativas de las partes interesadas y riesgos de calidad asociados, siempre de forma coherente con el cumplimiento de las expectativas de los clientes y las partes interesadas.<br \/>Cumplimiento de los requisitos legales (con especial atenci\u00f3n a los requisitos medioambientales) y contractuales<br \/>Garantizar una informaci\u00f3n y formaci\u00f3n adecuadas de los recursos humanos sobre los aspectos de calidad y medio ambiente relacionados con las actividades realizadas y la comunicaci\u00f3n de los principios de la pol\u00edtica integrada de la empresa.<br \/>Desarrollo de productos y disponibilidad de materias primas que satisfagan en t\u00e9rminos de calidad las necesidades y expectativas de sus clientes y que est\u00e9n en consonancia con los principios de sostenibilidad medioambiental.<br \/>Implantaci\u00f3n de sistemas adecuados de seguimiento de la calidad de los productos y del comportamiento medioambiental de la organizaci\u00f3n<br \/>Comunicaci\u00f3n al personal y difusi\u00f3n de la pol\u00edtica de calidad y medioambiental de la empresa a las partes interesadas y, en general, disponibilidad constante a las comunicaciones internas y externas de car\u00e1cter medioambiental<br \/>Promoci\u00f3n de la mejora continua del Sistema Integrado de Gesti\u00f3n<br \/>Promoci\u00f3n de la participaci\u00f3n y consulta de las partes interesadas para garantizar la aplicaci\u00f3n eficiente y eficaz del Sistema Integrado de Gesti\u00f3n.<br \/>Promoci\u00f3n del desarrollo corporativo salvaguardando la calidad y el rendimiento medioambiental de la empresa.<br \/>Selecci\u00f3n de proveedores sobre la base de evaluaciones objetivas de la calidad, el precio, la capacidad para prestar y garantizar servicios de un nivel adecuado y sobre la base de su comportamiento medioambiental.<br \/>Compromiso de evaluaci\u00f3n peri\u00f3dica del cumplimiento de la legislaci\u00f3n y los requisitos de protecci\u00f3n del medio ambiente.<br \/>Definici\u00f3n peri\u00f3dica de objetivos de mejora de la calidad y el medio ambiente<br \/>Reducci\u00f3n de los impactos ambientales negativos relacionados con sus actividades<br \/>Protecci\u00f3n del medio ambiente ahorrando recursos naturales, evitando residuos y, mediante an\u00e1lisis para verificar la posibilidad de reutilizar o reciclar energ\u00eda y materiales<br \/>Mejora del uso de los recursos;<br \/>Mantener un alto nivel de informaci\u00f3n y comunicaci\u00f3n, tanto interna como externa, mediante herramientas adecuadas;<br \/>Mantenimiento de un sistema de an\u00e1lisis de riesgos, preparaci\u00f3n y respuesta ante emergencias;<br \/>Los compromisos descritos en la pol\u00edtica se concretan en objetivos de mejora de la Calidad y el Medio Ambiente que Exenia aprueba anualmente, asegurando todos los recursos necesarios para su consecuci\u00f3n e implantando una actividad de seguimiento.<\/p>\n\n<p>La Organizaci\u00f3n se compromete a realizar un seguimiento constante de la consecuci\u00f3n de estos compromisos, a trav\u00e9s de ciclos de auditor\u00edas programadas, la revisi\u00f3n de objetivos y metas, la revisi\u00f3n de esta pol\u00edtica anualmente, y en todo caso siempre que las necesidades contingentes lo hagan necesario.<\/p>\n\n<p>La Direcci\u00f3n se compromete a difundir su Pol\u00edtica a todas las partes interesadas y a formar, sensibilizar y capacitar a sus empleados para garantizar que los procesos empresariales se gestionan adecuadamente para lograr los mejores resultados.<\/p>\n\n<figure class=\"wp-block-image size-large eplus-wrapper\"><img fetchpriority=\"high\" decoding=\"async\" width=\"1024\" height=\"555\" class=\"wp-image-934\" src=\"https:\/\/www.exenia.eu\/exenia-staging\/wp-content\/uploads\/2022\/10\/5137_it_91874_30651_exenia-3-1024x555.jpg\" alt=\"\" srcset=\"https:\/\/restyling.exenia.eu\/wp-content\/uploads\/2022\/10\/5137_it_91874_30651_exenia-3-1024x555.jpg 1024w, https:\/\/restyling.exenia.eu\/wp-content\/uploads\/2022\/10\/5137_it_91874_30651_exenia-3-300x163.jpg 300w, https:\/\/restyling.exenia.eu\/wp-content\/uploads\/2022\/10\/5137_it_91874_30651_exenia-3-768x416.jpg 768w, https:\/\/restyling.exenia.eu\/wp-content\/uploads\/2022\/10\/5137_it_91874_30651_exenia-3-1536x832.jpg 1536w, https:\/\/restyling.exenia.eu\/wp-content\/uploads\/2022\/10\/5137_it_91874_30651_exenia-3-2048x1109.jpg 2048w\" sizes=\"(max-width: 1024px) 100vw, 1024px\" \/><\/figure>\n\t\t\t\t\t\t\t\t<\/div>\n\t\t\t\t<\/div>\n\t\t\t\t\t<\/div>\n\t\t<\/div>\n\t\t\t\t\t<\/div>\n\t\t<\/section>\n\t\t\t\t<\/div>\n\t\t","protected":false},"excerpt":{"rendered":"<p>Qui\u00e9nes somos ExeniaInto the light Fundada en 2010 e integrada&#8230;<\/p>\n","protected":false},"author":1,"featured_media":44431,"parent":0,"menu_order":0,"comment_status":"closed","ping_status":"closed","template":"","meta":{"_acf_changed":false,"footnotes":""},"class_list":["post-5857","page","type-page","status-publish","has-post-thumbnail","hentry"],"acf":[],"yoast_head":"<!-- This site is optimized with the Yoast SEO plugin v27.5 - https:\/\/yoast.com\/product\/yoast-seo-wordpress\/ -->\n<title>Empresa | Exenia<\/title>\n<meta name=\"robots\" content=\"noindex, follow, max-snippet:-1, max-image-preview:large, max-video-preview:-1\" \/>\n<meta property=\"og:locale\" content=\"es_ES\" \/>\n<meta property=\"og:type\" content=\"article\" \/>\n<meta property=\"og:title\" content=\"Empresa | Exenia\" \/>\n<meta property=\"og:description\" content=\"Qui\u00e9nes somos ExeniaInto the light Fundada en 2010 e integrada...\" \/>\n<meta property=\"og:url\" content=\"https:\/\/restyling.exenia.eu\/azienda\/\" \/>\n<meta property=\"og:site_name\" content=\"Exenia\" \/>\n<meta property=\"article:publisher\" content=\"https:\/\/www.facebook.com\/exenialighting\" \/>\n<meta property=\"article:modified_time\" content=\"2024-01-25T15:54:23+00:00\" \/>\n<meta property=\"og:image\" content=\"https:\/\/restyling.exenia.eu\/wp-content\/uploads\/2023\/03\/Exenia.jpeg\" \/>\n\t<meta property=\"og:image:width\" content=\"2560\" \/>\n\t<meta property=\"og:image:height\" content=\"1704\" \/>\n\t<meta property=\"og:image:type\" content=\"image\/jpeg\" \/>\n<!-- \/ Yoast SEO plugin. -->","yoast_head_json":{"title":"Empresa | Exenia","robots":{"index":"noindex","follow":"follow","max-snippet":"max-snippet:-1","max-image-preview":"max-image-preview:large","max-video-preview":"max-video-preview:-1"},"og_locale":"es_ES","og_type":"article","og_title":"Empresa | Exenia","og_description":"Qui\u00e9nes somos ExeniaInto the light Fundada en 2010 e integrada...","og_url":"https:\/\/restyling.exenia.eu\/azienda\/","og_site_name":"Exenia","article_publisher":"https:\/\/www.facebook.com\/exenialighting","article_modified_time":"2024-01-25T15:54:23+00:00","og_image":[{"width":2560,"height":1704,"url":"https:\/\/restyling.exenia.eu\/wp-content\/uploads\/2023\/03\/Exenia.jpeg","type":"image\/jpeg"}],"schema":{"@context":"https:\/\/schema.org","@graph":[{"@type":"WebPage","@id":"https:\/\/restyling.exenia.eu\/azienda\/","url":"https:\/\/restyling.exenia.eu\/azienda\/","name":"Empresa | Exenia","isPartOf":{"@id":"https:\/\/restyling.exenia.eu\/#website"},"primaryImageOfPage":{"@id":"https:\/\/restyling.exenia.eu\/azienda\/#primaryimage"},"image":{"@id":"https:\/\/restyling.exenia.eu\/azienda\/#primaryimage"},"thumbnailUrl":"https:\/\/restyling.exenia.eu\/wp-content\/uploads\/2023\/03\/Exenia.jpeg","datePublished":"2022-10-06T10:03:29+00:00","dateModified":"2024-01-25T15:54:23+00:00","breadcrumb":{"@id":"https:\/\/restyling.exenia.eu\/azienda\/#breadcrumb"},"inLanguage":"es","potentialAction":[{"@type":"ReadAction","target":["https:\/\/restyling.exenia.eu\/azienda\/"]}]},{"@type":"ImageObject","inLanguage":"es","@id":"https:\/\/restyling.exenia.eu\/azienda\/#primaryimage","url":"https:\/\/restyling.exenia.eu\/wp-content\/uploads\/2023\/03\/Exenia.jpeg","contentUrl":"https:\/\/restyling.exenia.eu\/wp-content\/uploads\/2023\/03\/Exenia.jpeg","width":2560,"height":1704},{"@type":"BreadcrumbList","@id":"https:\/\/restyling.exenia.eu\/azienda\/#breadcrumb","itemListElement":[{"@type":"ListItem","position":1,"name":"Home","item":"https:\/\/restyling.exenia.eu\/"},{"@type":"ListItem","position":2,"name":"Empresa"}]},{"@type":"WebSite","@id":"https:\/\/restyling.exenia.eu\/#website","url":"https:\/\/restyling.exenia.eu\/","name":"Exenia","description":"","publisher":{"@id":"https:\/\/restyling.exenia.eu\/#organization"},"potentialAction":[{"@type":"SearchAction","target":{"@type":"EntryPoint","urlTemplate":"https:\/\/restyling.exenia.eu\/?s={search_term_string}"},"query-input":{"@type":"PropertyValueSpecification","valueRequired":true,"valueName":"search_term_string"}}],"inLanguage":"es"},{"@type":"Organization","@id":"https:\/\/restyling.exenia.eu\/#organization","name":"Exenia","url":"https:\/\/restyling.exenia.eu\/","logo":{"@type":"ImageObject","inLanguage":"es","@id":"https:\/\/restyling.exenia.eu\/#\/schema\/logo\/image\/","url":"https:\/\/restyling.exenia.eu\/wp-content\/uploads\/2022\/09\/logo_exenia-e1678467519405.png","contentUrl":"https:\/\/restyling.exenia.eu\/wp-content\/uploads\/2022\/09\/logo_exenia-e1678467519405.png","width":600,"height":194,"caption":"Exenia"},"image":{"@id":"https:\/\/restyling.exenia.eu\/#\/schema\/logo\/image\/"},"sameAs":["https:\/\/www.facebook.com\/exenialighting","https:\/\/x.com\/ExeniaLighting"]}]}},"_links":{"self":[{"href":"https:\/\/restyling.exenia.eu\/es\/wp-json\/wp\/v2\/pages\/5857","targetHints":{"allow":["GET"]}}],"collection":[{"href":"https:\/\/restyling.exenia.eu\/es\/wp-json\/wp\/v2\/pages"}],"about":[{"href":"https:\/\/restyling.exenia.eu\/es\/wp-json\/wp\/v2\/types\/page"}],"author":[{"embeddable":true,"href":"https:\/\/restyling.exenia.eu\/es\/wp-json\/wp\/v2\/users\/1"}],"replies":[{"embeddable":true,"href":"https:\/\/restyling.exenia.eu\/es\/wp-json\/wp\/v2\/comments?post=5857"}],"version-history":[{"count":0,"href":"https:\/\/restyling.exenia.eu\/es\/wp-json\/wp\/v2\/pages\/5857\/revisions"}],"wp:featuredmedia":[{"embeddable":true,"href":"https:\/\/restyling.exenia.eu\/es\/wp-json\/wp\/v2\/media\/44431"}],"wp:attachment":[{"href":"https:\/\/restyling.exenia.eu\/es\/wp-json\/wp\/v2\/media?parent=5857"}],"curies":[{"name":"wp","href":"https:\/\/api.w.org\/{rel}","templated":true}]}}