{"id":69083,"date":"2024-12-16T16:52:31","date_gmt":"2024-12-16T15:52:31","guid":{"rendered":"https:\/\/www.exenia.eu\/dark-tilt\/"},"modified":"2025-03-06T15:29:04","modified_gmt":"2025-03-06T14:29:04","slug":"dark-tilt","status":"publish","type":"page","link":"https:\/\/restyling.exenia.eu\/es\/dark-tilt\/","title":{"rendered":"Dark TILT"},"content":{"rendered":"\t\t<div data-elementor-type=\"wp-page\" data-elementor-id=\"69083\" class=\"elementor elementor-69083 elementor-60998\" wpc-filter-elementor-widget=\"1\" data-elementor-post-type=\"page\">\n\t\t\t\t\t\t<section class=\"elementor-section elementor-top-section elementor-element elementor-element-29222bf elementor-section-boxed elementor-section-height-default elementor-section-height-default\" data-id=\"29222bf\" data-element_type=\"section\" data-e-type=\"section\">\n\t\t\t\t\t\t<div class=\"elementor-container elementor-column-gap-default\">\n\t\t\t\t\t<div class=\"elementor-column elementor-col-100 elementor-top-column elementor-element elementor-element-62e458af\" data-id=\"62e458af\" data-element_type=\"column\" data-e-type=\"column\">\n\t\t\t<div class=\"elementor-widget-wrap elementor-element-populated\">\n\t\t\t\t\t\t<div class=\"elementor-element elementor-element-3c1cdab5 elementor-widget elementor-widget-text-editor\" data-id=\"3c1cdab5\" data-element_type=\"widget\" data-e-type=\"widget\" data-widget_type=\"text-editor.default\">\n\t\t\t\t<div class=\"elementor-widget-container\">\n\t\t\t\t\t\t\t\t\t\n<p><\/p>\n\n\n\n<p><\/p>\n\t\t\t\t\t\t\t\t<\/div>\n\t\t\t\t<\/div>\n\t\t\t\t\t<\/div>\n\t\t<\/div>\n\t\t\t\t\t<\/div>\n\t\t<\/section>\n\t\t\t\t<section class=\"elementor-section elementor-top-section elementor-element elementor-element-59c2b69 elementor-section-boxed elementor-section-height-default elementor-section-height-default\" data-id=\"59c2b69\" data-element_type=\"section\" data-e-type=\"section\">\n\t\t\t\t\t\t<div class=\"elementor-container elementor-column-gap-default\">\n\t\t\t\t\t<div class=\"elementor-column elementor-col-100 elementor-top-column elementor-element elementor-element-6c77dc9\" data-id=\"6c77dc9\" data-element_type=\"column\" data-e-type=\"column\">\n\t\t\t<div class=\"elementor-widget-wrap elementor-element-populated\">\n\t\t\t\t\t\t<div class=\"elementor-element elementor-element-0ce859c elementor-widget elementor-widget-heading\" data-id=\"0ce859c\" data-element_type=\"widget\" data-e-type=\"widget\" data-widget_type=\"heading.default\">\n\t\t\t\t<div class=\"elementor-widget-container\">\n\t\t\t\t\t<h2 class=\"elementor-heading-title elementor-size-default\">La familia<\/h2>\t\t\t\t<\/div>\n\t\t\t\t<\/div>\n\t\t\t\t<div class=\"elementor-element elementor-element-16f91ec elementor-widget elementor-widget-text-editor\" data-id=\"16f91ec\" data-element_type=\"widget\" data-e-type=\"widget\" data-widget_type=\"text-editor.default\">\n\t\t\t\t<div class=\"elementor-widget-container\">\n\t\t\t\t\t\t\t\t\t<p data-start=\"18\" data-end=\"351\">Familia de focos <strong>orientables<\/strong> con versiones <em>trim<\/em> y <em>trimless<\/em> para iluminaci\u00f3n profesional empotrada, dise\u00f1ada para lograr el m\u00e1ximo rendimiento en el menor tama\u00f1o. Optimiza las excelentes caracter\u00edsticas del nuevo sistema \u00f3ptico Revo con tecnolog\u00eda \u2018<em>Cross<\/em>\u2019, permitiendo rendimientos extraordinarios y una proyecci\u00f3n limpia y precisa.<\/p><p data-start=\"353\" data-end=\"572\">Cada modelo est\u00e1 equipado con un sistema \u00fanico \u2018<em>anti-slot<\/em>\u2019, dise\u00f1ado para evitar la visibilidad del intrad\u00f3s del techo, garantizando una gran pureza est\u00e9tica y un dise\u00f1o riguroso en cualquier condici\u00f3n de orientaci\u00f3n.<\/p><p data-start=\"574\" data-end=\"773\"><strong>La familia Dark<\/strong>, en todas sus versiones, se distingue por su alt\u00edsimo <em>confort visual<\/em> y por la <em>relaci\u00f3n Lux\/Vatio<\/em> que consigue ofrecer, manteniendo proporciones entre potencia y tama\u00f1o inigualables.<\/p><p data-start=\"775\" data-end=\"1041\">Las versiones orientables permiten inclinaciones de hasta 40\u00b0 <em>sin ninguna deformaci\u00f3n del haz<\/em> ni p\u00e9rdida de proyecci\u00f3n.<br data-start=\"894\" data-end=\"897\" \/>Disponibles en <em>cinco tama\u00f1os<\/em>, con <em>siete variantes \u00f3pticas<\/em> rotosim\u00e9tricas por modelo y dos wall washers en las versiones Medium, Compact y Max.<br \/>La colecci\u00f3n Dark proporciona a la iluminaci\u00f3n arquitect\u00f3nica una herramienta <em>minimalista y altamente eficiente<\/em>, ideal para proyectos de alt\u00edsimo contenido t\u00e9cnico y cualitativo.<\/p><p data-start=\"1225\" data-end=\"1434\" data-is-last-node=\"\" data-is-only-node=\"\">Las versiones cuadradas y multi-\u00f3pticas est\u00e1n configuradas con marcos agregados en color a juego con el producto. Una amplia oferta de accesorios de acople permite personalizaciones est\u00e9ticas y de rendimiento.<\/p>\t\t\t\t\t\t\t\t<\/div>\n\t\t\t\t<\/div>\n\t\t\t\t\t<\/div>\n\t\t<\/div>\n\t\t\t\t\t<\/div>\n\t\t<\/section>\n\t\t\t\t<section class=\"elementor-section elementor-top-section elementor-element elementor-element-a44cd79 elementor-section-boxed elementor-section-height-default elementor-section-height-default\" data-id=\"a44cd79\" data-element_type=\"section\" data-e-type=\"section\">\n\t\t\t\t\t\t<div class=\"elementor-container elementor-column-gap-default\">\n\t\t\t\t\t<div class=\"elementor-column elementor-col-33 elementor-top-column elementor-element elementor-element-694b91b\" data-id=\"694b91b\" data-element_type=\"column\" data-e-type=\"column\">\n\t\t\t<div class=\"elementor-widget-wrap elementor-element-populated\">\n\t\t\t\t\t\t<div class=\"elementor-element elementor-element-9456e1f elementor-widget elementor-widget-image\" data-id=\"9456e1f\" data-element_type=\"widget\" data-e-type=\"widget\" data-widget_type=\"image.default\">\n\t\t\t\t<div class=\"elementor-widget-container\">\n\t\t\t\t\t\t\t\t\t\t\t\t\t\t\t\t<a href=\"https:\/\/drive.google.com\/drive\/folders\/1rjOThlwZAK8tOJw1eqnHoLmPBNVdiUgL\" target=\"_blank\">\n\t\t\t\t\t\t\t<img fetchpriority=\"high\" decoding=\"async\" width=\"400\" height=\"450\" src=\"https:\/\/restyling.exenia.eu\/wp-content\/uploads\/2024\/11\/Overwiew-scaled-400x450.jpg\" class=\"attachment-woocommerce_thumbnail size-woocommerce_thumbnail wp-image-59070\" alt=\"\" \/>\t\t\t\t\t\t\t\t<\/a>\n\t\t\t\t\t\t\t\t\t\t\t\t\t\t\t<\/div>\n\t\t\t\t<\/div>\n\t\t\t\t\t<\/div>\n\t\t<\/div>\n\t\t\t\t<div class=\"elementor-column elementor-col-33 elementor-top-column elementor-element elementor-element-c60183a\" data-id=\"c60183a\" data-element_type=\"column\" data-e-type=\"column\">\n\t\t\t<div class=\"elementor-widget-wrap elementor-element-populated\">\n\t\t\t\t\t\t<div class=\"elementor-element elementor-element-d7d2fd1 elementor-widget elementor-widget-image\" data-id=\"d7d2fd1\" data-element_type=\"widget\" data-e-type=\"widget\" data-widget_type=\"image.default\">\n\t\t\t\t<div class=\"elementor-widget-container\">\n\t\t\t\t\t\t\t\t\t\t\t\t\t\t\t\t<a href=\"https:\/\/drive.google.com\/drive\/folders\/1-AS7HCumDd3JCuRat4uz2bNF9goV5s9h\" target=\"_blank\">\n\t\t\t\t\t\t\t<img decoding=\"async\" width=\"400\" height=\"450\" src=\"https:\/\/restyling.exenia.eu\/wp-content\/uploads\/2024\/11\/IMG-Video-scaled-400x450.jpg\" class=\"attachment-woocommerce_gallery_thumbnail size-woocommerce_gallery_thumbnail wp-image-59071\" alt=\"\" \/>\t\t\t\t\t\t\t\t<\/a>\n\t\t\t\t\t\t\t\t\t\t\t\t\t\t\t<\/div>\n\t\t\t\t<\/div>\n\t\t\t\t\t<\/div>\n\t\t<\/div>\n\t\t\t\t<div class=\"elementor-column elementor-col-33 elementor-top-column elementor-element elementor-element-f1c93b0\" data-id=\"f1c93b0\" data-element_type=\"column\" data-e-type=\"column\">\n\t\t\t<div class=\"elementor-widget-wrap elementor-element-populated\">\n\t\t\t\t\t\t<div class=\"elementor-element elementor-element-b745e7a elementor-widget elementor-widget-image\" data-id=\"b745e7a\" data-element_type=\"widget\" data-e-type=\"widget\" data-widget_type=\"image.default\">\n\t\t\t\t<div class=\"elementor-widget-container\">\n\t\t\t\t\t\t\t\t\t\t\t\t\t\t\t\t<a href=\"https:\/\/restyling.exenia.eu\/wp-content\/uploads\/2023\/02\/brochure-dark-it.pdf\" target=\"_blank\">\n\t\t\t\t\t\t\t<img decoding=\"async\" width=\"400\" height=\"450\" src=\"https:\/\/restyling.exenia.eu\/wp-content\/uploads\/2024\/11\/Brochure-scaled-400x450.jpg\" class=\"attachment-woocommerce_gallery_thumbnail size-woocommerce_gallery_thumbnail wp-image-59072\" alt=\"\" \/>\t\t\t\t\t\t\t\t<\/a>\n\t\t\t\t\t\t\t\t\t\t\t\t\t\t\t<\/div>\n\t\t\t\t<\/div>\n\t\t\t\t\t<\/div>\n\t\t<\/div>\n\t\t\t\t\t<\/div>\n\t\t<\/section>\n\t\t\t\t<section class=\"elementor-section elementor-top-section elementor-element elementor-element-1a2d173 elementor-section-boxed elementor-section-height-default elementor-section-height-default\" data-id=\"1a2d173\" data-element_type=\"section\" data-e-type=\"section\">\n\t\t\t\t\t\t<div class=\"elementor-container elementor-column-gap-default\">\n\t\t\t\t\t<div class=\"elementor-column elementor-col-100 elementor-top-column elementor-element elementor-element-c74c712\" data-id=\"c74c712\" data-element_type=\"column\" data-e-type=\"column\">\n\t\t\t<div class=\"elementor-widget-wrap elementor-element-populated\">\n\t\t\t\t\t\t<div data-dce-background-color=\"#FFFFFF\" class=\"elementor-element elementor-element-310be46 elementor-align-center elementor-widget elementor-widget-button\" data-id=\"310be46\" data-element_type=\"widget\" data-e-type=\"widget\" data-widget_type=\"button.default\">\n\t\t\t\t<div class=\"elementor-widget-container\">\n\t\t\t\t\t\t\t\t\t<div class=\"elementor-button-wrapper\">\n\t\t\t\t\t<a class=\"elementor-button elementor-button-link elementor-size-sm\" href=\"https:\/\/restyling.exenia.eu\/es\/c\/indoor\/empotrables\/dark-emportables\/dark-tilt-es\/\" target=\"_blank\">\n\t\t\t\t\t\t<span class=\"elementor-button-content-wrapper\">\n\t\t\t\t\t\t\t\t\t<span class=\"elementor-button-text\">Descubra la colecci\u00f3n<\/span>\n\t\t\t\t\t<\/span>\n\t\t\t\t\t<\/a>\n\t\t\t\t<\/div>\n\t\t\t\t\t\t\t\t<\/div>\n\t\t\t\t<\/div>\n\t\t\t\t\t<\/div>\n\t\t<\/div>\n\t\t\t\t\t<\/div>\n\t\t<\/section>\n\t\t\t\t<section class=\"elementor-section elementor-top-section elementor-element elementor-element-bc1549a elementor-section-boxed elementor-section-height-default elementor-section-height-default\" data-id=\"bc1549a\" data-element_type=\"section\" data-e-type=\"section\">\n\t\t\t\t\t\t<div class=\"elementor-container elementor-column-gap-default\">\n\t\t\t\t\t<div class=\"elementor-column elementor-col-100 elementor-top-column elementor-element elementor-element-ec3d287\" data-id=\"ec3d287\" data-element_type=\"column\" data-e-type=\"column\">\n\t\t\t<div class=\"elementor-widget-wrap elementor-element-populated\">\n\t\t\t\t\t\t<div class=\"elementor-element elementor-element-31e983d elementor-widget elementor-widget-image\" data-id=\"31e983d\" data-element_type=\"widget\" data-e-type=\"widget\" data-widget_type=\"image.default\">\n\t\t\t\t<div class=\"elementor-widget-container\">\n\t\t\t\t\t\t\t\t\t\t\t\t\t\t\t<img loading=\"lazy\" decoding=\"async\" width=\"2560\" height=\"1599\" src=\"https:\/\/restyling.exenia.eu\/wp-content\/uploads\/2023\/01\/Dark-tilt-banner-2.jpg\" class=\"attachment-full size-full wp-image-22595\" alt=\"\" srcset=\"https:\/\/restyling.exenia.eu\/wp-content\/uploads\/2023\/01\/Dark-tilt-banner-2.jpg 2560w, https:\/\/restyling.exenia.eu\/wp-content\/uploads\/2023\/01\/Dark-tilt-banner-2-300x187.jpg 300w, https:\/\/restyling.exenia.eu\/wp-content\/uploads\/2023\/01\/Dark-tilt-banner-2-1024x640.jpg 1024w, https:\/\/restyling.exenia.eu\/wp-content\/uploads\/2023\/01\/Dark-tilt-banner-2-768x480.jpg 768w, https:\/\/restyling.exenia.eu\/wp-content\/uploads\/2023\/01\/Dark-tilt-banner-2-1536x959.jpg 1536w, https:\/\/restyling.exenia.eu\/wp-content\/uploads\/2023\/01\/Dark-tilt-banner-2-2048x1279.jpg 2048w\" sizes=\"(max-width: 2560px) 100vw, 2560px\" \/>\t\t\t\t\t\t\t\t\t\t\t\t\t\t\t<\/div>\n\t\t\t\t<\/div>\n\t\t\t\t\t<\/div>\n\t\t<\/div>\n\t\t\t\t\t<\/div>\n\t\t<\/section>\n\t\t\t\t<section class=\"elementor-section elementor-top-section elementor-element elementor-element-b33a612 elementor-section-boxed elementor-section-height-default elementor-section-height-default\" data-id=\"b33a612\" data-element_type=\"section\" data-e-type=\"section\">\n\t\t\t\t\t\t<div class=\"elementor-container elementor-column-gap-default\">\n\t\t\t\t\t<div class=\"elementor-column elementor-col-100 elementor-top-column elementor-element elementor-element-f58e473\" data-id=\"f58e473\" data-element_type=\"column\" data-e-type=\"column\">\n\t\t\t<div class=\"elementor-widget-wrap elementor-element-populated\">\n\t\t\t\t\t\t<div class=\"elementor-element elementor-element-a19b3a8 elementor-widget elementor-widget-text-editor\" data-id=\"a19b3a8\" data-element_type=\"widget\" data-e-type=\"widget\" data-widget_type=\"text-editor.default\">\n\t\t\t\t<div class=\"elementor-widget-container\">\n\t\t\t\t\t\t\t\t\t<p>Lorem ipsum dolor sit amet, consectetur adipiscing elit. Ut elit tellus, luctus nec ullamcorper mattis, pulvinar dapibus leo.<\/p>\t\t\t\t\t\t\t\t<\/div>\n\t\t\t\t<\/div>\n\t\t\t\t\t<\/div>\n\t\t<\/div>\n\t\t\t\t\t<\/div>\n\t\t<\/section>\n\t\t\t\t<\/div>\n\t\t","protected":false},"excerpt":{"rendered":"<p>La familia Familia de focos orientables con versiones trim y&#8230;<\/p>\n","protected":false},"author":3,"featured_media":69084,"parent":0,"menu_order":0,"comment_status":"closed","ping_status":"closed","template":"","meta":{"_acf_changed":false,"footnotes":""},"class_list":["post-69083","page","type-page","status-publish","has-post-thumbnail","hentry"],"acf":[],"yoast_head":"<!-- This site is optimized with the Yoast SEO plugin v27.5 - https:\/\/yoast.com\/product\/yoast-seo-wordpress\/ -->\n<title>Dark TILT | Exenia<\/title>\n<meta name=\"robots\" content=\"noindex, follow, max-snippet:-1, max-image-preview:large, max-video-preview:-1\" \/>\n<meta property=\"og:locale\" content=\"es_ES\" \/>\n<meta property=\"og:type\" content=\"article\" \/>\n<meta property=\"og:title\" content=\"Dark TILT | Exenia\" \/>\n<meta property=\"og:description\" content=\"La familia Familia de focos orientables con versiones trim y...\" \/>\n<meta property=\"og:url\" content=\"https:\/\/restyling.exenia.eu\/dark-tilt\/\" \/>\n<meta property=\"og:site_name\" content=\"Exenia\" \/>\n<meta property=\"article:publisher\" content=\"https:\/\/www.facebook.com\/exenialighting\" \/>\n<meta property=\"article:modified_time\" content=\"2025-03-06T14:29:04+00:00\" \/>\n<meta property=\"og:image\" content=\"https:\/\/restyling.exenia.eu\/wp-content\/uploads\/2024\/12\/TILT.jpg\" \/>\n\t<meta property=\"og:image:width\" content=\"2550\" \/>\n\t<meta property=\"og:image:height\" content=\"1592\" \/>\n\t<meta property=\"og:image:type\" content=\"image\/jpeg\" \/>\n<!-- \/ Yoast SEO plugin. -->","yoast_head_json":{"title":"Dark TILT | Exenia","robots":{"index":"noindex","follow":"follow","max-snippet":"max-snippet:-1","max-image-preview":"max-image-preview:large","max-video-preview":"max-video-preview:-1"},"og_locale":"es_ES","og_type":"article","og_title":"Dark TILT | Exenia","og_description":"La familia Familia de focos orientables con versiones trim y...","og_url":"https:\/\/restyling.exenia.eu\/dark-tilt\/","og_site_name":"Exenia","article_publisher":"https:\/\/www.facebook.com\/exenialighting","article_modified_time":"2025-03-06T14:29:04+00:00","og_image":[{"width":2550,"height":1592,"url":"https:\/\/restyling.exenia.eu\/wp-content\/uploads\/2024\/12\/TILT.jpg","type":"image\/jpeg"}],"schema":{"@context":"https:\/\/schema.org","@graph":[{"@type":"WebPage","@id":"https:\/\/restyling.exenia.eu\/dark-tilt\/","url":"https:\/\/restyling.exenia.eu\/dark-tilt\/","name":"Dark TILT | Exenia","isPartOf":{"@id":"https:\/\/restyling.exenia.eu\/#website"},"primaryImageOfPage":{"@id":"https:\/\/restyling.exenia.eu\/dark-tilt\/#primaryimage"},"image":{"@id":"https:\/\/restyling.exenia.eu\/dark-tilt\/#primaryimage"},"thumbnailUrl":"https:\/\/restyling.exenia.eu\/wp-content\/uploads\/2024\/12\/TILT.jpg","datePublished":"2024-12-16T15:52:31+00:00","dateModified":"2025-03-06T14:29:04+00:00","breadcrumb":{"@id":"https:\/\/restyling.exenia.eu\/dark-tilt\/#breadcrumb"},"inLanguage":"es","potentialAction":[{"@type":"ReadAction","target":["https:\/\/restyling.exenia.eu\/dark-tilt\/"]}]},{"@type":"ImageObject","inLanguage":"es","@id":"https:\/\/restyling.exenia.eu\/dark-tilt\/#primaryimage","url":"https:\/\/restyling.exenia.eu\/wp-content\/uploads\/2024\/12\/TILT.jpg","contentUrl":"https:\/\/restyling.exenia.eu\/wp-content\/uploads\/2024\/12\/TILT.jpg","width":2550,"height":1592},{"@type":"BreadcrumbList","@id":"https:\/\/restyling.exenia.eu\/dark-tilt\/#breadcrumb","itemListElement":[{"@type":"ListItem","position":1,"name":"Home","item":"https:\/\/restyling.exenia.eu\/"},{"@type":"ListItem","position":2,"name":"Dark TILT"}]},{"@type":"WebSite","@id":"https:\/\/restyling.exenia.eu\/#website","url":"https:\/\/restyling.exenia.eu\/","name":"Exenia","description":"","publisher":{"@id":"https:\/\/restyling.exenia.eu\/#organization"},"potentialAction":[{"@type":"SearchAction","target":{"@type":"EntryPoint","urlTemplate":"https:\/\/restyling.exenia.eu\/?s={search_term_string}"},"query-input":{"@type":"PropertyValueSpecification","valueRequired":true,"valueName":"search_term_string"}}],"inLanguage":"es"},{"@type":"Organization","@id":"https:\/\/restyling.exenia.eu\/#organization","name":"Exenia","url":"https:\/\/restyling.exenia.eu\/","logo":{"@type":"ImageObject","inLanguage":"es","@id":"https:\/\/restyling.exenia.eu\/#\/schema\/logo\/image\/","url":"https:\/\/restyling.exenia.eu\/wp-content\/uploads\/2022\/09\/logo_exenia-e1678467519405.png","contentUrl":"https:\/\/restyling.exenia.eu\/wp-content\/uploads\/2022\/09\/logo_exenia-e1678467519405.png","width":600,"height":194,"caption":"Exenia"},"image":{"@id":"https:\/\/restyling.exenia.eu\/#\/schema\/logo\/image\/"},"sameAs":["https:\/\/www.facebook.com\/exenialighting","https:\/\/x.com\/ExeniaLighting"]}]}},"_links":{"self":[{"href":"https:\/\/restyling.exenia.eu\/es\/wp-json\/wp\/v2\/pages\/69083","targetHints":{"allow":["GET"]}}],"collection":[{"href":"https:\/\/restyling.exenia.eu\/es\/wp-json\/wp\/v2\/pages"}],"about":[{"href":"https:\/\/restyling.exenia.eu\/es\/wp-json\/wp\/v2\/types\/page"}],"author":[{"embeddable":true,"href":"https:\/\/restyling.exenia.eu\/es\/wp-json\/wp\/v2\/users\/3"}],"replies":[{"embeddable":true,"href":"https:\/\/restyling.exenia.eu\/es\/wp-json\/wp\/v2\/comments?post=69083"}],"version-history":[{"count":0,"href":"https:\/\/restyling.exenia.eu\/es\/wp-json\/wp\/v2\/pages\/69083\/revisions"}],"wp:featuredmedia":[{"embeddable":true,"href":"https:\/\/restyling.exenia.eu\/es\/wp-json\/wp\/v2\/media\/69084"}],"wp:attachment":[{"href":"https:\/\/restyling.exenia.eu\/es\/wp-json\/wp\/v2\/media?parent=69083"}],"curies":[{"name":"wp","href":"https:\/\/api.w.org\/{rel}","templated":true}]}}