{"id":70577,"date":"2025-03-07T12:35:04","date_gmt":"2025-03-07T11:35:04","guid":{"rendered":"https:\/\/www.exenia.eu\/multimetrik\/"},"modified":"2025-05-28T17:13:05","modified_gmt":"2025-05-28T15:13:05","slug":"multimetrik","status":"publish","type":"page","link":"https:\/\/restyling.exenia.eu\/es\/multimetrik\/","title":{"rendered":"Multimetrik"},"content":{"rendered":"\t\t<div data-elementor-type=\"wp-page\" data-elementor-id=\"70577\" class=\"elementor elementor-70577 elementor-68131\" wpc-filter-elementor-widget=\"1\" data-elementor-post-type=\"page\">\n\t\t\t\t\t\t<section class=\"elementor-section elementor-top-section elementor-element elementor-element-29222bf elementor-section-boxed elementor-section-height-default elementor-section-height-default\" data-id=\"29222bf\" data-element_type=\"section\" data-e-type=\"section\">\n\t\t\t\t\t\t<div class=\"elementor-container elementor-column-gap-default\">\n\t\t\t\t\t<div class=\"elementor-column elementor-col-100 elementor-top-column elementor-element elementor-element-62e458af\" data-id=\"62e458af\" data-element_type=\"column\" data-e-type=\"column\">\n\t\t\t<div class=\"elementor-widget-wrap elementor-element-populated\">\n\t\t\t\t\t\t<div class=\"elementor-element elementor-element-3c1cdab5 elementor-widget elementor-widget-text-editor\" data-id=\"3c1cdab5\" data-element_type=\"widget\" data-e-type=\"widget\" data-widget_type=\"text-editor.default\">\n\t\t\t\t<div class=\"elementor-widget-container\">\n\t\t\t\t\t\t\t\t\t\n<p><\/p>\n\n\n\n<p><\/p>\n\t\t\t\t\t\t\t\t<\/div>\n\t\t\t\t<\/div>\n\t\t\t\t\t<\/div>\n\t\t<\/div>\n\t\t\t\t\t<\/div>\n\t\t<\/section>\n\t\t\t\t<section class=\"elementor-section elementor-top-section elementor-element elementor-element-59c2b69 elementor-section-boxed elementor-section-height-default elementor-section-height-default\" data-id=\"59c2b69\" data-element_type=\"section\" data-e-type=\"section\">\n\t\t\t\t\t\t<div class=\"elementor-container elementor-column-gap-default\">\n\t\t\t\t\t<div class=\"elementor-column elementor-col-100 elementor-top-column elementor-element elementor-element-6c77dc9\" data-id=\"6c77dc9\" data-element_type=\"column\" data-e-type=\"column\">\n\t\t\t<div class=\"elementor-widget-wrap elementor-element-populated\">\n\t\t\t\t\t\t<div class=\"elementor-element elementor-element-0ce859c elementor-widget__width-initial elementor-widget elementor-widget-heading\" data-id=\"0ce859c\" data-element_type=\"widget\" data-e-type=\"widget\" data-widget_type=\"heading.default\">\n\t\t\t\t<div class=\"elementor-widget-container\">\n\t\t\t\t\t<h2 class=\"elementor-heading-title elementor-size-default\">M\u00e1xima versatilidad sin compromisos.<br><br><\/h2>\t\t\t\t<\/div>\n\t\t\t\t<\/div>\n\t\t\t\t<div class=\"elementor-element elementor-element-16f91ec elementor-widget elementor-widget-text-editor\" data-id=\"16f91ec\" data-element_type=\"widget\" data-e-type=\"widget\" data-widget_type=\"text-editor.default\">\n\t\t\t\t<div class=\"elementor-widget-container\">\n\t\t\t\t\t\t\t\t\t<p><strong>Multimetrik<\/strong> es el nuevo sistema \u00f3ptico que revoluciona el concepto de iluminaci\u00f3n adaptable.<br \/>Dise\u00f1ado para ofrecer la m\u00e1xima<em> flexibilidad<\/em> sin renunciar a la calidad y la eficiencia, permite modificar la iluminaci\u00f3n de forma sencilla e intuitiva, sin alterar la est\u00e9tica del producto.<\/p><p><strong>Con tres par\u00e1metros ajustables<\/strong>: <em>apertura del haz <\/em>(15\u00b0-60\u00b0), <em>intensidad luminosa<\/em> y <em>temperatura del blanco<\/em>, Multimetrik se adapta f\u00e1cilmente a cualquier necesidad de dise\u00f1o, convirti\u00e9ndose en la opci\u00f3n ideal para quienes buscan una soluci\u00f3n din\u00e1mica y de alto rendimiento.<br \/>Combina lentes intercambiables y haces regulables, garantizando la calidad y eficiencia t\u00edpicas de las \u00f3pticas fijas.<br \/>Gracias a la microtraslaci\u00f3n de la lente focal, permite una amplia modulaci\u00f3n del haz luminoso, con una emisi\u00f3n de hasta 3500 l\u00famenes y una eficiencia de hasta 132 lm\/W.<\/p><p>F\u00e1cil de usar, <em>gracias a la rotaci\u00f3n manual<\/em> para ajustar el \u00e1ngulo del haz y al dimmer integrado, Multimetrik elimina la necesidad de configuraciones complejas, ofreciendo la m\u00e1xima libertad de gesti\u00f3n en cualquier contexto.<br \/>Disponible en <em>tres tama\u00f1os<\/em> y en versiones para riel de 230V full settable y 48V con blanco din\u00e1mico, Multimetrik se integra perfectamente en cualquier proyecto de iluminaci\u00f3n.<\/p><p>Perfecto para entornos <strong>comerciales<\/strong>, <strong>muse\u00edsticos<\/strong> y <strong>arquitect\u00f3nicos<\/strong>, Multimetrik mantiene la misma est\u00e9tica y calidad de luz que las \u00f3pticas fijas, garantizando una integraci\u00f3n armoniosa en cada espacio.<br \/>Gracias a la tecnolog\u00eda LED avanzada desarrollada por Exenia, Multimetrik asegura una reproducci\u00f3n crom\u00e1tica impecable y un control \u00f3ptimo del deslumbramiento. El innovador sistema de lentes intercambiables permite transformar r\u00e1pidamente el proyector para responder a distintas necesidades, sin necesidad de sustituir todo el dispositivo.<\/p>\t\t\t\t\t\t\t\t<\/div>\n\t\t\t\t<\/div>\n\t\t\t\t\t<\/div>\n\t\t<\/div>\n\t\t\t\t\t<\/div>\n\t\t<\/section>\n\t\t\t\t<section class=\"elementor-section elementor-top-section elementor-element elementor-element-a44cd79 elementor-section-boxed elementor-section-height-default elementor-section-height-default\" data-id=\"a44cd79\" data-element_type=\"section\" data-e-type=\"section\">\n\t\t\t\t\t\t<div class=\"elementor-container elementor-column-gap-default\">\n\t\t\t\t\t<div class=\"elementor-column elementor-col-33 elementor-top-column elementor-element elementor-element-694b91b\" data-id=\"694b91b\" data-element_type=\"column\" data-e-type=\"column\">\n\t\t\t<div class=\"elementor-widget-wrap elementor-element-populated\">\n\t\t\t\t\t\t<div class=\"elementor-element elementor-element-9456e1f dce_masking-none elementor-widget elementor-widget-image\" data-id=\"9456e1f\" data-element_type=\"widget\" data-e-type=\"widget\" data-widget_type=\"image.default\">\n\t\t\t\t<div class=\"elementor-widget-container\">\n\t\t\t\t\t\t\t\t\t\t\t\t\t\t\t\t<a href=\"https:\/\/drive.google.com\/file\/d\/1ZIEMUNeTA32aMA4vnvkFheAnifPBf0Oz\/view?usp=sharing\" target=\"_blank\">\n\t\t\t\t\t\t\t<img fetchpriority=\"high\" decoding=\"async\" width=\"400\" height=\"450\" src=\"https:\/\/restyling.exenia.eu\/wp-content\/uploads\/2024\/11\/Overwiew-scaled-400x450.jpg\" class=\"attachment-woocommerce_thumbnail size-woocommerce_thumbnail wp-image-59070\" alt=\"\" \/>\t\t\t\t\t\t\t\t<\/a>\n\t\t\t\t\t\t\t\t\t\t\t\t\t\t\t<\/div>\n\t\t\t\t<\/div>\n\t\t\t\t\t<\/div>\n\t\t<\/div>\n\t\t\t\t<div class=\"elementor-column elementor-col-33 elementor-top-column elementor-element elementor-element-c60183a\" data-id=\"c60183a\" data-element_type=\"column\" data-e-type=\"column\">\n\t\t\t<div class=\"elementor-widget-wrap elementor-element-populated\">\n\t\t\t\t\t\t<div class=\"elementor-element elementor-element-d7d2fd1 dce_masking-none elementor-widget elementor-widget-image\" data-id=\"d7d2fd1\" data-element_type=\"widget\" data-e-type=\"widget\" data-widget_type=\"image.default\">\n\t\t\t\t<div class=\"elementor-widget-container\">\n\t\t\t\t\t\t\t\t\t\t\t\t\t\t\t\t<a href=\"https:\/\/drive.google.com\/drive\/folders\/17o7NPzFS5PiHBPvYVPSYUkod1KMzkPzN\" target=\"_blank\">\n\t\t\t\t\t\t\t<img decoding=\"async\" width=\"400\" height=\"450\" src=\"https:\/\/restyling.exenia.eu\/wp-content\/uploads\/2024\/11\/IMG-Video-scaled-400x450.jpg\" class=\"attachment-woocommerce_gallery_thumbnail size-woocommerce_gallery_thumbnail wp-image-59071\" alt=\"\" \/>\t\t\t\t\t\t\t\t<\/a>\n\t\t\t\t\t\t\t\t\t\t\t\t\t\t\t<\/div>\n\t\t\t\t<\/div>\n\t\t\t\t\t<\/div>\n\t\t<\/div>\n\t\t\t\t<div class=\"elementor-column elementor-col-33 elementor-top-column elementor-element elementor-element-f1c93b0\" data-id=\"f1c93b0\" data-element_type=\"column\" data-e-type=\"column\">\n\t\t\t<div class=\"elementor-widget-wrap elementor-element-populated\">\n\t\t\t\t\t\t<div class=\"elementor-element elementor-element-b745e7a dce_masking-none elementor-widget elementor-widget-image\" data-id=\"b745e7a\" data-element_type=\"widget\" data-e-type=\"widget\" data-widget_type=\"image.default\">\n\t\t\t\t<div class=\"elementor-widget-container\">\n\t\t\t\t\t\t\t\t\t\t\t\t\t\t\t\t<a href=\"https:\/\/www.exenia.eu\/exenia-staging\/wp-content\/uploads\/2025\/04\/MULTIMETRIK-ES.pdf\" target=\"_blank\">\n\t\t\t\t\t\t\t<img decoding=\"async\" width=\"400\" height=\"450\" src=\"https:\/\/restyling.exenia.eu\/wp-content\/uploads\/2024\/11\/Brochure-scaled-400x450.jpg\" class=\"attachment-woocommerce_gallery_thumbnail size-woocommerce_gallery_thumbnail wp-image-59072\" alt=\"\" \/>\t\t\t\t\t\t\t\t<\/a>\n\t\t\t\t\t\t\t\t\t\t\t\t\t\t\t<\/div>\n\t\t\t\t<\/div>\n\t\t\t\t\t<\/div>\n\t\t<\/div>\n\t\t\t\t\t<\/div>\n\t\t<\/section>\n\t\t\t\t<section class=\"elementor-section elementor-top-section elementor-element elementor-element-1a2d173 elementor-section-boxed elementor-section-height-default elementor-section-height-default\" data-id=\"1a2d173\" data-element_type=\"section\" data-e-type=\"section\">\n\t\t\t\t\t\t<div class=\"elementor-container elementor-column-gap-default\">\n\t\t\t\t\t<div class=\"elementor-column elementor-col-100 elementor-top-column elementor-element elementor-element-c74c712\" data-id=\"c74c712\" data-element_type=\"column\" data-e-type=\"column\">\n\t\t\t<div class=\"elementor-widget-wrap elementor-element-populated\">\n\t\t\t\t\t\t<div data-dce-background-color=\"#FFFFFF\" class=\"elementor-element elementor-element-310be46 elementor-align-center elementor-widget elementor-widget-button\" data-id=\"310be46\" data-element_type=\"widget\" data-e-type=\"widget\" data-widget_type=\"button.default\">\n\t\t\t\t<div class=\"elementor-widget-container\">\n\t\t\t\t\t\t\t\t\t<div class=\"elementor-button-wrapper\">\n\t\t\t\t\t<a class=\"elementor-button elementor-button-link elementor-size-sm\" href=\"https:\/\/www.exenia.eu\/exenia-staging\/es\/?s=Multimetrik\" target=\"_blank\">\n\t\t\t\t\t\t<span class=\"elementor-button-content-wrapper\">\n\t\t\t\t\t\t\t\t\t<span class=\"elementor-button-text\">Descubra la colecci\u00f3n<\/span>\n\t\t\t\t\t<\/span>\n\t\t\t\t\t<\/a>\n\t\t\t\t<\/div>\n\t\t\t\t\t\t\t\t<\/div>\n\t\t\t\t<\/div>\n\t\t\t\t\t<\/div>\n\t\t<\/div>\n\t\t\t\t\t<\/div>\n\t\t<\/section>\n\t\t\t\t<section class=\"elementor-section elementor-top-section elementor-element elementor-element-bc1549a elementor-section-boxed elementor-section-height-default elementor-section-height-default\" data-id=\"bc1549a\" data-element_type=\"section\" data-e-type=\"section\">\n\t\t\t\t\t\t<div class=\"elementor-container elementor-column-gap-default\">\n\t\t\t\t\t<div class=\"elementor-column elementor-col-100 elementor-top-column elementor-element elementor-element-ec3d287\" data-id=\"ec3d287\" data-element_type=\"column\" data-e-type=\"column\">\n\t\t\t<div class=\"elementor-widget-wrap elementor-element-populated\">\n\t\t\t\t\t\t<div class=\"elementor-element elementor-element-31e983d dce_masking-none elementor-widget elementor-widget-image\" data-id=\"31e983d\" data-element_type=\"widget\" data-e-type=\"widget\" data-widget_type=\"image.default\">\n\t\t\t\t<div class=\"elementor-widget-container\">\n\t\t\t\t\t\t\t\t\t\t\t\t\t\t\t<img loading=\"lazy\" decoding=\"async\" width=\"11400\" height=\"6022\" src=\"https:\/\/restyling.exenia.eu\/wp-content\/uploads\/2025\/03\/Regolazione.jpg\" class=\"attachment-full size-full wp-image-72110\" alt=\"\" \/>\t\t\t\t\t\t\t\t\t\t\t\t\t\t\t<\/div>\n\t\t\t\t<\/div>\n\t\t\t\t\t<\/div>\n\t\t<\/div>\n\t\t\t\t\t<\/div>\n\t\t<\/section>\n\t\t\t\t<\/div>\n\t\t","protected":false},"excerpt":{"rendered":"<p>M\u00e1xima versatilidad sin compromisos. Multimetrik es el nuevo sistema \u00f3ptico&#8230;<\/p>\n","protected":false},"author":3,"featured_media":72107,"parent":0,"menu_order":0,"comment_status":"closed","ping_status":"closed","template":"","meta":{"_acf_changed":false,"footnotes":""},"class_list":["post-70577","page","type-page","status-publish","has-post-thumbnail","hentry"],"acf":[],"yoast_head":"<!-- This site is optimized with the Yoast SEO plugin v27.4 - https:\/\/yoast.com\/product\/yoast-seo-wordpress\/ -->\n<title>Multimetrik | Exenia<\/title>\n<meta name=\"robots\" content=\"noindex, follow, max-snippet:-1, max-image-preview:large, max-video-preview:-1\" \/>\n<meta property=\"og:locale\" content=\"es_ES\" \/>\n<meta property=\"og:type\" content=\"article\" \/>\n<meta property=\"og:title\" content=\"Multimetrik | Exenia\" \/>\n<meta property=\"og:description\" content=\"M\u00e1xima versatilidad sin compromisos. Multimetrik es el nuevo sistema \u00f3ptico...\" \/>\n<meta property=\"og:url\" content=\"https:\/\/restyling.exenia.eu\/multimetrik\/\" \/>\n<meta property=\"og:site_name\" content=\"Exenia\" \/>\n<meta property=\"article:publisher\" content=\"https:\/\/www.facebook.com\/exenialighting\" \/>\n<meta property=\"article:modified_time\" content=\"2025-05-28T15:13:05+00:00\" \/>\n<meta property=\"og:image\" content=\"https:\/\/restyling.exenia.eu\/wp-content\/uploads\/2025\/03\/Multimetrik.jpg\" \/>\n\t<meta property=\"og:image:width\" content=\"2550\" \/>\n\t<meta property=\"og:image:height\" content=\"1592\" \/>\n\t<meta property=\"og:image:type\" content=\"image\/jpeg\" \/>\n<!-- \/ Yoast SEO plugin. -->","yoast_head_json":{"title":"Multimetrik | Exenia","robots":{"index":"noindex","follow":"follow","max-snippet":"max-snippet:-1","max-image-preview":"max-image-preview:large","max-video-preview":"max-video-preview:-1"},"og_locale":"es_ES","og_type":"article","og_title":"Multimetrik | Exenia","og_description":"M\u00e1xima versatilidad sin compromisos. Multimetrik es el nuevo sistema \u00f3ptico...","og_url":"https:\/\/restyling.exenia.eu\/multimetrik\/","og_site_name":"Exenia","article_publisher":"https:\/\/www.facebook.com\/exenialighting","article_modified_time":"2025-05-28T15:13:05+00:00","og_image":[{"width":2550,"height":1592,"url":"https:\/\/restyling.exenia.eu\/wp-content\/uploads\/2025\/03\/Multimetrik.jpg","type":"image\/jpeg"}],"schema":{"@context":"https:\/\/schema.org","@graph":[{"@type":"WebPage","@id":"https:\/\/restyling.exenia.eu\/multimetrik\/","url":"https:\/\/restyling.exenia.eu\/multimetrik\/","name":"Multimetrik | Exenia","isPartOf":{"@id":"https:\/\/restyling.exenia.eu\/#website"},"primaryImageOfPage":{"@id":"https:\/\/restyling.exenia.eu\/multimetrik\/#primaryimage"},"image":{"@id":"https:\/\/restyling.exenia.eu\/multimetrik\/#primaryimage"},"thumbnailUrl":"https:\/\/restyling.exenia.eu\/wp-content\/uploads\/2025\/03\/Multimetrik.jpg","datePublished":"2025-03-07T11:35:04+00:00","dateModified":"2025-05-28T15:13:05+00:00","breadcrumb":{"@id":"https:\/\/restyling.exenia.eu\/multimetrik\/#breadcrumb"},"inLanguage":"es","potentialAction":[{"@type":"ReadAction","target":["https:\/\/restyling.exenia.eu\/multimetrik\/"]}]},{"@type":"ImageObject","inLanguage":"es","@id":"https:\/\/restyling.exenia.eu\/multimetrik\/#primaryimage","url":"https:\/\/restyling.exenia.eu\/wp-content\/uploads\/2025\/03\/Multimetrik.jpg","contentUrl":"https:\/\/restyling.exenia.eu\/wp-content\/uploads\/2025\/03\/Multimetrik.jpg","width":2550,"height":1592},{"@type":"BreadcrumbList","@id":"https:\/\/restyling.exenia.eu\/multimetrik\/#breadcrumb","itemListElement":[{"@type":"ListItem","position":1,"name":"Home","item":"https:\/\/restyling.exenia.eu\/"},{"@type":"ListItem","position":2,"name":"Multimetrik"}]},{"@type":"WebSite","@id":"https:\/\/restyling.exenia.eu\/#website","url":"https:\/\/restyling.exenia.eu\/","name":"Exenia","description":"","publisher":{"@id":"https:\/\/restyling.exenia.eu\/#organization"},"potentialAction":[{"@type":"SearchAction","target":{"@type":"EntryPoint","urlTemplate":"https:\/\/restyling.exenia.eu\/?s={search_term_string}"},"query-input":{"@type":"PropertyValueSpecification","valueRequired":true,"valueName":"search_term_string"}}],"inLanguage":"es"},{"@type":"Organization","@id":"https:\/\/restyling.exenia.eu\/#organization","name":"Exenia","url":"https:\/\/restyling.exenia.eu\/","logo":{"@type":"ImageObject","inLanguage":"es","@id":"https:\/\/restyling.exenia.eu\/#\/schema\/logo\/image\/","url":"https:\/\/restyling.exenia.eu\/wp-content\/uploads\/2022\/09\/logo_exenia-e1678467519405.png","contentUrl":"https:\/\/restyling.exenia.eu\/wp-content\/uploads\/2022\/09\/logo_exenia-e1678467519405.png","width":600,"height":194,"caption":"Exenia"},"image":{"@id":"https:\/\/restyling.exenia.eu\/#\/schema\/logo\/image\/"},"sameAs":["https:\/\/www.facebook.com\/exenialighting","https:\/\/x.com\/ExeniaLighting"]}]}},"_links":{"self":[{"href":"https:\/\/restyling.exenia.eu\/es\/wp-json\/wp\/v2\/pages\/70577","targetHints":{"allow":["GET"]}}],"collection":[{"href":"https:\/\/restyling.exenia.eu\/es\/wp-json\/wp\/v2\/pages"}],"about":[{"href":"https:\/\/restyling.exenia.eu\/es\/wp-json\/wp\/v2\/types\/page"}],"author":[{"embeddable":true,"href":"https:\/\/restyling.exenia.eu\/es\/wp-json\/wp\/v2\/users\/3"}],"replies":[{"embeddable":true,"href":"https:\/\/restyling.exenia.eu\/es\/wp-json\/wp\/v2\/comments?post=70577"}],"version-history":[{"count":0,"href":"https:\/\/restyling.exenia.eu\/es\/wp-json\/wp\/v2\/pages\/70577\/revisions"}],"wp:featuredmedia":[{"embeddable":true,"href":"https:\/\/restyling.exenia.eu\/es\/wp-json\/wp\/v2\/media\/72107"}],"wp:attachment":[{"href":"https:\/\/restyling.exenia.eu\/es\/wp-json\/wp\/v2\/media?parent=70577"}],"curies":[{"name":"wp","href":"https:\/\/api.w.org\/{rel}","templated":true}]}}