{"id":17896,"date":"2023-11-21T09:57:17","date_gmt":"2023-11-21T08:57:17","guid":{"rendered":"https:\/\/www.exenia.eu\/?post_type=product&#038;p=17896"},"modified":"2024-11-13T10:12:49","modified_gmt":"2024-11-13T09:12:49","slug":"io-plafon","status":"publish","type":"product","link":"https:\/\/restyling.exenia.eu\/es\/producto\/io-plafon\/","title":{"rendered":"IO Plaf\u00f3n"},"content":{"rendered":"<p>Plaf\u00f3n para l\u00e1mparas LED con pantalla difusora de metacrilato opalino (PMMA). Cuerpo de metal esmaltado o en acabado de acero corten. Convertible en luminaria de suspensi\u00f3n de luz directa o directa\/indirecta mediante kits espec\u00edficos que deben pedirse por separado. Fuentes de alimentaci\u00f3n integradas 220\/240V &#8211; 50\/60Hz.<\/p>\n","protected":false},"excerpt":{"rendered":"<p>Plaf\u00f3n para l\u00e1mparas LED con pantalla difusora de metacrilato opalino&#8230;<\/p>\n","protected":false},"featured_media":22894,"template":"","meta":{"_acf_changed":false},"product_brand":[],"product_cat":[2996],"product_tag":[7931,7932,7937,7943,7946],"categoria-admin-prodotto":[],"class_list":{"0":"post-17896","1":"product","2":"type-product","3":"status-publish","4":"has-post-thumbnail","6":"product_cat-io-led-suspensiones-y-techo","7":"product_tag-32540-es","8":"product_tag-32541-es","9":"product_tag-32542-es","10":"product_tag-32543-es","11":"product_tag-32545-es","12":"pa_cct-2700k-es","13":"pa_cct-3000k-es","14":"pa_cct-4000k-es","15":"pa_certificazione-conformita-ce-es","16":"pa_classe-f-si-es-2","17":"pa_cri-85-es","18":"pa_grado-ip-ip40-es","19":"pa_lifetime-l80b10-50-000-h-es","20":"pa_temperatura-di-esercizio-10-30-es","22":"first","23":"instock","24":"virtual","25":"purchasable","26":"product-type-composite"},"composite_virtual":false,"composite_layout":"single","composite_add_to_cart_form_location":"default","composite_editable_in_cart":false,"composite_sold_individually_context":"product","composite_shop_price_calc":"defaults","composite_components":[{"id":"1675351698","title":"Cuerpo de la luminaria","description":"","query_type":"product_ids","query_ids":[24628],"default_option_id":24628,"thumbnail_id":"","thumbnail_src":"","quantity_min":1,"quantity_max":1,"priced_individually":false,"shipped_individually":true,"optional":false,"discount":"","options_style":"radios","pagination_style":"classic","display_prices":"absolute","show_sorting_options":false,"show_filtering_options":false,"attribute_filter_ids":[],"product_title_visible":false,"product_descr_visible":false,"product_price_visible":false,"product_thumb_visible":false,"subtotal_visible_product":false,"subtotal_visible_cart":false,"subtotal_visible_orders":false},{"id":"1675351699","title":"Versi\u00f3n","description":"","query_type":"product_ids","query_ids":[24632,24636,24640,24646,24650],"default_option_id":"","thumbnail_id":"","thumbnail_src":"","quantity_min":1,"quantity_max":1,"priced_individually":false,"shipped_individually":true,"optional":true,"discount":"","options_style":"radios","pagination_style":"classic","display_prices":"absolute","show_sorting_options":false,"show_filtering_options":false,"attribute_filter_ids":[],"product_title_visible":false,"product_descr_visible":false,"product_price_visible":false,"product_thumb_visible":false,"subtotal_visible_product":false,"subtotal_visible_cart":false,"subtotal_visible_orders":false},{"id":"1675351700","title":"Controlar","description":"","query_type":"product_ids","query_ids":[21537,24655,21541,21543,21544,51160,21546,21547],"default_option_id":"","thumbnail_id":"","thumbnail_src":"","quantity_min":1,"quantity_max":1,"priced_individually":false,"shipped_individually":true,"optional":true,"discount":"","options_style":"radios","pagination_style":"classic","display_prices":"absolute","show_sorting_options":false,"show_filtering_options":false,"attribute_filter_ids":[],"product_title_visible":false,"product_descr_visible":false,"product_price_visible":false,"product_thumb_visible":false,"subtotal_visible_product":false,"subtotal_visible_cart":false,"subtotal_visible_orders":false},{"id":"1675351701","title":"Acabado","description":"","query_type":"product_ids","query_ids":[21805,21808,21813,21817],"default_option_id":"","thumbnail_id":"","thumbnail_src":"","quantity_min":1,"quantity_max":1,"priced_individually":false,"shipped_individually":true,"optional":true,"discount":"","options_style":"radios","pagination_style":"classic","display_prices":"absolute","show_sorting_options":false,"show_filtering_options":false,"attribute_filter_ids":[],"product_title_visible":false,"product_descr_visible":false,"product_price_visible":false,"product_thumb_visible":false,"subtotal_visible_product":false,"subtotal_visible_cart":false,"subtotal_visible_orders":false},{"id":"1675351702","title":"CRI-CCT","description":"","query_type":"product_ids","query_ids":[21737,21745,21738],"default_option_id":"","thumbnail_id":"","thumbnail_src":"","quantity_min":1,"quantity_max":1,"priced_individually":false,"shipped_individually":true,"optional":true,"discount":"","options_style":"radios","pagination_style":"classic","display_prices":"absolute","show_sorting_options":false,"show_filtering_options":false,"attribute_filter_ids":[],"product_title_visible":false,"product_descr_visible":false,"product_price_visible":false,"product_thumb_visible":false,"subtotal_visible_product":false,"subtotal_visible_cart":false,"subtotal_visible_orders":false},{"id":"1678729356","title":"Seleccionar para activar el difusor","description":"","query_type":"product_ids","query_ids":[7636],"default_option_id":"","thumbnail_id":"","thumbnail_src":"","quantity_min":1,"quantity_max":1,"priced_individually":false,"shipped_individually":true,"optional":true,"discount":"","options_style":"radios","pagination_style":"classic","display_prices":"absolute","show_sorting_options":false,"show_filtering_options":false,"attribute_filter_ids":[],"product_title_visible":false,"product_descr_visible":false,"product_price_visible":false,"product_thumb_visible":false,"subtotal_visible_product":false,"subtotal_visible_cart":false,"subtotal_visible_orders":false},{"id":"1678981078","title":"Accesorios","description":"","query_type":"product_ids","query_ids":[24660],"default_option_id":24660,"thumbnail_id":"","thumbnail_src":"","quantity_min":1,"quantity_max":1,"priced_individually":false,"shipped_individually":true,"optional":false,"discount":"","options_style":"radios","pagination_style":"classic","display_prices":"absolute","show_sorting_options":false,"show_filtering_options":false,"attribute_filter_ids":[],"product_title_visible":false,"product_descr_visible":true,"product_price_visible":false,"product_thumb_visible":true,"subtotal_visible_product":false,"subtotal_visible_cart":false,"subtotal_visible_orders":false}],"composite_scenarios":[{"id":"1675353635","name":"260","description":"","configuration":[{"component_id":"1675351699","options_modifier":"in","component_options":[24632]}],"actions":[{"action_id":"compat_group","is_active":false},{"action_id":"conditional_components","is_active":false,"hidden_components":[]},{"action_id":"conditional_options","is_active":true,"hidden_options":[{"component_id":"1675351700","component_options":[21547],"options_modifier":"in"},{"component_id":"1675351702","component_options":[21737],"options_modifier":"in"},{"component_id":"1678981078","component_options":[-1,46195],"options_modifier":"not-in"}]}],"enabled":true},{"id":"1675353636","name":"450","description":"","configuration":[{"component_id":"1675351699","options_modifier":"in","component_options":[24636]}],"actions":[{"action_id":"compat_group","is_active":false},{"action_id":"conditional_components","is_active":false,"hidden_components":[]},{"action_id":"conditional_options","is_active":true,"hidden_options":[{"component_id":"1675351700","component_options":[21547],"options_modifier":"in"},{"component_id":"1678981078","component_options":[-1,74816],"options_modifier":"not-in"}]}],"enabled":false},{"id":"1675353637","name":"550","description":"","configuration":[{"component_id":"1675351699","options_modifier":"in","component_options":[24640]}],"actions":[{"action_id":"compat_group","is_active":false},{"action_id":"conditional_components","is_active":false,"hidden_components":[]},{"action_id":"conditional_options","is_active":true,"hidden_options":[{"component_id":"1675351700","component_options":[21546],"options_modifier":"in"},{"component_id":"1678981078","component_options":[-1,46229],"options_modifier":"not-in"}]}],"enabled":true},{"id":"1675353638","name":"650","description":"","configuration":[{"component_id":"1675351699","options_modifier":"in","component_options":[24646]}],"actions":[{"action_id":"compat_group","is_active":false},{"action_id":"conditional_components","is_active":false,"hidden_components":[]},{"action_id":"conditional_options","is_active":true,"hidden_options":[{"component_id":"1675351700","component_options":[21546],"options_modifier":"in"},{"component_id":"1678981078","component_options":[-1,46221],"options_modifier":"not-in"}]}],"enabled":true},{"id":"1675353639","name":"950","description":"","configuration":[{"component_id":"1675351699","options_modifier":"in","component_options":[24650]}],"actions":[{"action_id":"compat_group","is_active":false},{"action_id":"conditional_components","is_active":false,"hidden_components":[]},{"action_id":"conditional_options","is_active":true,"hidden_options":[{"component_id":"1675351700","component_options":[21546],"options_modifier":"in"},{"component_id":"1678981078","component_options":[-1,46223],"options_modifier":"not-in"}]}],"enabled":true},{"id":"1675353640","name":"push 68","description":"","configuration":[{"component_id":"1675351700","options_modifier":"in","component_options":[21546]}],"actions":[{"action_id":"compat_group","is_active":false},{"action_id":"conditional_components","is_active":false,"hidden_components":[]},{"action_id":"conditional_options","is_active":true,"hidden_options":[{"component_id":"1675351699","component_options":[24640,24646,24650],"options_modifier":"in"}]}],"enabled":true},{"id":"1675353641","name":"push 69","description":"","configuration":[{"component_id":"1675351700","options_modifier":"in","component_options":[21547]}],"actions":[{"action_id":"compat_group","is_active":false},{"action_id":"conditional_components","is_active":false,"hidden_components":[]},{"action_id":"conditional_options","is_active":true,"hidden_options":[{"component_id":"1675351699","component_options":[24632,24636],"options_modifier":"in"}]}],"enabled":true},{"id":"1675353642","name":"cri85 2700","description":"","configuration":[{"component_id":"1675351702","options_modifier":"in","component_options":[21737]}],"actions":[{"action_id":"compat_group","is_active":false},{"action_id":"conditional_components","is_active":false,"hidden_components":[]},{"action_id":"conditional_options","is_active":true,"hidden_options":[{"component_id":"1675351699","component_options":[24632],"options_modifier":"in"}]}],"enabled":true},{"id":"1675353643","name":"acc","description":"","configuration":[{"component_id":"1678729356","options_modifier":"in","component_options":[-1]}],"actions":[{"action_id":"compat_group","is_active":false},{"action_id":"conditional_components","is_active":true,"hidden_components":["1678981078"]},{"action_id":"conditional_options","is_active":true,"hidden_options":[{"component_id":"1678981078","component_options":[-1],"options_modifier":"not-in"}]}],"enabled":true},{"id":"1731492283","name":"450","description":"","configuration":[{"component_id":"1675351699","options_modifier":"in","component_options":[24636]}],"actions":[{"action_id":"compat_group","is_active":false},{"action_id":"conditional_components","is_active":false,"hidden_components":[]},{"action_id":"conditional_options","is_active":true,"hidden_options":[{"component_id":"1675351700","component_options":[21547],"options_modifier":"in"},{"component_id":"1678981078","component_options":[-1,74816],"options_modifier":"not-in"}]}],"enabled":true}],"bundled_by":[],"bundle_stock_status":"instock","bundle_stock_quantity":null,"bundle_virtual":false,"bundle_layout":"","bundle_add_to_cart_form_location":"","bundle_editable_in_cart":false,"bundle_sold_individually_context":"","bundle_item_grouping":"","bundle_min_size":"","bundle_max_size":"","bundled_items":[],"bundle_sell_ids":[],"acf":[],"yoast_head":"<!-- This site is optimized with the Yoast SEO plugin v27.4 - https:\/\/yoast.com\/product\/yoast-seo-wordpress\/ -->\n<title>IO Plaf\u00f3n | Exenia<\/title>\n<meta name=\"robots\" content=\"noindex, follow, max-snippet:-1, max-image-preview:large, max-video-preview:-1\" \/>\n<meta property=\"og:locale\" content=\"es_ES\" \/>\n<meta property=\"og:type\" content=\"article\" \/>\n<meta property=\"og:title\" content=\"IO Plaf\u00f3n | Exenia\" \/>\n<meta property=\"og:description\" content=\"Plaf\u00f3n para l\u00e1mparas LED con pantalla difusora de metacrilato opalino...\" \/>\n<meta property=\"og:url\" content=\"https:\/\/restyling.exenia.eu\/es\/producto\/io-plafon\/\" \/>\n<meta property=\"og:site_name\" content=\"Exenia\" \/>\n<meta property=\"article:publisher\" content=\"https:\/\/www.facebook.com\/exenialighting\" \/>\n<meta property=\"article:modified_time\" content=\"2024-11-13T09:12:49+00:00\" \/>\n<meta property=\"og:image\" content=\"https:\/\/restyling.exenia.eu\/wp-content\/uploads\/2023\/01\/Io-plafone-prodotto.jpg\" \/>\n\t<meta property=\"og:image:width\" content=\"2000\" \/>\n\t<meta property=\"og:image:height\" content=\"1919\" \/>\n\t<meta property=\"og:image:type\" content=\"image\/jpeg\" \/>\n<!-- \/ Yoast SEO plugin. -->","yoast_head_json":{"title":"IO Plaf\u00f3n | Exenia","robots":{"index":"noindex","follow":"follow","max-snippet":"max-snippet:-1","max-image-preview":"max-image-preview:large","max-video-preview":"max-video-preview:-1"},"og_locale":"es_ES","og_type":"article","og_title":"IO Plaf\u00f3n | Exenia","og_description":"Plaf\u00f3n para l\u00e1mparas LED con pantalla difusora de metacrilato opalino...","og_url":"https:\/\/restyling.exenia.eu\/es\/producto\/io-plafon\/","og_site_name":"Exenia","article_publisher":"https:\/\/www.facebook.com\/exenialighting","article_modified_time":"2024-11-13T09:12:49+00:00","og_image":[{"width":2000,"height":1919,"url":"https:\/\/restyling.exenia.eu\/wp-content\/uploads\/2023\/01\/Io-plafone-prodotto.jpg","type":"image\/jpeg"}],"schema":{"@context":"https:\/\/schema.org","@graph":[{"@type":"WebPage","@id":"https:\/\/restyling.exenia.eu\/es\/producto\/io-plafon\/","url":"https:\/\/restyling.exenia.eu\/es\/producto\/io-plafon\/","name":"IO Plaf\u00f3n | Exenia","isPartOf":{"@id":"https:\/\/restyling.exenia.eu\/#website"},"primaryImageOfPage":{"@id":"https:\/\/restyling.exenia.eu\/es\/producto\/io-plafon\/#primaryimage"},"image":{"@id":"https:\/\/restyling.exenia.eu\/es\/producto\/io-plafon\/#primaryimage"},"thumbnailUrl":"https:\/\/restyling.exenia.eu\/wp-content\/uploads\/2023\/01\/Io-plafone-prodotto.jpg","datePublished":"2023-11-21T08:57:17+00:00","dateModified":"2024-11-13T09:12:49+00:00","breadcrumb":{"@id":"https:\/\/restyling.exenia.eu\/es\/producto\/io-plafon\/#breadcrumb"},"inLanguage":"es","potentialAction":[{"@type":"ReadAction","target":["https:\/\/restyling.exenia.eu\/es\/producto\/io-plafon\/"]}]},{"@type":"ImageObject","inLanguage":"es","@id":"https:\/\/restyling.exenia.eu\/es\/producto\/io-plafon\/#primaryimage","url":"https:\/\/restyling.exenia.eu\/wp-content\/uploads\/2023\/01\/Io-plafone-prodotto.jpg","contentUrl":"https:\/\/restyling.exenia.eu\/wp-content\/uploads\/2023\/01\/Io-plafone-prodotto.jpg","width":2000,"height":1919},{"@type":"BreadcrumbList","@id":"https:\/\/restyling.exenia.eu\/es\/producto\/io-plafon\/#breadcrumb","itemListElement":[{"@type":"ListItem","position":1,"name":"Home","item":"https:\/\/restyling.exenia.eu\/"},{"@type":"ListItem","position":2,"name":"Productos","item":"https:\/\/restyling.exenia.eu\/prodotti\/"},{"@type":"ListItem","position":3,"name":"Indoor","item":"https:\/\/restyling.exenia.eu\/es\/c\/indoor\/"},{"@type":"ListItem","position":4,"name":"Suspensiones y Techo","item":"https:\/\/restyling.exenia.eu\/es\/c\/indoor\/suspensiones-y-techo\/"},{"@type":"ListItem","position":5,"name":"IO","item":"https:\/\/restyling.exenia.eu\/c\/indoor\/apparecchi-a-sospensione-plafoniere\/io-apparecchi-a-sospensione-plafoniere\/"},{"@type":"ListItem","position":6,"name":"IO Plaf\u00f3n"}]},{"@type":"WebSite","@id":"https:\/\/restyling.exenia.eu\/#website","url":"https:\/\/restyling.exenia.eu\/","name":"Exenia","description":"","publisher":{"@id":"https:\/\/restyling.exenia.eu\/#organization"},"potentialAction":[{"@type":"SearchAction","target":{"@type":"EntryPoint","urlTemplate":"https:\/\/restyling.exenia.eu\/?s={search_term_string}"},"query-input":{"@type":"PropertyValueSpecification","valueRequired":true,"valueName":"search_term_string"}}],"inLanguage":"es"},{"@type":"Organization","@id":"https:\/\/restyling.exenia.eu\/#organization","name":"Exenia","url":"https:\/\/restyling.exenia.eu\/","logo":{"@type":"ImageObject","inLanguage":"es","@id":"https:\/\/restyling.exenia.eu\/#\/schema\/logo\/image\/","url":"https:\/\/restyling.exenia.eu\/wp-content\/uploads\/2022\/09\/logo_exenia-e1678467519405.png","contentUrl":"https:\/\/restyling.exenia.eu\/wp-content\/uploads\/2022\/09\/logo_exenia-e1678467519405.png","width":600,"height":194,"caption":"Exenia"},"image":{"@id":"https:\/\/restyling.exenia.eu\/#\/schema\/logo\/image\/"},"sameAs":["https:\/\/www.facebook.com\/exenialighting","https:\/\/x.com\/ExeniaLighting"]}]}},"_links":{"self":[{"href":"https:\/\/restyling.exenia.eu\/es\/wp-json\/wp\/v2\/product\/17896","targetHints":{"allow":["GET"]}}],"collection":[{"href":"https:\/\/restyling.exenia.eu\/es\/wp-json\/wp\/v2\/product"}],"about":[{"href":"https:\/\/restyling.exenia.eu\/es\/wp-json\/wp\/v2\/types\/product"}],"wp:featuredmedia":[{"embeddable":true,"href":"https:\/\/restyling.exenia.eu\/es\/wp-json\/wp\/v2\/media\/22894"}],"wp:attachment":[{"href":"https:\/\/restyling.exenia.eu\/es\/wp-json\/wp\/v2\/media?parent=17896"}],"wp:term":[{"taxonomy":"product_brand","embeddable":true,"href":"https:\/\/restyling.exenia.eu\/es\/wp-json\/wp\/v2\/product_brand?post=17896"},{"taxonomy":"product_cat","embeddable":true,"href":"https:\/\/restyling.exenia.eu\/es\/wp-json\/wp\/v2\/product_cat?post=17896"},{"taxonomy":"product_tag","embeddable":true,"href":"https:\/\/restyling.exenia.eu\/es\/wp-json\/wp\/v2\/product_tag?post=17896"},{"taxonomy":"categoria-admin-prodotto","embeddable":true,"href":"https:\/\/restyling.exenia.eu\/es\/wp-json\/wp\/v2\/categoria-admin-prodotto?post=17896"}],"curies":[{"name":"wp","href":"https:\/\/api.w.org\/{rel}","templated":true}]}}