{"id":17913,"date":"2022-11-24T09:50:58","date_gmt":"2022-11-24T08:50:58","guid":{"rendered":"https:\/\/www.exenia.eu\/prodotto\/nio-fisso-downlight\/"},"modified":"2023-06-13T14:43:38","modified_gmt":"2023-06-13T12:43:38","slug":"nio-fijo","status":"publish","type":"product","link":"https:\/\/restyling.exenia.eu\/es\/producto\/nio-fijo\/","title":{"rendered":"Nio Fijo"},"content":{"rendered":"<p>L\u00e1mpara empotrada fija de LED adecuada para un espesor de techo de hasta 20 mm. Gracias a un cierre trasero, la carcasa que se coloca en la parte superior de este aparato no es visible cuando se saca el NIO. Esta caracter\u00edstica proporciona a esta luminaria un contorno suave sin opacar la forma en que se regula el NIO. El NIO fijo es el \u00faltimo art\u00edculo de esta gama que ha mejorado en mayor medida. Todos los downlights NIO tienen un anillo de color como parte del conjunto \u00f3ptico. Este anillo est\u00e1 disponible en muchos acabados y le da a las luminarias un toque crom\u00e1tico. Hay tres \u00e1ngulos de haz di?erente disponibles para esta familia de productos que se alimenta de controladores remotos para el funcionamiento On-O? o regulable, dependiendo de la selecci\u00f3n: DALI, PUSH\/1-10V y CORTE DE FASE. Un accesorio para ser acoplado a la fuente de alimentaci\u00f3n DALI para un sistema de control Bluetooth a trav\u00e9s de un Smartphone App que puede ser comprado por separado.<\/p>\n","protected":false},"excerpt":{"rendered":"<p>L\u00e1mpara empotrada fija de LED adecuada para un espesor de&#8230;<\/p>\n","protected":false},"featured_media":11793,"template":"","meta":{"_acf_changed":false},"product_brand":[],"product_cat":[3815],"product_tag":[8466,8470],"categoria-admin-prodotto":[],"class_list":{"0":"post-17913","1":"product","2":"type-product","3":"status-publish","4":"has-post-thumbnail","6":"product_cat-nio-es","7":"product_tag-6028057-es","8":"product_tag-6028056-es","9":"pa_cct-2700k-es","10":"pa_cct-3000k-es","11":"pa_cct-4000k-es","12":"pa_certificazione-conformita-ce-es","13":"pa_classe-f-si-es-2","14":"pa_cri-85-es","15":"pa_cri-95-es","16":"pa_grado-ip-ip20-es","17":"pa_lifetime-l80b10-90-000-h-es","18":"pa_temperatura-di-esercizio-10-30-es","20":"first","21":"instock","22":"purchasable","23":"product-type-composite"},"composite_virtual":false,"composite_layout":"single","composite_add_to_cart_form_location":"default","composite_editable_in_cart":false,"composite_sold_individually_context":"product","composite_shop_price_calc":"defaults","composite_components":[{"id":"1670855960","title":"Cuerpo de la luminaria","description":"","query_type":"product_ids","query_ids":[21671],"default_option_id":21671,"thumbnail_id":"","thumbnail_src":"","quantity_min":1,"quantity_max":1,"priced_individually":false,"shipped_individually":false,"optional":false,"discount":"","options_style":"radios","pagination_style":"classic","display_prices":"absolute","show_sorting_options":false,"show_filtering_options":false,"attribute_filter_ids":[],"product_title_visible":false,"product_descr_visible":false,"product_price_visible":false,"product_thumb_visible":false,"subtotal_visible_product":false,"subtotal_visible_cart":false,"subtotal_visible_orders":false},{"id":"1670855961","title":"Versi\u00f3n","description":"","query_type":"product_ids","query_ids":[13698],"default_option_id":13698,"thumbnail_id":"","thumbnail_src":"","quantity_min":1,"quantity_max":1,"priced_individually":false,"shipped_individually":false,"optional":false,"discount":"","options_style":"radios","pagination_style":"classic","display_prices":"absolute","show_sorting_options":false,"show_filtering_options":false,"attribute_filter_ids":[],"product_title_visible":false,"product_descr_visible":false,"product_price_visible":false,"product_thumb_visible":false,"subtotal_visible_product":false,"subtotal_visible_cart":false,"subtotal_visible_orders":false},{"id":"1670855962","title":"Potencia","description":"","query_type":"product_ids","query_ids":[13685,13671,13668,13665],"default_option_id":"","thumbnail_id":"","thumbnail_src":"","quantity_min":1,"quantity_max":1,"priced_individually":false,"shipped_individually":false,"optional":true,"discount":"","options_style":"radios","pagination_style":"classic","display_prices":"absolute","show_sorting_options":false,"show_filtering_options":false,"attribute_filter_ids":[],"product_title_visible":false,"product_descr_visible":false,"product_price_visible":false,"product_thumb_visible":false,"subtotal_visible_product":false,"subtotal_visible_cart":false,"subtotal_visible_orders":false},{"id":"1670855963","title":"Acabado","description":"","query_type":"product_ids","query_ids":[21836,21837],"default_option_id":"","thumbnail_id":"","thumbnail_src":"","quantity_min":1,"quantity_max":1,"priced_individually":false,"shipped_individually":false,"optional":true,"discount":"","options_style":"radios","pagination_style":"classic","display_prices":"absolute","show_sorting_options":false,"show_filtering_options":false,"attribute_filter_ids":[],"product_title_visible":false,"product_descr_visible":false,"product_price_visible":false,"product_thumb_visible":false,"subtotal_visible_product":false,"subtotal_visible_cart":false,"subtotal_visible_orders":false},{"id":"1670857429","title":"CRI-CCT","description":"","query_type":"product_ids","query_ids":[21745,21739,21740,21741],"default_option_id":"","thumbnail_id":"","thumbnail_src":"","quantity_min":1,"quantity_max":1,"priced_individually":false,"shipped_individually":false,"optional":true,"discount":"","options_style":"radios","pagination_style":"classic","display_prices":"absolute","show_sorting_options":false,"show_filtering_options":false,"attribute_filter_ids":[],"product_title_visible":false,"product_descr_visible":false,"product_price_visible":false,"product_thumb_visible":false,"subtotal_visible_product":false,"subtotal_visible_cart":false,"subtotal_visible_orders":false},{"id":"1670857430","title":"Pedir por separado","description":"","query_type":"product_ids","query_ids":[7636],"default_option_id":7636,"thumbnail_id":"","thumbnail_src":"","quantity_min":1,"quantity_max":1,"priced_individually":false,"shipped_individually":false,"optional":false,"discount":"","options_style":"radios","pagination_style":"classic","display_prices":"absolute","show_sorting_options":false,"show_filtering_options":false,"attribute_filter_ids":[],"product_title_visible":false,"product_descr_visible":false,"product_price_visible":false,"product_thumb_visible":false,"subtotal_visible_product":false,"subtotal_visible_cart":false,"subtotal_visible_orders":false},{"id":"1670857431","title":"Accesorios \u00f3pticos primarios","description":"","query_type":"product_ids","query_ids":[21300],"default_option_id":21300,"thumbnail_id":"","thumbnail_src":"","quantity_min":1,"quantity_max":1,"priced_individually":false,"shipped_individually":false,"optional":false,"discount":"","options_style":"radios","pagination_style":"classic","display_prices":"absolute","show_sorting_options":false,"show_filtering_options":false,"attribute_filter_ids":[],"product_title_visible":false,"product_descr_visible":false,"product_price_visible":false,"product_thumb_visible":false,"subtotal_visible_product":false,"subtotal_visible_cart":false,"subtotal_visible_orders":false},{"id":"1670857432","title":"Acabado del anillo","description":"","query_type":"product_ids","query_ids":[21798,21799,21800,21802,21805,21808,21817],"default_option_id":"","thumbnail_id":"","thumbnail_src":"","quantity_min":1,"quantity_max":1,"priced_individually":false,"shipped_individually":false,"optional":true,"discount":"","options_style":"radios","pagination_style":"classic","display_prices":"absolute","show_sorting_options":false,"show_filtering_options":false,"attribute_filter_ids":[],"product_title_visible":false,"product_descr_visible":false,"product_price_visible":false,"product_thumb_visible":false,"subtotal_visible_product":false,"subtotal_visible_cart":false,"subtotal_visible_orders":false},{"id":"1670857433","title":"\u00d3ptica","description":"","query_type":"product_ids","query_ids":[21920,21909,21927,21918,21913,21926],"default_option_id":"","thumbnail_id":"","thumbnail_src":"","quantity_min":1,"quantity_max":1,"priced_individually":false,"shipped_individually":false,"optional":true,"discount":"","options_style":"radios","pagination_style":"classic","display_prices":"absolute","show_sorting_options":false,"show_filtering_options":false,"attribute_filter_ids":[],"product_title_visible":false,"product_descr_visible":false,"product_price_visible":false,"product_thumb_visible":false,"subtotal_visible_product":false,"subtotal_visible_cart":false,"subtotal_visible_orders":false},{"id":"1676026828","title":" ","description":"","query_type":"product_ids","query_ids":[7636],"default_option_id":7636,"thumbnail_id":"","thumbnail_src":"","quantity_min":1,"quantity_max":1,"priced_individually":false,"shipped_individually":false,"optional":false,"discount":"","options_style":"radios","pagination_style":"classic","display_prices":"absolute","show_sorting_options":false,"show_filtering_options":false,"attribute_filter_ids":[],"product_title_visible":false,"product_descr_visible":false,"product_price_visible":false,"product_thumb_visible":false,"subtotal_visible_product":false,"subtotal_visible_cart":false,"subtotal_visible_orders":false},{"id":"1676026829","title":"Alimentaci\u00f3n","description":"","query_type":"product_ids","query_ids":[40447],"default_option_id":40447,"thumbnail_id":"","thumbnail_src":"","quantity_min":1,"quantity_max":1,"priced_individually":false,"shipped_individually":false,"optional":false,"discount":"","options_style":"radios","pagination_style":"classic","display_prices":"absolute","show_sorting_options":false,"show_filtering_options":false,"attribute_filter_ids":[],"product_title_visible":false,"product_descr_visible":false,"product_price_visible":false,"product_thumb_visible":true,"subtotal_visible_product":false,"subtotal_visible_cart":false,"subtotal_visible_orders":false},{"id":"1676026830","title":"700mA","description":"","query_type":"product_ids","query_ids":[40424],"default_option_id":40424,"thumbnail_id":"","thumbnail_src":"","quantity_min":1,"quantity_max":1,"priced_individually":false,"shipped_individually":false,"optional":false,"discount":"","options_style":"radios","pagination_style":"classic","display_prices":"absolute","show_sorting_options":false,"show_filtering_options":false,"attribute_filter_ids":[],"product_title_visible":false,"product_descr_visible":false,"product_price_visible":false,"product_thumb_visible":true,"subtotal_visible_product":false,"subtotal_visible_cart":false,"subtotal_visible_orders":false},{"id":"1676026831","title":"900mA","description":"","query_type":"product_ids","query_ids":[40414],"default_option_id":40414,"thumbnail_id":"","thumbnail_src":"","quantity_min":1,"quantity_max":1,"priced_individually":false,"shipped_individually":false,"optional":false,"discount":"","options_style":"radios","pagination_style":"classic","display_prices":"absolute","show_sorting_options":false,"show_filtering_options":false,"attribute_filter_ids":[],"product_title_visible":false,"product_descr_visible":false,"product_price_visible":false,"product_thumb_visible":true,"subtotal_visible_product":false,"subtotal_visible_cart":false,"subtotal_visible_orders":false},{"id":"1676026832","title":"1050mA","description":"","query_type":"product_ids","query_ids":[40402],"default_option_id":40402,"thumbnail_id":"","thumbnail_src":"","quantity_min":1,"quantity_max":1,"priced_individually":false,"shipped_individually":false,"optional":false,"discount":"","options_style":"radios","pagination_style":"classic","display_prices":"absolute","show_sorting_options":false,"show_filtering_options":false,"attribute_filter_ids":[],"product_title_visible":false,"product_descr_visible":false,"product_price_visible":false,"product_thumb_visible":true,"subtotal_visible_product":false,"subtotal_visible_cart":false,"subtotal_visible_orders":false},{"id":"1675698983","title":"Accesorios secundarios","description":"","query_type":"product_ids","query_ids":[40981],"default_option_id":40981,"thumbnail_id":"","thumbnail_src":"","quantity_min":1,"quantity_max":1,"priced_individually":false,"shipped_individually":false,"optional":false,"discount":"","options_style":"radios","pagination_style":"classic","display_prices":"absolute","show_sorting_options":false,"show_filtering_options":false,"attribute_filter_ids":[],"product_title_visible":false,"product_descr_visible":true,"product_price_visible":false,"product_thumb_visible":false,"subtotal_visible_product":false,"subtotal_visible_cart":false,"subtotal_visible_orders":false}],"composite_scenarios":[{"id":"1670857528","name":"18\/26w","description":"","configuration":[{"component_id":"1670855962","options_modifier":"in","component_options":[13685,13671]}],"actions":[{"action_id":"compat_group","is_active":false},{"action_id":"conditional_components","is_active":false,"hidden_components":[]},{"action_id":"conditional_options","is_active":true,"hidden_options":[{"component_id":"1670857433","component_options":[21921,21908,21929,21918,21913,21926],"options_modifier":"in"}]}],"enabled":true},{"id":"1670857529","name":"33\/40w","description":"","configuration":[{"component_id":"1670855962","options_modifier":"in","component_options":[13668,13665]}],"actions":[{"action_id":"compat_group","is_active":false},{"action_id":"conditional_components","is_active":false,"hidden_components":[]},{"action_id":"conditional_options","is_active":true,"hidden_options":[{"component_id":"1670857433","component_options":[21920,21909,21927],"options_modifier":"in"}]}],"enabled":true},{"id":"1670857530","name":"ottica x 18\/26w","description":"","configuration":[{"component_id":"1670857433","options_modifier":"in","component_options":[21920,21909,21927]}],"actions":[{"action_id":"compat_group","is_active":false},{"action_id":"conditional_components","is_active":false,"hidden_components":[]},{"action_id":"conditional_options","is_active":true,"hidden_options":[{"component_id":"1670855962","component_options":[13668,13665],"options_modifier":"in"}]}],"enabled":true},{"id":"1670857531","name":"ottica x 33\/40w","description":"","configuration":[{"component_id":"1670857433","options_modifier":"in","component_options":[21918,21913,21926]}],"actions":[{"action_id":"compat_group","is_active":false},{"action_id":"conditional_components","is_active":false,"hidden_components":[]},{"action_id":"conditional_options","is_active":true,"hidden_options":[{"component_id":"1670855962","component_options":[13685,13671],"options_modifier":"in"}]}],"enabled":true},{"id":"1676027106","name":"no driver no selection","description":"","configuration":[{"component_id":"1670855962","options_modifier":"in","component_options":[-1]}],"actions":[{"action_id":"compat_group","is_active":false},{"action_id":"conditional_components","is_active":true,"hidden_components":["1676026829","1676026830","1676026831","1676026832"]},{"action_id":"conditional_options","is_active":true,"hidden_options":[{"component_id":"1676026829","component_options":[-1],"options_modifier":"not-in"},{"component_id":"1676026830","component_options":[-1],"options_modifier":"not-in"},{"component_id":"1676026831","component_options":[-1],"options_modifier":"not-in"},{"component_id":"1676026832","component_options":[-1],"options_modifier":"not-in"}]}],"enabled":true},{"id":"1676027107","name":"500ma","description":"","configuration":[{"component_id":"1670855962","options_modifier":"in","component_options":[13685]}],"actions":[{"action_id":"compat_group","is_active":false},{"action_id":"conditional_components","is_active":true,"hidden_components":["1676026830","1676026831","1676026832"]},{"action_id":"conditional_options","is_active":true,"hidden_options":[{"component_id":"1676026829","component_options":[-1,40453,40456,40458,40459,40460,40461,40462,40464],"options_modifier":"not-in"},{"component_id":"1676026830","component_options":[-1],"options_modifier":"not-in"},{"component_id":"1676026831","component_options":[-1],"options_modifier":"not-in"},{"component_id":"1676026832","component_options":[-1],"options_modifier":"not-in"}]}],"enabled":true},{"id":"1676027108","name":"700ma","description":"","configuration":[{"component_id":"1670855962","options_modifier":"in","component_options":[13671]}],"actions":[{"action_id":"compat_group","is_active":false},{"action_id":"conditional_components","is_active":true,"hidden_components":["1676026829","1676026831","1676026832"]},{"action_id":"conditional_options","is_active":true,"hidden_options":[{"component_id":"1676026829","component_options":[-1],"options_modifier":"not-in"},{"component_id":"1676026830","component_options":[-1,75348,75349,40431,40432,40435],"options_modifier":"not-in"},{"component_id":"1676026831","component_options":[-1],"options_modifier":"not-in"},{"component_id":"1676026832","component_options":[-1],"options_modifier":"not-in"}]}],"enabled":true},{"id":"1676027109","name":"900ma","description":"","configuration":[{"component_id":"1670855962","options_modifier":"in","component_options":[13668]}],"actions":[{"action_id":"compat_group","is_active":false},{"action_id":"conditional_components","is_active":true,"hidden_components":["1676026829","1676026830","1676026832"]},{"action_id":"conditional_options","is_active":true,"hidden_options":[{"component_id":"1676026829","component_options":[-1],"options_modifier":"not-in"},{"component_id":"1676026830","component_options":[-1],"options_modifier":"not-in"},{"component_id":"1676026831","component_options":[-1,40416,40420,40423],"options_modifier":"not-in"},{"component_id":"1676026832","component_options":[-1],"options_modifier":"not-in"}]}],"enabled":true},{"id":"1676027110","name":"1050ma","description":"","configuration":[{"component_id":"1670855962","options_modifier":"in","component_options":[13665]}],"actions":[{"action_id":"compat_group","is_active":false},{"action_id":"conditional_components","is_active":true,"hidden_components":["1676026829","1676026830","1676026831"]},{"action_id":"conditional_options","is_active":true,"hidden_options":[{"component_id":"1676026829","component_options":[-1],"options_modifier":"not-in"},{"component_id":"1676026830","component_options":[-1],"options_modifier":"not-in"},{"component_id":"1676026831","component_options":[-1],"options_modifier":"not-in"},{"component_id":"1676026832","component_options":[-1,40408,40410,40413],"options_modifier":"not-in"}]}],"enabled":true}],"bundled_by":[],"bundle_stock_status":"instock","bundle_stock_quantity":null,"bundle_virtual":false,"bundle_layout":"","bundle_add_to_cart_form_location":"","bundle_editable_in_cart":false,"bundle_sold_individually_context":"","bundle_item_grouping":"","bundle_min_size":"","bundle_max_size":"","bundled_items":[],"bundle_sell_ids":[],"acf":[],"yoast_head":"<!-- This site is optimized with the Yoast SEO plugin v27.5 - https:\/\/yoast.com\/product\/yoast-seo-wordpress\/ -->\n<title>Nio Fijo | Exenia<\/title>\n<meta name=\"robots\" content=\"noindex, follow, max-snippet:-1, max-image-preview:large, max-video-preview:-1\" \/>\n<meta property=\"og:locale\" content=\"es_ES\" \/>\n<meta property=\"og:type\" content=\"article\" \/>\n<meta property=\"og:title\" content=\"Nio Fijo | Exenia\" \/>\n<meta property=\"og:description\" content=\"L\u00e1mpara empotrada fija de LED adecuada para un espesor de...\" \/>\n<meta property=\"og:url\" content=\"https:\/\/restyling.exenia.eu\/prodotto\/nio-fisso-downlight\/\" \/>\n<meta property=\"og:site_name\" content=\"Exenia\" \/>\n<meta property=\"article:publisher\" content=\"https:\/\/www.facebook.com\/exenialighting\" \/>\n<meta property=\"article:modified_time\" content=\"2023-06-13T12:43:38+00:00\" \/>\n<meta property=\"og:image\" content=\"https:\/\/restyling.exenia.eu\/wp-content\/uploads\/2023\/01\/Nio-fisso-prodotto.jpg\" \/>\n\t<meta property=\"og:image:width\" content=\"2000\" \/>\n\t<meta property=\"og:image:height\" content=\"1919\" \/>\n\t<meta property=\"og:image:type\" content=\"image\/jpeg\" \/>\n<!-- \/ Yoast SEO plugin. -->","yoast_head_json":{"title":"Nio Fijo | Exenia","robots":{"index":"noindex","follow":"follow","max-snippet":"max-snippet:-1","max-image-preview":"max-image-preview:large","max-video-preview":"max-video-preview:-1"},"og_locale":"es_ES","og_type":"article","og_title":"Nio Fijo | Exenia","og_description":"L\u00e1mpara empotrada fija de LED adecuada para un espesor de...","og_url":"https:\/\/restyling.exenia.eu\/prodotto\/nio-fisso-downlight\/","og_site_name":"Exenia","article_publisher":"https:\/\/www.facebook.com\/exenialighting","article_modified_time":"2023-06-13T12:43:38+00:00","og_image":[{"width":2000,"height":1919,"url":"https:\/\/restyling.exenia.eu\/wp-content\/uploads\/2023\/01\/Nio-fisso-prodotto.jpg","type":"image\/jpeg"}],"schema":{"@context":"https:\/\/schema.org","@graph":[{"@type":"WebPage","@id":"https:\/\/restyling.exenia.eu\/prodotto\/nio-fisso-downlight\/","url":"https:\/\/restyling.exenia.eu\/prodotto\/nio-fisso-downlight\/","name":"Nio Fijo | Exenia","isPartOf":{"@id":"https:\/\/restyling.exenia.eu\/#website"},"primaryImageOfPage":{"@id":"https:\/\/restyling.exenia.eu\/prodotto\/nio-fisso-downlight\/#primaryimage"},"image":{"@id":"https:\/\/restyling.exenia.eu\/prodotto\/nio-fisso-downlight\/#primaryimage"},"thumbnailUrl":"https:\/\/restyling.exenia.eu\/wp-content\/uploads\/2023\/01\/Nio-fisso-prodotto.jpg","datePublished":"2022-11-24T08:50:58+00:00","dateModified":"2023-06-13T12:43:38+00:00","breadcrumb":{"@id":"https:\/\/restyling.exenia.eu\/prodotto\/nio-fisso-downlight\/#breadcrumb"},"inLanguage":"es","potentialAction":[{"@type":"ReadAction","target":["https:\/\/restyling.exenia.eu\/prodotto\/nio-fisso-downlight\/"]}]},{"@type":"ImageObject","inLanguage":"es","@id":"https:\/\/restyling.exenia.eu\/prodotto\/nio-fisso-downlight\/#primaryimage","url":"https:\/\/restyling.exenia.eu\/wp-content\/uploads\/2023\/01\/Nio-fisso-prodotto.jpg","contentUrl":"https:\/\/restyling.exenia.eu\/wp-content\/uploads\/2023\/01\/Nio-fisso-prodotto.jpg","width":2000,"height":1919},{"@type":"BreadcrumbList","@id":"https:\/\/restyling.exenia.eu\/prodotto\/nio-fisso-downlight\/#breadcrumb","itemListElement":[{"@type":"ListItem","position":1,"name":"Home","item":"https:\/\/restyling.exenia.eu\/"},{"@type":"ListItem","position":2,"name":"Productos","item":"https:\/\/restyling.exenia.eu\/prodotti\/"},{"@type":"ListItem","position":3,"name":"Indoor","item":"https:\/\/restyling.exenia.eu\/c\/indoor\/"},{"@type":"ListItem","position":4,"name":"Apparecchi ad incasso","item":"https:\/\/restyling.exenia.eu\/c\/indoor\/apparecchi-ad-incasso\/"},{"@type":"ListItem","position":5,"name":"Nio","item":"https:\/\/restyling.exenia.eu\/c\/indoor\/apparecchi-ad-incasso\/nio\/"},{"@type":"ListItem","position":6,"name":"Nio Fijo"}]},{"@type":"WebSite","@id":"https:\/\/restyling.exenia.eu\/#website","url":"https:\/\/restyling.exenia.eu\/","name":"Exenia","description":"","publisher":{"@id":"https:\/\/restyling.exenia.eu\/#organization"},"potentialAction":[{"@type":"SearchAction","target":{"@type":"EntryPoint","urlTemplate":"https:\/\/restyling.exenia.eu\/?s={search_term_string}"},"query-input":{"@type":"PropertyValueSpecification","valueRequired":true,"valueName":"search_term_string"}}],"inLanguage":"es"},{"@type":"Organization","@id":"https:\/\/restyling.exenia.eu\/#organization","name":"Exenia","url":"https:\/\/restyling.exenia.eu\/","logo":{"@type":"ImageObject","inLanguage":"es","@id":"https:\/\/restyling.exenia.eu\/#\/schema\/logo\/image\/","url":"https:\/\/restyling.exenia.eu\/wp-content\/uploads\/2022\/09\/logo_exenia-e1678467519405.png","contentUrl":"https:\/\/restyling.exenia.eu\/wp-content\/uploads\/2022\/09\/logo_exenia-e1678467519405.png","width":600,"height":194,"caption":"Exenia"},"image":{"@id":"https:\/\/restyling.exenia.eu\/#\/schema\/logo\/image\/"},"sameAs":["https:\/\/www.facebook.com\/exenialighting","https:\/\/x.com\/ExeniaLighting"]}]}},"_links":{"self":[{"href":"https:\/\/restyling.exenia.eu\/es\/wp-json\/wp\/v2\/product\/17913","targetHints":{"allow":["GET"]}}],"collection":[{"href":"https:\/\/restyling.exenia.eu\/es\/wp-json\/wp\/v2\/product"}],"about":[{"href":"https:\/\/restyling.exenia.eu\/es\/wp-json\/wp\/v2\/types\/product"}],"wp:featuredmedia":[{"embeddable":true,"href":"https:\/\/restyling.exenia.eu\/es\/wp-json\/wp\/v2\/media\/11793"}],"wp:attachment":[{"href":"https:\/\/restyling.exenia.eu\/es\/wp-json\/wp\/v2\/media?parent=17913"}],"wp:term":[{"taxonomy":"product_brand","embeddable":true,"href":"https:\/\/restyling.exenia.eu\/es\/wp-json\/wp\/v2\/product_brand?post=17913"},{"taxonomy":"product_cat","embeddable":true,"href":"https:\/\/restyling.exenia.eu\/es\/wp-json\/wp\/v2\/product_cat?post=17913"},{"taxonomy":"product_tag","embeddable":true,"href":"https:\/\/restyling.exenia.eu\/es\/wp-json\/wp\/v2\/product_tag?post=17913"},{"taxonomy":"categoria-admin-prodotto","embeddable":true,"href":"https:\/\/restyling.exenia.eu\/es\/wp-json\/wp\/v2\/categoria-admin-prodotto?post=17913"}],"curies":[{"name":"wp","href":"https:\/\/api.w.org\/{rel}","templated":true}]}}