{"id":26968,"date":"2022-11-24T09:50:41","date_gmt":"2022-11-24T08:50:41","guid":{"rendered":"https:\/\/www.exenia.eu\/prodotto\/museo-radius-nano-base-2\/"},"modified":"2023-07-14T15:44:08","modified_gmt":"2023-07-14T13:44:08","slug":"museo-radius-nano-base","status":"publish","type":"product","link":"https:\/\/restyling.exenia.eu\/es\/producto\/museo-radius-nano-base\/","title":{"rendered":"Museo Radius Nano Base"},"content":{"rendered":"<p>El proyector Museo Radius Nano es un proyector LED de alta especificaci\u00f3n, equipado con una caja de montaje en base y un brazo con dos puntos de ajuste, lo que permite instalar esta luminaria f\u00e1cilmente en cornisas. La \u00faltima generaci\u00f3n de placas LED de Lumenpulse posee una receta optimizada de candelas y l\u00famenes tanto para \u00f3pticas estrechas como anchas. La Museo Radius Nano puede configurarse con una selecci\u00f3n de temperaturas de color, \u00f3pticas que incluyen VN (6\u00b0), NS (13\u00b0), M (25\u00b0) y FL (40\u00b0), y una pl\u00e9tora de accesorios intercambiables, lo que hace de esta luminaria una herramienta vers\u00e1til para iluminar todas las estructuras hist\u00f3ricas y culturales.<\/p>\n<p>&nbsp;<\/p>\n","protected":false},"excerpt":{"rendered":"<p>El proyector Museo Radius Nano es un proyector LED de&#8230;<\/p>\n","protected":false},"featured_media":24791,"template":"","meta":{"_acf_changed":false},"product_brand":[],"product_cat":[3059],"product_tag":[8348],"categoria-admin-prodotto":[],"class_list":{"0":"post-26968","1":"product","2":"type-product","3":"status-publish","4":"has-post-thumbnail","6":"product_cat-museo-radius-proyectores-base","7":"product_tag-linb-es","8":"pa_cct-2200k-es","9":"pa_cct-2700k-es","10":"pa_cct-3000k-es","11":"pa_cct-3500k-es","12":"pa_cct-4000k-es","13":"pa_certificazione-conformita-ce-es","14":"pa_classe-f-si-es-2","15":"pa_cri-80-es","16":"pa_cri-90-es","17":"pa_grado-ip-ip20-es","18":"pa_temperatura-di-esercizio-10-30-es","20":"first","21":"instock","22":"purchasable","23":"product-type-composite"},"composite_virtual":false,"composite_layout":"single","composite_add_to_cart_form_location":"default","composite_editable_in_cart":false,"composite_sold_individually_context":"product","composite_shop_price_calc":"defaults","composite_components":[{"id":"1674838781","title":"Cuerpo de la luminaria","description":"","query_type":"product_ids","query_ids":[21711],"default_option_id":21711,"thumbnail_id":"","thumbnail_src":"","quantity_min":1,"quantity_max":1,"priced_individually":false,"shipped_individually":false,"optional":false,"discount":"","options_style":"radios","pagination_style":"classic","display_prices":"absolute","show_sorting_options":false,"show_filtering_options":false,"attribute_filter_ids":[],"product_title_visible":false,"product_descr_visible":false,"product_price_visible":false,"product_thumb_visible":false,"subtotal_visible_product":false,"subtotal_visible_cart":false,"subtotal_visible_orders":false},{"id":"1674838782","title":"CCT","description":"","query_type":"product_ids","query_ids":[21526,21527,21528,21529,21530],"default_option_id":"","thumbnail_id":"","thumbnail_src":"","quantity_min":1,"quantity_max":1,"priced_individually":false,"shipped_individually":false,"optional":true,"discount":"","options_style":"radios","pagination_style":"classic","display_prices":"absolute","show_sorting_options":false,"show_filtering_options":false,"attribute_filter_ids":[],"product_title_visible":false,"product_descr_visible":false,"product_price_visible":false,"product_thumb_visible":false,"subtotal_visible_product":false,"subtotal_visible_cart":false,"subtotal_visible_orders":false},{"id":"1674838783","title":"CRI","description":"","query_type":"product_ids","query_ids":[21715,21716],"default_option_id":"","thumbnail_id":"","thumbnail_src":"","quantity_min":1,"quantity_max":1,"priced_individually":false,"shipped_individually":false,"optional":true,"discount":"","options_style":"radios","pagination_style":"classic","display_prices":"absolute","show_sorting_options":false,"show_filtering_options":false,"attribute_filter_ids":[],"product_title_visible":false,"product_descr_visible":false,"product_price_visible":false,"product_thumb_visible":false,"subtotal_visible_product":false,"subtotal_visible_cart":false,"subtotal_visible_orders":false},{"id":"1674838784","title":"\u00d3ptica","description":"","query_type":"product_ids","query_ids":[22017,21994,21973,21958],"default_option_id":"","thumbnail_id":"","thumbnail_src":"","quantity_min":1,"quantity_max":1,"priced_individually":false,"shipped_individually":false,"optional":true,"discount":"","options_style":"radios","pagination_style":"classic","display_prices":"absolute","show_sorting_options":false,"show_filtering_options":false,"attribute_filter_ids":[],"product_title_visible":false,"product_descr_visible":false,"product_price_visible":false,"product_thumb_visible":false,"subtotal_visible_product":false,"subtotal_visible_cart":false,"subtotal_visible_orders":false},{"id":"1674838785","title":"Acabado","description":"","query_type":"product_ids","query_ids":[21841,21866,21854,21846,21856],"default_option_id":"","thumbnail_id":"","thumbnail_src":"","quantity_min":1,"quantity_max":1,"priced_individually":false,"shipped_individually":false,"optional":true,"discount":"","options_style":"radios","pagination_style":"classic","display_prices":"absolute","show_sorting_options":false,"show_filtering_options":false,"attribute_filter_ids":[],"product_title_visible":false,"product_descr_visible":false,"product_price_visible":false,"product_thumb_visible":false,"subtotal_visible_product":false,"subtotal_visible_cart":false,"subtotal_visible_orders":false},{"id":"1674838786","title":"Controlar","description":"","query_type":"product_ids","query_ids":[21581,21568,21566],"default_option_id":"","thumbnail_id":"","thumbnail_src":"","quantity_min":1,"quantity_max":1,"priced_individually":false,"shipped_individually":false,"optional":true,"discount":"","options_style":"radios","pagination_style":"classic","display_prices":"absolute","show_sorting_options":false,"show_filtering_options":false,"attribute_filter_ids":[],"product_title_visible":false,"product_descr_visible":false,"product_price_visible":false,"product_thumb_visible":false,"subtotal_visible_product":false,"subtotal_visible_cart":false,"subtotal_visible_orders":false},{"id":"1677585456","title":"Pedir por separado","description":"","query_type":"product_ids","query_ids":[7636],"default_option_id":"","thumbnail_id":"","thumbnail_src":"","quantity_min":1,"quantity_max":1,"priced_individually":false,"shipped_individually":false,"optional":true,"discount":"","options_style":"radios","pagination_style":"classic","display_prices":"absolute","show_sorting_options":false,"show_filtering_options":false,"attribute_filter_ids":[],"product_title_visible":false,"product_descr_visible":false,"product_price_visible":false,"product_thumb_visible":false,"subtotal_visible_product":false,"subtotal_visible_cart":false,"subtotal_visible_orders":false},{"id":"1677585147","title":"Accesorios independientes","description":"","query_type":"product_ids","query_ids":[41604],"default_option_id":41604,"thumbnail_id":"","thumbnail_src":"","quantity_min":1,"quantity_max":1,"priced_individually":false,"shipped_individually":false,"optional":false,"discount":"","options_style":"radios","pagination_style":"classic","display_prices":"absolute","show_sorting_options":false,"show_filtering_options":false,"attribute_filter_ids":[],"product_title_visible":false,"product_descr_visible":true,"product_price_visible":false,"product_thumb_visible":true,"subtotal_visible_product":false,"subtotal_visible_cart":false,"subtotal_visible_orders":false},{"id":"1689349309","title":"Vida Util","description":"","query_type":"product_ids","query_ids":[50119,50135],"default_option_id":"","thumbnail_id":"","thumbnail_src":"","quantity_min":1,"quantity_max":1,"priced_individually":false,"shipped_individually":false,"optional":true,"discount":"","options_style":"radios","pagination_style":"classic","display_prices":"absolute","show_sorting_options":false,"show_filtering_options":false,"attribute_filter_ids":[],"product_title_visible":false,"product_descr_visible":false,"product_price_visible":false,"product_thumb_visible":false,"subtotal_visible_product":false,"subtotal_visible_cart":false,"subtotal_visible_orders":false}],"composite_scenarios":[{"id":"1674839273","name":"22k","description":"","configuration":[{"component_id":"1674838782","options_modifier":"in","component_options":[21526]}],"actions":[{"action_id":"compat_group","is_active":false},{"action_id":"conditional_components","is_active":false,"hidden_components":[]},{"action_id":"conditional_options","is_active":true,"hidden_options":[{"component_id":"1674838783","component_options":[21716],"options_modifier":"in"}]}],"enabled":true},{"id":"1674839274","name":"27k\/30k","description":"","configuration":[{"component_id":"1674838782","options_modifier":"in","component_options":[21527,21528]}],"actions":[{"action_id":"compat_group","is_active":false},{"action_id":"conditional_components","is_active":false,"hidden_components":[]},{"action_id":"conditional_options","is_active":true,"hidden_options":[{"component_id":"1674838783","component_options":[21715],"options_modifier":"in"}]}],"enabled":true},{"id":"1674839275","name":"35k\/40k cri80","description":"","configuration":[{"component_id":"1674838782","options_modifier":"in","component_options":[21529,21530]},{"component_id":"1674838783","options_modifier":"in","component_options":[21715]}],"actions":[{"action_id":"compat_group","is_active":false},{"action_id":"conditional_components","is_active":false,"hidden_components":[]},{"action_id":"conditional_options","is_active":true,"hidden_options":[{"component_id":"1674838784","component_options":[-1,22017],"options_modifier":"not-in"}]}],"enabled":true},{"id":"1674839276","name":"35k\/40k cri90","description":"","configuration":[{"component_id":"1674838782","options_modifier":"in","component_options":[21529,21530]},{"component_id":"1674838783","options_modifier":"in","component_options":[21716]}],"actions":[{"action_id":"compat_group","is_active":false},{"action_id":"conditional_components","is_active":false,"hidden_components":[]},{"action_id":"conditional_options","is_active":true,"hidden_options":[{"component_id":"1674838784","component_options":[22017],"options_modifier":"in"}]}],"enabled":true},{"id":"1674839277","name":"cri80","description":"","configuration":[{"component_id":"1674838783","options_modifier":"in","component_options":[21715]}],"actions":[{"action_id":"compat_group","is_active":false},{"action_id":"conditional_components","is_active":false,"hidden_components":[]},{"action_id":"conditional_options","is_active":true,"hidden_options":[{"component_id":"1674838782","component_options":[21527,21528],"options_modifier":"in"}]}],"enabled":true},{"id":"1674839278","name":"cri90","description":"","configuration":[{"component_id":"1674838783","options_modifier":"in","component_options":[21716]}],"actions":[{"action_id":"compat_group","is_active":false},{"action_id":"conditional_components","is_active":false,"hidden_components":[]},{"action_id":"conditional_options","is_active":true,"hidden_options":[{"component_id":"1674838782","component_options":[21526],"options_modifier":"in"}]}],"enabled":true},{"id":"1674839279","name":"vn+cri80","description":"","configuration":[{"component_id":"1674838783","options_modifier":"in","component_options":[21715]},{"component_id":"1674838784","options_modifier":"in","component_options":[22017]}],"actions":[{"action_id":"compat_group","is_active":false},{"action_id":"conditional_components","is_active":false,"hidden_components":[]},{"action_id":"conditional_options","is_active":true,"hidden_options":[{"component_id":"1674838782","component_options":[21527,21528],"options_modifier":"in"}]}],"enabled":true},{"id":"1674839280","name":"vn+cri90","description":"","configuration":[{"component_id":"1674838783","options_modifier":"in","component_options":[21716]},{"component_id":"1674838784","options_modifier":"in","component_options":[22017]}],"actions":[{"action_id":"compat_group","is_active":false},{"action_id":"conditional_components","is_active":false,"hidden_components":[]},{"action_id":"conditional_options","is_active":true,"hidden_options":[{"component_id":"1674838782","component_options":[21526,21529,21530],"options_modifier":"in"}]}],"enabled":true},{"id":"1674839281","name":"ns\/nf\/m\/fl+cri80","description":"","configuration":[{"component_id":"1674838783","options_modifier":"in","component_options":[21715]},{"component_id":"1674838784","options_modifier":"in","component_options":[21994,21973,21958]}],"actions":[{"action_id":"compat_group","is_active":false},{"action_id":"conditional_components","is_active":false,"hidden_components":[]},{"action_id":"conditional_options","is_active":true,"hidden_options":[{"component_id":"1674838782","component_options":[-1,21526],"options_modifier":"not-in"}]}],"enabled":true},{"id":"1674839282","name":"ns\/nf\/m\/fl+cri90","description":"","configuration":[{"component_id":"1674838783","options_modifier":"in","component_options":[21716]},{"component_id":"1674838784","options_modifier":"in","component_options":[21994,21973,21958]}],"actions":[{"action_id":"compat_group","is_active":false},{"action_id":"conditional_components","is_active":false,"hidden_components":[]},{"action_id":"conditional_options","is_active":true,"hidden_options":[{"component_id":"1674838782","component_options":[21526],"options_modifier":"in"}]}],"enabled":true},{"id":"1677585493","name":"accessori","description":"","configuration":[{"component_id":"1677585456","options_modifier":"in","component_options":[-1]}],"actions":[{"action_id":"compat_group","is_active":false},{"action_id":"conditional_components","is_active":true,"hidden_components":["1677585147"]},{"action_id":"conditional_options","is_active":true,"hidden_options":[{"component_id":"1677585147","component_options":[-1],"options_modifier":"not-in"}]}],"enabled":true},{"id":"1689349361","name":"LT 50","description":"","configuration":[{"component_id":"1674838784","options_modifier":"in","component_options":[22017]}],"actions":[{"action_id":"compat_group","is_active":false},{"action_id":"conditional_components","is_active":false,"hidden_components":[]},{"action_id":"conditional_options","is_active":true,"hidden_options":[{"component_id":"1689349309","component_options":[-1,50119],"options_modifier":"not-in"}]}],"enabled":true},{"id":"1689349362","name":"LT 180","description":"","configuration":[{"component_id":"1674838784","options_modifier":"in","component_options":[21994,21973,21958]}],"actions":[{"action_id":"compat_group","is_active":false},{"action_id":"conditional_components","is_active":false,"hidden_components":[]},{"action_id":"conditional_options","is_active":true,"hidden_options":[{"component_id":"1689349309","component_options":[-1,50135],"options_modifier":"not-in"}]}],"enabled":true}],"bundled_by":[],"bundle_stock_status":"instock","bundle_stock_quantity":null,"bundle_virtual":false,"bundle_layout":"","bundle_add_to_cart_form_location":"","bundle_editable_in_cart":false,"bundle_sold_individually_context":"","bundle_item_grouping":"","bundle_min_size":"","bundle_max_size":"","bundled_items":[],"bundle_sell_ids":[],"acf":[],"yoast_head":"<!-- This site is optimized with the Yoast SEO plugin v27.5 - https:\/\/yoast.com\/product\/yoast-seo-wordpress\/ -->\n<title>Museo Radius Nano Base | Exenia<\/title>\n<meta name=\"robots\" content=\"noindex, follow, max-snippet:-1, max-image-preview:large, max-video-preview:-1\" \/>\n<meta property=\"og:locale\" content=\"es_ES\" \/>\n<meta property=\"og:type\" content=\"article\" \/>\n<meta property=\"og:title\" content=\"Museo Radius Nano Base | Exenia\" \/>\n<meta property=\"og:description\" content=\"El proyector Museo Radius Nano es un proyector LED de...\" \/>\n<meta property=\"og:url\" content=\"https:\/\/restyling.exenia.eu\/prodotto\/museo-radius-nano-base\/\" \/>\n<meta property=\"og:site_name\" content=\"Exenia\" \/>\n<meta property=\"article:publisher\" content=\"https:\/\/www.facebook.com\/exenialighting\" \/>\n<meta property=\"article:modified_time\" content=\"2023-07-14T13:44:08+00:00\" \/>\n<meta property=\"og:image\" content=\"https:\/\/restyling.exenia.eu\/wp-content\/uploads\/2022\/11\/Museo-radius-base-nano-prodotto.jpg\" \/>\n\t<meta property=\"og:image:width\" content=\"2000\" \/>\n\t<meta property=\"og:image:height\" content=\"1919\" \/>\n\t<meta property=\"og:image:type\" content=\"image\/jpeg\" \/>\n<!-- \/ Yoast SEO plugin. -->","yoast_head_json":{"title":"Museo Radius Nano Base | Exenia","robots":{"index":"noindex","follow":"follow","max-snippet":"max-snippet:-1","max-image-preview":"max-image-preview:large","max-video-preview":"max-video-preview:-1"},"og_locale":"es_ES","og_type":"article","og_title":"Museo Radius Nano Base | Exenia","og_description":"El proyector Museo Radius Nano es un proyector LED de...","og_url":"https:\/\/restyling.exenia.eu\/prodotto\/museo-radius-nano-base\/","og_site_name":"Exenia","article_publisher":"https:\/\/www.facebook.com\/exenialighting","article_modified_time":"2023-07-14T13:44:08+00:00","og_image":[{"width":2000,"height":1919,"url":"https:\/\/restyling.exenia.eu\/wp-content\/uploads\/2022\/11\/Museo-radius-base-nano-prodotto.jpg","type":"image\/jpeg"}],"schema":{"@context":"https:\/\/schema.org","@graph":[{"@type":"WebPage","@id":"https:\/\/restyling.exenia.eu\/prodotto\/museo-radius-nano-base\/","url":"https:\/\/restyling.exenia.eu\/prodotto\/museo-radius-nano-base\/","name":"Museo Radius Nano Base | Exenia","isPartOf":{"@id":"https:\/\/restyling.exenia.eu\/#website"},"primaryImageOfPage":{"@id":"https:\/\/restyling.exenia.eu\/prodotto\/museo-radius-nano-base\/#primaryimage"},"image":{"@id":"https:\/\/restyling.exenia.eu\/prodotto\/museo-radius-nano-base\/#primaryimage"},"thumbnailUrl":"https:\/\/restyling.exenia.eu\/wp-content\/uploads\/2022\/11\/Museo-radius-base-nano-prodotto.jpg","datePublished":"2022-11-24T08:50:41+00:00","dateModified":"2023-07-14T13:44:08+00:00","breadcrumb":{"@id":"https:\/\/restyling.exenia.eu\/prodotto\/museo-radius-nano-base\/#breadcrumb"},"inLanguage":"es","potentialAction":[{"@type":"ReadAction","target":["https:\/\/restyling.exenia.eu\/prodotto\/museo-radius-nano-base\/"]}]},{"@type":"ImageObject","inLanguage":"es","@id":"https:\/\/restyling.exenia.eu\/prodotto\/museo-radius-nano-base\/#primaryimage","url":"https:\/\/restyling.exenia.eu\/wp-content\/uploads\/2022\/11\/Museo-radius-base-nano-prodotto.jpg","contentUrl":"https:\/\/restyling.exenia.eu\/wp-content\/uploads\/2022\/11\/Museo-radius-base-nano-prodotto.jpg","width":2000,"height":1919},{"@type":"BreadcrumbList","@id":"https:\/\/restyling.exenia.eu\/prodotto\/museo-radius-nano-base\/#breadcrumb","itemListElement":[{"@type":"ListItem","position":1,"name":"Home","item":"https:\/\/restyling.exenia.eu\/"},{"@type":"ListItem","position":2,"name":"Productos","item":"https:\/\/restyling.exenia.eu\/prodotti\/"},{"@type":"ListItem","position":3,"name":"Indoor","item":"https:\/\/restyling.exenia.eu\/c\/indoor\/"},{"@type":"ListItem","position":4,"name":"Proiettori a base","item":"https:\/\/restyling.exenia.eu\/c\/indoor\/proiettori-a-base\/"},{"@type":"ListItem","position":5,"name":"Museo Radius","item":"https:\/\/restyling.exenia.eu\/c\/indoor\/proiettori-a-base\/museo-radius-proiettori-a-base\/"},{"@type":"ListItem","position":6,"name":"Museo Radius Nano Base"}]},{"@type":"WebSite","@id":"https:\/\/restyling.exenia.eu\/#website","url":"https:\/\/restyling.exenia.eu\/","name":"Exenia","description":"","publisher":{"@id":"https:\/\/restyling.exenia.eu\/#organization"},"potentialAction":[{"@type":"SearchAction","target":{"@type":"EntryPoint","urlTemplate":"https:\/\/restyling.exenia.eu\/?s={search_term_string}"},"query-input":{"@type":"PropertyValueSpecification","valueRequired":true,"valueName":"search_term_string"}}],"inLanguage":"es"},{"@type":"Organization","@id":"https:\/\/restyling.exenia.eu\/#organization","name":"Exenia","url":"https:\/\/restyling.exenia.eu\/","logo":{"@type":"ImageObject","inLanguage":"es","@id":"https:\/\/restyling.exenia.eu\/#\/schema\/logo\/image\/","url":"https:\/\/restyling.exenia.eu\/wp-content\/uploads\/2022\/09\/logo_exenia-e1678467519405.png","contentUrl":"https:\/\/restyling.exenia.eu\/wp-content\/uploads\/2022\/09\/logo_exenia-e1678467519405.png","width":600,"height":194,"caption":"Exenia"},"image":{"@id":"https:\/\/restyling.exenia.eu\/#\/schema\/logo\/image\/"},"sameAs":["https:\/\/www.facebook.com\/exenialighting","https:\/\/x.com\/ExeniaLighting"]}]}},"_links":{"self":[{"href":"https:\/\/restyling.exenia.eu\/es\/wp-json\/wp\/v2\/product\/26968","targetHints":{"allow":["GET"]}}],"collection":[{"href":"https:\/\/restyling.exenia.eu\/es\/wp-json\/wp\/v2\/product"}],"about":[{"href":"https:\/\/restyling.exenia.eu\/es\/wp-json\/wp\/v2\/types\/product"}],"wp:featuredmedia":[{"embeddable":true,"href":"https:\/\/restyling.exenia.eu\/es\/wp-json\/wp\/v2\/media\/24791"}],"wp:attachment":[{"href":"https:\/\/restyling.exenia.eu\/es\/wp-json\/wp\/v2\/media?parent=26968"}],"wp:term":[{"taxonomy":"product_brand","embeddable":true,"href":"https:\/\/restyling.exenia.eu\/es\/wp-json\/wp\/v2\/product_brand?post=26968"},{"taxonomy":"product_cat","embeddable":true,"href":"https:\/\/restyling.exenia.eu\/es\/wp-json\/wp\/v2\/product_cat?post=26968"},{"taxonomy":"product_tag","embeddable":true,"href":"https:\/\/restyling.exenia.eu\/es\/wp-json\/wp\/v2\/product_tag?post=26968"},{"taxonomy":"categoria-admin-prodotto","embeddable":true,"href":"https:\/\/restyling.exenia.eu\/es\/wp-json\/wp\/v2\/categoria-admin-prodotto?post=26968"}],"curies":[{"name":"wp","href":"https:\/\/api.w.org\/{rel}","templated":true}]}}