{"id":26990,"date":"2023-01-26T12:07:39","date_gmt":"2023-01-26T11:07:39","guid":{"rendered":"https:\/\/www.exenia.eu\/?post_type=product&#038;p=26990"},"modified":"2025-03-26T10:03:19","modified_gmt":"2025-03-26T09:03:19","slug":"carril-48-tube","status":"publish","type":"product","link":"https:\/\/restyling.exenia.eu\/es\/producto\/carril-48-tube\/","title":{"rendered":"Track 48 Tube"},"content":{"rendered":"<p>Sistema de carriles de baja tensi\u00f3n de 48 V CC con secci\u00f3n redonda para instalaci\u00f3n suspendida, en techo o en pared. Fabricado con perfiles de aluminio extruido, pintado en polvo en colores blanco y negro. Disponible en longitudes de 1000 mm, 2000 mm y 3000 mm. Dispone de cuatro conductores aislados. Las funciones ON\/OFF, PUSH y DALI siempre est\u00e1n garantizadas por s\u00f3lo dos de ellos, mediante la tecnolog\u00eda de onda transmitida. El otro par de conductores puede utilizarse para obtener un segundo circuito de iluminaci\u00f3n posible (se requieren c\u00f3digos especiales y un driver adicional). Los controladores electr\u00f3nicos de 48 V CC pueden instalarse a distancia o mediante controladores de caja independientes. Existen diferentes versiones para regulaci\u00f3n ON\/OFF, DALI o PUSH. Toda una gama de conectores, sistemas de montaje y accesorios completan este vers\u00e1til sistema de 48 V CC que admite todas las luminarias de la gama Track 48.<\/p>\n<p>Los controladores electr\u00f3nicos de 48 V CC pueden instalarse a distancia o mediante controladores de caja independientes.<\/p>\n<p>El producto Speedy no se puede instalar en esta pista.<\/p>\n<p><img fetchpriority=\"high\" decoding=\"async\" class=\"aligncenter wp-image-71960\" src=\"https:\/\/restyling.exenia.eu\/wp-content\/uploads\/2023\/01\/Simulazione-sistema-colori-scaled.jpg\" alt=\"\" width=\"1250\" height=\"810\" srcset=\"https:\/\/restyling.exenia.eu\/wp-content\/uploads\/2023\/01\/Simulazione-sistema-colori-scaled.jpg 2560w, https:\/\/restyling.exenia.eu\/wp-content\/uploads\/2023\/01\/Simulazione-sistema-colori-300x194.jpg 300w, https:\/\/restyling.exenia.eu\/wp-content\/uploads\/2023\/01\/Simulazione-sistema-colori-1024x664.jpg 1024w, https:\/\/restyling.exenia.eu\/wp-content\/uploads\/2023\/01\/Simulazione-sistema-colori-768x498.jpg 768w, https:\/\/restyling.exenia.eu\/wp-content\/uploads\/2023\/01\/Simulazione-sistema-colori-1536x995.jpg 1536w, https:\/\/restyling.exenia.eu\/wp-content\/uploads\/2023\/01\/Simulazione-sistema-colori-2048x1327.jpg 2048w\" sizes=\"(max-width: 1250px) 100vw, 1250px\" \/><\/p>\n","protected":false},"excerpt":{"rendered":"<p>Sistema de carriles de baja tensi\u00f3n de 48 V CC&#8230;<\/p>\n","protected":false},"featured_media":71920,"template":"","meta":{"_acf_changed":false},"product_brand":[],"product_cat":[3064],"product_tag":[8915],"categoria-admin-prodotto":[],"class_list":{"0":"post-26990","1":"product","2":"type-product","3":"status-publish","4":"has-post-thumbnail","6":"product_cat-track-48-sistemas","7":"product_tag-71590-es","8":"pa_grado-ip-ip20-es","10":"first","11":"instock","12":"virtual","13":"purchasable","14":"product-type-composite"},"composite_virtual":false,"composite_layout":"single","composite_add_to_cart_form_location":"default","composite_editable_in_cart":false,"composite_sold_individually_context":"product","composite_shop_price_calc":"defaults","composite_components":[{"id":"1741770868","title":"Carriles","description":"","query_type":"product_ids","query_ids":[70682],"default_option_id":70682,"thumbnail_id":"","thumbnail_src":"","quantity_min":1,"quantity_max":1,"priced_individually":false,"shipped_individually":true,"optional":false,"discount":"","options_style":"radios","pagination_style":"classic","display_prices":"absolute","show_sorting_options":false,"show_filtering_options":false,"attribute_filter_ids":[],"product_title_visible":false,"product_descr_visible":false,"product_price_visible":false,"product_thumb_visible":false,"subtotal_visible_product":false,"subtotal_visible_cart":false,"subtotal_visible_orders":false},{"id":"1741770869","title":"Juntas el\u00e9ctricas","description":"","query_type":"product_ids","query_ids":[70778],"default_option_id":70778,"thumbnail_id":"","thumbnail_src":"","quantity_min":1,"quantity_max":1,"priced_individually":false,"shipped_individually":true,"optional":false,"discount":"","options_style":"radios","pagination_style":"classic","display_prices":"absolute","show_sorting_options":false,"show_filtering_options":false,"attribute_filter_ids":[],"product_title_visible":false,"product_descr_visible":false,"product_price_visible":false,"product_thumb_visible":false,"subtotal_visible_product":false,"subtotal_visible_cart":false,"subtotal_visible_orders":false},{"id":"1741770870","title":"Juntas mec\u00e1nicas","description":"","query_type":"product_ids","query_ids":[70806],"default_option_id":70806,"thumbnail_id":"","thumbnail_src":"","quantity_min":1,"quantity_max":1,"priced_individually":false,"shipped_individually":true,"optional":false,"discount":"","options_style":"radios","pagination_style":"classic","display_prices":"absolute","show_sorting_options":false,"show_filtering_options":false,"attribute_filter_ids":[],"product_title_visible":false,"product_descr_visible":false,"product_price_visible":false,"product_thumb_visible":false,"subtotal_visible_product":false,"subtotal_visible_cart":false,"subtotal_visible_orders":false},{"id":"1741770871","title":"Sistemas de fijaci\u00f3n","description":"","query_type":"product_ids","query_ids":[70751],"default_option_id":70751,"thumbnail_id":"","thumbnail_src":"","quantity_min":1,"quantity_max":1,"priced_individually":false,"shipped_individually":true,"optional":false,"discount":"","options_style":"radios","pagination_style":"classic","display_prices":"absolute","show_sorting_options":false,"show_filtering_options":false,"attribute_filter_ids":[],"product_title_visible":false,"product_descr_visible":false,"product_price_visible":false,"product_thumb_visible":false,"subtotal_visible_product":false,"subtotal_visible_cart":false,"subtotal_visible_orders":false},{"id":"1741770872","title":"Accesorios","description":"","query_type":"product_ids","query_ids":[70730],"default_option_id":70730,"thumbnail_id":"","thumbnail_src":"","quantity_min":1,"quantity_max":1,"priced_individually":false,"shipped_individually":true,"optional":false,"discount":"","options_style":"radios","pagination_style":"classic","display_prices":"absolute","show_sorting_options":false,"show_filtering_options":false,"attribute_filter_ids":[],"product_title_visible":false,"product_descr_visible":false,"product_price_visible":false,"product_thumb_visible":false,"subtotal_visible_product":false,"subtotal_visible_cart":false,"subtotal_visible_orders":false},{"id":"1741770873","title":"Alimentaci\u00f3n","description":"","query_type":"product_ids","query_ids":[70706],"default_option_id":70706,"thumbnail_id":"","thumbnail_src":"","quantity_min":1,"quantity_max":1,"priced_individually":false,"shipped_individually":true,"optional":false,"discount":"","options_style":"radios","pagination_style":"classic","display_prices":"absolute","show_sorting_options":false,"show_filtering_options":false,"attribute_filter_ids":[],"product_title_visible":false,"product_descr_visible":false,"product_price_visible":false,"product_thumb_visible":false,"subtotal_visible_product":false,"subtotal_visible_cart":false,"subtotal_visible_orders":false}],"composite_scenarios":[],"bundled_by":[],"bundle_stock_status":"instock","bundle_stock_quantity":null,"bundle_virtual":false,"bundle_layout":"","bundle_add_to_cart_form_location":"","bundle_editable_in_cart":false,"bundle_sold_individually_context":"","bundle_item_grouping":"","bundle_min_size":"","bundle_max_size":"","bundled_items":[],"bundle_sell_ids":[],"acf":[],"yoast_head":"<!-- This site is optimized with the Yoast SEO plugin v27.5 - https:\/\/yoast.com\/product\/yoast-seo-wordpress\/ -->\n<title>Track 48 Tube | Exenia<\/title>\n<meta name=\"robots\" content=\"noindex, follow, max-snippet:-1, max-image-preview:large, max-video-preview:-1\" \/>\n<meta property=\"og:locale\" content=\"es_ES\" \/>\n<meta property=\"og:type\" content=\"article\" \/>\n<meta property=\"og:title\" content=\"Track 48 Tube | Exenia\" \/>\n<meta property=\"og:description\" content=\"Sistema de carriles de baja tensi\u00f3n de 48 V CC...\" \/>\n<meta property=\"og:url\" content=\"https:\/\/restyling.exenia.eu\/es\/producto\/carril-48-tube\/\" \/>\n<meta property=\"og:site_name\" content=\"Exenia\" \/>\n<meta property=\"article:publisher\" content=\"https:\/\/www.facebook.com\/exenialighting\" \/>\n<meta property=\"article:modified_time\" content=\"2025-03-26T09:03:19+00:00\" \/>\n<meta property=\"og:image\" content=\"https:\/\/restyling.exenia.eu\/wp-content\/uploads\/2023\/01\/Track-48-Tube-prodotto-1.jpg\" \/>\n\t<meta property=\"og:image:width\" content=\"2000\" \/>\n\t<meta property=\"og:image:height\" content=\"1919\" \/>\n\t<meta property=\"og:image:type\" content=\"image\/jpeg\" \/>\n<!-- \/ Yoast SEO plugin. -->","yoast_head_json":{"title":"Track 48 Tube | Exenia","robots":{"index":"noindex","follow":"follow","max-snippet":"max-snippet:-1","max-image-preview":"max-image-preview:large","max-video-preview":"max-video-preview:-1"},"og_locale":"es_ES","og_type":"article","og_title":"Track 48 Tube | Exenia","og_description":"Sistema de carriles de baja tensi\u00f3n de 48 V CC...","og_url":"https:\/\/restyling.exenia.eu\/es\/producto\/carril-48-tube\/","og_site_name":"Exenia","article_publisher":"https:\/\/www.facebook.com\/exenialighting","article_modified_time":"2025-03-26T09:03:19+00:00","og_image":[{"width":2000,"height":1919,"url":"https:\/\/restyling.exenia.eu\/wp-content\/uploads\/2023\/01\/Track-48-Tube-prodotto-1.jpg","type":"image\/jpeg"}],"schema":{"@context":"https:\/\/schema.org","@graph":[{"@type":"WebPage","@id":"https:\/\/restyling.exenia.eu\/es\/producto\/carril-48-tube\/","url":"https:\/\/restyling.exenia.eu\/es\/producto\/carril-48-tube\/","name":"Track 48 Tube | Exenia","isPartOf":{"@id":"https:\/\/restyling.exenia.eu\/#website"},"primaryImageOfPage":{"@id":"https:\/\/restyling.exenia.eu\/es\/producto\/carril-48-tube\/#primaryimage"},"image":{"@id":"https:\/\/restyling.exenia.eu\/es\/producto\/carril-48-tube\/#primaryimage"},"thumbnailUrl":"https:\/\/restyling.exenia.eu\/wp-content\/uploads\/2023\/01\/Track-48-Tube-prodotto-1.jpg","datePublished":"2023-01-26T11:07:39+00:00","dateModified":"2025-03-26T09:03:19+00:00","breadcrumb":{"@id":"https:\/\/restyling.exenia.eu\/es\/producto\/carril-48-tube\/#breadcrumb"},"inLanguage":"es","potentialAction":[{"@type":"ReadAction","target":["https:\/\/restyling.exenia.eu\/es\/producto\/carril-48-tube\/"]}]},{"@type":"ImageObject","inLanguage":"es","@id":"https:\/\/restyling.exenia.eu\/es\/producto\/carril-48-tube\/#primaryimage","url":"https:\/\/restyling.exenia.eu\/wp-content\/uploads\/2023\/01\/Track-48-Tube-prodotto-1.jpg","contentUrl":"https:\/\/restyling.exenia.eu\/wp-content\/uploads\/2023\/01\/Track-48-Tube-prodotto-1.jpg","width":2000,"height":1919},{"@type":"BreadcrumbList","@id":"https:\/\/restyling.exenia.eu\/es\/producto\/carril-48-tube\/#breadcrumb","itemListElement":[{"@type":"ListItem","position":1,"name":"Home","item":"https:\/\/restyling.exenia.eu\/"},{"@type":"ListItem","position":2,"name":"Productos","item":"https:\/\/restyling.exenia.eu\/prodotti\/"},{"@type":"ListItem","position":3,"name":"Indoor","item":"https:\/\/restyling.exenia.eu\/es\/c\/indoor\/"},{"@type":"ListItem","position":4,"name":"Sistemas \/ Carriles","item":"https:\/\/restyling.exenia.eu\/es\/c\/indoor\/sistemas-carriles\/"},{"@type":"ListItem","position":5,"name":"Track 48","item":"https:\/\/restyling.exenia.eu\/c\/indoor\/sistemi-binari-elettrificati\/track-48\/"},{"@type":"ListItem","position":6,"name":"Track 48 Tube"}]},{"@type":"WebSite","@id":"https:\/\/restyling.exenia.eu\/#website","url":"https:\/\/restyling.exenia.eu\/","name":"Exenia","description":"","publisher":{"@id":"https:\/\/restyling.exenia.eu\/#organization"},"potentialAction":[{"@type":"SearchAction","target":{"@type":"EntryPoint","urlTemplate":"https:\/\/restyling.exenia.eu\/?s={search_term_string}"},"query-input":{"@type":"PropertyValueSpecification","valueRequired":true,"valueName":"search_term_string"}}],"inLanguage":"es"},{"@type":"Organization","@id":"https:\/\/restyling.exenia.eu\/#organization","name":"Exenia","url":"https:\/\/restyling.exenia.eu\/","logo":{"@type":"ImageObject","inLanguage":"es","@id":"https:\/\/restyling.exenia.eu\/#\/schema\/logo\/image\/","url":"https:\/\/restyling.exenia.eu\/wp-content\/uploads\/2022\/09\/logo_exenia-e1678467519405.png","contentUrl":"https:\/\/restyling.exenia.eu\/wp-content\/uploads\/2022\/09\/logo_exenia-e1678467519405.png","width":600,"height":194,"caption":"Exenia"},"image":{"@id":"https:\/\/restyling.exenia.eu\/#\/schema\/logo\/image\/"},"sameAs":["https:\/\/www.facebook.com\/exenialighting","https:\/\/x.com\/ExeniaLighting"]}]}},"_links":{"self":[{"href":"https:\/\/restyling.exenia.eu\/es\/wp-json\/wp\/v2\/product\/26990","targetHints":{"allow":["GET"]}}],"collection":[{"href":"https:\/\/restyling.exenia.eu\/es\/wp-json\/wp\/v2\/product"}],"about":[{"href":"https:\/\/restyling.exenia.eu\/es\/wp-json\/wp\/v2\/types\/product"}],"wp:featuredmedia":[{"embeddable":true,"href":"https:\/\/restyling.exenia.eu\/es\/wp-json\/wp\/v2\/media\/71920"}],"wp:attachment":[{"href":"https:\/\/restyling.exenia.eu\/es\/wp-json\/wp\/v2\/media?parent=26990"}],"wp:term":[{"taxonomy":"product_brand","embeddable":true,"href":"https:\/\/restyling.exenia.eu\/es\/wp-json\/wp\/v2\/product_brand?post=26990"},{"taxonomy":"product_cat","embeddable":true,"href":"https:\/\/restyling.exenia.eu\/es\/wp-json\/wp\/v2\/product_cat?post=26990"},{"taxonomy":"product_tag","embeddable":true,"href":"https:\/\/restyling.exenia.eu\/es\/wp-json\/wp\/v2\/product_tag?post=26990"},{"taxonomy":"categoria-admin-prodotto","embeddable":true,"href":"https:\/\/restyling.exenia.eu\/es\/wp-json\/wp\/v2\/categoria-admin-prodotto?post=26990"}],"curies":[{"name":"wp","href":"https:\/\/api.w.org\/{rel}","templated":true}]}}