{"id":27004,"date":"2023-01-26T12:05:12","date_gmt":"2023-01-26T11:05:12","guid":{"rendered":"https:\/\/www.exenia.eu\/?post_type=product&#038;p=27004"},"modified":"2025-11-17T10:51:03","modified_gmt":"2025-11-17T09:51:03","slug":"carril-48","status":"publish","type":"product","link":"https:\/\/restyling.exenia.eu\/es\/producto\/carril-48\/","title":{"rendered":"Track 48"},"content":{"rendered":"<p>Carril electrificado de baja tensi\u00f3n, 48 V CC, para instalaci\u00f3n suspendida, en pared, en techo y sin perfiles. Fabricado en extrusi\u00f3n de aluminio con recubrimiento de polvo, disponible en segmentos de 1000 mm, 2000 mm o 3000 mm de longitud en blanco o negro. Carril provisto de cuatro conductores aislados. El segundo juego de conductores puede utilizarse para obtener un segundo encendido (se requieren c\u00f3digos especiales y un controlador adicional). Las fuentes de alimentaci\u00f3n electr\u00f3nicas de 48 V CC deben instalarse a distancia o con cajas de conductores espec\u00edficas. Una gama completa de conexiones, sistemas de montaje y accesorios completan este vers\u00e1til sistema de 48 V CC que da cabida a todos los dispositivos de la familia Track 48.<\/p>\n<p><img fetchpriority=\"high\" decoding=\"async\" class=\"aligncenter wp-image-71960\" src=\"https:\/\/restyling.exenia.eu\/wp-content\/uploads\/2023\/01\/Simulazione-sistema-colori-scaled.jpg\" alt=\"\" width=\"1250\" height=\"810\" srcset=\"https:\/\/restyling.exenia.eu\/wp-content\/uploads\/2023\/01\/Simulazione-sistema-colori-scaled.jpg 2560w, https:\/\/restyling.exenia.eu\/wp-content\/uploads\/2023\/01\/Simulazione-sistema-colori-300x194.jpg 300w, https:\/\/restyling.exenia.eu\/wp-content\/uploads\/2023\/01\/Simulazione-sistema-colori-1024x664.jpg 1024w, https:\/\/restyling.exenia.eu\/wp-content\/uploads\/2023\/01\/Simulazione-sistema-colori-768x498.jpg 768w, https:\/\/restyling.exenia.eu\/wp-content\/uploads\/2023\/01\/Simulazione-sistema-colori-1536x995.jpg 1536w, https:\/\/restyling.exenia.eu\/wp-content\/uploads\/2023\/01\/Simulazione-sistema-colori-2048x1327.jpg 2048w\" sizes=\"(max-width: 1250px) 100vw, 1250px\" \/><\/p>\n","protected":false},"excerpt":{"rendered":"<p>Carril electrificado de baja tensi\u00f3n, 48 V CC, para instalaci\u00f3n&#8230;<\/p>\n","protected":false},"featured_media":71897,"template":"","meta":{"_acf_changed":false},"product_brand":[],"product_cat":[3064],"product_tag":[8902],"categoria-admin-prodotto":[],"class_list":{"0":"post-27004","1":"product","2":"type-product","3":"status-publish","4":"has-post-thumbnail","6":"product_cat-track-48-sistemas","7":"product_tag-71190-es","8":"pa_grado-ip-ip20-es","10":"first","11":"instock","12":"virtual","13":"purchasable","14":"product-type-composite"},"composite_virtual":false,"composite_layout":"single","composite_add_to_cart_form_location":"default","composite_editable_in_cart":false,"composite_sold_individually_context":"product","composite_shop_price_calc":"defaults","composite_components":[{"id":"1741768418","title":"Carriles","description":"","query_type":"product_ids","query_ids":[70678],"default_option_id":70678,"thumbnail_id":"","thumbnail_src":"","quantity_min":1,"quantity_max":1,"priced_individually":false,"shipped_individually":true,"optional":false,"discount":"","options_style":"radios","pagination_style":"classic","display_prices":"absolute","show_sorting_options":false,"show_filtering_options":false,"attribute_filter_ids":[],"product_title_visible":false,"product_descr_visible":false,"product_price_visible":false,"product_thumb_visible":false,"subtotal_visible_product":false,"subtotal_visible_cart":false,"subtotal_visible_orders":false},{"id":"1741768419","title":"Juntas el\u00e9ctricas","description":"","query_type":"product_ids","query_ids":[70773],"default_option_id":70773,"thumbnail_id":"","thumbnail_src":"","quantity_min":1,"quantity_max":1,"priced_individually":false,"shipped_individually":true,"optional":false,"discount":"","options_style":"radios","pagination_style":"classic","display_prices":"absolute","show_sorting_options":false,"show_filtering_options":false,"attribute_filter_ids":[],"product_title_visible":false,"product_descr_visible":false,"product_price_visible":false,"product_thumb_visible":false,"subtotal_visible_product":false,"subtotal_visible_cart":false,"subtotal_visible_orders":false},{"id":"1741768420","title":"Juntas mec\u00e1nicas","description":"","query_type":"product_ids","query_ids":[70801],"default_option_id":70801,"thumbnail_id":"","thumbnail_src":"","quantity_min":1,"quantity_max":1,"priced_individually":false,"shipped_individually":true,"optional":false,"discount":"","options_style":"radios","pagination_style":"classic","display_prices":"absolute","show_sorting_options":false,"show_filtering_options":false,"attribute_filter_ids":[],"product_title_visible":false,"product_descr_visible":false,"product_price_visible":false,"product_thumb_visible":false,"subtotal_visible_product":false,"subtotal_visible_cart":false,"subtotal_visible_orders":false},{"id":"1741768421","title":"Sistemas de fijaci\u00f3n","description":"","query_type":"product_ids","query_ids":[70747],"default_option_id":70747,"thumbnail_id":"","thumbnail_src":"","quantity_min":1,"quantity_max":1,"priced_individually":false,"shipped_individually":true,"optional":false,"discount":"","options_style":"radios","pagination_style":"classic","display_prices":"absolute","show_sorting_options":false,"show_filtering_options":false,"attribute_filter_ids":[],"product_title_visible":false,"product_descr_visible":false,"product_price_visible":false,"product_thumb_visible":false,"subtotal_visible_product":false,"subtotal_visible_cart":false,"subtotal_visible_orders":false},{"id":"1741768422","title":"Accesorios","description":"","query_type":"product_ids","query_ids":[70726],"default_option_id":70726,"thumbnail_id":"","thumbnail_src":"","quantity_min":1,"quantity_max":1,"priced_individually":false,"shipped_individually":true,"optional":false,"discount":"","options_style":"radios","pagination_style":"classic","display_prices":"absolute","show_sorting_options":false,"show_filtering_options":false,"attribute_filter_ids":[],"product_title_visible":false,"product_descr_visible":false,"product_price_visible":false,"product_thumb_visible":false,"subtotal_visible_product":false,"subtotal_visible_cart":false,"subtotal_visible_orders":false},{"id":"1741768423","title":"Alimentaci\u00f3n","description":"","query_type":"product_ids","query_ids":[70702],"default_option_id":70702,"thumbnail_id":"","thumbnail_src":"","quantity_min":1,"quantity_max":1,"priced_individually":false,"shipped_individually":true,"optional":false,"discount":"","options_style":"radios","pagination_style":"classic","display_prices":"absolute","show_sorting_options":false,"show_filtering_options":false,"attribute_filter_ids":[],"product_title_visible":false,"product_descr_visible":false,"product_price_visible":false,"product_thumb_visible":false,"subtotal_visible_product":false,"subtotal_visible_cart":false,"subtotal_visible_orders":false}],"composite_scenarios":[],"bundled_by":[],"bundle_stock_status":"instock","bundle_stock_quantity":null,"bundle_virtual":false,"bundle_layout":"","bundle_add_to_cart_form_location":"","bundle_editable_in_cart":false,"bundle_sold_individually_context":"","bundle_item_grouping":"","bundle_min_size":"","bundle_max_size":"","bundled_items":[],"bundle_sell_ids":[],"acf":[],"yoast_head":"<!-- This site is optimized with the Yoast SEO plugin v27.4 - https:\/\/yoast.com\/product\/yoast-seo-wordpress\/ -->\n<title>Track 48 | Exenia<\/title>\n<meta name=\"robots\" content=\"noindex, follow, max-snippet:-1, max-image-preview:large, max-video-preview:-1\" \/>\n<meta property=\"og:locale\" content=\"es_ES\" \/>\n<meta property=\"og:type\" content=\"article\" \/>\n<meta property=\"og:title\" content=\"Track 48 | Exenia\" \/>\n<meta property=\"og:description\" content=\"Carril electrificado de baja tensi\u00f3n, 48 V CC, para instalaci\u00f3n...\" \/>\n<meta property=\"og:url\" content=\"https:\/\/restyling.exenia.eu\/es\/producto\/carril-48\/\" \/>\n<meta property=\"og:site_name\" content=\"Exenia\" \/>\n<meta property=\"article:publisher\" content=\"https:\/\/www.facebook.com\/exenialighting\" \/>\n<meta property=\"article:modified_time\" content=\"2025-11-17T09:51:03+00:00\" \/>\n<meta property=\"og:image\" content=\"https:\/\/restyling.exenia.eu\/wp-content\/uploads\/2023\/01\/Track-48-prodotto-1.jpg\" \/>\n\t<meta property=\"og:image:width\" content=\"2000\" \/>\n\t<meta property=\"og:image:height\" content=\"1919\" \/>\n\t<meta property=\"og:image:type\" content=\"image\/jpeg\" \/>\n<!-- \/ Yoast SEO plugin. -->","yoast_head_json":{"title":"Track 48 | Exenia","robots":{"index":"noindex","follow":"follow","max-snippet":"max-snippet:-1","max-image-preview":"max-image-preview:large","max-video-preview":"max-video-preview:-1"},"og_locale":"es_ES","og_type":"article","og_title":"Track 48 | Exenia","og_description":"Carril electrificado de baja tensi\u00f3n, 48 V CC, para instalaci\u00f3n...","og_url":"https:\/\/restyling.exenia.eu\/es\/producto\/carril-48\/","og_site_name":"Exenia","article_publisher":"https:\/\/www.facebook.com\/exenialighting","article_modified_time":"2025-11-17T09:51:03+00:00","og_image":[{"width":2000,"height":1919,"url":"https:\/\/restyling.exenia.eu\/wp-content\/uploads\/2023\/01\/Track-48-prodotto-1.jpg","type":"image\/jpeg"}],"schema":{"@context":"https:\/\/schema.org","@graph":[{"@type":"WebPage","@id":"https:\/\/restyling.exenia.eu\/es\/producto\/carril-48\/","url":"https:\/\/restyling.exenia.eu\/es\/producto\/carril-48\/","name":"Track 48 | Exenia","isPartOf":{"@id":"https:\/\/restyling.exenia.eu\/#website"},"primaryImageOfPage":{"@id":"https:\/\/restyling.exenia.eu\/es\/producto\/carril-48\/#primaryimage"},"image":{"@id":"https:\/\/restyling.exenia.eu\/es\/producto\/carril-48\/#primaryimage"},"thumbnailUrl":"https:\/\/restyling.exenia.eu\/wp-content\/uploads\/2023\/01\/Track-48-prodotto-1.jpg","datePublished":"2023-01-26T11:05:12+00:00","dateModified":"2025-11-17T09:51:03+00:00","breadcrumb":{"@id":"https:\/\/restyling.exenia.eu\/es\/producto\/carril-48\/#breadcrumb"},"inLanguage":"es","potentialAction":[{"@type":"ReadAction","target":["https:\/\/restyling.exenia.eu\/es\/producto\/carril-48\/"]}]},{"@type":"ImageObject","inLanguage":"es","@id":"https:\/\/restyling.exenia.eu\/es\/producto\/carril-48\/#primaryimage","url":"https:\/\/restyling.exenia.eu\/wp-content\/uploads\/2023\/01\/Track-48-prodotto-1.jpg","contentUrl":"https:\/\/restyling.exenia.eu\/wp-content\/uploads\/2023\/01\/Track-48-prodotto-1.jpg","width":2000,"height":1919},{"@type":"BreadcrumbList","@id":"https:\/\/restyling.exenia.eu\/es\/producto\/carril-48\/#breadcrumb","itemListElement":[{"@type":"ListItem","position":1,"name":"Home","item":"https:\/\/restyling.exenia.eu\/"},{"@type":"ListItem","position":2,"name":"Productos","item":"https:\/\/restyling.exenia.eu\/prodotti\/"},{"@type":"ListItem","position":3,"name":"Indoor","item":"https:\/\/restyling.exenia.eu\/es\/c\/indoor\/"},{"@type":"ListItem","position":4,"name":"Sistemas \/ Carriles","item":"https:\/\/restyling.exenia.eu\/es\/c\/indoor\/sistemas-carriles\/"},{"@type":"ListItem","position":5,"name":"Track 48","item":"https:\/\/restyling.exenia.eu\/c\/indoor\/sistemi-binari-elettrificati\/track-48\/"},{"@type":"ListItem","position":6,"name":"Track 48"}]},{"@type":"WebSite","@id":"https:\/\/restyling.exenia.eu\/#website","url":"https:\/\/restyling.exenia.eu\/","name":"Exenia","description":"","publisher":{"@id":"https:\/\/restyling.exenia.eu\/#organization"},"potentialAction":[{"@type":"SearchAction","target":{"@type":"EntryPoint","urlTemplate":"https:\/\/restyling.exenia.eu\/?s={search_term_string}"},"query-input":{"@type":"PropertyValueSpecification","valueRequired":true,"valueName":"search_term_string"}}],"inLanguage":"es"},{"@type":"Organization","@id":"https:\/\/restyling.exenia.eu\/#organization","name":"Exenia","url":"https:\/\/restyling.exenia.eu\/","logo":{"@type":"ImageObject","inLanguage":"es","@id":"https:\/\/restyling.exenia.eu\/#\/schema\/logo\/image\/","url":"https:\/\/restyling.exenia.eu\/wp-content\/uploads\/2022\/09\/logo_exenia-e1678467519405.png","contentUrl":"https:\/\/restyling.exenia.eu\/wp-content\/uploads\/2022\/09\/logo_exenia-e1678467519405.png","width":600,"height":194,"caption":"Exenia"},"image":{"@id":"https:\/\/restyling.exenia.eu\/#\/schema\/logo\/image\/"},"sameAs":["https:\/\/www.facebook.com\/exenialighting","https:\/\/x.com\/ExeniaLighting"]}]}},"_links":{"self":[{"href":"https:\/\/restyling.exenia.eu\/es\/wp-json\/wp\/v2\/product\/27004","targetHints":{"allow":["GET"]}}],"collection":[{"href":"https:\/\/restyling.exenia.eu\/es\/wp-json\/wp\/v2\/product"}],"about":[{"href":"https:\/\/restyling.exenia.eu\/es\/wp-json\/wp\/v2\/types\/product"}],"wp:featuredmedia":[{"embeddable":true,"href":"https:\/\/restyling.exenia.eu\/es\/wp-json\/wp\/v2\/media\/71897"}],"wp:attachment":[{"href":"https:\/\/restyling.exenia.eu\/es\/wp-json\/wp\/v2\/media?parent=27004"}],"wp:term":[{"taxonomy":"product_brand","embeddable":true,"href":"https:\/\/restyling.exenia.eu\/es\/wp-json\/wp\/v2\/product_brand?post=27004"},{"taxonomy":"product_cat","embeddable":true,"href":"https:\/\/restyling.exenia.eu\/es\/wp-json\/wp\/v2\/product_cat?post=27004"},{"taxonomy":"product_tag","embeddable":true,"href":"https:\/\/restyling.exenia.eu\/es\/wp-json\/wp\/v2\/product_tag?post=27004"},{"taxonomy":"categoria-admin-prodotto","embeddable":true,"href":"https:\/\/restyling.exenia.eu\/es\/wp-json\/wp\/v2\/categoria-admin-prodotto?post=27004"}],"curies":[{"name":"wp","href":"https:\/\/api.w.org\/{rel}","templated":true}]}}