{"id":27028,"date":"2022-12-01T15:18:17","date_gmt":"2022-12-01T14:18:17","guid":{"rendered":"https:\/\/www.exenia.eu\/prodotto\/blog-orientabile\/"},"modified":"2023-06-13T14:44:09","modified_gmt":"2023-06-13T12:44:09","slug":"blog-orientable","status":"publish","type":"product","link":"https:\/\/restyling.exenia.eu\/es\/producto\/blog-orientable\/","title":{"rendered":"Blog Orientable"},"content":{"rendered":"<p>LED downlight con +\/-25\u00b0 de inclinaci\u00f3n fabricado en aluminio fundido a presi\u00f3n y disponible en 2700K, 3000K y 4000K en CRI95 y 3000K en CRI85. Consumo nominal de 13W (1900lm). Mantenimiento del flujo luminoso de 100.000 horas en L80B10. El downlight se completa con un conjunto \u00f3ptico que incluye una \u00f3ptica reflectante de policarbonato pintada en espejo con diferentes \u00e1ngulos de haz. Opcionalmente, se puede a\u00f1adir al conjunto \u00f3ptico una cubierta de color fabricada en PMMA transl\u00facido, naranja transl\u00facido, azul transl\u00facido y verde transl\u00facido o negro mate. La cubierta de color capta la luz y confiere al downlight un efecto de cubierta de color brillante. Grado de protecci\u00f3n IP20 o IP40 en la versi\u00f3n fija, cuando se utiliza con un difusor satinado, disponible como accesorio. Luminaria de clase III para utilizar con controlador remoto, disponible para regulaci\u00f3n ON\/OFF, DALI, 1-10V, PUSH y PHASE CUT. Tambi\u00e9n disponible en versi\u00f3n de emergencia (consultar a f\u00e1brica). Se puede utilizar un accesorio Bluetooth en combinaci\u00f3n con el controlador DALI para el control a trav\u00e9s de una aplicaci\u00f3n de smartphone. Debe pedirse por separado. Los acabados de la carcasa incluyen blanco mate texturizado y negro mate texturizado (con recubrimiento en polvo).<\/p>\n","protected":false},"excerpt":{"rendered":"<p>LED downlight con +\/-25\u00b0 de inclinaci\u00f3n fabricado en aluminio fundido&#8230;<\/p>\n","protected":false},"featured_media":7382,"template":"","meta":{"_acf_changed":false},"product_brand":[],"product_cat":[3024],"product_tag":[7778],"categoria-admin-prodotto":[],"class_list":{"0":"post-27028","1":"product","2":"type-product","3":"status-publish","4":"has-post-thumbnail","6":"product_cat-blog-emportables","7":"product_tag-12182-es","8":"pa_cct-2700k-es","9":"pa_cct-3000k-es","10":"pa_cct-4000k-es","11":"pa_certificazione-conformita-ce-es","12":"pa_classe-f-si-es-2","13":"pa_cri-85-es","14":"pa_cri-95-es","15":"pa_grado-ip-ip20-es","16":"pa_lifetime-l80b10-100-000-ore-es","17":"pa_temperatura-di-esercizio-10-30-es","19":"first","20":"instock","21":"purchasable","22":"product-type-composite"},"composite_virtual":false,"composite_layout":"single","composite_add_to_cart_form_location":"default","composite_editable_in_cart":false,"composite_sold_individually_context":"product","composite_shop_price_calc":"defaults","composite_components":[{"id":"1669907878","title":"Cuerpo de la luminaria","description":"","query_type":"product_ids","query_ids":[13708],"default_option_id":13708,"thumbnail_id":"","thumbnail_src":"","quantity_min":1,"quantity_max":1,"priced_individually":false,"shipped_individually":false,"optional":false,"discount":"","options_style":"radios","pagination_style":"classic","display_prices":"absolute","show_sorting_options":false,"show_filtering_options":false,"attribute_filter_ids":[],"product_title_visible":false,"product_descr_visible":false,"product_price_visible":false,"product_thumb_visible":false,"subtotal_visible_product":false,"subtotal_visible_cart":false,"subtotal_visible_orders":false},{"id":"1670848621","title":"Versi\u00f3n","description":"","query_type":"product_ids","query_ids":[22248],"default_option_id":22248,"thumbnail_id":"","thumbnail_src":"","quantity_min":1,"quantity_max":1,"priced_individually":false,"shipped_individually":false,"optional":false,"discount":"","options_style":"radios","pagination_style":"classic","display_prices":"absolute","show_sorting_options":false,"show_filtering_options":false,"attribute_filter_ids":[],"product_title_visible":false,"product_descr_visible":false,"product_price_visible":false,"product_thumb_visible":false,"subtotal_visible_product":false,"subtotal_visible_cart":false,"subtotal_visible_orders":false},{"id":"1670848622","title":"Potencia","description":"","query_type":"product_ids","query_ids":[13702],"default_option_id":13702,"thumbnail_id":"","thumbnail_src":"","quantity_min":1,"quantity_max":1,"priced_individually":false,"shipped_individually":false,"optional":false,"discount":"","options_style":"radios","pagination_style":"classic","display_prices":"absolute","show_sorting_options":false,"show_filtering_options":false,"attribute_filter_ids":[],"product_title_visible":false,"product_descr_visible":false,"product_price_visible":false,"product_thumb_visible":false,"subtotal_visible_product":false,"subtotal_visible_cart":false,"subtotal_visible_orders":false},{"id":"1670848623","title":"Controlar","description":"","query_type":"product_ids","query_ids":[21539],"default_option_id":21539,"thumbnail_id":"","thumbnail_src":"","quantity_min":1,"quantity_max":1,"priced_individually":false,"shipped_individually":false,"optional":false,"discount":"","options_style":"radios","pagination_style":"classic","display_prices":"absolute","show_sorting_options":false,"show_filtering_options":false,"attribute_filter_ids":[],"product_title_visible":false,"product_descr_visible":false,"product_price_visible":false,"product_thumb_visible":false,"subtotal_visible_product":false,"subtotal_visible_cart":false,"subtotal_visible_orders":false},{"id":"1670848624","title":"Acabado","description":"","query_type":"product_ids","query_ids":[21841,21866],"default_option_id":"","thumbnail_id":"","thumbnail_src":"","quantity_min":1,"quantity_max":1,"priced_individually":false,"shipped_individually":false,"optional":true,"discount":"","options_style":"radios","pagination_style":"classic","display_prices":"absolute","show_sorting_options":false,"show_filtering_options":false,"attribute_filter_ids":[],"product_title_visible":false,"product_descr_visible":false,"product_price_visible":false,"product_thumb_visible":false,"subtotal_visible_product":false,"subtotal_visible_cart":false,"subtotal_visible_orders":false},{"id":"1670848625","title":"CRI-CCT","description":"","query_type":"product_ids","query_ids":[21745,21739,21740,21741],"default_option_id":"","thumbnail_id":"","thumbnail_src":"","quantity_min":1,"quantity_max":1,"priced_individually":false,"shipped_individually":false,"optional":true,"discount":"","options_style":"radios","pagination_style":"classic","display_prices":"absolute","show_sorting_options":false,"show_filtering_options":false,"attribute_filter_ids":[],"product_title_visible":false,"product_descr_visible":false,"product_price_visible":false,"product_thumb_visible":false,"subtotal_visible_product":false,"subtotal_visible_cart":false,"subtotal_visible_orders":false},{"id":"1670848626","title":"\u00d3ptica","description":"","query_type":"product_ids","query_ids":[21916,21915,21899],"default_option_id":"","thumbnail_id":"","thumbnail_src":"","quantity_min":1,"quantity_max":1,"priced_individually":false,"shipped_individually":false,"optional":true,"discount":"","options_style":"radios","pagination_style":"classic","display_prices":"absolute","show_sorting_options":false,"show_filtering_options":false,"attribute_filter_ids":[],"product_title_visible":false,"product_descr_visible":false,"product_price_visible":false,"product_thumb_visible":false,"subtotal_visible_product":false,"subtotal_visible_cart":false,"subtotal_visible_orders":false},{"id":"1677595552","title":" ","description":"","query_type":"product_ids","query_ids":[7636],"default_option_id":7636,"thumbnail_id":"","thumbnail_src":"","quantity_min":1,"quantity_max":1,"priced_individually":false,"shipped_individually":false,"optional":false,"discount":"","options_style":"radios","pagination_style":"classic","display_prices":"absolute","show_sorting_options":false,"show_filtering_options":false,"attribute_filter_ids":[],"product_title_visible":false,"product_descr_visible":false,"product_price_visible":false,"product_thumb_visible":false,"subtotal_visible_product":false,"subtotal_visible_cart":false,"subtotal_visible_orders":false},{"id":"1677595553","title":"Alimentaci\u00f3n","description":"","query_type":"product_ids","query_ids":[40471],"default_option_id":40471,"thumbnail_id":"","thumbnail_src":"","quantity_min":1,"quantity_max":1,"priced_individually":false,"shipped_individually":false,"optional":false,"discount":"","options_style":"radios","pagination_style":"classic","display_prices":"absolute","show_sorting_options":false,"show_filtering_options":false,"attribute_filter_ids":[],"product_title_visible":false,"product_descr_visible":true,"product_price_visible":false,"product_thumb_visible":true,"subtotal_visible_product":false,"subtotal_visible_cart":false,"subtotal_visible_orders":false},{"id":"1675695385","title":"Accesorios secundarios","description":"","query_type":"product_ids","query_ids":[40988],"default_option_id":40988,"thumbnail_id":"","thumbnail_src":"","quantity_min":1,"quantity_max":1,"priced_individually":false,"shipped_individually":false,"optional":false,"discount":"","options_style":"radios","pagination_style":"classic","display_prices":"absolute","show_sorting_options":false,"show_filtering_options":false,"attribute_filter_ids":[],"product_title_visible":false,"product_descr_visible":true,"product_price_visible":false,"product_thumb_visible":false,"subtotal_visible_product":false,"subtotal_visible_cart":false,"subtotal_visible_orders":false},{"id":"1675695386","title":"Seleccione para activar el anillo","description":"","query_type":"product_ids","query_ids":[7636],"default_option_id":"","thumbnail_id":"","thumbnail_src":"","quantity_min":1,"quantity_max":1,"priced_individually":false,"shipped_individually":false,"optional":true,"discount":"","options_style":"radios","pagination_style":"classic","display_prices":"absolute","show_sorting_options":false,"show_filtering_options":false,"attribute_filter_ids":[],"product_title_visible":false,"product_descr_visible":false,"product_price_visible":false,"product_thumb_visible":false,"subtotal_visible_product":false,"subtotal_visible_cart":false,"subtotal_visible_orders":false},{"id":"1678869580","title":"Anillo decorativo","description":"","query_type":"product_ids","query_ids":[41746],"default_option_id":41746,"thumbnail_id":"","thumbnail_src":"","quantity_min":1,"quantity_max":1,"priced_individually":false,"shipped_individually":false,"optional":false,"discount":"","options_style":"radios","pagination_style":"classic","display_prices":"absolute","show_sorting_options":false,"show_filtering_options":false,"attribute_filter_ids":[],"product_title_visible":false,"product_descr_visible":true,"product_price_visible":false,"product_thumb_visible":true,"subtotal_visible_product":false,"subtotal_visible_cart":false,"subtotal_visible_orders":false}],"composite_scenarios":[{"id":"1675695883","name":"no anello","description":"","configuration":[{"component_id":"1675695386","options_modifier":"in","component_options":[-1]}],"actions":[{"action_id":"compat_group","is_active":false},{"action_id":"conditional_components","is_active":true,"hidden_components":["1678869580"]},{"action_id":"conditional_options","is_active":true,"hidden_options":[{"component_id":"1678869580","component_options":[-1],"options_modifier":"not-in"}]}],"enabled":true},{"id":"1677595612","name":"alimentazione","description":"","configuration":[{"component_id":"1669907878","options_modifier":"in","component_options":[13708]}],"actions":[{"action_id":"compat_group","is_active":false},{"action_id":"conditional_components","is_active":false,"hidden_components":[]},{"action_id":"conditional_options","is_active":true,"hidden_options":[{"component_id":"1677595553","component_options":[-1,75310,75311,40478,40480,40481],"options_modifier":"not-in"}]}],"enabled":true}],"bundled_by":[],"bundle_stock_status":"instock","bundle_stock_quantity":null,"bundle_virtual":false,"bundle_layout":"","bundle_add_to_cart_form_location":"","bundle_editable_in_cart":false,"bundle_sold_individually_context":"","bundle_item_grouping":"","bundle_min_size":"","bundle_max_size":"","bundled_items":[],"bundle_sell_ids":[],"acf":[],"yoast_head":"<!-- This site is optimized with the Yoast SEO plugin v27.5 - https:\/\/yoast.com\/product\/yoast-seo-wordpress\/ -->\n<title>Blog Orientable | Exenia<\/title>\n<meta name=\"robots\" content=\"noindex, follow, max-snippet:-1, max-image-preview:large, max-video-preview:-1\" \/>\n<meta property=\"og:locale\" content=\"es_ES\" \/>\n<meta property=\"og:type\" content=\"article\" \/>\n<meta property=\"og:title\" content=\"Blog Orientable | Exenia\" \/>\n<meta property=\"og:description\" content=\"LED downlight con +\/-25\u00b0 de inclinaci\u00f3n fabricado en aluminio fundido...\" \/>\n<meta property=\"og:url\" content=\"https:\/\/restyling.exenia.eu\/prodotto\/blog-orientabile\/\" \/>\n<meta property=\"og:site_name\" content=\"Exenia\" \/>\n<meta property=\"article:publisher\" content=\"https:\/\/www.facebook.com\/exenialighting\" \/>\n<meta property=\"article:modified_time\" content=\"2023-06-13T12:44:09+00:00\" \/>\n<meta property=\"og:image\" content=\"https:\/\/restyling.exenia.eu\/wp-content\/uploads\/2022\/12\/Blogorientabile-Prodotto.jpg\" \/>\n\t<meta property=\"og:image:width\" content=\"1920\" \/>\n\t<meta property=\"og:image:height\" content=\"1266\" \/>\n\t<meta property=\"og:image:type\" content=\"image\/jpeg\" \/>\n<!-- \/ Yoast SEO plugin. -->","yoast_head_json":{"title":"Blog Orientable | Exenia","robots":{"index":"noindex","follow":"follow","max-snippet":"max-snippet:-1","max-image-preview":"max-image-preview:large","max-video-preview":"max-video-preview:-1"},"og_locale":"es_ES","og_type":"article","og_title":"Blog Orientable | Exenia","og_description":"LED downlight con +\/-25\u00b0 de inclinaci\u00f3n fabricado en aluminio fundido...","og_url":"https:\/\/restyling.exenia.eu\/prodotto\/blog-orientabile\/","og_site_name":"Exenia","article_publisher":"https:\/\/www.facebook.com\/exenialighting","article_modified_time":"2023-06-13T12:44:09+00:00","og_image":[{"width":1920,"height":1266,"url":"https:\/\/restyling.exenia.eu\/wp-content\/uploads\/2022\/12\/Blogorientabile-Prodotto.jpg","type":"image\/jpeg"}],"schema":{"@context":"https:\/\/schema.org","@graph":[{"@type":"WebPage","@id":"https:\/\/restyling.exenia.eu\/prodotto\/blog-orientabile\/","url":"https:\/\/restyling.exenia.eu\/prodotto\/blog-orientabile\/","name":"Blog Orientable | Exenia","isPartOf":{"@id":"https:\/\/restyling.exenia.eu\/#website"},"primaryImageOfPage":{"@id":"https:\/\/restyling.exenia.eu\/prodotto\/blog-orientabile\/#primaryimage"},"image":{"@id":"https:\/\/restyling.exenia.eu\/prodotto\/blog-orientabile\/#primaryimage"},"thumbnailUrl":"https:\/\/restyling.exenia.eu\/wp-content\/uploads\/2022\/12\/Blogorientabile-Prodotto.jpg","datePublished":"2022-12-01T14:18:17+00:00","dateModified":"2023-06-13T12:44:09+00:00","breadcrumb":{"@id":"https:\/\/restyling.exenia.eu\/prodotto\/blog-orientabile\/#breadcrumb"},"inLanguage":"es","potentialAction":[{"@type":"ReadAction","target":["https:\/\/restyling.exenia.eu\/prodotto\/blog-orientabile\/"]}]},{"@type":"ImageObject","inLanguage":"es","@id":"https:\/\/restyling.exenia.eu\/prodotto\/blog-orientabile\/#primaryimage","url":"https:\/\/restyling.exenia.eu\/wp-content\/uploads\/2022\/12\/Blogorientabile-Prodotto.jpg","contentUrl":"https:\/\/restyling.exenia.eu\/wp-content\/uploads\/2022\/12\/Blogorientabile-Prodotto.jpg","width":1920,"height":1266},{"@type":"BreadcrumbList","@id":"https:\/\/restyling.exenia.eu\/prodotto\/blog-orientabile\/#breadcrumb","itemListElement":[{"@type":"ListItem","position":1,"name":"Home","item":"https:\/\/restyling.exenia.eu\/"},{"@type":"ListItem","position":2,"name":"Productos","item":"https:\/\/restyling.exenia.eu\/prodotti\/"},{"@type":"ListItem","position":3,"name":"Indoor","item":"https:\/\/restyling.exenia.eu\/c\/indoor\/"},{"@type":"ListItem","position":4,"name":"Apparecchi ad incasso","item":"https:\/\/restyling.exenia.eu\/c\/indoor\/apparecchi-ad-incasso\/"},{"@type":"ListItem","position":5,"name":"Blog","item":"https:\/\/restyling.exenia.eu\/c\/indoor\/apparecchi-ad-incasso\/blog\/"},{"@type":"ListItem","position":6,"name":"Blog Orientable"}]},{"@type":"WebSite","@id":"https:\/\/restyling.exenia.eu\/#website","url":"https:\/\/restyling.exenia.eu\/","name":"Exenia","description":"","publisher":{"@id":"https:\/\/restyling.exenia.eu\/#organization"},"potentialAction":[{"@type":"SearchAction","target":{"@type":"EntryPoint","urlTemplate":"https:\/\/restyling.exenia.eu\/?s={search_term_string}"},"query-input":{"@type":"PropertyValueSpecification","valueRequired":true,"valueName":"search_term_string"}}],"inLanguage":"es"},{"@type":"Organization","@id":"https:\/\/restyling.exenia.eu\/#organization","name":"Exenia","url":"https:\/\/restyling.exenia.eu\/","logo":{"@type":"ImageObject","inLanguage":"es","@id":"https:\/\/restyling.exenia.eu\/#\/schema\/logo\/image\/","url":"https:\/\/restyling.exenia.eu\/wp-content\/uploads\/2022\/09\/logo_exenia-e1678467519405.png","contentUrl":"https:\/\/restyling.exenia.eu\/wp-content\/uploads\/2022\/09\/logo_exenia-e1678467519405.png","width":600,"height":194,"caption":"Exenia"},"image":{"@id":"https:\/\/restyling.exenia.eu\/#\/schema\/logo\/image\/"},"sameAs":["https:\/\/www.facebook.com\/exenialighting","https:\/\/x.com\/ExeniaLighting"]}]}},"_links":{"self":[{"href":"https:\/\/restyling.exenia.eu\/es\/wp-json\/wp\/v2\/product\/27028","targetHints":{"allow":["GET"]}}],"collection":[{"href":"https:\/\/restyling.exenia.eu\/es\/wp-json\/wp\/v2\/product"}],"about":[{"href":"https:\/\/restyling.exenia.eu\/es\/wp-json\/wp\/v2\/types\/product"}],"wp:featuredmedia":[{"embeddable":true,"href":"https:\/\/restyling.exenia.eu\/es\/wp-json\/wp\/v2\/media\/7382"}],"wp:attachment":[{"href":"https:\/\/restyling.exenia.eu\/es\/wp-json\/wp\/v2\/media?parent=27028"}],"wp:term":[{"taxonomy":"product_brand","embeddable":true,"href":"https:\/\/restyling.exenia.eu\/es\/wp-json\/wp\/v2\/product_brand?post=27028"},{"taxonomy":"product_cat","embeddable":true,"href":"https:\/\/restyling.exenia.eu\/es\/wp-json\/wp\/v2\/product_cat?post=27028"},{"taxonomy":"product_tag","embeddable":true,"href":"https:\/\/restyling.exenia.eu\/es\/wp-json\/wp\/v2\/product_tag?post=27028"},{"taxonomy":"categoria-admin-prodotto","embeddable":true,"href":"https:\/\/restyling.exenia.eu\/es\/wp-json\/wp\/v2\/categoria-admin-prodotto?post=27028"}],"curies":[{"name":"wp","href":"https:\/\/api.w.org\/{rel}","templated":true}]}}