{"id":27031,"date":"2022-12-01T15:12:30","date_gmt":"2022-12-01T14:12:30","guid":{"rendered":"https:\/\/www.exenia.eu\/prodotto\/blog-small-fisso\/"},"modified":"2023-06-13T14:44:08","modified_gmt":"2023-06-13T12:44:08","slug":"blog-small-fijo","status":"publish","type":"product","link":"https:\/\/restyling.exenia.eu\/es\/producto\/blog-small-fijo\/","title":{"rendered":"Blog Small Fijo"},"content":{"rendered":"<p>Peque\u00f1o downlight LED fijo de aluminio fundido a presi\u00f3n disponible en 2700K, 3000K y 4000K en CRI95 y 3000K en CRI85. Consumo nominal de 6W (900lm). Mantenimiento del flujo luminoso de 100.000 horas en L80B10. El downlight se completa con un conjunto \u00f3ptico que incluye una \u00f3ptica reflectante de policarbonato pintada en espejo con diferentes \u00e1ngulos de haz. Opcionalmente, se puede a\u00f1adir al conjunto \u00f3ptico una cubierta de color fabricada en PMMA transl\u00facido, naranja transl\u00facido, azul transl\u00facido y verde transl\u00facido o negro mate. La cubierta de color capta la luz y confiere al downlight un efecto de cubierta de color brillante. Grado de protecci\u00f3n IP20 o IP40 en la versi\u00f3n fija, cuando se utiliza con un difusor satinado, disponible como accesorio. Luminaria de clase III para utilizar con controlador remoto, disponible para regulaci\u00f3n ON\/OFF, DALI, 1-10V, PUSH y PHASE CUT. Tambi\u00e9n disponible en versi\u00f3n de emergencia (consultar a f\u00e1brica). Se puede utilizar un accesorio Bluetooth en combinaci\u00f3n con el controlador DALI para el control a trav\u00e9s de una aplicaci\u00f3n de smartphone. Debe pedirse por separado. Los acabados de la carcasa incluyen blanco mate texturizado y negro mate texturizado (con recubrimiento en polvo).<\/p>\n","protected":false},"excerpt":{"rendered":"<p>Peque\u00f1o downlight LED fijo de aluminio fundido a presi\u00f3n disponible&#8230;<\/p>\n","protected":false},"featured_media":37557,"template":"","meta":{"_acf_changed":false},"product_brand":[],"product_cat":[3024],"product_tag":[7755,7763],"categoria-admin-prodotto":[],"class_list":{"0":"post-27031","1":"product","2":"type-product","3":"status-publish","4":"has-post-thumbnail","6":"product_cat-blog-emportables","7":"product_tag-12080-es","8":"product_tag-12081-es","9":"pa_cct-2700k-es","10":"pa_cct-3000k-es","11":"pa_cct-4000k-es","12":"pa_certificazione-conformita-ce-es","13":"pa_classe-f-si-es-2","14":"pa_cri-85-es","15":"pa_cri-95-es","16":"pa_grado-ip-ip20-es","17":"pa_lifetime-l80b10-100-000-ore-es","18":"pa_temperatura-di-esercizio-10-30-es","20":"first","21":"instock","22":"purchasable","23":"product-type-composite"},"composite_virtual":false,"composite_layout":"single","composite_add_to_cart_form_location":"default","composite_editable_in_cart":false,"composite_sold_individually_context":"product","composite_shop_price_calc":"defaults","composite_components":[{"id":"1669907781","title":"Cuerpo de la luminaria","description":"","query_type":"product_ids","query_ids":[21589],"default_option_id":21589,"thumbnail_id":"","thumbnail_src":"","quantity_min":1,"quantity_max":1,"priced_individually":false,"shipped_individually":false,"optional":false,"discount":"","options_style":"radios","pagination_style":"classic","display_prices":"absolute","show_sorting_options":false,"show_filtering_options":false,"attribute_filter_ids":[],"product_title_visible":false,"product_descr_visible":false,"product_price_visible":false,"product_thumb_visible":false,"subtotal_visible_product":false,"subtotal_visible_cart":false,"subtotal_visible_orders":false},{"id":"1670852229","title":"Versi\u00f3n","description":"","query_type":"product_ids","query_ids":[22242,22233],"default_option_id":"","thumbnail_id":"","thumbnail_src":"","quantity_min":1,"quantity_max":1,"priced_individually":false,"shipped_individually":false,"optional":true,"discount":"","options_style":"radios","pagination_style":"classic","display_prices":"absolute","show_sorting_options":false,"show_filtering_options":false,"attribute_filter_ids":[],"product_title_visible":false,"product_descr_visible":false,"product_price_visible":false,"product_thumb_visible":false,"subtotal_visible_product":false,"subtotal_visible_cart":false,"subtotal_visible_orders":false},{"id":"1670852230","title":"Potencia","description":"","query_type":"product_ids","query_ids":[13705],"default_option_id":13705,"thumbnail_id":"","thumbnail_src":"","quantity_min":1,"quantity_max":1,"priced_individually":false,"shipped_individually":false,"optional":false,"discount":"","options_style":"radios","pagination_style":"classic","display_prices":"absolute","show_sorting_options":false,"show_filtering_options":false,"attribute_filter_ids":[],"product_title_visible":false,"product_descr_visible":false,"product_price_visible":false,"product_thumb_visible":false,"subtotal_visible_product":false,"subtotal_visible_cart":false,"subtotal_visible_orders":false},{"id":"1670852231","title":"Controlar","description":"","query_type":"product_ids","query_ids":[21539],"default_option_id":21539,"thumbnail_id":"","thumbnail_src":"","quantity_min":1,"quantity_max":1,"priced_individually":false,"shipped_individually":false,"optional":false,"discount":"","options_style":"radios","pagination_style":"classic","display_prices":"absolute","show_sorting_options":false,"show_filtering_options":false,"attribute_filter_ids":[],"product_title_visible":false,"product_descr_visible":false,"product_price_visible":false,"product_thumb_visible":false,"subtotal_visible_product":false,"subtotal_visible_cart":false,"subtotal_visible_orders":false},{"id":"1670852536","title":"Acabado","description":"","query_type":"product_ids","query_ids":[21841,21866],"default_option_id":"","thumbnail_id":"","thumbnail_src":"","quantity_min":1,"quantity_max":1,"priced_individually":false,"shipped_individually":false,"optional":true,"discount":"","options_style":"radios","pagination_style":"classic","display_prices":"absolute","show_sorting_options":false,"show_filtering_options":false,"attribute_filter_ids":[],"product_title_visible":false,"product_descr_visible":false,"product_price_visible":false,"product_thumb_visible":false,"subtotal_visible_product":false,"subtotal_visible_cart":false,"subtotal_visible_orders":false},{"id":"1670852537","title":"CRI-CCT","description":"","query_type":"product_ids","query_ids":[21745,21739,21740,21741],"default_option_id":"","thumbnail_id":"","thumbnail_src":"","quantity_min":1,"quantity_max":1,"priced_individually":false,"shipped_individually":false,"optional":true,"discount":"","options_style":"radios","pagination_style":"classic","display_prices":"absolute","show_sorting_options":false,"show_filtering_options":false,"attribute_filter_ids":[],"product_title_visible":false,"product_descr_visible":false,"product_price_visible":false,"product_thumb_visible":false,"subtotal_visible_product":false,"subtotal_visible_cart":false,"subtotal_visible_orders":false},{"id":"1670852538","title":"\u00d3ptica","description":"","query_type":"product_ids","query_ids":[21905,21893,21924],"default_option_id":"","thumbnail_id":"","thumbnail_src":"","quantity_min":1,"quantity_max":1,"priced_individually":false,"shipped_individually":false,"optional":true,"discount":"","options_style":"radios","pagination_style":"classic","display_prices":"absolute","show_sorting_options":false,"show_filtering_options":false,"attribute_filter_ids":[],"product_title_visible":false,"product_descr_visible":false,"product_price_visible":false,"product_thumb_visible":false,"subtotal_visible_product":false,"subtotal_visible_cart":false,"subtotal_visible_orders":false},{"id":"1670852539","title":"Pedir por separado","description":"","query_type":"product_ids","query_ids":[7636],"default_option_id":7636,"thumbnail_id":"","thumbnail_src":"","quantity_min":1,"quantity_max":1,"priced_individually":false,"shipped_individually":false,"optional":false,"discount":"","options_style":"radios","pagination_style":"classic","display_prices":"absolute","show_sorting_options":false,"show_filtering_options":false,"attribute_filter_ids":[],"product_title_visible":false,"product_descr_visible":false,"product_price_visible":false,"product_thumb_visible":false,"subtotal_visible_product":false,"subtotal_visible_cart":false,"subtotal_visible_orders":false},{"id":"1670852540","title":"Yeso","description":"","query_type":"product_ids","query_ids":[21334,21335],"default_option_id":"","thumbnail_id":"","thumbnail_src":"","quantity_min":1,"quantity_max":1,"priced_individually":false,"shipped_individually":false,"optional":true,"discount":"","options_style":"radios","pagination_style":"classic","display_prices":"absolute","show_sorting_options":false,"show_filtering_options":false,"attribute_filter_ids":[],"product_title_visible":false,"product_descr_visible":false,"product_price_visible":false,"product_thumb_visible":false,"subtotal_visible_product":false,"subtotal_visible_cart":false,"subtotal_visible_orders":false},{"id":"1675692880","title":" ","description":"","query_type":"product_ids","query_ids":[7636],"default_option_id":7636,"thumbnail_id":"","thumbnail_src":"","quantity_min":1,"quantity_max":1,"priced_individually":false,"shipped_individually":false,"optional":false,"discount":"","options_style":"radios","pagination_style":"classic","display_prices":"absolute","show_sorting_options":false,"show_filtering_options":false,"attribute_filter_ids":[],"product_title_visible":false,"product_descr_visible":false,"product_price_visible":false,"product_thumb_visible":false,"subtotal_visible_product":false,"subtotal_visible_cart":false,"subtotal_visible_orders":false},{"id":"1675692881","title":"Alimentaci\u00f3n","description":"","query_type":"product_ids","query_ids":[40471],"default_option_id":40471,"thumbnail_id":"","thumbnail_src":"","quantity_min":1,"quantity_max":1,"priced_individually":false,"shipped_individually":false,"optional":false,"discount":"","options_style":"radios","pagination_style":"classic","display_prices":"absolute","show_sorting_options":false,"show_filtering_options":false,"attribute_filter_ids":[],"product_title_visible":false,"product_descr_visible":true,"product_price_visible":false,"product_thumb_visible":true,"subtotal_visible_product":false,"subtotal_visible_cart":false,"subtotal_visible_orders":false},{"id":"1675694640","title":"Accesorios secundarios","description":"","query_type":"product_ids","query_ids":[40992],"default_option_id":40992,"thumbnail_id":"","thumbnail_src":"","quantity_min":1,"quantity_max":1,"priced_individually":false,"shipped_individually":false,"optional":false,"discount":"","options_style":"radios","pagination_style":"classic","display_prices":"absolute","show_sorting_options":false,"show_filtering_options":false,"attribute_filter_ids":[],"product_title_visible":false,"product_descr_visible":true,"product_price_visible":false,"product_thumb_visible":false,"subtotal_visible_product":false,"subtotal_visible_cart":false,"subtotal_visible_orders":false},{"id":"1675694641","title":"Seleccione para activar el anillo","description":"","query_type":"product_ids","query_ids":[7636],"default_option_id":"","thumbnail_id":"","thumbnail_src":"","quantity_min":1,"quantity_max":1,"priced_individually":false,"shipped_individually":false,"optional":true,"discount":"","options_style":"radios","pagination_style":"classic","display_prices":"absolute","show_sorting_options":false,"show_filtering_options":false,"attribute_filter_ids":[],"product_title_visible":false,"product_descr_visible":false,"product_price_visible":false,"product_thumb_visible":false,"subtotal_visible_product":false,"subtotal_visible_cart":false,"subtotal_visible_orders":false},{"id":"1678869976","title":"Anillo decorativo","description":"","query_type":"product_ids","query_ids":[41752],"default_option_id":41752,"thumbnail_id":"","thumbnail_src":"","quantity_min":1,"quantity_max":1,"priced_individually":false,"shipped_individually":false,"optional":false,"discount":"","options_style":"radios","pagination_style":"classic","display_prices":"absolute","show_sorting_options":false,"show_filtering_options":false,"attribute_filter_ids":[],"product_title_visible":false,"product_descr_visible":true,"product_price_visible":false,"product_thumb_visible":true,"subtotal_visible_product":false,"subtotal_visible_cart":false,"subtotal_visible_orders":false}],"composite_scenarios":[{"id":"1670852615","name":"trim","description":"","configuration":[{"component_id":"1670852229","options_modifier":"in","component_options":[22242]}],"actions":[{"action_id":"compat_group","is_active":false},{"action_id":"conditional_components","is_active":true,"hidden_components":["1670852539","1670852540"]},{"action_id":"conditional_options","is_active":false,"hidden_options":[]}],"enabled":true},{"id":"1670852616","name":"gesso","description":"","configuration":[{"component_id":"1670852540","options_modifier":"in","component_options":[21334,21335]}],"actions":[{"action_id":"compat_group","is_active":false},{"action_id":"conditional_components","is_active":false,"hidden_components":[]},{"action_id":"conditional_options","is_active":true,"hidden_options":[{"component_id":"1670852229","component_options":[22242],"options_modifier":"in"}]}],"enabled":true},{"id":"1675693387","name":"driver TRIM","description":"","configuration":[{"component_id":"1670852229","options_modifier":"in","component_options":[22242]}],"actions":[{"action_id":"compat_group","is_active":false},{"action_id":"conditional_components","is_active":false,"hidden_components":[]},{"action_id":"conditional_options","is_active":true,"hidden_options":[{"component_id":"1675692881","component_options":[-1,75310,75311,40475,40480,40481],"options_modifier":"not-in"}]}],"enabled":true},{"id":"1675693388","name":"driver TRIMLESS 1X","description":"","configuration":[{"component_id":"1670852229","options_modifier":"in","component_options":[22233]},{"component_id":"1670852540","options_modifier":"in","component_options":[21334]}],"actions":[{"action_id":"compat_group","is_active":false},{"action_id":"conditional_components","is_active":false,"hidden_components":[]},{"action_id":"conditional_options","is_active":true,"hidden_options":[{"component_id":"1675692881","component_options":[-1,40475,40481,40484],"options_modifier":"not-in"}]}],"enabled":true},{"id":"1675693389","name":"driver TRIMLESS 2X","description":"","configuration":[{"component_id":"1670852229","options_modifier":"in","component_options":[22233]},{"component_id":"1670852540","options_modifier":"in","component_options":[21335]}],"actions":[{"action_id":"compat_group","is_active":false},{"action_id":"conditional_components","is_active":false,"hidden_components":[]},{"action_id":"conditional_options","is_active":true,"hidden_options":[{"component_id":"1675692881","component_options":[-1,40478,40481,40484],"options_modifier":"not-in"}]}],"enabled":true},{"id":"1675694678","name":"no anello","description":"","configuration":[{"component_id":"1675694641","options_modifier":"in","component_options":[-1]}],"actions":[{"action_id":"compat_group","is_active":false},{"action_id":"conditional_components","is_active":true,"hidden_components":["1678869976"]},{"action_id":"conditional_options","is_active":true,"hidden_options":[{"component_id":"1678869976","component_options":[-1],"options_modifier":"not-in"}]}],"enabled":true},{"id":"1679308795","name":"no driver","description":"","configuration":[{"component_id":"1670852229","options_modifier":"in","component_options":[-1]}],"actions":[{"action_id":"compat_group","is_active":false},{"action_id":"conditional_components","is_active":true,"hidden_components":["1675692881"]},{"action_id":"conditional_options","is_active":true,"hidden_options":[{"component_id":"1675692881","component_options":[-1],"options_modifier":"not-in"}]}],"enabled":true}],"bundled_by":[],"bundle_stock_status":"instock","bundle_stock_quantity":null,"bundle_virtual":false,"bundle_layout":"","bundle_add_to_cart_form_location":"","bundle_editable_in_cart":false,"bundle_sold_individually_context":"","bundle_item_grouping":"","bundle_min_size":"","bundle_max_size":"","bundled_items":[],"bundle_sell_ids":[],"acf":[],"yoast_head":"<!-- This site is optimized with the Yoast SEO plugin v27.5 - https:\/\/yoast.com\/product\/yoast-seo-wordpress\/ -->\n<title>Blog Small Fijo | Exenia<\/title>\n<meta name=\"robots\" content=\"noindex, follow, max-snippet:-1, max-image-preview:large, max-video-preview:-1\" \/>\n<meta property=\"og:locale\" content=\"es_ES\" \/>\n<meta property=\"og:type\" content=\"article\" \/>\n<meta property=\"og:title\" content=\"Blog Small Fijo | Exenia\" \/>\n<meta property=\"og:description\" content=\"Peque\u00f1o downlight LED fijo de aluminio fundido a presi\u00f3n disponible...\" \/>\n<meta property=\"og:url\" content=\"https:\/\/restyling.exenia.eu\/prodotto\/blog-small-fisso\/\" \/>\n<meta property=\"og:site_name\" content=\"Exenia\" \/>\n<meta property=\"article:publisher\" content=\"https:\/\/www.facebook.com\/exenialighting\" \/>\n<meta property=\"article:modified_time\" content=\"2023-06-13T12:44:08+00:00\" \/>\n<meta property=\"og:image\" content=\"https:\/\/restyling.exenia.eu\/wp-content\/uploads\/2022\/12\/Blog-small-Prodotto.jpg\" \/>\n\t<meta property=\"og:image:width\" content=\"2000\" \/>\n\t<meta property=\"og:image:height\" content=\"1919\" \/>\n\t<meta property=\"og:image:type\" content=\"image\/jpeg\" \/>\n<!-- \/ Yoast SEO plugin. -->","yoast_head_json":{"title":"Blog Small Fijo | Exenia","robots":{"index":"noindex","follow":"follow","max-snippet":"max-snippet:-1","max-image-preview":"max-image-preview:large","max-video-preview":"max-video-preview:-1"},"og_locale":"es_ES","og_type":"article","og_title":"Blog Small Fijo | Exenia","og_description":"Peque\u00f1o downlight LED fijo de aluminio fundido a presi\u00f3n disponible...","og_url":"https:\/\/restyling.exenia.eu\/prodotto\/blog-small-fisso\/","og_site_name":"Exenia","article_publisher":"https:\/\/www.facebook.com\/exenialighting","article_modified_time":"2023-06-13T12:44:08+00:00","og_image":[{"width":2000,"height":1919,"url":"https:\/\/restyling.exenia.eu\/wp-content\/uploads\/2022\/12\/Blog-small-Prodotto.jpg","type":"image\/jpeg"}],"schema":{"@context":"https:\/\/schema.org","@graph":[{"@type":"WebPage","@id":"https:\/\/restyling.exenia.eu\/prodotto\/blog-small-fisso\/","url":"https:\/\/restyling.exenia.eu\/prodotto\/blog-small-fisso\/","name":"Blog Small Fijo | Exenia","isPartOf":{"@id":"https:\/\/restyling.exenia.eu\/#website"},"primaryImageOfPage":{"@id":"https:\/\/restyling.exenia.eu\/prodotto\/blog-small-fisso\/#primaryimage"},"image":{"@id":"https:\/\/restyling.exenia.eu\/prodotto\/blog-small-fisso\/#primaryimage"},"thumbnailUrl":"https:\/\/restyling.exenia.eu\/wp-content\/uploads\/2022\/12\/Blog-small-Prodotto.jpg","datePublished":"2022-12-01T14:12:30+00:00","dateModified":"2023-06-13T12:44:08+00:00","breadcrumb":{"@id":"https:\/\/restyling.exenia.eu\/prodotto\/blog-small-fisso\/#breadcrumb"},"inLanguage":"es","potentialAction":[{"@type":"ReadAction","target":["https:\/\/restyling.exenia.eu\/prodotto\/blog-small-fisso\/"]}]},{"@type":"ImageObject","inLanguage":"es","@id":"https:\/\/restyling.exenia.eu\/prodotto\/blog-small-fisso\/#primaryimage","url":"https:\/\/restyling.exenia.eu\/wp-content\/uploads\/2022\/12\/Blog-small-Prodotto.jpg","contentUrl":"https:\/\/restyling.exenia.eu\/wp-content\/uploads\/2022\/12\/Blog-small-Prodotto.jpg","width":2000,"height":1919},{"@type":"BreadcrumbList","@id":"https:\/\/restyling.exenia.eu\/prodotto\/blog-small-fisso\/#breadcrumb","itemListElement":[{"@type":"ListItem","position":1,"name":"Home","item":"https:\/\/restyling.exenia.eu\/"},{"@type":"ListItem","position":2,"name":"Productos","item":"https:\/\/restyling.exenia.eu\/prodotti\/"},{"@type":"ListItem","position":3,"name":"Indoor","item":"https:\/\/restyling.exenia.eu\/c\/indoor\/"},{"@type":"ListItem","position":4,"name":"Apparecchi ad incasso","item":"https:\/\/restyling.exenia.eu\/c\/indoor\/apparecchi-ad-incasso\/"},{"@type":"ListItem","position":5,"name":"Blog","item":"https:\/\/restyling.exenia.eu\/c\/indoor\/apparecchi-ad-incasso\/blog\/"},{"@type":"ListItem","position":6,"name":"Blog Small Fijo"}]},{"@type":"WebSite","@id":"https:\/\/restyling.exenia.eu\/#website","url":"https:\/\/restyling.exenia.eu\/","name":"Exenia","description":"","publisher":{"@id":"https:\/\/restyling.exenia.eu\/#organization"},"potentialAction":[{"@type":"SearchAction","target":{"@type":"EntryPoint","urlTemplate":"https:\/\/restyling.exenia.eu\/?s={search_term_string}"},"query-input":{"@type":"PropertyValueSpecification","valueRequired":true,"valueName":"search_term_string"}}],"inLanguage":"es"},{"@type":"Organization","@id":"https:\/\/restyling.exenia.eu\/#organization","name":"Exenia","url":"https:\/\/restyling.exenia.eu\/","logo":{"@type":"ImageObject","inLanguage":"es","@id":"https:\/\/restyling.exenia.eu\/#\/schema\/logo\/image\/","url":"https:\/\/restyling.exenia.eu\/wp-content\/uploads\/2022\/09\/logo_exenia-e1678467519405.png","contentUrl":"https:\/\/restyling.exenia.eu\/wp-content\/uploads\/2022\/09\/logo_exenia-e1678467519405.png","width":600,"height":194,"caption":"Exenia"},"image":{"@id":"https:\/\/restyling.exenia.eu\/#\/schema\/logo\/image\/"},"sameAs":["https:\/\/www.facebook.com\/exenialighting","https:\/\/x.com\/ExeniaLighting"]}]}},"_links":{"self":[{"href":"https:\/\/restyling.exenia.eu\/es\/wp-json\/wp\/v2\/product\/27031","targetHints":{"allow":["GET"]}}],"collection":[{"href":"https:\/\/restyling.exenia.eu\/es\/wp-json\/wp\/v2\/product"}],"about":[{"href":"https:\/\/restyling.exenia.eu\/es\/wp-json\/wp\/v2\/types\/product"}],"wp:featuredmedia":[{"embeddable":true,"href":"https:\/\/restyling.exenia.eu\/es\/wp-json\/wp\/v2\/media\/37557"}],"wp:attachment":[{"href":"https:\/\/restyling.exenia.eu\/es\/wp-json\/wp\/v2\/media?parent=27031"}],"wp:term":[{"taxonomy":"product_brand","embeddable":true,"href":"https:\/\/restyling.exenia.eu\/es\/wp-json\/wp\/v2\/product_brand?post=27031"},{"taxonomy":"product_cat","embeddable":true,"href":"https:\/\/restyling.exenia.eu\/es\/wp-json\/wp\/v2\/product_cat?post=27031"},{"taxonomy":"product_tag","embeddable":true,"href":"https:\/\/restyling.exenia.eu\/es\/wp-json\/wp\/v2\/product_tag?post=27031"},{"taxonomy":"categoria-admin-prodotto","embeddable":true,"href":"https:\/\/restyling.exenia.eu\/es\/wp-json\/wp\/v2\/categoria-admin-prodotto?post=27031"}],"curies":[{"name":"wp","href":"https:\/\/api.w.org\/{rel}","templated":true}]}}