{"id":27047,"date":"2022-11-24T09:51:46","date_gmt":"2022-11-24T08:51:46","guid":{"rendered":"https:\/\/www.exenia.eu\/prodotto\/willy-led\/"},"modified":"2023-06-13T14:44:05","modified_gmt":"2023-06-13T12:44:05","slug":"willy-suspension","status":"publish","type":"product","link":"https:\/\/restyling.exenia.eu\/es\/producto\/willy-suspension\/","title":{"rendered":"Willy Suspensi\u00f3n"},"content":{"rendered":"<p>Luminaria de suspensi\u00f3n con fuente lum\u00ednica LED. Cuerpo y roset\u00f3n de aluminio estirado esmaltado en la parte externa en rojo ladrillo, rojo laca, verde primavera, amarillo trigo, blanco brillante, negro opaco, \u00abcarta da zucchero\u00bb (azul pastel), gris cemento o en acabado de acero corten. Fuente de alimentaci\u00f3n integrada 220\/240V &#8211; 50\/60Hz.<\/p>\n","protected":false},"excerpt":{"rendered":"<p>Luminaria de suspensi\u00f3n con fuente lum\u00ednica LED. Cuerpo y roset\u00f3n&#8230;<\/p>\n","protected":false},"featured_media":13124,"template":"","meta":{"_acf_changed":false},"product_brand":[],"product_cat":[3973],"product_tag":[8784,8789,8794,8798],"categoria-admin-prodotto":[],"class_list":{"0":"post-27047","1":"product","2":"type-product","3":"status-publish","4":"has-post-thumbnail","6":"product_cat-willy-apparecchi-a-sospensione-plafoniere-es","7":"product_tag-31350-es","8":"product_tag-31351-es","9":"product_tag-31352-es","10":"product_tag-31353-es","11":"pa_cct-2700k-es","12":"pa_cct-3000k-es","13":"pa_cct-4000k-es","14":"pa_certificazione-conformita-ce-es","15":"pa_classe-f-si-es-2","16":"pa_cri-85-es","17":"pa_cri-95-es","18":"pa_grado-ip-ip20-es","19":"pa_lifetime-l80b10-100-000-ore-es","20":"pa_temperatura-di-esercizio-10-30-es","22":"first","23":"instock","24":"purchasable","25":"product-type-composite"},"composite_virtual":false,"composite_layout":"single","composite_add_to_cart_form_location":"default","composite_editable_in_cart":false,"composite_sold_individually_context":"product","composite_shop_price_calc":"defaults","composite_components":[{"id":"1670266785","title":"Cuerpo de la luminaria","description":"","query_type":"product_ids","query_ids":[21606],"default_option_id":21606,"thumbnail_id":"","thumbnail_src":"","quantity_min":1,"quantity_max":1,"priced_individually":false,"shipped_individually":false,"optional":false,"discount":"","options_style":"radios","pagination_style":"classic","display_prices":"absolute","show_sorting_options":false,"show_filtering_options":false,"attribute_filter_ids":[],"product_title_visible":false,"product_descr_visible":false,"product_price_visible":false,"product_thumb_visible":false,"subtotal_visible_product":false,"subtotal_visible_cart":false,"subtotal_visible_orders":false},{"id":"1670266786","title":"Talla","description":"","query_type":"product_ids","query_ids":[22173,22157,22166,22178],"default_option_id":"","thumbnail_id":"","thumbnail_src":"","quantity_min":1,"quantity_max":1,"priced_individually":false,"shipped_individually":false,"optional":true,"discount":"","options_style":"radios","pagination_style":"classic","display_prices":"absolute","show_sorting_options":false,"show_filtering_options":false,"attribute_filter_ids":[],"product_title_visible":false,"product_descr_visible":false,"product_price_visible":false,"product_thumb_visible":false,"subtotal_visible_product":false,"subtotal_visible_cart":false,"subtotal_visible_orders":false},{"id":"1670314731","title":"Controlar","description":"","query_type":"product_ids","query_ids":[21537,21541,21544,21546,21547],"default_option_id":"","thumbnail_id":"","thumbnail_src":"","quantity_min":1,"quantity_max":1,"priced_individually":false,"shipped_individually":false,"optional":true,"discount":"","options_style":"radios","pagination_style":"classic","display_prices":"absolute","show_sorting_options":false,"show_filtering_options":false,"attribute_filter_ids":[],"product_title_visible":false,"product_descr_visible":false,"product_price_visible":false,"product_thumb_visible":false,"subtotal_visible_product":false,"subtotal_visible_cart":false,"subtotal_visible_orders":false},{"id":"1670314732","title":"Acabado","description":"","query_type":"product_ids","query_ids":[21832,21798,21800,21802,21804,21808,21809,21813,21817],"default_option_id":"","thumbnail_id":"","thumbnail_src":"","quantity_min":1,"quantity_max":1,"priced_individually":false,"shipped_individually":false,"optional":true,"discount":"","options_style":"radios","pagination_style":"classic","display_prices":"absolute","show_sorting_options":false,"show_filtering_options":false,"attribute_filter_ids":[],"product_title_visible":false,"product_descr_visible":false,"product_price_visible":false,"product_thumb_visible":false,"subtotal_visible_product":false,"subtotal_visible_cart":false,"subtotal_visible_orders":false},{"id":"1670314733","title":"CRI-CCT","description":"","query_type":"product_ids","query_ids":[21745,21739,21740,21741],"default_option_id":"","thumbnail_id":"","thumbnail_src":"","quantity_min":1,"quantity_max":1,"priced_individually":false,"shipped_individually":false,"optional":true,"discount":"","options_style":"radios","pagination_style":"classic","display_prices":"absolute","show_sorting_options":false,"show_filtering_options":false,"attribute_filter_ids":[],"product_title_visible":false,"product_descr_visible":false,"product_price_visible":false,"product_thumb_visible":false,"subtotal_visible_product":false,"subtotal_visible_cart":false,"subtotal_visible_orders":false},{"id":"1670314734","title":"Pedir por separado","description":"","query_type":"product_ids","query_ids":[7636],"default_option_id":7636,"thumbnail_id":"","thumbnail_src":"","quantity_min":1,"quantity_max":1,"priced_individually":false,"shipped_individually":false,"optional":false,"discount":"","options_style":"radios","pagination_style":"classic","display_prices":"absolute","show_sorting_options":false,"show_filtering_options":false,"attribute_filter_ids":[],"product_title_visible":false,"product_descr_visible":false,"product_price_visible":false,"product_thumb_visible":false,"subtotal_visible_product":false,"subtotal_visible_cart":false,"subtotal_visible_orders":false},{"id":"1670314735","title":"Accesorios \u00f3pticos primarios","description":"","query_type":"product_ids","query_ids":[21274,21272,21273,21275],"default_option_id":"","thumbnail_id":"","thumbnail_src":"","quantity_min":1,"quantity_max":1,"priced_individually":false,"shipped_individually":false,"optional":true,"discount":"","options_style":"radios","pagination_style":"classic","display_prices":"absolute","show_sorting_options":false,"show_filtering_options":false,"attribute_filter_ids":[],"product_title_visible":false,"product_descr_visible":false,"product_price_visible":false,"product_thumb_visible":false,"subtotal_visible_product":false,"subtotal_visible_cart":false,"subtotal_visible_orders":false},{"id":"1670314736","title":"Acabado del anillo","description":"","query_type":"product_ids","query_ids":[21832,21798,21800,21802,21804,21808,21809,21817],"default_option_id":"","thumbnail_id":"","thumbnail_src":"","quantity_min":1,"quantity_max":1,"priced_individually":false,"shipped_individually":false,"optional":true,"discount":"","options_style":"radios","pagination_style":"classic","display_prices":"absolute","show_sorting_options":false,"show_filtering_options":false,"attribute_filter_ids":[],"product_title_visible":false,"product_descr_visible":false,"product_price_visible":false,"product_thumb_visible":false,"subtotal_visible_product":false,"subtotal_visible_cart":false,"subtotal_visible_orders":false},{"id":"1670314737","title":"\u00d3ptica","description":"","query_type":"product_ids","query_ids":[13771,21910,21901,21932,21904,21896,21930,21906,21897,21935],"default_option_id":"","thumbnail_id":"","thumbnail_src":"","quantity_min":1,"quantity_max":1,"priced_individually":false,"shipped_individually":false,"optional":true,"discount":"","options_style":"radios","pagination_style":"classic","display_prices":"absolute","show_sorting_options":false,"show_filtering_options":false,"attribute_filter_ids":[],"product_title_visible":false,"product_descr_visible":false,"product_price_visible":false,"product_thumb_visible":false,"subtotal_visible_product":false,"subtotal_visible_cart":false,"subtotal_visible_orders":false}],"composite_scenarios":[{"id":"1670315142","name":"on-off small medium","description":"","configuration":[{"component_id":"1670266786","options_modifier":"in","component_options":[22173,22157]}],"actions":[{"action_id":"compat_group","is_active":false},{"action_id":"conditional_components","is_active":false,"hidden_components":[]},{"action_id":"conditional_options","is_active":true,"hidden_options":[{"component_id":"1670314731","component_options":[-1,21537],"options_modifier":"not-in"}]}],"enabled":true},{"id":"1670315143","name":"versione small","description":"","configuration":[{"component_id":"1670266786","options_modifier":"in","component_options":[22173]}],"actions":[{"action_id":"compat_group","is_active":false},{"action_id":"conditional_components","is_active":false,"hidden_components":[]},{"action_id":"conditional_options","is_active":true,"hidden_options":[{"component_id":"1670314735","component_options":[-1,21274],"options_modifier":"not-in"},{"component_id":"1670314737","component_options":[-1,13771],"options_modifier":"not-in"}]}],"enabled":true},{"id":"1670315144","name":"versione medium","description":"","configuration":[{"component_id":"1670266786","options_modifier":"in","component_options":[22157]}],"actions":[{"action_id":"compat_group","is_active":false},{"action_id":"conditional_components","is_active":false,"hidden_components":[]},{"action_id":"conditional_options","is_active":true,"hidden_options":[{"component_id":"1670314735","component_options":[-1,21272],"options_modifier":"not-in"},{"component_id":"1670314737","component_options":[-1,21910,21901,21932],"options_modifier":"not-in"}]}],"enabled":true},{"id":"1670315145","name":"versione large","description":"","configuration":[{"component_id":"1670266786","options_modifier":"in","component_options":[22166]}],"actions":[{"action_id":"compat_group","is_active":false},{"action_id":"conditional_components","is_active":false,"hidden_components":[]},{"action_id":"conditional_options","is_active":true,"hidden_options":[{"component_id":"1670314735","component_options":[-1,21273],"options_modifier":"not-in"},{"component_id":"1670314737","component_options":[-1,21904,21896,21930],"options_modifier":"not-in"}]}],"enabled":true},{"id":"1670315146","name":"versione xlarge","description":"","configuration":[{"component_id":"1670266786","options_modifier":"in","component_options":[22178]}],"actions":[{"action_id":"compat_group","is_active":false},{"action_id":"conditional_components","is_active":false,"hidden_components":[]},{"action_id":"conditional_options","is_active":true,"hidden_options":[{"component_id":"1670314735","component_options":[-1,21275],"options_modifier":"not-in"},{"component_id":"1670314737","component_options":[-1,21906,21897,21935],"options_modifier":"not-in"}]}],"enabled":true},{"id":"1670315544","name":"dimmerabili","description":"","configuration":[{"component_id":"1670314731","options_modifier":"in","component_options":[21541,21544,21546,21547]}],"actions":[{"action_id":"compat_group","is_active":false},{"action_id":"conditional_components","is_active":false,"hidden_components":[]},{"action_id":"conditional_options","is_active":true,"hidden_options":[{"component_id":"1670266786","component_options":[22173,22157],"options_modifier":"in"},{"component_id":"1670314735","component_options":[21274,21272],"options_modifier":"in"},{"component_id":"1670314737","component_options":[13771,21910,21901,21932],"options_modifier":"in"}]}],"enabled":true},{"id":"1670315545","name":"\u00d8 280 push","description":"","configuration":[{"component_id":"1670266786","options_modifier":"in","component_options":[22166]}],"actions":[{"action_id":"compat_group","is_active":false},{"action_id":"conditional_components","is_active":false,"hidden_components":[]},{"action_id":"conditional_options","is_active":true,"hidden_options":[{"component_id":"1670314731","component_options":[21547],"options_modifier":"in"}]}],"enabled":true},{"id":"1670315546","name":"\u00d8 400 push","description":"","configuration":[{"component_id":"1670266786","options_modifier":"in","component_options":[22178]}],"actions":[{"action_id":"compat_group","is_active":false},{"action_id":"conditional_components","is_active":false,"hidden_components":[]},{"action_id":"conditional_options","is_active":true,"hidden_options":[{"component_id":"1670314731","component_options":[21546],"options_modifier":"in"}]}],"enabled":true},{"id":"1670315547","name":"push x \u00d8280","description":"","configuration":[{"component_id":"1670314731","options_modifier":"in","component_options":[21546]}],"actions":[{"action_id":"compat_group","is_active":false},{"action_id":"conditional_components","is_active":false,"hidden_components":[]},{"action_id":"conditional_options","is_active":true,"hidden_options":[{"component_id":"1670266786","component_options":[22173,22157,22178],"options_modifier":"in"},{"component_id":"1670314735","component_options":[-1,21273],"options_modifier":"not-in"},{"component_id":"1670314737","component_options":[-1,21904,21896,21930],"options_modifier":"not-in"}]}],"enabled":true},{"id":"1670315548","name":"push x \u00d8400","description":"","configuration":[{"component_id":"1670314731","options_modifier":"in","component_options":[21547]}],"actions":[{"action_id":"compat_group","is_active":false},{"action_id":"conditional_components","is_active":false,"hidden_components":[]},{"action_id":"conditional_options","is_active":true,"hidden_options":[{"component_id":"1670266786","component_options":[22173,22157,22166],"options_modifier":"in"},{"component_id":"1670314735","component_options":[-1,21275],"options_modifier":"not-in"},{"component_id":"1670314737","component_options":[-1,21906,21897,21935],"options_modifier":"not-in"}]}],"enabled":true},{"id":"1670315549","name":"1-10 - dali","description":"","configuration":[{"component_id":"1670314731","options_modifier":"in","component_options":[21541,21544]}],"actions":[{"action_id":"compat_group","is_active":false},{"action_id":"conditional_components","is_active":false,"hidden_components":[]},{"action_id":"conditional_options","is_active":true,"hidden_options":[{"component_id":"1670266786","component_options":[22173,22157],"options_modifier":"in"},{"component_id":"1670314735","component_options":[21274,21272],"options_modifier":"in"},{"component_id":"1670314737","component_options":[13771,21910,21901,21932],"options_modifier":"in"}]}],"enabled":true},{"id":"1670315809","name":"anello small","description":"","configuration":[{"component_id":"1670314735","options_modifier":"in","component_options":[21274]}],"actions":[{"action_id":"compat_group","is_active":false},{"action_id":"conditional_components","is_active":false,"hidden_components":[]},{"action_id":"conditional_options","is_active":true,"hidden_options":[{"component_id":"1670266786","component_options":[-1,22173],"options_modifier":"not-in"},{"component_id":"1670314731","component_options":[-1,21537],"options_modifier":"not-in"},{"component_id":"1670314737","component_options":[-1,13771],"options_modifier":"not-in"}]}],"enabled":true},{"id":"1670315810","name":"anello medium","description":"","configuration":[{"component_id":"1670314735","options_modifier":"in","component_options":[21272]}],"actions":[{"action_id":"compat_group","is_active":false},{"action_id":"conditional_components","is_active":false,"hidden_components":[]},{"action_id":"conditional_options","is_active":true,"hidden_options":[{"component_id":"1670266786","component_options":[-1,22157],"options_modifier":"not-in"},{"component_id":"1670314731","component_options":[-1,21537],"options_modifier":"not-in"},{"component_id":"1670314737","component_options":[-1,21910,21901,21932],"options_modifier":"not-in"}]}],"enabled":true},{"id":"1670315811","name":"anello large","description":"","configuration":[{"component_id":"1670314735","options_modifier":"in","component_options":[21273]}],"actions":[{"action_id":"compat_group","is_active":false},{"action_id":"conditional_components","is_active":false,"hidden_components":[]},{"action_id":"conditional_options","is_active":true,"hidden_options":[{"component_id":"1670266786","component_options":[-1,22166],"options_modifier":"not-in"},{"component_id":"1670314731","component_options":[21547],"options_modifier":"in"},{"component_id":"1670314737","component_options":[-1,21904,21896,21930],"options_modifier":"not-in"}]}],"enabled":true},{"id":"1670315812","name":"anello large","description":"","configuration":[{"component_id":"1670314735","options_modifier":"in","component_options":[21275]}],"actions":[{"action_id":"compat_group","is_active":false},{"action_id":"conditional_components","is_active":false,"hidden_components":[]},{"action_id":"conditional_options","is_active":true,"hidden_options":[{"component_id":"1670266786","component_options":[-1,22178],"options_modifier":"not-in"},{"component_id":"1670314731","component_options":[21546],"options_modifier":"in"},{"component_id":"1670314737","component_options":[-1,21906,21897,21935],"options_modifier":"not-in"}]}],"enabled":true},{"id":"1670316069","name":"ottica small","description":"","configuration":[{"component_id":"1670314737","options_modifier":"in","component_options":[13771]}],"actions":[{"action_id":"compat_group","is_active":false},{"action_id":"conditional_components","is_active":false,"hidden_components":[]},{"action_id":"conditional_options","is_active":true,"hidden_options":[{"component_id":"1670266786","component_options":[-1,22173],"options_modifier":"not-in"},{"component_id":"1670314731","component_options":[-1,21537],"options_modifier":"not-in"},{"component_id":"1670314735","component_options":[-1,21274],"options_modifier":"not-in"}]}],"enabled":true},{"id":"1670316070","name":"ottica medium","description":"","configuration":[{"component_id":"1670314737","options_modifier":"in","component_options":[21910,21901,21932]}],"actions":[{"action_id":"compat_group","is_active":false},{"action_id":"conditional_components","is_active":false,"hidden_components":[]},{"action_id":"conditional_options","is_active":true,"hidden_options":[{"component_id":"1670266786","component_options":[-1,22157],"options_modifier":"not-in"},{"component_id":"1670314731","component_options":[-1,21537],"options_modifier":"not-in"},{"component_id":"1670314735","component_options":[-1,21272],"options_modifier":"not-in"}]}],"enabled":true},{"id":"1670316071","name":"ottica large","description":"","configuration":[{"component_id":"1670314737","options_modifier":"in","component_options":[21904,21896,21930]}],"actions":[{"action_id":"compat_group","is_active":false},{"action_id":"conditional_components","is_active":false,"hidden_components":[]},{"action_id":"conditional_options","is_active":true,"hidden_options":[{"component_id":"1670266786","component_options":[-1,22166],"options_modifier":"not-in"},{"component_id":"1670314731","component_options":[21547],"options_modifier":"in"},{"component_id":"1670314735","component_options":[-1,21273],"options_modifier":"not-in"}]}],"enabled":true},{"id":"1670316072","name":"ottica xlarge","description":"","configuration":[{"component_id":"1670314737","options_modifier":"in","component_options":[21906,21897,21935]}],"actions":[{"action_id":"compat_group","is_active":false},{"action_id":"conditional_components","is_active":false,"hidden_components":[]},{"action_id":"conditional_options","is_active":true,"hidden_options":[{"component_id":"1670266786","component_options":[-1,22178],"options_modifier":"not-in"},{"component_id":"1670314731","component_options":[21546],"options_modifier":"in"},{"component_id":"1670314735","component_options":[-1,21275],"options_modifier":"not-in"}]}],"enabled":true}],"bundled_by":[],"bundle_stock_status":"instock","bundle_stock_quantity":null,"bundle_virtual":false,"bundle_layout":"","bundle_add_to_cart_form_location":"","bundle_editable_in_cart":false,"bundle_sold_individually_context":"","bundle_item_grouping":"","bundle_min_size":"","bundle_max_size":"","bundled_items":[],"bundle_sell_ids":[],"acf":[],"yoast_head":"<!-- This site is optimized with the Yoast SEO plugin v27.5 - https:\/\/yoast.com\/product\/yoast-seo-wordpress\/ -->\n<title>Willy Suspensi\u00f3n | Exenia<\/title>\n<meta name=\"robots\" content=\"noindex, follow, max-snippet:-1, max-image-preview:large, max-video-preview:-1\" \/>\n<meta property=\"og:locale\" content=\"es_ES\" \/>\n<meta property=\"og:type\" content=\"article\" \/>\n<meta property=\"og:title\" content=\"Willy Suspensi\u00f3n | Exenia\" \/>\n<meta property=\"og:description\" content=\"Luminaria de suspensi\u00f3n con fuente lum\u00ednica LED. Cuerpo y roset\u00f3n...\" \/>\n<meta property=\"og:url\" content=\"https:\/\/restyling.exenia.eu\/es\/producto\/willy-suspension\/\" \/>\n<meta property=\"og:site_name\" content=\"Exenia\" \/>\n<meta property=\"article:publisher\" content=\"https:\/\/www.facebook.com\/exenialighting\" \/>\n<meta property=\"article:modified_time\" content=\"2023-06-13T12:44:05+00:00\" \/>\n<meta property=\"og:image\" content=\"https:\/\/restyling.exenia.eu\/wp-content\/uploads\/2023\/01\/Willy-prodotto.jpg\" \/>\n\t<meta property=\"og:image:width\" content=\"1982\" \/>\n\t<meta property=\"og:image:height\" content=\"1902\" \/>\n\t<meta property=\"og:image:type\" content=\"image\/jpeg\" \/>\n<!-- \/ Yoast SEO plugin. -->","yoast_head_json":{"title":"Willy Suspensi\u00f3n | Exenia","robots":{"index":"noindex","follow":"follow","max-snippet":"max-snippet:-1","max-image-preview":"max-image-preview:large","max-video-preview":"max-video-preview:-1"},"og_locale":"es_ES","og_type":"article","og_title":"Willy Suspensi\u00f3n | Exenia","og_description":"Luminaria de suspensi\u00f3n con fuente lum\u00ednica LED. Cuerpo y roset\u00f3n...","og_url":"https:\/\/restyling.exenia.eu\/es\/producto\/willy-suspension\/","og_site_name":"Exenia","article_publisher":"https:\/\/www.facebook.com\/exenialighting","article_modified_time":"2023-06-13T12:44:05+00:00","og_image":[{"width":1982,"height":1902,"url":"https:\/\/restyling.exenia.eu\/wp-content\/uploads\/2023\/01\/Willy-prodotto.jpg","type":"image\/jpeg"}],"schema":{"@context":"https:\/\/schema.org","@graph":[{"@type":"WebPage","@id":"https:\/\/restyling.exenia.eu\/es\/producto\/willy-suspension\/","url":"https:\/\/restyling.exenia.eu\/es\/producto\/willy-suspension\/","name":"Willy Suspensi\u00f3n | Exenia","isPartOf":{"@id":"https:\/\/restyling.exenia.eu\/#website"},"primaryImageOfPage":{"@id":"https:\/\/restyling.exenia.eu\/es\/producto\/willy-suspension\/#primaryimage"},"image":{"@id":"https:\/\/restyling.exenia.eu\/es\/producto\/willy-suspension\/#primaryimage"},"thumbnailUrl":"https:\/\/restyling.exenia.eu\/wp-content\/uploads\/2023\/01\/Willy-prodotto.jpg","datePublished":"2022-11-24T08:51:46+00:00","dateModified":"2023-06-13T12:44:05+00:00","breadcrumb":{"@id":"https:\/\/restyling.exenia.eu\/es\/producto\/willy-suspension\/#breadcrumb"},"inLanguage":"es","potentialAction":[{"@type":"ReadAction","target":["https:\/\/restyling.exenia.eu\/es\/producto\/willy-suspension\/"]}]},{"@type":"ImageObject","inLanguage":"es","@id":"https:\/\/restyling.exenia.eu\/es\/producto\/willy-suspension\/#primaryimage","url":"https:\/\/restyling.exenia.eu\/wp-content\/uploads\/2023\/01\/Willy-prodotto.jpg","contentUrl":"https:\/\/restyling.exenia.eu\/wp-content\/uploads\/2023\/01\/Willy-prodotto.jpg","width":1982,"height":1902},{"@type":"BreadcrumbList","@id":"https:\/\/restyling.exenia.eu\/es\/producto\/willy-suspension\/#breadcrumb","itemListElement":[{"@type":"ListItem","position":1,"name":"Home","item":"https:\/\/restyling.exenia.eu\/"},{"@type":"ListItem","position":2,"name":"Productos","item":"https:\/\/restyling.exenia.eu\/prodotti\/"},{"@type":"ListItem","position":3,"name":"Indoor","item":"https:\/\/restyling.exenia.eu\/es\/c\/indoor\/"},{"@type":"ListItem","position":4,"name":"Suspensiones y Techo","item":"https:\/\/restyling.exenia.eu\/es\/c\/indoor\/suspensiones-y-techo\/"},{"@type":"ListItem","position":5,"name":"Willy","item":"https:\/\/restyling.exenia.eu\/es\/c\/indoor\/suspensiones-y-techo\/willy-apparecchi-a-sospensione-plafoniere-es\/"},{"@type":"ListItem","position":6,"name":"Willy Suspensi\u00f3n"}]},{"@type":"WebSite","@id":"https:\/\/restyling.exenia.eu\/#website","url":"https:\/\/restyling.exenia.eu\/","name":"Exenia","description":"","publisher":{"@id":"https:\/\/restyling.exenia.eu\/#organization"},"potentialAction":[{"@type":"SearchAction","target":{"@type":"EntryPoint","urlTemplate":"https:\/\/restyling.exenia.eu\/?s={search_term_string}"},"query-input":{"@type":"PropertyValueSpecification","valueRequired":true,"valueName":"search_term_string"}}],"inLanguage":"es"},{"@type":"Organization","@id":"https:\/\/restyling.exenia.eu\/#organization","name":"Exenia","url":"https:\/\/restyling.exenia.eu\/","logo":{"@type":"ImageObject","inLanguage":"es","@id":"https:\/\/restyling.exenia.eu\/#\/schema\/logo\/image\/","url":"https:\/\/restyling.exenia.eu\/wp-content\/uploads\/2022\/09\/logo_exenia-e1678467519405.png","contentUrl":"https:\/\/restyling.exenia.eu\/wp-content\/uploads\/2022\/09\/logo_exenia-e1678467519405.png","width":600,"height":194,"caption":"Exenia"},"image":{"@id":"https:\/\/restyling.exenia.eu\/#\/schema\/logo\/image\/"},"sameAs":["https:\/\/www.facebook.com\/exenialighting","https:\/\/x.com\/ExeniaLighting"]}]}},"_links":{"self":[{"href":"https:\/\/restyling.exenia.eu\/es\/wp-json\/wp\/v2\/product\/27047","targetHints":{"allow":["GET"]}}],"collection":[{"href":"https:\/\/restyling.exenia.eu\/es\/wp-json\/wp\/v2\/product"}],"about":[{"href":"https:\/\/restyling.exenia.eu\/es\/wp-json\/wp\/v2\/types\/product"}],"wp:featuredmedia":[{"embeddable":true,"href":"https:\/\/restyling.exenia.eu\/es\/wp-json\/wp\/v2\/media\/13124"}],"wp:attachment":[{"href":"https:\/\/restyling.exenia.eu\/es\/wp-json\/wp\/v2\/media?parent=27047"}],"wp:term":[{"taxonomy":"product_brand","embeddable":true,"href":"https:\/\/restyling.exenia.eu\/es\/wp-json\/wp\/v2\/product_brand?post=27047"},{"taxonomy":"product_cat","embeddable":true,"href":"https:\/\/restyling.exenia.eu\/es\/wp-json\/wp\/v2\/product_cat?post=27047"},{"taxonomy":"product_tag","embeddable":true,"href":"https:\/\/restyling.exenia.eu\/es\/wp-json\/wp\/v2\/product_tag?post=27047"},{"taxonomy":"categoria-admin-prodotto","embeddable":true,"href":"https:\/\/restyling.exenia.eu\/es\/wp-json\/wp\/v2\/categoria-admin-prodotto?post=27047"}],"curies":[{"name":"wp","href":"https:\/\/api.w.org\/{rel}","templated":true}]}}