{"id":27064,"date":"2022-11-24T09:51:31","date_gmt":"2022-11-24T08:51:31","guid":{"rendered":"https:\/\/www.exenia.eu\/prodotto\/spot-revo-small-semi-incasso\/"},"modified":"2023-07-14T09:40:58","modified_gmt":"2023-07-14T07:40:58","slug":"spot-revo-small-semi-empotrado","status":"publish","type":"product","link":"https:\/\/restyling.exenia.eu\/es\/producto\/spot-revo-small-semi-empotrado\/","title":{"rendered":"Spot Revo Small Semi-empotrado"},"content":{"rendered":"<p>La serie Spot Revo cuenta con una marcada relaci\u00f3n de tama\u00f1o de rendimiento, una rica posibilidad de integraciones accesorias y una amplia gama de acabados, pero sobre todo se destaca por su precisi\u00f3n, limpieza y uniformidad de proyecci\u00f3n.<br \/>\nLa recubrimiento de polvo La estructura de aluminio ofrece diferentes acabados y 5 tama\u00f1os diferentes. Construido y producido completamente en Italia.<\/p>\n<p>La versi\u00f3n <strong> peque\u00f1a <\/strong> ofrece 5 opciones de haz sim\u00e9trico de 10 \u00b0 a 50 \u00b0, dos versiones el\u00edpticas , un modorador y numerosos accesorios de compendio.<br \/>\nRenderizaci\u00f3n de alto color, UGR coeficiente &lt;10 y el cumplimiento de los par\u00e1metros de iluminaci\u00f3n oscura se completan por la calidad de los 2 SDCM de la fuente de luz y por la limpieza particular de la proyecci\u00f3n del haz.<br \/>\nLa compatibilidad completa con los sistemas de control m\u00e1s comunes hace que Spot Revo sea el perfecto herramienta en contextos donde el valor de la fuente est\u00e1 determinado por una calidad de rendimiento muy alta y por la intrusi\u00f3n f\u00edsica y visual m\u00ednima.<br \/>\nEste modelo tambi\u00e9n se puede configurar en la versi\u00f3n Shaper con lentes m\u00f3viles, para obtener proyecciones cuadrangulares enfocadas con un instrumento ligero y de tama\u00f1o peque\u00f1o.<\/p>\n","protected":false},"excerpt":{"rendered":"<p>La serie Spot Revo cuenta con una marcada relaci\u00f3n de&#8230;<\/p>\n","protected":false},"featured_media":23899,"template":"","meta":{"_acf_changed":false},"product_brand":[],"product_cat":[3036],"product_tag":[7444,7447],"categoria-admin-prodotto":[],"class_list":{"0":"post-27064","1":"product","2":"type-product","3":"status-publish","4":"has-post-thumbnail","6":"product_cat-spot-revo-emportables","7":"product_tag-38580-es","8":"product_tag-38581-es-2","9":"pa_cct-2700k-es","10":"pa_cct-3000k-es","11":"pa_cct-3500k-es","12":"pa_cct-4000k-es","13":"pa_certificazione-conformita-ce-es","14":"pa_classe-f-si-es-2","15":"pa_cri-92-es","16":"pa_cri-98-es","17":"pa_grado-ip-ip20-es","18":"pa_temperatura-di-esercizio-10-35-es","20":"first","21":"instock","22":"purchasable","23":"product-type-composite"},"composite_virtual":false,"composite_layout":"single","composite_add_to_cart_form_location":"default","composite_editable_in_cart":false,"composite_sold_individually_context":"product","composite_shop_price_calc":"defaults","composite_components":[{"id":"1674814551","title":"Cuerpo de la luminaria","description":"","query_type":"product_ids","query_ids":[21662],"default_option_id":21662,"thumbnail_id":"","thumbnail_src":"","quantity_min":1,"quantity_max":1,"priced_individually":false,"shipped_individually":false,"optional":false,"discount":"","options_style":"radios","pagination_style":"classic","display_prices":"absolute","show_sorting_options":false,"show_filtering_options":false,"attribute_filter_ids":[],"product_title_visible":false,"product_descr_visible":false,"product_price_visible":false,"product_thumb_visible":false,"subtotal_visible_product":false,"subtotal_visible_cart":false,"subtotal_visible_orders":false},{"id":"1674814552","title":"Versi\u00f3n","description":"","query_type":"product_ids","query_ids":[22225,22237],"default_option_id":"","thumbnail_id":"","thumbnail_src":"","quantity_min":1,"quantity_max":1,"priced_individually":false,"shipped_individually":false,"optional":true,"discount":"","options_style":"radios","pagination_style":"classic","display_prices":"absolute","show_sorting_options":false,"show_filtering_options":false,"attribute_filter_ids":[],"product_title_visible":false,"product_descr_visible":false,"product_price_visible":false,"product_thumb_visible":false,"subtotal_visible_product":false,"subtotal_visible_cart":false,"subtotal_visible_orders":false},{"id":"1674814553","title":"Controlar","description":"","query_type":"product_ids","query_ids":[21583],"default_option_id":21583,"thumbnail_id":"","thumbnail_src":"","quantity_min":1,"quantity_max":1,"priced_individually":false,"shipped_individually":false,"optional":false,"discount":"","options_style":"radios","pagination_style":"classic","display_prices":"absolute","show_sorting_options":false,"show_filtering_options":false,"attribute_filter_ids":[],"product_title_visible":false,"product_descr_visible":false,"product_price_visible":false,"product_thumb_visible":false,"subtotal_visible_product":false,"subtotal_visible_cart":false,"subtotal_visible_orders":false},{"id":"1674814554","title":"Acabado","description":"","query_type":"product_ids","query_ids":[21864,21839,21797,21843,21852,21849],"default_option_id":"","thumbnail_id":"","thumbnail_src":"","quantity_min":1,"quantity_max":1,"priced_individually":false,"shipped_individually":false,"optional":true,"discount":"","options_style":"radios","pagination_style":"classic","display_prices":"absolute","show_sorting_options":false,"show_filtering_options":false,"attribute_filter_ids":[],"product_title_visible":false,"product_descr_visible":false,"product_price_visible":false,"product_thumb_visible":false,"subtotal_visible_product":false,"subtotal_visible_cart":false,"subtotal_visible_orders":false},{"id":"1674814555","title":"CRI-CCT","description":"","query_type":"product_ids","query_ids":[21717,21718,21720,21719,21727,21728,21730,21729],"default_option_id":"","thumbnail_id":"","thumbnail_src":"","quantity_min":1,"quantity_max":1,"priced_individually":false,"shipped_individually":false,"optional":true,"discount":"","options_style":"radios","pagination_style":"classic","display_prices":"absolute","show_sorting_options":false,"show_filtering_options":false,"attribute_filter_ids":[],"product_title_visible":false,"product_descr_visible":false,"product_price_visible":false,"product_thumb_visible":false,"subtotal_visible_product":false,"subtotal_visible_cart":false,"subtotal_visible_orders":false},{"id":"1674814556","title":"\u00d3ptica","description":"","query_type":"product_ids","query_ids":[22014,21988,21884,22004,21982,21952,22021,21891],"default_option_id":"","thumbnail_id":"","thumbnail_src":"","quantity_min":1,"quantity_max":1,"priced_individually":false,"shipped_individually":false,"optional":true,"discount":"","options_style":"radios","pagination_style":"classic","display_prices":"absolute","show_sorting_options":false,"show_filtering_options":false,"attribute_filter_ids":[],"product_title_visible":false,"product_descr_visible":false,"product_price_visible":false,"product_thumb_visible":false,"subtotal_visible_product":false,"subtotal_visible_cart":false,"subtotal_visible_orders":false},{"id":"1674814557","title":"Accesorios instalados de f\u00e1brica","description":"","query_type":"product_ids","query_ids":[21503,21483,21507,21509,21478],"default_option_id":"","thumbnail_id":"","thumbnail_src":"","quantity_min":1,"quantity_max":1,"priced_individually":false,"shipped_individually":false,"optional":true,"discount":"","options_style":"radios","pagination_style":"classic","display_prices":"absolute","show_sorting_options":false,"show_filtering_options":false,"attribute_filter_ids":[],"product_title_visible":false,"product_descr_visible":false,"product_price_visible":false,"product_thumb_visible":false,"subtotal_visible_product":false,"subtotal_visible_cart":false,"subtotal_visible_orders":false},{"id":"1675944820","title":" ","description":"","query_type":"product_ids","query_ids":[7636],"default_option_id":7636,"thumbnail_id":"","thumbnail_src":"","quantity_min":1,"quantity_max":1,"priced_individually":false,"shipped_individually":false,"optional":false,"discount":"","options_style":"radios","pagination_style":"classic","display_prices":"absolute","show_sorting_options":false,"show_filtering_options":false,"attribute_filter_ids":[],"product_title_visible":false,"product_descr_visible":false,"product_price_visible":false,"product_thumb_visible":false,"subtotal_visible_product":false,"subtotal_visible_cart":false,"subtotal_visible_orders":false},{"id":"1675944821","title":"Fuente de alimentaci\u00f3n (Para la opci\u00f3n de emergencia, p\u00f3ngase en contacto con la empresa)","description":"","query_type":"product_ids","query_ids":[40447,40424,40402],"default_option_id":"","thumbnail_id":"","thumbnail_src":"","quantity_min":1,"quantity_max":1,"priced_individually":false,"shipped_individually":false,"optional":true,"discount":"","options_style":"radios","pagination_style":"classic","display_prices":"absolute","show_sorting_options":false,"show_filtering_options":false,"attribute_filter_ids":[],"product_title_visible":false,"product_descr_visible":false,"product_price_visible":false,"product_thumb_visible":true,"subtotal_visible_product":false,"subtotal_visible_cart":false,"subtotal_visible_orders":false},{"id":"1676887564","title":"Accesorios independientes","description":"","query_type":"product_ids","query_ids":[40642],"default_option_id":40642,"thumbnail_id":"","thumbnail_src":"","quantity_min":1,"quantity_max":1,"priced_individually":false,"shipped_individually":false,"optional":false,"discount":"","options_style":"radios","pagination_style":"classic","display_prices":"absolute","show_sorting_options":false,"show_filtering_options":false,"attribute_filter_ids":[],"product_title_visible":false,"product_descr_visible":true,"product_price_visible":false,"product_thumb_visible":false,"subtotal_visible_product":false,"subtotal_visible_cart":false,"subtotal_visible_orders":false},{"id":"1689327490","title":"Vida Util","description":"","query_type":"product_ids","query_ids":[50126,50131],"default_option_id":"","thumbnail_id":"","thumbnail_src":"","quantity_min":1,"quantity_max":1,"priced_individually":false,"shipped_individually":false,"optional":true,"discount":"","options_style":"radios","pagination_style":"classic","display_prices":"absolute","show_sorting_options":false,"show_filtering_options":false,"attribute_filter_ids":[],"product_title_visible":false,"product_descr_visible":false,"product_price_visible":false,"product_thumb_visible":false,"subtotal_visible_product":false,"subtotal_visible_cart":false,"subtotal_visible_orders":false}],"composite_scenarios":[{"id":"1674814775","name":"cri98","description":"","configuration":[{"component_id":"1674814555","options_modifier":"in","component_options":[21727,21728,21730,21729]}],"actions":[{"action_id":"compat_group","is_active":false},{"action_id":"conditional_components","is_active":false,"hidden_components":[]},{"action_id":"conditional_options","is_active":true,"hidden_options":[{"component_id":"1674814556","component_options":[22014,21988,21884],"options_modifier":"in"}]}],"enabled":true},{"id":"1674814776","name":"very narrow","description":"","configuration":[{"component_id":"1674814556","options_modifier":"in","component_options":[22014]}],"actions":[{"action_id":"compat_group","is_active":false},{"action_id":"conditional_components","is_active":false,"hidden_components":[]},{"action_id":"conditional_options","is_active":true,"hidden_options":[{"component_id":"1674814555","component_options":[21727,21728,21730,21729],"options_modifier":"in"}]}],"enabled":true},{"id":"1674814777","name":"narrow spot","description":"","configuration":[{"component_id":"1674814556","options_modifier":"in","component_options":[21988]}],"actions":[{"action_id":"compat_group","is_active":false},{"action_id":"conditional_components","is_active":false,"hidden_components":[]},{"action_id":"conditional_options","is_active":true,"hidden_options":[{"component_id":"1674814555","component_options":[21727,21728,21730,21729],"options_modifier":"in"},{"component_id":"1674814557","component_options":[21478],"options_modifier":"in"}]}],"enabled":true},{"id":"1674814778","name":"ell. nar.spot","description":"","configuration":[{"component_id":"1674814556","options_modifier":"in","component_options":[21884]}],"actions":[{"action_id":"compat_group","is_active":false},{"action_id":"conditional_components","is_active":false,"hidden_components":[]},{"action_id":"conditional_options","is_active":true,"hidden_options":[{"component_id":"1674814555","component_options":[21727,21728,21730,21729],"options_modifier":"in"},{"component_id":"1674814557","component_options":[-1,21503],"options_modifier":"not-in"}]}],"enabled":true},{"id":"1674814779","name":"wide flood","description":"","configuration":[{"component_id":"1674814556","options_modifier":"in","component_options":[22021]}],"actions":[{"action_id":"compat_group","is_active":false},{"action_id":"conditional_components","is_active":false,"hidden_components":[]},{"action_id":"conditional_options","is_active":true,"hidden_options":[{"component_id":"1674814557","component_options":[21478],"options_modifier":"in"}]}],"enabled":true},{"id":"1674814780","name":"ell. wide flood","description":"","configuration":[{"component_id":"1674814556","options_modifier":"in","component_options":[21891]}],"actions":[{"action_id":"compat_group","is_active":false},{"action_id":"conditional_components","is_active":false,"hidden_components":[]},{"action_id":"conditional_options","is_active":true,"hidden_options":[{"component_id":"1674814557","component_options":[-1,21503],"options_modifier":"not-in"}]}],"enabled":true},{"id":"1674814781","name":"honeycomb\/snoot\/visor","description":"","configuration":[{"component_id":"1674814557","options_modifier":"in","component_options":[21483,21507,21509]}],"actions":[{"action_id":"compat_group","is_active":false},{"action_id":"conditional_components","is_active":false,"hidden_components":[]},{"action_id":"conditional_options","is_active":true,"hidden_options":[{"component_id":"1674814556","component_options":[21884,21891],"options_modifier":"in"}]}],"enabled":true},{"id":"1674814782","name":"lente ellittica","description":"","configuration":[{"component_id":"1674814557","options_modifier":"in","component_options":[21478]}],"actions":[{"action_id":"compat_group","is_active":false},{"action_id":"conditional_components","is_active":false,"hidden_components":[]},{"action_id":"conditional_options","is_active":true,"hidden_options":[{"component_id":"1674814556","component_options":[21988,21884,22021,21891],"options_modifier":"in"}]}],"enabled":true},{"id":"1675945120","name":"NO DRIVER NO SELECTION 1","description":"","configuration":[{"component_id":"1674814552","options_modifier":"in","component_options":[-1]}],"actions":[{"action_id":"compat_group","is_active":false},{"action_id":"conditional_components","is_active":false,"hidden_components":[]},{"action_id":"conditional_options","is_active":true,"hidden_options":[{"component_id":"1675944821","component_options":[-1],"options_modifier":"not-in"}]}],"enabled":true},{"id":"1675945121","name":"NO DRIVER NO SELECTION 2","description":"","configuration":[{"component_id":"1674814556","options_modifier":"in","component_options":[-1]}],"actions":[{"action_id":"compat_group","is_active":false},{"action_id":"conditional_components","is_active":false,"hidden_components":[]},{"action_id":"conditional_options","is_active":true,"hidden_options":[{"component_id":"1675944821","component_options":[-1],"options_modifier":"not-in"}]}],"enabled":true},{"id":"1675945122","name":"V 1X","description":"","configuration":[{"component_id":"1674814552","options_modifier":"in","component_options":[22225]},{"component_id":"1674814556","options_modifier":"in","component_options":[22014]}],"actions":[{"action_id":"compat_group","is_active":false},{"action_id":"conditional_components","is_active":false,"hidden_components":[]},{"action_id":"conditional_options","is_active":true,"hidden_options":[{"component_id":"1675944821","component_options":[-1,51351,51352,40403,40404,40405],"options_modifier":"not-in"}]}],"enabled":true},{"id":"1675945123","name":"N-2 1X","description":"","configuration":[{"component_id":"1674814552","options_modifier":"in","component_options":[22225]},{"component_id":"1674814556","options_modifier":"in","component_options":[21988,21884]}],"actions":[{"action_id":"compat_group","is_active":false},{"action_id":"conditional_components","is_active":false,"hidden_components":[]},{"action_id":"conditional_options","is_active":true,"hidden_options":[{"component_id":"1675944821","component_options":[-1,75346,51325,40437,40439,40444],"options_modifier":"not-in"}]}],"enabled":true},{"id":"1675945124","name":"S-M-F-W-6 1X","description":"","configuration":[{"component_id":"1674814552","options_modifier":"in","component_options":[22225]},{"component_id":"1674814556","options_modifier":"in","component_options":[22004,21982,21952,22021,21891]}],"actions":[{"action_id":"compat_group","is_active":false},{"action_id":"conditional_components","is_active":false,"hidden_components":[]},{"action_id":"conditional_options","is_active":true,"hidden_options":[{"component_id":"1675944821","component_options":[-1,75326,75327,51296,40450,40459],"options_modifier":"not-in"}]}],"enabled":true},{"id":"1675945125","name":"V 2X","description":"","configuration":[{"component_id":"1674814552","options_modifier":"in","component_options":[22237]},{"component_id":"1674814556","options_modifier":"in","component_options":[22014]}],"actions":[{"action_id":"compat_group","is_active":false},{"action_id":"conditional_components","is_active":false,"hidden_components":[]},{"action_id":"conditional_options","is_active":true,"hidden_options":[{"component_id":"1675944821","component_options":[75375,75376,40403,40409,40412],"options_modifier":"not-in"}]}],"enabled":true},{"id":"1675945126","name":"N-2 2X","description":"","configuration":[{"component_id":"1674814552","options_modifier":"in","component_options":[22237]},{"component_id":"1674814556","options_modifier":"in","component_options":[21988,21884]}],"actions":[{"action_id":"compat_group","is_active":false},{"action_id":"conditional_components","is_active":false,"hidden_components":[]},{"action_id":"conditional_options","is_active":true,"hidden_options":[{"component_id":"1675944821","component_options":[-1,75346,40430,40437,40439,40443],"options_modifier":"not-in"}]}],"enabled":true},{"id":"1675945127","name":"S-M-F-W-6 2X","description":"","configuration":[{"component_id":"1674814552","options_modifier":"in","component_options":[22237]},{"component_id":"1674814556","options_modifier":"in","component_options":[22004,21982,21952,22021,21891]}],"actions":[{"action_id":"compat_group","is_active":false},{"action_id":"conditional_components","is_active":false,"hidden_components":[]},{"action_id":"conditional_options","is_active":true,"hidden_options":[{"component_id":"1675944821","component_options":[-1,40453,40456,40458,40459,40463],"options_modifier":"not-in"}]}],"enabled":true},{"id":"1689327567","name":"LT 80","description":"","configuration":[{"component_id":"1674814556","options_modifier":"in","component_options":[22004,21982,21952,22021,21891]}],"actions":[{"action_id":"compat_group","is_active":false},{"action_id":"conditional_components","is_active":false,"hidden_components":[]},{"action_id":"conditional_options","is_active":true,"hidden_options":[{"component_id":"1689327490","component_options":[-1,50126],"options_modifier":"not-in"}]}],"enabled":true},{"id":"1689327568","name":"LT 100","description":"","configuration":[{"component_id":"1674814556","options_modifier":"in","component_options":[22014,21988,21884]}],"actions":[{"action_id":"compat_group","is_active":false},{"action_id":"conditional_components","is_active":false,"hidden_components":[]},{"action_id":"conditional_options","is_active":true,"hidden_options":[{"component_id":"1689327490","component_options":[-1,50131],"options_modifier":"not-in"}]}],"enabled":true}],"bundled_by":[],"bundle_stock_status":"instock","bundle_stock_quantity":null,"bundle_virtual":false,"bundle_layout":"","bundle_add_to_cart_form_location":"","bundle_editable_in_cart":false,"bundle_sold_individually_context":"","bundle_item_grouping":"","bundle_min_size":"","bundle_max_size":"","bundled_items":[],"bundle_sell_ids":[],"acf":[],"yoast_head":"<!-- This site is optimized with the Yoast SEO plugin v27.5 - https:\/\/yoast.com\/product\/yoast-seo-wordpress\/ -->\n<title>Spot Revo Small Semi-empotrado | Exenia<\/title>\n<meta name=\"robots\" content=\"noindex, follow, max-snippet:-1, max-image-preview:large, max-video-preview:-1\" \/>\n<meta property=\"og:locale\" content=\"es_ES\" \/>\n<meta property=\"og:type\" content=\"article\" \/>\n<meta property=\"og:title\" content=\"Spot Revo Small Semi-empotrado | Exenia\" \/>\n<meta property=\"og:description\" content=\"La serie Spot Revo cuenta con una marcada relaci\u00f3n de...\" \/>\n<meta property=\"og:url\" content=\"https:\/\/restyling.exenia.eu\/prodotto\/spot-revo-small-semi-incasso\/\" \/>\n<meta property=\"og:site_name\" content=\"Exenia\" \/>\n<meta property=\"article:publisher\" content=\"https:\/\/www.facebook.com\/exenialighting\" \/>\n<meta property=\"article:modified_time\" content=\"2023-07-14T07:40:58+00:00\" \/>\n<meta property=\"og:image\" content=\"https:\/\/restyling.exenia.eu\/wp-content\/uploads\/2023\/01\/Spot-revo-semi-small-prodotto.jpg\" \/>\n\t<meta property=\"og:image:width\" content=\"2000\" \/>\n\t<meta property=\"og:image:height\" content=\"1919\" \/>\n\t<meta property=\"og:image:type\" content=\"image\/jpeg\" \/>\n<!-- \/ Yoast SEO plugin. -->","yoast_head_json":{"title":"Spot Revo Small Semi-empotrado | Exenia","robots":{"index":"noindex","follow":"follow","max-snippet":"max-snippet:-1","max-image-preview":"max-image-preview:large","max-video-preview":"max-video-preview:-1"},"og_locale":"es_ES","og_type":"article","og_title":"Spot Revo Small Semi-empotrado | Exenia","og_description":"La serie Spot Revo cuenta con una marcada relaci\u00f3n de...","og_url":"https:\/\/restyling.exenia.eu\/prodotto\/spot-revo-small-semi-incasso\/","og_site_name":"Exenia","article_publisher":"https:\/\/www.facebook.com\/exenialighting","article_modified_time":"2023-07-14T07:40:58+00:00","og_image":[{"width":2000,"height":1919,"url":"https:\/\/restyling.exenia.eu\/wp-content\/uploads\/2023\/01\/Spot-revo-semi-small-prodotto.jpg","type":"image\/jpeg"}],"schema":{"@context":"https:\/\/schema.org","@graph":[{"@type":"WebPage","@id":"https:\/\/restyling.exenia.eu\/prodotto\/spot-revo-small-semi-incasso\/","url":"https:\/\/restyling.exenia.eu\/prodotto\/spot-revo-small-semi-incasso\/","name":"Spot Revo Small Semi-empotrado | Exenia","isPartOf":{"@id":"https:\/\/restyling.exenia.eu\/#website"},"primaryImageOfPage":{"@id":"https:\/\/restyling.exenia.eu\/prodotto\/spot-revo-small-semi-incasso\/#primaryimage"},"image":{"@id":"https:\/\/restyling.exenia.eu\/prodotto\/spot-revo-small-semi-incasso\/#primaryimage"},"thumbnailUrl":"https:\/\/restyling.exenia.eu\/wp-content\/uploads\/2023\/01\/Spot-revo-semi-small-prodotto.jpg","datePublished":"2022-11-24T08:51:31+00:00","dateModified":"2023-07-14T07:40:58+00:00","breadcrumb":{"@id":"https:\/\/restyling.exenia.eu\/prodotto\/spot-revo-small-semi-incasso\/#breadcrumb"},"inLanguage":"es","potentialAction":[{"@type":"ReadAction","target":["https:\/\/restyling.exenia.eu\/prodotto\/spot-revo-small-semi-incasso\/"]}]},{"@type":"ImageObject","inLanguage":"es","@id":"https:\/\/restyling.exenia.eu\/prodotto\/spot-revo-small-semi-incasso\/#primaryimage","url":"https:\/\/restyling.exenia.eu\/wp-content\/uploads\/2023\/01\/Spot-revo-semi-small-prodotto.jpg","contentUrl":"https:\/\/restyling.exenia.eu\/wp-content\/uploads\/2023\/01\/Spot-revo-semi-small-prodotto.jpg","width":2000,"height":1919},{"@type":"BreadcrumbList","@id":"https:\/\/restyling.exenia.eu\/prodotto\/spot-revo-small-semi-incasso\/#breadcrumb","itemListElement":[{"@type":"ListItem","position":1,"name":"Home","item":"https:\/\/restyling.exenia.eu\/"},{"@type":"ListItem","position":2,"name":"Productos","item":"https:\/\/restyling.exenia.eu\/prodotti\/"},{"@type":"ListItem","position":3,"name":"Indoor","item":"https:\/\/restyling.exenia.eu\/c\/indoor\/"},{"@type":"ListItem","position":4,"name":"Apparecchi ad incasso","item":"https:\/\/restyling.exenia.eu\/c\/indoor\/apparecchi-ad-incasso\/"},{"@type":"ListItem","position":5,"name":"Spot Revo","item":"https:\/\/restyling.exenia.eu\/c\/indoor\/apparecchi-ad-incasso\/spot-revo\/"},{"@type":"ListItem","position":6,"name":"Spot Revo Small Semi-empotrado"}]},{"@type":"WebSite","@id":"https:\/\/restyling.exenia.eu\/#website","url":"https:\/\/restyling.exenia.eu\/","name":"Exenia","description":"","publisher":{"@id":"https:\/\/restyling.exenia.eu\/#organization"},"potentialAction":[{"@type":"SearchAction","target":{"@type":"EntryPoint","urlTemplate":"https:\/\/restyling.exenia.eu\/?s={search_term_string}"},"query-input":{"@type":"PropertyValueSpecification","valueRequired":true,"valueName":"search_term_string"}}],"inLanguage":"es"},{"@type":"Organization","@id":"https:\/\/restyling.exenia.eu\/#organization","name":"Exenia","url":"https:\/\/restyling.exenia.eu\/","logo":{"@type":"ImageObject","inLanguage":"es","@id":"https:\/\/restyling.exenia.eu\/#\/schema\/logo\/image\/","url":"https:\/\/restyling.exenia.eu\/wp-content\/uploads\/2022\/09\/logo_exenia-e1678467519405.png","contentUrl":"https:\/\/restyling.exenia.eu\/wp-content\/uploads\/2022\/09\/logo_exenia-e1678467519405.png","width":600,"height":194,"caption":"Exenia"},"image":{"@id":"https:\/\/restyling.exenia.eu\/#\/schema\/logo\/image\/"},"sameAs":["https:\/\/www.facebook.com\/exenialighting","https:\/\/x.com\/ExeniaLighting"]}]}},"_links":{"self":[{"href":"https:\/\/restyling.exenia.eu\/es\/wp-json\/wp\/v2\/product\/27064","targetHints":{"allow":["GET"]}}],"collection":[{"href":"https:\/\/restyling.exenia.eu\/es\/wp-json\/wp\/v2\/product"}],"about":[{"href":"https:\/\/restyling.exenia.eu\/es\/wp-json\/wp\/v2\/types\/product"}],"wp:featuredmedia":[{"embeddable":true,"href":"https:\/\/restyling.exenia.eu\/es\/wp-json\/wp\/v2\/media\/23899"}],"wp:attachment":[{"href":"https:\/\/restyling.exenia.eu\/es\/wp-json\/wp\/v2\/media?parent=27064"}],"wp:term":[{"taxonomy":"product_brand","embeddable":true,"href":"https:\/\/restyling.exenia.eu\/es\/wp-json\/wp\/v2\/product_brand?post=27064"},{"taxonomy":"product_cat","embeddable":true,"href":"https:\/\/restyling.exenia.eu\/es\/wp-json\/wp\/v2\/product_cat?post=27064"},{"taxonomy":"product_tag","embeddable":true,"href":"https:\/\/restyling.exenia.eu\/es\/wp-json\/wp\/v2\/product_tag?post=27064"},{"taxonomy":"categoria-admin-prodotto","embeddable":true,"href":"https:\/\/restyling.exenia.eu\/es\/wp-json\/wp\/v2\/categoria-admin-prodotto?post=27064"}],"curies":[{"name":"wp","href":"https:\/\/api.w.org\/{rel}","templated":true}]}}